{"id":74879,"date":"2018-10-03T05:06:57","date_gmt":"2018-10-03T02:06:57","guid":{"rendered":"https:\/\/mmkserviss.lv\/katalogs\/uncategorized\/23565r17-joyr-rx818-riepa-104t-ar-radz\/"},"modified":"2022-12-07T13:55:32","modified_gmt":"2022-12-07T11:55:32","slug":"23565r17-joyr-rx818-riepa-104t-ar-radz","status":"publish","type":"product","link":"https:\/\/mmkriepas.lv\/en\/p\/23565r17-joyr-rx818-riepa-104t-ar-radz\/","title":{"rendered":"235\/65R17 Joyroad Winter RX818 104T ar radz\u0113m"},"content":{"rendered":"<p><strong>Joyroad Winter RX818<\/strong> ir rad\u017eojams ziemas riepu modelis, kas piem\u0113rots gan pla\u0161am krosoveru un apvidus auto kl\u0101stam, gan ar\u012b mazgabar\u012btu komerctransportam- mikroautobusiem un vieglajiem kravas auto. \u0160is modelis izce\u013cas ar teicamiem veiktsp\u0113jas r\u0101d\u012bt\u0101jiem skarbos ziemas apst\u0101k\u013cos, pateicoties virknei tehnisku risin\u0101jumu un iesp\u0113jai riep\u0101 iestr\u0101d\u0101t radzes. <span style=\"color: #ff0000;\">\u0160is modelis pieejams gan ar radz\u0113m, gan bez t\u0101m!<\/span><\/p>\n<p><strong>Joyroad RX818 galven\u0101s iez\u012bmes<\/strong><\/p>\n<p>+ Modelis, kas piem\u0113rots gan krosoveriem un apvidus auto, gan ar\u012b komerctransportam!<\/p>\n<p>+ Lieliska veiktsp\u0113ja pat dzi\u013c\u0101 snieg\u0101!<\/p>\n<p>+ Iesp\u0113ja protektor\u0101 ievietot radzes!<\/p>\n<p>+ Liels lame\u013cu skaits, kas uzlabo \u016bdens novadi no kontakta virsmas un sa\u0137eri ar apledoju\u0161\u0101m ce\u013ca virsm\u0101m!<\/p>\n<p><strong>Winter RX818 apr\u012bkojums<\/strong><\/p>\n<p>\u0160is ziemas riepu modelis apr\u012bkots ar snieg\u0101 efekt\u012bvo virz\u012bto protektora dizainu. V- veid\u0101 izvietotajos protektora blokos bl\u012bvi iestr\u0101d\u0101ti vair\u0101ki t\u016bksto\u0161i lame\u013cu, kuras vienlaikus pilda vair\u0101kas funkcijas. Pirmk\u0101rt, lameles krietni uzlabo sa\u0137eri ar ledu, ar as\u0101m kant\u0113m iec\u0113rtoties slidenaj\u0101 virsm\u0101. Otrk\u0101rt- lameles pal\u012bdz dren\u0101\u017eas kan\u0101liem novad\u012bt \u016bdeni no kontakta virsmas, to sausinot. Sausa sa\u0137eres virsma noz\u012bm\u0113 daudz lab\u0101ku sa\u0137eri ar ce\u013cu. Joyroad RX818 protektor\u0101 iesp\u0113jams iestr\u0101d\u0101t radzes, kas krietni uzlabos sa\u0137eri ar ledu, padarot \u0161o riepu modeli par izcilu sabiedroto c\u012b\u0146\u0101 ar apsnigu\u0161iem vai apledoju\u0161iem lauku vai me\u017ea ce\u013ciem.<\/p>\n<p><strong>Joyroad Winter RX818 <\/strong>mode\u013ca lieto\u0161anas dro\u0161\u012bbu ziemas laika apst\u0101k\u013cos un t\u0101 atbilst\u012bbu valst\u012bm ar oblig\u0101tu sezon\u0101lo riepu mai\u0146u apstiprina mar\u0137\u0113jums sniegp\u0101rslas form\u0101 uz kalna fona ar trim virsotn\u0113m (3PMSF).<\/p><\/p>\n","protected":false},"excerpt":{"rendered":"<p><strong>Joyroad Winter RX818<\/strong> ir rad\u017eojams ziemas riepu modelis, kas piem\u0113rots gan pla\u0161am krosoveru un apvidus auto kl\u0101stam, gan ar\u012b mazgabar\u012btu komerctransportam- mikroautobusiem un vieglajiem kravas auto. \u0160is modelis izce\u013cas ar teicamiem veiktsp\u0113jas r\u0101d\u012bt\u0101jiem skarbos ziemas apst\u0101k\u013cos, pateicoties virknei tehnisku risin\u0101jumu un iesp\u0113jai riep\u0101 iestr\u0101d\u0101t radzes. \u0160is modelis pieejams gan ar radz\u0113m, gan bez t\u0101m!<\/p>\n","protected":false},"featured_media":72339,"template":"","meta":{"_acf_changed":false,"ngg_post_thumbnail":0},"product_brand":[],"product_cat":[45,48],"product_tag":[19634],"class_list":{"0":"post-74879","1":"product","2":"type-product","3":"status-publish","4":"has-post-thumbnail","6":"product_cat-ziemas-riepas","7":"product_cat-ziemas-ar-radzem","8":"product_tag-mmk","10":"first","11":"instock","12":"sale","13":"taxable","14":"shipping-taxable","15":"product-type-simple"},"acf":[],"yoast_head":"<!-- This site is optimized with the Yoast SEO Premium plugin v22.6 (Yoast SEO v27.3) - https:\/\/yoast.com\/product\/yoast-seo-premium-wordpress\/ -->\n<title>235\/65R17 Joyroad Winter RX818 104T ar radz\u0113m &#8226; MMK Riepas<\/title>\n<meta name=\"description\" content=\"Joyroad RX818- ziemas riepas, kas rad\u012btas skarbiem ziemas apst\u0101k\u013ciem. Pieejama abos MMK Riepu Centros par vislab\u0101kaj\u0101m cen\u0101m.\" \/>\n<meta name=\"robots\" content=\"index, follow, max-snippet:-1, max-image-preview:large, max-video-preview:-1\" \/>\n<link rel=\"canonical\" href=\"https:\/\/mmkriepas.lv\/en\/p\/23565r17-joyr-rx818-riepa-104t-ar-radz\/\" \/>\n<meta property=\"og:locale\" content=\"en_US\" \/>\n<meta property=\"og:type\" content=\"article\" \/>\n<meta property=\"og:title\" content=\"235\/65R17 Joyroad Winter RX818 104T ar radz\u0113m\" \/>\n<meta property=\"og:description\" content=\"Joyroad RX818- ziemas riepas, kas rad\u012btas skarbiem ziemas apst\u0101k\u013ciem. Pieejama abos MMK Riepu Centros par vislab\u0101kaj\u0101m cen\u0101m.\" \/>\n<meta property=\"og:url\" content=\"https:\/\/mmkriepas.lv\/en\/p\/23565r17-joyr-rx818-riepa-104t-ar-radz\/\" \/>\n<meta property=\"og:site_name\" content=\"MMK Riepas\" \/>\n<meta property=\"article:publisher\" content=\"https:\/\/www.facebook.com\/mmkserviss\/\" \/>\n<meta property=\"article:modified_time\" content=\"2022-12-07T11:55:32+00:00\" \/>\n<meta property=\"og:image\" content=\"https:\/\/mmkriepas.lv\/wp-content\/uploads\/2018\/10\/20555r16-joyroad-winter-rx818-91t-ziemas-riepas.jpg\" \/>\n\t<meta property=\"og:image:width\" content=\"188\" \/>\n\t<meta property=\"og:image:height\" content=\"269\" \/>\n\t<meta property=\"og:image:type\" content=\"image\/jpeg\" \/>\n<meta name=\"twitter:card\" content=\"summary_large_image\" \/>\n<meta name=\"twitter:label1\" content=\"Price\" \/>\n\t<meta name=\"twitter:data1\" content=\"&euro;79.00\" \/>\n\t<meta name=\"twitter:label2\" content=\"Availability\" \/>\n\t<meta name=\"twitter:data2\" content=\"In stock\" \/>\n<script type=\"application\/ld+json\" class=\"yoast-schema-graph\">{\"@context\":\"https:\\\/\\\/schema.org\",\"@graph\":[{\"@type\":\"WebPage\",\"@id\":\"https:\\\/\\\/mmkriepas.lv\\\/en\\\/p\\\/23565r17-joyr-rx818-riepa-104t-ar-radz\\\/\",\"url\":\"https:\\\/\\\/mmkriepas.lv\\\/en\\\/p\\\/23565r17-joyr-rx818-riepa-104t-ar-radz\\\/\",\"name\":\"235\\\/65R17 Joyroad Winter RX818 104T ar radz\u0113m &#8226; MMK Riepas\",\"isPartOf\":{\"@id\":\"https:\\\/\\\/mmkriepas.lv\\\/en\\\/#website\"},\"primaryImageOfPage\":{\"@id\":\"https:\\\/\\\/mmkriepas.lv\\\/en\\\/p\\\/23565r17-joyr-rx818-riepa-104t-ar-radz\\\/#primaryimage\"},\"image\":{\"@id\":\"https:\\\/\\\/mmkriepas.lv\\\/en\\\/p\\\/23565r17-joyr-rx818-riepa-104t-ar-radz\\\/#primaryimage\"},\"thumbnailUrl\":\"https:\\\/\\\/mmkriepas.lv\\\/wp-content\\\/uploads\\\/2018\\\/10\\\/20555r16-joyroad-winter-rx818-91t-ziemas-riepas.jpg\",\"datePublished\":\"2018-10-03T02:06:57+00:00\",\"dateModified\":\"2022-12-07T11:55:32+00:00\",\"description\":\"Joyroad RX818- ziemas riepas, kas rad\u012btas skarbiem ziemas apst\u0101k\u013ciem. Pieejama abos MMK Riepu Centros par vislab\u0101kaj\u0101m cen\u0101m.\",\"breadcrumb\":{\"@id\":\"https:\\\/\\\/mmkriepas.lv\\\/en\\\/p\\\/23565r17-joyr-rx818-riepa-104t-ar-radz\\\/#breadcrumb\"},\"inLanguage\":\"en-US\",\"potentialAction\":[{\"@type\":\"ReadAction\",\"target\":[\"https:\\\/\\\/mmkriepas.lv\\\/en\\\/p\\\/23565r17-joyr-rx818-riepa-104t-ar-radz\\\/\"]}]},{\"@type\":\"ImageObject\",\"inLanguage\":\"en-US\",\"@id\":\"https:\\\/\\\/mmkriepas.lv\\\/en\\\/p\\\/23565r17-joyr-rx818-riepa-104t-ar-radz\\\/#primaryimage\",\"url\":\"https:\\\/\\\/mmkriepas.lv\\\/wp-content\\\/uploads\\\/2018\\\/10\\\/20555r16-joyroad-winter-rx818-91t-ziemas-riepas.jpg\",\"contentUrl\":\"https:\\\/\\\/mmkriepas.lv\\\/wp-content\\\/uploads\\\/2018\\\/10\\\/20555r16-joyroad-winter-rx818-91t-ziemas-riepas.jpg\",\"width\":188,\"height\":269,\"caption\":\"205\\\/55R16 Joyroad WINTER RX818 91T - Vissezonas riepas \\\/ Ziemas riepas\"},{\"@type\":\"BreadcrumbList\",\"@id\":\"https:\\\/\\\/mmkriepas.lv\\\/en\\\/p\\\/23565r17-joyr-rx818-riepa-104t-ar-radz\\\/#breadcrumb\",\"itemListElement\":[{\"@type\":\"ListItem\",\"position\":1,\"name\":\"S\u0101kums\",\"item\":\"https:\\\/\\\/mmkriepas.lv\\\/en\\\/\"},{\"@type\":\"ListItem\",\"position\":2,\"name\":\"235\\\/65R17 Joyroad Winter RX818 104T ar radz\u0113m\"}]},{\"@type\":\"WebSite\",\"@id\":\"https:\\\/\\\/mmkriepas.lv\\\/en\\\/#website\",\"url\":\"https:\\\/\\\/mmkriepas.lv\\\/en\\\/\",\"name\":\"MMK Riepas\",\"description\":\"MMK Riepas\",\"alternateName\":\"MMK Riepu Serviss\",\"potentialAction\":[{\"@type\":\"SearchAction\",\"target\":{\"@type\":\"EntryPoint\",\"urlTemplate\":\"https:\\\/\\\/mmkriepas.lv\\\/en\\\/?s={search_term_string}\"},\"query-input\":{\"@type\":\"PropertyValueSpecification\",\"valueRequired\":true,\"valueName\":\"search_term_string\"}}],\"inLanguage\":\"en-US\"},{\"@type\":\"ImageObject\",\"inLanguage\":\"en-US\",\"@id\":\"https:\\\/\\\/mmkriepas.lv\\\/en\\\/p\\\/23565r17-joyr-rx818-riepa-104t-ar-radz\\\/#local-main-organization-logo\",\"url\":\"\",\"contentUrl\":\"\",\"caption\":\"MMK Riepas\"}]}<\/script>\n<meta property=\"product:brand\" content=\"Joyroad RX818\" \/>\n<meta property=\"product:price:amount\" content=\"79.00\" \/>\n<meta property=\"product:price:currency\" content=\"EUR\" \/>\n<meta property=\"og:availability\" content=\"instock\" \/>\n<meta property=\"product:availability\" content=\"instock\" \/>\n<meta property=\"product:condition\" content=\"new\" \/>\n<!-- \/ Yoast SEO Premium plugin. -->","yoast_head_json":{"title":"235\/65R17 Joyroad Winter RX818 104T ar radz\u0113m &#8226; MMK Riepas","description":"Joyroad RX818- ziemas riepas, kas rad\u012btas skarbiem ziemas apst\u0101k\u013ciem. Pieejama abos MMK Riepu Centros par vislab\u0101kaj\u0101m cen\u0101m.","robots":{"index":"index","follow":"follow","max-snippet":"max-snippet:-1","max-image-preview":"max-image-preview:large","max-video-preview":"max-video-preview:-1"},"canonical":"https:\/\/mmkriepas.lv\/en\/p\/23565r17-joyr-rx818-riepa-104t-ar-radz\/","og_locale":"en_US","og_type":"article","og_title":"235\/65R17 Joyroad Winter RX818 104T ar radz\u0113m","og_description":"Joyroad RX818- ziemas riepas, kas rad\u012btas skarbiem ziemas apst\u0101k\u013ciem. Pieejama abos MMK Riepu Centros par vislab\u0101kaj\u0101m cen\u0101m.","og_url":"https:\/\/mmkriepas.lv\/en\/p\/23565r17-joyr-rx818-riepa-104t-ar-radz\/","og_site_name":"MMK Riepas","article_publisher":"https:\/\/www.facebook.com\/mmkserviss\/","article_modified_time":"2022-12-07T11:55:32+00:00","og_image":[{"width":188,"height":269,"url":"https:\/\/mmkriepas.lv\/wp-content\/uploads\/2018\/10\/20555r16-joyroad-winter-rx818-91t-ziemas-riepas.jpg","type":"image\/jpeg"}],"twitter_card":"summary_large_image","twitter_misc":{"Price":"&euro;79.00","Availability":"In stock"},"schema":{"@context":"https:\/\/schema.org","@graph":[{"@type":"WebPage","@id":"https:\/\/mmkriepas.lv\/en\/p\/23565r17-joyr-rx818-riepa-104t-ar-radz\/","url":"https:\/\/mmkriepas.lv\/en\/p\/23565r17-joyr-rx818-riepa-104t-ar-radz\/","name":"235\/65R17 Joyroad Winter RX818 104T ar radz\u0113m &#8226; MMK Riepas","isPartOf":{"@id":"https:\/\/mmkriepas.lv\/en\/#website"},"primaryImageOfPage":{"@id":"https:\/\/mmkriepas.lv\/en\/p\/23565r17-joyr-rx818-riepa-104t-ar-radz\/#primaryimage"},"image":{"@id":"https:\/\/mmkriepas.lv\/en\/p\/23565r17-joyr-rx818-riepa-104t-ar-radz\/#primaryimage"},"thumbnailUrl":"https:\/\/mmkriepas.lv\/wp-content\/uploads\/2018\/10\/20555r16-joyroad-winter-rx818-91t-ziemas-riepas.jpg","datePublished":"2018-10-03T02:06:57+00:00","dateModified":"2022-12-07T11:55:32+00:00","description":"Joyroad RX818- ziemas riepas, kas rad\u012btas skarbiem ziemas apst\u0101k\u013ciem. Pieejama abos MMK Riepu Centros par vislab\u0101kaj\u0101m cen\u0101m.","breadcrumb":{"@id":"https:\/\/mmkriepas.lv\/en\/p\/23565r17-joyr-rx818-riepa-104t-ar-radz\/#breadcrumb"},"inLanguage":"en-US","potentialAction":[{"@type":"ReadAction","target":["https:\/\/mmkriepas.lv\/en\/p\/23565r17-joyr-rx818-riepa-104t-ar-radz\/"]}]},{"@type":"ImageObject","inLanguage":"en-US","@id":"https:\/\/mmkriepas.lv\/en\/p\/23565r17-joyr-rx818-riepa-104t-ar-radz\/#primaryimage","url":"https:\/\/mmkriepas.lv\/wp-content\/uploads\/2018\/10\/20555r16-joyroad-winter-rx818-91t-ziemas-riepas.jpg","contentUrl":"https:\/\/mmkriepas.lv\/wp-content\/uploads\/2018\/10\/20555r16-joyroad-winter-rx818-91t-ziemas-riepas.jpg","width":188,"height":269,"caption":"205\/55R16 Joyroad WINTER RX818 91T - Vissezonas riepas \/ Ziemas riepas"},{"@type":"BreadcrumbList","@id":"https:\/\/mmkriepas.lv\/en\/p\/23565r17-joyr-rx818-riepa-104t-ar-radz\/#breadcrumb","itemListElement":[{"@type":"ListItem","position":1,"name":"S\u0101kums","item":"https:\/\/mmkriepas.lv\/en\/"},{"@type":"ListItem","position":2,"name":"235\/65R17 Joyroad Winter RX818 104T ar radz\u0113m"}]},{"@type":"WebSite","@id":"https:\/\/mmkriepas.lv\/en\/#website","url":"https:\/\/mmkriepas.lv\/en\/","name":"MMK Riepas","description":"MMK Riepas","alternateName":"MMK Riepu Serviss","potentialAction":[{"@type":"SearchAction","target":{"@type":"EntryPoint","urlTemplate":"https:\/\/mmkriepas.lv\/en\/?s={search_term_string}"},"query-input":{"@type":"PropertyValueSpecification","valueRequired":true,"valueName":"search_term_string"}}],"inLanguage":"en-US"},{"@type":"ImageObject","inLanguage":"en-US","@id":"https:\/\/mmkriepas.lv\/en\/p\/23565r17-joyr-rx818-riepa-104t-ar-radz\/#local-main-organization-logo","url":"","contentUrl":"","caption":"MMK Riepas"}]},"product_brand":"Joyroad RX818","product_price_amount":"79.00","product_price_currency":"EUR","og_availability":"instock","product_availability":"instock","product_condition":"new"},"_links":{"self":[{"href":"https:\/\/mmkriepas.lv\/en\/wp-json\/wp\/v2\/product\/74879","targetHints":{"allow":["GET"]}}],"collection":[{"href":"https:\/\/mmkriepas.lv\/en\/wp-json\/wp\/v2\/product"}],"about":[{"href":"https:\/\/mmkriepas.lv\/en\/wp-json\/wp\/v2\/types\/product"}],"wp:featuredmedia":[{"embeddable":true,"href":"https:\/\/mmkriepas.lv\/en\/wp-json\/wp\/v2\/media\/72339"}],"wp:attachment":[{"href":"https:\/\/mmkriepas.lv\/en\/wp-json\/wp\/v2\/media?parent=74879"}],"wp:term":[{"taxonomy":"product_brand","embeddable":true,"href":"https:\/\/mmkriepas.lv\/en\/wp-json\/wp\/v2\/product_brand?post=74879"},{"taxonomy":"product_cat","embeddable":true,"href":"https:\/\/mmkriepas.lv\/en\/wp-json\/wp\/v2\/product_cat?post=74879"},{"taxonomy":"product_tag","embeddable":true,"href":"https:\/\/mmkriepas.lv\/en\/wp-json\/wp\/v2\/product_tag?post=74879"}],"curies":[{"name":"wp","href":"https:\/\/api.w.org\/{rel}","templated":true}]}}