{"id":746859,"date":"2023-06-02T11:36:03","date_gmt":"2023-06-02T08:36:03","guid":{"rendered":"https:\/\/mmkserviss.lv\/?post_type=product&#038;p=746859"},"modified":"2026-01-08T22:16:02","modified_gmt":"2026-01-08T20:16:02","slug":"315-35r20-royal-black-royal-winter-110v-xl","status":"publish","type":"product","link":"https:\/\/mmkriepas.lv\/en\/p\/315-35r20-royal-black-royal-winter-110v-xl\/","title":{"rendered":"315\/35R20 Royal Black Royal Winter 110V XL"},"content":{"rendered":"<p><span style=\"font-family: arial, helvetica, sans-serif;\"><b>Royal Black Royal Winter<\/b><span style=\"font-weight: 400;\"> ir ziemas riepu modelis, kas paredz\u0113ts vieglajam autotransportam. Tas izce\u013cas ar \u012bpa\u0161u asimetrisko protektora rakstu un augst\u0101m veiktsp\u0113jas \u012bpa\u0161\u012bb\u0101m uz apledoju\u0161iem un apsnigu\u0161iem ce\u013ciem, k\u0101 ar\u012b gludu, komfortablu un ekonomisku gaitu.<\/span><\/span><\/p>\n<h3><span style=\"font-family: arial, helvetica, sans-serif;\"><b>Royal Black Royal Winter galven\u0101s iez\u012bmes<\/b><\/span><\/h3>\n<ul>\n<li style=\"font-weight: 400;\"><span style=\"font-weight: 400; font-family: arial, helvetica, sans-serif;\">Palielin\u0101ta ilgtsp\u0113ja!<\/span><\/li>\n<li style=\"font-weight: 400;\"><span style=\"font-weight: 400; font-family: arial, helvetica, sans-serif;\">\u0160is modelis lieliski adapt\u0113jas da\u017e\u0101diem brauk\u0161anas apst\u0101k\u013ciem un \u0101trumiem!<\/span><\/li>\n<li style=\"font-weight: 400;\"><span style=\"font-weight: 400; font-family: arial, helvetica, sans-serif;\">Vair\u0101ki t\u016bksto\u0161i lame\u013cu uzlabo sa\u0137eri ar pat vissliden\u0101kaj\u0101m ce\u013ca virsm\u0101m.<\/span><\/li>\n<li style=\"font-weight: 400;\"><span style=\"font-weight: 400; font-family: arial, helvetica, sans-serif;\">Z\u0101\u0123veida dren\u0101\u017eas kan\u0101li uzlabo veiktsp\u0113ju snieg\u0101!<\/span><\/li>\n<li style=\"font-weight: 400;\"><span style=\"font-family: arial, helvetica, sans-serif;\"><strong>Degvielas ekonomija!<\/strong><\/span><\/li>\n<li style=\"font-weight: 400;\"><span style=\"font-weight: 400; font-family: arial, helvetica, sans-serif;\">Laba cenas\/veiktsp\u0113jas attiec\u012bba!<\/span><\/li>\n<\/ul>\n<h3><span style=\"font-family: arial, helvetica, sans-serif;\"><b>\u012apa\u0161ais Royal Winter gumijas mais\u012bjums<\/b><\/span><\/h3>\n<p><span style=\"font-weight: 400; font-family: arial, helvetica, sans-serif;\">Royal Black Royal Winter riepa darin\u0101ta no gumijas mais\u012bjuma, kas bag\u0101tin\u0101ts ar sil\u012bciju, padarot riepu elast\u012bgu un liekot tai elast\u012bbu saglab\u0101t pla\u0161\u0101 temperat\u016bru diapazon\u0101. Turkl\u0101t, riepa palikusi ar\u012b nodilumiztur\u012bg\u0101ka un ar to var\u0113siet p\u0101rvietoties par l\u012bdz pat 15% ilg\u0101k. Elast\u012bga riepa daudz lab\u0101k veido sa\u0137eri ar ce\u013ca virsmu.<\/span><\/p>\n<h3><span style=\"font-family: arial, helvetica, sans-serif;\"><b>Royal Winter ziemas riepas apr\u012bkojums<\/b><\/span><\/h3>\n<p><span style=\"font-family: arial, helvetica, sans-serif;\"><span style=\"font-weight: 400;\">Ar vair\u0101kiem t\u016bksto\u0161iem bl\u012bvi izvietotu lame\u013cu apbru\u0146otie protektora bloki izvietoti asimetrisk\u0101 stil\u0101. Tas dar\u012bts ar m\u0113r\u0137i brauciena gaitu padar\u012bt klus\u0101ku un ekonomisk\u0101ku. Starp protektora bloku virkn\u0113m atrodas platas dren\u0101\u017eas rievas, kuras izcili tiek gal\u0101 ar sniega un \u016bdens novadi, sausinot kontakta virsmu.<\/span> <\/span><\/p>\n<p><span style=\"font-family: arial, helvetica, sans-serif;\"><b>Royal Black Royal Winter<\/b><span style=\"font-weight: 400;\"> mode\u013ca lieto\u0161anas dro\u0161\u012bbu ziemas laika apst\u0101k\u013cos un t\u0101 atbilst\u012bbu valst\u012bm ar oblig\u0101tu sezon\u0101lo riepu mai\u0146u apstiprina mar\u0137\u0113jums sniegp\u0101rslas form\u0101 uz kalna fona ar trim virsotn\u0113m (3PMSF).<\/span><\/span><\/p>\n","protected":false},"excerpt":{"rendered":"<p style=\"margin: 12.0pt 0cm 12.0pt 0cm;\"><span style=\"font-family: arial, helvetica, sans-serif;\"><b><span style=\"font-size: 11pt; color: black;\">Royal Black Royal Winter<\/span><\/b><span style=\"font-size: 11pt; color: black;\"> ir ziemas riepu modelis, kas paredz\u0113ts vieglajam autotransportam. Tas izce\u013cas ar \u012bpa\u0161u asimetrisko protektora rakstu un augst\u0101m veiktsp\u0113jas \u012bpa\u0161\u012bb\u0101m uz apledoju\u0161iem un apsnigu\u0161iem ce\u013ciem, k\u0101 ar\u012b gludu, komfortablu un <b>ekonomisku<\/b> gaitu.<\/span><\/span><o:p><\/o:p><\/p>\n","protected":false},"featured_media":906596,"template":"","meta":{"_acf_changed":false,"ngg_post_thumbnail":0},"product_brand":[],"product_cat":[47,45],"product_tag":[],"class_list":{"0":"post-746859","1":"product","2":"type-product","3":"status-publish","4":"has-post-thumbnail","6":"product_cat-vissezonas-riepas","7":"product_cat-ziemas-riepas","9":"first","10":"outofstock","11":"sale","12":"taxable","13":"shipping-taxable","14":"product-type-simple"},"acf":[],"yoast_head":"<!-- This site is optimized with the Yoast SEO Premium plugin v22.6 (Yoast SEO v27.3) - https:\/\/yoast.com\/product\/yoast-seo-premium-wordpress\/ -->\n<title>315\/35R20 Royal Black Royal Winter 110V XL &#8226; MMK Riepas<\/title>\n<meta name=\"description\" content=\"Royal Black Royal Winter- ar asimetrisko protektora rakstu apr\u012bkota ziemas riepa! MMK riepu centros, visos izm\u0113ros, par vislab\u0101ko cenu!\" \/>\n<meta name=\"robots\" content=\"index, follow, max-snippet:-1, max-image-preview:large, max-video-preview:-1\" \/>\n<link rel=\"canonical\" href=\"https:\/\/mmkriepas.lv\/en\/p\/315-35r20-royal-black-royal-winter-110v-xl\/\" \/>\n<meta property=\"og:locale\" content=\"en_US\" \/>\n<meta property=\"og:type\" content=\"article\" \/>\n<meta property=\"og:title\" content=\"315\/35R20 Royal Black Royal Winter 110V XL\" \/>\n<meta property=\"og:description\" content=\"Royal Black Royal Winter- ar asimetrisko protektora rakstu apr\u012bkota ziemas riepa! MMK riepu centros, visos izm\u0113ros, par vislab\u0101ko cenu!\" \/>\n<meta property=\"og:url\" content=\"https:\/\/mmkriepas.lv\/en\/p\/315-35r20-royal-black-royal-winter-110v-xl\/\" \/>\n<meta property=\"og:site_name\" content=\"MMK Riepas\" \/>\n<meta property=\"article:publisher\" content=\"https:\/\/www.facebook.com\/mmkserviss\/\" \/>\n<meta property=\"article:modified_time\" content=\"2026-01-08T20:16:02+00:00\" \/>\n<meta property=\"og:image\" content=\"https:\/\/mmkriepas.lv\/wp-content\/uploads\/2024\/05\/royal-black-royal-winter.jpg\" \/>\n\t<meta property=\"og:image:width\" content=\"900\" \/>\n\t<meta property=\"og:image:height\" content=\"720\" \/>\n\t<meta property=\"og:image:type\" content=\"image\/jpeg\" \/>\n<meta name=\"twitter:card\" content=\"summary_large_image\" \/>\n<meta name=\"twitter:label1\" content=\"Price\" \/>\n\t<meta name=\"twitter:data1\" content=\"&euro;88.00\" \/>\n\t<meta name=\"twitter:label2\" content=\"Availability\" \/>\n\t<meta name=\"twitter:data2\" content=\"Out of stock\" \/>\n<script type=\"application\/ld+json\" class=\"yoast-schema-graph\">{\"@context\":\"https:\\\/\\\/schema.org\",\"@graph\":[{\"@type\":\"WebPage\",\"@id\":\"https:\\\/\\\/mmkriepas.lv\\\/en\\\/p\\\/315-35r20-royal-black-royal-winter-110v-xl\\\/\",\"url\":\"https:\\\/\\\/mmkriepas.lv\\\/en\\\/p\\\/315-35r20-royal-black-royal-winter-110v-xl\\\/\",\"name\":\"315\\\/35R20 Royal Black Royal Winter 110V XL &#8226; MMK Riepas\",\"isPartOf\":{\"@id\":\"https:\\\/\\\/mmkriepas.lv\\\/en\\\/#website\"},\"primaryImageOfPage\":{\"@id\":\"https:\\\/\\\/mmkriepas.lv\\\/en\\\/p\\\/315-35r20-royal-black-royal-winter-110v-xl\\\/#primaryimage\"},\"image\":{\"@id\":\"https:\\\/\\\/mmkriepas.lv\\\/en\\\/p\\\/315-35r20-royal-black-royal-winter-110v-xl\\\/#primaryimage\"},\"thumbnailUrl\":\"https:\\\/\\\/mmkriepas.lv\\\/wp-content\\\/uploads\\\/2024\\\/05\\\/royal-black-royal-winter.jpg\",\"datePublished\":\"2023-06-02T08:36:03+00:00\",\"dateModified\":\"2026-01-08T20:16:02+00:00\",\"description\":\"Royal Black Royal Winter- ar asimetrisko protektora rakstu apr\u012bkota ziemas riepa! MMK riepu centros, visos izm\u0113ros, par vislab\u0101ko cenu!\",\"breadcrumb\":{\"@id\":\"https:\\\/\\\/mmkriepas.lv\\\/en\\\/p\\\/315-35r20-royal-black-royal-winter-110v-xl\\\/#breadcrumb\"},\"inLanguage\":\"en-US\",\"potentialAction\":[{\"@type\":\"ReadAction\",\"target\":[\"https:\\\/\\\/mmkriepas.lv\\\/en\\\/p\\\/315-35r20-royal-black-royal-winter-110v-xl\\\/\"]}]},{\"@type\":\"ImageObject\",\"inLanguage\":\"en-US\",\"@id\":\"https:\\\/\\\/mmkriepas.lv\\\/en\\\/p\\\/315-35r20-royal-black-royal-winter-110v-xl\\\/#primaryimage\",\"url\":\"https:\\\/\\\/mmkriepas.lv\\\/wp-content\\\/uploads\\\/2024\\\/05\\\/royal-black-royal-winter.jpg\",\"contentUrl\":\"https:\\\/\\\/mmkriepas.lv\\\/wp-content\\\/uploads\\\/2024\\\/05\\\/royal-black-royal-winter.jpg\",\"width\":900,\"height\":720,\"caption\":\"MAIN\"},{\"@type\":\"BreadcrumbList\",\"@id\":\"https:\\\/\\\/mmkriepas.lv\\\/en\\\/p\\\/315-35r20-royal-black-royal-winter-110v-xl\\\/#breadcrumb\",\"itemListElement\":[{\"@type\":\"ListItem\",\"position\":1,\"name\":\"S\u0101kums\",\"item\":\"https:\\\/\\\/mmkriepas.lv\\\/en\\\/\"},{\"@type\":\"ListItem\",\"position\":2,\"name\":\"315\\\/35R20 Royal Black Royal Winter 110V XL\"}]},{\"@type\":\"WebSite\",\"@id\":\"https:\\\/\\\/mmkriepas.lv\\\/en\\\/#website\",\"url\":\"https:\\\/\\\/mmkriepas.lv\\\/en\\\/\",\"name\":\"MMK Riepas\",\"description\":\"MMK Riepas\",\"alternateName\":\"MMK Riepu Serviss\",\"potentialAction\":[{\"@type\":\"SearchAction\",\"target\":{\"@type\":\"EntryPoint\",\"urlTemplate\":\"https:\\\/\\\/mmkriepas.lv\\\/en\\\/?s={search_term_string}\"},\"query-input\":{\"@type\":\"PropertyValueSpecification\",\"valueRequired\":true,\"valueName\":\"search_term_string\"}}],\"inLanguage\":\"en-US\"},{\"@type\":\"ImageObject\",\"inLanguage\":\"en-US\",\"@id\":\"https:\\\/\\\/mmkriepas.lv\\\/en\\\/p\\\/315-35r20-royal-black-royal-winter-110v-xl\\\/#local-main-organization-logo\",\"url\":\"\",\"contentUrl\":\"\",\"caption\":\"MMK Riepas\"}]}<\/script>\n<meta property=\"product:brand\" content=\"Royal Black Royal Winter\" \/>\n<meta property=\"product:price:amount\" content=\"88.00\" \/>\n<meta property=\"product:price:currency\" content=\"EUR\" \/>\n<meta property=\"og:availability\" content=\"out of stock\" \/>\n<meta property=\"product:availability\" content=\"out of stock\" \/>\n<meta property=\"product:retailer_item_id\" content=\"TW3153520ROYAL-26861\" \/>\n<meta property=\"product:condition\" content=\"new\" \/>\n<!-- \/ Yoast SEO Premium plugin. -->","yoast_head_json":{"title":"315\/35R20 Royal Black Royal Winter 110V XL &#8226; MMK Riepas","description":"Royal Black Royal Winter- ar asimetrisko protektora rakstu apr\u012bkota ziemas riepa! MMK riepu centros, visos izm\u0113ros, par vislab\u0101ko cenu!","robots":{"index":"index","follow":"follow","max-snippet":"max-snippet:-1","max-image-preview":"max-image-preview:large","max-video-preview":"max-video-preview:-1"},"canonical":"https:\/\/mmkriepas.lv\/en\/p\/315-35r20-royal-black-royal-winter-110v-xl\/","og_locale":"en_US","og_type":"article","og_title":"315\/35R20 Royal Black Royal Winter 110V XL","og_description":"Royal Black Royal Winter- ar asimetrisko protektora rakstu apr\u012bkota ziemas riepa! MMK riepu centros, visos izm\u0113ros, par vislab\u0101ko cenu!","og_url":"https:\/\/mmkriepas.lv\/en\/p\/315-35r20-royal-black-royal-winter-110v-xl\/","og_site_name":"MMK Riepas","article_publisher":"https:\/\/www.facebook.com\/mmkserviss\/","article_modified_time":"2026-01-08T20:16:02+00:00","og_image":[{"width":900,"height":720,"url":"https:\/\/mmkriepas.lv\/wp-content\/uploads\/2024\/05\/royal-black-royal-winter.jpg","type":"image\/jpeg"}],"twitter_card":"summary_large_image","twitter_misc":{"Price":"&euro;88.00","Availability":"Out of stock"},"schema":{"@context":"https:\/\/schema.org","@graph":[{"@type":"WebPage","@id":"https:\/\/mmkriepas.lv\/en\/p\/315-35r20-royal-black-royal-winter-110v-xl\/","url":"https:\/\/mmkriepas.lv\/en\/p\/315-35r20-royal-black-royal-winter-110v-xl\/","name":"315\/35R20 Royal Black Royal Winter 110V XL &#8226; MMK Riepas","isPartOf":{"@id":"https:\/\/mmkriepas.lv\/en\/#website"},"primaryImageOfPage":{"@id":"https:\/\/mmkriepas.lv\/en\/p\/315-35r20-royal-black-royal-winter-110v-xl\/#primaryimage"},"image":{"@id":"https:\/\/mmkriepas.lv\/en\/p\/315-35r20-royal-black-royal-winter-110v-xl\/#primaryimage"},"thumbnailUrl":"https:\/\/mmkriepas.lv\/wp-content\/uploads\/2024\/05\/royal-black-royal-winter.jpg","datePublished":"2023-06-02T08:36:03+00:00","dateModified":"2026-01-08T20:16:02+00:00","description":"Royal Black Royal Winter- ar asimetrisko protektora rakstu apr\u012bkota ziemas riepa! MMK riepu centros, visos izm\u0113ros, par vislab\u0101ko cenu!","breadcrumb":{"@id":"https:\/\/mmkriepas.lv\/en\/p\/315-35r20-royal-black-royal-winter-110v-xl\/#breadcrumb"},"inLanguage":"en-US","potentialAction":[{"@type":"ReadAction","target":["https:\/\/mmkriepas.lv\/en\/p\/315-35r20-royal-black-royal-winter-110v-xl\/"]}]},{"@type":"ImageObject","inLanguage":"en-US","@id":"https:\/\/mmkriepas.lv\/en\/p\/315-35r20-royal-black-royal-winter-110v-xl\/#primaryimage","url":"https:\/\/mmkriepas.lv\/wp-content\/uploads\/2024\/05\/royal-black-royal-winter.jpg","contentUrl":"https:\/\/mmkriepas.lv\/wp-content\/uploads\/2024\/05\/royal-black-royal-winter.jpg","width":900,"height":720,"caption":"MAIN"},{"@type":"BreadcrumbList","@id":"https:\/\/mmkriepas.lv\/en\/p\/315-35r20-royal-black-royal-winter-110v-xl\/#breadcrumb","itemListElement":[{"@type":"ListItem","position":1,"name":"S\u0101kums","item":"https:\/\/mmkriepas.lv\/en\/"},{"@type":"ListItem","position":2,"name":"315\/35R20 Royal Black Royal Winter 110V XL"}]},{"@type":"WebSite","@id":"https:\/\/mmkriepas.lv\/en\/#website","url":"https:\/\/mmkriepas.lv\/en\/","name":"MMK Riepas","description":"MMK Riepas","alternateName":"MMK Riepu Serviss","potentialAction":[{"@type":"SearchAction","target":{"@type":"EntryPoint","urlTemplate":"https:\/\/mmkriepas.lv\/en\/?s={search_term_string}"},"query-input":{"@type":"PropertyValueSpecification","valueRequired":true,"valueName":"search_term_string"}}],"inLanguage":"en-US"},{"@type":"ImageObject","inLanguage":"en-US","@id":"https:\/\/mmkriepas.lv\/en\/p\/315-35r20-royal-black-royal-winter-110v-xl\/#local-main-organization-logo","url":"","contentUrl":"","caption":"MMK Riepas"}]},"product_brand":"Royal Black Royal Winter","product_price_amount":"88.00","product_price_currency":"EUR","og_availability":"out of stock","product_availability":"out of stock","product_retailer_item_id":"TW3153520ROYAL-26861","product_condition":"new"},"_links":{"self":[{"href":"https:\/\/mmkriepas.lv\/en\/wp-json\/wp\/v2\/product\/746859","targetHints":{"allow":["GET"]}}],"collection":[{"href":"https:\/\/mmkriepas.lv\/en\/wp-json\/wp\/v2\/product"}],"about":[{"href":"https:\/\/mmkriepas.lv\/en\/wp-json\/wp\/v2\/types\/product"}],"wp:featuredmedia":[{"embeddable":true,"href":"https:\/\/mmkriepas.lv\/en\/wp-json\/wp\/v2\/media\/906596"}],"wp:attachment":[{"href":"https:\/\/mmkriepas.lv\/en\/wp-json\/wp\/v2\/media?parent=746859"}],"wp:term":[{"taxonomy":"product_brand","embeddable":true,"href":"https:\/\/mmkriepas.lv\/en\/wp-json\/wp\/v2\/product_brand?post=746859"},{"taxonomy":"product_cat","embeddable":true,"href":"https:\/\/mmkriepas.lv\/en\/wp-json\/wp\/v2\/product_cat?post=746859"},{"taxonomy":"product_tag","embeddable":true,"href":"https:\/\/mmkriepas.lv\/en\/wp-json\/wp\/v2\/product_tag?post=746859"}],"curies":[{"name":"wp","href":"https:\/\/api.w.org\/{rel}","templated":true}]}}