{"id":746161,"date":"2023-06-01T18:17:01","date_gmt":"2023-06-01T15:17:01","guid":{"rendered":"https:\/\/mmkserviss.lv\/?post_type=product&#038;p=746161"},"modified":"2025-02-13T00:41:47","modified_gmt":"2025-02-12T22:41:47","slug":"215-65r16c-lanvigator-wintergrip-van-109-107r","status":"publish","type":"product","link":"https:\/\/mmkriepas.lv\/en\/p\/215-65r16c-lanvigator-wintergrip-van-109-107r\/","title":{"rendered":"215\/65R16C Lanvigator Wintergrip Van 109\/107R"},"content":{"rendered":"<p><strong>Lanvigator Wintergrip Van <\/strong>ir vissezonas\/ziemas komerctransporta jeb c indeksa riepu modelis. Tas izce\u013cas ar paaugstin\u0101tu kravnes\u012bbu, nodilumiztur\u012bbu un dro\u0161\u012bbas l\u012bmeni visda\u017e\u0101d\u0101kajos brauk\u0161anas apst\u0101k\u013cos.<\/p>\n<h3><strong>Wintergrip Van galven\u0101s iez\u012bmes<\/strong><\/h3>\n<p>+ Paaugstin\u0101ti kravnes\u012bbas indeksi \u013cauj p\u0101rvad\u0101t smag\u0101kas kravas intens\u012bvos ekspluat\u0101cijas apst\u0101k\u013cos,<\/p>\n<p>+ Degvielas ekonomija,<\/p>\n<p>+ Palielin\u0101ta nodilumiztur\u012bba,<\/p>\n<p>+ Asas s\u0101nu kantes un lamel\u0113ti, mas\u012bvi protektora bloki uzlabo sa\u0137eres \u012bpa\u0161\u012bbas skarbos ziemas apst\u0101k\u013cos, un braucot pa grants vai me\u017ea ce\u013ciem.<\/p>\n<p>+ Izcila cenas un veiktsp\u0113jas attiec\u012bba.<\/p>\n<h3><strong>Wintergrip Van apr\u012bkojums<\/strong><\/h3>\n<p><strong>Lanvigator Wintergrip Van <\/strong>komerctransporta riepas apr\u012bkotas ar c indeksa riep\u0101m rakstur\u012bgo un desmitgad\u0113m ilgi p\u0101rbaud\u012bto simetrisko protektora rakstu. Mas\u012bvajos, simetriski izvietotajos protektora blokos, da\u017e\u0101dos virzienos bl\u012bvi izvietotas lameles. T\u0101s, tand\u0113m\u0101 ar as\u0101m s\u0101nu kant\u0113m, izcili veido sa\u0137eri un uzlabo manevr\u0113tsp\u0113ju, c\u012b\u0146\u0101 ar skarbiem ziemas apst\u0101k\u013ciem &#8211; net\u012br\u012btiem vai apledoju\u0161iem ce\u013ca posmiem.<\/p>\n<p><strong>Lanvigator Wintergrip Van <\/strong>pamat\u0101 izmantots \u012bpa\u0161i iztur\u012bgs un kravnes\u012bgs karkass. Tas papildin\u0101ts ar ekstra kordu jeb brekera sl\u0101\u0146iem, \u013caujot p\u0101rvad\u0101t smagas kravas intens\u012bvas ekspluat\u0101cijas apst\u0101k\u013cos. Riepas karkass iet\u0113rpts nodilumiztur\u012bg\u0101 un elast\u012bg\u0101 gumijas sakaus\u0113jum\u0101, uzlabojot riepas ilgtsp\u0113j\u012bbu un dro\u0161\u012bbu pla\u0161\u0101 temperat\u016bru diapazon\u0101.<\/p>\n","protected":false},"excerpt":{"rendered":"<p><strong>Lanvigator Wintergrip Van <\/strong>ir vissezonas\/ziemas komerctransporta jeb c indeksa riepu modelis. Tas izce\u013cas ar paaugstin\u0101tu kravnes\u012bbu, nodilumiztur\u012bbu un dro\u0161\u012bbas l\u012bmeni visda\u017e\u0101d\u0101kajos brauk\u0161anas apst\u0101k\u013cos.<\/p>\n","protected":false},"featured_media":314407,"template":"","meta":{"_acf_changed":false,"ngg_post_thumbnail":0},"product_brand":[],"product_cat":[47,45],"product_tag":[],"class_list":{"0":"post-746161","1":"product","2":"type-product","3":"status-publish","4":"has-post-thumbnail","6":"product_cat-vissezonas-riepas","7":"product_cat-ziemas-riepas","9":"first","10":"outofstock","11":"sale","12":"taxable","13":"shipping-taxable","14":"product-type-simple"},"acf":[],"yoast_head":"<!-- This site is optimized with the Yoast SEO Premium plugin v22.6 (Yoast SEO v27.3) - https:\/\/yoast.com\/product\/yoast-seo-premium-wordpress\/ -->\n<title>215\/65R16C Lanvigator Wintergrip Van 109\/107R &#8226; MMK Riepas<\/title>\n<meta name=\"description\" content=\"Lanvigator Wintergrip Van ir vissezonas\/ziemas komerctransporta jeb c indeksa riepu modelis\" \/>\n<meta name=\"robots\" content=\"index, follow, max-snippet:-1, max-image-preview:large, max-video-preview:-1\" \/>\n<link rel=\"canonical\" href=\"https:\/\/mmkriepas.lv\/en\/p\/215-65r16c-lanvigator-wintergrip-van-109-107r\/\" \/>\n<meta property=\"og:locale\" content=\"en_US\" \/>\n<meta property=\"og:type\" content=\"article\" \/>\n<meta property=\"og:title\" content=\"215\/65R16C Lanvigator Wintergrip Van 109\/107R\" \/>\n<meta property=\"og:description\" content=\"Lanvigator Wintergrip Van ir vissezonas\/ziemas komerctransporta jeb c indeksa riepu modelis\" \/>\n<meta property=\"og:url\" content=\"https:\/\/mmkriepas.lv\/en\/p\/215-65r16c-lanvigator-wintergrip-van-109-107r\/\" \/>\n<meta property=\"og:site_name\" content=\"MMK Riepas\" \/>\n<meta property=\"article:publisher\" content=\"https:\/\/www.facebook.com\/mmkserviss\/\" \/>\n<meta property=\"article:modified_time\" content=\"2025-02-12T22:41:47+00:00\" \/>\n<meta property=\"og:image\" content=\"https:\/\/mmkriepas.lv\/wp-content\/uploads\/2022\/09\/19560r16c-lanvigator-wintergrip-van-9997t-ziemas-riepas.jpg\" \/>\n\t<meta property=\"og:image:width\" content=\"1920\" \/>\n\t<meta property=\"og:image:height\" content=\"1277\" \/>\n\t<meta property=\"og:image:type\" content=\"image\/jpeg\" \/>\n<meta name=\"twitter:card\" content=\"summary_large_image\" \/>\n<meta name=\"twitter:label1\" content=\"Price\" \/>\n\t<meta name=\"twitter:data1\" content=\"&euro;72.00\" \/>\n\t<meta name=\"twitter:label2\" content=\"Availability\" \/>\n\t<meta name=\"twitter:data2\" content=\"Out of stock\" \/>\n<script type=\"application\/ld+json\" class=\"yoast-schema-graph\">{\"@context\":\"https:\\\/\\\/schema.org\",\"@graph\":[{\"@type\":\"WebPage\",\"@id\":\"https:\\\/\\\/mmkriepas.lv\\\/en\\\/p\\\/215-65r16c-lanvigator-wintergrip-van-109-107r\\\/\",\"url\":\"https:\\\/\\\/mmkriepas.lv\\\/en\\\/p\\\/215-65r16c-lanvigator-wintergrip-van-109-107r\\\/\",\"name\":\"215\\\/65R16C Lanvigator Wintergrip Van 109\\\/107R &#8226; MMK Riepas\",\"isPartOf\":{\"@id\":\"https:\\\/\\\/mmkriepas.lv\\\/en\\\/#website\"},\"primaryImageOfPage\":{\"@id\":\"https:\\\/\\\/mmkriepas.lv\\\/en\\\/p\\\/215-65r16c-lanvigator-wintergrip-van-109-107r\\\/#primaryimage\"},\"image\":{\"@id\":\"https:\\\/\\\/mmkriepas.lv\\\/en\\\/p\\\/215-65r16c-lanvigator-wintergrip-van-109-107r\\\/#primaryimage\"},\"thumbnailUrl\":\"https:\\\/\\\/mmkriepas.lv\\\/wp-content\\\/uploads\\\/2022\\\/09\\\/19560r16c-lanvigator-wintergrip-van-9997t-ziemas-riepas.jpg\",\"datePublished\":\"2023-06-01T15:17:01+00:00\",\"dateModified\":\"2025-02-12T22:41:47+00:00\",\"description\":\"Lanvigator Wintergrip Van ir vissezonas\\\/ziemas komerctransporta jeb c indeksa riepu modelis\",\"breadcrumb\":{\"@id\":\"https:\\\/\\\/mmkriepas.lv\\\/en\\\/p\\\/215-65r16c-lanvigator-wintergrip-van-109-107r\\\/#breadcrumb\"},\"inLanguage\":\"en-US\",\"potentialAction\":[{\"@type\":\"ReadAction\",\"target\":[\"https:\\\/\\\/mmkriepas.lv\\\/en\\\/p\\\/215-65r16c-lanvigator-wintergrip-van-109-107r\\\/\"]}]},{\"@type\":\"ImageObject\",\"inLanguage\":\"en-US\",\"@id\":\"https:\\\/\\\/mmkriepas.lv\\\/en\\\/p\\\/215-65r16c-lanvigator-wintergrip-van-109-107r\\\/#primaryimage\",\"url\":\"https:\\\/\\\/mmkriepas.lv\\\/wp-content\\\/uploads\\\/2022\\\/09\\\/19560r16c-lanvigator-wintergrip-van-9997t-ziemas-riepas.jpg\",\"contentUrl\":\"https:\\\/\\\/mmkriepas.lv\\\/wp-content\\\/uploads\\\/2022\\\/09\\\/19560r16c-lanvigator-wintergrip-van-9997t-ziemas-riepas.jpg\",\"width\":1920,\"height\":1277,\"caption\":\"MAIN\"},{\"@type\":\"BreadcrumbList\",\"@id\":\"https:\\\/\\\/mmkriepas.lv\\\/en\\\/p\\\/215-65r16c-lanvigator-wintergrip-van-109-107r\\\/#breadcrumb\",\"itemListElement\":[{\"@type\":\"ListItem\",\"position\":1,\"name\":\"S\u0101kums\",\"item\":\"https:\\\/\\\/mmkriepas.lv\\\/en\\\/\"},{\"@type\":\"ListItem\",\"position\":2,\"name\":\"215\\\/65R16C Lanvigator Wintergrip Van 109\\\/107R\"}]},{\"@type\":\"WebSite\",\"@id\":\"https:\\\/\\\/mmkriepas.lv\\\/en\\\/#website\",\"url\":\"https:\\\/\\\/mmkriepas.lv\\\/en\\\/\",\"name\":\"MMK Riepas\",\"description\":\"MMK Riepas\",\"alternateName\":\"MMK Riepu Serviss\",\"potentialAction\":[{\"@type\":\"SearchAction\",\"target\":{\"@type\":\"EntryPoint\",\"urlTemplate\":\"https:\\\/\\\/mmkriepas.lv\\\/en\\\/?s={search_term_string}\"},\"query-input\":{\"@type\":\"PropertyValueSpecification\",\"valueRequired\":true,\"valueName\":\"search_term_string\"}}],\"inLanguage\":\"en-US\"},{\"@type\":\"ImageObject\",\"inLanguage\":\"en-US\",\"@id\":\"https:\\\/\\\/mmkriepas.lv\\\/en\\\/p\\\/215-65r16c-lanvigator-wintergrip-van-109-107r\\\/#local-main-organization-logo\",\"url\":\"\",\"contentUrl\":\"\",\"caption\":\"MMK Riepas\"}]}<\/script>\n<meta property=\"product:brand\" content=\"Lanvigator Wintergrip Van\" \/>\n<meta property=\"product:price:amount\" content=\"72.00\" \/>\n<meta property=\"product:price:currency\" content=\"EUR\" \/>\n<meta property=\"og:availability\" content=\"out of stock\" \/>\n<meta property=\"product:availability\" content=\"out of stock\" \/>\n<meta property=\"product:retailer_item_id\" content=\"TW2156516CLANVI-26850\" \/>\n<meta property=\"product:condition\" content=\"new\" \/>\n<!-- \/ Yoast SEO Premium plugin. -->","yoast_head_json":{"title":"215\/65R16C Lanvigator Wintergrip Van 109\/107R &#8226; MMK Riepas","description":"Lanvigator Wintergrip Van ir vissezonas\/ziemas komerctransporta jeb c indeksa riepu modelis","robots":{"index":"index","follow":"follow","max-snippet":"max-snippet:-1","max-image-preview":"max-image-preview:large","max-video-preview":"max-video-preview:-1"},"canonical":"https:\/\/mmkriepas.lv\/en\/p\/215-65r16c-lanvigator-wintergrip-van-109-107r\/","og_locale":"en_US","og_type":"article","og_title":"215\/65R16C Lanvigator Wintergrip Van 109\/107R","og_description":"Lanvigator Wintergrip Van ir vissezonas\/ziemas komerctransporta jeb c indeksa riepu modelis","og_url":"https:\/\/mmkriepas.lv\/en\/p\/215-65r16c-lanvigator-wintergrip-van-109-107r\/","og_site_name":"MMK Riepas","article_publisher":"https:\/\/www.facebook.com\/mmkserviss\/","article_modified_time":"2025-02-12T22:41:47+00:00","og_image":[{"width":1920,"height":1277,"url":"https:\/\/mmkriepas.lv\/wp-content\/uploads\/2022\/09\/19560r16c-lanvigator-wintergrip-van-9997t-ziemas-riepas.jpg","type":"image\/jpeg"}],"twitter_card":"summary_large_image","twitter_misc":{"Price":"&euro;72.00","Availability":"Out of stock"},"schema":{"@context":"https:\/\/schema.org","@graph":[{"@type":"WebPage","@id":"https:\/\/mmkriepas.lv\/en\/p\/215-65r16c-lanvigator-wintergrip-van-109-107r\/","url":"https:\/\/mmkriepas.lv\/en\/p\/215-65r16c-lanvigator-wintergrip-van-109-107r\/","name":"215\/65R16C Lanvigator Wintergrip Van 109\/107R &#8226; MMK Riepas","isPartOf":{"@id":"https:\/\/mmkriepas.lv\/en\/#website"},"primaryImageOfPage":{"@id":"https:\/\/mmkriepas.lv\/en\/p\/215-65r16c-lanvigator-wintergrip-van-109-107r\/#primaryimage"},"image":{"@id":"https:\/\/mmkriepas.lv\/en\/p\/215-65r16c-lanvigator-wintergrip-van-109-107r\/#primaryimage"},"thumbnailUrl":"https:\/\/mmkriepas.lv\/wp-content\/uploads\/2022\/09\/19560r16c-lanvigator-wintergrip-van-9997t-ziemas-riepas.jpg","datePublished":"2023-06-01T15:17:01+00:00","dateModified":"2025-02-12T22:41:47+00:00","description":"Lanvigator Wintergrip Van ir vissezonas\/ziemas komerctransporta jeb c indeksa riepu modelis","breadcrumb":{"@id":"https:\/\/mmkriepas.lv\/en\/p\/215-65r16c-lanvigator-wintergrip-van-109-107r\/#breadcrumb"},"inLanguage":"en-US","potentialAction":[{"@type":"ReadAction","target":["https:\/\/mmkriepas.lv\/en\/p\/215-65r16c-lanvigator-wintergrip-van-109-107r\/"]}]},{"@type":"ImageObject","inLanguage":"en-US","@id":"https:\/\/mmkriepas.lv\/en\/p\/215-65r16c-lanvigator-wintergrip-van-109-107r\/#primaryimage","url":"https:\/\/mmkriepas.lv\/wp-content\/uploads\/2022\/09\/19560r16c-lanvigator-wintergrip-van-9997t-ziemas-riepas.jpg","contentUrl":"https:\/\/mmkriepas.lv\/wp-content\/uploads\/2022\/09\/19560r16c-lanvigator-wintergrip-van-9997t-ziemas-riepas.jpg","width":1920,"height":1277,"caption":"MAIN"},{"@type":"BreadcrumbList","@id":"https:\/\/mmkriepas.lv\/en\/p\/215-65r16c-lanvigator-wintergrip-van-109-107r\/#breadcrumb","itemListElement":[{"@type":"ListItem","position":1,"name":"S\u0101kums","item":"https:\/\/mmkriepas.lv\/en\/"},{"@type":"ListItem","position":2,"name":"215\/65R16C Lanvigator Wintergrip Van 109\/107R"}]},{"@type":"WebSite","@id":"https:\/\/mmkriepas.lv\/en\/#website","url":"https:\/\/mmkriepas.lv\/en\/","name":"MMK Riepas","description":"MMK Riepas","alternateName":"MMK Riepu Serviss","potentialAction":[{"@type":"SearchAction","target":{"@type":"EntryPoint","urlTemplate":"https:\/\/mmkriepas.lv\/en\/?s={search_term_string}"},"query-input":{"@type":"PropertyValueSpecification","valueRequired":true,"valueName":"search_term_string"}}],"inLanguage":"en-US"},{"@type":"ImageObject","inLanguage":"en-US","@id":"https:\/\/mmkriepas.lv\/en\/p\/215-65r16c-lanvigator-wintergrip-van-109-107r\/#local-main-organization-logo","url":"","contentUrl":"","caption":"MMK Riepas"}]},"product_brand":"Lanvigator Wintergrip Van","product_price_amount":"72.00","product_price_currency":"EUR","og_availability":"out of stock","product_availability":"out of stock","product_retailer_item_id":"TW2156516CLANVI-26850","product_condition":"new"},"_links":{"self":[{"href":"https:\/\/mmkriepas.lv\/en\/wp-json\/wp\/v2\/product\/746161","targetHints":{"allow":["GET"]}}],"collection":[{"href":"https:\/\/mmkriepas.lv\/en\/wp-json\/wp\/v2\/product"}],"about":[{"href":"https:\/\/mmkriepas.lv\/en\/wp-json\/wp\/v2\/types\/product"}],"wp:featuredmedia":[{"embeddable":true,"href":"https:\/\/mmkriepas.lv\/en\/wp-json\/wp\/v2\/media\/314407"}],"wp:attachment":[{"href":"https:\/\/mmkriepas.lv\/en\/wp-json\/wp\/v2\/media?parent=746161"}],"wp:term":[{"taxonomy":"product_brand","embeddable":true,"href":"https:\/\/mmkriepas.lv\/en\/wp-json\/wp\/v2\/product_brand?post=746161"},{"taxonomy":"product_cat","embeddable":true,"href":"https:\/\/mmkriepas.lv\/en\/wp-json\/wp\/v2\/product_cat?post=746161"},{"taxonomy":"product_tag","embeddable":true,"href":"https:\/\/mmkriepas.lv\/en\/wp-json\/wp\/v2\/product_tag?post=746161"}],"curies":[{"name":"wp","href":"https:\/\/api.w.org\/{rel}","templated":true}]}}