{"id":7456,"date":"2017-02-21T12:30:25","date_gmt":"2017-02-21T10:30:25","guid":{"rendered":"https:\/\/mmkserviss.lv\/katalogs\/vasaras-riepas\/17565r15-hankook-kinergy-eco-k425-84t\/"},"modified":"2025-05-20T14:46:43","modified_gmt":"2025-05-20T11:46:43","slug":"vasaras-riepas-17565r15-hankook-kinergy-eco-k425-84t","status":"publish","type":"product","link":"https:\/\/mmkriepas.lv\/en\/p\/vasaras-riepas-17565r15-hankook-kinergy-eco-k425-84t\/","title":{"rendered":"175\/65R15 Hankook Kinergy eco K425 84H"},"content":{"rendered":"<h2><span style=\"font-size: 12pt;\">Hankook Kinergy Eco K425<\/span><\/h2>\n<p>Riepu ra\u017eot\u0101js:<strong> Hankook\u00a0 <\/strong>Modelis: <strong>Kinergy Eco K425 <\/strong> <strong>MMK Serviss nov\u0113rt\u0113jums:<\/strong> <em>&#8221;Augstas klases riepas ar teicamiem r\u0101d\u012bt\u0101jiem un krietni lab\u0101ku cenu k\u0101 premium klasei.&#8221;<\/em><\/p>\n<h3>HANKOOK RIEPAS \u2013 KVALIT\u0100TE JAU VAIR\u0100K NEK\u0100 70 GADUS<\/h3>\n<p>Latvij\u0101 un pasaul\u0113 lielu popularit\u0101ti ieguvu\u0161ais Korejas uz\u0146\u0113mums Hankook tika izveidots 1941. Pie nosaukuma Hankook (iepriek\u0161 &#8220;Chosun Tire Industrial&#8221;) uz\u0146\u0113mums tika 1955. gad\u0101. \u0160aj\u0101 laik\u0101 Hankook z\u012bmols ir k\u013cuvis par kvalit\u0101tes z\u012bmi daudziem riepu tirgot\u0101jiem un lietot\u0101jiem. \u0160is uz\u0146\u0113mums ir pirmais no \u0100zijas p\u0101rst\u0101vjiem, kas ieguva ties\u012bbas parakst\u012bt l\u012bgumu ar ASV auto ra\u017eot\u0101ju <strong>Ford<\/strong> par da\u017e\u0101du automa\u0161\u012bnu riepu pieg\u0101di. Par\u00a0<strong>Hankook riepu<\/strong>\u00a0kvalit\u0101ti liecina tas, ka auto ra\u017eot\u0101ji bie\u017ei izv\u0113las to k\u0101 lab\u0101ko produktu, ko uzst\u0101d\u012bt saviem auto, tos nododot tirgo\u0161an\u0101. <strong>Hankook riepas<\/strong>\u00a0tiek izv\u0113l\u0113tas k\u0101 standarta riepas da\u017e\u0101du pasaules valstu auto ra\u017eot\u0101ju vid\u016b to vispus\u0113ji augst\u0101s kvalit\u0101tes d\u0113\u013c. Pat v\u0101cu iespaid\u012bgais auto ra\u017eot\u0101js <strong>Opel<\/strong> izv\u0113l\u0113j\u0101s apr\u012bkot savas automa\u0161\u012bnas ar\u00a0<strong>Hankook riep\u0101m<\/strong>. Pateicoties izcilajiem testu rezult\u0101tiem (1990. un 2000. gad\u0101), uz\u0146\u0113mums ar\u012b ieguva vispasaules slavu, t\u0101 ar\u012b paliekot starp top riepu ra\u017eot\u0101jiem v\u0113l \u0161obr\u012bd!\u00a0<strong>Hankook riepas<\/strong>\u00a0tiek uzst\u0101d\u012btas ma\u0161\u012bn\u0101m to ra\u017eo\u0161anas procesa beig\u0101s, t\u0101tad auto ra\u017eot\u0101ji uzticas, ka t\u0101s sp\u0113s nodro\u0161in\u0101t dro\u0161\u012bbu un kvalit\u0101ti, ko ikviens jomas speci\u0101lists sagaida no jebkuras jaunas automa\u0161\u012bnas sast\u0101vda\u013cas.<\/p>\n<h4>Hankook K425 Kinergy Eco galven\u0101s iez\u012bmes:<\/h4>\n<ul>\n<li><strong>Hankook k425 Kinergy Eco<\/strong> ir r\u016bp\u012bgi izsr\u0101d\u0101ts produkts dom\u0101jot par dro\u0161\u012bbu, \u012bpa\u0161i bremz\u0113jot uz slapja ce\u013ca. Riepas protektoram ir 3 galvenie \u016bdens izvadkan\u0101li, kas paredz\u0113ti maksim\u0101li efekt\u012bvai \u016bdens novadei. Rezult\u0101t\u0101 tiek samazin\u0101ts bremz\u0113\u0161anas ce\u013c\u0161 uz slapjiem ce\u013ciem un <strong>samazin\u0101ts akvaplan\u0113\u0161anas risks.<\/strong> Stingras protektora ribas un platie bloki plecu zon\u0101s nodro\u0161ina izcilu sa\u0137eri un lielisku manevr\u0113\u0161anas sp\u0113ju.<\/li>\n<li>Run\u0101jot par brauk\u0161anas komfortu, Hankook K425 izmanto \u012bpa\u0161u tehnolo\u0123iju \u201c<strong>Vibration Control Technology<\/strong>\u201d, kas samazina vibr\u0101ciju un ne\u013cauj riepai ietekm\u0113ties no temperat\u016bras sv\u0101rst\u012bb\u0101m. Ieg\u016btie jaunin\u0101jumi riepai pie\u0161\u0137\u012bra lielu popularit\u0101ti pat\u0113r\u0113t\u0101ju vid\u016b.<\/li>\n<li>Kiner\u0123ija &#8211; p\u0113c defin\u012bcijas noz\u012bm\u0113 ener\u0123iju, ko atbr\u012bvo kust\u012bb\u0101 eso\u0161s objekts. \u0160is nosaukums izv\u0113l\u0113ts asoci\u0101cij\u0101s ar apk\u0101rt\u0113jo vidi un izcil\u0101s dro\u0161\u012bbas d\u0113\u013c. \u0160ai riepai rakstur\u012bga zema rites pretest\u012bba. Gumijas mais\u012bjums sast\u0101v no da\u017e\u0101du materi\u0101lu, piem\u0113ram, nano izm\u0113ra sil\u012bcija dioks\u012bda da\u013ci\u0146u un jauna gumijas mais\u012bjuma, apvieno\u0161anas. T\u0101 rezult\u0101t\u0101 ieguv\u0113ji ir autovad\u012bt\u0101ji un vide, jo tiek <em>samazin\u0101ts degvielas pat\u0113ri\u0146\u0161<\/em> un attiec\u012bgi ar\u012b <em>CO2 izme\u0161i<\/em>.<\/li>\n<\/ul>\n<h4><strong>Hankook Kinergy Eco K425<\/strong> \u012bpa\u0161\u012bbas:\u00a0<\/h4>\n<p>+ jaun\u0101k\u0101s Hankook tehnolo\u0123ijas + optim\u0101l\u0101 le\u0146\u0137\u012b izvietoti protektora bloki nodro\u0161ina klus\u0101ku braucienu un lab\u0101ku vad\u0101m\u012bbu + lieliska sa\u0137ere uz sausa ce\u013ca seguma, kas ieg\u016bta, izmantojot palielin\u0101tus s\u0101nu blokus un liel\u0101ku kontakta virsmu + tr\u012bs dren\u0101\u017eas kan\u0101lu optim\u0101lais platums un izvietojums nodro\u0161ina lielisku vad\u0101m\u012bbu, braucot pa slapju ce\u013ca segumu + \u012bpa\u0161as s\u0101nu garenisk\u0101s rievas ir paredz\u0113tas, lai palielin\u0101tu vad\u0101m\u012bbu uz sausa ce\u013ca seguma, k\u0101 ar\u012b palielin\u0101tu stabilit\u0101ti uz slapja ce\u013ca seguma + zobveida pak\u0101pju tipa tehnolo\u0123ija uzlabo vad\u0101m\u012bbu uz sausiem ce\u013ciem, tai pat laik\u0101 nepie\u013caujot akvaplan\u0113\u0161anu + degvielas ekonomija, \u013coti zema rites pretest\u012bba + uzlabots gumijas sast\u0101vs + prefekta sa\u0137ere slapj\u0101 laik\u0101 (nov\u0113rt\u0113jums B) + dinamiska un dro\u0161a vad\u0101m\u012bb\u0101 gan uz sausa, gan mitra seguma + \u013coti \u012bss bremz\u0113\u0161anas ce\u013c\u0161 + augsta notur\u012bba pret akvaplan\u0113\u0161anu + iztur\u012bgi borti + prec\u012bza reakcija uz st\u016bres kust\u012bb\u0101m + stabilit\u0101te pagriezienos + \u012bpa\u0161i klusas riepas + garantija <strong>Hankook K425 Kinergy Eco<\/strong> ir vasaras riepu modelis, kas paredz\u0113ts pla\u0161a spektra automa\u0161\u012bn\u0101m, s\u0101kot no mazaj\u0101m pils\u0113tas automa\u0161\u012bn\u0101m un beidzot ar \u0123imenes multivaniem. \u0160is modelis koncentr\u0113jas uz <strong>dro\u0161\u012bbas<\/strong>, <strong>brauk\u0161anas komforta<\/strong> un <strong>energoefektivit\u0101tes nodro\u0161in\u0101\u0161anu<\/strong>.\u00a0 <strong>Rekomend\u0113jam \u0161o modeli! <\/strong><em>Augsta kvalit\u0101te par super cenu! Kvalit\u0101te daudz augst\u0101ka par samaks\u0101to naudu!<\/em><\/p>\n<h5><span style=\"font-size: 10pt;\">*Uzman\u012bbu: vasaras riepas, kas ra\u017eotas \u0100zijas valst\u012bs, var b\u016bt apz\u012bm\u0113tas ar apz\u012bm\u0113jumu M + S. J\u0101\u0146em ver\u0101, ka \u0100zijas teritorija sniedzas da\u017e\u0101d\u0101s klimatiskaj\u0101s zon\u0101s, kur da\u017eviet metereolo\u0123isk\u0101 ziema t\u0101 ar\u012b neiest\u0101jas. L\u012bdz ar to, tur \u0161\u012bs riepas var izmantot visu gadu, kam\u0113r Latvij\u0101 tas nestr\u0101d\u0101!<\/span> <span style=\"font-size: 10pt;\">S\u012bk\u0101k par \u0161o un citiem apz\u012bm\u0113jumiem dro\u0161i jaut\u0101jiet MMK Riepu Serviss speci\u0101listiem.<\/span><\/h5>\n","protected":false},"excerpt":{"rendered":"<p>Hankook Kinergy Eco K425 Riepu ra\u017eot\u0101js: Hankook\u00a0 Modelis: Kinergy Eco K425 MMK Serviss nov\u0113rt\u0113jums: &#8221;Augstas klases riepas ar teicamiem r\u0101d\u012bt\u0101jiem un krietni lab\u0101ku cenu k\u0101 premium klasei.&#8221; HANKOOK RIEPAS \u2013<\/p>\n","protected":false},"featured_media":6498,"template":"","meta":{"_acf_changed":false,"ngg_post_thumbnail":0},"product_brand":[],"product_cat":[46],"product_tag":[],"class_list":{"0":"post-7456","1":"product","2":"type-product","3":"status-publish","4":"has-post-thumbnail","6":"product_cat-vasaras-riepas","8":"first","9":"instock","10":"sale","11":"taxable","12":"shipping-taxable","13":"product-type-simple"},"acf":[],"yoast_head":"<!-- This site is optimized with the Yoast SEO Premium plugin v22.6 (Yoast SEO v27.3) - https:\/\/yoast.com\/product\/yoast-seo-premium-wordpress\/ -->\n<title>175\/65R15 Hankook Kinergy eco K425 84H &#8226; MMK Riepas<\/title>\n<meta name=\"robots\" content=\"index, follow, max-snippet:-1, max-image-preview:large, max-video-preview:-1\" \/>\n<link rel=\"canonical\" href=\"https:\/\/mmkriepas.lv\/en\/p\/vasaras-riepas-17565r15-hankook-kinergy-eco-k425-84t\/\" \/>\n<meta property=\"og:locale\" content=\"en_US\" \/>\n<meta property=\"og:type\" content=\"article\" \/>\n<meta property=\"og:title\" content=\"175\/65R15 Hankook Kinergy eco K425 84H\" \/>\n<meta property=\"og:description\" content=\"Hankook Kinergy Eco K425 Riepu ra\u017eot\u0101js: Hankook\u00a0 Modelis: Kinergy Eco K425 MMK Serviss nov\u0113rt\u0113jums: &#8221;Augstas klases riepas ar teicamiem r\u0101d\u012bt\u0101jiem un krietni lab\u0101ku cenu k\u0101 premium klasei.&#8221; HANKOOK RIEPAS \u2013\" \/>\n<meta property=\"og:url\" content=\"https:\/\/mmkriepas.lv\/en\/p\/vasaras-riepas-17565r15-hankook-kinergy-eco-k425-84t\/\" \/>\n<meta property=\"og:site_name\" content=\"MMK Riepas\" \/>\n<meta property=\"article:publisher\" content=\"https:\/\/www.facebook.com\/mmkserviss\/\" \/>\n<meta property=\"article:modified_time\" content=\"2025-05-20T11:46:43+00:00\" \/>\n<meta property=\"og:image\" content=\"https:\/\/mmkriepas.lv\/wp-content\/uploads\/2017\/01\/19560r15-hankook-kinergy-eco-k425-88h-vasaras-riepas.jpg\" \/>\n\t<meta property=\"og:image:width\" content=\"1920\" \/>\n\t<meta property=\"og:image:height\" content=\"1284\" \/>\n\t<meta property=\"og:image:type\" content=\"image\/jpeg\" \/>\n<meta name=\"twitter:card\" content=\"summary_large_image\" \/>\n<meta name=\"twitter:label1\" content=\"Price\" \/>\n\t<meta name=\"twitter:data1\" content=\"&euro;63.00\" \/>\n\t<meta name=\"twitter:label2\" content=\"Availability\" \/>\n\t<meta name=\"twitter:data2\" content=\"In stock\" \/>\n<script type=\"application\/ld+json\" class=\"yoast-schema-graph\">{\"@context\":\"https:\\\/\\\/schema.org\",\"@graph\":[{\"@type\":\"WebPage\",\"@id\":\"https:\\\/\\\/mmkriepas.lv\\\/en\\\/p\\\/vasaras-riepas-17565r15-hankook-kinergy-eco-k425-84t\\\/\",\"url\":\"https:\\\/\\\/mmkriepas.lv\\\/en\\\/p\\\/vasaras-riepas-17565r15-hankook-kinergy-eco-k425-84t\\\/\",\"name\":\"175\\\/65R15 Hankook Kinergy eco K425 84H &#8226; MMK Riepas\",\"isPartOf\":{\"@id\":\"https:\\\/\\\/mmkriepas.lv\\\/en\\\/#website\"},\"primaryImageOfPage\":{\"@id\":\"https:\\\/\\\/mmkriepas.lv\\\/en\\\/p\\\/vasaras-riepas-17565r15-hankook-kinergy-eco-k425-84t\\\/#primaryimage\"},\"image\":{\"@id\":\"https:\\\/\\\/mmkriepas.lv\\\/en\\\/p\\\/vasaras-riepas-17565r15-hankook-kinergy-eco-k425-84t\\\/#primaryimage\"},\"thumbnailUrl\":\"https:\\\/\\\/mmkriepas.lv\\\/wp-content\\\/uploads\\\/2017\\\/01\\\/19560r15-hankook-kinergy-eco-k425-88h-vasaras-riepas.jpg\",\"datePublished\":\"2017-02-21T10:30:25+00:00\",\"dateModified\":\"2025-05-20T11:46:43+00:00\",\"breadcrumb\":{\"@id\":\"https:\\\/\\\/mmkriepas.lv\\\/en\\\/p\\\/vasaras-riepas-17565r15-hankook-kinergy-eco-k425-84t\\\/#breadcrumb\"},\"inLanguage\":\"en-US\",\"potentialAction\":[{\"@type\":\"ReadAction\",\"target\":[\"https:\\\/\\\/mmkriepas.lv\\\/en\\\/p\\\/vasaras-riepas-17565r15-hankook-kinergy-eco-k425-84t\\\/\"]}]},{\"@type\":\"ImageObject\",\"inLanguage\":\"en-US\",\"@id\":\"https:\\\/\\\/mmkriepas.lv\\\/en\\\/p\\\/vasaras-riepas-17565r15-hankook-kinergy-eco-k425-84t\\\/#primaryimage\",\"url\":\"https:\\\/\\\/mmkriepas.lv\\\/wp-content\\\/uploads\\\/2017\\\/01\\\/19560r15-hankook-kinergy-eco-k425-88h-vasaras-riepas.jpg\",\"contentUrl\":\"https:\\\/\\\/mmkriepas.lv\\\/wp-content\\\/uploads\\\/2017\\\/01\\\/19560r15-hankook-kinergy-eco-k425-88h-vasaras-riepas.jpg\",\"width\":1920,\"height\":1284,\"caption\":\"195\\\/60R15 Hankook Kinergy Eco K425 88H - Vasaras riepas\"},{\"@type\":\"BreadcrumbList\",\"@id\":\"https:\\\/\\\/mmkriepas.lv\\\/en\\\/p\\\/vasaras-riepas-17565r15-hankook-kinergy-eco-k425-84t\\\/#breadcrumb\",\"itemListElement\":[{\"@type\":\"ListItem\",\"position\":1,\"name\":\"S\u0101kums\",\"item\":\"https:\\\/\\\/mmkriepas.lv\\\/en\\\/\"},{\"@type\":\"ListItem\",\"position\":2,\"name\":\"175\\\/65R15 Hankook Kinergy eco K425 84H\"}]},{\"@type\":\"WebSite\",\"@id\":\"https:\\\/\\\/mmkriepas.lv\\\/en\\\/#website\",\"url\":\"https:\\\/\\\/mmkriepas.lv\\\/en\\\/\",\"name\":\"MMK Riepas\",\"description\":\"MMK Riepas\",\"alternateName\":\"MMK Riepu Serviss\",\"potentialAction\":[{\"@type\":\"SearchAction\",\"target\":{\"@type\":\"EntryPoint\",\"urlTemplate\":\"https:\\\/\\\/mmkriepas.lv\\\/en\\\/?s={search_term_string}\"},\"query-input\":{\"@type\":\"PropertyValueSpecification\",\"valueRequired\":true,\"valueName\":\"search_term_string\"}}],\"inLanguage\":\"en-US\"},{\"@type\":\"ImageObject\",\"inLanguage\":\"en-US\",\"@id\":\"https:\\\/\\\/mmkriepas.lv\\\/en\\\/p\\\/vasaras-riepas-17565r15-hankook-kinergy-eco-k425-84t\\\/#local-main-organization-logo\",\"url\":\"\",\"contentUrl\":\"\",\"caption\":\"MMK Riepas\"}]}<\/script>\n<meta property=\"product:brand\" content=\"Hankook Kinergy eco K425\" \/>\n<meta property=\"product:price:amount\" content=\"63.00\" \/>\n<meta property=\"product:price:currency\" content=\"EUR\" \/>\n<meta property=\"og:availability\" content=\"instock\" \/>\n<meta property=\"product:availability\" content=\"instock\" \/>\n<meta property=\"product:condition\" content=\"new\" \/>\n<!-- \/ Yoast SEO Premium plugin. -->","yoast_head_json":{"title":"175\/65R15 Hankook Kinergy eco K425 84H &#8226; MMK Riepas","robots":{"index":"index","follow":"follow","max-snippet":"max-snippet:-1","max-image-preview":"max-image-preview:large","max-video-preview":"max-video-preview:-1"},"canonical":"https:\/\/mmkriepas.lv\/en\/p\/vasaras-riepas-17565r15-hankook-kinergy-eco-k425-84t\/","og_locale":"en_US","og_type":"article","og_title":"175\/65R15 Hankook Kinergy eco K425 84H","og_description":"Hankook Kinergy Eco K425 Riepu ra\u017eot\u0101js: Hankook\u00a0 Modelis: Kinergy Eco K425 MMK Serviss nov\u0113rt\u0113jums: &#8221;Augstas klases riepas ar teicamiem r\u0101d\u012bt\u0101jiem un krietni lab\u0101ku cenu k\u0101 premium klasei.&#8221; HANKOOK RIEPAS \u2013","og_url":"https:\/\/mmkriepas.lv\/en\/p\/vasaras-riepas-17565r15-hankook-kinergy-eco-k425-84t\/","og_site_name":"MMK Riepas","article_publisher":"https:\/\/www.facebook.com\/mmkserviss\/","article_modified_time":"2025-05-20T11:46:43+00:00","og_image":[{"width":1920,"height":1284,"url":"https:\/\/mmkriepas.lv\/wp-content\/uploads\/2017\/01\/19560r15-hankook-kinergy-eco-k425-88h-vasaras-riepas.jpg","type":"image\/jpeg"}],"twitter_card":"summary_large_image","twitter_misc":{"Price":"&euro;63.00","Availability":"In stock"},"schema":{"@context":"https:\/\/schema.org","@graph":[{"@type":"WebPage","@id":"https:\/\/mmkriepas.lv\/en\/p\/vasaras-riepas-17565r15-hankook-kinergy-eco-k425-84t\/","url":"https:\/\/mmkriepas.lv\/en\/p\/vasaras-riepas-17565r15-hankook-kinergy-eco-k425-84t\/","name":"175\/65R15 Hankook Kinergy eco K425 84H &#8226; MMK Riepas","isPartOf":{"@id":"https:\/\/mmkriepas.lv\/en\/#website"},"primaryImageOfPage":{"@id":"https:\/\/mmkriepas.lv\/en\/p\/vasaras-riepas-17565r15-hankook-kinergy-eco-k425-84t\/#primaryimage"},"image":{"@id":"https:\/\/mmkriepas.lv\/en\/p\/vasaras-riepas-17565r15-hankook-kinergy-eco-k425-84t\/#primaryimage"},"thumbnailUrl":"https:\/\/mmkriepas.lv\/wp-content\/uploads\/2017\/01\/19560r15-hankook-kinergy-eco-k425-88h-vasaras-riepas.jpg","datePublished":"2017-02-21T10:30:25+00:00","dateModified":"2025-05-20T11:46:43+00:00","breadcrumb":{"@id":"https:\/\/mmkriepas.lv\/en\/p\/vasaras-riepas-17565r15-hankook-kinergy-eco-k425-84t\/#breadcrumb"},"inLanguage":"en-US","potentialAction":[{"@type":"ReadAction","target":["https:\/\/mmkriepas.lv\/en\/p\/vasaras-riepas-17565r15-hankook-kinergy-eco-k425-84t\/"]}]},{"@type":"ImageObject","inLanguage":"en-US","@id":"https:\/\/mmkriepas.lv\/en\/p\/vasaras-riepas-17565r15-hankook-kinergy-eco-k425-84t\/#primaryimage","url":"https:\/\/mmkriepas.lv\/wp-content\/uploads\/2017\/01\/19560r15-hankook-kinergy-eco-k425-88h-vasaras-riepas.jpg","contentUrl":"https:\/\/mmkriepas.lv\/wp-content\/uploads\/2017\/01\/19560r15-hankook-kinergy-eco-k425-88h-vasaras-riepas.jpg","width":1920,"height":1284,"caption":"195\/60R15 Hankook Kinergy Eco K425 88H - Vasaras riepas"},{"@type":"BreadcrumbList","@id":"https:\/\/mmkriepas.lv\/en\/p\/vasaras-riepas-17565r15-hankook-kinergy-eco-k425-84t\/#breadcrumb","itemListElement":[{"@type":"ListItem","position":1,"name":"S\u0101kums","item":"https:\/\/mmkriepas.lv\/en\/"},{"@type":"ListItem","position":2,"name":"175\/65R15 Hankook Kinergy eco K425 84H"}]},{"@type":"WebSite","@id":"https:\/\/mmkriepas.lv\/en\/#website","url":"https:\/\/mmkriepas.lv\/en\/","name":"MMK Riepas","description":"MMK Riepas","alternateName":"MMK Riepu Serviss","potentialAction":[{"@type":"SearchAction","target":{"@type":"EntryPoint","urlTemplate":"https:\/\/mmkriepas.lv\/en\/?s={search_term_string}"},"query-input":{"@type":"PropertyValueSpecification","valueRequired":true,"valueName":"search_term_string"}}],"inLanguage":"en-US"},{"@type":"ImageObject","inLanguage":"en-US","@id":"https:\/\/mmkriepas.lv\/en\/p\/vasaras-riepas-17565r15-hankook-kinergy-eco-k425-84t\/#local-main-organization-logo","url":"","contentUrl":"","caption":"MMK Riepas"}]},"product_brand":"Hankook Kinergy eco K425","product_price_amount":"63.00","product_price_currency":"EUR","og_availability":"instock","product_availability":"instock","product_condition":"new"},"_links":{"self":[{"href":"https:\/\/mmkriepas.lv\/en\/wp-json\/wp\/v2\/product\/7456","targetHints":{"allow":["GET"]}}],"collection":[{"href":"https:\/\/mmkriepas.lv\/en\/wp-json\/wp\/v2\/product"}],"about":[{"href":"https:\/\/mmkriepas.lv\/en\/wp-json\/wp\/v2\/types\/product"}],"wp:featuredmedia":[{"embeddable":true,"href":"https:\/\/mmkriepas.lv\/en\/wp-json\/wp\/v2\/media\/6498"}],"wp:attachment":[{"href":"https:\/\/mmkriepas.lv\/en\/wp-json\/wp\/v2\/media?parent=7456"}],"wp:term":[{"taxonomy":"product_brand","embeddable":true,"href":"https:\/\/mmkriepas.lv\/en\/wp-json\/wp\/v2\/product_brand?post=7456"},{"taxonomy":"product_cat","embeddable":true,"href":"https:\/\/mmkriepas.lv\/en\/wp-json\/wp\/v2\/product_cat?post=7456"},{"taxonomy":"product_tag","embeddable":true,"href":"https:\/\/mmkriepas.lv\/en\/wp-json\/wp\/v2\/product_tag?post=7456"}],"curies":[{"name":"wp","href":"https:\/\/api.w.org\/{rel}","templated":true}]}}