{"id":73981,"date":"2018-10-03T03:55:25","date_gmt":"2018-10-03T00:55:25","guid":{"rendered":"https:\/\/mmkserviss.lv\/katalogs\/uncategorized\/20565r15-hank-w-rw06-riepa-102100t-c\/"},"modified":"2023-07-18T11:00:32","modified_gmt":"2023-07-18T08:00:32","slug":"20565r15-hank-w-rw06-riepa-102100t-c","status":"publish","type":"product","link":"https:\/\/mmkriepas.lv\/en\/p\/20565r15-hank-w-rw06-riepa-102100t-c\/","title":{"rendered":"205\/65R15C Hankook Winter RW06 102\/100T"},"content":{"rendered":"<p><b>Hankook RW06 Winter<\/b><span style=\"font-weight: 400;\"> ir ziemas riepu modelis, kas paredz\u0113ts komerctransportam- mikroautobusiem un vieglajiem kravas auto. \u0160is modelis izce\u013cas ar lielu kravnes\u012bbu, paildzin\u0101tu kalpotsp\u0113ju un izciliem veiktsp\u0113jas r\u0101d\u012bt\u0101jiem visda\u017e\u0101d\u0101kajos brauk\u0161anas apst\u0101k\u013cos.<\/span><\/p>\n<h3><b>Hankook RW06 Winter galven\u0101s iez\u012bmes:<\/b><\/h3>\n<p><span style=\"font-weight: 400;\">+ Lieliska veiktsp\u0113ja snieg\u0101 un uz ledus!<\/span> <span style=\"font-weight: 400;\">+ Palielin\u0101ta kontakta virsma, palielinot riepas kravnes\u012bbu!<\/span> <span style=\"font-weight: 400;\">+ Uzlabots gumijas sast\u0101vs nodro\u0161ina l\u0113n\u0101ku nodiluma veido\u0161anos!<\/span> <span style=\"font-weight: 400;\">+ Degvielas ekonomija!<\/span> <span style=\"font-weight: 400;\">+ Augsts dro\u0161\u012bbas l\u012bmenis!<\/span><\/p>\n<h3><b>RW06 Winter apr\u012bkojums:<\/b><\/h3>\n<p><span style=\"font-weight: 400;\">Hankook RW06 Winter protektora raksts izveidots klasisk\u0101 stil\u0101, uzlabojot kravnes\u012bbu. Riepas protektora blokos iestr\u0101d\u0101tas lameles, kuras, tand\u0113m\u0101 ar riepas att\u012bst\u012bto dren\u0101\u017eas kan\u0101lu sist\u0113mu, sausina sa\u0137eres virsmu, no t\u0101s novadot lieko \u016bdeni un sniegu. Lameles uzlabo ar\u012b dro\u0161\u012bbu uz ledus, ar vair\u0101kiem t\u016bksto\u0161iem asu kan\u0161u iec\u0113rtoties slidenaj\u0101 virsm\u0101.<\/span> <span style=\"font-weight: 400;\">Riepas konstrukcija pastiprin\u0101ta ar vair\u0101kiem papildus kordu jeb brekera sl\u0101\u0146iem, padarot to triecieniztur\u012bg\u0101ku. Pati riepa darin\u0101ta no augstas kvalit\u0101tes gumijas mais\u012bjuma, kas bag\u0101tin\u0101ts ar virkni elementu. Tas dar\u012bts ar m\u0113r\u0137i likt riepai saglab\u0101t elast\u012bbu pla\u0161\u0101 temperat\u016bru diapazon\u0101 un padar\u012bt riepu nodilumiztur\u012bg\u0101ku.\u00a0<\/span> <b>Hankook RW06 Winter<\/b><span style=\"font-weight: 400;\"> mode\u013ca lieto\u0161anas dro\u0161\u012bbu ziemas laika apst\u0101k\u013cos un t\u0101 atbilst\u012bbu valst\u012bm ar oblig\u0101tu sezon\u0101lo riepu mai\u0146u apstiprina mar\u0137\u0113jums sniegp\u0101rslas form\u0101 uz kalna fona ar trim virsotn\u0113m (3PMSF).<\/span> <b>Hankook RW06 Winter- c indeksa <\/b><span style=\"font-weight: 400;\">ziemas riepa, gatava st\u0101ties pret\u012b bargiem apst\u0101k\u013ciem. Pieejama abos MMK Riepu Centros par vislab\u0101kaj\u0101m cen\u0101m!<\/span><\/p>\n","protected":false},"excerpt":{"rendered":"<p><b>Hankook RW06 Winter<\/b><span style=\"font-weight: 400;\"> ir ziemas riepu modelis, kas paredz\u0113ts komerctransportam- mikroautobusiem un vieglajiem kravas auto. \u0160is modelis izce\u013cas ar lielu kravnes\u012bbu, paildzin\u0101tu kalpotsp\u0113ju un izciliem veiktsp\u0113jas r\u0101d\u012bt\u0101jiem visda\u017e\u0101d\u0101kajos brauk\u0161anas apst\u0101k\u013cos.<\/span><\/p>\n","protected":false},"featured_media":188376,"template":"","meta":{"_acf_changed":false,"ngg_post_thumbnail":0},"product_brand":[],"product_cat":[47,45],"product_tag":[15572],"class_list":{"0":"post-73981","1":"product","2":"type-product","3":"status-publish","4":"has-post-thumbnail","6":"product_cat-vissezonas-riepas","7":"product_cat-ziemas-riepas","8":"product_tag-latakko","10":"first","11":"instock","12":"taxable","13":"shipping-taxable","14":"product-type-simple"},"acf":[],"yoast_head":"<!-- This site is optimized with the Yoast SEO Premium plugin v22.6 (Yoast SEO v27.3) - https:\/\/yoast.com\/product\/yoast-seo-premium-wordpress\/ -->\n<title>205\/65R15C Hankook Winter RW06 102\/100T &#8226; MMK Riepas<\/title>\n<meta name=\"description\" content=\"Hankook RW06 Winter- c indeksa ziemas riepa, gatava st\u0101ties pret\u012b bargiem apst\u0101k\u013ciem. Pieejama abos MMK Riepu Centros par vislab\u0101kaj\u0101m cen\u0101m!\" \/>\n<meta name=\"robots\" content=\"index, follow, max-snippet:-1, max-image-preview:large, max-video-preview:-1\" \/>\n<link rel=\"canonical\" href=\"https:\/\/mmkriepas.lv\/en\/p\/20565r15-hank-w-rw06-riepa-102100t-c\/\" \/>\n<meta property=\"og:locale\" content=\"en_US\" \/>\n<meta property=\"og:type\" content=\"article\" \/>\n<meta property=\"og:title\" content=\"205\/65R15C Hankook Winter RW06 102\/100T\" \/>\n<meta property=\"og:description\" content=\"Hankook RW06 Winter- c indeksa ziemas riepa, gatava st\u0101ties pret\u012b bargiem apst\u0101k\u013ciem. Pieejama abos MMK Riepu Centros par vislab\u0101kaj\u0101m cen\u0101m!\" \/>\n<meta property=\"og:url\" content=\"https:\/\/mmkriepas.lv\/en\/p\/20565r15-hank-w-rw06-riepa-102100t-c\/\" \/>\n<meta property=\"og:site_name\" content=\"MMK Riepas\" \/>\n<meta property=\"article:publisher\" content=\"https:\/\/www.facebook.com\/mmkserviss\/\" \/>\n<meta property=\"article:modified_time\" content=\"2023-07-18T08:00:32+00:00\" \/>\n<meta property=\"og:image\" content=\"https:\/\/mmkriepas.lv\/wp-content\/uploads\/2021\/08\/22565r16-hankook-rw06-112110r-c-ziemas-riepas.jpg\" \/>\n\t<meta property=\"og:image:width\" content=\"1920\" \/>\n\t<meta property=\"og:image:height\" content=\"1322\" \/>\n\t<meta property=\"og:image:type\" content=\"image\/jpeg\" \/>\n<meta name=\"twitter:card\" content=\"summary_large_image\" \/>\n<meta name=\"twitter:label1\" content=\"Price\" \/>\n\t<meta name=\"twitter:data1\" content=\"&euro;89.00\" \/>\n\t<meta name=\"twitter:label2\" content=\"Availability\" \/>\n\t<meta name=\"twitter:data2\" content=\"In stock\" \/>\n<script type=\"application\/ld+json\" class=\"yoast-schema-graph\">{\"@context\":\"https:\\\/\\\/schema.org\",\"@graph\":[{\"@type\":\"WebPage\",\"@id\":\"https:\\\/\\\/mmkriepas.lv\\\/en\\\/p\\\/20565r15-hank-w-rw06-riepa-102100t-c\\\/\",\"url\":\"https:\\\/\\\/mmkriepas.lv\\\/en\\\/p\\\/20565r15-hank-w-rw06-riepa-102100t-c\\\/\",\"name\":\"205\\\/65R15C Hankook Winter RW06 102\\\/100T &#8226; MMK Riepas\",\"isPartOf\":{\"@id\":\"https:\\\/\\\/mmkriepas.lv\\\/en\\\/#website\"},\"primaryImageOfPage\":{\"@id\":\"https:\\\/\\\/mmkriepas.lv\\\/en\\\/p\\\/20565r15-hank-w-rw06-riepa-102100t-c\\\/#primaryimage\"},\"image\":{\"@id\":\"https:\\\/\\\/mmkriepas.lv\\\/en\\\/p\\\/20565r15-hank-w-rw06-riepa-102100t-c\\\/#primaryimage\"},\"thumbnailUrl\":\"https:\\\/\\\/mmkriepas.lv\\\/wp-content\\\/uploads\\\/2021\\\/08\\\/22565r16-hankook-rw06-112110r-c-ziemas-riepas.jpg\",\"datePublished\":\"2018-10-03T00:55:25+00:00\",\"dateModified\":\"2023-07-18T08:00:32+00:00\",\"description\":\"Hankook RW06 Winter- c indeksa ziemas riepa, gatava st\u0101ties pret\u012b bargiem apst\u0101k\u013ciem. Pieejama abos MMK Riepu Centros par vislab\u0101kaj\u0101m cen\u0101m!\",\"breadcrumb\":{\"@id\":\"https:\\\/\\\/mmkriepas.lv\\\/en\\\/p\\\/20565r15-hank-w-rw06-riepa-102100t-c\\\/#breadcrumb\"},\"inLanguage\":\"en-US\",\"potentialAction\":[{\"@type\":\"ReadAction\",\"target\":[\"https:\\\/\\\/mmkriepas.lv\\\/en\\\/p\\\/20565r15-hank-w-rw06-riepa-102100t-c\\\/\"]}]},{\"@type\":\"ImageObject\",\"inLanguage\":\"en-US\",\"@id\":\"https:\\\/\\\/mmkriepas.lv\\\/en\\\/p\\\/20565r15-hank-w-rw06-riepa-102100t-c\\\/#primaryimage\",\"url\":\"https:\\\/\\\/mmkriepas.lv\\\/wp-content\\\/uploads\\\/2021\\\/08\\\/22565r16-hankook-rw06-112110r-c-ziemas-riepas.jpg\",\"contentUrl\":\"https:\\\/\\\/mmkriepas.lv\\\/wp-content\\\/uploads\\\/2021\\\/08\\\/22565r16-hankook-rw06-112110r-c-ziemas-riepas.jpg\",\"width\":1920,\"height\":1322,\"caption\":\"Hankook RW06 ziemas komerctrasporta riepa\"},{\"@type\":\"BreadcrumbList\",\"@id\":\"https:\\\/\\\/mmkriepas.lv\\\/en\\\/p\\\/20565r15-hank-w-rw06-riepa-102100t-c\\\/#breadcrumb\",\"itemListElement\":[{\"@type\":\"ListItem\",\"position\":1,\"name\":\"S\u0101kums\",\"item\":\"https:\\\/\\\/mmkriepas.lv\\\/en\\\/\"},{\"@type\":\"ListItem\",\"position\":2,\"name\":\"205\\\/65R15C Hankook Winter RW06 102\\\/100T\"}]},{\"@type\":\"WebSite\",\"@id\":\"https:\\\/\\\/mmkriepas.lv\\\/en\\\/#website\",\"url\":\"https:\\\/\\\/mmkriepas.lv\\\/en\\\/\",\"name\":\"MMK Riepas\",\"description\":\"MMK Riepas\",\"alternateName\":\"MMK Riepu Serviss\",\"potentialAction\":[{\"@type\":\"SearchAction\",\"target\":{\"@type\":\"EntryPoint\",\"urlTemplate\":\"https:\\\/\\\/mmkriepas.lv\\\/en\\\/?s={search_term_string}\"},\"query-input\":{\"@type\":\"PropertyValueSpecification\",\"valueRequired\":true,\"valueName\":\"search_term_string\"}}],\"inLanguage\":\"en-US\"},{\"@type\":\"ImageObject\",\"inLanguage\":\"en-US\",\"@id\":\"https:\\\/\\\/mmkriepas.lv\\\/en\\\/p\\\/20565r15-hank-w-rw06-riepa-102100t-c\\\/#local-main-organization-logo\",\"url\":\"\",\"contentUrl\":\"\",\"caption\":\"MMK Riepas\"}]}<\/script>\n<meta property=\"product:brand\" content=\"Hankook Winter RW06\" \/>\n<meta property=\"product:price:amount\" content=\"89.00\" \/>\n<meta property=\"product:price:currency\" content=\"EUR\" \/>\n<meta property=\"og:availability\" content=\"instock\" \/>\n<meta property=\"product:availability\" content=\"instock\" \/>\n<meta property=\"product:condition\" content=\"new\" \/>\n<!-- \/ Yoast SEO Premium plugin. -->","yoast_head_json":{"title":"205\/65R15C Hankook Winter RW06 102\/100T &#8226; MMK Riepas","description":"Hankook RW06 Winter- c indeksa ziemas riepa, gatava st\u0101ties pret\u012b bargiem apst\u0101k\u013ciem. Pieejama abos MMK Riepu Centros par vislab\u0101kaj\u0101m cen\u0101m!","robots":{"index":"index","follow":"follow","max-snippet":"max-snippet:-1","max-image-preview":"max-image-preview:large","max-video-preview":"max-video-preview:-1"},"canonical":"https:\/\/mmkriepas.lv\/en\/p\/20565r15-hank-w-rw06-riepa-102100t-c\/","og_locale":"en_US","og_type":"article","og_title":"205\/65R15C Hankook Winter RW06 102\/100T","og_description":"Hankook RW06 Winter- c indeksa ziemas riepa, gatava st\u0101ties pret\u012b bargiem apst\u0101k\u013ciem. Pieejama abos MMK Riepu Centros par vislab\u0101kaj\u0101m cen\u0101m!","og_url":"https:\/\/mmkriepas.lv\/en\/p\/20565r15-hank-w-rw06-riepa-102100t-c\/","og_site_name":"MMK Riepas","article_publisher":"https:\/\/www.facebook.com\/mmkserviss\/","article_modified_time":"2023-07-18T08:00:32+00:00","og_image":[{"width":1920,"height":1322,"url":"https:\/\/mmkriepas.lv\/wp-content\/uploads\/2021\/08\/22565r16-hankook-rw06-112110r-c-ziemas-riepas.jpg","type":"image\/jpeg"}],"twitter_card":"summary_large_image","twitter_misc":{"Price":"&euro;89.00","Availability":"In stock"},"schema":{"@context":"https:\/\/schema.org","@graph":[{"@type":"WebPage","@id":"https:\/\/mmkriepas.lv\/en\/p\/20565r15-hank-w-rw06-riepa-102100t-c\/","url":"https:\/\/mmkriepas.lv\/en\/p\/20565r15-hank-w-rw06-riepa-102100t-c\/","name":"205\/65R15C Hankook Winter RW06 102\/100T &#8226; MMK Riepas","isPartOf":{"@id":"https:\/\/mmkriepas.lv\/en\/#website"},"primaryImageOfPage":{"@id":"https:\/\/mmkriepas.lv\/en\/p\/20565r15-hank-w-rw06-riepa-102100t-c\/#primaryimage"},"image":{"@id":"https:\/\/mmkriepas.lv\/en\/p\/20565r15-hank-w-rw06-riepa-102100t-c\/#primaryimage"},"thumbnailUrl":"https:\/\/mmkriepas.lv\/wp-content\/uploads\/2021\/08\/22565r16-hankook-rw06-112110r-c-ziemas-riepas.jpg","datePublished":"2018-10-03T00:55:25+00:00","dateModified":"2023-07-18T08:00:32+00:00","description":"Hankook RW06 Winter- c indeksa ziemas riepa, gatava st\u0101ties pret\u012b bargiem apst\u0101k\u013ciem. Pieejama abos MMK Riepu Centros par vislab\u0101kaj\u0101m cen\u0101m!","breadcrumb":{"@id":"https:\/\/mmkriepas.lv\/en\/p\/20565r15-hank-w-rw06-riepa-102100t-c\/#breadcrumb"},"inLanguage":"en-US","potentialAction":[{"@type":"ReadAction","target":["https:\/\/mmkriepas.lv\/en\/p\/20565r15-hank-w-rw06-riepa-102100t-c\/"]}]},{"@type":"ImageObject","inLanguage":"en-US","@id":"https:\/\/mmkriepas.lv\/en\/p\/20565r15-hank-w-rw06-riepa-102100t-c\/#primaryimage","url":"https:\/\/mmkriepas.lv\/wp-content\/uploads\/2021\/08\/22565r16-hankook-rw06-112110r-c-ziemas-riepas.jpg","contentUrl":"https:\/\/mmkriepas.lv\/wp-content\/uploads\/2021\/08\/22565r16-hankook-rw06-112110r-c-ziemas-riepas.jpg","width":1920,"height":1322,"caption":"Hankook RW06 ziemas komerctrasporta riepa"},{"@type":"BreadcrumbList","@id":"https:\/\/mmkriepas.lv\/en\/p\/20565r15-hank-w-rw06-riepa-102100t-c\/#breadcrumb","itemListElement":[{"@type":"ListItem","position":1,"name":"S\u0101kums","item":"https:\/\/mmkriepas.lv\/en\/"},{"@type":"ListItem","position":2,"name":"205\/65R15C Hankook Winter RW06 102\/100T"}]},{"@type":"WebSite","@id":"https:\/\/mmkriepas.lv\/en\/#website","url":"https:\/\/mmkriepas.lv\/en\/","name":"MMK Riepas","description":"MMK Riepas","alternateName":"MMK Riepu Serviss","potentialAction":[{"@type":"SearchAction","target":{"@type":"EntryPoint","urlTemplate":"https:\/\/mmkriepas.lv\/en\/?s={search_term_string}"},"query-input":{"@type":"PropertyValueSpecification","valueRequired":true,"valueName":"search_term_string"}}],"inLanguage":"en-US"},{"@type":"ImageObject","inLanguage":"en-US","@id":"https:\/\/mmkriepas.lv\/en\/p\/20565r15-hank-w-rw06-riepa-102100t-c\/#local-main-organization-logo","url":"","contentUrl":"","caption":"MMK Riepas"}]},"product_brand":"Hankook Winter RW06","product_price_amount":"89.00","product_price_currency":"EUR","og_availability":"instock","product_availability":"instock","product_condition":"new"},"_links":{"self":[{"href":"https:\/\/mmkriepas.lv\/en\/wp-json\/wp\/v2\/product\/73981","targetHints":{"allow":["GET"]}}],"collection":[{"href":"https:\/\/mmkriepas.lv\/en\/wp-json\/wp\/v2\/product"}],"about":[{"href":"https:\/\/mmkriepas.lv\/en\/wp-json\/wp\/v2\/types\/product"}],"wp:featuredmedia":[{"embeddable":true,"href":"https:\/\/mmkriepas.lv\/en\/wp-json\/wp\/v2\/media\/188376"}],"wp:attachment":[{"href":"https:\/\/mmkriepas.lv\/en\/wp-json\/wp\/v2\/media?parent=73981"}],"wp:term":[{"taxonomy":"product_brand","embeddable":true,"href":"https:\/\/mmkriepas.lv\/en\/wp-json\/wp\/v2\/product_brand?post=73981"},{"taxonomy":"product_cat","embeddable":true,"href":"https:\/\/mmkriepas.lv\/en\/wp-json\/wp\/v2\/product_cat?post=73981"},{"taxonomy":"product_tag","embeddable":true,"href":"https:\/\/mmkriepas.lv\/en\/wp-json\/wp\/v2\/product_tag?post=73981"}],"curies":[{"name":"wp","href":"https:\/\/api.w.org\/{rel}","templated":true}]}}