{"id":73870,"date":"2018-10-03T03:46:12","date_gmt":"2018-10-03T00:46:12","guid":{"rendered":"https:\/\/mmkserviss.lv\/katalogs\/uncategorized\/20555r16-goye-ugrip-9-riepa-91h\/"},"modified":"2025-03-07T17:44:24","modified_gmt":"2025-03-07T15:44:24","slug":"20555r16-goye-ugrip-9-riepa-91h","status":"publish","type":"product","link":"https:\/\/mmkriepas.lv\/en\/p\/20555r16-goye-ugrip-9-riepa-91h\/","title":{"rendered":"205\/55R16 Goodyear UltraGrip 9+ 91T"},"content":{"rendered":"<p style=\"margin: 12.0pt 0cm 12.0pt 0cm;\"><b><span style=\"font-size: 11.0pt; font-family: 'Arial',sans-serif; color: black;\">Goodyear UltraGrip 9+<\/span><\/b><span style=\"font-size: 11.0pt; font-family: 'Arial',sans-serif; color: black;\"> ir augst\u0101k\u0101s kvalit\u0101tes jeb premium klases ziemas riepu modelis. Izce\u013cas ar izcil\u0101m sa\u0137eres \u012bpa\u0161\u012bb\u0101m gan uz sausa un slapja asfalta, gan ar\u012b snieg\u0101, k\u0101 ar\u012b ar paaugstin\u0101tu akusktisko un brauk\u0161anas gaitas komfortu. \u0160is riepu modelis, sprie\u017eot p\u0113c testiem un klientu atsauksm\u0113m, sp\u0113j nodro\u0161in\u0101t ar\u012b labu sa\u0137eri ar apledoju\u0161\u0101m ce\u013ca virsm\u0101m.<\/span><o:p><\/o:p><\/p>\n<h3 style=\"margin: 14.0pt 0cm 4.0pt 0cm;\"><span style=\"font-size: 13.0pt; font-family: 'Arial',sans-serif; color: black;\">UltraGrip 9+ galven\u0101s iez\u012bmes<\/span><o:p><\/o:p><\/h3>\n<p style=\"margin: 12.0pt 0cm 12.0pt 0cm;\"><span style=\"font-size: 11.0pt; font-family: 'Arial',sans-serif; color: black;\">+ Izcila sa\u0137ere snieg\u0101 un uz ledus, k\u0101 ar\u012b uz sausa un slapja asfalta.<\/span><o:p><\/o:p><\/p>\n<p style=\"margin: 12.0pt 0cm 12.0pt 0cm;\"><span style=\"font-size: 11.0pt; font-family: 'Arial',sans-serif; color: black;\">+ 3D lamel\u0113\u0161anas tehnolo\u0123ija.<\/span><o:p><\/o:p><\/p>\n<p style=\"margin: 12.0pt 0cm 12.0pt 0cm;\"><span style=\"font-size: 11.0pt; font-family: 'Arial',sans-serif; color: black;\">+ Samazin\u0101ts akvaplan\u0113\u0161anas risks.<\/span><o:p><\/o:p><\/p>\n<p style=\"margin: 12.0pt 0cm 12.0pt 0cm;\"><span style=\"font-size: 11.0pt; font-family: 'Arial',sans-serif; color: black;\">+ Izteikts akustiskais un brauk\u0161anas komforts.<\/span><o:p><\/o:p><\/p>\n<p style=\"margin: 12.0pt 0cm 12.0pt 0cm;\"><span style=\"font-size: 11.0pt; font-family: 'Arial',sans-serif; color: black;\">+ Palielin\u0101ta nodilumiztur\u012bba.<\/span><o:p><\/o:p><\/p>\n<p style=\"margin: 12.0pt 0cm 12.0pt 0cm;\"><span style=\"font-size: 11.0pt; font-family: 'Arial',sans-serif; color: black;\">+ Degvielas ekonomija.<\/span><o:p><\/o:p><\/p>\n<h3 style=\"margin: 14.0pt 0cm 4.0pt 0cm;\"><span style=\"font-size: 13.0pt; font-family: 'Arial',sans-serif; color: black;\">UltraGrip 9+ apr\u012bkojums<\/span><o:p><\/o:p><\/h3>\n<p style=\"margin: 12.0pt 0cm 12.0pt 0cm;\"><b><span style=\"font-size: 11.0pt; font-family: 'Arial',sans-serif; color: black;\">Goodyear UltraGrip 9+ <\/span><\/b><span style=\"font-size: 11.0pt; font-family: 'Arial',sans-serif; color: black;\">ziemas riepu modelis apr\u012bkots ar simetrisku virzienveida protektoru. T\u0101 mas\u012bvajos V-formas blokos iestr\u0101d\u0101tas 3D-BIS lameles, kuras, at\u0161\u0137ir\u012bb\u0101 no parast\u0101 lamel\u0113\u0161anas veida, fiks\u0113jas sav\u0101 starp\u0101, b\u016btiski uzlabojot sa\u0137eri ar ledu un sabliet\u0113tu sniegu.<\/span><o:p><\/o:p><\/p>\n<p style=\"margin: 12.0pt 0cm 12.0pt 0cm;\"><span style=\"font-size: 11.0pt; font-family: 'Arial',sans-serif; color: black;\">V-Tread protektora tehnolo\u0123ija ar pagarin\u0101tiem \u016bdens izvadkan\u0101liem nodro\u0161ina lielisku sa\u0137eri ar sniegot\u0101m ce\u013ca virsm\u0101m, k\u0101 ar\u012b ar sausu un slapju asfalta segumu.<\/span><\/p>\n","protected":false},"excerpt":{"rendered":"<p><b><span style=\"font-size: 11.0pt; font-family: 'Arial',sans-serif; color: black;\">Goodyear UltraGrip 9+<\/span><\/b><span style=\"font-size: 11.0pt; font-family: 'Arial',sans-serif; color: black;\"> ir augst\u0101k\u0101s kvalit\u0101tes jeb premium klases ziemas riepu modelis. Izce\u013cas ar izcil\u0101m sa\u0137eres \u012bpa\u0161\u012bb\u0101m gan uz sausa un slapja asfalta, gan ar\u012b snieg\u0101, k\u0101 ar\u012b ar paaugstin\u0101tu akusktisko un brauk\u0161anas gaitas komfortu. \u0160is riepu modelis, sprie\u017eot p\u0113c testiem un klientu atsauksm\u0113m, sp\u0113j nodro\u0161in\u0101t ar\u012b labu sa\u0137eri ar apledoju\u0161\u0101m ce\u013ca virsm\u0101m.<\/span><\/p>\n","protected":false},"featured_media":853863,"template":"","meta":{"_acf_changed":false,"ngg_post_thumbnail":0},"product_brand":[],"product_cat":[47,45],"product_tag":[19634],"class_list":{"0":"post-73870","1":"product","2":"type-product","3":"status-publish","4":"has-post-thumbnail","6":"product_cat-vissezonas-riepas","7":"product_cat-ziemas-riepas","8":"product_tag-mmk","10":"first","11":"outofstock","12":"taxable","13":"shipping-taxable","14":"product-type-simple"},"acf":[],"yoast_head":"<!-- This site is optimized with the Yoast SEO Premium plugin v22.6 (Yoast SEO v27.3) - https:\/\/yoast.com\/product\/yoast-seo-premium-wordpress\/ -->\n<title>205\/55R16 Goodyear UltraGrip 9+ 91T &#8226; MMK Riepas<\/title>\n<meta name=\"robots\" content=\"index, follow, max-snippet:-1, max-image-preview:large, max-video-preview:-1\" \/>\n<link rel=\"canonical\" href=\"https:\/\/mmkriepas.lv\/en\/p\/20555r16-goye-ugrip-9-riepa-91h\/\" \/>\n<meta property=\"og:locale\" content=\"en_US\" \/>\n<meta property=\"og:type\" content=\"article\" \/>\n<meta property=\"og:title\" content=\"205\/55R16 Goodyear UltraGrip 9+ 91T\" \/>\n<meta property=\"og:description\" content=\"Goodyear UltraGrip 9+ ir augst\u0101k\u0101s kvalit\u0101tes jeb premium klases ziemas riepu modelis. Izce\u013cas ar izcil\u0101m sa\u0137eres \u012bpa\u0161\u012bb\u0101m gan uz sausa un slapja asfalta, gan ar\u012b snieg\u0101, k\u0101 ar\u012b ar paaugstin\u0101tu akusktisko un brauk\u0161anas gaitas komfortu. \u0160is riepu modelis, sprie\u017eot p\u0113c testiem un klientu atsauksm\u0113m, sp\u0113j nodro\u0161in\u0101t ar\u012b labu sa\u0137eri ar apledoju\u0161\u0101m ce\u013ca virsm\u0101m.\" \/>\n<meta property=\"og:url\" content=\"https:\/\/mmkriepas.lv\/en\/p\/20555r16-goye-ugrip-9-riepa-91h\/\" \/>\n<meta property=\"og:site_name\" content=\"MMK Riepas\" \/>\n<meta property=\"article:publisher\" content=\"https:\/\/www.facebook.com\/mmkserviss\/\" \/>\n<meta property=\"article:modified_time\" content=\"2025-03-07T15:44:24+00:00\" \/>\n<meta property=\"og:image\" content=\"https:\/\/mmkriepas.lv\/wp-content\/uploads\/2024\/02\/19565r15-goodyear-ultragrip-9-91t-ziemas-riepas.jpeg\" \/>\n\t<meta property=\"og:image:width\" content=\"1370\" \/>\n\t<meta property=\"og:image:height\" content=\"1028\" \/>\n\t<meta property=\"og:image:type\" content=\"image\/jpeg\" \/>\n<meta name=\"twitter:card\" content=\"summary_large_image\" \/>\n<meta name=\"twitter:label1\" content=\"Price\" \/>\n\t<meta name=\"twitter:data1\" content=\"&euro;0.00\" \/>\n\t<meta name=\"twitter:label2\" content=\"Availability\" \/>\n\t<meta name=\"twitter:data2\" content=\"Out of stock\" \/>\n<script type=\"application\/ld+json\" class=\"yoast-schema-graph\">{\"@context\":\"https:\\\/\\\/schema.org\",\"@graph\":[{\"@type\":\"WebPage\",\"@id\":\"https:\\\/\\\/mmkriepas.lv\\\/en\\\/p\\\/20555r16-goye-ugrip-9-riepa-91h\\\/\",\"url\":\"https:\\\/\\\/mmkriepas.lv\\\/en\\\/p\\\/20555r16-goye-ugrip-9-riepa-91h\\\/\",\"name\":\"205\\\/55R16 Goodyear UltraGrip 9+ 91T &#8226; MMK Riepas\",\"isPartOf\":{\"@id\":\"https:\\\/\\\/mmkriepas.lv\\\/en\\\/#website\"},\"primaryImageOfPage\":{\"@id\":\"https:\\\/\\\/mmkriepas.lv\\\/en\\\/p\\\/20555r16-goye-ugrip-9-riepa-91h\\\/#primaryimage\"},\"image\":{\"@id\":\"https:\\\/\\\/mmkriepas.lv\\\/en\\\/p\\\/20555r16-goye-ugrip-9-riepa-91h\\\/#primaryimage\"},\"thumbnailUrl\":\"https:\\\/\\\/mmkriepas.lv\\\/wp-content\\\/uploads\\\/2024\\\/02\\\/19565r15-goodyear-ultragrip-9-91t-ziemas-riepas.jpeg\",\"datePublished\":\"2018-10-03T00:46:12+00:00\",\"dateModified\":\"2025-03-07T15:44:24+00:00\",\"breadcrumb\":{\"@id\":\"https:\\\/\\\/mmkriepas.lv\\\/en\\\/p\\\/20555r16-goye-ugrip-9-riepa-91h\\\/#breadcrumb\"},\"inLanguage\":\"en-US\",\"potentialAction\":[{\"@type\":\"ReadAction\",\"target\":[\"https:\\\/\\\/mmkriepas.lv\\\/en\\\/p\\\/20555r16-goye-ugrip-9-riepa-91h\\\/\"]}]},{\"@type\":\"ImageObject\",\"inLanguage\":\"en-US\",\"@id\":\"https:\\\/\\\/mmkriepas.lv\\\/en\\\/p\\\/20555r16-goye-ugrip-9-riepa-91h\\\/#primaryimage\",\"url\":\"https:\\\/\\\/mmkriepas.lv\\\/wp-content\\\/uploads\\\/2024\\\/02\\\/19565r15-goodyear-ultragrip-9-91t-ziemas-riepas.jpeg\",\"contentUrl\":\"https:\\\/\\\/mmkriepas.lv\\\/wp-content\\\/uploads\\\/2024\\\/02\\\/19565r15-goodyear-ultragrip-9-91t-ziemas-riepas.jpeg\",\"width\":1370,\"height\":1028,\"caption\":\"195\\\/65R15 Goodyear UltraGrip 9+ 91T - Vissezonas riepas \\\/ Ziemas riepas\"},{\"@type\":\"BreadcrumbList\",\"@id\":\"https:\\\/\\\/mmkriepas.lv\\\/en\\\/p\\\/20555r16-goye-ugrip-9-riepa-91h\\\/#breadcrumb\",\"itemListElement\":[{\"@type\":\"ListItem\",\"position\":1,\"name\":\"S\u0101kums\",\"item\":\"https:\\\/\\\/mmkriepas.lv\\\/en\\\/\"},{\"@type\":\"ListItem\",\"position\":2,\"name\":\"205\\\/55R16 Goodyear UltraGrip 9+ 91T\"}]},{\"@type\":\"WebSite\",\"@id\":\"https:\\\/\\\/mmkriepas.lv\\\/en\\\/#website\",\"url\":\"https:\\\/\\\/mmkriepas.lv\\\/en\\\/\",\"name\":\"MMK Riepas\",\"description\":\"MMK Riepas\",\"alternateName\":\"MMK Riepu Serviss\",\"potentialAction\":[{\"@type\":\"SearchAction\",\"target\":{\"@type\":\"EntryPoint\",\"urlTemplate\":\"https:\\\/\\\/mmkriepas.lv\\\/en\\\/?s={search_term_string}\"},\"query-input\":{\"@type\":\"PropertyValueSpecification\",\"valueRequired\":true,\"valueName\":\"search_term_string\"}}],\"inLanguage\":\"en-US\"},{\"@type\":\"ImageObject\",\"inLanguage\":\"en-US\",\"@id\":\"https:\\\/\\\/mmkriepas.lv\\\/en\\\/p\\\/20555r16-goye-ugrip-9-riepa-91h\\\/#local-main-organization-logo\",\"url\":\"\",\"contentUrl\":\"\",\"caption\":\"MMK Riepas\"}]}<\/script>\n<meta property=\"product:brand\" content=\"Goodyear UltraGrip 9+\" \/>\n<meta property=\"product:price:amount\" content=\"0.00\" \/>\n<meta property=\"product:price:currency\" content=\"EUR\" \/>\n<meta property=\"og:availability\" content=\"out of stock\" \/>\n<meta property=\"product:availability\" content=\"out of stock\" \/>\n<meta property=\"product:retailer_item_id\" content=\"TW2055516GOODY-2491\" \/>\n<meta property=\"product:condition\" content=\"new\" \/>\n<!-- \/ Yoast SEO Premium plugin. -->","yoast_head_json":{"title":"205\/55R16 Goodyear UltraGrip 9+ 91T &#8226; MMK Riepas","robots":{"index":"index","follow":"follow","max-snippet":"max-snippet:-1","max-image-preview":"max-image-preview:large","max-video-preview":"max-video-preview:-1"},"canonical":"https:\/\/mmkriepas.lv\/en\/p\/20555r16-goye-ugrip-9-riepa-91h\/","og_locale":"en_US","og_type":"article","og_title":"205\/55R16 Goodyear UltraGrip 9+ 91T","og_description":"Goodyear UltraGrip 9+ ir augst\u0101k\u0101s kvalit\u0101tes jeb premium klases ziemas riepu modelis. Izce\u013cas ar izcil\u0101m sa\u0137eres \u012bpa\u0161\u012bb\u0101m gan uz sausa un slapja asfalta, gan ar\u012b snieg\u0101, k\u0101 ar\u012b ar paaugstin\u0101tu akusktisko un brauk\u0161anas gaitas komfortu. \u0160is riepu modelis, sprie\u017eot p\u0113c testiem un klientu atsauksm\u0113m, sp\u0113j nodro\u0161in\u0101t ar\u012b labu sa\u0137eri ar apledoju\u0161\u0101m ce\u013ca virsm\u0101m.","og_url":"https:\/\/mmkriepas.lv\/en\/p\/20555r16-goye-ugrip-9-riepa-91h\/","og_site_name":"MMK Riepas","article_publisher":"https:\/\/www.facebook.com\/mmkserviss\/","article_modified_time":"2025-03-07T15:44:24+00:00","og_image":[{"width":1370,"height":1028,"url":"https:\/\/mmkriepas.lv\/wp-content\/uploads\/2024\/02\/19565r15-goodyear-ultragrip-9-91t-ziemas-riepas.jpeg","type":"image\/jpeg"}],"twitter_card":"summary_large_image","twitter_misc":{"Price":"&euro;0.00","Availability":"Out of stock"},"schema":{"@context":"https:\/\/schema.org","@graph":[{"@type":"WebPage","@id":"https:\/\/mmkriepas.lv\/en\/p\/20555r16-goye-ugrip-9-riepa-91h\/","url":"https:\/\/mmkriepas.lv\/en\/p\/20555r16-goye-ugrip-9-riepa-91h\/","name":"205\/55R16 Goodyear UltraGrip 9+ 91T &#8226; MMK Riepas","isPartOf":{"@id":"https:\/\/mmkriepas.lv\/en\/#website"},"primaryImageOfPage":{"@id":"https:\/\/mmkriepas.lv\/en\/p\/20555r16-goye-ugrip-9-riepa-91h\/#primaryimage"},"image":{"@id":"https:\/\/mmkriepas.lv\/en\/p\/20555r16-goye-ugrip-9-riepa-91h\/#primaryimage"},"thumbnailUrl":"https:\/\/mmkriepas.lv\/wp-content\/uploads\/2024\/02\/19565r15-goodyear-ultragrip-9-91t-ziemas-riepas.jpeg","datePublished":"2018-10-03T00:46:12+00:00","dateModified":"2025-03-07T15:44:24+00:00","breadcrumb":{"@id":"https:\/\/mmkriepas.lv\/en\/p\/20555r16-goye-ugrip-9-riepa-91h\/#breadcrumb"},"inLanguage":"en-US","potentialAction":[{"@type":"ReadAction","target":["https:\/\/mmkriepas.lv\/en\/p\/20555r16-goye-ugrip-9-riepa-91h\/"]}]},{"@type":"ImageObject","inLanguage":"en-US","@id":"https:\/\/mmkriepas.lv\/en\/p\/20555r16-goye-ugrip-9-riepa-91h\/#primaryimage","url":"https:\/\/mmkriepas.lv\/wp-content\/uploads\/2024\/02\/19565r15-goodyear-ultragrip-9-91t-ziemas-riepas.jpeg","contentUrl":"https:\/\/mmkriepas.lv\/wp-content\/uploads\/2024\/02\/19565r15-goodyear-ultragrip-9-91t-ziemas-riepas.jpeg","width":1370,"height":1028,"caption":"195\/65R15 Goodyear UltraGrip 9+ 91T - Vissezonas riepas \/ Ziemas riepas"},{"@type":"BreadcrumbList","@id":"https:\/\/mmkriepas.lv\/en\/p\/20555r16-goye-ugrip-9-riepa-91h\/#breadcrumb","itemListElement":[{"@type":"ListItem","position":1,"name":"S\u0101kums","item":"https:\/\/mmkriepas.lv\/en\/"},{"@type":"ListItem","position":2,"name":"205\/55R16 Goodyear UltraGrip 9+ 91T"}]},{"@type":"WebSite","@id":"https:\/\/mmkriepas.lv\/en\/#website","url":"https:\/\/mmkriepas.lv\/en\/","name":"MMK Riepas","description":"MMK Riepas","alternateName":"MMK Riepu Serviss","potentialAction":[{"@type":"SearchAction","target":{"@type":"EntryPoint","urlTemplate":"https:\/\/mmkriepas.lv\/en\/?s={search_term_string}"},"query-input":{"@type":"PropertyValueSpecification","valueRequired":true,"valueName":"search_term_string"}}],"inLanguage":"en-US"},{"@type":"ImageObject","inLanguage":"en-US","@id":"https:\/\/mmkriepas.lv\/en\/p\/20555r16-goye-ugrip-9-riepa-91h\/#local-main-organization-logo","url":"","contentUrl":"","caption":"MMK Riepas"}]},"product_brand":"Goodyear UltraGrip 9+","product_price_amount":"0.00","product_price_currency":"EUR","og_availability":"out of stock","product_availability":"out of stock","product_retailer_item_id":"TW2055516GOODY-2491","product_condition":"new"},"_links":{"self":[{"href":"https:\/\/mmkriepas.lv\/en\/wp-json\/wp\/v2\/product\/73870","targetHints":{"allow":["GET"]}}],"collection":[{"href":"https:\/\/mmkriepas.lv\/en\/wp-json\/wp\/v2\/product"}],"about":[{"href":"https:\/\/mmkriepas.lv\/en\/wp-json\/wp\/v2\/types\/product"}],"wp:featuredmedia":[{"embeddable":true,"href":"https:\/\/mmkriepas.lv\/en\/wp-json\/wp\/v2\/media\/853863"}],"wp:attachment":[{"href":"https:\/\/mmkriepas.lv\/en\/wp-json\/wp\/v2\/media?parent=73870"}],"wp:term":[{"taxonomy":"product_brand","embeddable":true,"href":"https:\/\/mmkriepas.lv\/en\/wp-json\/wp\/v2\/product_brand?post=73870"},{"taxonomy":"product_cat","embeddable":true,"href":"https:\/\/mmkriepas.lv\/en\/wp-json\/wp\/v2\/product_cat?post=73870"},{"taxonomy":"product_tag","embeddable":true,"href":"https:\/\/mmkriepas.lv\/en\/wp-json\/wp\/v2\/product_tag?post=73870"}],"curies":[{"name":"wp","href":"https:\/\/api.w.org\/{rel}","templated":true}]}}