{"id":730751,"date":"2023-05-25T13:06:44","date_gmt":"2023-05-25T10:06:44","guid":{"rendered":"https:\/\/mmkserviss.lv\/?post_type=product&#038;p=730751"},"modified":"2026-03-27T13:30:29","modified_gmt":"2026-03-27T11:30:29","slug":"205-60r16-norrsken-ice-razor-96h-xl-ar-radzem","status":"publish","type":"product","link":"https:\/\/mmkriepas.lv\/en\/p\/205-60r16-norrsken-ice-razor-96h-xl-ar-radzem\/","title":{"rendered":"205\/60R16 Norrsken Ice Razor 96H XL ar radz\u0113m"},"content":{"rendered":"<p><strong>Norrsken Ice Razor <\/strong>ir rad\u017eojama, It\u0101lij\u0101 <strong>atjaunota<\/strong> ziemas riepa, kas paredz\u0113ta bargiem ziemas apst\u0101k\u013ciem un izce\u013cas ar augst\u0101m veiktsp\u0113jas \u012bpa\u0161\u012bb\u0101m par sal\u012bdzino\u0161i zemu cenu. \u0160\u012b bud\u017eeta klases riepa der\u0113s lielai da\u013cai popul\u0101r\u0101ko m\u016bsdienu auto mode\u013cu.\u00a0 \u0160\u012b mode\u013ca izgatavo\u0161an\u0101 izmanto atjaunotus premium riepu karkasus. Tiei tiek r\u016bp\u012bgi izv\u0113l\u0113ti, lai izgatavo\u0161an\u0101 neiek\u013cautu defekt\u012bvus vai nolietotus karkasus.\u00a0\u0160is modelis pieejams gan ar radz\u0113m, gan bez t\u0101m!<\/p>\n<p><strong>Norrsken Ice Razor galven\u0101s iez\u012bmes<\/strong><\/p>\n<p>+Augstas kvalit\u0101tes riepas karkass.<\/p>\n<p>+Uzlabota manevr\u0113tsp\u0113ja, pateicoties palielin\u0101tiem protektora centr\u0101l\u0101s virknes blokiem.<\/p>\n<p>+Laba sa\u0137ere ar mitr\u0101m un sliden\u0101m ce\u013ca virsm\u0101m.<\/p>\n<p>+T\u00dcV NORD sertifik\u0101cija.<\/p>\n<p>+Lieliska cenas\/veiktsp\u0113jas attiec\u012bba!<\/p>\n<p><strong>Ice Razor protektora \u012bpa\u0161\u012bbas<\/strong><\/p>\n<p>Ice Razor protektors ir virz\u012bta tipa, lai riepa lab\u0101k veidotu sa\u0137eri ar mitr\u0101m un sliden\u0101m ce\u013ca virsm\u0101m. Protektora blokos bl\u012bvi iestr\u0101d\u0101ti vair\u0101ki t\u016bksto\u0161i lame\u013cu, kas, tand\u0113m\u0101 ar radz\u0113m, burtiski iec\u0113rtas ledus virsm\u0101, ar slideno virsmu veidojot sa\u0137eri. Norrsken Ice Razor ir ekolo\u0123isks produkts, \u0161o riepu karkasiem tiek izmantoti\u00a0 r\u016bp\u012bgi atjaunoti premium klases riepu karkasi. Protektora raksts ir izgatavots no augstas kvalit\u0101tes gumijas mais\u012bjuma, kuram pievienoti vair\u0101ki elastrom\u0113ri, lai riepa saglab\u0101tu elast\u012bbu pat viszem\u0101kaj\u0101s gaisa temperat\u016br\u0101s, turkl\u0101t tas apr\u012bkots ar virkni elementu, kas b\u016btiski uzlabo sa\u0137eri ar vissliden\u0101kaj\u0101m ce\u013ca virsm\u0101m.<\/p>\n<p>Norrsken Ice Razor mode\u013ca lieto\u0161anas dro\u0161\u012bbu ziemas laika apst\u0101k\u013cos un t\u0101 atbilst\u012bbu valst\u012bm ar oblig\u0101tu sezon\u0101lo riepu mai\u0146u apstiprina mar\u0137\u0113jums sniegp\u0101rslas form\u0101 uz kalna fona ar trim virsotn\u0113m (3PMSF). MMK Serviss rekomend\u0113!<\/p>\n<p>Par riepu piem\u0113rot\u012bbu, izm\u0113riem un saist\u012btajiem jaut\u0101jumiem dro\u0161i zvaniet m\u016bsu speci\u0101listiem. Pal\u012bdz\u0113sim ar padomu un pied\u0101v\u0101sim lab\u0101ko risin\u0101jumu.<\/p>\n","protected":false},"excerpt":{"rendered":"<p><strong>Norrsken Ice Razor <\/strong>ir rad\u017eojama, It\u0101lij\u0101 <strong>atjaunota<\/strong> ziemas riepa, kas paredz\u0113ta bargiem ziemas apst\u0101k\u013ciem un izce\u013cas ar augst\u0101m veiktsp\u0113jas \u012bpa\u0161\u012bb\u0101m par sal\u012bdzino\u0161i zemu cenu. \u0160\u012b bud\u017eeta klases riepa der\u0113s lielai da\u013cai popul\u0101r\u0101ko m\u016bsdienu auto mode\u013cu.\u00a0 \u0160\u012b mode\u013ca izgatavo\u0161an\u0101 izmanto atjaunotus premium riepu karkasus. Tiei tiek r\u016bp\u012bgi izv\u0113l\u0113ti, lai izgatavo\u0161an\u0101 neiek\u013cautu defekt\u012bvus vai nolietotus karkasus.\u00a0\u0160is modelis pieejams gan ar radz\u0113m, gan bez t\u0101m!<\/p>\n","protected":false},"featured_media":1118742,"template":"","meta":{"_acf_changed":false,"ngg_post_thumbnail":0},"product_brand":[],"product_cat":[45,48],"product_tag":[],"class_list":{"0":"post-730751","1":"product","2":"type-product","3":"status-publish","4":"has-post-thumbnail","6":"product_cat-ziemas-riepas","7":"product_cat-ziemas-ar-radzem","9":"first","10":"instock","11":"sale","12":"taxable","13":"shipping-taxable","14":"purchasable","15":"product-type-simple"},"acf":[],"yoast_head":"<!-- This site is optimized with the Yoast SEO Premium plugin v22.6 (Yoast SEO v27.3) - https:\/\/yoast.com\/product\/yoast-seo-premium-wordpress\/ -->\n<title>205\/60R16 Norrsken Ice Razor 96H XL ar radz\u0113m &#8226; MMK Riepas<\/title>\n<meta name=\"robots\" content=\"index, follow, max-snippet:-1, max-image-preview:large, max-video-preview:-1\" \/>\n<link rel=\"canonical\" href=\"https:\/\/mmkriepas.lv\/en\/p\/205-60r16-norrsken-ice-razor-96h-xl-ar-radzem\/\" \/>\n<meta property=\"og:locale\" content=\"en_US\" \/>\n<meta property=\"og:type\" content=\"article\" \/>\n<meta property=\"og:title\" content=\"205\/60R16 Norrsken Ice Razor 96H XL ar radz\u0113m\" \/>\n<meta property=\"og:description\" content=\"Norrsken Ice Razor ir rad\u017eojama, It\u0101lij\u0101 atjaunota ziemas riepa, kas paredz\u0113ta bargiem ziemas apst\u0101k\u013ciem un izce\u013cas ar augst\u0101m veiktsp\u0113jas \u012bpa\u0161\u012bb\u0101m par sal\u012bdzino\u0161i zemu cenu. \u0160\u012b bud\u017eeta klases riepa der\u0113s lielai da\u013cai popul\u0101r\u0101ko m\u016bsdienu auto mode\u013cu.\u00a0 \u0160\u012b mode\u013ca izgatavo\u0161an\u0101 izmanto atjaunotus premium riepu karkasus. Tiei tiek r\u016bp\u012bgi izv\u0113l\u0113ti, lai izgatavo\u0161an\u0101 neiek\u013cautu defekt\u012bvus vai nolietotus karkasus.\u00a0\u0160is modelis pieejams gan ar radz\u0113m, gan bez t\u0101m!\" \/>\n<meta property=\"og:url\" content=\"https:\/\/mmkriepas.lv\/en\/p\/205-60r16-norrsken-ice-razor-96h-xl-ar-radzem\/\" \/>\n<meta property=\"og:site_name\" content=\"MMK Riepas\" \/>\n<meta property=\"article:publisher\" content=\"https:\/\/www.facebook.com\/mmkserviss\/\" \/>\n<meta property=\"article:modified_time\" content=\"2026-03-27T11:30:29+00:00\" \/>\n<meta property=\"og:image\" content=\"https:\/\/mmkriepas.lv\/wp-content\/uploads\/2024\/10\/NORRSKEN-ICE-RAZOR-AR-RADZEM.jpg\" \/>\n\t<meta property=\"og:image:width\" content=\"900\" \/>\n\t<meta property=\"og:image:height\" content=\"720\" \/>\n\t<meta property=\"og:image:type\" content=\"image\/jpeg\" \/>\n<meta name=\"twitter:card\" content=\"summary_large_image\" \/>\n<meta name=\"twitter:label1\" content=\"Price\" \/>\n\t<meta name=\"twitter:data1\" content=\"&euro;56.00\" \/>\n\t<meta name=\"twitter:label2\" content=\"Availability\" \/>\n\t<meta name=\"twitter:data2\" content=\"In stock\" \/>\n<script type=\"application\/ld+json\" class=\"yoast-schema-graph\">{\"@context\":\"https:\\\/\\\/schema.org\",\"@graph\":[{\"@type\":\"WebPage\",\"@id\":\"https:\\\/\\\/mmkriepas.lv\\\/en\\\/p\\\/205-60r16-norrsken-ice-razor-96h-xl-ar-radzem\\\/\",\"url\":\"https:\\\/\\\/mmkriepas.lv\\\/en\\\/p\\\/205-60r16-norrsken-ice-razor-96h-xl-ar-radzem\\\/\",\"name\":\"205\\\/60R16 Norrsken Ice Razor 96H XL ar radz\u0113m &#8226; MMK Riepas\",\"isPartOf\":{\"@id\":\"https:\\\/\\\/mmkriepas.lv\\\/en\\\/#website\"},\"primaryImageOfPage\":{\"@id\":\"https:\\\/\\\/mmkriepas.lv\\\/en\\\/p\\\/205-60r16-norrsken-ice-razor-96h-xl-ar-radzem\\\/#primaryimage\"},\"image\":{\"@id\":\"https:\\\/\\\/mmkriepas.lv\\\/en\\\/p\\\/205-60r16-norrsken-ice-razor-96h-xl-ar-radzem\\\/#primaryimage\"},\"thumbnailUrl\":\"https:\\\/\\\/mmkriepas.lv\\\/wp-content\\\/uploads\\\/2024\\\/10\\\/NORRSKEN-ICE-RAZOR-AR-RADZEM.jpg\",\"datePublished\":\"2023-05-25T10:06:44+00:00\",\"dateModified\":\"2026-03-27T11:30:29+00:00\",\"breadcrumb\":{\"@id\":\"https:\\\/\\\/mmkriepas.lv\\\/en\\\/p\\\/205-60r16-norrsken-ice-razor-96h-xl-ar-radzem\\\/#breadcrumb\"},\"inLanguage\":\"en-US\",\"potentialAction\":[{\"@type\":\"ReadAction\",\"target\":[\"https:\\\/\\\/mmkriepas.lv\\\/en\\\/p\\\/205-60r16-norrsken-ice-razor-96h-xl-ar-radzem\\\/\"]}]},{\"@type\":\"ImageObject\",\"inLanguage\":\"en-US\",\"@id\":\"https:\\\/\\\/mmkriepas.lv\\\/en\\\/p\\\/205-60r16-norrsken-ice-razor-96h-xl-ar-radzem\\\/#primaryimage\",\"url\":\"https:\\\/\\\/mmkriepas.lv\\\/wp-content\\\/uploads\\\/2024\\\/10\\\/NORRSKEN-ICE-RAZOR-AR-RADZEM.jpg\",\"contentUrl\":\"https:\\\/\\\/mmkriepas.lv\\\/wp-content\\\/uploads\\\/2024\\\/10\\\/NORRSKEN-ICE-RAZOR-AR-RADZEM.jpg\",\"width\":900,\"height\":720,\"caption\":\"MAIN\"},{\"@type\":\"BreadcrumbList\",\"@id\":\"https:\\\/\\\/mmkriepas.lv\\\/en\\\/p\\\/205-60r16-norrsken-ice-razor-96h-xl-ar-radzem\\\/#breadcrumb\",\"itemListElement\":[{\"@type\":\"ListItem\",\"position\":1,\"name\":\"S\u0101kums\",\"item\":\"https:\\\/\\\/mmkriepas.lv\\\/en\\\/\"},{\"@type\":\"ListItem\",\"position\":2,\"name\":\"205\\\/60R16 Norrsken Ice Razor 96H XL ar radz\u0113m\"}]},{\"@type\":\"WebSite\",\"@id\":\"https:\\\/\\\/mmkriepas.lv\\\/en\\\/#website\",\"url\":\"https:\\\/\\\/mmkriepas.lv\\\/en\\\/\",\"name\":\"MMK Riepas\",\"description\":\"MMK Riepas\",\"alternateName\":\"MMK Riepu Serviss\",\"potentialAction\":[{\"@type\":\"SearchAction\",\"target\":{\"@type\":\"EntryPoint\",\"urlTemplate\":\"https:\\\/\\\/mmkriepas.lv\\\/en\\\/?s={search_term_string}\"},\"query-input\":{\"@type\":\"PropertyValueSpecification\",\"valueRequired\":true,\"valueName\":\"search_term_string\"}}],\"inLanguage\":\"en-US\"},{\"@type\":\"ImageObject\",\"inLanguage\":\"en-US\",\"@id\":\"https:\\\/\\\/mmkriepas.lv\\\/en\\\/p\\\/205-60r16-norrsken-ice-razor-96h-xl-ar-radzem\\\/#local-main-organization-logo\",\"url\":\"\",\"contentUrl\":\"\",\"caption\":\"MMK Riepas\"}]}<\/script>\n<meta property=\"product:brand\" content=\"Norrsken Ice Razor\" \/>\n<meta property=\"product:price:amount\" content=\"56.00\" \/>\n<meta property=\"product:price:currency\" content=\"EUR\" \/>\n<meta property=\"og:availability\" content=\"instock\" \/>\n<meta property=\"product:availability\" content=\"instock\" \/>\n<meta property=\"product:retailer_item_id\" content=\"TR2056016NORRS-L26764\" \/>\n<meta property=\"product:condition\" content=\"new\" \/>\n<!-- \/ Yoast SEO Premium plugin. -->","yoast_head_json":{"title":"205\/60R16 Norrsken Ice Razor 96H XL ar radz\u0113m &#8226; MMK Riepas","robots":{"index":"index","follow":"follow","max-snippet":"max-snippet:-1","max-image-preview":"max-image-preview:large","max-video-preview":"max-video-preview:-1"},"canonical":"https:\/\/mmkriepas.lv\/en\/p\/205-60r16-norrsken-ice-razor-96h-xl-ar-radzem\/","og_locale":"en_US","og_type":"article","og_title":"205\/60R16 Norrsken Ice Razor 96H XL ar radz\u0113m","og_description":"Norrsken Ice Razor ir rad\u017eojama, It\u0101lij\u0101 atjaunota ziemas riepa, kas paredz\u0113ta bargiem ziemas apst\u0101k\u013ciem un izce\u013cas ar augst\u0101m veiktsp\u0113jas \u012bpa\u0161\u012bb\u0101m par sal\u012bdzino\u0161i zemu cenu. \u0160\u012b bud\u017eeta klases riepa der\u0113s lielai da\u013cai popul\u0101r\u0101ko m\u016bsdienu auto mode\u013cu.\u00a0 \u0160\u012b mode\u013ca izgatavo\u0161an\u0101 izmanto atjaunotus premium riepu karkasus. Tiei tiek r\u016bp\u012bgi izv\u0113l\u0113ti, lai izgatavo\u0161an\u0101 neiek\u013cautu defekt\u012bvus vai nolietotus karkasus.\u00a0\u0160is modelis pieejams gan ar radz\u0113m, gan bez t\u0101m!","og_url":"https:\/\/mmkriepas.lv\/en\/p\/205-60r16-norrsken-ice-razor-96h-xl-ar-radzem\/","og_site_name":"MMK Riepas","article_publisher":"https:\/\/www.facebook.com\/mmkserviss\/","article_modified_time":"2026-03-27T11:30:29+00:00","og_image":[{"width":900,"height":720,"url":"https:\/\/mmkriepas.lv\/wp-content\/uploads\/2024\/10\/NORRSKEN-ICE-RAZOR-AR-RADZEM.jpg","type":"image\/jpeg"}],"twitter_card":"summary_large_image","twitter_misc":{"Price":"&euro;56.00","Availability":"In stock"},"schema":{"@context":"https:\/\/schema.org","@graph":[{"@type":"WebPage","@id":"https:\/\/mmkriepas.lv\/en\/p\/205-60r16-norrsken-ice-razor-96h-xl-ar-radzem\/","url":"https:\/\/mmkriepas.lv\/en\/p\/205-60r16-norrsken-ice-razor-96h-xl-ar-radzem\/","name":"205\/60R16 Norrsken Ice Razor 96H XL ar radz\u0113m &#8226; MMK Riepas","isPartOf":{"@id":"https:\/\/mmkriepas.lv\/en\/#website"},"primaryImageOfPage":{"@id":"https:\/\/mmkriepas.lv\/en\/p\/205-60r16-norrsken-ice-razor-96h-xl-ar-radzem\/#primaryimage"},"image":{"@id":"https:\/\/mmkriepas.lv\/en\/p\/205-60r16-norrsken-ice-razor-96h-xl-ar-radzem\/#primaryimage"},"thumbnailUrl":"https:\/\/mmkriepas.lv\/wp-content\/uploads\/2024\/10\/NORRSKEN-ICE-RAZOR-AR-RADZEM.jpg","datePublished":"2023-05-25T10:06:44+00:00","dateModified":"2026-03-27T11:30:29+00:00","breadcrumb":{"@id":"https:\/\/mmkriepas.lv\/en\/p\/205-60r16-norrsken-ice-razor-96h-xl-ar-radzem\/#breadcrumb"},"inLanguage":"en-US","potentialAction":[{"@type":"ReadAction","target":["https:\/\/mmkriepas.lv\/en\/p\/205-60r16-norrsken-ice-razor-96h-xl-ar-radzem\/"]}]},{"@type":"ImageObject","inLanguage":"en-US","@id":"https:\/\/mmkriepas.lv\/en\/p\/205-60r16-norrsken-ice-razor-96h-xl-ar-radzem\/#primaryimage","url":"https:\/\/mmkriepas.lv\/wp-content\/uploads\/2024\/10\/NORRSKEN-ICE-RAZOR-AR-RADZEM.jpg","contentUrl":"https:\/\/mmkriepas.lv\/wp-content\/uploads\/2024\/10\/NORRSKEN-ICE-RAZOR-AR-RADZEM.jpg","width":900,"height":720,"caption":"MAIN"},{"@type":"BreadcrumbList","@id":"https:\/\/mmkriepas.lv\/en\/p\/205-60r16-norrsken-ice-razor-96h-xl-ar-radzem\/#breadcrumb","itemListElement":[{"@type":"ListItem","position":1,"name":"S\u0101kums","item":"https:\/\/mmkriepas.lv\/en\/"},{"@type":"ListItem","position":2,"name":"205\/60R16 Norrsken Ice Razor 96H XL ar radz\u0113m"}]},{"@type":"WebSite","@id":"https:\/\/mmkriepas.lv\/en\/#website","url":"https:\/\/mmkriepas.lv\/en\/","name":"MMK Riepas","description":"MMK Riepas","alternateName":"MMK Riepu Serviss","potentialAction":[{"@type":"SearchAction","target":{"@type":"EntryPoint","urlTemplate":"https:\/\/mmkriepas.lv\/en\/?s={search_term_string}"},"query-input":{"@type":"PropertyValueSpecification","valueRequired":true,"valueName":"search_term_string"}}],"inLanguage":"en-US"},{"@type":"ImageObject","inLanguage":"en-US","@id":"https:\/\/mmkriepas.lv\/en\/p\/205-60r16-norrsken-ice-razor-96h-xl-ar-radzem\/#local-main-organization-logo","url":"","contentUrl":"","caption":"MMK Riepas"}]},"product_brand":"Norrsken Ice Razor","product_price_amount":"56.00","product_price_currency":"EUR","og_availability":"instock","product_availability":"instock","product_retailer_item_id":"TR2056016NORRS-L26764","product_condition":"new"},"_links":{"self":[{"href":"https:\/\/mmkriepas.lv\/en\/wp-json\/wp\/v2\/product\/730751","targetHints":{"allow":["GET"]}}],"collection":[{"href":"https:\/\/mmkriepas.lv\/en\/wp-json\/wp\/v2\/product"}],"about":[{"href":"https:\/\/mmkriepas.lv\/en\/wp-json\/wp\/v2\/types\/product"}],"wp:featuredmedia":[{"embeddable":true,"href":"https:\/\/mmkriepas.lv\/en\/wp-json\/wp\/v2\/media\/1118742"}],"wp:attachment":[{"href":"https:\/\/mmkriepas.lv\/en\/wp-json\/wp\/v2\/media?parent=730751"}],"wp:term":[{"taxonomy":"product_brand","embeddable":true,"href":"https:\/\/mmkriepas.lv\/en\/wp-json\/wp\/v2\/product_brand?post=730751"},{"taxonomy":"product_cat","embeddable":true,"href":"https:\/\/mmkriepas.lv\/en\/wp-json\/wp\/v2\/product_cat?post=730751"},{"taxonomy":"product_tag","embeddable":true,"href":"https:\/\/mmkriepas.lv\/en\/wp-json\/wp\/v2\/product_tag?post=730751"}],"curies":[{"name":"wp","href":"https:\/\/api.w.org\/{rel}","templated":true}]}}