{"id":730724,"date":"2023-05-25T13:05:39","date_gmt":"2023-05-25T10:05:39","guid":{"rendered":"https:\/\/mmkserviss.lv\/?post_type=product&#038;p=730724"},"modified":"2026-03-27T13:30:20","modified_gmt":"2026-03-27T11:30:20","slug":"215-65r16-hankook-winter-icept-rs3-w462-98h-2","status":"publish","type":"product","link":"https:\/\/mmkriepas.lv\/en\/p\/215-65r16-hankook-winter-icept-rs3-w462-98h-2\/","title":{"rendered":"215\/65R16 Hankook Winter i*cept RS3 W462 98H"},"content":{"rendered":"<p style=\"margin: 12.0pt 0cm 12.0pt 0cm;\"><b><span style=\"font-size: 11.0pt; font-family: 'Arial',sans-serif; color: black;\">Hankook Winter i&#8217;cept RS3 W462 <\/span><\/b><span style=\"font-size: 11.0pt; font-family: 'Arial',sans-serif; color: black;\">ir teicamas kvalit\u0101tes, vid\u0113j\u0101s klases vissezonas riepu modelis. Izce\u013cas ar teicam\u0101m sa\u0137eres, manevr\u0113tsp\u0113jas un brauk\u0161anas komforta \u012bpa\u0161\u012bb\u0101m pla\u0161\u0101 brauk\u0161anas apst\u0101k\u013cu diapazon\u0101. Piem\u0113rots vieglaj\u0101m automa\u0161\u012bn\u0101m un miniveniem un pieejams izm\u0113ros no R15, l\u012bdz R17. \u0160is riepu modelis paredz\u0113ts Centr\u0101leiropas klimatiskajiem apst\u0101k\u013ciem, padarot to piem\u0113rotu tiem Latvijas autobrauc\u0113jiem, kas ziem\u0101 p\u0101rvietojas pa pils\u0113tu un \u0161oseju, izvairoties no grants vai me\u017ea ce\u013ciem.<\/span><o:p><\/o:p><\/p>\n<h3 style=\"margin: 14.0pt 0cm 4.0pt 0cm;\"><span style=\"font-size: 13.0pt; font-family: 'Arial',sans-serif; color: black;\">Hankook Winter i&#8217;cept RS3 W462 galven\u0101s iez\u012bmes<\/span><o:p><\/o:p><\/h3>\n<p style=\"margin: 12.0pt 0cm 12.0pt 0cm;\"><span style=\"font-size: 11.0pt; font-family: 'Arial',sans-serif; color: black;\">+ Teicama sa\u0137ere gan ar sausu un slapju asfaltu, gan ar\u012b snieg\u0101.<\/span><o:p><\/o:p><\/p>\n<p style=\"margin: 12.0pt 0cm 12.0pt 0cm;\"><span style=\"font-size: 11.0pt; font-family: 'Arial',sans-serif; color: black;\">+ Palielin\u0101ta nodilumiztur\u012bba.<\/span><o:p><\/o:p><\/p>\n<p style=\"margin: 12.0pt 0cm 12.0pt 0cm;\"><span style=\"font-size: 11.0pt; font-family: 'Arial',sans-serif; color: black;\">+ Zems akvaplan\u0113\u0161anas risks, pateicoties augsti att\u012bst\u012btai dren\u0101\u017eas jeb \u016bdens novadkan\u0101lu sist\u0113mai.<\/span><o:p><\/o:p><\/p>\n<p style=\"margin: 12.0pt 0cm 12.0pt 0cm;\"><span style=\"font-size: 11.0pt; font-family: 'Arial',sans-serif; color: black;\">+ Aqua Pine Compound tehnolo\u0123ija riepas gumijas sast\u0101v\u0101 pal\u012bdz riepai piel\u0101goties pla\u0161am temperat\u016bru diapazonam.<\/span><o:p><\/o:p><\/p>\n<h3 style=\"margin: 14.0pt 0cm 4.0pt 0cm;\"><span style=\"font-size: 13.0pt; font-family: 'Arial',sans-serif; color: black;\">RS3 W462 apr\u012bkojums<\/span><o:p><\/o:p><\/h3>\n<p style=\"margin: 12.0pt 0cm 12.0pt 0cm;\"><b><span style=\"font-size: 11.0pt; font-family: 'Arial',sans-serif; color: black;\">Hankook Winter i&#8217;cept RS3 W462 <\/span><\/b><span style=\"font-size: 11.0pt; font-family: 'Arial',sans-serif; color: black;\">vissezonas jeb m+s riepas apr\u012bkotas ar unik\u0101la dizaina virzienveida protektoru. Apl\u016bkojot protektoru, redzams, ka tam ir virzienveida elementi, kas v\u0113rsti gan brauk\u0161anas virzien\u0101, gan pret\u0113ji tam. \u0160\u0101ds risin\u0101jums izmantots, lai b\u016btiski uzlabotu riepu veiktsp\u0113ju snieg\u0101.\u00a0<\/span><o:p><\/o:p><\/p>\n<p style=\"margin: 12.0pt 0cm 12.0pt 0cm;\"><span style=\"font-size: 11.0pt; font-family: 'Arial',sans-serif; color: black;\">V- veida protektora bloki bru\u0146oti ar 3D Winter Sipe tehnolo\u0123ijas lamel\u0113m. T\u0101s b\u016btiski uzlabo sa\u0137eri ar ce\u013cu, k\u0101 ar\u012b palielina kontakta virsmu ar ce\u013cu, savstarp\u0113ji blo\u0137\u0113joties.\u00a0<\/span><o:p><\/o:p><\/p>\n<p style=\"margin: 12.0pt 0cm 12.0pt 0cm;\"><span style=\"font-size: 11.0pt; font-family: 'Arial',sans-serif; color: black;\">\u0160is riepu modelis darin\u0101ts no Aqua Pine Compound tehnolo\u0123ijas gumijas sakaus\u0113juma. Tam pievienotais Sil\u012bcija dioks\u012bds pal\u012bdz riepai efekt\u012bvi, saglab\u0101jot elast\u012bbu, piel\u0101goties pla\u0161am temperat\u016bru diapazonam. V\u0113rts min\u0113t, ka elast\u012bga riepa krietni lab\u0101k veido sa\u0137eri ar ce\u013cu. Savuk\u0101rt, nodilumiztur\u012bbu nodro\u0161ina vair\u0101ki dab\u012bgie materi\u0101li &#8211; kau\u010duks un pat prie\u017eu sve\u0137i, kas pievienoti riepas gumijas sast\u0101vam, padarot \u0161o ar\u012b par dabai draudz\u012bg\u0101ku izv\u0113li.<\/span><\/p>\n","protected":false},"excerpt":{"rendered":"<p><b><span style=\"font-size: 11.0pt; font-family: 'Arial',sans-serif; color: black;\">Hankook Winter i&#8217;cept RS3 W462 <\/span><\/b><span style=\"font-size: 11.0pt; font-family: 'Arial',sans-serif; color: black;\">ir teicamas kvalit\u0101tes, vid\u0113j\u0101s klases vissezonas riepu modelis. Izce\u013cas ar teicam\u0101m sa\u0137eres, manevr\u0113tsp\u0113jas un brauk\u0161anas komforta \u012bpa\u0161\u012bb\u0101m pla\u0161\u0101 brauk\u0161anas apst\u0101k\u013cu diapazon\u0101. Piem\u0113rots vieglaj\u0101m automa\u0161\u012bn\u0101m un miniveniem un pieejams izm\u0113ros no R15, l\u012bdz R17. \u0160is riepu modelis paredz\u0113ts Centr\u0101leiropas klimatiskajiem apst\u0101k\u013ciem, padarot to piem\u0113rotu tiem Latvijas autobrauc\u0113jiem, kas ziem\u0101 p\u0101rvietojas pa pils\u0113tu un \u0161oseju, izvairoties no grants vai me\u017ea ce\u013ciem.<\/span><\/p>\n","protected":false},"featured_media":1157417,"template":"","meta":{"_acf_changed":false,"ngg_post_thumbnail":0},"product_brand":[],"product_cat":[23644,23643],"product_tag":[],"class_list":{"0":"post-730724","1":"product","2":"type-product","3":"status-publish","4":"has-post-thumbnail","6":"product_cat-all-season-tyres","7":"product_cat-winter-tyres","9":"first","10":"instock","11":"sale","12":"taxable","13":"shipping-taxable","14":"purchasable","15":"product-type-simple"},"acf":[],"yoast_head":"<!-- This site is optimized with the Yoast SEO Premium plugin v22.6 (Yoast SEO v27.3) - https:\/\/yoast.com\/product\/yoast-seo-premium-wordpress\/ -->\n<title>215\/65R16 Hankook Winter i*cept RS3 W462 98H &#8226; MMK Riepas<\/title>\n<meta name=\"robots\" content=\"index, follow, max-snippet:-1, max-image-preview:large, max-video-preview:-1\" \/>\n<link rel=\"canonical\" href=\"https:\/\/mmkriepas.lv\/en\/p\/215-65r16-hankook-winter-icept-rs3-w462-98h-2\/\" \/>\n<meta property=\"og:locale\" content=\"en_US\" \/>\n<meta property=\"og:type\" content=\"article\" \/>\n<meta property=\"og:title\" content=\"215\/65R16 Hankook Winter i*cept RS3 W462 98H\" \/>\n<meta property=\"og:description\" content=\"Hankook Winter i&#039;cept RS3 W462 ir teicamas kvalit\u0101tes, vid\u0113j\u0101s klases vissezonas riepu modelis. Izce\u013cas ar teicam\u0101m sa\u0137eres, manevr\u0113tsp\u0113jas un brauk\u0161anas komforta \u012bpa\u0161\u012bb\u0101m pla\u0161\u0101 brauk\u0161anas apst\u0101k\u013cu diapazon\u0101. Piem\u0113rots vieglaj\u0101m automa\u0161\u012bn\u0101m un miniveniem un pieejams izm\u0113ros no R15, l\u012bdz R17. \u0160is riepu modelis paredz\u0113ts Centr\u0101leiropas klimatiskajiem apst\u0101k\u013ciem, padarot to piem\u0113rotu tiem Latvijas autobrauc\u0113jiem, kas ziem\u0101 p\u0101rvietojas pa pils\u0113tu un \u0161oseju, izvairoties no grants vai me\u017ea ce\u013ciem.\" \/>\n<meta property=\"og:url\" content=\"https:\/\/mmkriepas.lv\/en\/p\/215-65r16-hankook-winter-icept-rs3-w462-98h-2\/\" \/>\n<meta property=\"og:site_name\" content=\"MMK Riepas\" \/>\n<meta property=\"article:publisher\" content=\"https:\/\/www.facebook.com\/mmkserviss\/\" \/>\n<meta property=\"article:modified_time\" content=\"2026-03-27T11:30:20+00:00\" \/>\n<meta property=\"og:image\" content=\"https:\/\/mmkriepas.lv\/wp-content\/uploads\/2025\/01\/17565r15-hankook-winter-icept-rs3-w462-84t-ziemas-riepas.jpg\" \/>\n\t<meta property=\"og:image:width\" content=\"900\" \/>\n\t<meta property=\"og:image:height\" content=\"720\" \/>\n\t<meta property=\"og:image:type\" content=\"image\/jpeg\" \/>\n<meta name=\"twitter:card\" content=\"summary_large_image\" \/>\n<meta name=\"twitter:label1\" content=\"Price\" \/>\n\t<meta name=\"twitter:data1\" content=\"&euro;108.00\" \/>\n\t<meta name=\"twitter:label2\" content=\"Availability\" \/>\n\t<meta name=\"twitter:data2\" content=\"In stock\" \/>\n<script type=\"application\/ld+json\" class=\"yoast-schema-graph\">{\"@context\":\"https:\\\/\\\/schema.org\",\"@graph\":[{\"@type\":\"WebPage\",\"@id\":\"https:\\\/\\\/mmkriepas.lv\\\/en\\\/p\\\/215-65r16-hankook-winter-icept-rs3-w462-98h-2\\\/\",\"url\":\"https:\\\/\\\/mmkriepas.lv\\\/en\\\/p\\\/215-65r16-hankook-winter-icept-rs3-w462-98h-2\\\/\",\"name\":\"215\\\/65R16 Hankook Winter i*cept RS3 W462 98H &#8226; MMK Riepas\",\"isPartOf\":{\"@id\":\"https:\\\/\\\/mmkriepas.lv\\\/en\\\/#website\"},\"primaryImageOfPage\":{\"@id\":\"https:\\\/\\\/mmkriepas.lv\\\/en\\\/p\\\/215-65r16-hankook-winter-icept-rs3-w462-98h-2\\\/#primaryimage\"},\"image\":{\"@id\":\"https:\\\/\\\/mmkriepas.lv\\\/en\\\/p\\\/215-65r16-hankook-winter-icept-rs3-w462-98h-2\\\/#primaryimage\"},\"thumbnailUrl\":\"https:\\\/\\\/mmkriepas.lv\\\/wp-content\\\/uploads\\\/2025\\\/01\\\/17565r15-hankook-winter-icept-rs3-w462-84t-ziemas-riepas.jpg\",\"datePublished\":\"2023-05-25T10:05:39+00:00\",\"dateModified\":\"2026-03-27T11:30:20+00:00\",\"breadcrumb\":{\"@id\":\"https:\\\/\\\/mmkriepas.lv\\\/en\\\/p\\\/215-65r16-hankook-winter-icept-rs3-w462-98h-2\\\/#breadcrumb\"},\"inLanguage\":\"en-US\",\"potentialAction\":[{\"@type\":\"ReadAction\",\"target\":[\"https:\\\/\\\/mmkriepas.lv\\\/en\\\/p\\\/215-65r16-hankook-winter-icept-rs3-w462-98h-2\\\/\"]}]},{\"@type\":\"ImageObject\",\"inLanguage\":\"en-US\",\"@id\":\"https:\\\/\\\/mmkriepas.lv\\\/en\\\/p\\\/215-65r16-hankook-winter-icept-rs3-w462-98h-2\\\/#primaryimage\",\"url\":\"https:\\\/\\\/mmkriepas.lv\\\/wp-content\\\/uploads\\\/2025\\\/01\\\/17565r15-hankook-winter-icept-rs3-w462-84t-ziemas-riepas.jpg\",\"contentUrl\":\"https:\\\/\\\/mmkriepas.lv\\\/wp-content\\\/uploads\\\/2025\\\/01\\\/17565r15-hankook-winter-icept-rs3-w462-84t-ziemas-riepas.jpg\",\"width\":900,\"height\":720,\"caption\":\"MAIN\"},{\"@type\":\"BreadcrumbList\",\"@id\":\"https:\\\/\\\/mmkriepas.lv\\\/en\\\/p\\\/215-65r16-hankook-winter-icept-rs3-w462-98h-2\\\/#breadcrumb\",\"itemListElement\":[{\"@type\":\"ListItem\",\"position\":1,\"name\":\"S\u0101kums\",\"item\":\"https:\\\/\\\/mmkriepas.lv\\\/en\\\/\"},{\"@type\":\"ListItem\",\"position\":2,\"name\":\"215\\\/65R16 Hankook Winter i*cept RS3 W462 98H\"}]},{\"@type\":\"WebSite\",\"@id\":\"https:\\\/\\\/mmkriepas.lv\\\/en\\\/#website\",\"url\":\"https:\\\/\\\/mmkriepas.lv\\\/en\\\/\",\"name\":\"MMK Riepas\",\"description\":\"MMK Riepas\",\"alternateName\":\"MMK Riepu Serviss\",\"potentialAction\":[{\"@type\":\"SearchAction\",\"target\":{\"@type\":\"EntryPoint\",\"urlTemplate\":\"https:\\\/\\\/mmkriepas.lv\\\/en\\\/?s={search_term_string}\"},\"query-input\":{\"@type\":\"PropertyValueSpecification\",\"valueRequired\":true,\"valueName\":\"search_term_string\"}}],\"inLanguage\":\"en-US\"},{\"@type\":\"ImageObject\",\"inLanguage\":\"en-US\",\"@id\":\"https:\\\/\\\/mmkriepas.lv\\\/en\\\/p\\\/215-65r16-hankook-winter-icept-rs3-w462-98h-2\\\/#local-main-organization-logo\",\"url\":\"\",\"contentUrl\":\"\",\"caption\":\"MMK Riepas\"}]}<\/script>\n<meta property=\"product:brand\" content=\"Hankook Winter i*cept RS3 W462\" \/>\n<meta property=\"product:price:amount\" content=\"108.00\" \/>\n<meta property=\"product:price:currency\" content=\"EUR\" \/>\n<meta property=\"og:availability\" content=\"instock\" \/>\n<meta property=\"product:availability\" content=\"instock\" \/>\n<meta property=\"product:retailer_item_id\" content=\"TW2156516HANKO-L26785\" \/>\n<meta property=\"product:condition\" content=\"new\" \/>\n<!-- \/ Yoast SEO Premium plugin. -->","yoast_head_json":{"title":"215\/65R16 Hankook Winter i*cept RS3 W462 98H &#8226; MMK Riepas","robots":{"index":"index","follow":"follow","max-snippet":"max-snippet:-1","max-image-preview":"max-image-preview:large","max-video-preview":"max-video-preview:-1"},"canonical":"https:\/\/mmkriepas.lv\/en\/p\/215-65r16-hankook-winter-icept-rs3-w462-98h-2\/","og_locale":"en_US","og_type":"article","og_title":"215\/65R16 Hankook Winter i*cept RS3 W462 98H","og_description":"Hankook Winter i'cept RS3 W462 ir teicamas kvalit\u0101tes, vid\u0113j\u0101s klases vissezonas riepu modelis. Izce\u013cas ar teicam\u0101m sa\u0137eres, manevr\u0113tsp\u0113jas un brauk\u0161anas komforta \u012bpa\u0161\u012bb\u0101m pla\u0161\u0101 brauk\u0161anas apst\u0101k\u013cu diapazon\u0101. Piem\u0113rots vieglaj\u0101m automa\u0161\u012bn\u0101m un miniveniem un pieejams izm\u0113ros no R15, l\u012bdz R17. \u0160is riepu modelis paredz\u0113ts Centr\u0101leiropas klimatiskajiem apst\u0101k\u013ciem, padarot to piem\u0113rotu tiem Latvijas autobrauc\u0113jiem, kas ziem\u0101 p\u0101rvietojas pa pils\u0113tu un \u0161oseju, izvairoties no grants vai me\u017ea ce\u013ciem.","og_url":"https:\/\/mmkriepas.lv\/en\/p\/215-65r16-hankook-winter-icept-rs3-w462-98h-2\/","og_site_name":"MMK Riepas","article_publisher":"https:\/\/www.facebook.com\/mmkserviss\/","article_modified_time":"2026-03-27T11:30:20+00:00","og_image":[{"width":900,"height":720,"url":"https:\/\/mmkriepas.lv\/wp-content\/uploads\/2025\/01\/17565r15-hankook-winter-icept-rs3-w462-84t-ziemas-riepas.jpg","type":"image\/jpeg"}],"twitter_card":"summary_large_image","twitter_misc":{"Price":"&euro;108.00","Availability":"In stock"},"schema":{"@context":"https:\/\/schema.org","@graph":[{"@type":"WebPage","@id":"https:\/\/mmkriepas.lv\/en\/p\/215-65r16-hankook-winter-icept-rs3-w462-98h-2\/","url":"https:\/\/mmkriepas.lv\/en\/p\/215-65r16-hankook-winter-icept-rs3-w462-98h-2\/","name":"215\/65R16 Hankook Winter i*cept RS3 W462 98H &#8226; MMK Riepas","isPartOf":{"@id":"https:\/\/mmkriepas.lv\/en\/#website"},"primaryImageOfPage":{"@id":"https:\/\/mmkriepas.lv\/en\/p\/215-65r16-hankook-winter-icept-rs3-w462-98h-2\/#primaryimage"},"image":{"@id":"https:\/\/mmkriepas.lv\/en\/p\/215-65r16-hankook-winter-icept-rs3-w462-98h-2\/#primaryimage"},"thumbnailUrl":"https:\/\/mmkriepas.lv\/wp-content\/uploads\/2025\/01\/17565r15-hankook-winter-icept-rs3-w462-84t-ziemas-riepas.jpg","datePublished":"2023-05-25T10:05:39+00:00","dateModified":"2026-03-27T11:30:20+00:00","breadcrumb":{"@id":"https:\/\/mmkriepas.lv\/en\/p\/215-65r16-hankook-winter-icept-rs3-w462-98h-2\/#breadcrumb"},"inLanguage":"en-US","potentialAction":[{"@type":"ReadAction","target":["https:\/\/mmkriepas.lv\/en\/p\/215-65r16-hankook-winter-icept-rs3-w462-98h-2\/"]}]},{"@type":"ImageObject","inLanguage":"en-US","@id":"https:\/\/mmkriepas.lv\/en\/p\/215-65r16-hankook-winter-icept-rs3-w462-98h-2\/#primaryimage","url":"https:\/\/mmkriepas.lv\/wp-content\/uploads\/2025\/01\/17565r15-hankook-winter-icept-rs3-w462-84t-ziemas-riepas.jpg","contentUrl":"https:\/\/mmkriepas.lv\/wp-content\/uploads\/2025\/01\/17565r15-hankook-winter-icept-rs3-w462-84t-ziemas-riepas.jpg","width":900,"height":720,"caption":"MAIN"},{"@type":"BreadcrumbList","@id":"https:\/\/mmkriepas.lv\/en\/p\/215-65r16-hankook-winter-icept-rs3-w462-98h-2\/#breadcrumb","itemListElement":[{"@type":"ListItem","position":1,"name":"S\u0101kums","item":"https:\/\/mmkriepas.lv\/en\/"},{"@type":"ListItem","position":2,"name":"215\/65R16 Hankook Winter i*cept RS3 W462 98H"}]},{"@type":"WebSite","@id":"https:\/\/mmkriepas.lv\/en\/#website","url":"https:\/\/mmkriepas.lv\/en\/","name":"MMK Riepas","description":"MMK Riepas","alternateName":"MMK Riepu Serviss","potentialAction":[{"@type":"SearchAction","target":{"@type":"EntryPoint","urlTemplate":"https:\/\/mmkriepas.lv\/en\/?s={search_term_string}"},"query-input":{"@type":"PropertyValueSpecification","valueRequired":true,"valueName":"search_term_string"}}],"inLanguage":"en-US"},{"@type":"ImageObject","inLanguage":"en-US","@id":"https:\/\/mmkriepas.lv\/en\/p\/215-65r16-hankook-winter-icept-rs3-w462-98h-2\/#local-main-organization-logo","url":"","contentUrl":"","caption":"MMK Riepas"}]},"product_brand":"Hankook Winter i*cept RS3 W462","product_price_amount":"108.00","product_price_currency":"EUR","og_availability":"instock","product_availability":"instock","product_retailer_item_id":"TW2156516HANKO-L26785","product_condition":"new"},"_links":{"self":[{"href":"https:\/\/mmkriepas.lv\/en\/wp-json\/wp\/v2\/product\/730724","targetHints":{"allow":["GET"]}}],"collection":[{"href":"https:\/\/mmkriepas.lv\/en\/wp-json\/wp\/v2\/product"}],"about":[{"href":"https:\/\/mmkriepas.lv\/en\/wp-json\/wp\/v2\/types\/product"}],"wp:featuredmedia":[{"embeddable":true,"href":"https:\/\/mmkriepas.lv\/en\/wp-json\/wp\/v2\/media\/1157417"}],"wp:attachment":[{"href":"https:\/\/mmkriepas.lv\/en\/wp-json\/wp\/v2\/media?parent=730724"}],"wp:term":[{"taxonomy":"product_brand","embeddable":true,"href":"https:\/\/mmkriepas.lv\/en\/wp-json\/wp\/v2\/product_brand?post=730724"},{"taxonomy":"product_cat","embeddable":true,"href":"https:\/\/mmkriepas.lv\/en\/wp-json\/wp\/v2\/product_cat?post=730724"},{"taxonomy":"product_tag","embeddable":true,"href":"https:\/\/mmkriepas.lv\/en\/wp-json\/wp\/v2\/product_tag?post=730724"}],"curies":[{"name":"wp","href":"https:\/\/api.w.org\/{rel}","templated":true}]}}