{"id":71883,"date":"2018-10-02T18:14:31","date_gmt":"2018-10-02T15:14:31","guid":{"rendered":"https:\/\/mmkserviss.lv\/?post_type=product&#038;p=71883"},"modified":"2025-03-07T17:14:55","modified_gmt":"2025-03-07T15:14:55","slug":"20560r16-bridgestone-blizzak-ws80-96t","status":"publish","type":"product","link":"https:\/\/mmkriepas.lv\/en\/p\/20560r16-bridgestone-blizzak-ws80-96t\/","title":{"rendered":"205\/60R16 Bridgestone Blizzak WS80 96T"},"content":{"rendered":"<p><b>Bridgestone Blizzak ws80 <\/b><span style=\"font-weight: 400;\">ir<\/span> <span style=\"font-weight: 400;\">m\u012bkst\u0101 sast\u0101va jeb Skandin\u0101vijas tipa ziemas riepa, kas paredz\u0113ta lieto\u0161anai vieglajiem auto. \u0160is modelis izce\u013cas ar lab\u0101m sa\u0137eres un manevr\u0113tsp\u0113jas \u012bpa\u0161\u012bb\u0101m gan uz asfalt\u0113tiem, gan ar\u012b uz apledoju\u0161iem un sniegotiem ce\u013ciem, turkl\u0101t brauciens ar \u0161\u012bm riep\u0101m b\u016bs gluds, komfortabls un kluss.<\/span><\/p>\n<h3><b>Bridgestone Blizzak ws80 galven\u0101s iez\u012bmes<\/b><\/h3>\n<p><span style=\"font-weight: 400;\">+Labas veiktsp\u0113jas \u012bpa\u0161\u012bbas uz da\u017e\u0101diem ce\u013ca segumiem, da\u017e\u0101dos apst\u0101k\u013cos!<\/span><\/p>\n<p><span style=\"font-weight: 400;\">+Optimiz\u0113ts riepas gumijas sast\u0101vs!<\/span><\/p>\n<p><span style=\"font-weight: 400;\">+Kluss un komfortabls brauciens!<\/span><\/p>\n<h3><b>Bridgestone Blizzak ws80 optimiz\u0113tais gumijas sast\u0101vs<\/b><\/h3>\n<p><span style=\"font-weight: 400;\">Bridgestone Blizzark ws80 gumijas sast\u0101va mais\u012bjum\u0101 izmantota <\/span><b>NanoProTech<\/b><span style=\"font-weight: 400;\"> tehnolo\u0123ija, kas riepai liek saglab\u0101t elast\u012bbu pla\u0161\u0101 temperat\u016bru diapazon\u0101, bet ar\u012b Bridgestone pa\u0161u izgudrojums- <\/span><b>Multicell tehnolo\u0123ija.<\/b><span style=\"font-weight: 400;\"> \u012apa\u0161ais Multicell kompaunds liek riepai sausin\u0101t kontakta virsmu ar ce\u013cu, mitrumu absorb\u0113jot. Sausa kontakta virsma, tand\u0113m\u0101 ar elast\u012bgu riepu, b\u016btiski sa\u012bsina bremz\u0113\u0161anas ce\u013cu, kas ir viens no, ja ne vissvar\u012bg\u0101kais aspekts av\u0101rijas situ\u0101cij\u0101s ziem\u0101.<\/span> <span style=\"font-weight: 400;\">Lai ar\u012b riepa ir bez radz\u0113m, t\u0101s gumij\u0101 iestr\u0101d\u0101tas nanoda\u013cas, kas pilda t\u0101m l\u012bdz\u012bgu funkciju, kop\u0101 ar lamel\u0113m iec\u0113rtoties led\u016b, t\u0101d\u0113j\u0101di nodro\u0161inot liel\u0101ku sa\u0137eri un manevr\u0113tsp\u0113ju.<\/span><\/p>\n<h3><b>Bridgestone Blizzak ws80 protektora raksts<\/b><\/h3>\n<p><span style=\"font-weight: 400;\">Optimiz\u0113tais protektora dizains v\u0113l vair\u0101k pastiprina jau iepriek\u0161 min\u0113t\u0101s veiktsp\u0113jas \u012bpa\u0161\u012bbas. Protektors ir izveidots virz\u012bts un simetrisks, starp t\u0101 mas\u012bvajiem blokiem atrodas dzi\u013cas dren\u0101\u017eas rievas, kas pal\u012bdz kontakta virsmu padar\u012bt v\u0113l saus\u0101ku, \u016bdeni un sniegu novadot.\u00a0<\/span> <span style=\"font-weight: 400;\">Protektora blokos iestr\u0101d\u0101ti t\u016bksto\u0161iem zig-zag veida lame\u013cu, kas izvietotas bl\u012bvi un da\u017e\u0101dos virzienos. Tas pal\u012bdz izvair\u012bties no neparedz\u0113t\u0101m s\u0101nsl\u012bd\u0113m, iec\u0113rtoties led\u016b auto sl\u012bd\u0113\u0161anas virzien\u0101. Sal\u012bdzinot ar iepriek\u0161\u0113jo modeli, lame\u013cu skaits palielin\u0101jies par <\/span><b>20%<\/b><span style=\"font-weight: 400;\">!\u00a0\u00a0<\/span> <span style=\"font-weight: 400;\">Bridgestone Blizzark ws80 protektora raksts izveidots t\u0101, lai braucienu padar\u012btu klusu un komfortablu. \u0160is modelis atbilst visaugst\u0101kajiem standartiem.<\/span><\/p>\n<p><b>Bridgestone Blizzak ws80 <\/b><span style=\"font-weight: 400;\">mode\u013ca lieto\u0161anas dro\u0161\u012bbu ziemas laika apst\u0101k\u013cos un t\u0101 atbilst\u012bbu valst\u012bm ar oblig\u0101tu sezon\u0101lo riepu mai\u0146u apstiprina mar\u0137\u0113jums sniegp\u0101rslas form\u0101 uz kalna fona ar trim virsotn\u0113m (3PMSF).<\/span><\/p>\n<p><span style=\"font-weight: 400;\"><span><strong>Bridgestone Blizzak WS80<\/strong>&#8211; izcils ziemas modelis no liel\u0101k\u0101 riepu ra\u017eot\u0101ja pasaul\u0113. Pieejams abos MMK riepu centros, visos izm\u0113ros, par vislab\u0101ko cenu!<\/span><\/span><\/p>\n","protected":false},"excerpt":{"rendered":"<p>Bridgestone Blizzak ws80 ir m\u012bkst\u0101 sast\u0101va jeb Skandin\u0101vijas tipa ziemas riepa, kas paredz\u0113ta lieto\u0161anai vieglajiem auto. \u0160is modelis izce\u013cas ar lab\u0101m sa\u0137eres un manevr\u0113tsp\u0113jas \u012bpa\u0161\u012bb\u0101m gan uz asfalt\u0113tiem, gan ar\u012b<\/p>\n","protected":false},"featured_media":0,"template":"","meta":{"_acf_changed":false,"ngg_post_thumbnail":0},"product_brand":[],"product_cat":[47,45],"product_tag":[19634],"class_list":{"0":"post-71883","1":"product","2":"type-product","3":"status-publish","5":"product_cat-vissezonas-riepas","6":"product_cat-ziemas-riepas","7":"product_tag-mmk","9":"first","10":"outofstock","11":"sale","12":"taxable","13":"shipping-taxable","14":"product-type-simple"},"acf":[],"yoast_head":"<!-- This site is optimized with the Yoast SEO Premium plugin v22.6 (Yoast SEO v27.3) - https:\/\/yoast.com\/product\/yoast-seo-premium-wordpress\/ -->\n<title>205\/60R16 Bridgestone Blizzak WS80 96T &#8226; MMK Riepas<\/title>\n<meta name=\"description\" content=\"Bridgestone Blizzak WS80- izcils ziemas modelis no liel\u0101k\u0101 riepu ra\u017eot\u0101ja pasaul\u0113. Pieejams abos MMK riepu centros, visos izm\u0113ros, par vislab\u0101ko cenu!\" \/>\n<meta name=\"robots\" content=\"index, follow, max-snippet:-1, max-image-preview:large, max-video-preview:-1\" \/>\n<link rel=\"canonical\" href=\"https:\/\/mmkriepas.lv\/en\/p\/20560r16-bridgestone-blizzak-ws80-96t\/\" \/>\n<meta property=\"og:locale\" content=\"en_US\" \/>\n<meta property=\"og:type\" content=\"article\" \/>\n<meta property=\"og:title\" content=\"205\/60R16 Bridgestone Blizzak WS80 96T\" \/>\n<meta property=\"og:description\" content=\"Bridgestone Blizzak WS80- izcils ziemas modelis no liel\u0101k\u0101 riepu ra\u017eot\u0101ja pasaul\u0113. Pieejams abos MMK riepu centros, visos izm\u0113ros, par vislab\u0101ko cenu!\" \/>\n<meta property=\"og:url\" content=\"https:\/\/mmkriepas.lv\/en\/p\/20560r16-bridgestone-blizzak-ws80-96t\/\" \/>\n<meta property=\"og:site_name\" content=\"MMK Riepas\" \/>\n<meta property=\"article:publisher\" content=\"https:\/\/www.facebook.com\/mmkserviss\/\" \/>\n<meta property=\"article:modified_time\" content=\"2025-03-07T15:14:55+00:00\" \/>\n<meta name=\"twitter:card\" content=\"summary_large_image\" \/>\n<meta name=\"twitter:label1\" content=\"Price\" \/>\n\t<meta name=\"twitter:data1\" content=\"&euro;75.00\" \/>\n\t<meta name=\"twitter:label2\" content=\"Availability\" \/>\n\t<meta name=\"twitter:data2\" content=\"Out of stock\" \/>\n<script type=\"application\/ld+json\" class=\"yoast-schema-graph\">{\"@context\":\"https:\\\/\\\/schema.org\",\"@graph\":[{\"@type\":\"WebPage\",\"@id\":\"https:\\\/\\\/mmkriepas.lv\\\/en\\\/p\\\/20560r16-bridgestone-blizzak-ws80-96t\\\/\",\"url\":\"https:\\\/\\\/mmkriepas.lv\\\/en\\\/p\\\/20560r16-bridgestone-blizzak-ws80-96t\\\/\",\"name\":\"205\\\/60R16 Bridgestone Blizzak WS80 96T &#8226; MMK Riepas\",\"isPartOf\":{\"@id\":\"https:\\\/\\\/mmkriepas.lv\\\/en\\\/#website\"},\"datePublished\":\"2018-10-02T15:14:31+00:00\",\"dateModified\":\"2025-03-07T15:14:55+00:00\",\"description\":\"Bridgestone Blizzak WS80- izcils ziemas modelis no liel\u0101k\u0101 riepu ra\u017eot\u0101ja pasaul\u0113. Pieejams abos MMK riepu centros, visos izm\u0113ros, par vislab\u0101ko cenu!\",\"breadcrumb\":{\"@id\":\"https:\\\/\\\/mmkriepas.lv\\\/en\\\/p\\\/20560r16-bridgestone-blizzak-ws80-96t\\\/#breadcrumb\"},\"inLanguage\":\"en-US\",\"potentialAction\":[{\"@type\":\"ReadAction\",\"target\":[\"https:\\\/\\\/mmkriepas.lv\\\/en\\\/p\\\/20560r16-bridgestone-blizzak-ws80-96t\\\/\"]}]},{\"@type\":\"BreadcrumbList\",\"@id\":\"https:\\\/\\\/mmkriepas.lv\\\/en\\\/p\\\/20560r16-bridgestone-blizzak-ws80-96t\\\/#breadcrumb\",\"itemListElement\":[{\"@type\":\"ListItem\",\"position\":1,\"name\":\"S\u0101kums\",\"item\":\"https:\\\/\\\/mmkriepas.lv\\\/en\\\/\"},{\"@type\":\"ListItem\",\"position\":2,\"name\":\"205\\\/60R16 Bridgestone Blizzak WS80 96T\"}]},{\"@type\":\"WebSite\",\"@id\":\"https:\\\/\\\/mmkriepas.lv\\\/en\\\/#website\",\"url\":\"https:\\\/\\\/mmkriepas.lv\\\/en\\\/\",\"name\":\"MMK Riepas\",\"description\":\"MMK Riepas\",\"alternateName\":\"MMK Riepu Serviss\",\"potentialAction\":[{\"@type\":\"SearchAction\",\"target\":{\"@type\":\"EntryPoint\",\"urlTemplate\":\"https:\\\/\\\/mmkriepas.lv\\\/en\\\/?s={search_term_string}\"},\"query-input\":{\"@type\":\"PropertyValueSpecification\",\"valueRequired\":true,\"valueName\":\"search_term_string\"}}],\"inLanguage\":\"en-US\"},{\"@type\":\"ImageObject\",\"inLanguage\":\"en-US\",\"@id\":\"https:\\\/\\\/mmkriepas.lv\\\/en\\\/p\\\/20560r16-bridgestone-blizzak-ws80-96t\\\/#local-main-organization-logo\",\"url\":\"\",\"contentUrl\":\"\",\"caption\":\"MMK Riepas\"}]}<\/script>\n<meta property=\"product:brand\" content=\"Bridgestone Blizzak WS80\" \/>\n<meta property=\"product:price:amount\" content=\"75.00\" \/>\n<meta property=\"product:price:currency\" content=\"EUR\" \/>\n<meta property=\"og:availability\" content=\"out of stock\" \/>\n<meta property=\"product:availability\" content=\"out of stock\" \/>\n<meta property=\"product:retailer_item_id\" content=\"TW2056016Bridg-1498\" \/>\n<meta property=\"product:condition\" content=\"new\" \/>\n<!-- \/ Yoast SEO Premium plugin. -->","yoast_head_json":{"title":"205\/60R16 Bridgestone Blizzak WS80 96T &#8226; MMK Riepas","description":"Bridgestone Blizzak WS80- izcils ziemas modelis no liel\u0101k\u0101 riepu ra\u017eot\u0101ja pasaul\u0113. Pieejams abos MMK riepu centros, visos izm\u0113ros, par vislab\u0101ko cenu!","robots":{"index":"index","follow":"follow","max-snippet":"max-snippet:-1","max-image-preview":"max-image-preview:large","max-video-preview":"max-video-preview:-1"},"canonical":"https:\/\/mmkriepas.lv\/en\/p\/20560r16-bridgestone-blizzak-ws80-96t\/","og_locale":"en_US","og_type":"article","og_title":"205\/60R16 Bridgestone Blizzak WS80 96T","og_description":"Bridgestone Blizzak WS80- izcils ziemas modelis no liel\u0101k\u0101 riepu ra\u017eot\u0101ja pasaul\u0113. Pieejams abos MMK riepu centros, visos izm\u0113ros, par vislab\u0101ko cenu!","og_url":"https:\/\/mmkriepas.lv\/en\/p\/20560r16-bridgestone-blizzak-ws80-96t\/","og_site_name":"MMK Riepas","article_publisher":"https:\/\/www.facebook.com\/mmkserviss\/","article_modified_time":"2025-03-07T15:14:55+00:00","twitter_card":"summary_large_image","twitter_misc":{"Price":"&euro;75.00","Availability":"Out of stock"},"schema":{"@context":"https:\/\/schema.org","@graph":[{"@type":"WebPage","@id":"https:\/\/mmkriepas.lv\/en\/p\/20560r16-bridgestone-blizzak-ws80-96t\/","url":"https:\/\/mmkriepas.lv\/en\/p\/20560r16-bridgestone-blizzak-ws80-96t\/","name":"205\/60R16 Bridgestone Blizzak WS80 96T &#8226; MMK Riepas","isPartOf":{"@id":"https:\/\/mmkriepas.lv\/en\/#website"},"datePublished":"2018-10-02T15:14:31+00:00","dateModified":"2025-03-07T15:14:55+00:00","description":"Bridgestone Blizzak WS80- izcils ziemas modelis no liel\u0101k\u0101 riepu ra\u017eot\u0101ja pasaul\u0113. Pieejams abos MMK riepu centros, visos izm\u0113ros, par vislab\u0101ko cenu!","breadcrumb":{"@id":"https:\/\/mmkriepas.lv\/en\/p\/20560r16-bridgestone-blizzak-ws80-96t\/#breadcrumb"},"inLanguage":"en-US","potentialAction":[{"@type":"ReadAction","target":["https:\/\/mmkriepas.lv\/en\/p\/20560r16-bridgestone-blizzak-ws80-96t\/"]}]},{"@type":"BreadcrumbList","@id":"https:\/\/mmkriepas.lv\/en\/p\/20560r16-bridgestone-blizzak-ws80-96t\/#breadcrumb","itemListElement":[{"@type":"ListItem","position":1,"name":"S\u0101kums","item":"https:\/\/mmkriepas.lv\/en\/"},{"@type":"ListItem","position":2,"name":"205\/60R16 Bridgestone Blizzak WS80 96T"}]},{"@type":"WebSite","@id":"https:\/\/mmkriepas.lv\/en\/#website","url":"https:\/\/mmkriepas.lv\/en\/","name":"MMK Riepas","description":"MMK Riepas","alternateName":"MMK Riepu Serviss","potentialAction":[{"@type":"SearchAction","target":{"@type":"EntryPoint","urlTemplate":"https:\/\/mmkriepas.lv\/en\/?s={search_term_string}"},"query-input":{"@type":"PropertyValueSpecification","valueRequired":true,"valueName":"search_term_string"}}],"inLanguage":"en-US"},{"@type":"ImageObject","inLanguage":"en-US","@id":"https:\/\/mmkriepas.lv\/en\/p\/20560r16-bridgestone-blizzak-ws80-96t\/#local-main-organization-logo","url":"","contentUrl":"","caption":"MMK Riepas"}]},"product_brand":"Bridgestone Blizzak WS80","product_price_amount":"75.00","product_price_currency":"EUR","og_availability":"out of stock","product_availability":"out of stock","product_retailer_item_id":"TW2056016Bridg-1498","product_condition":"new"},"_links":{"self":[{"href":"https:\/\/mmkriepas.lv\/en\/wp-json\/wp\/v2\/product\/71883","targetHints":{"allow":["GET"]}}],"collection":[{"href":"https:\/\/mmkriepas.lv\/en\/wp-json\/wp\/v2\/product"}],"about":[{"href":"https:\/\/mmkriepas.lv\/en\/wp-json\/wp\/v2\/types\/product"}],"wp:attachment":[{"href":"https:\/\/mmkriepas.lv\/en\/wp-json\/wp\/v2\/media?parent=71883"}],"wp:term":[{"taxonomy":"product_brand","embeddable":true,"href":"https:\/\/mmkriepas.lv\/en\/wp-json\/wp\/v2\/product_brand?post=71883"},{"taxonomy":"product_cat","embeddable":true,"href":"https:\/\/mmkriepas.lv\/en\/wp-json\/wp\/v2\/product_cat?post=71883"},{"taxonomy":"product_tag","embeddable":true,"href":"https:\/\/mmkriepas.lv\/en\/wp-json\/wp\/v2\/product_tag?post=71883"}],"curies":[{"name":"wp","href":"https:\/\/api.w.org\/{rel}","templated":true}]}}