{"id":71824,"date":"2018-10-02T13:44:00","date_gmt":"2018-10-02T10:44:00","guid":{"rendered":"https:\/\/mmkserviss.lv\/?post_type=product&#038;p=71824"},"modified":"2026-03-30T12:46:27","modified_gmt":"2026-03-30T09:46:27","slug":"20555r16-haida-hd617-winter-91t","status":"publish","type":"product","link":"https:\/\/mmkriepas.lv\/en\/p\/20555r16-haida-hd617-winter-91t\/","title":{"rendered":"205\/55R16 Haida HD617 91T"},"content":{"rendered":"<p><b>Haida HD617<\/b><span style=\"font-weight: 400;\"> &#8211; Skandin\u0101vijas tipa ziemas riepa ar agres\u012bvu protektora dizainu. Izce\u013cas ar teicamu veiktsp\u0113ju \u012bpa\u0161i skarbos ziemas brauk\u0161anas apst\u0101k\u013cos &#8211; snieg\u0101 un uz ledus. Inovat\u012bvi risin\u0101jumi, cena daudz zem\u0101ka par ieguvumu.&nbsp;<\/span><span style=\"font-weight: 400;\"> \u0160\u012b riepa ir izpeln\u012bjusies atzinumu ne tikai starp neskait\u0101miem autovad\u012bt\u0101jiem, bet ar\u012b pat pasaulslaveni auto brendi to iek\u013cauj auto b\u0101zes komplekt\u0101cij\u0101.<\/span><\/p>\n<h3><b>Haida HD617 galven\u0101s iez\u012bmes<\/b><\/h3>\n<p><span style=\"font-weight: 400;\">+Lielieska sa\u0137ere un manevr\u0113tsp\u0113ja, pateicoties p\u0101rdom\u0101tajam protektora bloku izvietojumam.<\/span><\/p>\n<p><span style=\"font-weight: 400;\">+Pa riepas virsmu vienm\u0113r\u012bgi sadal\u012bta slodze, lai t\u0101 l\u0113n\u0101k nodiltu.<\/span><\/p>\n<p><span style=\"font-weight: 400;\">+Pastiprin\u0101tas riepas s\u0101nu zonas padara to iztur\u012bg\u0101ku pret deform\u0101ciju.<\/span><\/p>\n<p><span style=\"font-weight: 400;\">+Uzlabots riepas gumijas sast\u0101vs.<br \/>\n<\/span><\/p>\n<p>+ Degvielas ekonomija.<\/p>\n<p>+ Piem\u0113rot\u012bba pat \u012bpa\u0161i skarbiem brauk\u0161anas apst\u0101k\u013ciem.<\/p>\n<h3><b>Riepas stipr\u0101s puses<\/b><\/h3>\n<p><b>Haida HD617<\/b><span style=\"font-weight: 400;\"> savas stipr\u0101s puses vislab\u0101k uzr\u0101da, braucot pils\u0113tas apst\u0101k\u013cos un pa \u0161oseju. \u0160is modelis uzr\u0101da p\u0101rliecino\u0161i augstu dro\u0161\u012bbas l\u012bmeni un kalpotsp\u0113ju. Virz\u012btais protektora raksts papildin\u0101ts ar bl\u012bvi izvietot\u0101m lamel\u0113m, kas pal\u012bdz\u0113s c\u012b\u0146\u0101 ar sniegu un ledu. Pastiprin\u0101ti gandr\u012bz visi riepas uzb\u016bves elementi ar m\u0113r\u0137i to padar\u012bt triecieniztur\u012bg\u0101ku un kalpotsp\u0113j\u012bg\u0101ku.<\/span><\/p>\n<p><b>Haida HD617 <\/b><span style=\"font-weight: 400;\">mode\u013ca lieto\u0161anas dro\u0161\u012bbu ziemas laika apst\u0101k\u013cos un t\u0101 atbilst\u012bbu valst\u012bm ar oblig\u0101tu sezon\u0101lo riepu mai\u0146u apstiprina mar\u0137\u0113jums sniegp\u0101rslas form\u0101 uz kalna fona ar trim virsotn\u0113m (3PMSF).<\/span><\/p>\n<p><b>Haida HD617-<\/b><span style=\"font-weight: 400;\"> riepa ar lielisku cenas\/veiktsp\u0113jas attiec\u012bbu! Pieejama abos MMK Riepu Centros visos izm\u0113ros un par vislab\u0101kaj\u0101m cen\u0101m!<\/span><\/p>\n","protected":false},"excerpt":{"rendered":"<p><b>Haida HD617<\/b><span style=\"font-weight: 400;\"> &#8211; Skandin\u0101vijas tipa ziemas riepa ar agres\u012bvu protektora dizainu. Izce\u013cas ar teicamu veiktsp\u0113ju \u012bpa\u0161i skarbos ziemas brauk\u0161anas apst\u0101k\u013cos &#8211; snieg\u0101 un uz ledus. Inovat\u012bvi risin\u0101jumi, cena daudz zem\u0101ka par ieguvumu.&nbsp;<\/span><\/p>\n","protected":false},"featured_media":200914,"template":"","meta":{"_acf_changed":false,"ngg_post_thumbnail":0},"product_brand":[],"product_cat":[47,45],"product_tag":[19634],"class_list":{"0":"post-71824","1":"product","2":"type-product","3":"status-publish","4":"has-post-thumbnail","6":"product_cat-vissezonas-riepas","7":"product_cat-ziemas-riepas","8":"product_tag-mmk","10":"first","11":"instock","12":"sale","13":"taxable","14":"shipping-taxable","15":"purchasable","16":"product-type-simple"},"acf":[],"yoast_head":"<!-- This site is optimized with the Yoast SEO Premium plugin v22.6 (Yoast SEO v27.3) - https:\/\/yoast.com\/product\/yoast-seo-premium-wordpress\/ -->\n<title>205\/55R16 Haida HD617 91T &#8226; MMK Riepas<\/title>\n<meta name=\"description\" content=\"Haida HD617- riepa ar lielisku cenas\/veiktsp\u0113jas attiec\u012bbu! Pieejama abos MMK Riepu Centros visos izm\u0113ros un par vislab\u0101kaj\u0101m cen\u0101m!\" \/>\n<meta name=\"robots\" content=\"index, follow, max-snippet:-1, max-image-preview:large, max-video-preview:-1\" \/>\n<link rel=\"canonical\" href=\"https:\/\/mmkriepas.lv\/en\/p\/20555r16-haida-hd617-winter-91t\/\" \/>\n<meta property=\"og:locale\" content=\"en_US\" \/>\n<meta property=\"og:type\" content=\"article\" \/>\n<meta property=\"og:title\" content=\"205\/55R16 Haida HD617 91T\" \/>\n<meta property=\"og:description\" content=\"Haida HD617- riepa ar lielisku cenas\/veiktsp\u0113jas attiec\u012bbu! Pieejama abos MMK Riepu Centros visos izm\u0113ros un par vislab\u0101kaj\u0101m cen\u0101m!\" \/>\n<meta property=\"og:url\" content=\"https:\/\/mmkriepas.lv\/en\/p\/20555r16-haida-hd617-winter-91t\/\" \/>\n<meta property=\"og:site_name\" content=\"MMK Riepas\" \/>\n<meta property=\"article:publisher\" content=\"https:\/\/www.facebook.com\/mmkserviss\/\" \/>\n<meta property=\"article:modified_time\" content=\"2026-03-30T09:46:27+00:00\" \/>\n<meta property=\"og:image\" content=\"https:\/\/mmkriepas.lv\/wp-content\/uploads\/2021\/09\/26570r17-haida-hd617-115t-ziemas-riepas.jpeg\" \/>\n\t<meta property=\"og:image:width\" content=\"1600\" \/>\n\t<meta property=\"og:image:height\" content=\"1200\" \/>\n\t<meta property=\"og:image:type\" content=\"image\/jpeg\" \/>\n<meta name=\"twitter:card\" content=\"summary_large_image\" \/>\n<meta name=\"twitter:label1\" content=\"Price\" \/>\n\t<meta name=\"twitter:data1\" content=\"&euro;47.00\" \/>\n\t<meta name=\"twitter:label2\" content=\"Availability\" \/>\n\t<meta name=\"twitter:data2\" content=\"In stock\" \/>\n<script type=\"application\/ld+json\" class=\"yoast-schema-graph\">{\"@context\":\"https:\\\/\\\/schema.org\",\"@graph\":[{\"@type\":\"WebPage\",\"@id\":\"https:\\\/\\\/mmkriepas.lv\\\/en\\\/p\\\/20555r16-haida-hd617-winter-91t\\\/\",\"url\":\"https:\\\/\\\/mmkriepas.lv\\\/en\\\/p\\\/20555r16-haida-hd617-winter-91t\\\/\",\"name\":\"205\\\/55R16 Haida HD617 91T &#8226; MMK Riepas\",\"isPartOf\":{\"@id\":\"https:\\\/\\\/mmkriepas.lv\\\/en\\\/#website\"},\"primaryImageOfPage\":{\"@id\":\"https:\\\/\\\/mmkriepas.lv\\\/en\\\/p\\\/20555r16-haida-hd617-winter-91t\\\/#primaryimage\"},\"image\":{\"@id\":\"https:\\\/\\\/mmkriepas.lv\\\/en\\\/p\\\/20555r16-haida-hd617-winter-91t\\\/#primaryimage\"},\"thumbnailUrl\":\"https:\\\/\\\/mmkriepas.lv\\\/wp-content\\\/uploads\\\/2021\\\/09\\\/26570r17-haida-hd617-115t-ziemas-riepas.jpeg\",\"datePublished\":\"2018-10-02T10:44:00+00:00\",\"dateModified\":\"2026-03-30T09:46:27+00:00\",\"description\":\"Haida HD617- riepa ar lielisku cenas\\\/veiktsp\u0113jas attiec\u012bbu! Pieejama abos MMK Riepu Centros visos izm\u0113ros un par vislab\u0101kaj\u0101m cen\u0101m!\",\"breadcrumb\":{\"@id\":\"https:\\\/\\\/mmkriepas.lv\\\/en\\\/p\\\/20555r16-haida-hd617-winter-91t\\\/#breadcrumb\"},\"inLanguage\":\"en-US\",\"potentialAction\":[{\"@type\":\"ReadAction\",\"target\":[\"https:\\\/\\\/mmkriepas.lv\\\/en\\\/p\\\/20555r16-haida-hd617-winter-91t\\\/\"]}]},{\"@type\":\"ImageObject\",\"inLanguage\":\"en-US\",\"@id\":\"https:\\\/\\\/mmkriepas.lv\\\/en\\\/p\\\/20555r16-haida-hd617-winter-91t\\\/#primaryimage\",\"url\":\"https:\\\/\\\/mmkriepas.lv\\\/wp-content\\\/uploads\\\/2021\\\/09\\\/26570r17-haida-hd617-115t-ziemas-riepas.jpeg\",\"contentUrl\":\"https:\\\/\\\/mmkriepas.lv\\\/wp-content\\\/uploads\\\/2021\\\/09\\\/26570r17-haida-hd617-115t-ziemas-riepas.jpeg\",\"width\":1600,\"height\":1200,\"caption\":\"265\\\/70R17 Haida HD617 115T - Vissezonas riepas \\\/ Ziemas riepas\"},{\"@type\":\"BreadcrumbList\",\"@id\":\"https:\\\/\\\/mmkriepas.lv\\\/en\\\/p\\\/20555r16-haida-hd617-winter-91t\\\/#breadcrumb\",\"itemListElement\":[{\"@type\":\"ListItem\",\"position\":1,\"name\":\"S\u0101kums\",\"item\":\"https:\\\/\\\/mmkriepas.lv\\\/en\\\/\"},{\"@type\":\"ListItem\",\"position\":2,\"name\":\"205\\\/55R16 Haida HD617 91T\"}]},{\"@type\":\"WebSite\",\"@id\":\"https:\\\/\\\/mmkriepas.lv\\\/en\\\/#website\",\"url\":\"https:\\\/\\\/mmkriepas.lv\\\/en\\\/\",\"name\":\"MMK Riepas\",\"description\":\"MMK Riepas\",\"alternateName\":\"MMK Riepu Serviss\",\"potentialAction\":[{\"@type\":\"SearchAction\",\"target\":{\"@type\":\"EntryPoint\",\"urlTemplate\":\"https:\\\/\\\/mmkriepas.lv\\\/en\\\/?s={search_term_string}\"},\"query-input\":{\"@type\":\"PropertyValueSpecification\",\"valueRequired\":true,\"valueName\":\"search_term_string\"}}],\"inLanguage\":\"en-US\"},{\"@type\":\"ImageObject\",\"inLanguage\":\"en-US\",\"@id\":\"https:\\\/\\\/mmkriepas.lv\\\/en\\\/p\\\/20555r16-haida-hd617-winter-91t\\\/#local-main-organization-logo\",\"url\":\"\",\"contentUrl\":\"\",\"caption\":\"MMK Riepas\"}]}<\/script>\n<meta property=\"product:brand\" content=\"Haida HD617\" \/>\n<meta property=\"product:price:amount\" content=\"47.00\" \/>\n<meta property=\"product:price:currency\" content=\"EUR\" \/>\n<meta property=\"og:availability\" content=\"instock\" \/>\n<meta property=\"product:availability\" content=\"instock\" \/>\n<meta property=\"product:retailer_item_id\" content=\"TW2055516HAIDA-28413\" \/>\n<meta property=\"product:condition\" content=\"new\" \/>\n<!-- \/ Yoast SEO Premium plugin. -->","yoast_head_json":{"title":"205\/55R16 Haida HD617 91T &#8226; MMK Riepas","description":"Haida HD617- riepa ar lielisku cenas\/veiktsp\u0113jas attiec\u012bbu! Pieejama abos MMK Riepu Centros visos izm\u0113ros un par vislab\u0101kaj\u0101m cen\u0101m!","robots":{"index":"index","follow":"follow","max-snippet":"max-snippet:-1","max-image-preview":"max-image-preview:large","max-video-preview":"max-video-preview:-1"},"canonical":"https:\/\/mmkriepas.lv\/en\/p\/20555r16-haida-hd617-winter-91t\/","og_locale":"en_US","og_type":"article","og_title":"205\/55R16 Haida HD617 91T","og_description":"Haida HD617- riepa ar lielisku cenas\/veiktsp\u0113jas attiec\u012bbu! Pieejama abos MMK Riepu Centros visos izm\u0113ros un par vislab\u0101kaj\u0101m cen\u0101m!","og_url":"https:\/\/mmkriepas.lv\/en\/p\/20555r16-haida-hd617-winter-91t\/","og_site_name":"MMK Riepas","article_publisher":"https:\/\/www.facebook.com\/mmkserviss\/","article_modified_time":"2026-03-30T09:46:27+00:00","og_image":[{"width":1600,"height":1200,"url":"https:\/\/mmkriepas.lv\/wp-content\/uploads\/2021\/09\/26570r17-haida-hd617-115t-ziemas-riepas.jpeg","type":"image\/jpeg"}],"twitter_card":"summary_large_image","twitter_misc":{"Price":"&euro;47.00","Availability":"In stock"},"schema":{"@context":"https:\/\/schema.org","@graph":[{"@type":"WebPage","@id":"https:\/\/mmkriepas.lv\/en\/p\/20555r16-haida-hd617-winter-91t\/","url":"https:\/\/mmkriepas.lv\/en\/p\/20555r16-haida-hd617-winter-91t\/","name":"205\/55R16 Haida HD617 91T &#8226; MMK Riepas","isPartOf":{"@id":"https:\/\/mmkriepas.lv\/en\/#website"},"primaryImageOfPage":{"@id":"https:\/\/mmkriepas.lv\/en\/p\/20555r16-haida-hd617-winter-91t\/#primaryimage"},"image":{"@id":"https:\/\/mmkriepas.lv\/en\/p\/20555r16-haida-hd617-winter-91t\/#primaryimage"},"thumbnailUrl":"https:\/\/mmkriepas.lv\/wp-content\/uploads\/2021\/09\/26570r17-haida-hd617-115t-ziemas-riepas.jpeg","datePublished":"2018-10-02T10:44:00+00:00","dateModified":"2026-03-30T09:46:27+00:00","description":"Haida HD617- riepa ar lielisku cenas\/veiktsp\u0113jas attiec\u012bbu! Pieejama abos MMK Riepu Centros visos izm\u0113ros un par vislab\u0101kaj\u0101m cen\u0101m!","breadcrumb":{"@id":"https:\/\/mmkriepas.lv\/en\/p\/20555r16-haida-hd617-winter-91t\/#breadcrumb"},"inLanguage":"en-US","potentialAction":[{"@type":"ReadAction","target":["https:\/\/mmkriepas.lv\/en\/p\/20555r16-haida-hd617-winter-91t\/"]}]},{"@type":"ImageObject","inLanguage":"en-US","@id":"https:\/\/mmkriepas.lv\/en\/p\/20555r16-haida-hd617-winter-91t\/#primaryimage","url":"https:\/\/mmkriepas.lv\/wp-content\/uploads\/2021\/09\/26570r17-haida-hd617-115t-ziemas-riepas.jpeg","contentUrl":"https:\/\/mmkriepas.lv\/wp-content\/uploads\/2021\/09\/26570r17-haida-hd617-115t-ziemas-riepas.jpeg","width":1600,"height":1200,"caption":"265\/70R17 Haida HD617 115T - Vissezonas riepas \/ Ziemas riepas"},{"@type":"BreadcrumbList","@id":"https:\/\/mmkriepas.lv\/en\/p\/20555r16-haida-hd617-winter-91t\/#breadcrumb","itemListElement":[{"@type":"ListItem","position":1,"name":"S\u0101kums","item":"https:\/\/mmkriepas.lv\/en\/"},{"@type":"ListItem","position":2,"name":"205\/55R16 Haida HD617 91T"}]},{"@type":"WebSite","@id":"https:\/\/mmkriepas.lv\/en\/#website","url":"https:\/\/mmkriepas.lv\/en\/","name":"MMK Riepas","description":"MMK Riepas","alternateName":"MMK Riepu Serviss","potentialAction":[{"@type":"SearchAction","target":{"@type":"EntryPoint","urlTemplate":"https:\/\/mmkriepas.lv\/en\/?s={search_term_string}"},"query-input":{"@type":"PropertyValueSpecification","valueRequired":true,"valueName":"search_term_string"}}],"inLanguage":"en-US"},{"@type":"ImageObject","inLanguage":"en-US","@id":"https:\/\/mmkriepas.lv\/en\/p\/20555r16-haida-hd617-winter-91t\/#local-main-organization-logo","url":"","contentUrl":"","caption":"MMK Riepas"}]},"product_brand":"Haida HD617","product_price_amount":"47.00","product_price_currency":"EUR","og_availability":"instock","product_availability":"instock","product_retailer_item_id":"TW2055516HAIDA-28413","product_condition":"new"},"_links":{"self":[{"href":"https:\/\/mmkriepas.lv\/en\/wp-json\/wp\/v2\/product\/71824","targetHints":{"allow":["GET"]}}],"collection":[{"href":"https:\/\/mmkriepas.lv\/en\/wp-json\/wp\/v2\/product"}],"about":[{"href":"https:\/\/mmkriepas.lv\/en\/wp-json\/wp\/v2\/types\/product"}],"wp:featuredmedia":[{"embeddable":true,"href":"https:\/\/mmkriepas.lv\/en\/wp-json\/wp\/v2\/media\/200914"}],"wp:attachment":[{"href":"https:\/\/mmkriepas.lv\/en\/wp-json\/wp\/v2\/media?parent=71824"}],"wp:term":[{"taxonomy":"product_brand","embeddable":true,"href":"https:\/\/mmkriepas.lv\/en\/wp-json\/wp\/v2\/product_brand?post=71824"},{"taxonomy":"product_cat","embeddable":true,"href":"https:\/\/mmkriepas.lv\/en\/wp-json\/wp\/v2\/product_cat?post=71824"},{"taxonomy":"product_tag","embeddable":true,"href":"https:\/\/mmkriepas.lv\/en\/wp-json\/wp\/v2\/product_tag?post=71824"}],"curies":[{"name":"wp","href":"https:\/\/api.w.org\/{rel}","templated":true}]}}