{"id":710114,"date":"2023-05-03T09:10:35","date_gmt":"2023-05-03T06:10:35","guid":{"rendered":"https:\/\/mmkserviss.lv\/?post_type=product&#038;p=710114"},"modified":"2026-04-03T00:17:38","modified_gmt":"2026-04-02T21:17:38","slug":"155-80r12-rotalla-rh02-77t","status":"publish","type":"product","link":"https:\/\/mmkriepas.lv\/en\/p\/155-80r12-rotalla-rh02-77t\/","title":{"rendered":"155\/80R12 Rotalla Setula E-Race RH02 77T"},"content":{"rendered":"<h2>Vasaras riepas\u00a0Rotalla Setula E-pace RH02<\/h2>\n<p>\u00a0 Riepu ra\u017eot\u0101js:<strong> Rotalla <\/strong> Riepu modelis:<strong> Setula E-pace RH02 <\/strong>(Bud\u017eeta klases\u00a0vasaras riepas) <strong>MMK Serviss nov\u0113rt\u0113jums:<\/strong>\u00a0<em>\u201dAugsta kvalit\u0101te par vislab\u0101ko\u00a0cenu. Kvalit\u0101te daudz augst\u0101ka par samaks\u0101to naudu\u201d.<\/em> MMK Serviss pied\u0101v\u0101\u00a0kvalitat\u012bvas bud\u017eeta klases vasaras riepas. <strong>Rotalla<\/strong> ir viens no retajiem \u0137\u012bnie\u0161u riepu ra\u017eot\u0101jiem, kas par zemu cenu sp\u0113j nodro\u0161in\u0101t augstu kvalit\u0101ti. Rotalla kvalit\u0101te krietni augst\u0101ka par cenu, Latvij\u0101 paz\u012bsamas vair\u0101kus gadus. <strong><em>\u013boti labas atsauksmes no klientiem.<\/em><\/strong> MMK Serviss garant\u0113 kvalit\u0101ti. <strong>Rotalla Setula E-pace RH02 \u012bpa\u0161\u012bbas:\u00a0<\/strong> +<strong> super zema cena!!!<\/strong> + degvielas ekonomija un zema rites pretest\u012bba + laba sa\u0137ere slapj\u0101 laik\u0101 + dinamiska un dro\u0161a vad\u0101m\u012bb\u0101 gan uz sausa, gan mitra seguma + sal\u012bdzino\u0161i \u012bss bremz\u0113\u0161anas ce\u013c\u0161 + prec\u012bza riepas \u0123eometrija (nav rakstur\u012bga vibr\u0101cija, k\u0101 daudz\u0101m l\u0113taj\u0101m riep\u0101m) + notur\u012bba pret akvaplan\u0113\u0161anu + \u013coti klusas riepas + garantija <strong>Rekomend\u0113jam \u0161o modeli! <\/strong><em>Laba kvalit\u0101te par \u013coti labu cenu! Garantija!<\/em><\/p>\n","protected":false},"excerpt":{"rendered":"<h2>Vasaras riepas\u00a0Rotalla Setula E-pace RH02<\/h2>\n<p>\u00a0 Riepu ra\u017eot\u0101js:<strong> Rotalla <\/strong> Riepu modelis:<strong> Setula E-pace RH02 <\/strong>(Bud\u017eeta klases\u00a0vasaras riepas) <strong>MMK Serviss nov\u0113rt\u0113jums:<\/strong>\u00a0<em>\u201dAugsta kvalit\u0101te par vislab\u0101ko\u00a0cenu. Kvalit\u0101te daudz augst\u0101ka par samaks\u0101to naudu\u201d.<\/em> MMK Serviss pied\u0101v\u0101\u00a0kvalitat\u012bvas bud\u017eeta klases vasaras riepas.<\/p>\n","protected":false},"featured_media":174365,"template":"","meta":{"_acf_changed":false,"ngg_post_thumbnail":0},"product_brand":[],"product_cat":[46],"product_tag":[],"class_list":{"0":"post-710114","1":"product","2":"type-product","3":"status-publish","4":"has-post-thumbnail","6":"product_cat-vasaras-riepas","8":"first","9":"instock","10":"sale","11":"taxable","12":"shipping-taxable","13":"product-type-simple"},"acf":[],"yoast_head":"<!-- This site is optimized with the Yoast SEO Premium plugin v22.6 (Yoast SEO v27.3) - https:\/\/yoast.com\/product\/yoast-seo-premium-wordpress\/ -->\n<title>155\/80R12 Rotalla Setula E-Race RH02 77T &#8226; MMK Riepas<\/title>\n<meta name=\"robots\" content=\"index, follow, max-snippet:-1, max-image-preview:large, max-video-preview:-1\" \/>\n<link rel=\"canonical\" href=\"https:\/\/mmkriepas.lv\/en\/p\/155-80r12-rotalla-rh02-77t\/\" \/>\n<meta property=\"og:locale\" content=\"en_US\" \/>\n<meta property=\"og:type\" content=\"article\" \/>\n<meta property=\"og:title\" content=\"155\/80R12 Rotalla Setula E-Race RH02 77T\" \/>\n<meta property=\"og:description\" content=\"Vasaras riepas\u00a0Rotalla Setula E-pace RH02\u00a0 Riepu ra\u017eot\u0101js: Rotalla Riepu modelis: Setula E-pace RH02 (Bud\u017eeta klases\u00a0vasaras riepas) MMK Serviss nov\u0113rt\u0113jums:\u00a0\u201dAugsta kvalit\u0101te par vislab\u0101ko\u00a0cenu. Kvalit\u0101te daudz augst\u0101ka par samaks\u0101to naudu\u201d. MMK Serviss pied\u0101v\u0101\u00a0kvalitat\u012bvas bud\u017eeta klases vasaras riepas.\" \/>\n<meta property=\"og:url\" content=\"https:\/\/mmkriepas.lv\/en\/p\/155-80r12-rotalla-rh02-77t\/\" \/>\n<meta property=\"og:site_name\" content=\"MMK Riepas\" \/>\n<meta property=\"article:publisher\" content=\"https:\/\/www.facebook.com\/mmkserviss\/\" \/>\n<meta property=\"article:modified_time\" content=\"2026-04-02T21:17:38+00:00\" \/>\n<meta property=\"og:image\" content=\"https:\/\/mmkriepas.lv\/wp-content\/uploads\/2021\/03\/18560r14-rotalla-rh02-82h-vasaras-riepas.jpeg\" \/>\n\t<meta property=\"og:image:width\" content=\"1600\" \/>\n\t<meta property=\"og:image:height\" content=\"1064\" \/>\n\t<meta property=\"og:image:type\" content=\"image\/jpeg\" \/>\n<meta name=\"twitter:card\" content=\"summary_large_image\" \/>\n<meta name=\"twitter:label1\" content=\"Price\" \/>\n\t<meta name=\"twitter:data1\" content=\"&euro;40.00\" \/>\n\t<meta name=\"twitter:label2\" content=\"Availability\" \/>\n\t<meta name=\"twitter:data2\" content=\"In stock\" \/>\n<script type=\"application\/ld+json\" class=\"yoast-schema-graph\">{\"@context\":\"https:\\\/\\\/schema.org\",\"@graph\":[{\"@type\":\"WebPage\",\"@id\":\"https:\\\/\\\/mmkriepas.lv\\\/en\\\/p\\\/155-80r12-rotalla-rh02-77t\\\/\",\"url\":\"https:\\\/\\\/mmkriepas.lv\\\/en\\\/p\\\/155-80r12-rotalla-rh02-77t\\\/\",\"name\":\"155\\\/80R12 Rotalla Setula E-Race RH02 77T &#8226; MMK Riepas\",\"isPartOf\":{\"@id\":\"https:\\\/\\\/mmkriepas.lv\\\/en\\\/#website\"},\"primaryImageOfPage\":{\"@id\":\"https:\\\/\\\/mmkriepas.lv\\\/en\\\/p\\\/155-80r12-rotalla-rh02-77t\\\/#primaryimage\"},\"image\":{\"@id\":\"https:\\\/\\\/mmkriepas.lv\\\/en\\\/p\\\/155-80r12-rotalla-rh02-77t\\\/#primaryimage\"},\"thumbnailUrl\":\"https:\\\/\\\/mmkriepas.lv\\\/wp-content\\\/uploads\\\/2021\\\/03\\\/18560r14-rotalla-rh02-82h-vasaras-riepas.jpeg\",\"datePublished\":\"2023-05-03T06:10:35+00:00\",\"dateModified\":\"2026-04-02T21:17:38+00:00\",\"breadcrumb\":{\"@id\":\"https:\\\/\\\/mmkriepas.lv\\\/en\\\/p\\\/155-80r12-rotalla-rh02-77t\\\/#breadcrumb\"},\"inLanguage\":\"en-US\",\"potentialAction\":[{\"@type\":\"ReadAction\",\"target\":[\"https:\\\/\\\/mmkriepas.lv\\\/en\\\/p\\\/155-80r12-rotalla-rh02-77t\\\/\"]}]},{\"@type\":\"ImageObject\",\"inLanguage\":\"en-US\",\"@id\":\"https:\\\/\\\/mmkriepas.lv\\\/en\\\/p\\\/155-80r12-rotalla-rh02-77t\\\/#primaryimage\",\"url\":\"https:\\\/\\\/mmkriepas.lv\\\/wp-content\\\/uploads\\\/2021\\\/03\\\/18560r14-rotalla-rh02-82h-vasaras-riepas.jpeg\",\"contentUrl\":\"https:\\\/\\\/mmkriepas.lv\\\/wp-content\\\/uploads\\\/2021\\\/03\\\/18560r14-rotalla-rh02-82h-vasaras-riepas.jpeg\",\"width\":1600,\"height\":1064,\"caption\":\"185\\\/60R14 Rotalla RH02 82H - Vasaras riepas\"},{\"@type\":\"BreadcrumbList\",\"@id\":\"https:\\\/\\\/mmkriepas.lv\\\/en\\\/p\\\/155-80r12-rotalla-rh02-77t\\\/#breadcrumb\",\"itemListElement\":[{\"@type\":\"ListItem\",\"position\":1,\"name\":\"S\u0101kums\",\"item\":\"https:\\\/\\\/mmkriepas.lv\\\/en\\\/\"},{\"@type\":\"ListItem\",\"position\":2,\"name\":\"155\\\/80R12 Rotalla Setula E-Race RH02 77T\"}]},{\"@type\":\"WebSite\",\"@id\":\"https:\\\/\\\/mmkriepas.lv\\\/en\\\/#website\",\"url\":\"https:\\\/\\\/mmkriepas.lv\\\/en\\\/\",\"name\":\"MMK Riepas\",\"description\":\"MMK Riepas\",\"alternateName\":\"MMK Riepu Serviss\",\"potentialAction\":[{\"@type\":\"SearchAction\",\"target\":{\"@type\":\"EntryPoint\",\"urlTemplate\":\"https:\\\/\\\/mmkriepas.lv\\\/en\\\/?s={search_term_string}\"},\"query-input\":{\"@type\":\"PropertyValueSpecification\",\"valueRequired\":true,\"valueName\":\"search_term_string\"}}],\"inLanguage\":\"en-US\"},{\"@type\":\"ImageObject\",\"inLanguage\":\"en-US\",\"@id\":\"https:\\\/\\\/mmkriepas.lv\\\/en\\\/p\\\/155-80r12-rotalla-rh02-77t\\\/#local-main-organization-logo\",\"url\":\"\",\"contentUrl\":\"\",\"caption\":\"MMK Riepas\"}]}<\/script>\n<meta property=\"product:brand\" content=\"Rotalla Setula E-Race RH02\" \/>\n<meta property=\"product:price:amount\" content=\"40.00\" \/>\n<meta property=\"product:price:currency\" content=\"EUR\" \/>\n<meta property=\"og:availability\" content=\"instock\" \/>\n<meta property=\"product:availability\" content=\"instock\" \/>\n<meta property=\"product:retailer_item_id\" content=\"TS1558012ROTAL-L26367\" \/>\n<meta property=\"product:condition\" content=\"new\" \/>\n<!-- \/ Yoast SEO Premium plugin. -->","yoast_head_json":{"title":"155\/80R12 Rotalla Setula E-Race RH02 77T &#8226; MMK Riepas","robots":{"index":"index","follow":"follow","max-snippet":"max-snippet:-1","max-image-preview":"max-image-preview:large","max-video-preview":"max-video-preview:-1"},"canonical":"https:\/\/mmkriepas.lv\/en\/p\/155-80r12-rotalla-rh02-77t\/","og_locale":"en_US","og_type":"article","og_title":"155\/80R12 Rotalla Setula E-Race RH02 77T","og_description":"Vasaras riepas\u00a0Rotalla Setula E-pace RH02\u00a0 Riepu ra\u017eot\u0101js: Rotalla Riepu modelis: Setula E-pace RH02 (Bud\u017eeta klases\u00a0vasaras riepas) MMK Serviss nov\u0113rt\u0113jums:\u00a0\u201dAugsta kvalit\u0101te par vislab\u0101ko\u00a0cenu. Kvalit\u0101te daudz augst\u0101ka par samaks\u0101to naudu\u201d. MMK Serviss pied\u0101v\u0101\u00a0kvalitat\u012bvas bud\u017eeta klases vasaras riepas.","og_url":"https:\/\/mmkriepas.lv\/en\/p\/155-80r12-rotalla-rh02-77t\/","og_site_name":"MMK Riepas","article_publisher":"https:\/\/www.facebook.com\/mmkserviss\/","article_modified_time":"2026-04-02T21:17:38+00:00","og_image":[{"width":1600,"height":1064,"url":"https:\/\/mmkriepas.lv\/wp-content\/uploads\/2021\/03\/18560r14-rotalla-rh02-82h-vasaras-riepas.jpeg","type":"image\/jpeg"}],"twitter_card":"summary_large_image","twitter_misc":{"Price":"&euro;40.00","Availability":"In stock"},"schema":{"@context":"https:\/\/schema.org","@graph":[{"@type":"WebPage","@id":"https:\/\/mmkriepas.lv\/en\/p\/155-80r12-rotalla-rh02-77t\/","url":"https:\/\/mmkriepas.lv\/en\/p\/155-80r12-rotalla-rh02-77t\/","name":"155\/80R12 Rotalla Setula E-Race RH02 77T &#8226; MMK Riepas","isPartOf":{"@id":"https:\/\/mmkriepas.lv\/en\/#website"},"primaryImageOfPage":{"@id":"https:\/\/mmkriepas.lv\/en\/p\/155-80r12-rotalla-rh02-77t\/#primaryimage"},"image":{"@id":"https:\/\/mmkriepas.lv\/en\/p\/155-80r12-rotalla-rh02-77t\/#primaryimage"},"thumbnailUrl":"https:\/\/mmkriepas.lv\/wp-content\/uploads\/2021\/03\/18560r14-rotalla-rh02-82h-vasaras-riepas.jpeg","datePublished":"2023-05-03T06:10:35+00:00","dateModified":"2026-04-02T21:17:38+00:00","breadcrumb":{"@id":"https:\/\/mmkriepas.lv\/en\/p\/155-80r12-rotalla-rh02-77t\/#breadcrumb"},"inLanguage":"en-US","potentialAction":[{"@type":"ReadAction","target":["https:\/\/mmkriepas.lv\/en\/p\/155-80r12-rotalla-rh02-77t\/"]}]},{"@type":"ImageObject","inLanguage":"en-US","@id":"https:\/\/mmkriepas.lv\/en\/p\/155-80r12-rotalla-rh02-77t\/#primaryimage","url":"https:\/\/mmkriepas.lv\/wp-content\/uploads\/2021\/03\/18560r14-rotalla-rh02-82h-vasaras-riepas.jpeg","contentUrl":"https:\/\/mmkriepas.lv\/wp-content\/uploads\/2021\/03\/18560r14-rotalla-rh02-82h-vasaras-riepas.jpeg","width":1600,"height":1064,"caption":"185\/60R14 Rotalla RH02 82H - Vasaras riepas"},{"@type":"BreadcrumbList","@id":"https:\/\/mmkriepas.lv\/en\/p\/155-80r12-rotalla-rh02-77t\/#breadcrumb","itemListElement":[{"@type":"ListItem","position":1,"name":"S\u0101kums","item":"https:\/\/mmkriepas.lv\/en\/"},{"@type":"ListItem","position":2,"name":"155\/80R12 Rotalla Setula E-Race RH02 77T"}]},{"@type":"WebSite","@id":"https:\/\/mmkriepas.lv\/en\/#website","url":"https:\/\/mmkriepas.lv\/en\/","name":"MMK Riepas","description":"MMK Riepas","alternateName":"MMK Riepu Serviss","potentialAction":[{"@type":"SearchAction","target":{"@type":"EntryPoint","urlTemplate":"https:\/\/mmkriepas.lv\/en\/?s={search_term_string}"},"query-input":{"@type":"PropertyValueSpecification","valueRequired":true,"valueName":"search_term_string"}}],"inLanguage":"en-US"},{"@type":"ImageObject","inLanguage":"en-US","@id":"https:\/\/mmkriepas.lv\/en\/p\/155-80r12-rotalla-rh02-77t\/#local-main-organization-logo","url":"","contentUrl":"","caption":"MMK Riepas"}]},"product_brand":"Rotalla Setula E-Race RH02","product_price_amount":"40.00","product_price_currency":"EUR","og_availability":"instock","product_availability":"instock","product_retailer_item_id":"TS1558012ROTAL-L26367","product_condition":"new"},"_links":{"self":[{"href":"https:\/\/mmkriepas.lv\/en\/wp-json\/wp\/v2\/product\/710114","targetHints":{"allow":["GET"]}}],"collection":[{"href":"https:\/\/mmkriepas.lv\/en\/wp-json\/wp\/v2\/product"}],"about":[{"href":"https:\/\/mmkriepas.lv\/en\/wp-json\/wp\/v2\/types\/product"}],"wp:featuredmedia":[{"embeddable":true,"href":"https:\/\/mmkriepas.lv\/en\/wp-json\/wp\/v2\/media\/174365"}],"wp:attachment":[{"href":"https:\/\/mmkriepas.lv\/en\/wp-json\/wp\/v2\/media?parent=710114"}],"wp:term":[{"taxonomy":"product_brand","embeddable":true,"href":"https:\/\/mmkriepas.lv\/en\/wp-json\/wp\/v2\/product_brand?post=710114"},{"taxonomy":"product_cat","embeddable":true,"href":"https:\/\/mmkriepas.lv\/en\/wp-json\/wp\/v2\/product_cat?post=710114"},{"taxonomy":"product_tag","embeddable":true,"href":"https:\/\/mmkriepas.lv\/en\/wp-json\/wp\/v2\/product_tag?post=710114"}],"curies":[{"name":"wp","href":"https:\/\/api.w.org\/{rel}","templated":true}]}}