{"id":70517,"date":"2018-09-19T17:46:44","date_gmt":"2018-09-19T14:46:44","guid":{"rendered":"https:\/\/mmkserviss.lv\/?post_type=product&#038;p=70517"},"modified":"2025-02-12T21:52:54","modified_gmt":"2025-02-12T19:52:54","slug":"21555r17-profil-prosnow-790-94v","status":"publish","type":"product","link":"https:\/\/mmkriepas.lv\/en\/p\/21555r17-profil-prosnow-790-94v\/","title":{"rendered":"215\/55R17 Profil PS790 94V"},"content":{"rendered":"<p><strong>Atjaunotas<\/strong> M+S\/ziemas riepas<strong> Profil PS790<\/strong>. Ra\u017eotas Eirop\u0101. Riepas ar asimetrisk\u0101 tipa protektoru, kas palielina riepas notur\u012bbu pagriezienos un braucot pa slapja asfalta segumu vai slapju sniegu. Labi piem\u0113rotas sportiskai (dinamiskai) brauk\u0161anai.\u00a0<\/p>\n<p><strong>PS790\u00a0riepu \u012bpa\u0161\u012bbas:<\/strong><\/p>\n<p>+ sal\u012bdzino\u0161i zems degvielas pat\u0113ri\u0146\u0161<\/p>\n<p>+ augsta triecieniztur\u012bba<\/p>\n<p>+ labi vad\u0101m\u012bbas r\u0101d\u012bt\u0101ji<\/p>\n<p>+ sal\u012bdzino\u0161i klusas riepas<\/p>\n<p>+ labi r\u0101d\u012bt\u0101ji uz mitra ce\u013ca seguma<\/p>\n","protected":false},"excerpt":{"rendered":"<p><strong>Atjaunotas<\/strong> M+S\/ziemas riepas<strong> Profil PS790<\/strong>. Ra\u017eotas Eirop\u0101. Riepas ar asimetrisk\u0101 tipa protektoru, kas palielina riepas notur\u012bbu pagriezienos un braucot pa slapja asfalta segumu vai slapju sniegu. Labi piem\u0113rotas sportiskai (dinamiskai) brauk\u0161anai.\u00a0<\/p>\n","protected":false},"featured_media":306908,"template":"","meta":{"_acf_changed":false,"ngg_post_thumbnail":0},"product_brand":[],"product_cat":[47,45],"product_tag":[],"class_list":{"0":"post-70517","1":"product","2":"type-product","3":"status-publish","4":"has-post-thumbnail","6":"product_cat-vissezonas-riepas","7":"product_cat-ziemas-riepas","9":"first","10":"outofstock","11":"sale","12":"taxable","13":"shipping-taxable","14":"product-type-simple"},"acf":[],"yoast_head":"<!-- This site is optimized with the Yoast SEO Premium plugin v22.6 (Yoast SEO v27.3) - https:\/\/yoast.com\/product\/yoast-seo-premium-wordpress\/ -->\n<title>215\/55R17 Profil PS790 94V &#8226; MMK Riepas<\/title>\n<meta name=\"robots\" content=\"index, follow, max-snippet:-1, max-image-preview:large, max-video-preview:-1\" \/>\n<link rel=\"canonical\" href=\"https:\/\/mmkriepas.lv\/en\/p\/21555r17-profil-prosnow-790-94v\/\" \/>\n<meta property=\"og:locale\" content=\"en_US\" \/>\n<meta property=\"og:type\" content=\"article\" \/>\n<meta property=\"og:title\" content=\"215\/55R17 Profil PS790 94V\" \/>\n<meta property=\"og:description\" content=\"Atjaunotas M+S\/ziemas riepas Profil PS790. Ra\u017eotas Eirop\u0101. Riepas ar asimetrisk\u0101 tipa protektoru, kas palielina riepas notur\u012bbu pagriezienos un braucot pa slapja asfalta segumu vai slapju sniegu. Labi piem\u0113rotas sportiskai (dinamiskai) brauk\u0161anai.\u00a0\" \/>\n<meta property=\"og:url\" content=\"https:\/\/mmkriepas.lv\/en\/p\/21555r17-profil-prosnow-790-94v\/\" \/>\n<meta property=\"og:site_name\" content=\"MMK Riepas\" \/>\n<meta property=\"article:publisher\" content=\"https:\/\/www.facebook.com\/mmkserviss\/\" \/>\n<meta property=\"article:modified_time\" content=\"2025-02-12T19:52:54+00:00\" \/>\n<meta property=\"og:image\" content=\"https:\/\/mmkriepas.lv\/wp-content\/uploads\/2022\/08\/22545r17-profil-ps790-91v-atjaunota-ziemas-riepas.jpg\" \/>\n\t<meta property=\"og:image:width\" content=\"1920\" \/>\n\t<meta property=\"og:image:height\" content=\"1277\" \/>\n\t<meta property=\"og:image:type\" content=\"image\/jpeg\" \/>\n<meta name=\"twitter:card\" content=\"summary_large_image\" \/>\n<meta name=\"twitter:label1\" content=\"Price\" \/>\n\t<meta name=\"twitter:data1\" content=\"&euro;55.00\" \/>\n\t<meta name=\"twitter:label2\" content=\"Availability\" \/>\n\t<meta name=\"twitter:data2\" content=\"Out of stock\" \/>\n<script type=\"application\/ld+json\" class=\"yoast-schema-graph\">{\"@context\":\"https:\\\/\\\/schema.org\",\"@graph\":[{\"@type\":\"WebPage\",\"@id\":\"https:\\\/\\\/mmkriepas.lv\\\/en\\\/p\\\/21555r17-profil-prosnow-790-94v\\\/\",\"url\":\"https:\\\/\\\/mmkriepas.lv\\\/en\\\/p\\\/21555r17-profil-prosnow-790-94v\\\/\",\"name\":\"215\\\/55R17 Profil PS790 94V &#8226; MMK Riepas\",\"isPartOf\":{\"@id\":\"https:\\\/\\\/mmkriepas.lv\\\/en\\\/#website\"},\"primaryImageOfPage\":{\"@id\":\"https:\\\/\\\/mmkriepas.lv\\\/en\\\/p\\\/21555r17-profil-prosnow-790-94v\\\/#primaryimage\"},\"image\":{\"@id\":\"https:\\\/\\\/mmkriepas.lv\\\/en\\\/p\\\/21555r17-profil-prosnow-790-94v\\\/#primaryimage\"},\"thumbnailUrl\":\"https:\\\/\\\/mmkriepas.lv\\\/wp-content\\\/uploads\\\/2022\\\/08\\\/22545r17-profil-ps790-91v-atjaunota-ziemas-riepas.jpg\",\"datePublished\":\"2018-09-19T14:46:44+00:00\",\"dateModified\":\"2025-02-12T19:52:54+00:00\",\"breadcrumb\":{\"@id\":\"https:\\\/\\\/mmkriepas.lv\\\/en\\\/p\\\/21555r17-profil-prosnow-790-94v\\\/#breadcrumb\"},\"inLanguage\":\"en-US\",\"potentialAction\":[{\"@type\":\"ReadAction\",\"target\":[\"https:\\\/\\\/mmkriepas.lv\\\/en\\\/p\\\/21555r17-profil-prosnow-790-94v\\\/\"]}]},{\"@type\":\"ImageObject\",\"inLanguage\":\"en-US\",\"@id\":\"https:\\\/\\\/mmkriepas.lv\\\/en\\\/p\\\/21555r17-profil-prosnow-790-94v\\\/#primaryimage\",\"url\":\"https:\\\/\\\/mmkriepas.lv\\\/wp-content\\\/uploads\\\/2022\\\/08\\\/22545r17-profil-ps790-91v-atjaunota-ziemas-riepas.jpg\",\"contentUrl\":\"https:\\\/\\\/mmkriepas.lv\\\/wp-content\\\/uploads\\\/2022\\\/08\\\/22545r17-profil-ps790-91v-atjaunota-ziemas-riepas.jpg\",\"width\":1920,\"height\":1277,\"caption\":\"Profil PS790 atjaunota - Ziemas riepas\"},{\"@type\":\"BreadcrumbList\",\"@id\":\"https:\\\/\\\/mmkriepas.lv\\\/en\\\/p\\\/21555r17-profil-prosnow-790-94v\\\/#breadcrumb\",\"itemListElement\":[{\"@type\":\"ListItem\",\"position\":1,\"name\":\"S\u0101kums\",\"item\":\"https:\\\/\\\/mmkriepas.lv\\\/en\\\/\"},{\"@type\":\"ListItem\",\"position\":2,\"name\":\"215\\\/55R17 Profil PS790 94V\"}]},{\"@type\":\"WebSite\",\"@id\":\"https:\\\/\\\/mmkriepas.lv\\\/en\\\/#website\",\"url\":\"https:\\\/\\\/mmkriepas.lv\\\/en\\\/\",\"name\":\"MMK Riepas\",\"description\":\"MMK Riepas\",\"alternateName\":\"MMK Riepu Serviss\",\"potentialAction\":[{\"@type\":\"SearchAction\",\"target\":{\"@type\":\"EntryPoint\",\"urlTemplate\":\"https:\\\/\\\/mmkriepas.lv\\\/en\\\/?s={search_term_string}\"},\"query-input\":{\"@type\":\"PropertyValueSpecification\",\"valueRequired\":true,\"valueName\":\"search_term_string\"}}],\"inLanguage\":\"en-US\"},{\"@type\":\"ImageObject\",\"inLanguage\":\"en-US\",\"@id\":\"https:\\\/\\\/mmkriepas.lv\\\/en\\\/p\\\/21555r17-profil-prosnow-790-94v\\\/#local-main-organization-logo\",\"url\":\"\",\"contentUrl\":\"\",\"caption\":\"MMK Riepas\"}]}<\/script>\n<meta property=\"product:brand\" content=\"Profil PS790\" \/>\n<meta property=\"product:price:amount\" content=\"55.00\" \/>\n<meta property=\"product:price:currency\" content=\"EUR\" \/>\n<meta property=\"og:availability\" content=\"out of stock\" \/>\n<meta property=\"product:availability\" content=\"out of stock\" \/>\n<meta property=\"product:retailer_item_id\" content=\"TW2155517PROFI-12238\" \/>\n<meta property=\"product:condition\" content=\"new\" \/>\n<!-- \/ Yoast SEO Premium plugin. -->","yoast_head_json":{"title":"215\/55R17 Profil PS790 94V &#8226; MMK Riepas","robots":{"index":"index","follow":"follow","max-snippet":"max-snippet:-1","max-image-preview":"max-image-preview:large","max-video-preview":"max-video-preview:-1"},"canonical":"https:\/\/mmkriepas.lv\/en\/p\/21555r17-profil-prosnow-790-94v\/","og_locale":"en_US","og_type":"article","og_title":"215\/55R17 Profil PS790 94V","og_description":"Atjaunotas M+S\/ziemas riepas Profil PS790. Ra\u017eotas Eirop\u0101. Riepas ar asimetrisk\u0101 tipa protektoru, kas palielina riepas notur\u012bbu pagriezienos un braucot pa slapja asfalta segumu vai slapju sniegu. Labi piem\u0113rotas sportiskai (dinamiskai) brauk\u0161anai.\u00a0","og_url":"https:\/\/mmkriepas.lv\/en\/p\/21555r17-profil-prosnow-790-94v\/","og_site_name":"MMK Riepas","article_publisher":"https:\/\/www.facebook.com\/mmkserviss\/","article_modified_time":"2025-02-12T19:52:54+00:00","og_image":[{"width":1920,"height":1277,"url":"https:\/\/mmkriepas.lv\/wp-content\/uploads\/2022\/08\/22545r17-profil-ps790-91v-atjaunota-ziemas-riepas.jpg","type":"image\/jpeg"}],"twitter_card":"summary_large_image","twitter_misc":{"Price":"&euro;55.00","Availability":"Out of stock"},"schema":{"@context":"https:\/\/schema.org","@graph":[{"@type":"WebPage","@id":"https:\/\/mmkriepas.lv\/en\/p\/21555r17-profil-prosnow-790-94v\/","url":"https:\/\/mmkriepas.lv\/en\/p\/21555r17-profil-prosnow-790-94v\/","name":"215\/55R17 Profil PS790 94V &#8226; MMK Riepas","isPartOf":{"@id":"https:\/\/mmkriepas.lv\/en\/#website"},"primaryImageOfPage":{"@id":"https:\/\/mmkriepas.lv\/en\/p\/21555r17-profil-prosnow-790-94v\/#primaryimage"},"image":{"@id":"https:\/\/mmkriepas.lv\/en\/p\/21555r17-profil-prosnow-790-94v\/#primaryimage"},"thumbnailUrl":"https:\/\/mmkriepas.lv\/wp-content\/uploads\/2022\/08\/22545r17-profil-ps790-91v-atjaunota-ziemas-riepas.jpg","datePublished":"2018-09-19T14:46:44+00:00","dateModified":"2025-02-12T19:52:54+00:00","breadcrumb":{"@id":"https:\/\/mmkriepas.lv\/en\/p\/21555r17-profil-prosnow-790-94v\/#breadcrumb"},"inLanguage":"en-US","potentialAction":[{"@type":"ReadAction","target":["https:\/\/mmkriepas.lv\/en\/p\/21555r17-profil-prosnow-790-94v\/"]}]},{"@type":"ImageObject","inLanguage":"en-US","@id":"https:\/\/mmkriepas.lv\/en\/p\/21555r17-profil-prosnow-790-94v\/#primaryimage","url":"https:\/\/mmkriepas.lv\/wp-content\/uploads\/2022\/08\/22545r17-profil-ps790-91v-atjaunota-ziemas-riepas.jpg","contentUrl":"https:\/\/mmkriepas.lv\/wp-content\/uploads\/2022\/08\/22545r17-profil-ps790-91v-atjaunota-ziemas-riepas.jpg","width":1920,"height":1277,"caption":"Profil PS790 atjaunota - Ziemas riepas"},{"@type":"BreadcrumbList","@id":"https:\/\/mmkriepas.lv\/en\/p\/21555r17-profil-prosnow-790-94v\/#breadcrumb","itemListElement":[{"@type":"ListItem","position":1,"name":"S\u0101kums","item":"https:\/\/mmkriepas.lv\/en\/"},{"@type":"ListItem","position":2,"name":"215\/55R17 Profil PS790 94V"}]},{"@type":"WebSite","@id":"https:\/\/mmkriepas.lv\/en\/#website","url":"https:\/\/mmkriepas.lv\/en\/","name":"MMK Riepas","description":"MMK Riepas","alternateName":"MMK Riepu Serviss","potentialAction":[{"@type":"SearchAction","target":{"@type":"EntryPoint","urlTemplate":"https:\/\/mmkriepas.lv\/en\/?s={search_term_string}"},"query-input":{"@type":"PropertyValueSpecification","valueRequired":true,"valueName":"search_term_string"}}],"inLanguage":"en-US"},{"@type":"ImageObject","inLanguage":"en-US","@id":"https:\/\/mmkriepas.lv\/en\/p\/21555r17-profil-prosnow-790-94v\/#local-main-organization-logo","url":"","contentUrl":"","caption":"MMK Riepas"}]},"product_brand":"Profil PS790","product_price_amount":"55.00","product_price_currency":"EUR","og_availability":"out of stock","product_availability":"out of stock","product_retailer_item_id":"TW2155517PROFI-12238","product_condition":"new"},"_links":{"self":[{"href":"https:\/\/mmkriepas.lv\/en\/wp-json\/wp\/v2\/product\/70517","targetHints":{"allow":["GET"]}}],"collection":[{"href":"https:\/\/mmkriepas.lv\/en\/wp-json\/wp\/v2\/product"}],"about":[{"href":"https:\/\/mmkriepas.lv\/en\/wp-json\/wp\/v2\/types\/product"}],"wp:featuredmedia":[{"embeddable":true,"href":"https:\/\/mmkriepas.lv\/en\/wp-json\/wp\/v2\/media\/306908"}],"wp:attachment":[{"href":"https:\/\/mmkriepas.lv\/en\/wp-json\/wp\/v2\/media?parent=70517"}],"wp:term":[{"taxonomy":"product_brand","embeddable":true,"href":"https:\/\/mmkriepas.lv\/en\/wp-json\/wp\/v2\/product_brand?post=70517"},{"taxonomy":"product_cat","embeddable":true,"href":"https:\/\/mmkriepas.lv\/en\/wp-json\/wp\/v2\/product_cat?post=70517"},{"taxonomy":"product_tag","embeddable":true,"href":"https:\/\/mmkriepas.lv\/en\/wp-json\/wp\/v2\/product_tag?post=70517"}],"curies":[{"name":"wp","href":"https:\/\/api.w.org\/{rel}","templated":true}]}}