{"id":70513,"date":"2018-09-19T17:41:16","date_gmt":"2018-09-19T14:41:16","guid":{"rendered":"https:\/\/mmkserviss.lv\/?post_type=product&#038;p=70513"},"modified":"2025-03-07T17:24:28","modified_gmt":"2025-03-07T15:24:28","slug":"22555r16-profil-wintermaxx-95h","status":"publish","type":"product","link":"https:\/\/mmkriepas.lv\/en\/p\/22555r16-profil-wintermaxx-95h\/","title":{"rendered":"225\/55R16 Profil Wintermaxx 95H"},"content":{"rendered":"<h2><span>Jaunas(Atjaunotas) M+S\/ziemas riepas<\/span> Profil Wintermaxx<\/h2>\n<p><span>Atjaunotas M+S\/ziemas riepas r<\/span><span>iepas ra\u017eotas eirop\u0101.<\/span><ins class=\"copy_element\"><\/ins><\/p>\n<p><a href=\"https:\/\/www.ss.com\/msg\/lv\/transport\/spare-parts\/trunks-wheels\/r16\/bfxofm.html?0.295090277454511\"><\/a><strong>Profil Wintermaxx\u00a0<\/strong>riepu \u012bpa\u0161\u012bbas:<\/p>\n<p>+ sal\u012bdzino\u0161i zems degvielas pat\u0113ri\u0146\u0161<\/p>\n<p>+ augsta triecieniztur\u012bba<\/p>\n<p>+ Labi vad\u0101m\u012bbas r\u0101d\u012bt\u0101ji<\/p>\n<p>+ sal\u012bdzino\u0161i klusas riepas<\/p>\n<p>+\u00a0\u0123eometriski precizas riepas<\/p>\n<p>+\u00a0augsta nodilumizturiba<\/p>\n<p>\u012asum\u0101: Labas, L\u0113ta un kvalitativi atjaunotas M+S\/ziemas riepas kas labi kalpos gan ziemas, gan vasaras apst\u0101k\u013cos.<\/p>\n","protected":false},"excerpt":{"rendered":"<p>Jaunas(Atjaunotas) M+S\/ziemas riepas Profil Wintermaxx Atjaunotas M+S\/ziemas riepas riepas ra\u017eotas eirop\u0101. Profil Wintermaxx\u00a0riepu \u012bpa\u0161\u012bbas: + sal\u012bdzino\u0161i zems degvielas pat\u0113ri\u0146\u0161 + augsta triecieniztur\u012bba + Labi vad\u0101m\u012bbas r\u0101d\u012bt\u0101ji + sal\u012bdzino\u0161i klusas riepas<\/p>\n","protected":false},"featured_media":70335,"template":"","meta":{"_acf_changed":false,"ngg_post_thumbnail":0},"product_brand":[],"product_cat":[47,45],"product_tag":[19634],"class_list":{"0":"post-70513","1":"product","2":"type-product","3":"status-publish","4":"has-post-thumbnail","6":"product_cat-vissezonas-riepas","7":"product_cat-ziemas-riepas","8":"product_tag-mmk","10":"first","11":"outofstock","12":"sale","13":"taxable","14":"shipping-taxable","15":"product-type-simple"},"acf":[],"yoast_head":"<!-- This site is optimized with the Yoast SEO Premium plugin v22.6 (Yoast SEO v27.3) - https:\/\/yoast.com\/product\/yoast-seo-premium-wordpress\/ -->\n<title>225\/55R16 Profil Wintermaxx 95H &#8226; MMK Riepas<\/title>\n<meta name=\"robots\" content=\"index, follow, max-snippet:-1, max-image-preview:large, max-video-preview:-1\" \/>\n<link rel=\"canonical\" href=\"https:\/\/mmkriepas.lv\/en\/p\/22555r16-profil-wintermaxx-95h\/\" \/>\n<meta property=\"og:locale\" content=\"en_US\" \/>\n<meta property=\"og:type\" content=\"article\" \/>\n<meta property=\"og:title\" content=\"225\/55R16 Profil Wintermaxx 95H\" \/>\n<meta property=\"og:description\" content=\"Jaunas(Atjaunotas) M+S\/ziemas riepas Profil Wintermaxx Atjaunotas M+S\/ziemas riepas riepas ra\u017eotas eirop\u0101. Profil Wintermaxx\u00a0riepu \u012bpa\u0161\u012bbas: + sal\u012bdzino\u0161i zems degvielas pat\u0113ri\u0146\u0161 + augsta triecieniztur\u012bba + Labi vad\u0101m\u012bbas r\u0101d\u012bt\u0101ji + sal\u012bdzino\u0161i klusas riepas\" \/>\n<meta property=\"og:url\" content=\"https:\/\/mmkriepas.lv\/en\/p\/22555r16-profil-wintermaxx-95h\/\" \/>\n<meta property=\"og:site_name\" content=\"MMK Riepas\" \/>\n<meta property=\"article:publisher\" content=\"https:\/\/www.facebook.com\/mmkserviss\/\" \/>\n<meta property=\"article:modified_time\" content=\"2025-03-07T15:24:28+00:00\" \/>\n<meta property=\"og:image\" content=\"https:\/\/mmkriepas.lv\/wp-content\/uploads\/2018\/09\/20555r16-profil-alpiner-evo-91h-ziemas-riepas.jpg\" \/>\n\t<meta property=\"og:image:width\" content=\"1920\" \/>\n\t<meta property=\"og:image:height\" content=\"1440\" \/>\n\t<meta property=\"og:image:type\" content=\"image\/jpeg\" \/>\n<meta name=\"twitter:card\" content=\"summary_large_image\" \/>\n<meta name=\"twitter:label1\" content=\"Price\" \/>\n\t<meta name=\"twitter:data1\" content=\"&euro;45.00\" \/>\n\t<meta name=\"twitter:label2\" content=\"Availability\" \/>\n\t<meta name=\"twitter:data2\" content=\"Out of stock\" \/>\n<script type=\"application\/ld+json\" class=\"yoast-schema-graph\">{\"@context\":\"https:\\\/\\\/schema.org\",\"@graph\":[{\"@type\":\"WebPage\",\"@id\":\"https:\\\/\\\/mmkriepas.lv\\\/en\\\/p\\\/22555r16-profil-wintermaxx-95h\\\/\",\"url\":\"https:\\\/\\\/mmkriepas.lv\\\/en\\\/p\\\/22555r16-profil-wintermaxx-95h\\\/\",\"name\":\"225\\\/55R16 Profil Wintermaxx 95H &#8226; MMK Riepas\",\"isPartOf\":{\"@id\":\"https:\\\/\\\/mmkriepas.lv\\\/en\\\/#website\"},\"primaryImageOfPage\":{\"@id\":\"https:\\\/\\\/mmkriepas.lv\\\/en\\\/p\\\/22555r16-profil-wintermaxx-95h\\\/#primaryimage\"},\"image\":{\"@id\":\"https:\\\/\\\/mmkriepas.lv\\\/en\\\/p\\\/22555r16-profil-wintermaxx-95h\\\/#primaryimage\"},\"thumbnailUrl\":\"https:\\\/\\\/mmkriepas.lv\\\/wp-content\\\/uploads\\\/2018\\\/09\\\/20555r16-profil-alpiner-evo-91h-ziemas-riepas.jpg\",\"datePublished\":\"2018-09-19T14:41:16+00:00\",\"dateModified\":\"2025-03-07T15:24:28+00:00\",\"breadcrumb\":{\"@id\":\"https:\\\/\\\/mmkriepas.lv\\\/en\\\/p\\\/22555r16-profil-wintermaxx-95h\\\/#breadcrumb\"},\"inLanguage\":\"en-US\",\"potentialAction\":[{\"@type\":\"ReadAction\",\"target\":[\"https:\\\/\\\/mmkriepas.lv\\\/en\\\/p\\\/22555r16-profil-wintermaxx-95h\\\/\"]}]},{\"@type\":\"ImageObject\",\"inLanguage\":\"en-US\",\"@id\":\"https:\\\/\\\/mmkriepas.lv\\\/en\\\/p\\\/22555r16-profil-wintermaxx-95h\\\/#primaryimage\",\"url\":\"https:\\\/\\\/mmkriepas.lv\\\/wp-content\\\/uploads\\\/2018\\\/09\\\/20555r16-profil-alpiner-evo-91h-ziemas-riepas.jpg\",\"contentUrl\":\"https:\\\/\\\/mmkriepas.lv\\\/wp-content\\\/uploads\\\/2018\\\/09\\\/20555r16-profil-alpiner-evo-91h-ziemas-riepas.jpg\",\"width\":1920,\"height\":1440,\"caption\":\"205\\\/55R16 Profil Alpiner Evo 91H - Vissezonas riepas \\\/ Ziemas riepas\"},{\"@type\":\"BreadcrumbList\",\"@id\":\"https:\\\/\\\/mmkriepas.lv\\\/en\\\/p\\\/22555r16-profil-wintermaxx-95h\\\/#breadcrumb\",\"itemListElement\":[{\"@type\":\"ListItem\",\"position\":1,\"name\":\"S\u0101kums\",\"item\":\"https:\\\/\\\/mmkriepas.lv\\\/en\\\/\"},{\"@type\":\"ListItem\",\"position\":2,\"name\":\"225\\\/55R16 Profil Wintermaxx 95H\"}]},{\"@type\":\"WebSite\",\"@id\":\"https:\\\/\\\/mmkriepas.lv\\\/en\\\/#website\",\"url\":\"https:\\\/\\\/mmkriepas.lv\\\/en\\\/\",\"name\":\"MMK Riepas\",\"description\":\"MMK Riepas\",\"alternateName\":\"MMK Riepu Serviss\",\"potentialAction\":[{\"@type\":\"SearchAction\",\"target\":{\"@type\":\"EntryPoint\",\"urlTemplate\":\"https:\\\/\\\/mmkriepas.lv\\\/en\\\/?s={search_term_string}\"},\"query-input\":{\"@type\":\"PropertyValueSpecification\",\"valueRequired\":true,\"valueName\":\"search_term_string\"}}],\"inLanguage\":\"en-US\"},{\"@type\":\"ImageObject\",\"inLanguage\":\"en-US\",\"@id\":\"https:\\\/\\\/mmkriepas.lv\\\/en\\\/p\\\/22555r16-profil-wintermaxx-95h\\\/#local-main-organization-logo\",\"url\":\"\",\"contentUrl\":\"\",\"caption\":\"MMK Riepas\"}]}<\/script>\n<meta property=\"product:brand\" content=\"Profil Winter Maxx\" \/>\n<meta property=\"product:price:amount\" content=\"45.00\" \/>\n<meta property=\"product:price:currency\" content=\"EUR\" \/>\n<meta property=\"og:availability\" content=\"out of stock\" \/>\n<meta property=\"product:availability\" content=\"out of stock\" \/>\n<meta property=\"product:retailer_item_id\" content=\"TW2255516Profi-1849\" \/>\n<meta property=\"product:condition\" content=\"new\" \/>\n<!-- \/ Yoast SEO Premium plugin. -->","yoast_head_json":{"title":"225\/55R16 Profil Wintermaxx 95H &#8226; MMK Riepas","robots":{"index":"index","follow":"follow","max-snippet":"max-snippet:-1","max-image-preview":"max-image-preview:large","max-video-preview":"max-video-preview:-1"},"canonical":"https:\/\/mmkriepas.lv\/en\/p\/22555r16-profil-wintermaxx-95h\/","og_locale":"en_US","og_type":"article","og_title":"225\/55R16 Profil Wintermaxx 95H","og_description":"Jaunas(Atjaunotas) M+S\/ziemas riepas Profil Wintermaxx Atjaunotas M+S\/ziemas riepas riepas ra\u017eotas eirop\u0101. Profil Wintermaxx\u00a0riepu \u012bpa\u0161\u012bbas: + sal\u012bdzino\u0161i zems degvielas pat\u0113ri\u0146\u0161 + augsta triecieniztur\u012bba + Labi vad\u0101m\u012bbas r\u0101d\u012bt\u0101ji + sal\u012bdzino\u0161i klusas riepas","og_url":"https:\/\/mmkriepas.lv\/en\/p\/22555r16-profil-wintermaxx-95h\/","og_site_name":"MMK Riepas","article_publisher":"https:\/\/www.facebook.com\/mmkserviss\/","article_modified_time":"2025-03-07T15:24:28+00:00","og_image":[{"width":1920,"height":1440,"url":"https:\/\/mmkriepas.lv\/wp-content\/uploads\/2018\/09\/20555r16-profil-alpiner-evo-91h-ziemas-riepas.jpg","type":"image\/jpeg"}],"twitter_card":"summary_large_image","twitter_misc":{"Price":"&euro;45.00","Availability":"Out of stock"},"schema":{"@context":"https:\/\/schema.org","@graph":[{"@type":"WebPage","@id":"https:\/\/mmkriepas.lv\/en\/p\/22555r16-profil-wintermaxx-95h\/","url":"https:\/\/mmkriepas.lv\/en\/p\/22555r16-profil-wintermaxx-95h\/","name":"225\/55R16 Profil Wintermaxx 95H &#8226; MMK Riepas","isPartOf":{"@id":"https:\/\/mmkriepas.lv\/en\/#website"},"primaryImageOfPage":{"@id":"https:\/\/mmkriepas.lv\/en\/p\/22555r16-profil-wintermaxx-95h\/#primaryimage"},"image":{"@id":"https:\/\/mmkriepas.lv\/en\/p\/22555r16-profil-wintermaxx-95h\/#primaryimage"},"thumbnailUrl":"https:\/\/mmkriepas.lv\/wp-content\/uploads\/2018\/09\/20555r16-profil-alpiner-evo-91h-ziemas-riepas.jpg","datePublished":"2018-09-19T14:41:16+00:00","dateModified":"2025-03-07T15:24:28+00:00","breadcrumb":{"@id":"https:\/\/mmkriepas.lv\/en\/p\/22555r16-profil-wintermaxx-95h\/#breadcrumb"},"inLanguage":"en-US","potentialAction":[{"@type":"ReadAction","target":["https:\/\/mmkriepas.lv\/en\/p\/22555r16-profil-wintermaxx-95h\/"]}]},{"@type":"ImageObject","inLanguage":"en-US","@id":"https:\/\/mmkriepas.lv\/en\/p\/22555r16-profil-wintermaxx-95h\/#primaryimage","url":"https:\/\/mmkriepas.lv\/wp-content\/uploads\/2018\/09\/20555r16-profil-alpiner-evo-91h-ziemas-riepas.jpg","contentUrl":"https:\/\/mmkriepas.lv\/wp-content\/uploads\/2018\/09\/20555r16-profil-alpiner-evo-91h-ziemas-riepas.jpg","width":1920,"height":1440,"caption":"205\/55R16 Profil Alpiner Evo 91H - Vissezonas riepas \/ Ziemas riepas"},{"@type":"BreadcrumbList","@id":"https:\/\/mmkriepas.lv\/en\/p\/22555r16-profil-wintermaxx-95h\/#breadcrumb","itemListElement":[{"@type":"ListItem","position":1,"name":"S\u0101kums","item":"https:\/\/mmkriepas.lv\/en\/"},{"@type":"ListItem","position":2,"name":"225\/55R16 Profil Wintermaxx 95H"}]},{"@type":"WebSite","@id":"https:\/\/mmkriepas.lv\/en\/#website","url":"https:\/\/mmkriepas.lv\/en\/","name":"MMK Riepas","description":"MMK Riepas","alternateName":"MMK Riepu Serviss","potentialAction":[{"@type":"SearchAction","target":{"@type":"EntryPoint","urlTemplate":"https:\/\/mmkriepas.lv\/en\/?s={search_term_string}"},"query-input":{"@type":"PropertyValueSpecification","valueRequired":true,"valueName":"search_term_string"}}],"inLanguage":"en-US"},{"@type":"ImageObject","inLanguage":"en-US","@id":"https:\/\/mmkriepas.lv\/en\/p\/22555r16-profil-wintermaxx-95h\/#local-main-organization-logo","url":"","contentUrl":"","caption":"MMK Riepas"}]},"product_brand":"Profil Winter Maxx","product_price_amount":"45.00","product_price_currency":"EUR","og_availability":"out of stock","product_availability":"out of stock","product_retailer_item_id":"TW2255516Profi-1849","product_condition":"new"},"_links":{"self":[{"href":"https:\/\/mmkriepas.lv\/en\/wp-json\/wp\/v2\/product\/70513","targetHints":{"allow":["GET"]}}],"collection":[{"href":"https:\/\/mmkriepas.lv\/en\/wp-json\/wp\/v2\/product"}],"about":[{"href":"https:\/\/mmkriepas.lv\/en\/wp-json\/wp\/v2\/types\/product"}],"wp:featuredmedia":[{"embeddable":true,"href":"https:\/\/mmkriepas.lv\/en\/wp-json\/wp\/v2\/media\/70335"}],"wp:attachment":[{"href":"https:\/\/mmkriepas.lv\/en\/wp-json\/wp\/v2\/media?parent=70513"}],"wp:term":[{"taxonomy":"product_brand","embeddable":true,"href":"https:\/\/mmkriepas.lv\/en\/wp-json\/wp\/v2\/product_brand?post=70513"},{"taxonomy":"product_cat","embeddable":true,"href":"https:\/\/mmkriepas.lv\/en\/wp-json\/wp\/v2\/product_cat?post=70513"},{"taxonomy":"product_tag","embeddable":true,"href":"https:\/\/mmkriepas.lv\/en\/wp-json\/wp\/v2\/product_tag?post=70513"}],"curies":[{"name":"wp","href":"https:\/\/api.w.org\/{rel}","templated":true}]}}