{"id":70156,"date":"2018-09-17T13:26:54","date_gmt":"2018-09-17T10:26:54","guid":{"rendered":"https:\/\/mmkserviss.lv\/katalogs\/uncategorized\/cachland-22555r17-101h-ch-w2003-xl-ovation\/"},"modified":"2023-08-31T10:08:16","modified_gmt":"2023-08-31T07:08:16","slug":"cachland-22555r17-101h-ch-w2003-xl-ovation","status":"publish","type":"product","link":"https:\/\/mmkriepas.lv\/en\/p\/cachland-22555r17-101h-ch-w2003-xl-ovation\/","title":{"rendered":"225\/55R17 Cachland CH-W2006 101H XL"},"content":{"rendered":"<p><strong>Cachland CH-W2006<\/strong> ir ziemas riepa, kas paredz\u0113ta vieglajiem un SUV auto un izce\u013cas ar p\u0101rliecino\u0161iem veiktsp\u0113jas r\u0101d\u012bt\u0101jiem jebk\u0101dos brauk\u0161anas apst\u0101k\u013cos.<\/p>\n<p><strong>CH-W2006 galven\u0101s iez\u012bmes<\/strong><\/p>\n<p>+ Asimetriskais protektora raksts!<\/p>\n<p>+ Komfortabla, klusa un gluda gaita!<\/p>\n<p>+ Degvielas ekonomija!<\/p>\n<p>+ Laba veiktsp\u0113ja uz ledus, pateicoties lielajam lame\u013cu skaitam!<\/p>\n<p><strong>CH-W2006 apr\u012bkojums<\/strong><\/p>\n<p><strong>Cachland CH-W2006<\/strong> ziemas riepu modelis ir apr\u012bkots ar asimetrisko protektora rakstu, kas sev\u012b apvieno lab\u0101k\u0101s virz\u012bt\u0101 un klasisk\u0101 stilu \u012bpa\u0161\u012bbas. Brauciens ar \u0161\u012bm riep\u0101m b\u016bs dro\u0161\u0161, kluss un komfortabls. Asimetriski izvietotajos protektora blokos bl\u012bvi iestr\u0101d\u0101ti vair\u0101ki t\u016bksto\u0161i lame\u013cu, kuras ar as\u0101m kant\u0113m iec\u0113rtas led\u016b, ar slideno virsmu veidojot sa\u0137eri. Riepa darin\u0101ta no elastrom\u0113riem bag\u0101ta gumijas mais\u012bjuma, liekot tai saglab\u0101t elast\u012bbu zem\u0101s gaisa temperat\u016br\u0101s. Elast\u012bga riepa daudz lab\u0101k veido sa\u0137eri ar ce\u013ca virsmu.<\/p>\n<p><strong>Cachland CH-W2006<\/strong> mode\u013ca lieto\u0161anas dro\u0161\u012bbu ziemas laika apst\u0101k\u013cos un t\u0101 atbilst\u012bbu valst\u012bm ar oblig\u0101tu sezon\u0101lo riepu mai\u0146u apstiprina mar\u0137\u0113jums sniegp\u0101rslas form\u0101 uz kalna fona ar trim virsotn\u0113m (3PMSF).<\/p>\n","protected":false},"excerpt":{"rendered":"<p><strong>Cachland CH-W2006<\/strong> ir ziemas riepa, kas paredz\u0113ta vieglajiem un SUV auto un izce\u013cas ar p\u0101rliecino\u0161iem veiktsp\u0113jas r\u0101d\u012bt\u0101jiem jebk\u0101dos brauk\u0161anas apst\u0101k\u013cos.<\/p>\n","protected":false},"featured_media":188388,"template":"","meta":{"_acf_changed":false,"ngg_post_thumbnail":0},"product_brand":[],"product_cat":[45,48],"product_tag":[19636],"class_list":{"0":"post-70156","1":"product","2":"type-product","3":"status-publish","4":"has-post-thumbnail","6":"product_cat-ziemas-riepas","7":"product_cat-ziemas-ar-radzem","8":"product_tag-dzeltens","10":"first","11":"instock","12":"taxable","13":"shipping-taxable","14":"product-type-simple"},"acf":[],"yoast_head":"<!-- This site is optimized with the Yoast SEO Premium plugin v22.6 (Yoast SEO v27.3) - https:\/\/yoast.com\/product\/yoast-seo-premium-wordpress\/ -->\n<title>225\/55R17 Cachland CH-W2006 101H XL &#8226; MMK Riepas<\/title>\n<meta name=\"description\" content=\"Cachland CH-W2003- ziemas riepa, kurai piem\u012bt laba veiktsp\u0113jas\/cenas attiec\u012bba. Pieejama abos MMK Riepu Centros par vislab\u0101kaj\u0101m cen\u0101m!\" \/>\n<meta name=\"robots\" content=\"index, follow, max-snippet:-1, max-image-preview:large, max-video-preview:-1\" \/>\n<link rel=\"canonical\" href=\"https:\/\/mmkriepas.lv\/en\/p\/cachland-22555r17-101h-ch-w2003-xl-ovation\/\" \/>\n<meta property=\"og:locale\" content=\"en_US\" \/>\n<meta property=\"og:type\" content=\"article\" \/>\n<meta property=\"og:title\" content=\"225\/55R17 Cachland CH-W2006 101H XL\" \/>\n<meta property=\"og:description\" content=\"Cachland CH-W2003- ziemas riepa, kurai piem\u012bt laba veiktsp\u0113jas\/cenas attiec\u012bba. Pieejama abos MMK Riepu Centros par vislab\u0101kaj\u0101m cen\u0101m!\" \/>\n<meta property=\"og:url\" content=\"https:\/\/mmkriepas.lv\/en\/p\/cachland-22555r17-101h-ch-w2003-xl-ovation\/\" \/>\n<meta property=\"og:site_name\" content=\"MMK Riepas\" \/>\n<meta property=\"article:publisher\" content=\"https:\/\/www.facebook.com\/mmkserviss\/\" \/>\n<meta property=\"article:modified_time\" content=\"2023-08-31T07:08:16+00:00\" \/>\n<meta property=\"og:image\" content=\"https:\/\/mmkriepas.lv\/wp-content\/uploads\/2021\/08\/22555r17-cachland-ch-w2006-101h-xl-ziemas-riepas-ziemas-ar-radzem-riepas-2.jpg\" \/>\n\t<meta property=\"og:image:width\" content=\"1920\" \/>\n\t<meta property=\"og:image:height\" content=\"1280\" \/>\n\t<meta property=\"og:image:type\" content=\"image\/jpeg\" \/>\n<meta name=\"twitter:card\" content=\"summary_large_image\" \/>\n<meta name=\"twitter:label1\" content=\"Price\" \/>\n\t<meta name=\"twitter:data1\" content=\"&euro;69.00\" \/>\n\t<meta name=\"twitter:label2\" content=\"Availability\" \/>\n\t<meta name=\"twitter:data2\" content=\"In stock\" \/>\n<script type=\"application\/ld+json\" class=\"yoast-schema-graph\">{\"@context\":\"https:\\\/\\\/schema.org\",\"@graph\":[{\"@type\":\"WebPage\",\"@id\":\"https:\\\/\\\/mmkriepas.lv\\\/en\\\/p\\\/cachland-22555r17-101h-ch-w2003-xl-ovation\\\/\",\"url\":\"https:\\\/\\\/mmkriepas.lv\\\/en\\\/p\\\/cachland-22555r17-101h-ch-w2003-xl-ovation\\\/\",\"name\":\"225\\\/55R17 Cachland CH-W2006 101H XL &#8226; MMK Riepas\",\"isPartOf\":{\"@id\":\"https:\\\/\\\/mmkriepas.lv\\\/en\\\/#website\"},\"primaryImageOfPage\":{\"@id\":\"https:\\\/\\\/mmkriepas.lv\\\/en\\\/p\\\/cachland-22555r17-101h-ch-w2003-xl-ovation\\\/#primaryimage\"},\"image\":{\"@id\":\"https:\\\/\\\/mmkriepas.lv\\\/en\\\/p\\\/cachland-22555r17-101h-ch-w2003-xl-ovation\\\/#primaryimage\"},\"thumbnailUrl\":\"https:\\\/\\\/mmkriepas.lv\\\/wp-content\\\/uploads\\\/2021\\\/08\\\/22555r17-cachland-ch-w2006-101h-xl-ziemas-riepas-ziemas-ar-radzem-riepas-2.jpg\",\"datePublished\":\"2018-09-17T10:26:54+00:00\",\"dateModified\":\"2023-08-31T07:08:16+00:00\",\"description\":\"Cachland CH-W2003- ziemas riepa, kurai piem\u012bt laba veiktsp\u0113jas\\\/cenas attiec\u012bba. Pieejama abos MMK Riepu Centros par vislab\u0101kaj\u0101m cen\u0101m!\",\"breadcrumb\":{\"@id\":\"https:\\\/\\\/mmkriepas.lv\\\/en\\\/p\\\/cachland-22555r17-101h-ch-w2003-xl-ovation\\\/#breadcrumb\"},\"inLanguage\":\"en-US\",\"potentialAction\":[{\"@type\":\"ReadAction\",\"target\":[\"https:\\\/\\\/mmkriepas.lv\\\/en\\\/p\\\/cachland-22555r17-101h-ch-w2003-xl-ovation\\\/\"]}]},{\"@type\":\"ImageObject\",\"inLanguage\":\"en-US\",\"@id\":\"https:\\\/\\\/mmkriepas.lv\\\/en\\\/p\\\/cachland-22555r17-101h-ch-w2003-xl-ovation\\\/#primaryimage\",\"url\":\"https:\\\/\\\/mmkriepas.lv\\\/wp-content\\\/uploads\\\/2021\\\/08\\\/22555r17-cachland-ch-w2006-101h-xl-ziemas-riepas-ziemas-ar-radzem-riepas-2.jpg\",\"contentUrl\":\"https:\\\/\\\/mmkriepas.lv\\\/wp-content\\\/uploads\\\/2021\\\/08\\\/22555r17-cachland-ch-w2006-101h-xl-ziemas-riepas-ziemas-ar-radzem-riepas-2.jpg\",\"width\":1920,\"height\":1280,\"caption\":\"CACHLAND CH-W2003 Riepa\"},{\"@type\":\"BreadcrumbList\",\"@id\":\"https:\\\/\\\/mmkriepas.lv\\\/en\\\/p\\\/cachland-22555r17-101h-ch-w2003-xl-ovation\\\/#breadcrumb\",\"itemListElement\":[{\"@type\":\"ListItem\",\"position\":1,\"name\":\"S\u0101kums\",\"item\":\"https:\\\/\\\/mmkriepas.lv\\\/en\\\/\"},{\"@type\":\"ListItem\",\"position\":2,\"name\":\"225\\\/55R17 Cachland CH-W2006 101H XL\"}]},{\"@type\":\"WebSite\",\"@id\":\"https:\\\/\\\/mmkriepas.lv\\\/en\\\/#website\",\"url\":\"https:\\\/\\\/mmkriepas.lv\\\/en\\\/\",\"name\":\"MMK Riepas\",\"description\":\"MMK Riepas\",\"alternateName\":\"MMK Riepu Serviss\",\"potentialAction\":[{\"@type\":\"SearchAction\",\"target\":{\"@type\":\"EntryPoint\",\"urlTemplate\":\"https:\\\/\\\/mmkriepas.lv\\\/en\\\/?s={search_term_string}\"},\"query-input\":{\"@type\":\"PropertyValueSpecification\",\"valueRequired\":true,\"valueName\":\"search_term_string\"}}],\"inLanguage\":\"en-US\"},{\"@type\":\"ImageObject\",\"inLanguage\":\"en-US\",\"@id\":\"https:\\\/\\\/mmkriepas.lv\\\/en\\\/p\\\/cachland-22555r17-101h-ch-w2003-xl-ovation\\\/#local-main-organization-logo\",\"url\":\"\",\"contentUrl\":\"\",\"caption\":\"MMK Riepas\"}]}<\/script>\n<meta property=\"product:brand\" content=\"Cachland CH-W2003\" \/>\n<meta property=\"product:price:amount\" content=\"69.00\" \/>\n<meta property=\"product:price:currency\" content=\"EUR\" \/>\n<meta property=\"og:availability\" content=\"instock\" \/>\n<meta property=\"product:availability\" content=\"instock\" \/>\n<meta property=\"product:condition\" content=\"new\" \/>\n<!-- \/ Yoast SEO Premium plugin. -->","yoast_head_json":{"title":"225\/55R17 Cachland CH-W2006 101H XL &#8226; MMK Riepas","description":"Cachland CH-W2003- ziemas riepa, kurai piem\u012bt laba veiktsp\u0113jas\/cenas attiec\u012bba. Pieejama abos MMK Riepu Centros par vislab\u0101kaj\u0101m cen\u0101m!","robots":{"index":"index","follow":"follow","max-snippet":"max-snippet:-1","max-image-preview":"max-image-preview:large","max-video-preview":"max-video-preview:-1"},"canonical":"https:\/\/mmkriepas.lv\/en\/p\/cachland-22555r17-101h-ch-w2003-xl-ovation\/","og_locale":"en_US","og_type":"article","og_title":"225\/55R17 Cachland CH-W2006 101H XL","og_description":"Cachland CH-W2003- ziemas riepa, kurai piem\u012bt laba veiktsp\u0113jas\/cenas attiec\u012bba. Pieejama abos MMK Riepu Centros par vislab\u0101kaj\u0101m cen\u0101m!","og_url":"https:\/\/mmkriepas.lv\/en\/p\/cachland-22555r17-101h-ch-w2003-xl-ovation\/","og_site_name":"MMK Riepas","article_publisher":"https:\/\/www.facebook.com\/mmkserviss\/","article_modified_time":"2023-08-31T07:08:16+00:00","og_image":[{"width":1920,"height":1280,"url":"https:\/\/mmkriepas.lv\/wp-content\/uploads\/2021\/08\/22555r17-cachland-ch-w2006-101h-xl-ziemas-riepas-ziemas-ar-radzem-riepas-2.jpg","type":"image\/jpeg"}],"twitter_card":"summary_large_image","twitter_misc":{"Price":"&euro;69.00","Availability":"In stock"},"schema":{"@context":"https:\/\/schema.org","@graph":[{"@type":"WebPage","@id":"https:\/\/mmkriepas.lv\/en\/p\/cachland-22555r17-101h-ch-w2003-xl-ovation\/","url":"https:\/\/mmkriepas.lv\/en\/p\/cachland-22555r17-101h-ch-w2003-xl-ovation\/","name":"225\/55R17 Cachland CH-W2006 101H XL &#8226; MMK Riepas","isPartOf":{"@id":"https:\/\/mmkriepas.lv\/en\/#website"},"primaryImageOfPage":{"@id":"https:\/\/mmkriepas.lv\/en\/p\/cachland-22555r17-101h-ch-w2003-xl-ovation\/#primaryimage"},"image":{"@id":"https:\/\/mmkriepas.lv\/en\/p\/cachland-22555r17-101h-ch-w2003-xl-ovation\/#primaryimage"},"thumbnailUrl":"https:\/\/mmkriepas.lv\/wp-content\/uploads\/2021\/08\/22555r17-cachland-ch-w2006-101h-xl-ziemas-riepas-ziemas-ar-radzem-riepas-2.jpg","datePublished":"2018-09-17T10:26:54+00:00","dateModified":"2023-08-31T07:08:16+00:00","description":"Cachland CH-W2003- ziemas riepa, kurai piem\u012bt laba veiktsp\u0113jas\/cenas attiec\u012bba. Pieejama abos MMK Riepu Centros par vislab\u0101kaj\u0101m cen\u0101m!","breadcrumb":{"@id":"https:\/\/mmkriepas.lv\/en\/p\/cachland-22555r17-101h-ch-w2003-xl-ovation\/#breadcrumb"},"inLanguage":"en-US","potentialAction":[{"@type":"ReadAction","target":["https:\/\/mmkriepas.lv\/en\/p\/cachland-22555r17-101h-ch-w2003-xl-ovation\/"]}]},{"@type":"ImageObject","inLanguage":"en-US","@id":"https:\/\/mmkriepas.lv\/en\/p\/cachland-22555r17-101h-ch-w2003-xl-ovation\/#primaryimage","url":"https:\/\/mmkriepas.lv\/wp-content\/uploads\/2021\/08\/22555r17-cachland-ch-w2006-101h-xl-ziemas-riepas-ziemas-ar-radzem-riepas-2.jpg","contentUrl":"https:\/\/mmkriepas.lv\/wp-content\/uploads\/2021\/08\/22555r17-cachland-ch-w2006-101h-xl-ziemas-riepas-ziemas-ar-radzem-riepas-2.jpg","width":1920,"height":1280,"caption":"CACHLAND CH-W2003 Riepa"},{"@type":"BreadcrumbList","@id":"https:\/\/mmkriepas.lv\/en\/p\/cachland-22555r17-101h-ch-w2003-xl-ovation\/#breadcrumb","itemListElement":[{"@type":"ListItem","position":1,"name":"S\u0101kums","item":"https:\/\/mmkriepas.lv\/en\/"},{"@type":"ListItem","position":2,"name":"225\/55R17 Cachland CH-W2006 101H XL"}]},{"@type":"WebSite","@id":"https:\/\/mmkriepas.lv\/en\/#website","url":"https:\/\/mmkriepas.lv\/en\/","name":"MMK Riepas","description":"MMK Riepas","alternateName":"MMK Riepu Serviss","potentialAction":[{"@type":"SearchAction","target":{"@type":"EntryPoint","urlTemplate":"https:\/\/mmkriepas.lv\/en\/?s={search_term_string}"},"query-input":{"@type":"PropertyValueSpecification","valueRequired":true,"valueName":"search_term_string"}}],"inLanguage":"en-US"},{"@type":"ImageObject","inLanguage":"en-US","@id":"https:\/\/mmkriepas.lv\/en\/p\/cachland-22555r17-101h-ch-w2003-xl-ovation\/#local-main-organization-logo","url":"","contentUrl":"","caption":"MMK Riepas"}]},"product_brand":"Cachland CH-W2003","product_price_amount":"69.00","product_price_currency":"EUR","og_availability":"instock","product_availability":"instock","product_condition":"new"},"_links":{"self":[{"href":"https:\/\/mmkriepas.lv\/en\/wp-json\/wp\/v2\/product\/70156","targetHints":{"allow":["GET"]}}],"collection":[{"href":"https:\/\/mmkriepas.lv\/en\/wp-json\/wp\/v2\/product"}],"about":[{"href":"https:\/\/mmkriepas.lv\/en\/wp-json\/wp\/v2\/types\/product"}],"wp:featuredmedia":[{"embeddable":true,"href":"https:\/\/mmkriepas.lv\/en\/wp-json\/wp\/v2\/media\/188388"}],"wp:attachment":[{"href":"https:\/\/mmkriepas.lv\/en\/wp-json\/wp\/v2\/media?parent=70156"}],"wp:term":[{"taxonomy":"product_brand","embeddable":true,"href":"https:\/\/mmkriepas.lv\/en\/wp-json\/wp\/v2\/product_brand?post=70156"},{"taxonomy":"product_cat","embeddable":true,"href":"https:\/\/mmkriepas.lv\/en\/wp-json\/wp\/v2\/product_cat?post=70156"},{"taxonomy":"product_tag","embeddable":true,"href":"https:\/\/mmkriepas.lv\/en\/wp-json\/wp\/v2\/product_tag?post=70156"}],"curies":[{"name":"wp","href":"https:\/\/api.w.org\/{rel}","templated":true}]}}