{"id":70147,"date":"2018-09-17T13:25:21","date_gmt":"2018-09-17T10:25:21","guid":{"rendered":"https:\/\/mmkserviss.lv\/katalogs\/uncategorized\/cachland-24570r17-110t-ch-w2003-ovation\/"},"modified":"2023-08-31T10:52:07","modified_gmt":"2023-08-31T07:52:07","slug":"245-70r17-cachland-ch-w2003-110t","status":"publish","type":"product","link":"https:\/\/mmkriepas.lv\/en\/p\/245-70r17-cachland-ch-w2003-110t\/","title":{"rendered":"245\/70R17 Cachland CH-W2003 110T"},"content":{"rendered":"<p><b>Cachland CH-W2003<\/b><span style=\"font-weight: 400;\"> ir ziemas riepa, kas paredz\u0113ta vieglajiem auto un izce\u013cas ar p\u0101rliecino\u0161iem veiktsp\u0113jas r\u0101d\u012bt\u0101jiem jebk\u0101dos brauk\u0161anas apst\u0101k\u013cos.<\/span><\/p>\n<h3><b>CH-W2003 galven\u0101s iez\u012bmes<\/b><\/h3>\n<p><span style=\"font-weight: 400;\">+ Virz\u012btais protektora raksts!<\/span><\/p>\n<p><span style=\"font-weight: 400;\">+ Komfortabla, klusa un gluda gaita!<\/span><\/p>\n<p><span style=\"font-weight: 400;\">+ Degvielas ekonomija!<\/span><\/p>\n<p><span style=\"font-weight: 400;\">+ Laba veiktsp\u0113ja uz ledus, pateicoties lielajam lame\u013cu skaitam!<\/span><\/p>\n<h3><b>Cachland CH-W2003 apr\u012bkojums<\/b><\/h3>\n<p><span style=\"font-weight: 400;\">Virz\u012bt\u0101 stil\u0101 izvietotajos protektora blokos bl\u012bvi iestr\u0101d\u0101ti vair\u0101ki t\u016bksto\u0161i lame\u013cu, kuras ar as\u0101m kant\u0113m iec\u0113rtas led\u016b, ar slideno virsmu veidojot sa\u0137eri.<\/span> <span style=\"font-weight: 400;\">Riepa darin\u0101ta no elastrom\u0113riem bag\u0101ta gumijas mais\u012bjuma, liekot tai saglab\u0101t elast\u012bbu zem\u0101s gaisa temperat\u016br\u0101s. Elast\u012bga riepa daudz lab\u0101k veido sa\u0137eri ar ce\u013ca virsmu.<\/span><\/p>\n<p><b>Cachland CH-W2003 <\/b><span style=\"font-weight: 400;\">mode\u013ca lieto\u0161anas dro\u0161\u012bbu ziemas laika apst\u0101k\u013cos un t\u0101 atbilst\u012bbu valst\u012bm ar oblig\u0101tu sezon\u0101lo riepu mai\u0146u apstiprina mar\u0137\u0113jums sniegp\u0101rslas form\u0101 uz kalna fona ar trim virsotn\u0113m (3PMSF).<\/span><\/p>\n<p><span style=\"font-weight: 400;\"><\/span><b>Cachland CH-W2003- <\/b><span style=\"font-weight: 400;\">ziemas riepa, kurai piem\u012bt laba veiktsp\u0113jas\/cenas attiec\u012bba. Pieejama abos MMK Riepu Centros par vislab\u0101kaj\u0101m cen\u0101m!<\/span> &nbsp;<\/p>\n","protected":false},"excerpt":{"rendered":"<p><b>Cachland CH-W2003<\/b><span style=\"font-weight: 400;\"> ir ziemas riepa, kas paredz\u0113ta vieglajiem auto un izce\u013cas ar p\u0101rliecino\u0161iem veiktsp\u0113jas r\u0101d\u012bt\u0101jiem jebk\u0101dos brauk\u0161anas apst\u0101k\u013cos.<\/span><\/p>\n","protected":false},"featured_media":188388,"template":"","meta":{"_acf_changed":false,"ngg_post_thumbnail":0},"product_brand":[],"product_cat":[47,45],"product_tag":[15571],"class_list":{"0":"post-70147","1":"product","2":"type-product","3":"status-publish","4":"has-post-thumbnail","6":"product_cat-vissezonas-riepas","7":"product_cat-ziemas-riepas","8":"product_tag-egzotika","10":"first","11":"instock","12":"sale","13":"taxable","14":"shipping-taxable","15":"product-type-simple"},"acf":[],"yoast_head":"<!-- This site is optimized with the Yoast SEO Premium plugin v22.6 (Yoast SEO v27.3) - https:\/\/yoast.com\/product\/yoast-seo-premium-wordpress\/ -->\n<title>245\/70R17 Cachland CH-W2003 110T &#8226; MMK Riepas<\/title>\n<meta name=\"description\" content=\"Cachland CH-W2003- ziemas riepa, kurai piem\u012bt laba veiktsp\u0113jas\/cenas attiec\u012bba. Pieejama abos MMK Riepu Centros par vislab\u0101kaj\u0101m cen\u0101m!\" \/>\n<meta name=\"robots\" content=\"index, follow, max-snippet:-1, max-image-preview:large, max-video-preview:-1\" \/>\n<link rel=\"canonical\" href=\"https:\/\/mmkriepas.lv\/en\/p\/245-70r17-cachland-ch-w2003-110t\/\" \/>\n<meta property=\"og:locale\" content=\"en_US\" \/>\n<meta property=\"og:type\" content=\"article\" \/>\n<meta property=\"og:title\" content=\"245\/70R17 Cachland CH-W2003 110T\" \/>\n<meta property=\"og:description\" content=\"Cachland CH-W2003- ziemas riepa, kurai piem\u012bt laba veiktsp\u0113jas\/cenas attiec\u012bba. Pieejama abos MMK Riepu Centros par vislab\u0101kaj\u0101m cen\u0101m!\" \/>\n<meta property=\"og:url\" content=\"https:\/\/mmkriepas.lv\/en\/p\/245-70r17-cachland-ch-w2003-110t\/\" \/>\n<meta property=\"og:site_name\" content=\"MMK Riepas\" \/>\n<meta property=\"article:publisher\" content=\"https:\/\/www.facebook.com\/mmkserviss\/\" \/>\n<meta property=\"article:modified_time\" content=\"2023-08-31T07:52:07+00:00\" \/>\n<meta property=\"og:image\" content=\"https:\/\/mmkriepas.lv\/wp-content\/uploads\/2021\/08\/22555r17-cachland-ch-w2006-101h-xl-ziemas-riepas-ziemas-ar-radzem-riepas-2.jpg\" \/>\n\t<meta property=\"og:image:width\" content=\"1920\" \/>\n\t<meta property=\"og:image:height\" content=\"1280\" \/>\n\t<meta property=\"og:image:type\" content=\"image\/jpeg\" \/>\n<meta name=\"twitter:card\" content=\"summary_large_image\" \/>\n<meta name=\"twitter:label1\" content=\"Price\" \/>\n\t<meta name=\"twitter:data1\" content=\"&euro;79.00\" \/>\n\t<meta name=\"twitter:label2\" content=\"Availability\" \/>\n\t<meta name=\"twitter:data2\" content=\"In stock\" \/>\n<script type=\"application\/ld+json\" class=\"yoast-schema-graph\">{\"@context\":\"https:\\\/\\\/schema.org\",\"@graph\":[{\"@type\":\"WebPage\",\"@id\":\"https:\\\/\\\/mmkriepas.lv\\\/en\\\/p\\\/245-70r17-cachland-ch-w2003-110t\\\/\",\"url\":\"https:\\\/\\\/mmkriepas.lv\\\/en\\\/p\\\/245-70r17-cachland-ch-w2003-110t\\\/\",\"name\":\"245\\\/70R17 Cachland CH-W2003 110T &#8226; MMK Riepas\",\"isPartOf\":{\"@id\":\"https:\\\/\\\/mmkriepas.lv\\\/en\\\/#website\"},\"primaryImageOfPage\":{\"@id\":\"https:\\\/\\\/mmkriepas.lv\\\/en\\\/p\\\/245-70r17-cachland-ch-w2003-110t\\\/#primaryimage\"},\"image\":{\"@id\":\"https:\\\/\\\/mmkriepas.lv\\\/en\\\/p\\\/245-70r17-cachland-ch-w2003-110t\\\/#primaryimage\"},\"thumbnailUrl\":\"https:\\\/\\\/mmkriepas.lv\\\/wp-content\\\/uploads\\\/2021\\\/08\\\/22555r17-cachland-ch-w2006-101h-xl-ziemas-riepas-ziemas-ar-radzem-riepas-2.jpg\",\"datePublished\":\"2018-09-17T10:25:21+00:00\",\"dateModified\":\"2023-08-31T07:52:07+00:00\",\"description\":\"Cachland CH-W2003- ziemas riepa, kurai piem\u012bt laba veiktsp\u0113jas\\\/cenas attiec\u012bba. Pieejama abos MMK Riepu Centros par vislab\u0101kaj\u0101m cen\u0101m!\",\"breadcrumb\":{\"@id\":\"https:\\\/\\\/mmkriepas.lv\\\/en\\\/p\\\/245-70r17-cachland-ch-w2003-110t\\\/#breadcrumb\"},\"inLanguage\":\"en-US\",\"potentialAction\":[{\"@type\":\"ReadAction\",\"target\":[\"https:\\\/\\\/mmkriepas.lv\\\/en\\\/p\\\/245-70r17-cachland-ch-w2003-110t\\\/\"]}]},{\"@type\":\"ImageObject\",\"inLanguage\":\"en-US\",\"@id\":\"https:\\\/\\\/mmkriepas.lv\\\/en\\\/p\\\/245-70r17-cachland-ch-w2003-110t\\\/#primaryimage\",\"url\":\"https:\\\/\\\/mmkriepas.lv\\\/wp-content\\\/uploads\\\/2021\\\/08\\\/22555r17-cachland-ch-w2006-101h-xl-ziemas-riepas-ziemas-ar-radzem-riepas-2.jpg\",\"contentUrl\":\"https:\\\/\\\/mmkriepas.lv\\\/wp-content\\\/uploads\\\/2021\\\/08\\\/22555r17-cachland-ch-w2006-101h-xl-ziemas-riepas-ziemas-ar-radzem-riepas-2.jpg\",\"width\":1920,\"height\":1280,\"caption\":\"CACHLAND CH-W2003 Riepa\"},{\"@type\":\"BreadcrumbList\",\"@id\":\"https:\\\/\\\/mmkriepas.lv\\\/en\\\/p\\\/245-70r17-cachland-ch-w2003-110t\\\/#breadcrumb\",\"itemListElement\":[{\"@type\":\"ListItem\",\"position\":1,\"name\":\"S\u0101kums\",\"item\":\"https:\\\/\\\/mmkriepas.lv\\\/en\\\/\"},{\"@type\":\"ListItem\",\"position\":2,\"name\":\"245\\\/70R17 Cachland CH-W2003 110T\"}]},{\"@type\":\"WebSite\",\"@id\":\"https:\\\/\\\/mmkriepas.lv\\\/en\\\/#website\",\"url\":\"https:\\\/\\\/mmkriepas.lv\\\/en\\\/\",\"name\":\"MMK Riepas\",\"description\":\"MMK Riepas\",\"alternateName\":\"MMK Riepu Serviss\",\"potentialAction\":[{\"@type\":\"SearchAction\",\"target\":{\"@type\":\"EntryPoint\",\"urlTemplate\":\"https:\\\/\\\/mmkriepas.lv\\\/en\\\/?s={search_term_string}\"},\"query-input\":{\"@type\":\"PropertyValueSpecification\",\"valueRequired\":true,\"valueName\":\"search_term_string\"}}],\"inLanguage\":\"en-US\"},{\"@type\":\"ImageObject\",\"inLanguage\":\"en-US\",\"@id\":\"https:\\\/\\\/mmkriepas.lv\\\/en\\\/p\\\/245-70r17-cachland-ch-w2003-110t\\\/#local-main-organization-logo\",\"url\":\"\",\"contentUrl\":\"\",\"caption\":\"MMK Riepas\"}]}<\/script>\n<meta property=\"product:brand\" content=\"Cachland CH-W2003\" \/>\n<meta property=\"product:price:amount\" content=\"79.00\" \/>\n<meta property=\"product:price:currency\" content=\"EUR\" \/>\n<meta property=\"og:availability\" content=\"instock\" \/>\n<meta property=\"product:availability\" content=\"instock\" \/>\n<meta property=\"product:condition\" content=\"new\" \/>\n<!-- \/ Yoast SEO Premium plugin. -->","yoast_head_json":{"title":"245\/70R17 Cachland CH-W2003 110T &#8226; MMK Riepas","description":"Cachland CH-W2003- ziemas riepa, kurai piem\u012bt laba veiktsp\u0113jas\/cenas attiec\u012bba. Pieejama abos MMK Riepu Centros par vislab\u0101kaj\u0101m cen\u0101m!","robots":{"index":"index","follow":"follow","max-snippet":"max-snippet:-1","max-image-preview":"max-image-preview:large","max-video-preview":"max-video-preview:-1"},"canonical":"https:\/\/mmkriepas.lv\/en\/p\/245-70r17-cachland-ch-w2003-110t\/","og_locale":"en_US","og_type":"article","og_title":"245\/70R17 Cachland CH-W2003 110T","og_description":"Cachland CH-W2003- ziemas riepa, kurai piem\u012bt laba veiktsp\u0113jas\/cenas attiec\u012bba. Pieejama abos MMK Riepu Centros par vislab\u0101kaj\u0101m cen\u0101m!","og_url":"https:\/\/mmkriepas.lv\/en\/p\/245-70r17-cachland-ch-w2003-110t\/","og_site_name":"MMK Riepas","article_publisher":"https:\/\/www.facebook.com\/mmkserviss\/","article_modified_time":"2023-08-31T07:52:07+00:00","og_image":[{"width":1920,"height":1280,"url":"https:\/\/mmkriepas.lv\/wp-content\/uploads\/2021\/08\/22555r17-cachland-ch-w2006-101h-xl-ziemas-riepas-ziemas-ar-radzem-riepas-2.jpg","type":"image\/jpeg"}],"twitter_card":"summary_large_image","twitter_misc":{"Price":"&euro;79.00","Availability":"In stock"},"schema":{"@context":"https:\/\/schema.org","@graph":[{"@type":"WebPage","@id":"https:\/\/mmkriepas.lv\/en\/p\/245-70r17-cachland-ch-w2003-110t\/","url":"https:\/\/mmkriepas.lv\/en\/p\/245-70r17-cachland-ch-w2003-110t\/","name":"245\/70R17 Cachland CH-W2003 110T &#8226; MMK Riepas","isPartOf":{"@id":"https:\/\/mmkriepas.lv\/en\/#website"},"primaryImageOfPage":{"@id":"https:\/\/mmkriepas.lv\/en\/p\/245-70r17-cachland-ch-w2003-110t\/#primaryimage"},"image":{"@id":"https:\/\/mmkriepas.lv\/en\/p\/245-70r17-cachland-ch-w2003-110t\/#primaryimage"},"thumbnailUrl":"https:\/\/mmkriepas.lv\/wp-content\/uploads\/2021\/08\/22555r17-cachland-ch-w2006-101h-xl-ziemas-riepas-ziemas-ar-radzem-riepas-2.jpg","datePublished":"2018-09-17T10:25:21+00:00","dateModified":"2023-08-31T07:52:07+00:00","description":"Cachland CH-W2003- ziemas riepa, kurai piem\u012bt laba veiktsp\u0113jas\/cenas attiec\u012bba. Pieejama abos MMK Riepu Centros par vislab\u0101kaj\u0101m cen\u0101m!","breadcrumb":{"@id":"https:\/\/mmkriepas.lv\/en\/p\/245-70r17-cachland-ch-w2003-110t\/#breadcrumb"},"inLanguage":"en-US","potentialAction":[{"@type":"ReadAction","target":["https:\/\/mmkriepas.lv\/en\/p\/245-70r17-cachland-ch-w2003-110t\/"]}]},{"@type":"ImageObject","inLanguage":"en-US","@id":"https:\/\/mmkriepas.lv\/en\/p\/245-70r17-cachland-ch-w2003-110t\/#primaryimage","url":"https:\/\/mmkriepas.lv\/wp-content\/uploads\/2021\/08\/22555r17-cachland-ch-w2006-101h-xl-ziemas-riepas-ziemas-ar-radzem-riepas-2.jpg","contentUrl":"https:\/\/mmkriepas.lv\/wp-content\/uploads\/2021\/08\/22555r17-cachland-ch-w2006-101h-xl-ziemas-riepas-ziemas-ar-radzem-riepas-2.jpg","width":1920,"height":1280,"caption":"CACHLAND CH-W2003 Riepa"},{"@type":"BreadcrumbList","@id":"https:\/\/mmkriepas.lv\/en\/p\/245-70r17-cachland-ch-w2003-110t\/#breadcrumb","itemListElement":[{"@type":"ListItem","position":1,"name":"S\u0101kums","item":"https:\/\/mmkriepas.lv\/en\/"},{"@type":"ListItem","position":2,"name":"245\/70R17 Cachland CH-W2003 110T"}]},{"@type":"WebSite","@id":"https:\/\/mmkriepas.lv\/en\/#website","url":"https:\/\/mmkriepas.lv\/en\/","name":"MMK Riepas","description":"MMK Riepas","alternateName":"MMK Riepu Serviss","potentialAction":[{"@type":"SearchAction","target":{"@type":"EntryPoint","urlTemplate":"https:\/\/mmkriepas.lv\/en\/?s={search_term_string}"},"query-input":{"@type":"PropertyValueSpecification","valueRequired":true,"valueName":"search_term_string"}}],"inLanguage":"en-US"},{"@type":"ImageObject","inLanguage":"en-US","@id":"https:\/\/mmkriepas.lv\/en\/p\/245-70r17-cachland-ch-w2003-110t\/#local-main-organization-logo","url":"","contentUrl":"","caption":"MMK Riepas"}]},"product_brand":"Cachland CH-W2003","product_price_amount":"79.00","product_price_currency":"EUR","og_availability":"instock","product_availability":"instock","product_condition":"new"},"_links":{"self":[{"href":"https:\/\/mmkriepas.lv\/en\/wp-json\/wp\/v2\/product\/70147","targetHints":{"allow":["GET"]}}],"collection":[{"href":"https:\/\/mmkriepas.lv\/en\/wp-json\/wp\/v2\/product"}],"about":[{"href":"https:\/\/mmkriepas.lv\/en\/wp-json\/wp\/v2\/types\/product"}],"wp:featuredmedia":[{"embeddable":true,"href":"https:\/\/mmkriepas.lv\/en\/wp-json\/wp\/v2\/media\/188388"}],"wp:attachment":[{"href":"https:\/\/mmkriepas.lv\/en\/wp-json\/wp\/v2\/media?parent=70147"}],"wp:term":[{"taxonomy":"product_brand","embeddable":true,"href":"https:\/\/mmkriepas.lv\/en\/wp-json\/wp\/v2\/product_brand?post=70147"},{"taxonomy":"product_cat","embeddable":true,"href":"https:\/\/mmkriepas.lv\/en\/wp-json\/wp\/v2\/product_cat?post=70147"},{"taxonomy":"product_tag","embeddable":true,"href":"https:\/\/mmkriepas.lv\/en\/wp-json\/wp\/v2\/product_tag?post=70147"}],"curies":[{"name":"wp","href":"https:\/\/api.w.org\/{rel}","templated":true}]}}