{"id":7014,"date":"2017-02-14T11:52:12","date_gmt":"2017-02-14T09:52:12","guid":{"rendered":"https:\/\/mmkserviss.lv\/katalogs\/vasaras-riepas\/vasaras-riepas-19555r15-maxtrek-maximus-m1-85v-antares\/"},"modified":"2026-03-30T12:51:23","modified_gmt":"2026-03-30T09:51:23","slug":"vasaras-riepas-19555r15-maxtrek-maximus-m1-85v-antares","status":"publish","type":"product","link":"https:\/\/mmkriepas.lv\/en\/p\/vasaras-riepas-19555r15-maxtrek-maximus-m1-85v-antares\/","title":{"rendered":"195\/55R16 Maxtrek Maximus M1 87V (Antares)"},"content":{"rendered":"<p class=\"western\"><strong><span style=\"font-family: Arial, sans-serif;\"><span>Maxtrek Maximus M1<\/span><\/span><\/strong><span style=\"font-family: Arial, sans-serif;\"> ir \u013coti labas kvalit\u0101tes, bud\u017eeta klases vasaras riepu modelis. Tas izce\u013cas ar lab\u0101m veiktsp\u0113jas \u012bpa\u0161\u012bb\u0101m gan uz sausa un slapja asfalta, gan ar\u012b uz grants ce\u013ciem, k\u0101 ar\u012b ar pievilc\u012bgu cenu. \u0160is riepu modelis pieejams pla\u0161\u0101 izm\u0113ru kl\u0101st\u0101 no R13 l\u012bdz pat R20. Tas paredz\u0113ts uzst\u0101d\u012b\u0161anai gan piekab\u0113m, gan vieglajiem un pat apvidus automa\u0161\u012bn\u0101m jeb SUV.<\/span><\/p>\n<h3 class=\"western\"><span style=\"font-family: Arial, sans-serif;\"><span>Maxtrek Maximus M1 galven\u0101s \u012bpa\u0161\u012bbas<\/span><\/span><\/h3>\n<p class=\"western\"><span style=\"font-family: Arial, sans-serif;\"><span>+ \u013boti laba sa\u0137ere uz sausa un slapja asfalta, k\u0101 ar\u012b uz grants ce\u013ciem.<br \/>+ Laba nodilumiztur\u012bba pat intens\u012bvas ekspluat\u0101cijas apst\u0101k\u013cos.<br \/>+ Labs akustiskais un brauk\u0161anas gaitas komforts.<br \/>+ Degvielas ekonomija.<br \/>+ Zems akvaplan\u0113\u0161anas risks pat lielos brauk\u0161anas \u0101trumos.<br \/>+ Pievilc\u012bga cena!<\/span><\/span><\/p>\n<h3 class=\"western\"><span style=\"font-family: Arial, sans-serif;\"><span>Maximus M1 apr\u012bkojums<\/span><\/span><\/h3>\n<p class=\"western\"><span style=\"font-family: Arial, sans-serif;\"><span>Maxtrek Maximus M1 vasaras riepas apr\u012bkotas ar asimetrisku protektora rakstu, kas ir nedaudz rupj\u0101ks, nek\u0101 vairumam m\u016bsdien\u0101s sastopamo vasaras riepu. \u0160\u0101ds dizains izveidots, lai nodro\u0161in\u0101tu nemain\u012bgi augstu veiktsp\u0113ju k\u0101 uz sausa un slapja asfalta, t\u0101 ar\u012b uz grants ce\u013ciem. Tas padara \u0161o riepu modeli par teicamu izv\u0113li tiem Latvijas autovad\u012bt\u0101jiem, kas ikdien\u0101 p\u0101rvietojas gan pa asfaltu, gan ar\u012b granti.\u00a0<\/span><\/span><\/p>\n<p class=\"western\"><span style=\"font-family: Arial, sans-serif;\"><span>Papildus sa\u0137eres elementi protektor\u0101 veidoti t\u0101, lai uzlabotu riepu veiktsp\u0113ju uz irden\u0101m ce\u013ca virsm\u0101m (grants un me\u017ea ce\u013ciem) t\u0101, lai maksim\u0101li saglab\u0101tu ar\u012b akustisko un brauk\u0161anas gaitas komfortu. Turkl\u0101t, tas noz\u012bm\u0113 ar\u012b papildus \u016bdens izvadkan\u0101lus, samazinot ar\u012b akvaplan\u0113\u0161anas risku.<\/span><\/span><\/p>\n<p class=\"western\"><span style=\"font-family: Arial, sans-serif;\"><span>Maxtrek Maximus M1 asimetiski izvietot\u0101s protektora virknes darin\u0101tas no nodilumiztur\u012bga, ta\u010du elast\u012bga gumijas sakaus\u0113juma. Elast\u012bba pal\u012bdz vienlaikus uzlabot sa\u0137eri, k\u0101 ar\u012b nodro\u0161in\u0101t vienm\u0113r\u012bg\u0101ku nodilumu, paildzinot riepas kalpo\u0161anas m\u016b\u017eu.<\/span><\/span><\/p>\n","protected":false},"excerpt":{"rendered":"<p class=\"western\"><strong><span style=\"font-family: Arial, sans-serif;\"><span>Maxtrek Maximus M1<\/span><\/span><\/strong><span style=\"font-family: Arial, sans-serif;\"> ir \u013coti labas kvalit\u0101tes, bud\u017eeta klases vasaras riepu modelis. Tas izce\u013cas ar lab\u0101m veiktsp\u0113jas \u012bpa\u0161\u012bb\u0101m gan uz sausa un slapja asfalta, gan ar\u012b uz grants ce\u013ciem, k\u0101 ar\u012b ar pievilc\u012bgu cenu. \u0160is riepu modelis pieejams pla\u0161\u0101 izm\u0113ru kl\u0101st\u0101 no R13 l\u012bdz pat R20. Tas paredz\u0113ts uzst\u0101d\u012b\u0161anai gan piekab\u0113m, gan vieglajiem un pat apvidus automa\u0161\u012bn\u0101m jeb SUV.<\/span><\/p>\n","protected":false},"featured_media":887342,"template":"","meta":{"_acf_changed":false,"ngg_post_thumbnail":0},"product_brand":[],"product_cat":[24253,23641],"product_tag":[],"class_list":{"0":"post-7014","1":"product","2":"type-product","3":"status-publish","4":"has-post-thumbnail","6":"product_cat-letas-riepas","7":"product_cat-summer-tyres","9":"first","10":"instock","11":"sale","12":"taxable","13":"shipping-taxable","14":"purchasable","15":"product-type-simple"},"acf":[],"yoast_head":"<!-- This site is optimized with the Yoast SEO Premium plugin v22.6 (Yoast SEO v27.3) - https:\/\/yoast.com\/product\/yoast-seo-premium-wordpress\/ -->\n<title>195\/55R16 Maxtrek Maximus M1 87V (Antares) &#8226; MMK Riepas<\/title>\n<meta name=\"robots\" content=\"index, follow, max-snippet:-1, max-image-preview:large, max-video-preview:-1\" \/>\n<link rel=\"canonical\" href=\"https:\/\/mmkriepas.lv\/en\/p\/vasaras-riepas-19555r15-maxtrek-maximus-m1-85v-antares\/\" \/>\n<meta property=\"og:locale\" content=\"en_US\" \/>\n<meta property=\"og:type\" content=\"article\" \/>\n<meta property=\"og:title\" content=\"195\/55R16 Maxtrek Maximus M1 87V (Antares)\" \/>\n<meta property=\"og:description\" content=\"Maxtrek Maximus M1 ir \u013coti labas kvalit\u0101tes, bud\u017eeta klases vasaras riepu modelis. Tas izce\u013cas ar lab\u0101m veiktsp\u0113jas \u012bpa\u0161\u012bb\u0101m gan uz sausa un slapja asfalta, gan ar\u012b uz grants ce\u013ciem, k\u0101 ar\u012b ar pievilc\u012bgu cenu. \u0160is riepu modelis pieejams pla\u0161\u0101 izm\u0113ru kl\u0101st\u0101 no R13 l\u012bdz pat R20. Tas paredz\u0113ts uzst\u0101d\u012b\u0161anai gan piekab\u0113m, gan vieglajiem un pat apvidus automa\u0161\u012bn\u0101m jeb SUV.\" \/>\n<meta property=\"og:url\" content=\"https:\/\/mmkriepas.lv\/en\/p\/vasaras-riepas-19555r15-maxtrek-maximus-m1-85v-antares\/\" \/>\n<meta property=\"og:site_name\" content=\"MMK Riepas\" \/>\n<meta property=\"article:publisher\" content=\"https:\/\/www.facebook.com\/mmkserviss\/\" \/>\n<meta property=\"article:modified_time\" content=\"2026-03-30T09:51:23+00:00\" \/>\n<meta property=\"og:image\" content=\"https:\/\/mmkriepas.lv\/wp-content\/uploads\/2024\/04\/24540r19-maxtrek-maximus-m1-98w-demo-antares-vasaras-riepas.jpg\" \/>\n\t<meta property=\"og:image:width\" content=\"1000\" \/>\n\t<meta property=\"og:image:height\" content=\"750\" \/>\n\t<meta property=\"og:image:type\" content=\"image\/jpeg\" \/>\n<meta name=\"twitter:card\" content=\"summary_large_image\" \/>\n<meta name=\"twitter:label1\" content=\"Price\" \/>\n\t<meta name=\"twitter:data1\" content=\"&euro;38.00\" \/>\n\t<meta name=\"twitter:label2\" content=\"Availability\" \/>\n\t<meta name=\"twitter:data2\" content=\"In stock\" \/>\n<script type=\"application\/ld+json\" class=\"yoast-schema-graph\">{\"@context\":\"https:\\\/\\\/schema.org\",\"@graph\":[{\"@type\":\"WebPage\",\"@id\":\"https:\\\/\\\/mmkriepas.lv\\\/en\\\/p\\\/vasaras-riepas-19555r15-maxtrek-maximus-m1-85v-antares\\\/\",\"url\":\"https:\\\/\\\/mmkriepas.lv\\\/en\\\/p\\\/vasaras-riepas-19555r15-maxtrek-maximus-m1-85v-antares\\\/\",\"name\":\"195\\\/55R16 Maxtrek Maximus M1 87V (Antares) &#8226; MMK Riepas\",\"isPartOf\":{\"@id\":\"https:\\\/\\\/mmkriepas.lv\\\/en\\\/#website\"},\"primaryImageOfPage\":{\"@id\":\"https:\\\/\\\/mmkriepas.lv\\\/en\\\/p\\\/vasaras-riepas-19555r15-maxtrek-maximus-m1-85v-antares\\\/#primaryimage\"},\"image\":{\"@id\":\"https:\\\/\\\/mmkriepas.lv\\\/en\\\/p\\\/vasaras-riepas-19555r15-maxtrek-maximus-m1-85v-antares\\\/#primaryimage\"},\"thumbnailUrl\":\"https:\\\/\\\/mmkriepas.lv\\\/wp-content\\\/uploads\\\/2024\\\/04\\\/24540r19-maxtrek-maximus-m1-98w-demo-antares-vasaras-riepas.jpg\",\"datePublished\":\"2017-02-14T09:52:12+00:00\",\"dateModified\":\"2026-03-30T09:51:23+00:00\",\"breadcrumb\":{\"@id\":\"https:\\\/\\\/mmkriepas.lv\\\/en\\\/p\\\/vasaras-riepas-19555r15-maxtrek-maximus-m1-85v-antares\\\/#breadcrumb\"},\"inLanguage\":\"en-US\",\"potentialAction\":[{\"@type\":\"ReadAction\",\"target\":[\"https:\\\/\\\/mmkriepas.lv\\\/en\\\/p\\\/vasaras-riepas-19555r15-maxtrek-maximus-m1-85v-antares\\\/\"]}]},{\"@type\":\"ImageObject\",\"inLanguage\":\"en-US\",\"@id\":\"https:\\\/\\\/mmkriepas.lv\\\/en\\\/p\\\/vasaras-riepas-19555r15-maxtrek-maximus-m1-85v-antares\\\/#primaryimage\",\"url\":\"https:\\\/\\\/mmkriepas.lv\\\/wp-content\\\/uploads\\\/2024\\\/04\\\/24540r19-maxtrek-maximus-m1-98w-demo-antares-vasaras-riepas.jpg\",\"contentUrl\":\"https:\\\/\\\/mmkriepas.lv\\\/wp-content\\\/uploads\\\/2024\\\/04\\\/24540r19-maxtrek-maximus-m1-98w-demo-antares-vasaras-riepas.jpg\",\"width\":1000,\"height\":750,\"caption\":\"245\\\/40R19 Maxtrek Maximus M1 98W DEMO (Antares) - Vasaras riepas\"},{\"@type\":\"BreadcrumbList\",\"@id\":\"https:\\\/\\\/mmkriepas.lv\\\/en\\\/p\\\/vasaras-riepas-19555r15-maxtrek-maximus-m1-85v-antares\\\/#breadcrumb\",\"itemListElement\":[{\"@type\":\"ListItem\",\"position\":1,\"name\":\"S\u0101kums\",\"item\":\"https:\\\/\\\/mmkriepas.lv\\\/en\\\/\"},{\"@type\":\"ListItem\",\"position\":2,\"name\":\"195\\\/55R16 Maxtrek Maximus M1 87V (Antares)\"}]},{\"@type\":\"WebSite\",\"@id\":\"https:\\\/\\\/mmkriepas.lv\\\/en\\\/#website\",\"url\":\"https:\\\/\\\/mmkriepas.lv\\\/en\\\/\",\"name\":\"MMK Riepas\",\"description\":\"MMK Riepas\",\"alternateName\":\"MMK Riepu Serviss\",\"potentialAction\":[{\"@type\":\"SearchAction\",\"target\":{\"@type\":\"EntryPoint\",\"urlTemplate\":\"https:\\\/\\\/mmkriepas.lv\\\/en\\\/?s={search_term_string}\"},\"query-input\":{\"@type\":\"PropertyValueSpecification\",\"valueRequired\":true,\"valueName\":\"search_term_string\"}}],\"inLanguage\":\"en-US\"},{\"@type\":\"ImageObject\",\"inLanguage\":\"en-US\",\"@id\":\"https:\\\/\\\/mmkriepas.lv\\\/en\\\/p\\\/vasaras-riepas-19555r15-maxtrek-maximus-m1-85v-antares\\\/#local-main-organization-logo\",\"url\":\"\",\"contentUrl\":\"\",\"caption\":\"MMK Riepas\"}]}<\/script>\n<meta property=\"product:brand\" content=\"Maxtrek Maximus M1\" \/>\n<meta property=\"product:price:amount\" content=\"38.00\" \/>\n<meta property=\"product:price:currency\" content=\"EUR\" \/>\n<meta property=\"og:availability\" content=\"instock\" \/>\n<meta property=\"product:availability\" content=\"instock\" \/>\n<meta property=\"product:retailer_item_id\" content=\"TS1955516MAXTR-45343\" \/>\n<meta property=\"product:condition\" content=\"new\" \/>\n<!-- \/ Yoast SEO Premium plugin. -->","yoast_head_json":{"title":"195\/55R16 Maxtrek Maximus M1 87V (Antares) &#8226; MMK Riepas","robots":{"index":"index","follow":"follow","max-snippet":"max-snippet:-1","max-image-preview":"max-image-preview:large","max-video-preview":"max-video-preview:-1"},"canonical":"https:\/\/mmkriepas.lv\/en\/p\/vasaras-riepas-19555r15-maxtrek-maximus-m1-85v-antares\/","og_locale":"en_US","og_type":"article","og_title":"195\/55R16 Maxtrek Maximus M1 87V (Antares)","og_description":"Maxtrek Maximus M1 ir \u013coti labas kvalit\u0101tes, bud\u017eeta klases vasaras riepu modelis. Tas izce\u013cas ar lab\u0101m veiktsp\u0113jas \u012bpa\u0161\u012bb\u0101m gan uz sausa un slapja asfalta, gan ar\u012b uz grants ce\u013ciem, k\u0101 ar\u012b ar pievilc\u012bgu cenu. \u0160is riepu modelis pieejams pla\u0161\u0101 izm\u0113ru kl\u0101st\u0101 no R13 l\u012bdz pat R20. Tas paredz\u0113ts uzst\u0101d\u012b\u0161anai gan piekab\u0113m, gan vieglajiem un pat apvidus automa\u0161\u012bn\u0101m jeb SUV.","og_url":"https:\/\/mmkriepas.lv\/en\/p\/vasaras-riepas-19555r15-maxtrek-maximus-m1-85v-antares\/","og_site_name":"MMK Riepas","article_publisher":"https:\/\/www.facebook.com\/mmkserviss\/","article_modified_time":"2026-03-30T09:51:23+00:00","og_image":[{"width":1000,"height":750,"url":"https:\/\/mmkriepas.lv\/wp-content\/uploads\/2024\/04\/24540r19-maxtrek-maximus-m1-98w-demo-antares-vasaras-riepas.jpg","type":"image\/jpeg"}],"twitter_card":"summary_large_image","twitter_misc":{"Price":"&euro;38.00","Availability":"In stock"},"schema":{"@context":"https:\/\/schema.org","@graph":[{"@type":"WebPage","@id":"https:\/\/mmkriepas.lv\/en\/p\/vasaras-riepas-19555r15-maxtrek-maximus-m1-85v-antares\/","url":"https:\/\/mmkriepas.lv\/en\/p\/vasaras-riepas-19555r15-maxtrek-maximus-m1-85v-antares\/","name":"195\/55R16 Maxtrek Maximus M1 87V (Antares) &#8226; MMK Riepas","isPartOf":{"@id":"https:\/\/mmkriepas.lv\/en\/#website"},"primaryImageOfPage":{"@id":"https:\/\/mmkriepas.lv\/en\/p\/vasaras-riepas-19555r15-maxtrek-maximus-m1-85v-antares\/#primaryimage"},"image":{"@id":"https:\/\/mmkriepas.lv\/en\/p\/vasaras-riepas-19555r15-maxtrek-maximus-m1-85v-antares\/#primaryimage"},"thumbnailUrl":"https:\/\/mmkriepas.lv\/wp-content\/uploads\/2024\/04\/24540r19-maxtrek-maximus-m1-98w-demo-antares-vasaras-riepas.jpg","datePublished":"2017-02-14T09:52:12+00:00","dateModified":"2026-03-30T09:51:23+00:00","breadcrumb":{"@id":"https:\/\/mmkriepas.lv\/en\/p\/vasaras-riepas-19555r15-maxtrek-maximus-m1-85v-antares\/#breadcrumb"},"inLanguage":"en-US","potentialAction":[{"@type":"ReadAction","target":["https:\/\/mmkriepas.lv\/en\/p\/vasaras-riepas-19555r15-maxtrek-maximus-m1-85v-antares\/"]}]},{"@type":"ImageObject","inLanguage":"en-US","@id":"https:\/\/mmkriepas.lv\/en\/p\/vasaras-riepas-19555r15-maxtrek-maximus-m1-85v-antares\/#primaryimage","url":"https:\/\/mmkriepas.lv\/wp-content\/uploads\/2024\/04\/24540r19-maxtrek-maximus-m1-98w-demo-antares-vasaras-riepas.jpg","contentUrl":"https:\/\/mmkriepas.lv\/wp-content\/uploads\/2024\/04\/24540r19-maxtrek-maximus-m1-98w-demo-antares-vasaras-riepas.jpg","width":1000,"height":750,"caption":"245\/40R19 Maxtrek Maximus M1 98W DEMO (Antares) - Vasaras riepas"},{"@type":"BreadcrumbList","@id":"https:\/\/mmkriepas.lv\/en\/p\/vasaras-riepas-19555r15-maxtrek-maximus-m1-85v-antares\/#breadcrumb","itemListElement":[{"@type":"ListItem","position":1,"name":"S\u0101kums","item":"https:\/\/mmkriepas.lv\/en\/"},{"@type":"ListItem","position":2,"name":"195\/55R16 Maxtrek Maximus M1 87V (Antares)"}]},{"@type":"WebSite","@id":"https:\/\/mmkriepas.lv\/en\/#website","url":"https:\/\/mmkriepas.lv\/en\/","name":"MMK Riepas","description":"MMK Riepas","alternateName":"MMK Riepu Serviss","potentialAction":[{"@type":"SearchAction","target":{"@type":"EntryPoint","urlTemplate":"https:\/\/mmkriepas.lv\/en\/?s={search_term_string}"},"query-input":{"@type":"PropertyValueSpecification","valueRequired":true,"valueName":"search_term_string"}}],"inLanguage":"en-US"},{"@type":"ImageObject","inLanguage":"en-US","@id":"https:\/\/mmkriepas.lv\/en\/p\/vasaras-riepas-19555r15-maxtrek-maximus-m1-85v-antares\/#local-main-organization-logo","url":"","contentUrl":"","caption":"MMK Riepas"}]},"product_brand":"Maxtrek Maximus M1","product_price_amount":"38.00","product_price_currency":"EUR","og_availability":"instock","product_availability":"instock","product_retailer_item_id":"TS1955516MAXTR-45343","product_condition":"new"},"_links":{"self":[{"href":"https:\/\/mmkriepas.lv\/en\/wp-json\/wp\/v2\/product\/7014","targetHints":{"allow":["GET"]}}],"collection":[{"href":"https:\/\/mmkriepas.lv\/en\/wp-json\/wp\/v2\/product"}],"about":[{"href":"https:\/\/mmkriepas.lv\/en\/wp-json\/wp\/v2\/types\/product"}],"wp:featuredmedia":[{"embeddable":true,"href":"https:\/\/mmkriepas.lv\/en\/wp-json\/wp\/v2\/media\/887342"}],"wp:attachment":[{"href":"https:\/\/mmkriepas.lv\/en\/wp-json\/wp\/v2\/media?parent=7014"}],"wp:term":[{"taxonomy":"product_brand","embeddable":true,"href":"https:\/\/mmkriepas.lv\/en\/wp-json\/wp\/v2\/product_brand?post=7014"},{"taxonomy":"product_cat","embeddable":true,"href":"https:\/\/mmkriepas.lv\/en\/wp-json\/wp\/v2\/product_cat?post=7014"},{"taxonomy":"product_tag","embeddable":true,"href":"https:\/\/mmkriepas.lv\/en\/wp-json\/wp\/v2\/product_tag?post=7014"}],"curies":[{"name":"wp","href":"https:\/\/api.w.org\/{rel}","templated":true}]}}