{"id":698021,"date":"2023-04-20T14:55:25","date_gmt":"2023-04-20T11:55:25","guid":{"rendered":"https:\/\/mmkserviss.lv\/?post_type=product&#038;p=698021"},"modified":"2026-03-27T13:27:02","modified_gmt":"2026-03-27T11:27:02","slug":"245-45r17-westlake-zupereco-z-107-99w-xl","status":"publish","type":"product","link":"https:\/\/mmkriepas.lv\/en\/p\/245-45r17-westlake-zupereco-z-107-99w-xl\/","title":{"rendered":"245\/45R17 Westlake ZuperEco Z-107 99W XL"},"content":{"rendered":"<p><strong>Westlake ZuperEco Z-107<\/strong> galven\u0101s iez\u012bmes ir <strong>efekt\u012bva bremz\u0113\u0161ana<\/strong> uz sausa un mitra ce\u013ca seguma, brauk\u0161anas un akustiskais <strong>komforts<\/strong>, k\u0101 ar\u012b degvielas <strong>ekonomijas<\/strong> efektivit\u0101te (zemas rites pretest\u012bbas rezult\u0101ts). Westlake ZuperEco Z-107 riepu optimiz\u0113tais protektora z\u012bm\u0113jums garant\u0113 komfortu un gludu brauk\u0161anu. Kombin\u0101cij\u0101 ar silikona gumijas mais\u012bjumu nodro\u0161ina dro\u0161u sa\u0137eri uz slapjiem ce\u013ciem un samazina rites pretest\u012bbu.<\/p>\n<p><strong>ZuperEco<\/strong><strong> Z-107<\/strong>\u00a0\u012bpa\u0161\u012bbas:<\/p>\n<p>+ sportiskas riepas \u013coti labi sa\u0137eres r\u0101d\u012bt\u0101ji, stabilit\u0101te l\u012bkumos<\/p>\n<p>+ \u012bss bremz\u0113\u0161anas ce\u013c\u0161<\/p>\n<p>+ stabilit\u0101te l\u012bkumos<\/p>\n<p>+ uzlabota riepu strukt\u016bra garant\u0113 komfortu un vienm\u0113r\u012bgu brauk\u0161anu<\/p>\n<p>+ dro\u0161a vad\u0101m\u012bb\u0101 gan uz sausa, gan mitra seguma<\/p>\n<p>+ augsta notur\u012bba pret akvaplan\u0113\u0161anu<\/p>\n<p>+ degvielas ekonomija, zema rites pretest\u012bba<\/p>\n<p>+ klusas riepas<\/p>\n<p>+ augsta triecieniztur\u012bba\u00a0pasarg\u0101s riepu no p\u0101rsi\u0161anas bedr\u0113s<\/p>\n<p>+ disku aizsargmala (liel\u0101kaj\u0101 da\u013c\u0101 izm\u0113ru)<\/p>\n<p>+ riepas ar zemiem dilst\u012bbas r\u0101d\u012bt\u0101jiem, kas noz\u012bm\u0113 daudzu t\u016bksto\u0161u kilometru nobraukumu<\/p>\n<p><strong>Westlake ZuperEco Z-107<\/strong> \u2013 augst\u0101k\u0101s klases riepas vasaras apst\u0101k\u013ciem, kas iek\u013cautas \u0136\u012bnas ZC Rubber Eiropas sortiment\u0101 2019. gad\u0101. To galven\u0101s iez\u012bmes ir efekt\u012bva bremz\u0113\u0161ana uz sausa un mitra ce\u013ca seguma, brauk\u0161anas un akustiskais komforts, k\u0101 ar\u012b degvielas efektivit\u0101te k\u0101 zemas rites pretest\u012bbas rezult\u0101ts.<\/p>\n<p><span style=\"color: #ff0000;\">*Uzman\u012bbu: Vasaras riepas, kas ir ra\u017eotas \u0136\u012bn\u0101, var b\u016bt apz\u012bm\u0113tas ar apz\u012bm\u0113jumu M+S. J\u0101\u0146em ver\u0101, ka \u0136\u012bnas teritorija sniedzas da\u017e\u0101d\u0101s klimatiskaj\u0101s zon\u0101s, kur da\u017eviet metereolo\u0123isk\u0101 ziema t\u0101 ar\u012b neiest\u0101jas. L\u012bdz ar to, tur \u0161\u012bs riepas var izmantot visu gadu, kam\u0113r Latvij\u0101 tas nestr\u0101d\u0101!\u00a0<\/span><\/p>\n","protected":false},"excerpt":{"rendered":"<p><strong><span style=\"font-family: 'Arial',sans-serif;\">Westlake ZuperEco Z-107<\/span><\/strong><span style=\"font-family: 'Arial',sans-serif;\"> galven\u0101s iez\u012bmes ir <strong>efekt\u012bva bremz\u0113\u0161ana<\/strong> uz sausa un mitra ce\u013ca seguma, brauk\u0161anas un akustiskais <strong>komforts<\/strong>, k\u0101 ar\u012b degvielas <strong>ekonomijas<\/strong> efektivit\u0101te (zemas rites pretest\u012bbas rezult\u0101ts). Westlake ZuperEco Z-107 riepu optimiz\u0113tais protektora z\u012bm\u0113jums garant\u0113 komfortu un gludu brauk\u0161anu. Kombin\u0101cij\u0101 ar silikona gumijas mais\u012bjumu nodro\u0161ina dro\u0161u sa\u0137eri uz slapjiem ce\u013ciem un samazina rites pretest\u012bbu.<\/span><\/p>\n","protected":false},"featured_media":877897,"template":"","meta":{"_acf_changed":false,"ngg_post_thumbnail":0},"product_brand":[],"product_cat":[46],"product_tag":[],"class_list":{"0":"post-698021","1":"product","2":"type-product","3":"status-publish","4":"has-post-thumbnail","6":"product_cat-vasaras-riepas","8":"first","9":"instock","10":"sale","11":"taxable","12":"shipping-taxable","13":"purchasable","14":"product-type-simple"},"acf":[],"yoast_head":"<!-- This site is optimized with the Yoast SEO Premium plugin v22.6 (Yoast SEO v27.3) - https:\/\/yoast.com\/product\/yoast-seo-premium-wordpress\/ -->\n<title>245\/45R17 Westlake ZuperEco Z-107 99W XL &#8226; MMK Riepas<\/title>\n<meta name=\"robots\" content=\"index, follow, max-snippet:-1, max-image-preview:large, max-video-preview:-1\" \/>\n<link rel=\"canonical\" href=\"https:\/\/mmkriepas.lv\/en\/p\/245-45r17-westlake-zupereco-z-107-99w-xl\/\" \/>\n<meta property=\"og:locale\" content=\"en_US\" \/>\n<meta property=\"og:type\" content=\"article\" \/>\n<meta property=\"og:title\" content=\"245\/45R17 Westlake ZuperEco Z-107 99W XL\" \/>\n<meta property=\"og:description\" content=\"Westlake ZuperEco Z-107 galven\u0101s iez\u012bmes ir efekt\u012bva bremz\u0113\u0161ana uz sausa un mitra ce\u013ca seguma, brauk\u0161anas un akustiskais komforts, k\u0101 ar\u012b degvielas ekonomijas efektivit\u0101te (zemas rites pretest\u012bbas rezult\u0101ts). Westlake ZuperEco Z-107 riepu optimiz\u0113tais protektora z\u012bm\u0113jums garant\u0113 komfortu un gludu brauk\u0161anu. Kombin\u0101cij\u0101 ar silikona gumijas mais\u012bjumu nodro\u0161ina dro\u0161u sa\u0137eri uz slapjiem ce\u013ciem un samazina rites pretest\u012bbu.\" \/>\n<meta property=\"og:url\" content=\"https:\/\/mmkriepas.lv\/en\/p\/245-45r17-westlake-zupereco-z-107-99w-xl\/\" \/>\n<meta property=\"og:site_name\" content=\"MMK Riepas\" \/>\n<meta property=\"article:publisher\" content=\"https:\/\/www.facebook.com\/mmkserviss\/\" \/>\n<meta property=\"article:modified_time\" content=\"2026-03-27T11:27:02+00:00\" \/>\n<meta property=\"og:image\" content=\"https:\/\/mmkriepas.lv\/wp-content\/uploads\/2024\/03\/23535r19-goodride-zupereco-z-107-91w-xl-vasaras-riepas.jpg\" \/>\n\t<meta property=\"og:image:width\" content=\"1000\" \/>\n\t<meta property=\"og:image:height\" content=\"750\" \/>\n\t<meta property=\"og:image:type\" content=\"image\/jpeg\" \/>\n<meta name=\"twitter:card\" content=\"summary_large_image\" \/>\n<meta name=\"twitter:label1\" content=\"Price\" \/>\n\t<meta name=\"twitter:data1\" content=\"&euro;66.00\" \/>\n\t<meta name=\"twitter:label2\" content=\"Availability\" \/>\n\t<meta name=\"twitter:data2\" content=\"In stock\" \/>\n<script type=\"application\/ld+json\" class=\"yoast-schema-graph\">{\"@context\":\"https:\\\/\\\/schema.org\",\"@graph\":[{\"@type\":\"WebPage\",\"@id\":\"https:\\\/\\\/mmkriepas.lv\\\/en\\\/p\\\/245-45r17-westlake-zupereco-z-107-99w-xl\\\/\",\"url\":\"https:\\\/\\\/mmkriepas.lv\\\/en\\\/p\\\/245-45r17-westlake-zupereco-z-107-99w-xl\\\/\",\"name\":\"245\\\/45R17 Westlake ZuperEco Z-107 99W XL &#8226; MMK Riepas\",\"isPartOf\":{\"@id\":\"https:\\\/\\\/mmkriepas.lv\\\/en\\\/#website\"},\"primaryImageOfPage\":{\"@id\":\"https:\\\/\\\/mmkriepas.lv\\\/en\\\/p\\\/245-45r17-westlake-zupereco-z-107-99w-xl\\\/#primaryimage\"},\"image\":{\"@id\":\"https:\\\/\\\/mmkriepas.lv\\\/en\\\/p\\\/245-45r17-westlake-zupereco-z-107-99w-xl\\\/#primaryimage\"},\"thumbnailUrl\":\"https:\\\/\\\/mmkriepas.lv\\\/wp-content\\\/uploads\\\/2024\\\/03\\\/23535r19-goodride-zupereco-z-107-91w-xl-vasaras-riepas.jpg\",\"datePublished\":\"2023-04-20T11:55:25+00:00\",\"dateModified\":\"2026-03-27T11:27:02+00:00\",\"breadcrumb\":{\"@id\":\"https:\\\/\\\/mmkriepas.lv\\\/en\\\/p\\\/245-45r17-westlake-zupereco-z-107-99w-xl\\\/#breadcrumb\"},\"inLanguage\":\"en-US\",\"potentialAction\":[{\"@type\":\"ReadAction\",\"target\":[\"https:\\\/\\\/mmkriepas.lv\\\/en\\\/p\\\/245-45r17-westlake-zupereco-z-107-99w-xl\\\/\"]}]},{\"@type\":\"ImageObject\",\"inLanguage\":\"en-US\",\"@id\":\"https:\\\/\\\/mmkriepas.lv\\\/en\\\/p\\\/245-45r17-westlake-zupereco-z-107-99w-xl\\\/#primaryimage\",\"url\":\"https:\\\/\\\/mmkriepas.lv\\\/wp-content\\\/uploads\\\/2024\\\/03\\\/23535r19-goodride-zupereco-z-107-91w-xl-vasaras-riepas.jpg\",\"contentUrl\":\"https:\\\/\\\/mmkriepas.lv\\\/wp-content\\\/uploads\\\/2024\\\/03\\\/23535r19-goodride-zupereco-z-107-91w-xl-vasaras-riepas.jpg\",\"width\":1000,\"height\":750,\"caption\":\"MAIN\"},{\"@type\":\"BreadcrumbList\",\"@id\":\"https:\\\/\\\/mmkriepas.lv\\\/en\\\/p\\\/245-45r17-westlake-zupereco-z-107-99w-xl\\\/#breadcrumb\",\"itemListElement\":[{\"@type\":\"ListItem\",\"position\":1,\"name\":\"S\u0101kums\",\"item\":\"https:\\\/\\\/mmkriepas.lv\\\/en\\\/\"},{\"@type\":\"ListItem\",\"position\":2,\"name\":\"245\\\/45R17 Westlake ZuperEco Z-107 99W XL\"}]},{\"@type\":\"WebSite\",\"@id\":\"https:\\\/\\\/mmkriepas.lv\\\/en\\\/#website\",\"url\":\"https:\\\/\\\/mmkriepas.lv\\\/en\\\/\",\"name\":\"MMK Riepas\",\"description\":\"MMK Riepas\",\"alternateName\":\"MMK Riepu Serviss\",\"potentialAction\":[{\"@type\":\"SearchAction\",\"target\":{\"@type\":\"EntryPoint\",\"urlTemplate\":\"https:\\\/\\\/mmkriepas.lv\\\/en\\\/?s={search_term_string}\"},\"query-input\":{\"@type\":\"PropertyValueSpecification\",\"valueRequired\":true,\"valueName\":\"search_term_string\"}}],\"inLanguage\":\"en-US\"},{\"@type\":\"ImageObject\",\"inLanguage\":\"en-US\",\"@id\":\"https:\\\/\\\/mmkriepas.lv\\\/en\\\/p\\\/245-45r17-westlake-zupereco-z-107-99w-xl\\\/#local-main-organization-logo\",\"url\":\"\",\"contentUrl\":\"\",\"caption\":\"MMK Riepas\"}]}<\/script>\n<meta property=\"product:brand\" content=\"Westlake ZuperEco Z-107\" \/>\n<meta property=\"product:price:amount\" content=\"66.00\" \/>\n<meta property=\"product:price:currency\" content=\"EUR\" \/>\n<meta property=\"og:availability\" content=\"instock\" \/>\n<meta property=\"product:availability\" content=\"instock\" \/>\n<meta property=\"product:retailer_item_id\" content=\"TS2454517WESTL-L26177\" \/>\n<meta property=\"product:condition\" content=\"new\" \/>\n<!-- \/ Yoast SEO Premium plugin. -->","yoast_head_json":{"title":"245\/45R17 Westlake ZuperEco Z-107 99W XL &#8226; MMK Riepas","robots":{"index":"index","follow":"follow","max-snippet":"max-snippet:-1","max-image-preview":"max-image-preview:large","max-video-preview":"max-video-preview:-1"},"canonical":"https:\/\/mmkriepas.lv\/en\/p\/245-45r17-westlake-zupereco-z-107-99w-xl\/","og_locale":"en_US","og_type":"article","og_title":"245\/45R17 Westlake ZuperEco Z-107 99W XL","og_description":"Westlake ZuperEco Z-107 galven\u0101s iez\u012bmes ir efekt\u012bva bremz\u0113\u0161ana uz sausa un mitra ce\u013ca seguma, brauk\u0161anas un akustiskais komforts, k\u0101 ar\u012b degvielas ekonomijas efektivit\u0101te (zemas rites pretest\u012bbas rezult\u0101ts). Westlake ZuperEco Z-107 riepu optimiz\u0113tais protektora z\u012bm\u0113jums garant\u0113 komfortu un gludu brauk\u0161anu. Kombin\u0101cij\u0101 ar silikona gumijas mais\u012bjumu nodro\u0161ina dro\u0161u sa\u0137eri uz slapjiem ce\u013ciem un samazina rites pretest\u012bbu.","og_url":"https:\/\/mmkriepas.lv\/en\/p\/245-45r17-westlake-zupereco-z-107-99w-xl\/","og_site_name":"MMK Riepas","article_publisher":"https:\/\/www.facebook.com\/mmkserviss\/","article_modified_time":"2026-03-27T11:27:02+00:00","og_image":[{"width":1000,"height":750,"url":"https:\/\/mmkriepas.lv\/wp-content\/uploads\/2024\/03\/23535r19-goodride-zupereco-z-107-91w-xl-vasaras-riepas.jpg","type":"image\/jpeg"}],"twitter_card":"summary_large_image","twitter_misc":{"Price":"&euro;66.00","Availability":"In stock"},"schema":{"@context":"https:\/\/schema.org","@graph":[{"@type":"WebPage","@id":"https:\/\/mmkriepas.lv\/en\/p\/245-45r17-westlake-zupereco-z-107-99w-xl\/","url":"https:\/\/mmkriepas.lv\/en\/p\/245-45r17-westlake-zupereco-z-107-99w-xl\/","name":"245\/45R17 Westlake ZuperEco Z-107 99W XL &#8226; MMK Riepas","isPartOf":{"@id":"https:\/\/mmkriepas.lv\/en\/#website"},"primaryImageOfPage":{"@id":"https:\/\/mmkriepas.lv\/en\/p\/245-45r17-westlake-zupereco-z-107-99w-xl\/#primaryimage"},"image":{"@id":"https:\/\/mmkriepas.lv\/en\/p\/245-45r17-westlake-zupereco-z-107-99w-xl\/#primaryimage"},"thumbnailUrl":"https:\/\/mmkriepas.lv\/wp-content\/uploads\/2024\/03\/23535r19-goodride-zupereco-z-107-91w-xl-vasaras-riepas.jpg","datePublished":"2023-04-20T11:55:25+00:00","dateModified":"2026-03-27T11:27:02+00:00","breadcrumb":{"@id":"https:\/\/mmkriepas.lv\/en\/p\/245-45r17-westlake-zupereco-z-107-99w-xl\/#breadcrumb"},"inLanguage":"en-US","potentialAction":[{"@type":"ReadAction","target":["https:\/\/mmkriepas.lv\/en\/p\/245-45r17-westlake-zupereco-z-107-99w-xl\/"]}]},{"@type":"ImageObject","inLanguage":"en-US","@id":"https:\/\/mmkriepas.lv\/en\/p\/245-45r17-westlake-zupereco-z-107-99w-xl\/#primaryimage","url":"https:\/\/mmkriepas.lv\/wp-content\/uploads\/2024\/03\/23535r19-goodride-zupereco-z-107-91w-xl-vasaras-riepas.jpg","contentUrl":"https:\/\/mmkriepas.lv\/wp-content\/uploads\/2024\/03\/23535r19-goodride-zupereco-z-107-91w-xl-vasaras-riepas.jpg","width":1000,"height":750,"caption":"MAIN"},{"@type":"BreadcrumbList","@id":"https:\/\/mmkriepas.lv\/en\/p\/245-45r17-westlake-zupereco-z-107-99w-xl\/#breadcrumb","itemListElement":[{"@type":"ListItem","position":1,"name":"S\u0101kums","item":"https:\/\/mmkriepas.lv\/en\/"},{"@type":"ListItem","position":2,"name":"245\/45R17 Westlake ZuperEco Z-107 99W XL"}]},{"@type":"WebSite","@id":"https:\/\/mmkriepas.lv\/en\/#website","url":"https:\/\/mmkriepas.lv\/en\/","name":"MMK Riepas","description":"MMK Riepas","alternateName":"MMK Riepu Serviss","potentialAction":[{"@type":"SearchAction","target":{"@type":"EntryPoint","urlTemplate":"https:\/\/mmkriepas.lv\/en\/?s={search_term_string}"},"query-input":{"@type":"PropertyValueSpecification","valueRequired":true,"valueName":"search_term_string"}}],"inLanguage":"en-US"},{"@type":"ImageObject","inLanguage":"en-US","@id":"https:\/\/mmkriepas.lv\/en\/p\/245-45r17-westlake-zupereco-z-107-99w-xl\/#local-main-organization-logo","url":"","contentUrl":"","caption":"MMK Riepas"}]},"product_brand":"Westlake ZuperEco Z-107","product_price_amount":"66.00","product_price_currency":"EUR","og_availability":"instock","product_availability":"instock","product_retailer_item_id":"TS2454517WESTL-L26177","product_condition":"new"},"_links":{"self":[{"href":"https:\/\/mmkriepas.lv\/en\/wp-json\/wp\/v2\/product\/698021","targetHints":{"allow":["GET"]}}],"collection":[{"href":"https:\/\/mmkriepas.lv\/en\/wp-json\/wp\/v2\/product"}],"about":[{"href":"https:\/\/mmkriepas.lv\/en\/wp-json\/wp\/v2\/types\/product"}],"wp:featuredmedia":[{"embeddable":true,"href":"https:\/\/mmkriepas.lv\/en\/wp-json\/wp\/v2\/media\/877897"}],"wp:attachment":[{"href":"https:\/\/mmkriepas.lv\/en\/wp-json\/wp\/v2\/media?parent=698021"}],"wp:term":[{"taxonomy":"product_brand","embeddable":true,"href":"https:\/\/mmkriepas.lv\/en\/wp-json\/wp\/v2\/product_brand?post=698021"},{"taxonomy":"product_cat","embeddable":true,"href":"https:\/\/mmkriepas.lv\/en\/wp-json\/wp\/v2\/product_cat?post=698021"},{"taxonomy":"product_tag","embeddable":true,"href":"https:\/\/mmkriepas.lv\/en\/wp-json\/wp\/v2\/product_tag?post=698021"}],"curies":[{"name":"wp","href":"https:\/\/api.w.org\/{rel}","templated":true}]}}