{"id":69766,"date":"2018-09-13T17:39:56","date_gmt":"2018-09-13T14:39:56","guid":{"rendered":"https:\/\/mmkserviss.lv\/?post_type=product&#038;p=69766"},"modified":"2025-03-07T17:47:26","modified_gmt":"2025-03-07T15:47:26","slug":"21560r16-premiorri-viamagiorre-z-plus-95h","status":"publish","type":"product","link":"https:\/\/mmkriepas.lv\/en\/p\/21560r16-premiorri-viamagiorre-z-plus-95h\/","title":{"rendered":"215\/60R16 Premiorri ViaMaggiore Z Plus 95H"},"content":{"rendered":"<p><strong>Premiorri ViaMaggiore Z Plus <\/strong>ir M\u012bksta sast\u0101va m+s\/ ziemas riepas. Premiorri tiek izstr\u0101d\u0101tas Anglij\u0101 un tiek ra\u017eotas vis\u0101 Eirop\u0101. Dizains \u013coti l\u012bdz\u012bgs popul\u0101rajam un veiksm\u012bgajam riepu modelim Continental Conti Viking Contact 3. Augstas kvalit\u0101tes bud\u017eeta klases m\u012bkst\u0101 tipa m+s\/ ziemas riepas par zemu cenu. Labs kompromiss starp veiktsp\u0113ju un cenu.<\/p>\n<p><strong>ViaMaggiore Z Plus raksturojums:<\/strong><\/p>\n<ul>\n<li>Augsta kvalit\u0101tes un cenas attiec\u012bba.<\/li>\n<li>Veiksm\u012bgs dizains &#8211; analogs &#8211;\u00a0Continental Conti Viking Contact 3.<\/li>\n<li>\u00a0Dro\u0161as riepas. Piem\u0113rotas Latvijas main\u012bgajiem laika apst\u0101k\u013ciem brauk\u0161anai visu gadu.<\/li>\n<li>\u00a0Papildus stabilit\u0101ti nodro\u0161ina asi protektora bloki uz s\u0101na malas.<\/li>\n<li>\u00a0Sal\u012bdzino\u0161i \u012bss bremz\u0113\u0161anas ce\u013c\u0161 uz sausa, slapja sniega, sausa ledus un asfalta seguma.<\/li>\n<li>\u00a0Iztur\u012bga riepas bortu uzb\u016bve (iztur\u012bga pret triecieniem).<\/li>\n<li>\u00a0\u013boti stabila brauk\u0161ana uz piebraukta sniega.<\/li>\n<li>\u00a0Stabilit\u0101te pagriezienos.<\/li>\n<li>\u00a0Vienm\u0113r\u012bgs nodilums un zema rites pretest\u012bba.<\/li>\n<li>\u00a0Dzi\u013c\u0161 protektors<\/li>\n<\/ul>\n","protected":false},"excerpt":{"rendered":"<p><strong>Premiorri ViaMaggiore Z Plus <\/strong>ir M\u012bksta sast\u0101va m+s\/ ziemas riepas. Premiorri tiek izstr\u0101d\u0101tas Anglij\u0101 un tiek ra\u017eotas vis\u0101 Eirop\u0101. Dizains \u013coti l\u012bdz\u012bgs popul\u0101rajam un veiksm\u012bgajam riepu modelim Continental Conti Viking Contact 3. Augstas kvalit\u0101tes bud\u017eeta klases m\u012bkst\u0101 tipa m+s\/ ziemas riepas par zemu cenu. Labs kompromiss starp veiktsp\u0113ju un cenu.<\/p>\n","protected":false},"featured_media":432165,"template":"","meta":{"_acf_changed":false,"ngg_post_thumbnail":0},"product_brand":[],"product_cat":[47,45],"product_tag":[],"class_list":{"0":"post-69766","1":"product","2":"type-product","3":"status-publish","4":"has-post-thumbnail","6":"product_cat-vissezonas-riepas","7":"product_cat-ziemas-riepas","9":"first","10":"outofstock","11":"sale","12":"taxable","13":"shipping-taxable","14":"product-type-simple"},"acf":[],"yoast_head":"<!-- This site is optimized with the Yoast SEO Premium plugin v22.6 (Yoast SEO v27.3) - https:\/\/yoast.com\/product\/yoast-seo-premium-wordpress\/ -->\n<title>215\/60R16 Premiorri ViaMaggiore Z Plus 95H &#8226; MMK Riepas<\/title>\n<meta name=\"robots\" content=\"index, follow, max-snippet:-1, max-image-preview:large, max-video-preview:-1\" \/>\n<link rel=\"canonical\" href=\"https:\/\/mmkriepas.lv\/en\/p\/21560r16-premiorri-viamagiorre-z-plus-95h\/\" \/>\n<meta property=\"og:locale\" content=\"en_US\" \/>\n<meta property=\"og:type\" content=\"article\" \/>\n<meta property=\"og:title\" content=\"215\/60R16 Premiorri ViaMaggiore Z Plus 95H\" \/>\n<meta property=\"og:description\" content=\"Premiorri ViaMaggiore Z Plus ir M\u012bksta sast\u0101va m+s\/ ziemas riepas. Premiorri tiek izstr\u0101d\u0101tas Anglij\u0101 un tiek ra\u017eotas vis\u0101 Eirop\u0101. Dizains \u013coti l\u012bdz\u012bgs popul\u0101rajam un veiksm\u012bgajam riepu modelim Continental Conti Viking Contact 3. Augstas kvalit\u0101tes bud\u017eeta klases m\u012bkst\u0101 tipa m+s\/ ziemas riepas par zemu cenu. Labs kompromiss starp veiktsp\u0113ju un cenu.\" \/>\n<meta property=\"og:url\" content=\"https:\/\/mmkriepas.lv\/en\/p\/21560r16-premiorri-viamagiorre-z-plus-95h\/\" \/>\n<meta property=\"og:site_name\" content=\"MMK Riepas\" \/>\n<meta property=\"article:publisher\" content=\"https:\/\/www.facebook.com\/mmkserviss\/\" \/>\n<meta property=\"article:modified_time\" content=\"2025-03-07T15:47:26+00:00\" \/>\n<meta property=\"og:image\" content=\"https:\/\/mmkriepas.lv\/wp-content\/uploads\/2022\/12\/21555r17-premiorri-viamaggiore-z-plus-98h-ziemas-riepas.jpeg\" \/>\n\t<meta property=\"og:image:width\" content=\"1920\" \/>\n\t<meta property=\"og:image:height\" content=\"1440\" \/>\n\t<meta property=\"og:image:type\" content=\"image\/jpeg\" \/>\n<meta name=\"twitter:card\" content=\"summary_large_image\" \/>\n<meta name=\"twitter:label1\" content=\"Price\" \/>\n\t<meta name=\"twitter:data1\" content=\"&euro;59.00\" \/>\n\t<meta name=\"twitter:label2\" content=\"Availability\" \/>\n\t<meta name=\"twitter:data2\" content=\"Out of stock\" \/>\n<script type=\"application\/ld+json\" class=\"yoast-schema-graph\">{\"@context\":\"https:\\\/\\\/schema.org\",\"@graph\":[{\"@type\":\"WebPage\",\"@id\":\"https:\\\/\\\/mmkriepas.lv\\\/en\\\/p\\\/21560r16-premiorri-viamagiorre-z-plus-95h\\\/\",\"url\":\"https:\\\/\\\/mmkriepas.lv\\\/en\\\/p\\\/21560r16-premiorri-viamagiorre-z-plus-95h\\\/\",\"name\":\"215\\\/60R16 Premiorri ViaMaggiore Z Plus 95H &#8226; MMK Riepas\",\"isPartOf\":{\"@id\":\"https:\\\/\\\/mmkriepas.lv\\\/en\\\/#website\"},\"primaryImageOfPage\":{\"@id\":\"https:\\\/\\\/mmkriepas.lv\\\/en\\\/p\\\/21560r16-premiorri-viamagiorre-z-plus-95h\\\/#primaryimage\"},\"image\":{\"@id\":\"https:\\\/\\\/mmkriepas.lv\\\/en\\\/p\\\/21560r16-premiorri-viamagiorre-z-plus-95h\\\/#primaryimage\"},\"thumbnailUrl\":\"https:\\\/\\\/mmkriepas.lv\\\/wp-content\\\/uploads\\\/2022\\\/12\\\/21555r17-premiorri-viamaggiore-z-plus-98h-ziemas-riepas.jpeg\",\"datePublished\":\"2018-09-13T14:39:56+00:00\",\"dateModified\":\"2025-03-07T15:47:26+00:00\",\"breadcrumb\":{\"@id\":\"https:\\\/\\\/mmkriepas.lv\\\/en\\\/p\\\/21560r16-premiorri-viamagiorre-z-plus-95h\\\/#breadcrumb\"},\"inLanguage\":\"en-US\",\"potentialAction\":[{\"@type\":\"ReadAction\",\"target\":[\"https:\\\/\\\/mmkriepas.lv\\\/en\\\/p\\\/21560r16-premiorri-viamagiorre-z-plus-95h\\\/\"]}]},{\"@type\":\"ImageObject\",\"inLanguage\":\"en-US\",\"@id\":\"https:\\\/\\\/mmkriepas.lv\\\/en\\\/p\\\/21560r16-premiorri-viamagiorre-z-plus-95h\\\/#primaryimage\",\"url\":\"https:\\\/\\\/mmkriepas.lv\\\/wp-content\\\/uploads\\\/2022\\\/12\\\/21555r17-premiorri-viamaggiore-z-plus-98h-ziemas-riepas.jpeg\",\"contentUrl\":\"https:\\\/\\\/mmkriepas.lv\\\/wp-content\\\/uploads\\\/2022\\\/12\\\/21555r17-premiorri-viamaggiore-z-plus-98h-ziemas-riepas.jpeg\",\"width\":1920,\"height\":1440,\"caption\":\"215\\\/55R17 Premiorri ViaMaggiore Z Plus 98H - Vissezonas riepas \\\/ Ziemas riepas\"},{\"@type\":\"BreadcrumbList\",\"@id\":\"https:\\\/\\\/mmkriepas.lv\\\/en\\\/p\\\/21560r16-premiorri-viamagiorre-z-plus-95h\\\/#breadcrumb\",\"itemListElement\":[{\"@type\":\"ListItem\",\"position\":1,\"name\":\"S\u0101kums\",\"item\":\"https:\\\/\\\/mmkriepas.lv\\\/en\\\/\"},{\"@type\":\"ListItem\",\"position\":2,\"name\":\"215\\\/60R16 Premiorri ViaMaggiore Z Plus 95H\"}]},{\"@type\":\"WebSite\",\"@id\":\"https:\\\/\\\/mmkriepas.lv\\\/en\\\/#website\",\"url\":\"https:\\\/\\\/mmkriepas.lv\\\/en\\\/\",\"name\":\"MMK Riepas\",\"description\":\"MMK Riepas\",\"alternateName\":\"MMK Riepu Serviss\",\"potentialAction\":[{\"@type\":\"SearchAction\",\"target\":{\"@type\":\"EntryPoint\",\"urlTemplate\":\"https:\\\/\\\/mmkriepas.lv\\\/en\\\/?s={search_term_string}\"},\"query-input\":{\"@type\":\"PropertyValueSpecification\",\"valueRequired\":true,\"valueName\":\"search_term_string\"}}],\"inLanguage\":\"en-US\"},{\"@type\":\"ImageObject\",\"inLanguage\":\"en-US\",\"@id\":\"https:\\\/\\\/mmkriepas.lv\\\/en\\\/p\\\/21560r16-premiorri-viamagiorre-z-plus-95h\\\/#local-main-organization-logo\",\"url\":\"\",\"contentUrl\":\"\",\"caption\":\"MMK Riepas\"}]}<\/script>\n<meta property=\"product:brand\" content=\"Premiorri ViaMaggiore Z Plus\" \/>\n<meta property=\"product:price:amount\" content=\"59.00\" \/>\n<meta property=\"product:price:currency\" content=\"EUR\" \/>\n<meta property=\"og:availability\" content=\"out of stock\" \/>\n<meta property=\"product:availability\" content=\"out of stock\" \/>\n<meta property=\"product:retailer_item_id\" content=\"TW2156016PREMI-2645\" \/>\n<meta property=\"product:condition\" content=\"new\" \/>\n<!-- \/ Yoast SEO Premium plugin. -->","yoast_head_json":{"title":"215\/60R16 Premiorri ViaMaggiore Z Plus 95H &#8226; MMK Riepas","robots":{"index":"index","follow":"follow","max-snippet":"max-snippet:-1","max-image-preview":"max-image-preview:large","max-video-preview":"max-video-preview:-1"},"canonical":"https:\/\/mmkriepas.lv\/en\/p\/21560r16-premiorri-viamagiorre-z-plus-95h\/","og_locale":"en_US","og_type":"article","og_title":"215\/60R16 Premiorri ViaMaggiore Z Plus 95H","og_description":"Premiorri ViaMaggiore Z Plus ir M\u012bksta sast\u0101va m+s\/ ziemas riepas. Premiorri tiek izstr\u0101d\u0101tas Anglij\u0101 un tiek ra\u017eotas vis\u0101 Eirop\u0101. Dizains \u013coti l\u012bdz\u012bgs popul\u0101rajam un veiksm\u012bgajam riepu modelim Continental Conti Viking Contact 3. Augstas kvalit\u0101tes bud\u017eeta klases m\u012bkst\u0101 tipa m+s\/ ziemas riepas par zemu cenu. Labs kompromiss starp veiktsp\u0113ju un cenu.","og_url":"https:\/\/mmkriepas.lv\/en\/p\/21560r16-premiorri-viamagiorre-z-plus-95h\/","og_site_name":"MMK Riepas","article_publisher":"https:\/\/www.facebook.com\/mmkserviss\/","article_modified_time":"2025-03-07T15:47:26+00:00","og_image":[{"width":1920,"height":1440,"url":"https:\/\/mmkriepas.lv\/wp-content\/uploads\/2022\/12\/21555r17-premiorri-viamaggiore-z-plus-98h-ziemas-riepas.jpeg","type":"image\/jpeg"}],"twitter_card":"summary_large_image","twitter_misc":{"Price":"&euro;59.00","Availability":"Out of stock"},"schema":{"@context":"https:\/\/schema.org","@graph":[{"@type":"WebPage","@id":"https:\/\/mmkriepas.lv\/en\/p\/21560r16-premiorri-viamagiorre-z-plus-95h\/","url":"https:\/\/mmkriepas.lv\/en\/p\/21560r16-premiorri-viamagiorre-z-plus-95h\/","name":"215\/60R16 Premiorri ViaMaggiore Z Plus 95H &#8226; MMK Riepas","isPartOf":{"@id":"https:\/\/mmkriepas.lv\/en\/#website"},"primaryImageOfPage":{"@id":"https:\/\/mmkriepas.lv\/en\/p\/21560r16-premiorri-viamagiorre-z-plus-95h\/#primaryimage"},"image":{"@id":"https:\/\/mmkriepas.lv\/en\/p\/21560r16-premiorri-viamagiorre-z-plus-95h\/#primaryimage"},"thumbnailUrl":"https:\/\/mmkriepas.lv\/wp-content\/uploads\/2022\/12\/21555r17-premiorri-viamaggiore-z-plus-98h-ziemas-riepas.jpeg","datePublished":"2018-09-13T14:39:56+00:00","dateModified":"2025-03-07T15:47:26+00:00","breadcrumb":{"@id":"https:\/\/mmkriepas.lv\/en\/p\/21560r16-premiorri-viamagiorre-z-plus-95h\/#breadcrumb"},"inLanguage":"en-US","potentialAction":[{"@type":"ReadAction","target":["https:\/\/mmkriepas.lv\/en\/p\/21560r16-premiorri-viamagiorre-z-plus-95h\/"]}]},{"@type":"ImageObject","inLanguage":"en-US","@id":"https:\/\/mmkriepas.lv\/en\/p\/21560r16-premiorri-viamagiorre-z-plus-95h\/#primaryimage","url":"https:\/\/mmkriepas.lv\/wp-content\/uploads\/2022\/12\/21555r17-premiorri-viamaggiore-z-plus-98h-ziemas-riepas.jpeg","contentUrl":"https:\/\/mmkriepas.lv\/wp-content\/uploads\/2022\/12\/21555r17-premiorri-viamaggiore-z-plus-98h-ziemas-riepas.jpeg","width":1920,"height":1440,"caption":"215\/55R17 Premiorri ViaMaggiore Z Plus 98H - Vissezonas riepas \/ Ziemas riepas"},{"@type":"BreadcrumbList","@id":"https:\/\/mmkriepas.lv\/en\/p\/21560r16-premiorri-viamagiorre-z-plus-95h\/#breadcrumb","itemListElement":[{"@type":"ListItem","position":1,"name":"S\u0101kums","item":"https:\/\/mmkriepas.lv\/en\/"},{"@type":"ListItem","position":2,"name":"215\/60R16 Premiorri ViaMaggiore Z Plus 95H"}]},{"@type":"WebSite","@id":"https:\/\/mmkriepas.lv\/en\/#website","url":"https:\/\/mmkriepas.lv\/en\/","name":"MMK Riepas","description":"MMK Riepas","alternateName":"MMK Riepu Serviss","potentialAction":[{"@type":"SearchAction","target":{"@type":"EntryPoint","urlTemplate":"https:\/\/mmkriepas.lv\/en\/?s={search_term_string}"},"query-input":{"@type":"PropertyValueSpecification","valueRequired":true,"valueName":"search_term_string"}}],"inLanguage":"en-US"},{"@type":"ImageObject","inLanguage":"en-US","@id":"https:\/\/mmkriepas.lv\/en\/p\/21560r16-premiorri-viamagiorre-z-plus-95h\/#local-main-organization-logo","url":"","contentUrl":"","caption":"MMK Riepas"}]},"product_brand":"Premiorri ViaMaggiore Z Plus","product_price_amount":"59.00","product_price_currency":"EUR","og_availability":"out of stock","product_availability":"out of stock","product_retailer_item_id":"TW2156016PREMI-2645","product_condition":"new"},"_links":{"self":[{"href":"https:\/\/mmkriepas.lv\/en\/wp-json\/wp\/v2\/product\/69766","targetHints":{"allow":["GET"]}}],"collection":[{"href":"https:\/\/mmkriepas.lv\/en\/wp-json\/wp\/v2\/product"}],"about":[{"href":"https:\/\/mmkriepas.lv\/en\/wp-json\/wp\/v2\/types\/product"}],"wp:featuredmedia":[{"embeddable":true,"href":"https:\/\/mmkriepas.lv\/en\/wp-json\/wp\/v2\/media\/432165"}],"wp:attachment":[{"href":"https:\/\/mmkriepas.lv\/en\/wp-json\/wp\/v2\/media?parent=69766"}],"wp:term":[{"taxonomy":"product_brand","embeddable":true,"href":"https:\/\/mmkriepas.lv\/en\/wp-json\/wp\/v2\/product_brand?post=69766"},{"taxonomy":"product_cat","embeddable":true,"href":"https:\/\/mmkriepas.lv\/en\/wp-json\/wp\/v2\/product_cat?post=69766"},{"taxonomy":"product_tag","embeddable":true,"href":"https:\/\/mmkriepas.lv\/en\/wp-json\/wp\/v2\/product_tag?post=69766"}],"curies":[{"name":"wp","href":"https:\/\/api.w.org\/{rel}","templated":true}]}}