{"id":69560,"date":"2018-09-12T15:36:13","date_gmt":"2018-09-12T12:36:13","guid":{"rendered":"https:\/\/mmkserviss.lv\/?post_type=product&#038;p=69560"},"modified":"2024-05-03T09:50:59","modified_gmt":"2024-05-03T06:50:59","slug":"19565r15-hifly-win-turi-215-91t","status":"publish","type":"product","link":"https:\/\/mmkriepas.lv\/en\/p\/19565r15-hifly-win-turi-215-91t\/","title":{"rendered":"195\/65R15 Hifly Win-Turi 215 91T"},"content":{"rendered":"<p><strong>Hi<\/strong><strong>fly Win-<\/strong><strong>Turi 215<\/strong> ir rad\u017eojams ziemas riepu modelis, kura izgatavo\u0161an\u0101 pielietota virkne jaun\u0101ko tehnolo\u0123iju un risin\u0101jumu. Tas izce\u013cas ar teicam\u0101m veiktsp\u0113jas \u012bpa\u0161\u012bb\u0101m pat visskarb\u0101kajos brauk\u0161anas apst\u0101k\u013cos. \u0160is modelis ir pieejams gan ar radz\u0113m, gan bez t\u0101m!<\/p>\n<h3><strong>Win-<\/strong><strong>Turi 215 galven\u0101s iez\u012bmes<\/strong><\/h3>\n<p>+ Lielika veiktsp\u0113ja snieg\u0101 un uz ledus, pateicoties agres\u012bvam protektora rakstasm, lamel\u0113m un radz\u0113m!<br \/>+ Samazin\u0101ts akvaplan\u0113\u0161anas risks!<br \/>+ Palielin\u0101ta nodilumztur\u012bba!<br \/>+ Uzlabots riepas gumijas sast\u0101vs!<\/p>\n<h3><strong>Win-<\/strong><strong>Turi 215 apr\u012bkojums<\/strong><\/h3>\n<p>\u0160\u012b ziemas riepu mode\u013ca centr\u0101l\u0101 protektora bloku virkne ir nep\u0101rktraukta, padarot riepu krietni stabil\u0101ku un uzlabojot manevr\u0113tsp\u0113ju. Veiktsp\u0113ju snieg\u0101 nodro\u0161ina virzienveida protektora raksts.<\/p>\n<p>Pati riepa darin\u0101ta no augstas kvalit\u0101tes gumijas mais\u012bjuma, kas bag\u0101tin\u0101ts ar virkni elastrom\u0113ru. \u0160\u0101ds gumijas sast\u0101vs liek riepai saglab\u0101t elast\u012bbu pat \u013coti zem\u0101s gaisa temperat\u016br\u0101s. Turkl\u0101t, mais\u012bjuma sast\u0101vam pievienoti elementi, kas apsl\u0101p\u0113 ska\u0146u, palielina degvielas ekonomiju un padara riepu iztur\u012bg\u0101ku. Dro\u0161\u012bbu uz ledus nodro\u0161ina radzes un lameles, kas bl\u012bvi iestr\u0101d\u0101tas protektora blokos.<\/p>\n<p><strong>Hifly Win-Turi 215<\/strong> mode\u013ca lieto\u0161anas dro\u0161\u012bbu ziemas laika apst\u0101k\u013cos un t\u0101 atbilst\u012bbu valst\u012bm ar oblig\u0101tu sezon\u0101lo riepu mai\u0146u apstiprina mar\u0137\u0113jums sniegp\u0101rslas form\u0101 uz kalna fona ar trim virsotn\u0113m (3PMSF).<\/p>\n","protected":false},"excerpt":{"rendered":"<p><strong>Hi<\/strong><strong>fly Win-<\/strong><strong>Turi 215<\/strong> ir rad\u017eojams ziemas riepu modelis, kura izgatavo\u0161an\u0101 pielietota virkne jaun\u0101ko tehnolo\u0123iju un risin\u0101jumu. Tas izce\u013cas ar teicam\u0101m veiktsp\u0113jas \u012bpa\u0161\u012bb\u0101m pat visskarb\u0101kajos brauk\u0161anas apst\u0101k\u013cos. <span style=\"color: #ff0000;\">\u0160is modelis ir pieejams gan ar radz\u0113m, gan bez t\u0101m!<\/span><\/p>\n","protected":false},"featured_media":71204,"template":"","meta":{"_acf_changed":false,"ngg_post_thumbnail":0},"product_brand":[],"product_cat":[47,45],"product_tag":[19635],"class_list":{"0":"post-69560","1":"product","2":"type-product","3":"status-publish","4":"has-post-thumbnail","6":"product_cat-vissezonas-riepas","7":"product_cat-ziemas-riepas","8":"product_tag-sarkans","10":"first","11":"instock","12":"sale","13":"taxable","14":"shipping-taxable","15":"product-type-simple"},"acf":[],"yoast_head":"<!-- This site is optimized with the Yoast SEO Premium plugin v22.6 (Yoast SEO v27.3) - https:\/\/yoast.com\/product\/yoast-seo-premium-wordpress\/ -->\n<title>195\/65R15 Hifly Win-Turi 215 91T &#8226; MMK Riepas<\/title>\n<meta name=\"description\" content=\"HiFly Win-Turi 215- ziemas riepa, kas gatava st\u0101ties pret\u012b bargiem apst\u0101k\u013ciem. Pieejama abos MMK Riepu Centros par vislab\u0101kaj\u0101m cen\u0101m.\" \/>\n<meta name=\"robots\" content=\"index, follow, max-snippet:-1, max-image-preview:large, max-video-preview:-1\" \/>\n<link rel=\"canonical\" href=\"https:\/\/mmkriepas.lv\/en\/p\/19565r15-hifly-win-turi-215-91t\/\" \/>\n<meta property=\"og:locale\" content=\"en_US\" \/>\n<meta property=\"og:type\" content=\"article\" \/>\n<meta property=\"og:title\" content=\"195\/65R15 Hifly Win-Turi 215 91T\" \/>\n<meta property=\"og:description\" content=\"HiFly Win-Turi 215- ziemas riepa, kas gatava st\u0101ties pret\u012b bargiem apst\u0101k\u013ciem. Pieejama abos MMK Riepu Centros par vislab\u0101kaj\u0101m cen\u0101m.\" \/>\n<meta property=\"og:url\" content=\"https:\/\/mmkriepas.lv\/en\/p\/19565r15-hifly-win-turi-215-91t\/\" \/>\n<meta property=\"og:site_name\" content=\"MMK Riepas\" \/>\n<meta property=\"article:publisher\" content=\"https:\/\/www.facebook.com\/mmkserviss\/\" \/>\n<meta property=\"article:modified_time\" content=\"2024-05-03T06:50:59+00:00\" \/>\n<meta property=\"og:image\" content=\"https:\/\/mmkriepas.lv\/wp-content\/uploads\/2018\/09\/18570r14-hifly-win-turi-215-88t-ziemas-riepas-2.jpeg\" \/>\n\t<meta property=\"og:image:width\" content=\"1600\" \/>\n\t<meta property=\"og:image:height\" content=\"1200\" \/>\n\t<meta property=\"og:image:type\" content=\"image\/jpeg\" \/>\n<meta name=\"twitter:card\" content=\"summary_large_image\" \/>\n<meta name=\"twitter:label1\" content=\"Price\" \/>\n\t<meta name=\"twitter:data1\" content=\"&euro;45.00\" \/>\n\t<meta name=\"twitter:label2\" content=\"Availability\" \/>\n\t<meta name=\"twitter:data2\" content=\"In stock\" \/>\n<script type=\"application\/ld+json\" class=\"yoast-schema-graph\">{\"@context\":\"https:\\\/\\\/schema.org\",\"@graph\":[{\"@type\":\"WebPage\",\"@id\":\"https:\\\/\\\/mmkriepas.lv\\\/en\\\/p\\\/19565r15-hifly-win-turi-215-91t\\\/\",\"url\":\"https:\\\/\\\/mmkriepas.lv\\\/en\\\/p\\\/19565r15-hifly-win-turi-215-91t\\\/\",\"name\":\"195\\\/65R15 Hifly Win-Turi 215 91T &#8226; MMK Riepas\",\"isPartOf\":{\"@id\":\"https:\\\/\\\/mmkriepas.lv\\\/en\\\/#website\"},\"primaryImageOfPage\":{\"@id\":\"https:\\\/\\\/mmkriepas.lv\\\/en\\\/p\\\/19565r15-hifly-win-turi-215-91t\\\/#primaryimage\"},\"image\":{\"@id\":\"https:\\\/\\\/mmkriepas.lv\\\/en\\\/p\\\/19565r15-hifly-win-turi-215-91t\\\/#primaryimage\"},\"thumbnailUrl\":\"https:\\\/\\\/mmkriepas.lv\\\/wp-content\\\/uploads\\\/2018\\\/09\\\/18570r14-hifly-win-turi-215-88t-ziemas-riepas-2.jpeg\",\"datePublished\":\"2018-09-12T12:36:13+00:00\",\"dateModified\":\"2024-05-03T06:50:59+00:00\",\"description\":\"HiFly Win-Turi 215- ziemas riepa, kas gatava st\u0101ties pret\u012b bargiem apst\u0101k\u013ciem. Pieejama abos MMK Riepu Centros par vislab\u0101kaj\u0101m cen\u0101m.\",\"breadcrumb\":{\"@id\":\"https:\\\/\\\/mmkriepas.lv\\\/en\\\/p\\\/19565r15-hifly-win-turi-215-91t\\\/#breadcrumb\"},\"inLanguage\":\"en-US\",\"potentialAction\":[{\"@type\":\"ReadAction\",\"target\":[\"https:\\\/\\\/mmkriepas.lv\\\/en\\\/p\\\/19565r15-hifly-win-turi-215-91t\\\/\"]}]},{\"@type\":\"ImageObject\",\"inLanguage\":\"en-US\",\"@id\":\"https:\\\/\\\/mmkriepas.lv\\\/en\\\/p\\\/19565r15-hifly-win-turi-215-91t\\\/#primaryimage\",\"url\":\"https:\\\/\\\/mmkriepas.lv\\\/wp-content\\\/uploads\\\/2018\\\/09\\\/18570r14-hifly-win-turi-215-88t-ziemas-riepas-2.jpeg\",\"contentUrl\":\"https:\\\/\\\/mmkriepas.lv\\\/wp-content\\\/uploads\\\/2018\\\/09\\\/18570r14-hifly-win-turi-215-88t-ziemas-riepas-2.jpeg\",\"width\":1600,\"height\":1200,\"caption\":\"185\\\/70R14 HiFly Win-Turi 215 88T - Vissezonas riepas \\\/ Ziemas riepas\"},{\"@type\":\"BreadcrumbList\",\"@id\":\"https:\\\/\\\/mmkriepas.lv\\\/en\\\/p\\\/19565r15-hifly-win-turi-215-91t\\\/#breadcrumb\",\"itemListElement\":[{\"@type\":\"ListItem\",\"position\":1,\"name\":\"S\u0101kums\",\"item\":\"https:\\\/\\\/mmkriepas.lv\\\/en\\\/\"},{\"@type\":\"ListItem\",\"position\":2,\"name\":\"195\\\/65R15 Hifly Win-Turi 215 91T\"}]},{\"@type\":\"WebSite\",\"@id\":\"https:\\\/\\\/mmkriepas.lv\\\/en\\\/#website\",\"url\":\"https:\\\/\\\/mmkriepas.lv\\\/en\\\/\",\"name\":\"MMK Riepas\",\"description\":\"MMK Riepas\",\"alternateName\":\"MMK Riepu Serviss\",\"potentialAction\":[{\"@type\":\"SearchAction\",\"target\":{\"@type\":\"EntryPoint\",\"urlTemplate\":\"https:\\\/\\\/mmkriepas.lv\\\/en\\\/?s={search_term_string}\"},\"query-input\":{\"@type\":\"PropertyValueSpecification\",\"valueRequired\":true,\"valueName\":\"search_term_string\"}}],\"inLanguage\":\"en-US\"},{\"@type\":\"ImageObject\",\"inLanguage\":\"en-US\",\"@id\":\"https:\\\/\\\/mmkriepas.lv\\\/en\\\/p\\\/19565r15-hifly-win-turi-215-91t\\\/#local-main-organization-logo\",\"url\":\"\",\"contentUrl\":\"\",\"caption\":\"MMK Riepas\"}]}<\/script>\n<meta property=\"product:brand\" content=\"Hifly Win-turi 215\" \/>\n<meta property=\"product:price:amount\" content=\"45.00\" \/>\n<meta property=\"product:price:currency\" content=\"EUR\" \/>\n<meta property=\"og:availability\" content=\"instock\" \/>\n<meta property=\"product:availability\" content=\"instock\" \/>\n<meta property=\"product:condition\" content=\"new\" \/>\n<!-- \/ Yoast SEO Premium plugin. -->","yoast_head_json":{"title":"195\/65R15 Hifly Win-Turi 215 91T &#8226; MMK Riepas","description":"HiFly Win-Turi 215- ziemas riepa, kas gatava st\u0101ties pret\u012b bargiem apst\u0101k\u013ciem. Pieejama abos MMK Riepu Centros par vislab\u0101kaj\u0101m cen\u0101m.","robots":{"index":"index","follow":"follow","max-snippet":"max-snippet:-1","max-image-preview":"max-image-preview:large","max-video-preview":"max-video-preview:-1"},"canonical":"https:\/\/mmkriepas.lv\/en\/p\/19565r15-hifly-win-turi-215-91t\/","og_locale":"en_US","og_type":"article","og_title":"195\/65R15 Hifly Win-Turi 215 91T","og_description":"HiFly Win-Turi 215- ziemas riepa, kas gatava st\u0101ties pret\u012b bargiem apst\u0101k\u013ciem. Pieejama abos MMK Riepu Centros par vislab\u0101kaj\u0101m cen\u0101m.","og_url":"https:\/\/mmkriepas.lv\/en\/p\/19565r15-hifly-win-turi-215-91t\/","og_site_name":"MMK Riepas","article_publisher":"https:\/\/www.facebook.com\/mmkserviss\/","article_modified_time":"2024-05-03T06:50:59+00:00","og_image":[{"width":1600,"height":1200,"url":"https:\/\/mmkriepas.lv\/wp-content\/uploads\/2018\/09\/18570r14-hifly-win-turi-215-88t-ziemas-riepas-2.jpeg","type":"image\/jpeg"}],"twitter_card":"summary_large_image","twitter_misc":{"Price":"&euro;45.00","Availability":"In stock"},"schema":{"@context":"https:\/\/schema.org","@graph":[{"@type":"WebPage","@id":"https:\/\/mmkriepas.lv\/en\/p\/19565r15-hifly-win-turi-215-91t\/","url":"https:\/\/mmkriepas.lv\/en\/p\/19565r15-hifly-win-turi-215-91t\/","name":"195\/65R15 Hifly Win-Turi 215 91T &#8226; MMK Riepas","isPartOf":{"@id":"https:\/\/mmkriepas.lv\/en\/#website"},"primaryImageOfPage":{"@id":"https:\/\/mmkriepas.lv\/en\/p\/19565r15-hifly-win-turi-215-91t\/#primaryimage"},"image":{"@id":"https:\/\/mmkriepas.lv\/en\/p\/19565r15-hifly-win-turi-215-91t\/#primaryimage"},"thumbnailUrl":"https:\/\/mmkriepas.lv\/wp-content\/uploads\/2018\/09\/18570r14-hifly-win-turi-215-88t-ziemas-riepas-2.jpeg","datePublished":"2018-09-12T12:36:13+00:00","dateModified":"2024-05-03T06:50:59+00:00","description":"HiFly Win-Turi 215- ziemas riepa, kas gatava st\u0101ties pret\u012b bargiem apst\u0101k\u013ciem. Pieejama abos MMK Riepu Centros par vislab\u0101kaj\u0101m cen\u0101m.","breadcrumb":{"@id":"https:\/\/mmkriepas.lv\/en\/p\/19565r15-hifly-win-turi-215-91t\/#breadcrumb"},"inLanguage":"en-US","potentialAction":[{"@type":"ReadAction","target":["https:\/\/mmkriepas.lv\/en\/p\/19565r15-hifly-win-turi-215-91t\/"]}]},{"@type":"ImageObject","inLanguage":"en-US","@id":"https:\/\/mmkriepas.lv\/en\/p\/19565r15-hifly-win-turi-215-91t\/#primaryimage","url":"https:\/\/mmkriepas.lv\/wp-content\/uploads\/2018\/09\/18570r14-hifly-win-turi-215-88t-ziemas-riepas-2.jpeg","contentUrl":"https:\/\/mmkriepas.lv\/wp-content\/uploads\/2018\/09\/18570r14-hifly-win-turi-215-88t-ziemas-riepas-2.jpeg","width":1600,"height":1200,"caption":"185\/70R14 HiFly Win-Turi 215 88T - Vissezonas riepas \/ Ziemas riepas"},{"@type":"BreadcrumbList","@id":"https:\/\/mmkriepas.lv\/en\/p\/19565r15-hifly-win-turi-215-91t\/#breadcrumb","itemListElement":[{"@type":"ListItem","position":1,"name":"S\u0101kums","item":"https:\/\/mmkriepas.lv\/en\/"},{"@type":"ListItem","position":2,"name":"195\/65R15 Hifly Win-Turi 215 91T"}]},{"@type":"WebSite","@id":"https:\/\/mmkriepas.lv\/en\/#website","url":"https:\/\/mmkriepas.lv\/en\/","name":"MMK Riepas","description":"MMK Riepas","alternateName":"MMK Riepu Serviss","potentialAction":[{"@type":"SearchAction","target":{"@type":"EntryPoint","urlTemplate":"https:\/\/mmkriepas.lv\/en\/?s={search_term_string}"},"query-input":{"@type":"PropertyValueSpecification","valueRequired":true,"valueName":"search_term_string"}}],"inLanguage":"en-US"},{"@type":"ImageObject","inLanguage":"en-US","@id":"https:\/\/mmkriepas.lv\/en\/p\/19565r15-hifly-win-turi-215-91t\/#local-main-organization-logo","url":"","contentUrl":"","caption":"MMK Riepas"}]},"product_brand":"Hifly Win-turi 215","product_price_amount":"45.00","product_price_currency":"EUR","og_availability":"instock","product_availability":"instock","product_condition":"new"},"_links":{"self":[{"href":"https:\/\/mmkriepas.lv\/en\/wp-json\/wp\/v2\/product\/69560","targetHints":{"allow":["GET"]}}],"collection":[{"href":"https:\/\/mmkriepas.lv\/en\/wp-json\/wp\/v2\/product"}],"about":[{"href":"https:\/\/mmkriepas.lv\/en\/wp-json\/wp\/v2\/types\/product"}],"wp:featuredmedia":[{"embeddable":true,"href":"https:\/\/mmkriepas.lv\/en\/wp-json\/wp\/v2\/media\/71204"}],"wp:attachment":[{"href":"https:\/\/mmkriepas.lv\/en\/wp-json\/wp\/v2\/media?parent=69560"}],"wp:term":[{"taxonomy":"product_brand","embeddable":true,"href":"https:\/\/mmkriepas.lv\/en\/wp-json\/wp\/v2\/product_brand?post=69560"},{"taxonomy":"product_cat","embeddable":true,"href":"https:\/\/mmkriepas.lv\/en\/wp-json\/wp\/v2\/product_cat?post=69560"},{"taxonomy":"product_tag","embeddable":true,"href":"https:\/\/mmkriepas.lv\/en\/wp-json\/wp\/v2\/product_tag?post=69560"}],"curies":[{"name":"wp","href":"https:\/\/api.w.org\/{rel}","templated":true}]}}