{"id":692064,"date":"2023-04-12T01:20:22","date_gmt":"2023-04-11T22:20:22","guid":{"rendered":"https:\/\/mmkserviss.lv\/?post_type=product&#038;p=692064"},"modified":"2026-04-05T20:15:03","modified_gmt":"2026-04-05T17:15:03","slug":"225-50r17-pirelli-cinturato-p7-blue-94h","status":"publish","type":"product","link":"https:\/\/mmkriepas.lv\/en\/p\/225-50r17-pirelli-cinturato-p7-blue-94h\/","title":{"rendered":"225\/50R17 Pirelli Cinturato P7 Blue 94H"},"content":{"rendered":"<p style=\"margin: 12.0pt 0cm 12.0pt 0cm;\"><b><span style=\"font-family: 'Arial',sans-serif; color: black;\">Pirelli Cinturato P7 Blue <\/span><\/b><span style=\"font-family: 'Arial',sans-serif; color: black;\">ir<b> <\/b>augstas veiktsp\u0113jas<b> <\/b>premium klases vasaras riepu modelis, kas paredz\u0113ts vid\u0113jiem un lieliem sedaniem. <\/span><span style=\"font-family: 'Arial',sans-serif;\">Blue versija, kas ieviesta papildus Cinturato P7, ir paredz\u0113ta, lai sasniegtu ES mar\u0137\u0113juma augst\u0101k\u0101s klases gan bremz\u0113\u0161anas uz slapja ce\u013ca seguma, gan rites pretest\u012bbas jom\u0101.<\/span><o:p><\/o:p><\/p>\n<h3 style=\"margin: 14.0pt 0cm 4.0pt 0cm;\"><span style=\"font-size: 13.0pt; font-family: 'Arial',sans-serif; color: black;\">Cinturato P7 Blue galven\u0101s \u012bpa\u0161\u012bbas<\/span><u1:p><\/u1:p><o:p><\/o:p><\/h3>\n<p style=\"margin: 12.0pt 0cm 12.0pt 0cm;\"><span style=\"font-family: 'Arial',sans-serif; color: black;\">+ Izcila sa\u0137ere gan ar sausu, gan slapju asfaltu, k\u0101 ar\u012b samazin\u0101ts akvaplan\u0113\u0161anas risks.<\/span><u1:p><\/u1:p><o:p><\/o:p><\/p>\n<p style=\"margin: 12.0pt 0cm 12.0pt 0cm;\"><span style=\"font-family: 'Arial',sans-serif; color: black;\">+ Samazin\u0101ts degvielas pat\u0113ri\u0146\u0161, pateicoties \u012bpa\u0161ai riepas konstrukcijai.<\/span><u1:p><\/u1:p><o:p><\/o:p><\/p>\n<p style=\"margin: 12.0pt 0cm 12.0pt 0cm;\"><span style=\"font-family: 'Arial',sans-serif; color: black;\">+ Uzlabots gumijas sast\u0101vs augst\u0101kai nodilumiztur\u012bbai. <\/span><u1:p><\/u1:p><o:p><\/o:p><\/p>\n<p style=\"margin: 12.0pt 0cm 12.0pt 0cm;\"><span style=\"font-family: 'Arial',sans-serif; color: black;\">+ Uzlabota bremz\u0113\u0161anas veiksp\u0113ja slapjos <o:p><\/o:p><\/span><\/p>\n<p style=\"margin: 12.0pt 0cm 12.0pt 0cm;\"><span style=\"font-family: 'Arial',sans-serif; color: black;\">+ Akustiskais komforts.<o:p><\/o:p><\/span><\/p>\n<p style=\"margin: 12.0pt 0cm 12.0pt 0cm;\"><b><span style=\"font-family: 'Arial',sans-serif; color: black;\">Cinturato P7 Blue raksturojums<\/span><o:p><\/o:p><\/b><\/p>\n<p style=\"margin: 12.0pt 0cm 12.0pt 0cm;\"><b><span style=\"font-family: 'Arial',sans-serif; color: black;\">Pirelli Cinturato P7 Blue <\/span><\/b><span style=\"font-family: 'Arial',sans-serif; color: black;\">konstrukcijai izmantoti atviegloti, bet iztur\u012bgi sint\u0113tiskie materi\u0101li, padarot riepu viegl\u0101ku un likumsakar\u012bgi &#8211; samazinot rites pretest\u012bbu un degvielas pat\u0113ri\u0146u. Savuk\u0101rt, riepu gumijas sast\u0101vs papildin\u0101ts ar elastrom\u0113riem, kas \u013cauj saglab\u0101t sa\u0137eres \u012bpa\u0161\u012bbas pat intens\u012bvos ekspluat\u0101cijas apst\u0101k\u013cos, k\u0101 ar\u012b sl\u0101p\u0113 ska\u0146u. <o:p><\/o:p><\/span><\/p>\n<p style=\"margin: 12.0pt 0cm 12.0pt 0cm;\"><span style=\"font-family: 'Arial',sans-serif; color: black;\">Starp asimetriski izvietotaj\u0101m protektora josl\u0101m iestr\u0101d\u0101ta ar jaun\u0101kaj\u0101m tehnolo\u0123ij\u0101m bru\u0146ota dren\u0101\u017eas kan\u0101lu sist\u0113ma. T\u0101 lieliski izvada \u016bdeni no riepu kontakta virsmas ar ce\u013cu, b\u016btiski samazinot akvaplan\u0113\u0161anas risku.<\/span><o:p><\/o:p><\/p>\n","protected":false},"excerpt":{"rendered":"<p style=\"margin: 12.0pt 0cm 12.0pt 0cm;\"><b><span style=\"font-family: 'Arial',sans-serif; color: black;\">Pirelli Cinturato P7 Blue <\/span><\/b><span style=\"font-family: 'Arial',sans-serif; color: black;\">ir<b> <\/b>augstas veiktsp\u0113jas<b> <\/b>premium klases vasaras riepu modelis, kas paredz\u0113ts vid\u0113jiem un lieliem sedaniem. <\/span><span style=\"font-family: 'Arial',sans-serif;\">Blue versija, kas ieviesta papildus Cinturato P7, ir paredz\u0113ta, lai sasniegtu ES mar\u0137\u0113juma augst\u0101k\u0101s klases gan bremz\u0113\u0161anas uz slapja ce\u013ca seguma, gan rites pretest\u012bbas jom\u0101.<\/span><o:p><\/o:p><\/p>\n","protected":false},"featured_media":692063,"template":"","meta":{"_acf_changed":false,"ngg_post_thumbnail":0},"product_brand":[],"product_cat":[46],"product_tag":[],"class_list":{"0":"post-692064","1":"product","2":"type-product","3":"status-publish","4":"has-post-thumbnail","6":"product_cat-vasaras-riepas","8":"first","9":"instock","10":"sale","11":"taxable","12":"shipping-taxable","13":"purchasable","14":"product-type-simple"},"acf":[],"yoast_head":"<!-- This site is optimized with the Yoast SEO Premium plugin v22.6 (Yoast SEO v27.3) - https:\/\/yoast.com\/product\/yoast-seo-premium-wordpress\/ -->\n<title>225\/50R17 Pirelli Cinturato P7 Blue 94H &#8226; MMK Riepas<\/title>\n<meta name=\"robots\" content=\"index, follow, max-snippet:-1, max-image-preview:large, max-video-preview:-1\" \/>\n<link rel=\"canonical\" href=\"https:\/\/mmkriepas.lv\/en\/p\/225-50r17-pirelli-cinturato-p7-blue-94h\/\" \/>\n<meta property=\"og:locale\" content=\"en_US\" \/>\n<meta property=\"og:type\" content=\"article\" \/>\n<meta property=\"og:title\" content=\"225\/50R17 Pirelli Cinturato P7 Blue 94H\" \/>\n<meta property=\"og:description\" content=\"Pirelli Cinturato P7 Blue ir augstas veiktsp\u0113jas premium klases vasaras riepu modelis, kas paredz\u0113ts vid\u0113jiem un lieliem sedaniem. Blue versija, kas ieviesta papildus Cinturato P7, ir paredz\u0113ta, lai sasniegtu ES mar\u0137\u0113juma augst\u0101k\u0101s klases gan bremz\u0113\u0161anas uz slapja ce\u013ca seguma, gan rites pretest\u012bbas jom\u0101.\" \/>\n<meta property=\"og:url\" content=\"https:\/\/mmkriepas.lv\/en\/p\/225-50r17-pirelli-cinturato-p7-blue-94h\/\" \/>\n<meta property=\"og:site_name\" content=\"MMK Riepas\" \/>\n<meta property=\"article:publisher\" content=\"https:\/\/www.facebook.com\/mmkserviss\/\" \/>\n<meta property=\"article:modified_time\" content=\"2026-04-05T17:15:03+00:00\" \/>\n<meta property=\"og:image\" content=\"https:\/\/mmkriepas.lv\/wp-content\/uploads\/2023\/04\/22550r17-pirelli-p7-blue-94h-vasaras-riepas.jpg\" \/>\n\t<meta property=\"og:image:width\" content=\"188\" \/>\n\t<meta property=\"og:image:height\" content=\"247\" \/>\n\t<meta property=\"og:image:type\" content=\"image\/jpeg\" \/>\n<meta name=\"twitter:card\" content=\"summary_large_image\" \/>\n<meta name=\"twitter:label1\" content=\"Price\" \/>\n\t<meta name=\"twitter:data1\" content=\"&euro;136.00\" \/>\n\t<meta name=\"twitter:label2\" content=\"Availability\" \/>\n\t<meta name=\"twitter:data2\" content=\"In stock\" \/>\n<script type=\"application\/ld+json\" class=\"yoast-schema-graph\">{\"@context\":\"https:\\\/\\\/schema.org\",\"@graph\":[{\"@type\":\"WebPage\",\"@id\":\"https:\\\/\\\/mmkriepas.lv\\\/en\\\/p\\\/225-50r17-pirelli-cinturato-p7-blue-94h\\\/\",\"url\":\"https:\\\/\\\/mmkriepas.lv\\\/en\\\/p\\\/225-50r17-pirelli-cinturato-p7-blue-94h\\\/\",\"name\":\"225\\\/50R17 Pirelli Cinturato P7 Blue 94H &#8226; MMK Riepas\",\"isPartOf\":{\"@id\":\"https:\\\/\\\/mmkriepas.lv\\\/en\\\/#website\"},\"primaryImageOfPage\":{\"@id\":\"https:\\\/\\\/mmkriepas.lv\\\/en\\\/p\\\/225-50r17-pirelli-cinturato-p7-blue-94h\\\/#primaryimage\"},\"image\":{\"@id\":\"https:\\\/\\\/mmkriepas.lv\\\/en\\\/p\\\/225-50r17-pirelli-cinturato-p7-blue-94h\\\/#primaryimage\"},\"thumbnailUrl\":\"https:\\\/\\\/mmkriepas.lv\\\/wp-content\\\/uploads\\\/2023\\\/04\\\/22550r17-pirelli-p7-blue-94h-vasaras-riepas.jpg\",\"datePublished\":\"2023-04-11T22:20:22+00:00\",\"dateModified\":\"2026-04-05T17:15:03+00:00\",\"breadcrumb\":{\"@id\":\"https:\\\/\\\/mmkriepas.lv\\\/en\\\/p\\\/225-50r17-pirelli-cinturato-p7-blue-94h\\\/#breadcrumb\"},\"inLanguage\":\"en-US\",\"potentialAction\":[{\"@type\":\"ReadAction\",\"target\":[\"https:\\\/\\\/mmkriepas.lv\\\/en\\\/p\\\/225-50r17-pirelli-cinturato-p7-blue-94h\\\/\"]}]},{\"@type\":\"ImageObject\",\"inLanguage\":\"en-US\",\"@id\":\"https:\\\/\\\/mmkriepas.lv\\\/en\\\/p\\\/225-50r17-pirelli-cinturato-p7-blue-94h\\\/#primaryimage\",\"url\":\"https:\\\/\\\/mmkriepas.lv\\\/wp-content\\\/uploads\\\/2023\\\/04\\\/22550r17-pirelli-p7-blue-94h-vasaras-riepas.jpg\",\"contentUrl\":\"https:\\\/\\\/mmkriepas.lv\\\/wp-content\\\/uploads\\\/2023\\\/04\\\/22550r17-pirelli-p7-blue-94h-vasaras-riepas.jpg\",\"width\":188,\"height\":247,\"caption\":\"225\\\/50R17 Pirelli P7 Blue 94H - Vasaras riepas\"},{\"@type\":\"BreadcrumbList\",\"@id\":\"https:\\\/\\\/mmkriepas.lv\\\/en\\\/p\\\/225-50r17-pirelli-cinturato-p7-blue-94h\\\/#breadcrumb\",\"itemListElement\":[{\"@type\":\"ListItem\",\"position\":1,\"name\":\"S\u0101kums\",\"item\":\"https:\\\/\\\/mmkriepas.lv\\\/en\\\/\"},{\"@type\":\"ListItem\",\"position\":2,\"name\":\"225\\\/50R17 Pirelli Cinturato P7 Blue 94H\"}]},{\"@type\":\"WebSite\",\"@id\":\"https:\\\/\\\/mmkriepas.lv\\\/en\\\/#website\",\"url\":\"https:\\\/\\\/mmkriepas.lv\\\/en\\\/\",\"name\":\"MMK Riepas\",\"description\":\"MMK Riepas\",\"alternateName\":\"MMK Riepu Serviss\",\"potentialAction\":[{\"@type\":\"SearchAction\",\"target\":{\"@type\":\"EntryPoint\",\"urlTemplate\":\"https:\\\/\\\/mmkriepas.lv\\\/en\\\/?s={search_term_string}\"},\"query-input\":{\"@type\":\"PropertyValueSpecification\",\"valueRequired\":true,\"valueName\":\"search_term_string\"}}],\"inLanguage\":\"en-US\"},{\"@type\":\"ImageObject\",\"inLanguage\":\"en-US\",\"@id\":\"https:\\\/\\\/mmkriepas.lv\\\/en\\\/p\\\/225-50r17-pirelli-cinturato-p7-blue-94h\\\/#local-main-organization-logo\",\"url\":\"\",\"contentUrl\":\"\",\"caption\":\"MMK Riepas\"}]}<\/script>\n<meta property=\"product:brand\" content=\"Pirelli CINTURATO P7 Blue\" \/>\n<meta property=\"product:price:amount\" content=\"136.00\" \/>\n<meta property=\"product:price:currency\" content=\"EUR\" \/>\n<meta property=\"og:availability\" content=\"instock\" \/>\n<meta property=\"product:availability\" content=\"instock\" \/>\n<meta property=\"product:retailer_item_id\" content=\"TS2255017Pirel-E25967\" \/>\n<meta property=\"product:condition\" content=\"new\" \/>\n<!-- \/ Yoast SEO Premium plugin. -->","yoast_head_json":{"title":"225\/50R17 Pirelli Cinturato P7 Blue 94H &#8226; MMK Riepas","robots":{"index":"index","follow":"follow","max-snippet":"max-snippet:-1","max-image-preview":"max-image-preview:large","max-video-preview":"max-video-preview:-1"},"canonical":"https:\/\/mmkriepas.lv\/en\/p\/225-50r17-pirelli-cinturato-p7-blue-94h\/","og_locale":"en_US","og_type":"article","og_title":"225\/50R17 Pirelli Cinturato P7 Blue 94H","og_description":"Pirelli Cinturato P7 Blue ir augstas veiktsp\u0113jas premium klases vasaras riepu modelis, kas paredz\u0113ts vid\u0113jiem un lieliem sedaniem. Blue versija, kas ieviesta papildus Cinturato P7, ir paredz\u0113ta, lai sasniegtu ES mar\u0137\u0113juma augst\u0101k\u0101s klases gan bremz\u0113\u0161anas uz slapja ce\u013ca seguma, gan rites pretest\u012bbas jom\u0101.","og_url":"https:\/\/mmkriepas.lv\/en\/p\/225-50r17-pirelli-cinturato-p7-blue-94h\/","og_site_name":"MMK Riepas","article_publisher":"https:\/\/www.facebook.com\/mmkserviss\/","article_modified_time":"2026-04-05T17:15:03+00:00","og_image":[{"width":188,"height":247,"url":"https:\/\/mmkriepas.lv\/wp-content\/uploads\/2023\/04\/22550r17-pirelli-p7-blue-94h-vasaras-riepas.jpg","type":"image\/jpeg"}],"twitter_card":"summary_large_image","twitter_misc":{"Price":"&euro;136.00","Availability":"In stock"},"schema":{"@context":"https:\/\/schema.org","@graph":[{"@type":"WebPage","@id":"https:\/\/mmkriepas.lv\/en\/p\/225-50r17-pirelli-cinturato-p7-blue-94h\/","url":"https:\/\/mmkriepas.lv\/en\/p\/225-50r17-pirelli-cinturato-p7-blue-94h\/","name":"225\/50R17 Pirelli Cinturato P7 Blue 94H &#8226; MMK Riepas","isPartOf":{"@id":"https:\/\/mmkriepas.lv\/en\/#website"},"primaryImageOfPage":{"@id":"https:\/\/mmkriepas.lv\/en\/p\/225-50r17-pirelli-cinturato-p7-blue-94h\/#primaryimage"},"image":{"@id":"https:\/\/mmkriepas.lv\/en\/p\/225-50r17-pirelli-cinturato-p7-blue-94h\/#primaryimage"},"thumbnailUrl":"https:\/\/mmkriepas.lv\/wp-content\/uploads\/2023\/04\/22550r17-pirelli-p7-blue-94h-vasaras-riepas.jpg","datePublished":"2023-04-11T22:20:22+00:00","dateModified":"2026-04-05T17:15:03+00:00","breadcrumb":{"@id":"https:\/\/mmkriepas.lv\/en\/p\/225-50r17-pirelli-cinturato-p7-blue-94h\/#breadcrumb"},"inLanguage":"en-US","potentialAction":[{"@type":"ReadAction","target":["https:\/\/mmkriepas.lv\/en\/p\/225-50r17-pirelli-cinturato-p7-blue-94h\/"]}]},{"@type":"ImageObject","inLanguage":"en-US","@id":"https:\/\/mmkriepas.lv\/en\/p\/225-50r17-pirelli-cinturato-p7-blue-94h\/#primaryimage","url":"https:\/\/mmkriepas.lv\/wp-content\/uploads\/2023\/04\/22550r17-pirelli-p7-blue-94h-vasaras-riepas.jpg","contentUrl":"https:\/\/mmkriepas.lv\/wp-content\/uploads\/2023\/04\/22550r17-pirelli-p7-blue-94h-vasaras-riepas.jpg","width":188,"height":247,"caption":"225\/50R17 Pirelli P7 Blue 94H - Vasaras riepas"},{"@type":"BreadcrumbList","@id":"https:\/\/mmkriepas.lv\/en\/p\/225-50r17-pirelli-cinturato-p7-blue-94h\/#breadcrumb","itemListElement":[{"@type":"ListItem","position":1,"name":"S\u0101kums","item":"https:\/\/mmkriepas.lv\/en\/"},{"@type":"ListItem","position":2,"name":"225\/50R17 Pirelli Cinturato P7 Blue 94H"}]},{"@type":"WebSite","@id":"https:\/\/mmkriepas.lv\/en\/#website","url":"https:\/\/mmkriepas.lv\/en\/","name":"MMK Riepas","description":"MMK Riepas","alternateName":"MMK Riepu Serviss","potentialAction":[{"@type":"SearchAction","target":{"@type":"EntryPoint","urlTemplate":"https:\/\/mmkriepas.lv\/en\/?s={search_term_string}"},"query-input":{"@type":"PropertyValueSpecification","valueRequired":true,"valueName":"search_term_string"}}],"inLanguage":"en-US"},{"@type":"ImageObject","inLanguage":"en-US","@id":"https:\/\/mmkriepas.lv\/en\/p\/225-50r17-pirelli-cinturato-p7-blue-94h\/#local-main-organization-logo","url":"","contentUrl":"","caption":"MMK Riepas"}]},"product_brand":"Pirelli CINTURATO P7 Blue","product_price_amount":"136.00","product_price_currency":"EUR","og_availability":"instock","product_availability":"instock","product_retailer_item_id":"TS2255017Pirel-E25967","product_condition":"new"},"_links":{"self":[{"href":"https:\/\/mmkriepas.lv\/en\/wp-json\/wp\/v2\/product\/692064","targetHints":{"allow":["GET"]}}],"collection":[{"href":"https:\/\/mmkriepas.lv\/en\/wp-json\/wp\/v2\/product"}],"about":[{"href":"https:\/\/mmkriepas.lv\/en\/wp-json\/wp\/v2\/types\/product"}],"wp:featuredmedia":[{"embeddable":true,"href":"https:\/\/mmkriepas.lv\/en\/wp-json\/wp\/v2\/media\/692063"}],"wp:attachment":[{"href":"https:\/\/mmkriepas.lv\/en\/wp-json\/wp\/v2\/media?parent=692064"}],"wp:term":[{"taxonomy":"product_brand","embeddable":true,"href":"https:\/\/mmkriepas.lv\/en\/wp-json\/wp\/v2\/product_brand?post=692064"},{"taxonomy":"product_cat","embeddable":true,"href":"https:\/\/mmkriepas.lv\/en\/wp-json\/wp\/v2\/product_cat?post=692064"},{"taxonomy":"product_tag","embeddable":true,"href":"https:\/\/mmkriepas.lv\/en\/wp-json\/wp\/v2\/product_tag?post=692064"}],"curies":[{"name":"wp","href":"https:\/\/api.w.org\/{rel}","templated":true}]}}