{"id":69203,"date":"2018-09-10T11:12:46","date_gmt":"2018-09-10T08:12:46","guid":{"rendered":"https:\/\/mmkserviss.lv\/?post_type=product&#038;p=69203"},"modified":"2025-02-12T22:01:35","modified_gmt":"2025-02-12T20:01:35","slug":"20570r15-sailun-winter-pro-sw61-96t","status":"publish","type":"product","link":"https:\/\/mmkriepas.lv\/en\/p\/20570r15-sailun-winter-pro-sw61-96t\/","title":{"rendered":"205\/70R15 Sailun Winterpro SW61 96T DOT19"},"content":{"rendered":"<p><strong>SAILUN Winterpro SW61<\/strong> ir m\u012bkst\u0101 sast\u0101va ziemas riepa vieglaj\u0101m un sportisk\u0101 tipa automa\u0161\u012bn\u0101m. \u0160ai riepai Sailun ra\u017eot\u0101js ir izv\u0113l\u0113jies asimetrisko protektora rakstu, kas efekt\u012bvi novada gan sniegu, gan \u016bdeni, <strong>uzlabojot vad\u012bbu un samazinot bremz\u0113\u0161anas ce\u013cu<\/strong>.<\/p>\n<h3><strong>SAILUN Winterpro SW61 galven\u0101s iez\u012bmes<\/strong><\/h3>\n<p>+ Teicama sa\u0137ere snieg\u0101 un uz ledus, + Izteikts akustiskais komforts, + Zema rites pretest\u012bba, rezult\u0113joties degvielas ekonomij\u0101, + Augstv\u0113rt\u012bgs kompoz\u012btmateri\u0101ls, kas nezaud\u0113 elast\u012bbu pla\u0161\u0101 temperat\u016bru diapazon\u0101.<\/p>\n<h3>SW61 apr\u012bkojums<\/h3>\n<p>Asimetriskais protektora raksts tiek izv\u0113l\u0113ts, radot riepu kur katra t\u0101s atsevi\u0161\u0137\u0101 da\u013ca pilda konkr\u0113tu uzdevumu, kop\u0101 radot maksimal\u0101s veiktsp\u0113jas riepu. Iek\u0161malai tiek pielietots Z veida raksts, lai palieliln\u0101tu kontakta laukumu un paaugstin\u0101tu sa\u0137eri ar ce\u013ca segumu. Vi\u013c\u0146veid\u012bg\u0101s rievas samazina riepas rad\u012bto troksni. Riepas garenaj\u0101s riev\u0101s novietotie horizont\u0101lie \u201ctilti\u0146i\u201d pal\u012bdz sa\u0161\u0137elt sniegu un \u016bdeni, atvieglojot sniega un \u016bdens novadi. Protektora bloki un horizont\u0101l\u0101s lameles atbild par vilkmi uz sniega un ledus. \u0160\u012bs lameles ir savstarp\u0113ji savienotas, tas <strong>nodro\u0161ina riepas bloku stingr\u012bbu un iztur\u012bbu pret boj\u0101jumiem<\/strong>.<\/p>\n","protected":false},"excerpt":{"rendered":"<p><strong>Sailun Winterpro SW61 &#8211;\u00a0<\/strong>Skandin\u0101vijas tipa jeb m\u012bkst\u0101 sast\u0101va ziemas riepas ar teicamu sa\u0137eri gan snieg\u0101, gan uz ledus. Teicama nodilumiztur\u012bba un degvielas ekonomija.<\/p>\n","protected":false},"featured_media":836976,"template":"","meta":{"_acf_changed":false,"ngg_post_thumbnail":0},"product_brand":[],"product_cat":[47,45],"product_tag":[],"class_list":{"0":"post-69203","1":"product","2":"type-product","3":"status-publish","4":"has-post-thumbnail","6":"product_cat-vissezonas-riepas","7":"product_cat-ziemas-riepas","9":"first","10":"outofstock","11":"taxable","12":"shipping-taxable","13":"product-type-simple"},"acf":[],"yoast_head":"<!-- This site is optimized with the Yoast SEO Premium plugin v22.6 (Yoast SEO v27.3) - https:\/\/yoast.com\/product\/yoast-seo-premium-wordpress\/ -->\n<title>205\/70R15 Sailun Winterpro SW61 96T DOT19 &#8226; MMK Riepas<\/title>\n<meta name=\"description\" content=\"Sailun Winterpro SW61 ir izcili piem\u0113rots Latvijas ziem\u0101m! Sailun riepas pieejamas pla\u0161\u0101 kl\u0101sta uz vietas abos MMK Riepu Servisos R\u012bg\u0101!\" \/>\n<meta name=\"robots\" content=\"index, follow, max-snippet:-1, max-image-preview:large, max-video-preview:-1\" \/>\n<link rel=\"canonical\" href=\"https:\/\/mmkriepas.lv\/en\/p\/20570r15-sailun-winter-pro-sw61-96t\/\" \/>\n<meta property=\"og:locale\" content=\"en_US\" \/>\n<meta property=\"og:type\" content=\"article\" \/>\n<meta property=\"og:title\" content=\"205\/70R15 Sailun Winterpro SW61 96T DOT19\" \/>\n<meta property=\"og:description\" content=\"Sailun Winterpro SW61 ir izcili piem\u0113rots Latvijas ziem\u0101m! Sailun riepas pieejamas pla\u0161\u0101 kl\u0101sta uz vietas abos MMK Riepu Servisos R\u012bg\u0101!\" \/>\n<meta property=\"og:url\" content=\"https:\/\/mmkriepas.lv\/en\/p\/20570r15-sailun-winter-pro-sw61-96t\/\" \/>\n<meta property=\"og:site_name\" content=\"MMK Riepas\" \/>\n<meta property=\"article:publisher\" content=\"https:\/\/www.facebook.com\/mmkserviss\/\" \/>\n<meta property=\"article:modified_time\" content=\"2025-02-12T20:01:35+00:00\" \/>\n<meta property=\"og:image\" content=\"https:\/\/mmkriepas.lv\/wp-content\/uploads\/2023\/12\/20570r15-sailun-winterpro-sw61-96t-dot19-ziemas-riepas.jpg\" \/>\n\t<meta property=\"og:image:width\" content=\"1920\" \/>\n\t<meta property=\"og:image:height\" content=\"1920\" \/>\n\t<meta property=\"og:image:type\" content=\"image\/jpeg\" \/>\n<meta name=\"twitter:card\" content=\"summary_large_image\" \/>\n<meta name=\"twitter:label1\" content=\"Price\" \/>\n\t<meta name=\"twitter:data1\" content=\"&euro;42.00\" \/>\n\t<meta name=\"twitter:label2\" content=\"Availability\" \/>\n\t<meta name=\"twitter:data2\" content=\"Out of stock\" \/>\n<script type=\"application\/ld+json\" class=\"yoast-schema-graph\">{\"@context\":\"https:\\\/\\\/schema.org\",\"@graph\":[{\"@type\":\"WebPage\",\"@id\":\"https:\\\/\\\/mmkriepas.lv\\\/en\\\/p\\\/20570r15-sailun-winter-pro-sw61-96t\\\/\",\"url\":\"https:\\\/\\\/mmkriepas.lv\\\/en\\\/p\\\/20570r15-sailun-winter-pro-sw61-96t\\\/\",\"name\":\"205\\\/70R15 Sailun Winterpro SW61 96T DOT19 &#8226; MMK Riepas\",\"isPartOf\":{\"@id\":\"https:\\\/\\\/mmkriepas.lv\\\/en\\\/#website\"},\"primaryImageOfPage\":{\"@id\":\"https:\\\/\\\/mmkriepas.lv\\\/en\\\/p\\\/20570r15-sailun-winter-pro-sw61-96t\\\/#primaryimage\"},\"image\":{\"@id\":\"https:\\\/\\\/mmkriepas.lv\\\/en\\\/p\\\/20570r15-sailun-winter-pro-sw61-96t\\\/#primaryimage\"},\"thumbnailUrl\":\"https:\\\/\\\/mmkriepas.lv\\\/wp-content\\\/uploads\\\/2023\\\/12\\\/20570r15-sailun-winterpro-sw61-96t-dot19-ziemas-riepas.jpg\",\"datePublished\":\"2018-09-10T08:12:46+00:00\",\"dateModified\":\"2025-02-12T20:01:35+00:00\",\"description\":\"Sailun Winterpro SW61 ir izcili piem\u0113rots Latvijas ziem\u0101m! Sailun riepas pieejamas pla\u0161\u0101 kl\u0101sta uz vietas abos MMK Riepu Servisos R\u012bg\u0101!\",\"breadcrumb\":{\"@id\":\"https:\\\/\\\/mmkriepas.lv\\\/en\\\/p\\\/20570r15-sailun-winter-pro-sw61-96t\\\/#breadcrumb\"},\"inLanguage\":\"en-US\",\"potentialAction\":[{\"@type\":\"ReadAction\",\"target\":[\"https:\\\/\\\/mmkriepas.lv\\\/en\\\/p\\\/20570r15-sailun-winter-pro-sw61-96t\\\/\"]}]},{\"@type\":\"ImageObject\",\"inLanguage\":\"en-US\",\"@id\":\"https:\\\/\\\/mmkriepas.lv\\\/en\\\/p\\\/20570r15-sailun-winter-pro-sw61-96t\\\/#primaryimage\",\"url\":\"https:\\\/\\\/mmkriepas.lv\\\/wp-content\\\/uploads\\\/2023\\\/12\\\/20570r15-sailun-winterpro-sw61-96t-dot19-ziemas-riepas.jpg\",\"contentUrl\":\"https:\\\/\\\/mmkriepas.lv\\\/wp-content\\\/uploads\\\/2023\\\/12\\\/20570r15-sailun-winterpro-sw61-96t-dot19-ziemas-riepas.jpg\",\"width\":1920,\"height\":1920,\"caption\":\"205\\\/70R15 Sailun Winterpro SW61 96T DOT19 - Vissezonas riepas \\\/ Ziemas riepas\"},{\"@type\":\"BreadcrumbList\",\"@id\":\"https:\\\/\\\/mmkriepas.lv\\\/en\\\/p\\\/20570r15-sailun-winter-pro-sw61-96t\\\/#breadcrumb\",\"itemListElement\":[{\"@type\":\"ListItem\",\"position\":1,\"name\":\"S\u0101kums\",\"item\":\"https:\\\/\\\/mmkriepas.lv\\\/en\\\/\"},{\"@type\":\"ListItem\",\"position\":2,\"name\":\"205\\\/70R15 Sailun Winterpro SW61 96T DOT19\"}]},{\"@type\":\"WebSite\",\"@id\":\"https:\\\/\\\/mmkriepas.lv\\\/en\\\/#website\",\"url\":\"https:\\\/\\\/mmkriepas.lv\\\/en\\\/\",\"name\":\"MMK Riepas\",\"description\":\"MMK Riepas\",\"alternateName\":\"MMK Riepu Serviss\",\"potentialAction\":[{\"@type\":\"SearchAction\",\"target\":{\"@type\":\"EntryPoint\",\"urlTemplate\":\"https:\\\/\\\/mmkriepas.lv\\\/en\\\/?s={search_term_string}\"},\"query-input\":{\"@type\":\"PropertyValueSpecification\",\"valueRequired\":true,\"valueName\":\"search_term_string\"}}],\"inLanguage\":\"en-US\"},{\"@type\":\"ImageObject\",\"inLanguage\":\"en-US\",\"@id\":\"https:\\\/\\\/mmkriepas.lv\\\/en\\\/p\\\/20570r15-sailun-winter-pro-sw61-96t\\\/#local-main-organization-logo\",\"url\":\"\",\"contentUrl\":\"\",\"caption\":\"MMK Riepas\"}]}<\/script>\n<meta property=\"product:brand\" content=\"Sailun Winterpro SW61\" \/>\n<meta property=\"product:price:amount\" content=\"42.00\" \/>\n<meta property=\"product:price:currency\" content=\"EUR\" \/>\n<meta property=\"og:availability\" content=\"out of stock\" \/>\n<meta property=\"product:availability\" content=\"out of stock\" \/>\n<meta property=\"product:retailer_item_id\" content=\"TW2057015SAILU-12734\" \/>\n<meta property=\"product:condition\" content=\"new\" \/>\n<!-- \/ Yoast SEO Premium plugin. -->","yoast_head_json":{"title":"205\/70R15 Sailun Winterpro SW61 96T DOT19 &#8226; MMK Riepas","description":"Sailun Winterpro SW61 ir izcili piem\u0113rots Latvijas ziem\u0101m! Sailun riepas pieejamas pla\u0161\u0101 kl\u0101sta uz vietas abos MMK Riepu Servisos R\u012bg\u0101!","robots":{"index":"index","follow":"follow","max-snippet":"max-snippet:-1","max-image-preview":"max-image-preview:large","max-video-preview":"max-video-preview:-1"},"canonical":"https:\/\/mmkriepas.lv\/en\/p\/20570r15-sailun-winter-pro-sw61-96t\/","og_locale":"en_US","og_type":"article","og_title":"205\/70R15 Sailun Winterpro SW61 96T DOT19","og_description":"Sailun Winterpro SW61 ir izcili piem\u0113rots Latvijas ziem\u0101m! Sailun riepas pieejamas pla\u0161\u0101 kl\u0101sta uz vietas abos MMK Riepu Servisos R\u012bg\u0101!","og_url":"https:\/\/mmkriepas.lv\/en\/p\/20570r15-sailun-winter-pro-sw61-96t\/","og_site_name":"MMK Riepas","article_publisher":"https:\/\/www.facebook.com\/mmkserviss\/","article_modified_time":"2025-02-12T20:01:35+00:00","og_image":[{"width":1920,"height":1920,"url":"https:\/\/mmkriepas.lv\/wp-content\/uploads\/2023\/12\/20570r15-sailun-winterpro-sw61-96t-dot19-ziemas-riepas.jpg","type":"image\/jpeg"}],"twitter_card":"summary_large_image","twitter_misc":{"Price":"&euro;42.00","Availability":"Out of stock"},"schema":{"@context":"https:\/\/schema.org","@graph":[{"@type":"WebPage","@id":"https:\/\/mmkriepas.lv\/en\/p\/20570r15-sailun-winter-pro-sw61-96t\/","url":"https:\/\/mmkriepas.lv\/en\/p\/20570r15-sailun-winter-pro-sw61-96t\/","name":"205\/70R15 Sailun Winterpro SW61 96T DOT19 &#8226; MMK Riepas","isPartOf":{"@id":"https:\/\/mmkriepas.lv\/en\/#website"},"primaryImageOfPage":{"@id":"https:\/\/mmkriepas.lv\/en\/p\/20570r15-sailun-winter-pro-sw61-96t\/#primaryimage"},"image":{"@id":"https:\/\/mmkriepas.lv\/en\/p\/20570r15-sailun-winter-pro-sw61-96t\/#primaryimage"},"thumbnailUrl":"https:\/\/mmkriepas.lv\/wp-content\/uploads\/2023\/12\/20570r15-sailun-winterpro-sw61-96t-dot19-ziemas-riepas.jpg","datePublished":"2018-09-10T08:12:46+00:00","dateModified":"2025-02-12T20:01:35+00:00","description":"Sailun Winterpro SW61 ir izcili piem\u0113rots Latvijas ziem\u0101m! Sailun riepas pieejamas pla\u0161\u0101 kl\u0101sta uz vietas abos MMK Riepu Servisos R\u012bg\u0101!","breadcrumb":{"@id":"https:\/\/mmkriepas.lv\/en\/p\/20570r15-sailun-winter-pro-sw61-96t\/#breadcrumb"},"inLanguage":"en-US","potentialAction":[{"@type":"ReadAction","target":["https:\/\/mmkriepas.lv\/en\/p\/20570r15-sailun-winter-pro-sw61-96t\/"]}]},{"@type":"ImageObject","inLanguage":"en-US","@id":"https:\/\/mmkriepas.lv\/en\/p\/20570r15-sailun-winter-pro-sw61-96t\/#primaryimage","url":"https:\/\/mmkriepas.lv\/wp-content\/uploads\/2023\/12\/20570r15-sailun-winterpro-sw61-96t-dot19-ziemas-riepas.jpg","contentUrl":"https:\/\/mmkriepas.lv\/wp-content\/uploads\/2023\/12\/20570r15-sailun-winterpro-sw61-96t-dot19-ziemas-riepas.jpg","width":1920,"height":1920,"caption":"205\/70R15 Sailun Winterpro SW61 96T DOT19 - Vissezonas riepas \/ Ziemas riepas"},{"@type":"BreadcrumbList","@id":"https:\/\/mmkriepas.lv\/en\/p\/20570r15-sailun-winter-pro-sw61-96t\/#breadcrumb","itemListElement":[{"@type":"ListItem","position":1,"name":"S\u0101kums","item":"https:\/\/mmkriepas.lv\/en\/"},{"@type":"ListItem","position":2,"name":"205\/70R15 Sailun Winterpro SW61 96T DOT19"}]},{"@type":"WebSite","@id":"https:\/\/mmkriepas.lv\/en\/#website","url":"https:\/\/mmkriepas.lv\/en\/","name":"MMK Riepas","description":"MMK Riepas","alternateName":"MMK Riepu Serviss","potentialAction":[{"@type":"SearchAction","target":{"@type":"EntryPoint","urlTemplate":"https:\/\/mmkriepas.lv\/en\/?s={search_term_string}"},"query-input":{"@type":"PropertyValueSpecification","valueRequired":true,"valueName":"search_term_string"}}],"inLanguage":"en-US"},{"@type":"ImageObject","inLanguage":"en-US","@id":"https:\/\/mmkriepas.lv\/en\/p\/20570r15-sailun-winter-pro-sw61-96t\/#local-main-organization-logo","url":"","contentUrl":"","caption":"MMK Riepas"}]},"product_brand":"Sailun Winterpro SW61","product_price_amount":"42.00","product_price_currency":"EUR","og_availability":"out of stock","product_availability":"out of stock","product_retailer_item_id":"TW2057015SAILU-12734","product_condition":"new"},"_links":{"self":[{"href":"https:\/\/mmkriepas.lv\/en\/wp-json\/wp\/v2\/product\/69203","targetHints":{"allow":["GET"]}}],"collection":[{"href":"https:\/\/mmkriepas.lv\/en\/wp-json\/wp\/v2\/product"}],"about":[{"href":"https:\/\/mmkriepas.lv\/en\/wp-json\/wp\/v2\/types\/product"}],"wp:featuredmedia":[{"embeddable":true,"href":"https:\/\/mmkriepas.lv\/en\/wp-json\/wp\/v2\/media\/836976"}],"wp:attachment":[{"href":"https:\/\/mmkriepas.lv\/en\/wp-json\/wp\/v2\/media?parent=69203"}],"wp:term":[{"taxonomy":"product_brand","embeddable":true,"href":"https:\/\/mmkriepas.lv\/en\/wp-json\/wp\/v2\/product_brand?post=69203"},{"taxonomy":"product_cat","embeddable":true,"href":"https:\/\/mmkriepas.lv\/en\/wp-json\/wp\/v2\/product_cat?post=69203"},{"taxonomy":"product_tag","embeddable":true,"href":"https:\/\/mmkriepas.lv\/en\/wp-json\/wp\/v2\/product_tag?post=69203"}],"curies":[{"name":"wp","href":"https:\/\/api.w.org\/{rel}","templated":true}]}}