{"id":69151,"date":"2018-09-08T13:22:56","date_gmt":"2018-09-08T10:22:56","guid":{"rendered":"https:\/\/mmkserviss.lv\/?post_type=product&#038;p=69151"},"modified":"2026-03-27T22:54:28","modified_gmt":"2026-03-27T20:54:28","slug":"205-55r16-sailun-ice-blazer-alpine-91t-19","status":"publish","type":"product","link":"https:\/\/mmkriepas.lv\/en\/p\/205-55r16-sailun-ice-blazer-alpine-91t-19\/","title":{"rendered":"205\/55R16 Sailun Ice Blazer Alpine+ 94H XL"},"content":{"rendered":"<p><strong>Sailun Ice Blazer Alpine+<\/strong> ir augstas veiktsp\u0113jas (High Performance) ziemas riepa vieglaj\u0101m automa\u0161\u012bn\u0101m. Laba vad\u0101m\u012bba uz sausa, sniegota un apledoju\u0161a ce\u013ca. Jaunais riepas dizains samazina rad\u012bto troksni un palielina nodilumiztur\u012bbu. <strong>V-tipa<\/strong> <strong>virzienveida<\/strong> <strong>protektora raksts<\/strong> samazina akvaplan\u0113\u0161anas iesp\u0113ju, k\u0101 ar\u012b uzlabo bremz\u0113\u0161anu un vilkmi snieg\u0101.<\/p>\n<p>Simetrisks virzienveida protektora raksts izv\u0113l\u0113ts, lai uzlabotu bremz\u0113\u0161anas r\u0101d\u012bt\u0101jus, veiktsp\u0113ju snieg\u0101 un uz apledoju\u0161a ce\u013ca, k\u0101 ar\u012b mazin\u0101tu akvaplan\u0113\u0161anas risku. Protektora dizains ir izstr\u0101d\u0101ts t\u0101, lai auto rea\u0123\u0113tu uz katru st\u016bres pagriezienu, t\u0101dej\u0101di nodro\u0161inot pat\u012bkamu <strong>brauk\u0161nas komfortu<\/strong>. Riepas sprieguma sadal\u012bjums nodro\u0161ina vienm\u0113r\u012bgu riepas nodilumu.<\/p>\n<p><strong>Sailun Ice Blazer Alpine+ galven\u0101s iez\u012bmes<\/strong><\/p>\n<p>+Augstas veiktsp\u0113jas riepa!<\/p>\n<p>+T\u00dcV sertifik\u0101cija!<\/p>\n<p><strong>+<\/strong>Uzlabots riepas gumijas sast\u0101vs!<\/p>\n<p>+Lameles, kas pal\u012bdz uzlabot sa\u0137eri ar ledu un sausin\u0101t kontakta virsmu!<\/p>\n<p><strong>+ Kvalit\u0101te atbilst cenai!<\/strong><\/p>\n<p><strong>Alpine+ apr\u012bkojums<\/strong><\/p>\n<p>Alpine+ ir jau otrais \u0136\u012bn\u0101 ra\u017eotais modelis, kas ieguvis V\u0101cijas kvalit\u0101tes z\u012bmi &#8211; <strong>T\u00dcV sertifik\u0101ciju<\/strong>, <strong>\u0136\u012bn\u0101 pagaid\u0101m ieguvis tikai Sailun.<\/strong> &#8220;T\u00dcV&#8221; <em>(Technischer \u00dcberwachungsverein)<\/em> ir neatkar\u012bga V\u0101cijas test\u0113\u0161anas un sertifik\u0101cijas organiz\u0101cija, kas darbojas jau vair\u0101k nek\u0101 150 gadus. Sertifik\u0101cija apliecina, ka produkts atbilst augstajiem T\u00dcV kvalit\u0101tes standartiem, k\u0101 ar\u012b to, ka tas ir lietot\u0101jiem dro\u0161s.\u00a0<\/p>\n<p>Lai palielin\u0101tu riepas nobraukumu, tiek izmantota <strong>&#8220;Sil\u012bcija&#8221;<\/strong> tehnolo\u0123ija, kas vienlaikus uzlabo sa\u0137eri un mazina rites pretest\u012bbu. \u0160is gumijas mais\u012bjums tiek izmantots mode\u013ciem, kuri paredz\u0113ti <strong>izmanto\u0161anai zieme\u013cu klimatiskaj\u0101s zon\u0101s<\/strong>. Tie\u0161i sil\u012bcija izmanto\u0161ana nodro\u0161ina riepas elest\u012bbas un m\u012bkst\u012bbas notur\u012bbu visa riepas m\u016b\u017ea garum\u0101.<\/p>\n","protected":false},"excerpt":{"rendered":"<p><strong>Sailun Ice Blazer Alpine+<\/strong> ir augstas veiktsp\u0113jas (High Performance) ziemas riepa vieglaj\u0101m automa\u0161\u012bn\u0101m. Laba vad\u0101m\u012bba uz sausa, sniegota un apledoju\u0161a ce\u013ca. Jaunais riepas dizains samazina rad\u012bto troksni un palielina nodilumiztur\u012bbu. <strong>V-tipa<\/strong> <strong>virzienveida<\/strong> <strong>protektora raksts<\/strong> samazina akvaplan\u0113\u0161anas iesp\u0113ju, k\u0101 ar\u012b uzlabo bremz\u0113\u0161anu un vilkmi snieg\u0101.<\/p>\n","protected":false},"featured_media":1444071,"template":"","meta":{"_acf_changed":false,"ngg_post_thumbnail":0},"product_brand":[],"product_cat":[23644,23643],"product_tag":[19634],"class_list":{"0":"post-69151","1":"product","2":"type-product","3":"status-publish","4":"has-post-thumbnail","6":"product_cat-all-season-tyres","7":"product_cat-winter-tyres","8":"product_tag-mmk","10":"first","11":"instock","12":"sale","13":"taxable","14":"shipping-taxable","15":"purchasable","16":"product-type-simple"},"acf":[],"yoast_head":"<!-- This site is optimized with the Yoast SEO Premium plugin v22.6 (Yoast SEO v27.3) - https:\/\/yoast.com\/product\/yoast-seo-premium-wordpress\/ -->\n<title>205\/55R16 Sailun Ice Blazer Alpine+ 94H XL &#8226; MMK Riepas<\/title>\n<meta name=\"description\" content=\"Sailun Ice Blazer Alpine+ ir ar T\u00dcV sertifik\u0101ciju apbalvotas ziemas\/m+s riepas. Pieejamas abos MMK Riepu Centros par vislab\u0101kaj\u0101m cen\u0101m!\" \/>\n<meta name=\"robots\" content=\"index, follow, max-snippet:-1, max-image-preview:large, max-video-preview:-1\" \/>\n<link rel=\"canonical\" href=\"https:\/\/mmkriepas.lv\/en\/p\/205-55r16-sailun-ice-blazer-alpine-91t-19\/\" \/>\n<meta property=\"og:locale\" content=\"en_US\" \/>\n<meta property=\"og:type\" content=\"article\" \/>\n<meta property=\"og:title\" content=\"205\/55R16 Sailun Ice Blazer Alpine+ 94H XL\" \/>\n<meta property=\"og:description\" content=\"Sailun Ice Blazer Alpine+ ir ar T\u00dcV sertifik\u0101ciju apbalvotas ziemas\/m+s riepas. Pieejamas abos MMK Riepu Centros par vislab\u0101kaj\u0101m cen\u0101m!\" \/>\n<meta property=\"og:url\" content=\"https:\/\/mmkriepas.lv\/en\/p\/205-55r16-sailun-ice-blazer-alpine-91t-19\/\" \/>\n<meta property=\"og:site_name\" content=\"MMK Riepas\" \/>\n<meta property=\"article:publisher\" content=\"https:\/\/www.facebook.com\/mmkserviss\/\" \/>\n<meta property=\"article:modified_time\" content=\"2026-03-27T20:54:28+00:00\" \/>\n<meta property=\"og:image\" content=\"https:\/\/mmkriepas.lv\/wp-content\/uploads\/2026\/02\/21565r16-sailun-ice-blazer-alpine-98h-ziemas-riepas.jpg\" \/>\n\t<meta property=\"og:image:width\" content=\"900\" \/>\n\t<meta property=\"og:image:height\" content=\"720\" \/>\n\t<meta property=\"og:image:type\" content=\"image\/jpeg\" \/>\n<meta name=\"twitter:card\" content=\"summary_large_image\" \/>\n<meta name=\"twitter:label1\" content=\"Price\" \/>\n\t<meta name=\"twitter:data1\" content=\"&euro;55.00\" \/>\n\t<meta name=\"twitter:label2\" content=\"Availability\" \/>\n\t<meta name=\"twitter:data2\" content=\"In stock\" \/>\n<script type=\"application\/ld+json\" class=\"yoast-schema-graph\">{\"@context\":\"https:\\\/\\\/schema.org\",\"@graph\":[{\"@type\":\"WebPage\",\"@id\":\"https:\\\/\\\/mmkriepas.lv\\\/en\\\/p\\\/205-55r16-sailun-ice-blazer-alpine-91t-19\\\/\",\"url\":\"https:\\\/\\\/mmkriepas.lv\\\/en\\\/p\\\/205-55r16-sailun-ice-blazer-alpine-91t-19\\\/\",\"name\":\"205\\\/55R16 Sailun Ice Blazer Alpine+ 94H XL &#8226; MMK Riepas\",\"isPartOf\":{\"@id\":\"https:\\\/\\\/mmkriepas.lv\\\/en\\\/#website\"},\"primaryImageOfPage\":{\"@id\":\"https:\\\/\\\/mmkriepas.lv\\\/en\\\/p\\\/205-55r16-sailun-ice-blazer-alpine-91t-19\\\/#primaryimage\"},\"image\":{\"@id\":\"https:\\\/\\\/mmkriepas.lv\\\/en\\\/p\\\/205-55r16-sailun-ice-blazer-alpine-91t-19\\\/#primaryimage\"},\"thumbnailUrl\":\"https:\\\/\\\/mmkriepas.lv\\\/wp-content\\\/uploads\\\/2026\\\/02\\\/21565r16-sailun-ice-blazer-alpine-98h-ziemas-riepas.jpg\",\"datePublished\":\"2018-09-08T10:22:56+00:00\",\"dateModified\":\"2026-03-27T20:54:28+00:00\",\"description\":\"Sailun Ice Blazer Alpine+ ir ar T\u00dcV sertifik\u0101ciju apbalvotas ziemas\\\/m+s riepas. Pieejamas abos MMK Riepu Centros par vislab\u0101kaj\u0101m cen\u0101m!\",\"breadcrumb\":{\"@id\":\"https:\\\/\\\/mmkriepas.lv\\\/en\\\/p\\\/205-55r16-sailun-ice-blazer-alpine-91t-19\\\/#breadcrumb\"},\"inLanguage\":\"en-US\",\"potentialAction\":[{\"@type\":\"ReadAction\",\"target\":[\"https:\\\/\\\/mmkriepas.lv\\\/en\\\/p\\\/205-55r16-sailun-ice-blazer-alpine-91t-19\\\/\"]}]},{\"@type\":\"ImageObject\",\"inLanguage\":\"en-US\",\"@id\":\"https:\\\/\\\/mmkriepas.lv\\\/en\\\/p\\\/205-55r16-sailun-ice-blazer-alpine-91t-19\\\/#primaryimage\",\"url\":\"https:\\\/\\\/mmkriepas.lv\\\/wp-content\\\/uploads\\\/2026\\\/02\\\/21565r16-sailun-ice-blazer-alpine-98h-ziemas-riepas.jpg\",\"contentUrl\":\"https:\\\/\\\/mmkriepas.lv\\\/wp-content\\\/uploads\\\/2026\\\/02\\\/21565r16-sailun-ice-blazer-alpine-98h-ziemas-riepas.jpg\",\"width\":900,\"height\":720,\"caption\":\"MAIN\"},{\"@type\":\"BreadcrumbList\",\"@id\":\"https:\\\/\\\/mmkriepas.lv\\\/en\\\/p\\\/205-55r16-sailun-ice-blazer-alpine-91t-19\\\/#breadcrumb\",\"itemListElement\":[{\"@type\":\"ListItem\",\"position\":1,\"name\":\"S\u0101kums\",\"item\":\"https:\\\/\\\/mmkriepas.lv\\\/en\\\/\"},{\"@type\":\"ListItem\",\"position\":2,\"name\":\"205\\\/55R16 Sailun Ice Blazer Alpine+ 94H XL\"}]},{\"@type\":\"WebSite\",\"@id\":\"https:\\\/\\\/mmkriepas.lv\\\/en\\\/#website\",\"url\":\"https:\\\/\\\/mmkriepas.lv\\\/en\\\/\",\"name\":\"MMK Riepas\",\"description\":\"MMK Riepas\",\"alternateName\":\"MMK Riepu Serviss\",\"potentialAction\":[{\"@type\":\"SearchAction\",\"target\":{\"@type\":\"EntryPoint\",\"urlTemplate\":\"https:\\\/\\\/mmkriepas.lv\\\/en\\\/?s={search_term_string}\"},\"query-input\":{\"@type\":\"PropertyValueSpecification\",\"valueRequired\":true,\"valueName\":\"search_term_string\"}}],\"inLanguage\":\"en-US\"},{\"@type\":\"ImageObject\",\"inLanguage\":\"en-US\",\"@id\":\"https:\\\/\\\/mmkriepas.lv\\\/en\\\/p\\\/205-55r16-sailun-ice-blazer-alpine-91t-19\\\/#local-main-organization-logo\",\"url\":\"\",\"contentUrl\":\"\",\"caption\":\"MMK Riepas\"}]}<\/script>\n<meta property=\"product:brand\" content=\"Sailun Ice Blazer Alpine+\" \/>\n<meta property=\"product:price:amount\" content=\"55.00\" \/>\n<meta property=\"product:price:currency\" content=\"EUR\" \/>\n<meta property=\"og:availability\" content=\"instock\" \/>\n<meta property=\"product:availability\" content=\"instock\" \/>\n<meta property=\"product:retailer_item_id\" content=\"TW2055516SAILU-38849\" \/>\n<meta property=\"product:condition\" content=\"new\" \/>\n<!-- \/ Yoast SEO Premium plugin. -->","yoast_head_json":{"title":"205\/55R16 Sailun Ice Blazer Alpine+ 94H XL &#8226; MMK Riepas","description":"Sailun Ice Blazer Alpine+ ir ar T\u00dcV sertifik\u0101ciju apbalvotas ziemas\/m+s riepas. Pieejamas abos MMK Riepu Centros par vislab\u0101kaj\u0101m cen\u0101m!","robots":{"index":"index","follow":"follow","max-snippet":"max-snippet:-1","max-image-preview":"max-image-preview:large","max-video-preview":"max-video-preview:-1"},"canonical":"https:\/\/mmkriepas.lv\/en\/p\/205-55r16-sailun-ice-blazer-alpine-91t-19\/","og_locale":"en_US","og_type":"article","og_title":"205\/55R16 Sailun Ice Blazer Alpine+ 94H XL","og_description":"Sailun Ice Blazer Alpine+ ir ar T\u00dcV sertifik\u0101ciju apbalvotas ziemas\/m+s riepas. Pieejamas abos MMK Riepu Centros par vislab\u0101kaj\u0101m cen\u0101m!","og_url":"https:\/\/mmkriepas.lv\/en\/p\/205-55r16-sailun-ice-blazer-alpine-91t-19\/","og_site_name":"MMK Riepas","article_publisher":"https:\/\/www.facebook.com\/mmkserviss\/","article_modified_time":"2026-03-27T20:54:28+00:00","og_image":[{"width":900,"height":720,"url":"https:\/\/mmkriepas.lv\/wp-content\/uploads\/2026\/02\/21565r16-sailun-ice-blazer-alpine-98h-ziemas-riepas.jpg","type":"image\/jpeg"}],"twitter_card":"summary_large_image","twitter_misc":{"Price":"&euro;55.00","Availability":"In stock"},"schema":{"@context":"https:\/\/schema.org","@graph":[{"@type":"WebPage","@id":"https:\/\/mmkriepas.lv\/en\/p\/205-55r16-sailun-ice-blazer-alpine-91t-19\/","url":"https:\/\/mmkriepas.lv\/en\/p\/205-55r16-sailun-ice-blazer-alpine-91t-19\/","name":"205\/55R16 Sailun Ice Blazer Alpine+ 94H XL &#8226; MMK Riepas","isPartOf":{"@id":"https:\/\/mmkriepas.lv\/en\/#website"},"primaryImageOfPage":{"@id":"https:\/\/mmkriepas.lv\/en\/p\/205-55r16-sailun-ice-blazer-alpine-91t-19\/#primaryimage"},"image":{"@id":"https:\/\/mmkriepas.lv\/en\/p\/205-55r16-sailun-ice-blazer-alpine-91t-19\/#primaryimage"},"thumbnailUrl":"https:\/\/mmkriepas.lv\/wp-content\/uploads\/2026\/02\/21565r16-sailun-ice-blazer-alpine-98h-ziemas-riepas.jpg","datePublished":"2018-09-08T10:22:56+00:00","dateModified":"2026-03-27T20:54:28+00:00","description":"Sailun Ice Blazer Alpine+ ir ar T\u00dcV sertifik\u0101ciju apbalvotas ziemas\/m+s riepas. Pieejamas abos MMK Riepu Centros par vislab\u0101kaj\u0101m cen\u0101m!","breadcrumb":{"@id":"https:\/\/mmkriepas.lv\/en\/p\/205-55r16-sailun-ice-blazer-alpine-91t-19\/#breadcrumb"},"inLanguage":"en-US","potentialAction":[{"@type":"ReadAction","target":["https:\/\/mmkriepas.lv\/en\/p\/205-55r16-sailun-ice-blazer-alpine-91t-19\/"]}]},{"@type":"ImageObject","inLanguage":"en-US","@id":"https:\/\/mmkriepas.lv\/en\/p\/205-55r16-sailun-ice-blazer-alpine-91t-19\/#primaryimage","url":"https:\/\/mmkriepas.lv\/wp-content\/uploads\/2026\/02\/21565r16-sailun-ice-blazer-alpine-98h-ziemas-riepas.jpg","contentUrl":"https:\/\/mmkriepas.lv\/wp-content\/uploads\/2026\/02\/21565r16-sailun-ice-blazer-alpine-98h-ziemas-riepas.jpg","width":900,"height":720,"caption":"MAIN"},{"@type":"BreadcrumbList","@id":"https:\/\/mmkriepas.lv\/en\/p\/205-55r16-sailun-ice-blazer-alpine-91t-19\/#breadcrumb","itemListElement":[{"@type":"ListItem","position":1,"name":"S\u0101kums","item":"https:\/\/mmkriepas.lv\/en\/"},{"@type":"ListItem","position":2,"name":"205\/55R16 Sailun Ice Blazer Alpine+ 94H XL"}]},{"@type":"WebSite","@id":"https:\/\/mmkriepas.lv\/en\/#website","url":"https:\/\/mmkriepas.lv\/en\/","name":"MMK Riepas","description":"MMK Riepas","alternateName":"MMK Riepu Serviss","potentialAction":[{"@type":"SearchAction","target":{"@type":"EntryPoint","urlTemplate":"https:\/\/mmkriepas.lv\/en\/?s={search_term_string}"},"query-input":{"@type":"PropertyValueSpecification","valueRequired":true,"valueName":"search_term_string"}}],"inLanguage":"en-US"},{"@type":"ImageObject","inLanguage":"en-US","@id":"https:\/\/mmkriepas.lv\/en\/p\/205-55r16-sailun-ice-blazer-alpine-91t-19\/#local-main-organization-logo","url":"","contentUrl":"","caption":"MMK Riepas"}]},"product_brand":"Sailun Ice Blazer Alpine+","product_price_amount":"55.00","product_price_currency":"EUR","og_availability":"instock","product_availability":"instock","product_retailer_item_id":"TW2055516SAILU-38849","product_condition":"new"},"_links":{"self":[{"href":"https:\/\/mmkriepas.lv\/en\/wp-json\/wp\/v2\/product\/69151","targetHints":{"allow":["GET"]}}],"collection":[{"href":"https:\/\/mmkriepas.lv\/en\/wp-json\/wp\/v2\/product"}],"about":[{"href":"https:\/\/mmkriepas.lv\/en\/wp-json\/wp\/v2\/types\/product"}],"wp:featuredmedia":[{"embeddable":true,"href":"https:\/\/mmkriepas.lv\/en\/wp-json\/wp\/v2\/media\/1444071"}],"wp:attachment":[{"href":"https:\/\/mmkriepas.lv\/en\/wp-json\/wp\/v2\/media?parent=69151"}],"wp:term":[{"taxonomy":"product_brand","embeddable":true,"href":"https:\/\/mmkriepas.lv\/en\/wp-json\/wp\/v2\/product_brand?post=69151"},{"taxonomy":"product_cat","embeddable":true,"href":"https:\/\/mmkriepas.lv\/en\/wp-json\/wp\/v2\/product_cat?post=69151"},{"taxonomy":"product_tag","embeddable":true,"href":"https:\/\/mmkriepas.lv\/en\/wp-json\/wp\/v2\/product_tag?post=69151"}],"curies":[{"name":"wp","href":"https:\/\/api.w.org\/{rel}","templated":true}]}}