{"id":689700,"date":"2023-04-07T10:29:11","date_gmt":"2023-04-07T07:29:11","guid":{"rendered":"https:\/\/mmkserviss.lv\/?post_type=product&#038;p=689700"},"modified":"2025-02-13T00:27:09","modified_gmt":"2025-02-12T22:27:09","slug":"215-50r17-toyo-proxes-tr1-91w-2","status":"publish","type":"product","link":"https:\/\/mmkriepas.lv\/en\/p\/215-50r17-toyo-proxes-tr1-91w-2\/","title":{"rendered":"215\/50R17 Toyo Proxes TR1 91W"},"content":{"rendered":"<p><b>Toyo Proxes TR1 <\/b><span style=\"font-weight: 400;\">ir izcilas kvalit\u0101tes, jap\u0101\u0146u premium klases UHP vasaras riepu modelis. Tas izce\u013cas ar augstiem veiktsp\u0113jas r\u0101d\u012bt\u0101jiem gan uz sausa, gan slapja asfalta, k\u0101 ar\u012b zemu degvielas pat\u0113ri\u0146u un augstu nodilumiztur\u012bbu.<\/span><\/p>\n<h3><b>Toyo Proxes TR1 galven\u0101s iez\u012bmes:<\/b><\/h3>\n<p><span style=\"font-weight: 400;\">+ UHP jeb augstas veiktsp\u0113jas vasaras riepu modelis ar vasaras riep\u0101m nerakstur\u012bgi agres\u012bvu protektora dizainu lab\u0101kai veiktsp\u0113jai lielos brauk\u0161anas \u0101trumos<\/span><span style=\"font-weight: 400;\"><br \/><\/span><span style=\"font-weight: 400;\">+ Izcila sa\u0137ere gan uz sausa, gan slapja asfalta pat dinamiskos brauk\u0161anas apst\u0101k\u013cos<\/span><span style=\"font-weight: 400;\"><br \/><\/span><span style=\"font-weight: 400;\">+ Zems akvaplan\u0113\u0161anas risks,<\/span><span style=\"font-weight: 400;\"><br \/><\/span><span style=\"font-weight: 400;\">+ Zems degvielas pat\u0113ri\u0146\u0161!<\/span><span style=\"font-weight: 400;\"><br \/><\/span><span style=\"font-weight: 400;\">+ Jap\u0101\u0146u tehnolo\u0123ijas,<\/span><span style=\"font-weight: 400;\"><br \/><\/span><span style=\"font-weight: 400;\">+ Lieli \u0101truma indeksi.<\/span><span style=\"font-weight: 400;\"><br \/><\/span><span style=\"font-weight: 400;\">+ Izteikts akustiskais un brauk\u0161anas komforts.<\/span><\/p>\n<h3><b>Proxes TR1 apr\u012bkojums<\/b><\/h3>\n<p><b>Toyo Proxes Comfort <\/b><span style=\"font-weight: 400;\">vasaras riepas apr\u012bkotas ar asimetrisko protektora rakstu. \u0160\u0101ds dizains izv\u0113l\u0113ts, jo tas sev\u012b apvieno gan augstas sa\u0137eres \u012bpa\u0161\u012bbas uz sausa un slapja asfalta, gan ar\u012b palielin\u0101tu komforta l\u012bmeni. Dizains ir vasaras riep\u0101m nerakstur\u012bgi agres\u012bvs, lai uzlabotu riepu veiktsp\u0113ju lielos brauk\u0161anas \u0101trumos.<\/span><\/p>\n<p><span style=\"font-weight: 400;\">Asimetriskais protektora dizains darin\u0101ts no augstv\u0113rt\u012bga kompoz\u012btmateri\u0101la. Tam pievienotie elastrom\u0113ri b\u016btiski paildzina riepu m\u016b\u017eu un at\u013cauj protektoram saglab\u0101t sa\u0137eres \u012bpa\u0161\u012bbas pat augst\u0101s gaisa temperat\u016br\u0101s.<\/span><\/p>\n<p><span style=\"font-weight: 400;\">Starp protektora bloku virkn\u0113m izvietota augsti att\u012bst\u012bta dren\u0101\u017eas jeb \u016bdens novadkan\u0101lu sist\u0113ma. T\u0101 \u0101tri un efekt\u012bvi atbr\u012bvo riepu protektoru no \u016bdens, b\u016btiski samazinot akvaplan\u0113\u0161anas risku. <\/span><\/p>\n","protected":false},"excerpt":{"rendered":"<p><b>Toyo Proxes TR1 <\/b><span style=\"font-weight: 400;\">ir izcilas kvalit\u0101tes, jap\u0101\u0146u premium klases UHP vasaras riepu modelis. Tas izce\u013cas ar augstiem veiktsp\u0113jas r\u0101d\u012bt\u0101jiem gan uz sausa, gan slapja asfalta, k\u0101 ar\u012b zemu degvielas pat\u0113ri\u0146u un augstu nodilumiztur\u012bbu.<\/span><\/p>\n","protected":false},"featured_media":309686,"template":"","meta":{"_acf_changed":false,"ngg_post_thumbnail":0},"product_brand":[],"product_cat":[46],"product_tag":[],"class_list":{"0":"post-689700","1":"product","2":"type-product","3":"status-publish","4":"has-post-thumbnail","6":"product_cat-vasaras-riepas","8":"first","9":"outofstock","10":"sale","11":"taxable","12":"shipping-taxable","13":"product-type-simple"},"acf":[],"yoast_head":"<!-- This site is optimized with the Yoast SEO Premium plugin v22.6 (Yoast SEO v27.3) - https:\/\/yoast.com\/product\/yoast-seo-premium-wordpress\/ -->\n<title>215\/50R17 Toyo Proxes TR1 91W &#8226; MMK Riepas<\/title>\n<meta name=\"robots\" content=\"index, follow, max-snippet:-1, max-image-preview:large, max-video-preview:-1\" \/>\n<link rel=\"canonical\" href=\"https:\/\/mmkriepas.lv\/en\/p\/215-50r17-toyo-proxes-tr1-91w-2\/\" \/>\n<meta property=\"og:locale\" content=\"en_US\" \/>\n<meta property=\"og:type\" content=\"article\" \/>\n<meta property=\"og:title\" content=\"215\/50R17 Toyo Proxes TR1 91W\" \/>\n<meta property=\"og:description\" content=\"Toyo Proxes TR1 ir izcilas kvalit\u0101tes, jap\u0101\u0146u premium klases UHP vasaras riepu modelis. Tas izce\u013cas ar augstiem veiktsp\u0113jas r\u0101d\u012bt\u0101jiem gan uz sausa, gan slapja asfalta, k\u0101 ar\u012b zemu degvielas pat\u0113ri\u0146u un augstu nodilumiztur\u012bbu.\" \/>\n<meta property=\"og:url\" content=\"https:\/\/mmkriepas.lv\/en\/p\/215-50r17-toyo-proxes-tr1-91w-2\/\" \/>\n<meta property=\"og:site_name\" content=\"MMK Riepas\" \/>\n<meta property=\"article:publisher\" content=\"https:\/\/www.facebook.com\/mmkserviss\/\" \/>\n<meta property=\"article:modified_time\" content=\"2025-02-12T22:27:09+00:00\" \/>\n<meta property=\"og:image\" content=\"https:\/\/mmkriepas.lv\/wp-content\/uploads\/2022\/08\/22550r17-toyo-proxes-tr1-94w-vasaras-riepas.jpg\" \/>\n\t<meta property=\"og:image:width\" content=\"588\" \/>\n\t<meta property=\"og:image:height\" content=\"588\" \/>\n\t<meta property=\"og:image:type\" content=\"image\/jpeg\" \/>\n<meta name=\"twitter:card\" content=\"summary_large_image\" \/>\n<meta name=\"twitter:label1\" content=\"Price\" \/>\n\t<meta name=\"twitter:data1\" content=\"&euro;110.00\" \/>\n\t<meta name=\"twitter:label2\" content=\"Availability\" \/>\n\t<meta name=\"twitter:data2\" content=\"Out of stock\" \/>\n<script type=\"application\/ld+json\" class=\"yoast-schema-graph\">{\"@context\":\"https:\\\/\\\/schema.org\",\"@graph\":[{\"@type\":\"WebPage\",\"@id\":\"https:\\\/\\\/mmkriepas.lv\\\/en\\\/p\\\/215-50r17-toyo-proxes-tr1-91w-2\\\/\",\"url\":\"https:\\\/\\\/mmkriepas.lv\\\/en\\\/p\\\/215-50r17-toyo-proxes-tr1-91w-2\\\/\",\"name\":\"215\\\/50R17 Toyo Proxes TR1 91W &#8226; MMK Riepas\",\"isPartOf\":{\"@id\":\"https:\\\/\\\/mmkriepas.lv\\\/en\\\/#website\"},\"primaryImageOfPage\":{\"@id\":\"https:\\\/\\\/mmkriepas.lv\\\/en\\\/p\\\/215-50r17-toyo-proxes-tr1-91w-2\\\/#primaryimage\"},\"image\":{\"@id\":\"https:\\\/\\\/mmkriepas.lv\\\/en\\\/p\\\/215-50r17-toyo-proxes-tr1-91w-2\\\/#primaryimage\"},\"thumbnailUrl\":\"https:\\\/\\\/mmkriepas.lv\\\/wp-content\\\/uploads\\\/2022\\\/08\\\/22550r17-toyo-proxes-tr1-94w-vasaras-riepas.jpg\",\"datePublished\":\"2023-04-07T07:29:11+00:00\",\"dateModified\":\"2025-02-12T22:27:09+00:00\",\"breadcrumb\":{\"@id\":\"https:\\\/\\\/mmkriepas.lv\\\/en\\\/p\\\/215-50r17-toyo-proxes-tr1-91w-2\\\/#breadcrumb\"},\"inLanguage\":\"en-US\",\"potentialAction\":[{\"@type\":\"ReadAction\",\"target\":[\"https:\\\/\\\/mmkriepas.lv\\\/en\\\/p\\\/215-50r17-toyo-proxes-tr1-91w-2\\\/\"]}]},{\"@type\":\"ImageObject\",\"inLanguage\":\"en-US\",\"@id\":\"https:\\\/\\\/mmkriepas.lv\\\/en\\\/p\\\/215-50r17-toyo-proxes-tr1-91w-2\\\/#primaryimage\",\"url\":\"https:\\\/\\\/mmkriepas.lv\\\/wp-content\\\/uploads\\\/2022\\\/08\\\/22550r17-toyo-proxes-tr1-94w-vasaras-riepas.jpg\",\"contentUrl\":\"https:\\\/\\\/mmkriepas.lv\\\/wp-content\\\/uploads\\\/2022\\\/08\\\/22550r17-toyo-proxes-tr1-94w-vasaras-riepas.jpg\",\"width\":588,\"height\":588,\"caption\":\"225\\\/50R17 TOYO PROXES TR1 94W - Vasaras riepas\"},{\"@type\":\"BreadcrumbList\",\"@id\":\"https:\\\/\\\/mmkriepas.lv\\\/en\\\/p\\\/215-50r17-toyo-proxes-tr1-91w-2\\\/#breadcrumb\",\"itemListElement\":[{\"@type\":\"ListItem\",\"position\":1,\"name\":\"S\u0101kums\",\"item\":\"https:\\\/\\\/mmkriepas.lv\\\/en\\\/\"},{\"@type\":\"ListItem\",\"position\":2,\"name\":\"215\\\/50R17 Toyo Proxes TR1 91W\"}]},{\"@type\":\"WebSite\",\"@id\":\"https:\\\/\\\/mmkriepas.lv\\\/en\\\/#website\",\"url\":\"https:\\\/\\\/mmkriepas.lv\\\/en\\\/\",\"name\":\"MMK Riepas\",\"description\":\"MMK Riepas\",\"alternateName\":\"MMK Riepu Serviss\",\"potentialAction\":[{\"@type\":\"SearchAction\",\"target\":{\"@type\":\"EntryPoint\",\"urlTemplate\":\"https:\\\/\\\/mmkriepas.lv\\\/en\\\/?s={search_term_string}\"},\"query-input\":{\"@type\":\"PropertyValueSpecification\",\"valueRequired\":true,\"valueName\":\"search_term_string\"}}],\"inLanguage\":\"en-US\"},{\"@type\":\"ImageObject\",\"inLanguage\":\"en-US\",\"@id\":\"https:\\\/\\\/mmkriepas.lv\\\/en\\\/p\\\/215-50r17-toyo-proxes-tr1-91w-2\\\/#local-main-organization-logo\",\"url\":\"\",\"contentUrl\":\"\",\"caption\":\"MMK Riepas\"}]}<\/script>\n<meta property=\"product:brand\" content=\"Toyo Proxes TR1\" \/>\n<meta property=\"product:price:amount\" content=\"110.00\" \/>\n<meta property=\"product:price:currency\" content=\"EUR\" \/>\n<meta property=\"og:availability\" content=\"out of stock\" \/>\n<meta property=\"product:availability\" content=\"out of stock\" \/>\n<meta property=\"product:retailer_item_id\" content=\"TS2155017TOYO-25911\" \/>\n<meta property=\"product:condition\" content=\"new\" \/>\n<!-- \/ Yoast SEO Premium plugin. -->","yoast_head_json":{"title":"215\/50R17 Toyo Proxes TR1 91W &#8226; MMK Riepas","robots":{"index":"index","follow":"follow","max-snippet":"max-snippet:-1","max-image-preview":"max-image-preview:large","max-video-preview":"max-video-preview:-1"},"canonical":"https:\/\/mmkriepas.lv\/en\/p\/215-50r17-toyo-proxes-tr1-91w-2\/","og_locale":"en_US","og_type":"article","og_title":"215\/50R17 Toyo Proxes TR1 91W","og_description":"Toyo Proxes TR1 ir izcilas kvalit\u0101tes, jap\u0101\u0146u premium klases UHP vasaras riepu modelis. Tas izce\u013cas ar augstiem veiktsp\u0113jas r\u0101d\u012bt\u0101jiem gan uz sausa, gan slapja asfalta, k\u0101 ar\u012b zemu degvielas pat\u0113ri\u0146u un augstu nodilumiztur\u012bbu.","og_url":"https:\/\/mmkriepas.lv\/en\/p\/215-50r17-toyo-proxes-tr1-91w-2\/","og_site_name":"MMK Riepas","article_publisher":"https:\/\/www.facebook.com\/mmkserviss\/","article_modified_time":"2025-02-12T22:27:09+00:00","og_image":[{"width":588,"height":588,"url":"https:\/\/mmkriepas.lv\/wp-content\/uploads\/2022\/08\/22550r17-toyo-proxes-tr1-94w-vasaras-riepas.jpg","type":"image\/jpeg"}],"twitter_card":"summary_large_image","twitter_misc":{"Price":"&euro;110.00","Availability":"Out of stock"},"schema":{"@context":"https:\/\/schema.org","@graph":[{"@type":"WebPage","@id":"https:\/\/mmkriepas.lv\/en\/p\/215-50r17-toyo-proxes-tr1-91w-2\/","url":"https:\/\/mmkriepas.lv\/en\/p\/215-50r17-toyo-proxes-tr1-91w-2\/","name":"215\/50R17 Toyo Proxes TR1 91W &#8226; MMK Riepas","isPartOf":{"@id":"https:\/\/mmkriepas.lv\/en\/#website"},"primaryImageOfPage":{"@id":"https:\/\/mmkriepas.lv\/en\/p\/215-50r17-toyo-proxes-tr1-91w-2\/#primaryimage"},"image":{"@id":"https:\/\/mmkriepas.lv\/en\/p\/215-50r17-toyo-proxes-tr1-91w-2\/#primaryimage"},"thumbnailUrl":"https:\/\/mmkriepas.lv\/wp-content\/uploads\/2022\/08\/22550r17-toyo-proxes-tr1-94w-vasaras-riepas.jpg","datePublished":"2023-04-07T07:29:11+00:00","dateModified":"2025-02-12T22:27:09+00:00","breadcrumb":{"@id":"https:\/\/mmkriepas.lv\/en\/p\/215-50r17-toyo-proxes-tr1-91w-2\/#breadcrumb"},"inLanguage":"en-US","potentialAction":[{"@type":"ReadAction","target":["https:\/\/mmkriepas.lv\/en\/p\/215-50r17-toyo-proxes-tr1-91w-2\/"]}]},{"@type":"ImageObject","inLanguage":"en-US","@id":"https:\/\/mmkriepas.lv\/en\/p\/215-50r17-toyo-proxes-tr1-91w-2\/#primaryimage","url":"https:\/\/mmkriepas.lv\/wp-content\/uploads\/2022\/08\/22550r17-toyo-proxes-tr1-94w-vasaras-riepas.jpg","contentUrl":"https:\/\/mmkriepas.lv\/wp-content\/uploads\/2022\/08\/22550r17-toyo-proxes-tr1-94w-vasaras-riepas.jpg","width":588,"height":588,"caption":"225\/50R17 TOYO PROXES TR1 94W - Vasaras riepas"},{"@type":"BreadcrumbList","@id":"https:\/\/mmkriepas.lv\/en\/p\/215-50r17-toyo-proxes-tr1-91w-2\/#breadcrumb","itemListElement":[{"@type":"ListItem","position":1,"name":"S\u0101kums","item":"https:\/\/mmkriepas.lv\/en\/"},{"@type":"ListItem","position":2,"name":"215\/50R17 Toyo Proxes TR1 91W"}]},{"@type":"WebSite","@id":"https:\/\/mmkriepas.lv\/en\/#website","url":"https:\/\/mmkriepas.lv\/en\/","name":"MMK Riepas","description":"MMK Riepas","alternateName":"MMK Riepu Serviss","potentialAction":[{"@type":"SearchAction","target":{"@type":"EntryPoint","urlTemplate":"https:\/\/mmkriepas.lv\/en\/?s={search_term_string}"},"query-input":{"@type":"PropertyValueSpecification","valueRequired":true,"valueName":"search_term_string"}}],"inLanguage":"en-US"},{"@type":"ImageObject","inLanguage":"en-US","@id":"https:\/\/mmkriepas.lv\/en\/p\/215-50r17-toyo-proxes-tr1-91w-2\/#local-main-organization-logo","url":"","contentUrl":"","caption":"MMK Riepas"}]},"product_brand":"Toyo Proxes TR1","product_price_amount":"110.00","product_price_currency":"EUR","og_availability":"out of stock","product_availability":"out of stock","product_retailer_item_id":"TS2155017TOYO-25911","product_condition":"new"},"_links":{"self":[{"href":"https:\/\/mmkriepas.lv\/en\/wp-json\/wp\/v2\/product\/689700","targetHints":{"allow":["GET"]}}],"collection":[{"href":"https:\/\/mmkriepas.lv\/en\/wp-json\/wp\/v2\/product"}],"about":[{"href":"https:\/\/mmkriepas.lv\/en\/wp-json\/wp\/v2\/types\/product"}],"wp:featuredmedia":[{"embeddable":true,"href":"https:\/\/mmkriepas.lv\/en\/wp-json\/wp\/v2\/media\/309686"}],"wp:attachment":[{"href":"https:\/\/mmkriepas.lv\/en\/wp-json\/wp\/v2\/media?parent=689700"}],"wp:term":[{"taxonomy":"product_brand","embeddable":true,"href":"https:\/\/mmkriepas.lv\/en\/wp-json\/wp\/v2\/product_brand?post=689700"},{"taxonomy":"product_cat","embeddable":true,"href":"https:\/\/mmkriepas.lv\/en\/wp-json\/wp\/v2\/product_cat?post=689700"},{"taxonomy":"product_tag","embeddable":true,"href":"https:\/\/mmkriepas.lv\/en\/wp-json\/wp\/v2\/product_tag?post=689700"}],"curies":[{"name":"wp","href":"https:\/\/api.w.org\/{rel}","templated":true}]}}