{"id":688381,"date":"2023-04-05T16:34:35","date_gmt":"2023-04-05T13:34:35","guid":{"rendered":"https:\/\/mmkserviss.lv\/?post_type=product&#038;p=688381"},"modified":"2026-03-30T15:59:17","modified_gmt":"2026-03-30T12:59:17","slug":"185-60r15-austone-sp-401-88h-xl","status":"publish","type":"product","link":"https:\/\/mmkriepas.lv\/en\/p\/185-60r15-austone-sp-401-88h-xl\/","title":{"rendered":"185\/60R15 Austone FIXCLIME SP-401 88H XL"},"content":{"rendered":"<p class=\"western\" align=\"left\"><span style=\"font-family: Arial, serif; font-size: 12pt;\"><strong><span style=\"font-family: Arial, sans-serif;\">Austone FIXCLIME SP-401 <\/span><\/strong><span style=\"font-family: Arial, sans-serif;\">ir labas kvalit\u0101tes, bud\u017eeta klases vissezonas riepu modelis. Tas izce\u013cas ar \u013coti labiem sa\u0137eres r\u0101d\u012bt\u0101jiem gan uz sausa un slapja asfalta, gan ar\u012b uz grants ce\u013ciem. \u0160is riepu modelis pieejams pla\u0161\u0101 izm\u0113ru kl\u0101st\u0101 no R13 l\u012bdz pat R21 un piem\u0113rots vieglaj\u0101m automa\u0161\u012bn\u0101m no kompaktklases l\u012bdz pat apvidus automa\u0161\u012bn\u0101m jeb SUV.<\/span><\/span><\/p>\n<h3 class=\"western\"><strong><span style=\"font-family: Arial, sans-serif;\"><span style=\"font-family: Arial, serif; font-size: 14pt;\">Austone FIXCLIME SP-401<\/span> galven\u0101s \u012bpa\u0161\u012bbas:<\/span><\/strong><\/h3>\n<p class=\"western\"><span style=\"font-family: Arial, sans-serif;\">+ Laba sa\u0137ere gan uz sausa, gan slapja asfalta, gan ar\u012b uz grants ce\u013ciem, pateicoties V-veida protektora rakstam.<br \/>+ Zems akvaplan\u0113\u0161anas risks.<br \/>+ Degvielas ekonomija.<br \/>+ Palielin\u0101ta nodilumiztur\u012bba.<\/span><\/p>\n<h3 class=\"western\" align=\"left\"><span style=\"font-family: Arial, serif; font-size: 14pt;\"><strong><span style=\"font-family: Arial, sans-serif;\"><span style=\"font-family: Arial, serif;\">FIXCLIME SP-401<\/span> apr\u012bkojums<\/span><\/strong><\/span><\/h3>\n<p class=\"western\"><strong><span style=\"font-family: Arial, sans-serif;\">Austone FIXCLIME SP-401<\/span><\/strong><span style=\"font-family: Arial, sans-serif;\"> vissezonas riepas apr\u012bkotas ar virzienveida protektora rakstu jeb &#8220;skuji\u0146u&#8221;. \u0160\u0101ds dizains sev\u012b apvieno labas sa\u0137eres un manevr\u0113tsp\u0113jas \u012bpa\u0161\u012bbas gan uz asfalta, gan grants ce\u013ciem. T\u0101pat ar\u012b tas nodro\u0161ina efekt\u012bvu \u016bdens izvadi no riepas kontakta virsmas ar ce\u013cu, samazinot akvplan\u0113\u0161anas risku.<\/span><\/p>\n<p class=\"western\"><span style=\"font-family: Arial, sans-serif;\">V-veida protektora bloki veidoti no nodilumiztur\u012bga gumijas sakaus\u0113juma. Gumijai pievienotie elastrom\u0113ri pal\u012bdz riepa saglab\u0101t formu un elast\u012bbu pla\u0161\u0101 temperat\u016bru diapazon\u0101. K\u0101 zin\u0101ms, elast\u012bga riepa daudz lab\u0101k veido sa\u0137eri ar ce\u013cu, k\u0101 ar\u012b dilst vienm\u0113r\u012bg\u0101k.<\/span><\/p>\n","protected":false},"excerpt":{"rendered":"<p><span style=\"font-family: Arial, serif; font-size: 12pt;\"><strong><span style=\"font-family: Arial, sans-serif;\">Austone FIXCLIME SP-401 <\/span><\/strong><span style=\"font-family: Arial, sans-serif;\">ir labas kvalit\u0101tes, bud\u017eeta klases vissezonas riepu modelis. Tas izce\u013cas ar \u013coti labiem sa\u0137eres r\u0101d\u012bt\u0101jiem gan uz sausa un slapja asfalta, gan ar\u012b uz grants ce\u013ciem. \u0160is riepu modelis pieejams pla\u0161\u0101 izm\u0113ru kl\u0101st\u0101 no R13 l\u012bdz pat R21 un piem\u0113rots vieglaj\u0101m automa\u0161\u012bn\u0101m no kompaktklases l\u012bdz pat apvidus automa\u0161\u012bn\u0101m jeb SUV.<\/span><\/span><\/p>\n","protected":false},"featured_media":1196996,"template":"","meta":{"_acf_changed":false,"ngg_post_thumbnail":0},"product_brand":[],"product_cat":[47,45],"product_tag":[],"class_list":{"0":"post-688381","1":"product","2":"type-product","3":"status-publish","4":"has-post-thumbnail","6":"product_cat-vissezonas-riepas","7":"product_cat-ziemas-riepas","9":"first","10":"instock","11":"sale","12":"taxable","13":"shipping-taxable","14":"purchasable","15":"product-type-simple"},"acf":[],"yoast_head":"<!-- This site is optimized with the Yoast SEO Premium plugin v22.6 (Yoast SEO v27.3) - https:\/\/yoast.com\/product\/yoast-seo-premium-wordpress\/ -->\n<title>185\/60R15 Austone FIXCLIME SP-401 88H XL &#8226; MMK Riepas<\/title>\n<meta name=\"robots\" content=\"index, follow, max-snippet:-1, max-image-preview:large, max-video-preview:-1\" \/>\n<link rel=\"canonical\" href=\"https:\/\/mmkriepas.lv\/en\/p\/185-60r15-austone-sp-401-88h-xl\/\" \/>\n<meta property=\"og:locale\" content=\"en_US\" \/>\n<meta property=\"og:type\" content=\"article\" \/>\n<meta property=\"og:title\" content=\"185\/60R15 Austone FIXCLIME SP-401 88H XL\" \/>\n<meta property=\"og:description\" content=\"Austone FIXCLIME SP-401 ir labas kvalit\u0101tes, bud\u017eeta klases vissezonas riepu modelis. Tas izce\u013cas ar \u013coti labiem sa\u0137eres r\u0101d\u012bt\u0101jiem gan uz sausa un slapja asfalta, gan ar\u012b uz grants ce\u013ciem. \u0160is riepu modelis pieejams pla\u0161\u0101 izm\u0113ru kl\u0101st\u0101 no R13 l\u012bdz pat R21 un piem\u0113rots vieglaj\u0101m automa\u0161\u012bn\u0101m no kompaktklases l\u012bdz pat apvidus automa\u0161\u012bn\u0101m jeb SUV.\" \/>\n<meta property=\"og:url\" content=\"https:\/\/mmkriepas.lv\/en\/p\/185-60r15-austone-sp-401-88h-xl\/\" \/>\n<meta property=\"og:site_name\" content=\"MMK Riepas\" \/>\n<meta property=\"article:publisher\" content=\"https:\/\/www.facebook.com\/mmkserviss\/\" \/>\n<meta property=\"article:modified_time\" content=\"2026-03-30T12:59:17+00:00\" \/>\n<meta property=\"og:image\" content=\"https:\/\/mmkriepas.lv\/wp-content\/uploads\/2025\/03\/22545r18-austone-fixclime-sp-401-95y-xl-ziemas-riepas.jpg\" \/>\n\t<meta property=\"og:image:width\" content=\"900\" \/>\n\t<meta property=\"og:image:height\" content=\"720\" \/>\n\t<meta property=\"og:image:type\" content=\"image\/jpeg\" \/>\n<meta name=\"twitter:card\" content=\"summary_large_image\" \/>\n<meta name=\"twitter:label1\" content=\"Price\" \/>\n\t<meta name=\"twitter:data1\" content=\"&euro;43.00\" \/>\n\t<meta name=\"twitter:label2\" content=\"Availability\" \/>\n\t<meta name=\"twitter:data2\" content=\"In stock\" \/>\n<script type=\"application\/ld+json\" class=\"yoast-schema-graph\">{\"@context\":\"https:\\\/\\\/schema.org\",\"@graph\":[{\"@type\":\"WebPage\",\"@id\":\"https:\\\/\\\/mmkriepas.lv\\\/en\\\/p\\\/185-60r15-austone-sp-401-88h-xl\\\/\",\"url\":\"https:\\\/\\\/mmkriepas.lv\\\/en\\\/p\\\/185-60r15-austone-sp-401-88h-xl\\\/\",\"name\":\"185\\\/60R15 Austone FIXCLIME SP-401 88H XL &#8226; MMK Riepas\",\"isPartOf\":{\"@id\":\"https:\\\/\\\/mmkriepas.lv\\\/en\\\/#website\"},\"primaryImageOfPage\":{\"@id\":\"https:\\\/\\\/mmkriepas.lv\\\/en\\\/p\\\/185-60r15-austone-sp-401-88h-xl\\\/#primaryimage\"},\"image\":{\"@id\":\"https:\\\/\\\/mmkriepas.lv\\\/en\\\/p\\\/185-60r15-austone-sp-401-88h-xl\\\/#primaryimage\"},\"thumbnailUrl\":\"https:\\\/\\\/mmkriepas.lv\\\/wp-content\\\/uploads\\\/2025\\\/03\\\/22545r18-austone-fixclime-sp-401-95y-xl-ziemas-riepas.jpg\",\"datePublished\":\"2023-04-05T13:34:35+00:00\",\"dateModified\":\"2026-03-30T12:59:17+00:00\",\"breadcrumb\":{\"@id\":\"https:\\\/\\\/mmkriepas.lv\\\/en\\\/p\\\/185-60r15-austone-sp-401-88h-xl\\\/#breadcrumb\"},\"inLanguage\":\"en-US\",\"potentialAction\":[{\"@type\":\"ReadAction\",\"target\":[\"https:\\\/\\\/mmkriepas.lv\\\/en\\\/p\\\/185-60r15-austone-sp-401-88h-xl\\\/\"]}]},{\"@type\":\"ImageObject\",\"inLanguage\":\"en-US\",\"@id\":\"https:\\\/\\\/mmkriepas.lv\\\/en\\\/p\\\/185-60r15-austone-sp-401-88h-xl\\\/#primaryimage\",\"url\":\"https:\\\/\\\/mmkriepas.lv\\\/wp-content\\\/uploads\\\/2025\\\/03\\\/22545r18-austone-fixclime-sp-401-95y-xl-ziemas-riepas.jpg\",\"contentUrl\":\"https:\\\/\\\/mmkriepas.lv\\\/wp-content\\\/uploads\\\/2025\\\/03\\\/22545r18-austone-fixclime-sp-401-95y-xl-ziemas-riepas.jpg\",\"width\":900,\"height\":720,\"caption\":\"MAIN\"},{\"@type\":\"BreadcrumbList\",\"@id\":\"https:\\\/\\\/mmkriepas.lv\\\/en\\\/p\\\/185-60r15-austone-sp-401-88h-xl\\\/#breadcrumb\",\"itemListElement\":[{\"@type\":\"ListItem\",\"position\":1,\"name\":\"S\u0101kums\",\"item\":\"https:\\\/\\\/mmkriepas.lv\\\/en\\\/\"},{\"@type\":\"ListItem\",\"position\":2,\"name\":\"185\\\/60R15 Austone FIXCLIME SP-401 88H XL\"}]},{\"@type\":\"WebSite\",\"@id\":\"https:\\\/\\\/mmkriepas.lv\\\/en\\\/#website\",\"url\":\"https:\\\/\\\/mmkriepas.lv\\\/en\\\/\",\"name\":\"MMK Riepas\",\"description\":\"MMK Riepas\",\"alternateName\":\"MMK Riepu Serviss\",\"potentialAction\":[{\"@type\":\"SearchAction\",\"target\":{\"@type\":\"EntryPoint\",\"urlTemplate\":\"https:\\\/\\\/mmkriepas.lv\\\/en\\\/?s={search_term_string}\"},\"query-input\":{\"@type\":\"PropertyValueSpecification\",\"valueRequired\":true,\"valueName\":\"search_term_string\"}}],\"inLanguage\":\"en-US\"},{\"@type\":\"ImageObject\",\"inLanguage\":\"en-US\",\"@id\":\"https:\\\/\\\/mmkriepas.lv\\\/en\\\/p\\\/185-60r15-austone-sp-401-88h-xl\\\/#local-main-organization-logo\",\"url\":\"\",\"contentUrl\":\"\",\"caption\":\"MMK Riepas\"}]}<\/script>\n<meta property=\"product:brand\" content=\"Austone FIXCLIME SP-401\" \/>\n<meta property=\"product:price:amount\" content=\"43.00\" \/>\n<meta property=\"product:price:currency\" content=\"EUR\" \/>\n<meta property=\"og:availability\" content=\"instock\" \/>\n<meta property=\"product:availability\" content=\"instock\" \/>\n<meta property=\"product:retailer_item_id\" content=\"TW1856015Austo-E25694\" \/>\n<meta property=\"product:condition\" content=\"new\" \/>\n<!-- \/ Yoast SEO Premium plugin. -->","yoast_head_json":{"title":"185\/60R15 Austone FIXCLIME SP-401 88H XL &#8226; MMK Riepas","robots":{"index":"index","follow":"follow","max-snippet":"max-snippet:-1","max-image-preview":"max-image-preview:large","max-video-preview":"max-video-preview:-1"},"canonical":"https:\/\/mmkriepas.lv\/en\/p\/185-60r15-austone-sp-401-88h-xl\/","og_locale":"en_US","og_type":"article","og_title":"185\/60R15 Austone FIXCLIME SP-401 88H XL","og_description":"Austone FIXCLIME SP-401 ir labas kvalit\u0101tes, bud\u017eeta klases vissezonas riepu modelis. Tas izce\u013cas ar \u013coti labiem sa\u0137eres r\u0101d\u012bt\u0101jiem gan uz sausa un slapja asfalta, gan ar\u012b uz grants ce\u013ciem. \u0160is riepu modelis pieejams pla\u0161\u0101 izm\u0113ru kl\u0101st\u0101 no R13 l\u012bdz pat R21 un piem\u0113rots vieglaj\u0101m automa\u0161\u012bn\u0101m no kompaktklases l\u012bdz pat apvidus automa\u0161\u012bn\u0101m jeb SUV.","og_url":"https:\/\/mmkriepas.lv\/en\/p\/185-60r15-austone-sp-401-88h-xl\/","og_site_name":"MMK Riepas","article_publisher":"https:\/\/www.facebook.com\/mmkserviss\/","article_modified_time":"2026-03-30T12:59:17+00:00","og_image":[{"width":900,"height":720,"url":"https:\/\/mmkriepas.lv\/wp-content\/uploads\/2025\/03\/22545r18-austone-fixclime-sp-401-95y-xl-ziemas-riepas.jpg","type":"image\/jpeg"}],"twitter_card":"summary_large_image","twitter_misc":{"Price":"&euro;43.00","Availability":"In stock"},"schema":{"@context":"https:\/\/schema.org","@graph":[{"@type":"WebPage","@id":"https:\/\/mmkriepas.lv\/en\/p\/185-60r15-austone-sp-401-88h-xl\/","url":"https:\/\/mmkriepas.lv\/en\/p\/185-60r15-austone-sp-401-88h-xl\/","name":"185\/60R15 Austone FIXCLIME SP-401 88H XL &#8226; MMK Riepas","isPartOf":{"@id":"https:\/\/mmkriepas.lv\/en\/#website"},"primaryImageOfPage":{"@id":"https:\/\/mmkriepas.lv\/en\/p\/185-60r15-austone-sp-401-88h-xl\/#primaryimage"},"image":{"@id":"https:\/\/mmkriepas.lv\/en\/p\/185-60r15-austone-sp-401-88h-xl\/#primaryimage"},"thumbnailUrl":"https:\/\/mmkriepas.lv\/wp-content\/uploads\/2025\/03\/22545r18-austone-fixclime-sp-401-95y-xl-ziemas-riepas.jpg","datePublished":"2023-04-05T13:34:35+00:00","dateModified":"2026-03-30T12:59:17+00:00","breadcrumb":{"@id":"https:\/\/mmkriepas.lv\/en\/p\/185-60r15-austone-sp-401-88h-xl\/#breadcrumb"},"inLanguage":"en-US","potentialAction":[{"@type":"ReadAction","target":["https:\/\/mmkriepas.lv\/en\/p\/185-60r15-austone-sp-401-88h-xl\/"]}]},{"@type":"ImageObject","inLanguage":"en-US","@id":"https:\/\/mmkriepas.lv\/en\/p\/185-60r15-austone-sp-401-88h-xl\/#primaryimage","url":"https:\/\/mmkriepas.lv\/wp-content\/uploads\/2025\/03\/22545r18-austone-fixclime-sp-401-95y-xl-ziemas-riepas.jpg","contentUrl":"https:\/\/mmkriepas.lv\/wp-content\/uploads\/2025\/03\/22545r18-austone-fixclime-sp-401-95y-xl-ziemas-riepas.jpg","width":900,"height":720,"caption":"MAIN"},{"@type":"BreadcrumbList","@id":"https:\/\/mmkriepas.lv\/en\/p\/185-60r15-austone-sp-401-88h-xl\/#breadcrumb","itemListElement":[{"@type":"ListItem","position":1,"name":"S\u0101kums","item":"https:\/\/mmkriepas.lv\/en\/"},{"@type":"ListItem","position":2,"name":"185\/60R15 Austone FIXCLIME SP-401 88H XL"}]},{"@type":"WebSite","@id":"https:\/\/mmkriepas.lv\/en\/#website","url":"https:\/\/mmkriepas.lv\/en\/","name":"MMK Riepas","description":"MMK Riepas","alternateName":"MMK Riepu Serviss","potentialAction":[{"@type":"SearchAction","target":{"@type":"EntryPoint","urlTemplate":"https:\/\/mmkriepas.lv\/en\/?s={search_term_string}"},"query-input":{"@type":"PropertyValueSpecification","valueRequired":true,"valueName":"search_term_string"}}],"inLanguage":"en-US"},{"@type":"ImageObject","inLanguage":"en-US","@id":"https:\/\/mmkriepas.lv\/en\/p\/185-60r15-austone-sp-401-88h-xl\/#local-main-organization-logo","url":"","contentUrl":"","caption":"MMK Riepas"}]},"product_brand":"Austone FIXCLIME SP-401","product_price_amount":"43.00","product_price_currency":"EUR","og_availability":"instock","product_availability":"instock","product_retailer_item_id":"TW1856015Austo-E25694","product_condition":"new"},"_links":{"self":[{"href":"https:\/\/mmkriepas.lv\/en\/wp-json\/wp\/v2\/product\/688381","targetHints":{"allow":["GET"]}}],"collection":[{"href":"https:\/\/mmkriepas.lv\/en\/wp-json\/wp\/v2\/product"}],"about":[{"href":"https:\/\/mmkriepas.lv\/en\/wp-json\/wp\/v2\/types\/product"}],"wp:featuredmedia":[{"embeddable":true,"href":"https:\/\/mmkriepas.lv\/en\/wp-json\/wp\/v2\/media\/1196996"}],"wp:attachment":[{"href":"https:\/\/mmkriepas.lv\/en\/wp-json\/wp\/v2\/media?parent=688381"}],"wp:term":[{"taxonomy":"product_brand","embeddable":true,"href":"https:\/\/mmkriepas.lv\/en\/wp-json\/wp\/v2\/product_brand?post=688381"},{"taxonomy":"product_cat","embeddable":true,"href":"https:\/\/mmkriepas.lv\/en\/wp-json\/wp\/v2\/product_cat?post=688381"},{"taxonomy":"product_tag","embeddable":true,"href":"https:\/\/mmkriepas.lv\/en\/wp-json\/wp\/v2\/product_tag?post=688381"}],"curies":[{"name":"wp","href":"https:\/\/api.w.org\/{rel}","templated":true}]}}