{"id":688302,"date":"2023-04-05T16:30:32","date_gmt":"2023-04-05T13:30:32","guid":{"rendered":"https:\/\/mmkserviss.lv\/?post_type=product&#038;p=688302"},"modified":"2026-03-22T11:20:45","modified_gmt":"2026-03-22T09:20:45","slug":"215-55r16-austone-athena-sp-802-93v","status":"publish","type":"product","link":"https:\/\/mmkriepas.lv\/en\/p\/215-55r16-austone-athena-sp-802-93v\/","title":{"rendered":"215\/55R16 Austone ATHENA SP-802 93V"},"content":{"rendered":"<p align=\"left\"><span style=\"font-family: Arial, serif;\"><span style=\"font-size: large;\"><strong><span style=\"font-family: Arial, sans-serif;\"><span style=\"font-size: medium;\">Austone ATHENA SP-802 <\/span><\/span><\/strong><span style=\"font-family: Arial, sans-serif;\"><span style=\"font-size: medium;\">ir labas kvalit\u0101tes, bud\u017eeta klases vasaras riepu modelis. Tas izce\u013cas ar labiem brauk\u0161anas komforta, degvielas ekonomijas un sa\u0137eres r\u0101d\u012bt\u0101jiem gan uz sausa, gan slapja asfalta. \u0160is riepu modelis pieejams izm\u0113ru kl\u0101st\u0101 no R14 l\u012bdz R17 un paredz\u0113ts maza un vid\u0113ja izm\u0113ra vieglaj\u0101m automa\u0161\u012bn\u0101m.<\/span><\/span><\/span><\/span><\/p>\n<h3 class=\"western\" align=\"left\"><strong><span style=\"font-family: Arial, sans-serif;\"><span style=\"font-size: medium;\">Austone ATHENA SP-802 galven\u0101s \u012bpa\u0161\u012bbas<\/span><\/span><\/strong><\/h3>\n<p align=\"left\"><span style=\"font-family: Arial, sans-serif;\"><span style=\"font-size: medium;\">+ Laba sa\u0137ere un manevr\u0113tsp\u0113ja uz sausa un slapja asfalta, k\u0101 ar\u012b uz grants ce\u013ciem.<\/span><\/span><\/p>\n<p align=\"left\"><span style=\"font-family: Arial, sans-serif;\"><span style=\"font-size: medium;\">+ Degvielas ekonomija.<\/span><\/span><\/p>\n<p align=\"left\"><span style=\"font-family: Arial, sans-serif;\"><span style=\"font-size: medium;\">+ Labs akustiskais un brauk\u0161anas gaitas komforts.<\/span><\/span><\/p>\n<p align=\"left\"><span style=\"font-family: Arial, sans-serif;\"><span style=\"font-size: medium;\">+ Nodilumiztur\u012bgs gumijas sast\u0101vs.<\/span><\/span><\/p>\n<p align=\"left\"><span style=\"font-family: Arial, sans-serif;\"><span style=\"font-size: medium;\">+ Zems akvaplan\u0113\u0161anas risks.<\/span><\/span><\/p>\n<h3 class=\"western\" align=\"left\"><span style=\"font-family: Arial, serif;\"><span style=\"font-size: large;\"><strong><span style=\"font-family: Arial, sans-serif;\"><span style=\"font-size: medium;\">ATHENA SP-802 apr\u012bkojums<\/span><\/span><\/strong><\/span><\/span><\/h3>\n<p align=\"left\"><strong><span style=\"font-family: Arial, sans-serif;\"><span style=\"font-size: medium;\">Austone ATHENA SP-802 <\/span><\/span><\/strong><span style=\"font-family: Arial, sans-serif;\"><span style=\"font-size: medium;\">vasaras riepas apr\u012bkotas ar asimetrisku protektora rakstu. \u0160\u0101ds dizains sev\u012b apvieno labas brauk\u0161anas komforta, degvielas ekonomijas un sa\u0137eres \u012bpa\u0161\u012bbas gan uz sausa, gan ar\u012b uz slapja asfalta.<\/span><\/span><\/p>\n<p align=\"left\"><span style=\"font-family: Arial, sans-serif;\"><span style=\"font-size: medium;\">Asimetriski izvietotaj\u0101s protektora bloku virkn\u0113s iestr\u0101d\u0101ts palielin\u0101ts dren\u0101\u017eas jeb \u016bdens novadkan\u0101lu skaits. Tas nodro\u0161ina lab\u0101ku sa\u0137eri uz grants ce\u013ciem, k\u0101 ar\u012b efekt\u012bv\u0101ku \u016bdens novadi no riepas kontakta virsmas ar ce\u013cu.<\/span><\/span><\/p>\n<p align=\"left\"><span style=\"font-family: Arial, sans-serif;\"><span style=\"font-size: medium;\">Riepas darin\u0101tas no nodilumiztur\u012bga gumijas sakaus\u0113juma. Gumijai pievienota virkne elastrom\u0113ru, kas pal\u012bdz riepai saglab\u0101t elast\u012bbu un nezaud\u0113t formu pla\u0161\u0101 temperat\u016bru diapazon\u0101. K\u0101 zin\u0101ms, elast\u012bga riepa daudz lab\u0101k veido sa\u0137eri ar ce\u013cu, k\u0101 ar\u012b dilst vienm\u0113r\u012bg\u0101k.<\/span><\/span><\/p>\n","protected":false},"excerpt":{"rendered":"<p><span style=\"font-family: Arial, serif;\"><span style=\"font-size: large;\"><strong><span style=\"font-family: Arial, sans-serif;\"><span style=\"font-size: medium;\">Austone ATHENA SP-802 <\/span><\/span><\/strong><span style=\"font-family: Arial, sans-serif;\"><span style=\"font-size: medium;\">ir labas kvalit\u0101tes, bud\u017eeta klases vasaras riepu modelis. Tas izce\u013cas ar labiem brauk\u0161anas komforta, degvielas ekonomijas un sa\u0137eres r\u0101d\u012bt\u0101jiem gan uz sausa, gan slapja asfalta. \u0160is riepu modelis pieejams izm\u0113ru kl\u0101st\u0101 no R14 l\u012bdz R17 un paredz\u0113ts maza un vid\u0113ja izm\u0113ra vieglaj\u0101m automa\u0161\u012bn\u0101m.<\/span><\/span><\/span><\/span><\/p>\n","protected":false},"featured_media":915102,"template":"","meta":{"_acf_changed":false,"ngg_post_thumbnail":0},"product_brand":[],"product_cat":[23641],"product_tag":[],"class_list":{"0":"post-688302","1":"product","2":"type-product","3":"status-publish","4":"has-post-thumbnail","6":"product_cat-summer-tyres","8":"first","9":"instock","10":"sale","11":"taxable","12":"shipping-taxable","13":"purchasable","14":"product-type-simple"},"acf":[],"yoast_head":"<!-- This site is optimized with the Yoast SEO Premium plugin v22.6 (Yoast SEO v27.3) - https:\/\/yoast.com\/product\/yoast-seo-premium-wordpress\/ -->\n<title>215\/55R16 Austone ATHENA SP-802 93V &#8226; MMK Riepas<\/title>\n<meta name=\"robots\" content=\"index, follow, max-snippet:-1, max-image-preview:large, max-video-preview:-1\" \/>\n<link rel=\"canonical\" href=\"https:\/\/mmkriepas.lv\/en\/p\/215-55r16-austone-athena-sp-802-93v\/\" \/>\n<meta property=\"og:locale\" content=\"en_US\" \/>\n<meta property=\"og:type\" content=\"article\" \/>\n<meta property=\"og:title\" content=\"215\/55R16 Austone ATHENA SP-802 93V\" \/>\n<meta property=\"og:description\" content=\"Austone ATHENA SP-802 ir labas kvalit\u0101tes, bud\u017eeta klases vasaras riepu modelis. Tas izce\u013cas ar labiem brauk\u0161anas komforta, degvielas ekonomijas un sa\u0137eres r\u0101d\u012bt\u0101jiem gan uz sausa, gan slapja asfalta. \u0160is riepu modelis pieejams izm\u0113ru kl\u0101st\u0101 no R14 l\u012bdz R17 un paredz\u0113ts maza un vid\u0113ja izm\u0113ra vieglaj\u0101m automa\u0161\u012bn\u0101m.\" \/>\n<meta property=\"og:url\" content=\"https:\/\/mmkriepas.lv\/en\/p\/215-55r16-austone-athena-sp-802-93v\/\" \/>\n<meta property=\"og:site_name\" content=\"MMK Riepas\" \/>\n<meta property=\"article:publisher\" content=\"https:\/\/www.facebook.com\/mmkserviss\/\" \/>\n<meta property=\"article:modified_time\" content=\"2026-03-22T09:20:45+00:00\" \/>\n<meta property=\"og:image\" content=\"https:\/\/mmkriepas.lv\/wp-content\/uploads\/2024\/06\/austone-athena-sp-802.jpg\" \/>\n\t<meta property=\"og:image:width\" content=\"900\" \/>\n\t<meta property=\"og:image:height\" content=\"720\" \/>\n\t<meta property=\"og:image:type\" content=\"image\/jpeg\" \/>\n<meta name=\"twitter:card\" content=\"summary_large_image\" \/>\n<meta name=\"twitter:label1\" content=\"Price\" \/>\n\t<meta name=\"twitter:data1\" content=\"&euro;58.00\" \/>\n\t<meta name=\"twitter:label2\" content=\"Availability\" \/>\n\t<meta name=\"twitter:data2\" content=\"In stock\" \/>\n<script type=\"application\/ld+json\" class=\"yoast-schema-graph\">{\"@context\":\"https:\\\/\\\/schema.org\",\"@graph\":[{\"@type\":\"WebPage\",\"@id\":\"https:\\\/\\\/mmkriepas.lv\\\/en\\\/p\\\/215-55r16-austone-athena-sp-802-93v\\\/\",\"url\":\"https:\\\/\\\/mmkriepas.lv\\\/en\\\/p\\\/215-55r16-austone-athena-sp-802-93v\\\/\",\"name\":\"215\\\/55R16 Austone ATHENA SP-802 93V &#8226; MMK Riepas\",\"isPartOf\":{\"@id\":\"https:\\\/\\\/mmkriepas.lv\\\/en\\\/#website\"},\"primaryImageOfPage\":{\"@id\":\"https:\\\/\\\/mmkriepas.lv\\\/en\\\/p\\\/215-55r16-austone-athena-sp-802-93v\\\/#primaryimage\"},\"image\":{\"@id\":\"https:\\\/\\\/mmkriepas.lv\\\/en\\\/p\\\/215-55r16-austone-athena-sp-802-93v\\\/#primaryimage\"},\"thumbnailUrl\":\"https:\\\/\\\/mmkriepas.lv\\\/wp-content\\\/uploads\\\/2024\\\/06\\\/austone-athena-sp-802.jpg\",\"datePublished\":\"2023-04-05T13:30:32+00:00\",\"dateModified\":\"2026-03-22T09:20:45+00:00\",\"breadcrumb\":{\"@id\":\"https:\\\/\\\/mmkriepas.lv\\\/en\\\/p\\\/215-55r16-austone-athena-sp-802-93v\\\/#breadcrumb\"},\"inLanguage\":\"en-US\",\"potentialAction\":[{\"@type\":\"ReadAction\",\"target\":[\"https:\\\/\\\/mmkriepas.lv\\\/en\\\/p\\\/215-55r16-austone-athena-sp-802-93v\\\/\"]}]},{\"@type\":\"ImageObject\",\"inLanguage\":\"en-US\",\"@id\":\"https:\\\/\\\/mmkriepas.lv\\\/en\\\/p\\\/215-55r16-austone-athena-sp-802-93v\\\/#primaryimage\",\"url\":\"https:\\\/\\\/mmkriepas.lv\\\/wp-content\\\/uploads\\\/2024\\\/06\\\/austone-athena-sp-802.jpg\",\"contentUrl\":\"https:\\\/\\\/mmkriepas.lv\\\/wp-content\\\/uploads\\\/2024\\\/06\\\/austone-athena-sp-802.jpg\",\"width\":900,\"height\":720,\"caption\":\"MAIN\"},{\"@type\":\"BreadcrumbList\",\"@id\":\"https:\\\/\\\/mmkriepas.lv\\\/en\\\/p\\\/215-55r16-austone-athena-sp-802-93v\\\/#breadcrumb\",\"itemListElement\":[{\"@type\":\"ListItem\",\"position\":1,\"name\":\"S\u0101kums\",\"item\":\"https:\\\/\\\/mmkriepas.lv\\\/en\\\/\"},{\"@type\":\"ListItem\",\"position\":2,\"name\":\"215\\\/55R16 Austone ATHENA SP-802 93V\"}]},{\"@type\":\"WebSite\",\"@id\":\"https:\\\/\\\/mmkriepas.lv\\\/en\\\/#website\",\"url\":\"https:\\\/\\\/mmkriepas.lv\\\/en\\\/\",\"name\":\"MMK Riepas\",\"description\":\"MMK Riepas\",\"alternateName\":\"MMK Riepu Serviss\",\"potentialAction\":[{\"@type\":\"SearchAction\",\"target\":{\"@type\":\"EntryPoint\",\"urlTemplate\":\"https:\\\/\\\/mmkriepas.lv\\\/en\\\/?s={search_term_string}\"},\"query-input\":{\"@type\":\"PropertyValueSpecification\",\"valueRequired\":true,\"valueName\":\"search_term_string\"}}],\"inLanguage\":\"en-US\"},{\"@type\":\"ImageObject\",\"inLanguage\":\"en-US\",\"@id\":\"https:\\\/\\\/mmkriepas.lv\\\/en\\\/p\\\/215-55r16-austone-athena-sp-802-93v\\\/#local-main-organization-logo\",\"url\":\"\",\"contentUrl\":\"\",\"caption\":\"MMK Riepas\"}]}<\/script>\n<meta property=\"product:brand\" content=\"Austone ATHENA SP-802\" \/>\n<meta property=\"product:price:amount\" content=\"58.00\" \/>\n<meta property=\"product:price:currency\" content=\"EUR\" \/>\n<meta property=\"og:availability\" content=\"instock\" \/>\n<meta property=\"product:availability\" content=\"instock\" \/>\n<meta property=\"product:retailer_item_id\" content=\"TS2155516Austo-E25703\" \/>\n<meta property=\"product:condition\" content=\"new\" \/>\n<!-- \/ Yoast SEO Premium plugin. -->","yoast_head_json":{"title":"215\/55R16 Austone ATHENA SP-802 93V &#8226; MMK Riepas","robots":{"index":"index","follow":"follow","max-snippet":"max-snippet:-1","max-image-preview":"max-image-preview:large","max-video-preview":"max-video-preview:-1"},"canonical":"https:\/\/mmkriepas.lv\/en\/p\/215-55r16-austone-athena-sp-802-93v\/","og_locale":"en_US","og_type":"article","og_title":"215\/55R16 Austone ATHENA SP-802 93V","og_description":"Austone ATHENA SP-802 ir labas kvalit\u0101tes, bud\u017eeta klases vasaras riepu modelis. Tas izce\u013cas ar labiem brauk\u0161anas komforta, degvielas ekonomijas un sa\u0137eres r\u0101d\u012bt\u0101jiem gan uz sausa, gan slapja asfalta. \u0160is riepu modelis pieejams izm\u0113ru kl\u0101st\u0101 no R14 l\u012bdz R17 un paredz\u0113ts maza un vid\u0113ja izm\u0113ra vieglaj\u0101m automa\u0161\u012bn\u0101m.","og_url":"https:\/\/mmkriepas.lv\/en\/p\/215-55r16-austone-athena-sp-802-93v\/","og_site_name":"MMK Riepas","article_publisher":"https:\/\/www.facebook.com\/mmkserviss\/","article_modified_time":"2026-03-22T09:20:45+00:00","og_image":[{"width":900,"height":720,"url":"https:\/\/mmkriepas.lv\/wp-content\/uploads\/2024\/06\/austone-athena-sp-802.jpg","type":"image\/jpeg"}],"twitter_card":"summary_large_image","twitter_misc":{"Price":"&euro;58.00","Availability":"In stock"},"schema":{"@context":"https:\/\/schema.org","@graph":[{"@type":"WebPage","@id":"https:\/\/mmkriepas.lv\/en\/p\/215-55r16-austone-athena-sp-802-93v\/","url":"https:\/\/mmkriepas.lv\/en\/p\/215-55r16-austone-athena-sp-802-93v\/","name":"215\/55R16 Austone ATHENA SP-802 93V &#8226; MMK Riepas","isPartOf":{"@id":"https:\/\/mmkriepas.lv\/en\/#website"},"primaryImageOfPage":{"@id":"https:\/\/mmkriepas.lv\/en\/p\/215-55r16-austone-athena-sp-802-93v\/#primaryimage"},"image":{"@id":"https:\/\/mmkriepas.lv\/en\/p\/215-55r16-austone-athena-sp-802-93v\/#primaryimage"},"thumbnailUrl":"https:\/\/mmkriepas.lv\/wp-content\/uploads\/2024\/06\/austone-athena-sp-802.jpg","datePublished":"2023-04-05T13:30:32+00:00","dateModified":"2026-03-22T09:20:45+00:00","breadcrumb":{"@id":"https:\/\/mmkriepas.lv\/en\/p\/215-55r16-austone-athena-sp-802-93v\/#breadcrumb"},"inLanguage":"en-US","potentialAction":[{"@type":"ReadAction","target":["https:\/\/mmkriepas.lv\/en\/p\/215-55r16-austone-athena-sp-802-93v\/"]}]},{"@type":"ImageObject","inLanguage":"en-US","@id":"https:\/\/mmkriepas.lv\/en\/p\/215-55r16-austone-athena-sp-802-93v\/#primaryimage","url":"https:\/\/mmkriepas.lv\/wp-content\/uploads\/2024\/06\/austone-athena-sp-802.jpg","contentUrl":"https:\/\/mmkriepas.lv\/wp-content\/uploads\/2024\/06\/austone-athena-sp-802.jpg","width":900,"height":720,"caption":"MAIN"},{"@type":"BreadcrumbList","@id":"https:\/\/mmkriepas.lv\/en\/p\/215-55r16-austone-athena-sp-802-93v\/#breadcrumb","itemListElement":[{"@type":"ListItem","position":1,"name":"S\u0101kums","item":"https:\/\/mmkriepas.lv\/en\/"},{"@type":"ListItem","position":2,"name":"215\/55R16 Austone ATHENA SP-802 93V"}]},{"@type":"WebSite","@id":"https:\/\/mmkriepas.lv\/en\/#website","url":"https:\/\/mmkriepas.lv\/en\/","name":"MMK Riepas","description":"MMK Riepas","alternateName":"MMK Riepu Serviss","potentialAction":[{"@type":"SearchAction","target":{"@type":"EntryPoint","urlTemplate":"https:\/\/mmkriepas.lv\/en\/?s={search_term_string}"},"query-input":{"@type":"PropertyValueSpecification","valueRequired":true,"valueName":"search_term_string"}}],"inLanguage":"en-US"},{"@type":"ImageObject","inLanguage":"en-US","@id":"https:\/\/mmkriepas.lv\/en\/p\/215-55r16-austone-athena-sp-802-93v\/#local-main-organization-logo","url":"","contentUrl":"","caption":"MMK Riepas"}]},"product_brand":"Austone ATHENA SP-802","product_price_amount":"58.00","product_price_currency":"EUR","og_availability":"instock","product_availability":"instock","product_retailer_item_id":"TS2155516Austo-E25703","product_condition":"new"},"_links":{"self":[{"href":"https:\/\/mmkriepas.lv\/en\/wp-json\/wp\/v2\/product\/688302","targetHints":{"allow":["GET"]}}],"collection":[{"href":"https:\/\/mmkriepas.lv\/en\/wp-json\/wp\/v2\/product"}],"about":[{"href":"https:\/\/mmkriepas.lv\/en\/wp-json\/wp\/v2\/types\/product"}],"wp:featuredmedia":[{"embeddable":true,"href":"https:\/\/mmkriepas.lv\/en\/wp-json\/wp\/v2\/media\/915102"}],"wp:attachment":[{"href":"https:\/\/mmkriepas.lv\/en\/wp-json\/wp\/v2\/media?parent=688302"}],"wp:term":[{"taxonomy":"product_brand","embeddable":true,"href":"https:\/\/mmkriepas.lv\/en\/wp-json\/wp\/v2\/product_brand?post=688302"},{"taxonomy":"product_cat","embeddable":true,"href":"https:\/\/mmkriepas.lv\/en\/wp-json\/wp\/v2\/product_cat?post=688302"},{"taxonomy":"product_tag","embeddable":true,"href":"https:\/\/mmkriepas.lv\/en\/wp-json\/wp\/v2\/product_tag?post=688302"}],"curies":[{"name":"wp","href":"https:\/\/api.w.org\/{rel}","templated":true}]}}