{"id":688122,"date":"2023-04-05T16:23:59","date_gmt":"2023-04-05T13:23:59","guid":{"rendered":"https:\/\/mmkserviss.lv\/?post_type=product&#038;p=688122"},"modified":"2026-03-27T13:23:26","modified_gmt":"2026-03-27T11:23:26","slug":"265-35r18-rotalla-setula-s-race-ru01-97w-xl","status":"publish","type":"product","link":"https:\/\/mmkriepas.lv\/en\/p\/265-35r18-rotalla-setula-s-race-ru01-97w-xl\/","title":{"rendered":"265\/35R18 Rotalla Setula S-Race RU01 97W XL"},"content":{"rendered":"<p><b><span style=\"font-family: 'Arial',sans-serif;\">Rotalla Setula S-Race RU01 <\/span><\/b><span style=\"font-family: 'Arial',sans-serif;\">ir bud\u017eeta klases vasaras riepu modelis, kas izce\u013cas ar neticami labu cenas un veiktsp\u0113jas attiec\u012bbu. Turkl\u0101t, \u0161\u012b mode\u013ca asimetriskais protektora raksts nodro\u0161ina samazin\u0101tu akvaplan\u0113\u0161anas risku un protektora blokos izvietotie iegriezumi uzlabo veiktsp\u0113ju uz grants ce\u013ciem.<o:p><\/o:p><\/span><\/p>\n<p><b><span style=\"font-family: 'Arial',sans-serif;\">Setula S-Race RU01<\/span><\/b><strong><span style=\"font-family: 'Arial',sans-serif; font-weight: normal;\"> galven\u0101s iez\u012bmes:<\/span><\/strong><span style=\"font-family: 'Arial',sans-serif;\"><o:p><\/o:p><\/span><\/p>\n<p><span style=\"font-family: 'Arial',sans-serif;\">+ Samazin\u0101ts akvaplan\u0113\u0161anas risks;<o:p><\/o:p><\/span><\/p>\n<p><span style=\"font-family: 'Arial',sans-serif;\">+ Lieliska veiktsp\u0113ja gan uz asfalta, gan grants ce\u013ciem;<o:p><\/o:p><\/span><\/p>\n<p><span style=\"font-family: 'Arial',sans-serif;\">+ Degvielas ekonomija;<o:p><\/o:p><\/span><\/p>\n<p><span style=\"font-family: 'Arial',sans-serif;\">+ Palielin\u0101ts akustiskais komforts;<o:p><\/o:p><\/span><\/p>\n<p><span style=\"font-family: 'Arial',sans-serif;\">+ Neticami laba cenas un veiktsp\u0113jas attiec\u012bba.<o:p><\/o:p><\/span><\/p>\n<p><b><span style=\"font-family: 'Arial',sans-serif;\">Setula S-Race RU01<\/span><\/b><strong><span style=\"font-family: 'Arial',sans-serif; font-weight: normal;\"> apr\u012bkojums<\/span><\/strong><span style=\"font-family: 'Arial',sans-serif;\"><o:p><\/o:p><\/span><\/p>\n<p><strong><span style=\"font-family: 'Arial',sans-serif;\">Rotalla Setula S-Race RU01 <\/span><\/strong><span style=\"font-family: 'Arial',sans-serif;\">riepas apr\u012bkotas ar asimetrisku protektora rakstu, kas vienlaikus uzlabo akustisko komfortu, samazina degvielas pat\u0113ri\u0146u, k\u0101 ar\u012b samazina akvaplan\u0113\u0161anas risku.\u00a0<o:p><\/o:p><\/span><\/p>\n<p><span style=\"font-family: 'Arial',sans-serif;\">Protektora bloku virkn\u0113s iestr\u0101d\u0101ti iegriezumi, kas uzlabo veiktsp\u0113ju ar\u012b uz grants ce\u013ciem. Turkl\u0101t, protektors izgatavots no elastrom\u0113riem bag\u0101ta gumijas mais\u012bjuma, kas ne tikai nezaud\u0113 elast\u012bbu un formu \u013coti pla\u0161\u0101 temperat\u016bru diapazon\u0101, bet ar\u012b apsl\u0101p\u0113 ska\u0146u.<\/span><\/p>\n","protected":false},"excerpt":{"rendered":"<p><b><span style=\"font-family: 'Arial',sans-serif;\">Rotalla Setula S-Race RU01 <\/span><\/b><span style=\"font-family: 'Arial',sans-serif;\">ir bud\u017eeta klases vasaras riepu modelis, kas izce\u013cas ar neticami labu cenas un veiktsp\u0113jas attiec\u012bbu. Turkl\u0101t, \u0161\u012b mode\u013ca asimetriskais protektora raksts nodro\u0161ina samazin\u0101tu akvaplan\u0113\u0161anas risku un protektora blokos izvietotie iegriezumi uzlabo veiktsp\u0113ju uz grants ce\u013ciem.<\/span><\/p>\n","protected":false},"featured_media":1242092,"template":"","meta":{"_acf_changed":false,"ngg_post_thumbnail":0},"product_brand":[],"product_cat":[46],"product_tag":[],"class_list":{"0":"post-688122","1":"product","2":"type-product","3":"status-publish","4":"has-post-thumbnail","6":"product_cat-vasaras-riepas","8":"first","9":"instock","10":"sale","11":"taxable","12":"shipping-taxable","13":"purchasable","14":"product-type-simple"},"acf":[],"yoast_head":"<!-- This site is optimized with the Yoast SEO Premium plugin v22.6 (Yoast SEO v27.3) - https:\/\/yoast.com\/product\/yoast-seo-premium-wordpress\/ -->\n<title>265\/35R18 Rotalla Setula S-Race RU01 97W XL &#8226; MMK Riepas<\/title>\n<meta name=\"robots\" content=\"index, follow, max-snippet:-1, max-image-preview:large, max-video-preview:-1\" \/>\n<link rel=\"canonical\" href=\"https:\/\/mmkriepas.lv\/en\/p\/265-35r18-rotalla-setula-s-race-ru01-97w-xl\/\" \/>\n<meta property=\"og:locale\" content=\"en_US\" \/>\n<meta property=\"og:type\" content=\"article\" \/>\n<meta property=\"og:title\" content=\"265\/35R18 Rotalla Setula S-Race RU01 97W XL\" \/>\n<meta property=\"og:description\" content=\"Rotalla Setula S-Race RU01 ir bud\u017eeta klases vasaras riepu modelis, kas izce\u013cas ar neticami labu cenas un veiktsp\u0113jas attiec\u012bbu. Turkl\u0101t, \u0161\u012b mode\u013ca asimetriskais protektora raksts nodro\u0161ina samazin\u0101tu akvaplan\u0113\u0161anas risku un protektora blokos izvietotie iegriezumi uzlabo veiktsp\u0113ju uz grants ce\u013ciem.\" \/>\n<meta property=\"og:url\" content=\"https:\/\/mmkriepas.lv\/en\/p\/265-35r18-rotalla-setula-s-race-ru01-97w-xl\/\" \/>\n<meta property=\"og:site_name\" content=\"MMK Riepas\" \/>\n<meta property=\"article:publisher\" content=\"https:\/\/www.facebook.com\/mmkserviss\/\" \/>\n<meta property=\"article:modified_time\" content=\"2026-03-27T11:23:26+00:00\" \/>\n<meta property=\"og:image\" content=\"https:\/\/mmkriepas.lv\/wp-content\/uploads\/2025\/06\/25535r18-rotalla-setula-s-race-ru01-94w-dot21-demo-vasaras-riepas.jpg\" \/>\n\t<meta property=\"og:image:width\" content=\"900\" \/>\n\t<meta property=\"og:image:height\" content=\"720\" \/>\n\t<meta property=\"og:image:type\" content=\"image\/jpeg\" \/>\n<meta name=\"twitter:card\" content=\"summary_large_image\" \/>\n<meta name=\"twitter:label1\" content=\"Price\" \/>\n\t<meta name=\"twitter:data1\" content=\"&euro;76.00\" \/>\n\t<meta name=\"twitter:label2\" content=\"Availability\" \/>\n\t<meta name=\"twitter:data2\" content=\"In stock\" \/>\n<script type=\"application\/ld+json\" class=\"yoast-schema-graph\">{\"@context\":\"https:\\\/\\\/schema.org\",\"@graph\":[{\"@type\":\"WebPage\",\"@id\":\"https:\\\/\\\/mmkriepas.lv\\\/en\\\/p\\\/265-35r18-rotalla-setula-s-race-ru01-97w-xl\\\/\",\"url\":\"https:\\\/\\\/mmkriepas.lv\\\/en\\\/p\\\/265-35r18-rotalla-setula-s-race-ru01-97w-xl\\\/\",\"name\":\"265\\\/35R18 Rotalla Setula S-Race RU01 97W XL &#8226; MMK Riepas\",\"isPartOf\":{\"@id\":\"https:\\\/\\\/mmkriepas.lv\\\/en\\\/#website\"},\"primaryImageOfPage\":{\"@id\":\"https:\\\/\\\/mmkriepas.lv\\\/en\\\/p\\\/265-35r18-rotalla-setula-s-race-ru01-97w-xl\\\/#primaryimage\"},\"image\":{\"@id\":\"https:\\\/\\\/mmkriepas.lv\\\/en\\\/p\\\/265-35r18-rotalla-setula-s-race-ru01-97w-xl\\\/#primaryimage\"},\"thumbnailUrl\":\"https:\\\/\\\/mmkriepas.lv\\\/wp-content\\\/uploads\\\/2025\\\/06\\\/25535r18-rotalla-setula-s-race-ru01-94w-dot21-demo-vasaras-riepas.jpg\",\"datePublished\":\"2023-04-05T13:23:59+00:00\",\"dateModified\":\"2026-03-27T11:23:26+00:00\",\"breadcrumb\":{\"@id\":\"https:\\\/\\\/mmkriepas.lv\\\/en\\\/p\\\/265-35r18-rotalla-setula-s-race-ru01-97w-xl\\\/#breadcrumb\"},\"inLanguage\":\"en-US\",\"potentialAction\":[{\"@type\":\"ReadAction\",\"target\":[\"https:\\\/\\\/mmkriepas.lv\\\/en\\\/p\\\/265-35r18-rotalla-setula-s-race-ru01-97w-xl\\\/\"]}]},{\"@type\":\"ImageObject\",\"inLanguage\":\"en-US\",\"@id\":\"https:\\\/\\\/mmkriepas.lv\\\/en\\\/p\\\/265-35r18-rotalla-setula-s-race-ru01-97w-xl\\\/#primaryimage\",\"url\":\"https:\\\/\\\/mmkriepas.lv\\\/wp-content\\\/uploads\\\/2025\\\/06\\\/25535r18-rotalla-setula-s-race-ru01-94w-dot21-demo-vasaras-riepas.jpg\",\"contentUrl\":\"https:\\\/\\\/mmkriepas.lv\\\/wp-content\\\/uploads\\\/2025\\\/06\\\/25535r18-rotalla-setula-s-race-ru01-94w-dot21-demo-vasaras-riepas.jpg\",\"width\":900,\"height\":720,\"caption\":\"MAIN\"},{\"@type\":\"BreadcrumbList\",\"@id\":\"https:\\\/\\\/mmkriepas.lv\\\/en\\\/p\\\/265-35r18-rotalla-setula-s-race-ru01-97w-xl\\\/#breadcrumb\",\"itemListElement\":[{\"@type\":\"ListItem\",\"position\":1,\"name\":\"S\u0101kums\",\"item\":\"https:\\\/\\\/mmkriepas.lv\\\/en\\\/\"},{\"@type\":\"ListItem\",\"position\":2,\"name\":\"265\\\/35R18 Rotalla Setula S-Race RU01 97W XL\"}]},{\"@type\":\"WebSite\",\"@id\":\"https:\\\/\\\/mmkriepas.lv\\\/en\\\/#website\",\"url\":\"https:\\\/\\\/mmkriepas.lv\\\/en\\\/\",\"name\":\"MMK Riepas\",\"description\":\"MMK Riepas\",\"alternateName\":\"MMK Riepu Serviss\",\"potentialAction\":[{\"@type\":\"SearchAction\",\"target\":{\"@type\":\"EntryPoint\",\"urlTemplate\":\"https:\\\/\\\/mmkriepas.lv\\\/en\\\/?s={search_term_string}\"},\"query-input\":{\"@type\":\"PropertyValueSpecification\",\"valueRequired\":true,\"valueName\":\"search_term_string\"}}],\"inLanguage\":\"en-US\"},{\"@type\":\"ImageObject\",\"inLanguage\":\"en-US\",\"@id\":\"https:\\\/\\\/mmkriepas.lv\\\/en\\\/p\\\/265-35r18-rotalla-setula-s-race-ru01-97w-xl\\\/#local-main-organization-logo\",\"url\":\"\",\"contentUrl\":\"\",\"caption\":\"MMK Riepas\"}]}<\/script>\n<meta property=\"product:brand\" content=\"Rotalla Setula S-Race RU01\" \/>\n<meta property=\"product:price:amount\" content=\"76.00\" \/>\n<meta property=\"product:price:currency\" content=\"EUR\" \/>\n<meta property=\"og:availability\" content=\"instock\" \/>\n<meta property=\"product:availability\" content=\"instock\" \/>\n<meta property=\"product:retailer_item_id\" content=\"TS2653518ROTAL-L25661\" \/>\n<meta property=\"product:condition\" content=\"new\" \/>\n<!-- \/ Yoast SEO Premium plugin. -->","yoast_head_json":{"title":"265\/35R18 Rotalla Setula S-Race RU01 97W XL &#8226; MMK Riepas","robots":{"index":"index","follow":"follow","max-snippet":"max-snippet:-1","max-image-preview":"max-image-preview:large","max-video-preview":"max-video-preview:-1"},"canonical":"https:\/\/mmkriepas.lv\/en\/p\/265-35r18-rotalla-setula-s-race-ru01-97w-xl\/","og_locale":"en_US","og_type":"article","og_title":"265\/35R18 Rotalla Setula S-Race RU01 97W XL","og_description":"Rotalla Setula S-Race RU01 ir bud\u017eeta klases vasaras riepu modelis, kas izce\u013cas ar neticami labu cenas un veiktsp\u0113jas attiec\u012bbu. Turkl\u0101t, \u0161\u012b mode\u013ca asimetriskais protektora raksts nodro\u0161ina samazin\u0101tu akvaplan\u0113\u0161anas risku un protektora blokos izvietotie iegriezumi uzlabo veiktsp\u0113ju uz grants ce\u013ciem.","og_url":"https:\/\/mmkriepas.lv\/en\/p\/265-35r18-rotalla-setula-s-race-ru01-97w-xl\/","og_site_name":"MMK Riepas","article_publisher":"https:\/\/www.facebook.com\/mmkserviss\/","article_modified_time":"2026-03-27T11:23:26+00:00","og_image":[{"width":900,"height":720,"url":"https:\/\/mmkriepas.lv\/wp-content\/uploads\/2025\/06\/25535r18-rotalla-setula-s-race-ru01-94w-dot21-demo-vasaras-riepas.jpg","type":"image\/jpeg"}],"twitter_card":"summary_large_image","twitter_misc":{"Price":"&euro;76.00","Availability":"In stock"},"schema":{"@context":"https:\/\/schema.org","@graph":[{"@type":"WebPage","@id":"https:\/\/mmkriepas.lv\/en\/p\/265-35r18-rotalla-setula-s-race-ru01-97w-xl\/","url":"https:\/\/mmkriepas.lv\/en\/p\/265-35r18-rotalla-setula-s-race-ru01-97w-xl\/","name":"265\/35R18 Rotalla Setula S-Race RU01 97W XL &#8226; MMK Riepas","isPartOf":{"@id":"https:\/\/mmkriepas.lv\/en\/#website"},"primaryImageOfPage":{"@id":"https:\/\/mmkriepas.lv\/en\/p\/265-35r18-rotalla-setula-s-race-ru01-97w-xl\/#primaryimage"},"image":{"@id":"https:\/\/mmkriepas.lv\/en\/p\/265-35r18-rotalla-setula-s-race-ru01-97w-xl\/#primaryimage"},"thumbnailUrl":"https:\/\/mmkriepas.lv\/wp-content\/uploads\/2025\/06\/25535r18-rotalla-setula-s-race-ru01-94w-dot21-demo-vasaras-riepas.jpg","datePublished":"2023-04-05T13:23:59+00:00","dateModified":"2026-03-27T11:23:26+00:00","breadcrumb":{"@id":"https:\/\/mmkriepas.lv\/en\/p\/265-35r18-rotalla-setula-s-race-ru01-97w-xl\/#breadcrumb"},"inLanguage":"en-US","potentialAction":[{"@type":"ReadAction","target":["https:\/\/mmkriepas.lv\/en\/p\/265-35r18-rotalla-setula-s-race-ru01-97w-xl\/"]}]},{"@type":"ImageObject","inLanguage":"en-US","@id":"https:\/\/mmkriepas.lv\/en\/p\/265-35r18-rotalla-setula-s-race-ru01-97w-xl\/#primaryimage","url":"https:\/\/mmkriepas.lv\/wp-content\/uploads\/2025\/06\/25535r18-rotalla-setula-s-race-ru01-94w-dot21-demo-vasaras-riepas.jpg","contentUrl":"https:\/\/mmkriepas.lv\/wp-content\/uploads\/2025\/06\/25535r18-rotalla-setula-s-race-ru01-94w-dot21-demo-vasaras-riepas.jpg","width":900,"height":720,"caption":"MAIN"},{"@type":"BreadcrumbList","@id":"https:\/\/mmkriepas.lv\/en\/p\/265-35r18-rotalla-setula-s-race-ru01-97w-xl\/#breadcrumb","itemListElement":[{"@type":"ListItem","position":1,"name":"S\u0101kums","item":"https:\/\/mmkriepas.lv\/en\/"},{"@type":"ListItem","position":2,"name":"265\/35R18 Rotalla Setula S-Race RU01 97W XL"}]},{"@type":"WebSite","@id":"https:\/\/mmkriepas.lv\/en\/#website","url":"https:\/\/mmkriepas.lv\/en\/","name":"MMK Riepas","description":"MMK Riepas","alternateName":"MMK Riepu Serviss","potentialAction":[{"@type":"SearchAction","target":{"@type":"EntryPoint","urlTemplate":"https:\/\/mmkriepas.lv\/en\/?s={search_term_string}"},"query-input":{"@type":"PropertyValueSpecification","valueRequired":true,"valueName":"search_term_string"}}],"inLanguage":"en-US"},{"@type":"ImageObject","inLanguage":"en-US","@id":"https:\/\/mmkriepas.lv\/en\/p\/265-35r18-rotalla-setula-s-race-ru01-97w-xl\/#local-main-organization-logo","url":"","contentUrl":"","caption":"MMK Riepas"}]},"product_brand":"Rotalla Setula S-Race RU01","product_price_amount":"76.00","product_price_currency":"EUR","og_availability":"instock","product_availability":"instock","product_retailer_item_id":"TS2653518ROTAL-L25661","product_condition":"new"},"_links":{"self":[{"href":"https:\/\/mmkriepas.lv\/en\/wp-json\/wp\/v2\/product\/688122","targetHints":{"allow":["GET"]}}],"collection":[{"href":"https:\/\/mmkriepas.lv\/en\/wp-json\/wp\/v2\/product"}],"about":[{"href":"https:\/\/mmkriepas.lv\/en\/wp-json\/wp\/v2\/types\/product"}],"wp:featuredmedia":[{"embeddable":true,"href":"https:\/\/mmkriepas.lv\/en\/wp-json\/wp\/v2\/media\/1242092"}],"wp:attachment":[{"href":"https:\/\/mmkriepas.lv\/en\/wp-json\/wp\/v2\/media?parent=688122"}],"wp:term":[{"taxonomy":"product_brand","embeddable":true,"href":"https:\/\/mmkriepas.lv\/en\/wp-json\/wp\/v2\/product_brand?post=688122"},{"taxonomy":"product_cat","embeddable":true,"href":"https:\/\/mmkriepas.lv\/en\/wp-json\/wp\/v2\/product_cat?post=688122"},{"taxonomy":"product_tag","embeddable":true,"href":"https:\/\/mmkriepas.lv\/en\/wp-json\/wp\/v2\/product_tag?post=688122"}],"curies":[{"name":"wp","href":"https:\/\/api.w.org\/{rel}","templated":true}]}}