{"id":683144,"date":"2023-03-27T15:45:17","date_gmt":"2023-03-27T12:45:17","guid":{"rendered":"https:\/\/mmkserviss.lv\/?post_type=product&#038;p=683144"},"modified":"2024-05-23T14:57:57","modified_gmt":"2024-05-23T11:57:57","slug":"205-55r16-dunlop-sport-bluresponse-91v","status":"publish","type":"product","link":"https:\/\/mmkriepas.lv\/en\/p\/205-55r16-dunlop-sport-bluresponse-91v\/","title":{"rendered":"205\/55R16 Dunlop Sport BluResponse 91V"},"content":{"rendered":"<p align=\"left\"><span style=\"color: #000000;\"><span style=\"font-family: Arial, sans-serif;\"><span style=\"font-size: small;\"><b>Dunlop Sport BluResponse <\/b>ir augst\u0101k\u0101s kvalit\u0101tes, premium klases vasaras riepu modelis. Tas izce\u013cas ar izciliem brauk\u0161anas komforta, degvielas ekonomijas, manevr\u0113tsp\u0113jas un sa\u0137eres r\u0101d\u012bt\u0101jiem gan uz sausa, gan slapja asfalta.<\/span><\/span><\/span><\/p>\n<h3 class=\"western\" align=\"left\"><span style=\"color: #000000;\"><span style=\"font-family: Arial, sans-serif;\"><b>Dunlop Sport BluResponse galven\u0101s \u012bpa\u0161\u012bbas:<\/b><\/span><\/span><\/h3>\n<h3 class=\"western\" align=\"left\"><span style=\"color: #000000;\"><span style=\"font-family: Arial, sans-serif;\"><span style=\"font-size: small;\">+ Lieli \u0101truma indeksi \u013cauj dro\u0161i ar \u0161\u012bm riep\u0101m p\u0101rvietoties pa Rietumeiropas \u0101trgaitas \u0161osej\u0101m.<br \/>+ Riepu giganta Dunlop vado\u0161ie tehnolo\u0123iskie risin\u0101jumi!<br \/>+ Zems akvaplan\u0113\u0161anas risks pat liel\u0101 brauk\u0161anas \u0101trum\u0101.<br \/>+ Zems degvielas pat\u0113ri\u0146\u0161.<br \/>+ Izteikts akustiskais un brauk\u0161anas gaitas komforts.<\/span><\/span><\/span><\/h3>\n<h3 class=\"western\" align=\"left\"><span style=\"color: #000000;\"><span style=\"font-family: Arial, sans-serif;\"><span style=\"font-size: large;\"><b>BluResponse apr\u012bkojums<\/b><\/span><\/span><\/span><\/h3>\n<p align=\"left\"><span style=\"color: #000000;\"><span style=\"font-family: Arial, sans-serif;\"><b>Dunlop Sport BluResponse <\/b>vasaras riepu modelis apr\u012bkots ar asimetrisko protektora rakstu. \u0160\u0101ds dizains sev\u012b apvieno izcilus komforta un dro\u0161\u012bbas r\u0101d\u012bt\u0101jus gan uz sausa, gan ar\u012b slapja asfalta.\u00a0<\/span><\/span><\/p>\n<p align=\"left\"><span style=\"color: #000000;\"><span style=\"font-family: Arial, sans-serif;\">Izcila dro\u0161\u012bba mitros apst\u0101k\u013cos, pateicoties augstajam sil\u012bcija dioks\u012bda saturam riepas gumijas sast\u0101v\u0101. Lab\u0101ka sa\u0137ere un brauk\u0161anas komforts ar samazin\u0101tu trok\u0161\u0146u l\u012bmeni.<\/span><\/span><\/p>\n<p align=\"left\"><span style=\"color: #000000;\"><span style=\"font-family: Arial, sans-serif;\">Samazin\u0101ta rites pretest\u012bba (degvielas pat\u0113ri\u0146\u0161) un uzlabota nodilumiztur\u012bba, pateicoties unik\u0101lam protektora bloku izvietojumam.<\/span><\/span><\/p>\n<p align=\"left\"><span style=\"color: #000000;\"><span style=\"font-family: Arial, sans-serif;\">\u0160is Dunlop riepu modelis izveidots, vadoties p\u0113c desmitgad\u0113m ilgas pieredzes auto un motosport\u0101. Tas nodro\u0161ina lielisku sa\u0137eri vasaras brauk\u0161anas apst\u0101k\u013cos.<\/span><\/span><\/p>\n","protected":false},"excerpt":{"rendered":"<p><span style=\"color: #000000;\"><span style=\"font-family: Arial, sans-serif;\"><span style=\"font-size: small;\"><b>Dunlop Sport BluResponse <\/b>ir augst\u0101k\u0101s kvalit\u0101tes, premium klases vasaras riepu modelis. Tas izce\u013cas ar izciliem brauk\u0161anas komforta, degvielas ekonomijas, manevr\u0113tsp\u0113jas un sa\u0137eres r\u0101d\u012bt\u0101jiem gan uz sausa, gan slapja asfalta.<\/span><\/span><\/span><\/p>\n","protected":false},"featured_media":1222453,"template":"","meta":{"_acf_changed":false,"ngg_post_thumbnail":0},"product_brand":[],"product_cat":[46],"product_tag":[],"class_list":{"0":"post-683144","1":"product","2":"type-product","3":"status-publish","4":"has-post-thumbnail","6":"product_cat-vasaras-riepas","8":"first","9":"instock","10":"sale","11":"taxable","12":"shipping-taxable","13":"product-type-simple"},"acf":[],"yoast_head":"<!-- This site is optimized with the Yoast SEO Premium plugin v22.6 (Yoast SEO v27.3) - https:\/\/yoast.com\/product\/yoast-seo-premium-wordpress\/ -->\n<title>205\/55R16 Dunlop Sport BluResponse 91V &#8226; MMK Riepas<\/title>\n<meta name=\"robots\" content=\"index, follow, max-snippet:-1, max-image-preview:large, max-video-preview:-1\" \/>\n<link rel=\"canonical\" href=\"https:\/\/mmkriepas.lv\/en\/p\/205-55r16-dunlop-sport-bluresponse-91v\/\" \/>\n<meta property=\"og:locale\" content=\"en_US\" \/>\n<meta property=\"og:type\" content=\"article\" \/>\n<meta property=\"og:title\" content=\"205\/55R16 Dunlop Sport BluResponse 91V\" \/>\n<meta property=\"og:description\" content=\"Dunlop Sport BluResponse ir augst\u0101k\u0101s kvalit\u0101tes, premium klases vasaras riepu modelis. Tas izce\u013cas ar izciliem brauk\u0161anas komforta, degvielas ekonomijas, manevr\u0113tsp\u0113jas un sa\u0137eres r\u0101d\u012bt\u0101jiem gan uz sausa, gan slapja asfalta.\" \/>\n<meta property=\"og:url\" content=\"https:\/\/mmkriepas.lv\/en\/p\/205-55r16-dunlop-sport-bluresponse-91v\/\" \/>\n<meta property=\"og:site_name\" content=\"MMK Riepas\" \/>\n<meta property=\"article:publisher\" content=\"https:\/\/www.facebook.com\/mmkserviss\/\" \/>\n<meta property=\"article:modified_time\" content=\"2024-05-23T11:57:57+00:00\" \/>\n<meta property=\"og:image\" content=\"https:\/\/mmkriepas.lv\/wp-content\/uploads\/2025\/04\/DUNLOP_SPORT_BLURESPONSE.jpg\" \/>\n\t<meta property=\"og:image:width\" content=\"900\" \/>\n\t<meta property=\"og:image:height\" content=\"720\" \/>\n\t<meta property=\"og:image:type\" content=\"image\/jpeg\" \/>\n<meta name=\"twitter:card\" content=\"summary_large_image\" \/>\n<meta name=\"twitter:label1\" content=\"Price\" \/>\n\t<meta name=\"twitter:data1\" content=\"&euro;88.50\" \/>\n\t<meta name=\"twitter:label2\" content=\"Availability\" \/>\n\t<meta name=\"twitter:data2\" content=\"In stock\" \/>\n<script type=\"application\/ld+json\" class=\"yoast-schema-graph\">{\"@context\":\"https:\\\/\\\/schema.org\",\"@graph\":[{\"@type\":\"WebPage\",\"@id\":\"https:\\\/\\\/mmkriepas.lv\\\/en\\\/p\\\/205-55r16-dunlop-sport-bluresponse-91v\\\/\",\"url\":\"https:\\\/\\\/mmkriepas.lv\\\/en\\\/p\\\/205-55r16-dunlop-sport-bluresponse-91v\\\/\",\"name\":\"205\\\/55R16 Dunlop Sport BluResponse 91V &#8226; MMK Riepas\",\"isPartOf\":{\"@id\":\"https:\\\/\\\/mmkriepas.lv\\\/en\\\/#website\"},\"primaryImageOfPage\":{\"@id\":\"https:\\\/\\\/mmkriepas.lv\\\/en\\\/p\\\/205-55r16-dunlop-sport-bluresponse-91v\\\/#primaryimage\"},\"image\":{\"@id\":\"https:\\\/\\\/mmkriepas.lv\\\/en\\\/p\\\/205-55r16-dunlop-sport-bluresponse-91v\\\/#primaryimage\"},\"thumbnailUrl\":\"https:\\\/\\\/mmkriepas.lv\\\/wp-content\\\/uploads\\\/2025\\\/04\\\/DUNLOP_SPORT_BLURESPONSE.jpg\",\"datePublished\":\"2023-03-27T12:45:17+00:00\",\"dateModified\":\"2024-05-23T11:57:57+00:00\",\"breadcrumb\":{\"@id\":\"https:\\\/\\\/mmkriepas.lv\\\/en\\\/p\\\/205-55r16-dunlop-sport-bluresponse-91v\\\/#breadcrumb\"},\"inLanguage\":\"en-US\",\"potentialAction\":[{\"@type\":\"ReadAction\",\"target\":[\"https:\\\/\\\/mmkriepas.lv\\\/en\\\/p\\\/205-55r16-dunlop-sport-bluresponse-91v\\\/\"]}]},{\"@type\":\"ImageObject\",\"inLanguage\":\"en-US\",\"@id\":\"https:\\\/\\\/mmkriepas.lv\\\/en\\\/p\\\/205-55r16-dunlop-sport-bluresponse-91v\\\/#primaryimage\",\"url\":\"https:\\\/\\\/mmkriepas.lv\\\/wp-content\\\/uploads\\\/2025\\\/04\\\/DUNLOP_SPORT_BLURESPONSE.jpg\",\"contentUrl\":\"https:\\\/\\\/mmkriepas.lv\\\/wp-content\\\/uploads\\\/2025\\\/04\\\/DUNLOP_SPORT_BLURESPONSE.jpg\",\"width\":900,\"height\":720,\"caption\":\"MAIN\"},{\"@type\":\"BreadcrumbList\",\"@id\":\"https:\\\/\\\/mmkriepas.lv\\\/en\\\/p\\\/205-55r16-dunlop-sport-bluresponse-91v\\\/#breadcrumb\",\"itemListElement\":[{\"@type\":\"ListItem\",\"position\":1,\"name\":\"S\u0101kums\",\"item\":\"https:\\\/\\\/mmkriepas.lv\\\/en\\\/\"},{\"@type\":\"ListItem\",\"position\":2,\"name\":\"205\\\/55R16 Dunlop Sport BluResponse 91V\"}]},{\"@type\":\"WebSite\",\"@id\":\"https:\\\/\\\/mmkriepas.lv\\\/en\\\/#website\",\"url\":\"https:\\\/\\\/mmkriepas.lv\\\/en\\\/\",\"name\":\"MMK Riepas\",\"description\":\"MMK Riepas\",\"alternateName\":\"MMK Riepu Serviss\",\"potentialAction\":[{\"@type\":\"SearchAction\",\"target\":{\"@type\":\"EntryPoint\",\"urlTemplate\":\"https:\\\/\\\/mmkriepas.lv\\\/en\\\/?s={search_term_string}\"},\"query-input\":{\"@type\":\"PropertyValueSpecification\",\"valueRequired\":true,\"valueName\":\"search_term_string\"}}],\"inLanguage\":\"en-US\"},{\"@type\":\"ImageObject\",\"inLanguage\":\"en-US\",\"@id\":\"https:\\\/\\\/mmkriepas.lv\\\/en\\\/p\\\/205-55r16-dunlop-sport-bluresponse-91v\\\/#local-main-organization-logo\",\"url\":\"\",\"contentUrl\":\"\",\"caption\":\"MMK Riepas\"}]}<\/script>\n<meta property=\"product:brand\" content=\"Dunlop Sport BluResponse\" \/>\n<meta property=\"product:price:amount\" content=\"88.50\" \/>\n<meta property=\"product:price:currency\" content=\"EUR\" \/>\n<meta property=\"og:availability\" content=\"instock\" \/>\n<meta property=\"product:availability\" content=\"instock\" \/>\n<meta property=\"product:retailer_item_id\" content=\"TS2055516DUNLO-L24749\" \/>\n<meta property=\"product:condition\" content=\"new\" \/>\n<!-- \/ Yoast SEO Premium plugin. -->","yoast_head_json":{"title":"205\/55R16 Dunlop Sport BluResponse 91V &#8226; MMK Riepas","robots":{"index":"index","follow":"follow","max-snippet":"max-snippet:-1","max-image-preview":"max-image-preview:large","max-video-preview":"max-video-preview:-1"},"canonical":"https:\/\/mmkriepas.lv\/en\/p\/205-55r16-dunlop-sport-bluresponse-91v\/","og_locale":"en_US","og_type":"article","og_title":"205\/55R16 Dunlop Sport BluResponse 91V","og_description":"Dunlop Sport BluResponse ir augst\u0101k\u0101s kvalit\u0101tes, premium klases vasaras riepu modelis. Tas izce\u013cas ar izciliem brauk\u0161anas komforta, degvielas ekonomijas, manevr\u0113tsp\u0113jas un sa\u0137eres r\u0101d\u012bt\u0101jiem gan uz sausa, gan slapja asfalta.","og_url":"https:\/\/mmkriepas.lv\/en\/p\/205-55r16-dunlop-sport-bluresponse-91v\/","og_site_name":"MMK Riepas","article_publisher":"https:\/\/www.facebook.com\/mmkserviss\/","article_modified_time":"2024-05-23T11:57:57+00:00","og_image":[{"width":900,"height":720,"url":"https:\/\/mmkriepas.lv\/wp-content\/uploads\/2025\/04\/DUNLOP_SPORT_BLURESPONSE.jpg","type":"image\/jpeg"}],"twitter_card":"summary_large_image","twitter_misc":{"Price":"&euro;88.50","Availability":"In stock"},"schema":{"@context":"https:\/\/schema.org","@graph":[{"@type":"WebPage","@id":"https:\/\/mmkriepas.lv\/en\/p\/205-55r16-dunlop-sport-bluresponse-91v\/","url":"https:\/\/mmkriepas.lv\/en\/p\/205-55r16-dunlop-sport-bluresponse-91v\/","name":"205\/55R16 Dunlop Sport BluResponse 91V &#8226; MMK Riepas","isPartOf":{"@id":"https:\/\/mmkriepas.lv\/en\/#website"},"primaryImageOfPage":{"@id":"https:\/\/mmkriepas.lv\/en\/p\/205-55r16-dunlop-sport-bluresponse-91v\/#primaryimage"},"image":{"@id":"https:\/\/mmkriepas.lv\/en\/p\/205-55r16-dunlop-sport-bluresponse-91v\/#primaryimage"},"thumbnailUrl":"https:\/\/mmkriepas.lv\/wp-content\/uploads\/2025\/04\/DUNLOP_SPORT_BLURESPONSE.jpg","datePublished":"2023-03-27T12:45:17+00:00","dateModified":"2024-05-23T11:57:57+00:00","breadcrumb":{"@id":"https:\/\/mmkriepas.lv\/en\/p\/205-55r16-dunlop-sport-bluresponse-91v\/#breadcrumb"},"inLanguage":"en-US","potentialAction":[{"@type":"ReadAction","target":["https:\/\/mmkriepas.lv\/en\/p\/205-55r16-dunlop-sport-bluresponse-91v\/"]}]},{"@type":"ImageObject","inLanguage":"en-US","@id":"https:\/\/mmkriepas.lv\/en\/p\/205-55r16-dunlop-sport-bluresponse-91v\/#primaryimage","url":"https:\/\/mmkriepas.lv\/wp-content\/uploads\/2025\/04\/DUNLOP_SPORT_BLURESPONSE.jpg","contentUrl":"https:\/\/mmkriepas.lv\/wp-content\/uploads\/2025\/04\/DUNLOP_SPORT_BLURESPONSE.jpg","width":900,"height":720,"caption":"MAIN"},{"@type":"BreadcrumbList","@id":"https:\/\/mmkriepas.lv\/en\/p\/205-55r16-dunlop-sport-bluresponse-91v\/#breadcrumb","itemListElement":[{"@type":"ListItem","position":1,"name":"S\u0101kums","item":"https:\/\/mmkriepas.lv\/en\/"},{"@type":"ListItem","position":2,"name":"205\/55R16 Dunlop Sport BluResponse 91V"}]},{"@type":"WebSite","@id":"https:\/\/mmkriepas.lv\/en\/#website","url":"https:\/\/mmkriepas.lv\/en\/","name":"MMK Riepas","description":"MMK Riepas","alternateName":"MMK Riepu Serviss","potentialAction":[{"@type":"SearchAction","target":{"@type":"EntryPoint","urlTemplate":"https:\/\/mmkriepas.lv\/en\/?s={search_term_string}"},"query-input":{"@type":"PropertyValueSpecification","valueRequired":true,"valueName":"search_term_string"}}],"inLanguage":"en-US"},{"@type":"ImageObject","inLanguage":"en-US","@id":"https:\/\/mmkriepas.lv\/en\/p\/205-55r16-dunlop-sport-bluresponse-91v\/#local-main-organization-logo","url":"","contentUrl":"","caption":"MMK Riepas"}]},"product_brand":"Dunlop Sport BluResponse","product_price_amount":"88.50","product_price_currency":"EUR","og_availability":"instock","product_availability":"instock","product_retailer_item_id":"TS2055516DUNLO-L24749","product_condition":"new"},"_links":{"self":[{"href":"https:\/\/mmkriepas.lv\/en\/wp-json\/wp\/v2\/product\/683144","targetHints":{"allow":["GET"]}}],"collection":[{"href":"https:\/\/mmkriepas.lv\/en\/wp-json\/wp\/v2\/product"}],"about":[{"href":"https:\/\/mmkriepas.lv\/en\/wp-json\/wp\/v2\/types\/product"}],"wp:featuredmedia":[{"embeddable":true,"href":"https:\/\/mmkriepas.lv\/en\/wp-json\/wp\/v2\/media\/1222453"}],"wp:attachment":[{"href":"https:\/\/mmkriepas.lv\/en\/wp-json\/wp\/v2\/media?parent=683144"}],"wp:term":[{"taxonomy":"product_brand","embeddable":true,"href":"https:\/\/mmkriepas.lv\/en\/wp-json\/wp\/v2\/product_brand?post=683144"},{"taxonomy":"product_cat","embeddable":true,"href":"https:\/\/mmkriepas.lv\/en\/wp-json\/wp\/v2\/product_cat?post=683144"},{"taxonomy":"product_tag","embeddable":true,"href":"https:\/\/mmkriepas.lv\/en\/wp-json\/wp\/v2\/product_tag?post=683144"}],"curies":[{"name":"wp","href":"https:\/\/api.w.org\/{rel}","templated":true}]}}