{"id":683128,"date":"2023-03-27T15:44:39","date_gmt":"2023-03-27T12:44:39","guid":{"rendered":"https:\/\/mmkserviss.lv\/?post_type=product&#038;p=683128"},"modified":"2025-04-28T12:48:32","modified_gmt":"2025-04-28T09:48:32","slug":"215-60r16-mrf-wanderer-street-ecotred-a1-95h-2","status":"publish","type":"product","link":"https:\/\/mmkriepas.lv\/en\/p\/215-60r16-mrf-wanderer-street-ecotred-a1-95h-2\/","title":{"rendered":"215\/60R16 MRF Wanderer Street Ecotred A1 95H"},"content":{"rendered":"<p><strong>MRF Wanderer Street<\/strong> ir kvalit\u0101t\u012bvas vasaras riepas, kuras piem\u0113rotas vieglajiem, krosoveriem un SUV automa\u0161\u012bn\u0101m. Riepas rakstur\u012bpa\u0161\u012bbas demonstr\u0113 augstu stabilit\u0101ti, nodilumiztur\u012bbu, degvielas ekonomiju un paaugstin\u0101tu brauk\u0161anas komfortu.<\/p>\n<h3>Wanderer Street galven\u0101s iez\u012bmes:<\/h3>\n<p>+ \u00a0Zemi dilst\u012bbas r\u0101d\u012bt\u0101ji.<\/p>\n<p>+ Pastiprin\u0101ti borti!<\/p>\n<p>+ Labi stabilit\u0101tes r\u0101d\u012bt\u0101ji ar\u012b pie liel\u0101ka \u0101truma.<\/p>\n<p>+ Samazin\u0101ta rites pretest\u012bbu!<\/p>\n<p>+ Augsts akustiskais komforts.<\/p>\n<h3>Wanderer Street apr\u012bkojums:<\/h3>\n<p>MRF Wanderer Street protektors ir datora veidots, kas sev\u012b iek\u013cauj &#8211; \u010detras garenisk\u0101s rievas, palielin\u0101tai efektivit\u0101ti uz slapj\u0101m virsm\u0101m, samazinot akvaplan\u0113\u0161anas risku. Elementu izvietojums ar nob\u012bdi attiec\u012bb\u0101 vienam pret otru samazina troksni, un \u201cmini bloki\u201d plecu zon\u0101s palielina stabilit\u0101ti pagriezienos. Simetriskais protektora raksts uzlabo akustisko komfortu un vad\u0101m\u012bbu, atrodoties ce\u013c\u0101.<\/p>\n<p><strong>Uzman\u012bbu:<\/strong> Uz vasaras riepu s\u0101nu bortiem var b\u016bt apz\u012bm\u0113jums M+S. \u0160is apz\u012bm\u0113jums nenoz\u012bm\u0113, ka t\u0101s ir M+S riepas un nav paredz\u0113ts ekspluat\u0113t Latvijas ziemas apst\u0101k\u013cos! S\u012bk\u0101k par \u0161o un citiem apz\u012bm\u0113jumu dro\u0161i jaut\u0101jiet MMK Riepu Serviss speci\u0101listiem.<\/p>\n","protected":false},"excerpt":{"rendered":"<p><strong><span style=\"font-family: 'Arial',sans-serif;\">MRF Wanderer Street<\/span><\/strong><span style=\"font-family: 'Arial',sans-serif;\"> ir kvalit\u0101t\u012bvas vasaras riepas, kuras piem\u0113rotas vieglajiem, krosoveriem un SUV automa\u0161\u012bn\u0101m. Riepas rakstur\u012bpa\u0161\u012bbas demonstr\u0113 augstu stabilit\u0101ti, nodilumiztur\u012bbu, degvielas ekonomiju un paaugstin\u0101tu brauk\u0161anas komfortu.<u1:p><\/u1:p><\/span><o:p><\/o:p><\/p>\n","protected":false},"featured_media":670946,"template":"","meta":{"_acf_changed":false,"ngg_post_thumbnail":0},"product_brand":[],"product_cat":[46],"product_tag":[22820],"class_list":{"0":"post-683128","1":"product","2":"type-product","3":"status-publish","4":"has-post-thumbnail","6":"product_cat-vasaras-riepas","7":"product_tag-64636efdd2e27","9":"first","10":"outofstock","11":"sale","12":"taxable","13":"shipping-taxable","14":"product-type-simple"},"acf":[],"yoast_head":"<!-- This site is optimized with the Yoast SEO Premium plugin v22.6 (Yoast SEO v27.3) - https:\/\/yoast.com\/product\/yoast-seo-premium-wordpress\/ -->\n<title>215\/60R16 MRF Wanderer Street Ecotred A1 95H &#8226; MMK Riepas<\/title>\n<meta name=\"robots\" content=\"index, follow, max-snippet:-1, max-image-preview:large, max-video-preview:-1\" \/>\n<link rel=\"canonical\" href=\"https:\/\/mmkriepas.lv\/en\/p\/215-60r16-mrf-wanderer-street-ecotred-a1-95h-2\/\" \/>\n<meta property=\"og:locale\" content=\"en_US\" \/>\n<meta property=\"og:type\" content=\"article\" \/>\n<meta property=\"og:title\" content=\"215\/60R16 MRF Wanderer Street Ecotred A1 95H\" \/>\n<meta property=\"og:description\" content=\"MRF Wanderer Street ir kvalit\u0101t\u012bvas vasaras riepas, kuras piem\u0113rotas vieglajiem, krosoveriem un SUV automa\u0161\u012bn\u0101m. Riepas rakstur\u012bpa\u0161\u012bbas demonstr\u0113 augstu stabilit\u0101ti, nodilumiztur\u012bbu, degvielas ekonomiju un paaugstin\u0101tu brauk\u0161anas komfortu.\" \/>\n<meta property=\"og:url\" content=\"https:\/\/mmkriepas.lv\/en\/p\/215-60r16-mrf-wanderer-street-ecotred-a1-95h-2\/\" \/>\n<meta property=\"og:site_name\" content=\"MMK Riepas\" \/>\n<meta property=\"article:publisher\" content=\"https:\/\/www.facebook.com\/mmkserviss\/\" \/>\n<meta property=\"article:modified_time\" content=\"2025-04-28T09:48:32+00:00\" \/>\n<meta property=\"og:image\" content=\"https:\/\/mmkriepas.lv\/wp-content\/uploads\/2023\/03\/23565r17-mrf-wanderer-street-ecotred-104h-xl-vasaras-riepas.jpg\" \/>\n\t<meta property=\"og:image:width\" content=\"1920\" \/>\n\t<meta property=\"og:image:height\" content=\"1440\" \/>\n\t<meta property=\"og:image:type\" content=\"image\/jpeg\" \/>\n<meta name=\"twitter:card\" content=\"summary_large_image\" \/>\n<meta name=\"twitter:label1\" content=\"Price\" \/>\n\t<meta name=\"twitter:data1\" content=\"&euro;44.00\" \/>\n\t<meta name=\"twitter:label2\" content=\"Availability\" \/>\n\t<meta name=\"twitter:data2\" content=\"Out of stock\" \/>\n<script type=\"application\/ld+json\" class=\"yoast-schema-graph\">{\"@context\":\"https:\\\/\\\/schema.org\",\"@graph\":[{\"@type\":\"WebPage\",\"@id\":\"https:\\\/\\\/mmkriepas.lv\\\/en\\\/p\\\/215-60r16-mrf-wanderer-street-ecotred-a1-95h-2\\\/\",\"url\":\"https:\\\/\\\/mmkriepas.lv\\\/en\\\/p\\\/215-60r16-mrf-wanderer-street-ecotred-a1-95h-2\\\/\",\"name\":\"215\\\/60R16 MRF Wanderer Street Ecotred A1 95H &#8226; MMK Riepas\",\"isPartOf\":{\"@id\":\"https:\\\/\\\/mmkriepas.lv\\\/en\\\/#website\"},\"primaryImageOfPage\":{\"@id\":\"https:\\\/\\\/mmkriepas.lv\\\/en\\\/p\\\/215-60r16-mrf-wanderer-street-ecotred-a1-95h-2\\\/#primaryimage\"},\"image\":{\"@id\":\"https:\\\/\\\/mmkriepas.lv\\\/en\\\/p\\\/215-60r16-mrf-wanderer-street-ecotred-a1-95h-2\\\/#primaryimage\"},\"thumbnailUrl\":\"https:\\\/\\\/mmkriepas.lv\\\/wp-content\\\/uploads\\\/2023\\\/03\\\/23565r17-mrf-wanderer-street-ecotred-104h-xl-vasaras-riepas.jpg\",\"datePublished\":\"2023-03-27T12:44:39+00:00\",\"dateModified\":\"2025-04-28T09:48:32+00:00\",\"breadcrumb\":{\"@id\":\"https:\\\/\\\/mmkriepas.lv\\\/en\\\/p\\\/215-60r16-mrf-wanderer-street-ecotred-a1-95h-2\\\/#breadcrumb\"},\"inLanguage\":\"en-US\",\"potentialAction\":[{\"@type\":\"ReadAction\",\"target\":[\"https:\\\/\\\/mmkriepas.lv\\\/en\\\/p\\\/215-60r16-mrf-wanderer-street-ecotred-a1-95h-2\\\/\"]}]},{\"@type\":\"ImageObject\",\"inLanguage\":\"en-US\",\"@id\":\"https:\\\/\\\/mmkriepas.lv\\\/en\\\/p\\\/215-60r16-mrf-wanderer-street-ecotred-a1-95h-2\\\/#primaryimage\",\"url\":\"https:\\\/\\\/mmkriepas.lv\\\/wp-content\\\/uploads\\\/2023\\\/03\\\/23565r17-mrf-wanderer-street-ecotred-104h-xl-vasaras-riepas.jpg\",\"contentUrl\":\"https:\\\/\\\/mmkriepas.lv\\\/wp-content\\\/uploads\\\/2023\\\/03\\\/23565r17-mrf-wanderer-street-ecotred-104h-xl-vasaras-riepas.jpg\",\"width\":1920,\"height\":1440,\"caption\":\"235\\\/65R17 MRF Wanderer Street Ecotred 104H XL - Vasaras riepas\"},{\"@type\":\"BreadcrumbList\",\"@id\":\"https:\\\/\\\/mmkriepas.lv\\\/en\\\/p\\\/215-60r16-mrf-wanderer-street-ecotred-a1-95h-2\\\/#breadcrumb\",\"itemListElement\":[{\"@type\":\"ListItem\",\"position\":1,\"name\":\"S\u0101kums\",\"item\":\"https:\\\/\\\/mmkriepas.lv\\\/en\\\/\"},{\"@type\":\"ListItem\",\"position\":2,\"name\":\"215\\\/60R16 MRF Wanderer Street Ecotred A1 95H\"}]},{\"@type\":\"WebSite\",\"@id\":\"https:\\\/\\\/mmkriepas.lv\\\/en\\\/#website\",\"url\":\"https:\\\/\\\/mmkriepas.lv\\\/en\\\/\",\"name\":\"MMK Riepas\",\"description\":\"MMK Riepas\",\"alternateName\":\"MMK Riepu Serviss\",\"potentialAction\":[{\"@type\":\"SearchAction\",\"target\":{\"@type\":\"EntryPoint\",\"urlTemplate\":\"https:\\\/\\\/mmkriepas.lv\\\/en\\\/?s={search_term_string}\"},\"query-input\":{\"@type\":\"PropertyValueSpecification\",\"valueRequired\":true,\"valueName\":\"search_term_string\"}}],\"inLanguage\":\"en-US\"},{\"@type\":\"ImageObject\",\"inLanguage\":\"en-US\",\"@id\":\"https:\\\/\\\/mmkriepas.lv\\\/en\\\/p\\\/215-60r16-mrf-wanderer-street-ecotred-a1-95h-2\\\/#local-main-organization-logo\",\"url\":\"\",\"contentUrl\":\"\",\"caption\":\"MMK Riepas\"}]}<\/script>\n<meta property=\"product:brand\" content=\"MRF Wanderer Street\" \/>\n<meta property=\"product:price:amount\" content=\"44.00\" \/>\n<meta property=\"product:price:currency\" content=\"EUR\" \/>\n<meta property=\"og:availability\" content=\"out of stock\" \/>\n<meta property=\"product:availability\" content=\"out of stock\" \/>\n<meta property=\"product:retailer_item_id\" content=\"TS2156016MRF-24746\" \/>\n<meta property=\"product:condition\" content=\"new\" \/>\n<!-- \/ Yoast SEO Premium plugin. -->","yoast_head_json":{"title":"215\/60R16 MRF Wanderer Street Ecotred A1 95H &#8226; MMK Riepas","robots":{"index":"index","follow":"follow","max-snippet":"max-snippet:-1","max-image-preview":"max-image-preview:large","max-video-preview":"max-video-preview:-1"},"canonical":"https:\/\/mmkriepas.lv\/en\/p\/215-60r16-mrf-wanderer-street-ecotred-a1-95h-2\/","og_locale":"en_US","og_type":"article","og_title":"215\/60R16 MRF Wanderer Street Ecotred A1 95H","og_description":"MRF Wanderer Street ir kvalit\u0101t\u012bvas vasaras riepas, kuras piem\u0113rotas vieglajiem, krosoveriem un SUV automa\u0161\u012bn\u0101m. Riepas rakstur\u012bpa\u0161\u012bbas demonstr\u0113 augstu stabilit\u0101ti, nodilumiztur\u012bbu, degvielas ekonomiju un paaugstin\u0101tu brauk\u0161anas komfortu.","og_url":"https:\/\/mmkriepas.lv\/en\/p\/215-60r16-mrf-wanderer-street-ecotred-a1-95h-2\/","og_site_name":"MMK Riepas","article_publisher":"https:\/\/www.facebook.com\/mmkserviss\/","article_modified_time":"2025-04-28T09:48:32+00:00","og_image":[{"width":1920,"height":1440,"url":"https:\/\/mmkriepas.lv\/wp-content\/uploads\/2023\/03\/23565r17-mrf-wanderer-street-ecotred-104h-xl-vasaras-riepas.jpg","type":"image\/jpeg"}],"twitter_card":"summary_large_image","twitter_misc":{"Price":"&euro;44.00","Availability":"Out of stock"},"schema":{"@context":"https:\/\/schema.org","@graph":[{"@type":"WebPage","@id":"https:\/\/mmkriepas.lv\/en\/p\/215-60r16-mrf-wanderer-street-ecotred-a1-95h-2\/","url":"https:\/\/mmkriepas.lv\/en\/p\/215-60r16-mrf-wanderer-street-ecotred-a1-95h-2\/","name":"215\/60R16 MRF Wanderer Street Ecotred A1 95H &#8226; MMK Riepas","isPartOf":{"@id":"https:\/\/mmkriepas.lv\/en\/#website"},"primaryImageOfPage":{"@id":"https:\/\/mmkriepas.lv\/en\/p\/215-60r16-mrf-wanderer-street-ecotred-a1-95h-2\/#primaryimage"},"image":{"@id":"https:\/\/mmkriepas.lv\/en\/p\/215-60r16-mrf-wanderer-street-ecotred-a1-95h-2\/#primaryimage"},"thumbnailUrl":"https:\/\/mmkriepas.lv\/wp-content\/uploads\/2023\/03\/23565r17-mrf-wanderer-street-ecotred-104h-xl-vasaras-riepas.jpg","datePublished":"2023-03-27T12:44:39+00:00","dateModified":"2025-04-28T09:48:32+00:00","breadcrumb":{"@id":"https:\/\/mmkriepas.lv\/en\/p\/215-60r16-mrf-wanderer-street-ecotred-a1-95h-2\/#breadcrumb"},"inLanguage":"en-US","potentialAction":[{"@type":"ReadAction","target":["https:\/\/mmkriepas.lv\/en\/p\/215-60r16-mrf-wanderer-street-ecotred-a1-95h-2\/"]}]},{"@type":"ImageObject","inLanguage":"en-US","@id":"https:\/\/mmkriepas.lv\/en\/p\/215-60r16-mrf-wanderer-street-ecotred-a1-95h-2\/#primaryimage","url":"https:\/\/mmkriepas.lv\/wp-content\/uploads\/2023\/03\/23565r17-mrf-wanderer-street-ecotred-104h-xl-vasaras-riepas.jpg","contentUrl":"https:\/\/mmkriepas.lv\/wp-content\/uploads\/2023\/03\/23565r17-mrf-wanderer-street-ecotred-104h-xl-vasaras-riepas.jpg","width":1920,"height":1440,"caption":"235\/65R17 MRF Wanderer Street Ecotred 104H XL - Vasaras riepas"},{"@type":"BreadcrumbList","@id":"https:\/\/mmkriepas.lv\/en\/p\/215-60r16-mrf-wanderer-street-ecotred-a1-95h-2\/#breadcrumb","itemListElement":[{"@type":"ListItem","position":1,"name":"S\u0101kums","item":"https:\/\/mmkriepas.lv\/en\/"},{"@type":"ListItem","position":2,"name":"215\/60R16 MRF Wanderer Street Ecotred A1 95H"}]},{"@type":"WebSite","@id":"https:\/\/mmkriepas.lv\/en\/#website","url":"https:\/\/mmkriepas.lv\/en\/","name":"MMK Riepas","description":"MMK Riepas","alternateName":"MMK Riepu Serviss","potentialAction":[{"@type":"SearchAction","target":{"@type":"EntryPoint","urlTemplate":"https:\/\/mmkriepas.lv\/en\/?s={search_term_string}"},"query-input":{"@type":"PropertyValueSpecification","valueRequired":true,"valueName":"search_term_string"}}],"inLanguage":"en-US"},{"@type":"ImageObject","inLanguage":"en-US","@id":"https:\/\/mmkriepas.lv\/en\/p\/215-60r16-mrf-wanderer-street-ecotred-a1-95h-2\/#local-main-organization-logo","url":"","contentUrl":"","caption":"MMK Riepas"}]},"product_brand":"MRF Wanderer Street","product_price_amount":"44.00","product_price_currency":"EUR","og_availability":"out of stock","product_availability":"out of stock","product_retailer_item_id":"TS2156016MRF-24746","product_condition":"new"},"_links":{"self":[{"href":"https:\/\/mmkriepas.lv\/en\/wp-json\/wp\/v2\/product\/683128","targetHints":{"allow":["GET"]}}],"collection":[{"href":"https:\/\/mmkriepas.lv\/en\/wp-json\/wp\/v2\/product"}],"about":[{"href":"https:\/\/mmkriepas.lv\/en\/wp-json\/wp\/v2\/types\/product"}],"wp:featuredmedia":[{"embeddable":true,"href":"https:\/\/mmkriepas.lv\/en\/wp-json\/wp\/v2\/media\/670946"}],"wp:attachment":[{"href":"https:\/\/mmkriepas.lv\/en\/wp-json\/wp\/v2\/media?parent=683128"}],"wp:term":[{"taxonomy":"product_brand","embeddable":true,"href":"https:\/\/mmkriepas.lv\/en\/wp-json\/wp\/v2\/product_brand?post=683128"},{"taxonomy":"product_cat","embeddable":true,"href":"https:\/\/mmkriepas.lv\/en\/wp-json\/wp\/v2\/product_cat?post=683128"},{"taxonomy":"product_tag","embeddable":true,"href":"https:\/\/mmkriepas.lv\/en\/wp-json\/wp\/v2\/product_tag?post=683128"}],"curies":[{"name":"wp","href":"https:\/\/api.w.org\/{rel}","templated":true}]}}