{"id":682249,"date":"2023-03-24T14:57:15","date_gmt":"2023-03-24T12:57:15","guid":{"rendered":"https:\/\/mmkserviss.lv\/?post_type=product&#038;p=682249"},"modified":"2024-03-11T22:30:12","modified_gmt":"2024-03-11T20:30:12","slug":"195-55r20-continental-contivikingcontact-6-95t-xl-dot","status":"publish","type":"product","link":"https:\/\/mmkriepas.lv\/en\/p\/195-55r20-continental-contivikingcontact-6-95t-xl-dot\/","title":{"rendered":"195\/55R20 Continental ContiVikingContact 6  95T XL DOT"},"content":{"rendered":"<p><strong>Continental ContiVikingContact 6\u00a0<\/strong>ir augst\u0101k\u0101s kvalit\u0101tes jeb Premium klases Skandin\u0101vijas tipa ziemas riepu modelis. Izce\u013cas ar izciliem sa\u0137eres, manevr\u0113tsp\u0113jas un komforta r\u0101d\u012bt\u0101jiem pat skarb\u0101kajos ziemas brauk\u0161anas apst\u0101k\u013cos. Modelis pieejams pla\u0161\u0101 izm\u0113ru kl\u0101st\u0101 no R13 l\u012bdz R22 un paredz\u0113ts gan kompaktklases vieglaj\u0101m, gan apvidus automa\u0161\u012bn\u0101m jeb SUV.<o:p><\/o:p><\/p>\n<h3><strong>ContiVikingContact 6 galven\u0101s iez\u012bmes<\/strong><o:p><\/o:p><\/h3>\n<p>+ Izcila sa\u0137ere un manevr\u0113tsp\u0113ja gan uz sausa un slapja asfalta, gan snieg\u0101 un pat uz ledus.<br \/>+ Vado\u0161\u0101s riepu giganta Continental tehnolo\u0123ijas.<br \/>+ Izteikts akustiskais un brauk\u0161anas gaitas komforts.<br \/>+ Zems akvaplan\u0113\u0161anas risks.<br \/>+ Uzlabota karaksa uzb\u016bves konstrukcija.<br \/>+ Vado\u0161ais riepu modelis ziemas riepu testos.<o:p><\/o:p><\/p>\n<h3><strong>ContiVikingContact 6 apr\u012bkojums<\/strong><o:p><\/o:p><\/h3>\n<p><strong>Continental ContiVikingContact 6\u00a0<\/strong>Skandin\u0101vijas tipa jeb m\u012bkst\u0101 sast\u0101va ziemas riepas apr\u012bkotas ar asimetrisko protektora rakstu. \u0160\u0101ds dizains izv\u0113l\u0113ts, lai, nezaud\u0113jot sa\u0137eres un manevr\u0113tsp\u0113jas \u012bpa\u0161\u012bbas ziem\u0101, saglab\u0101tu ar\u012b teicamu akustisko un brauk\u0161anas gaitas komfortu.<o:p><\/o:p><\/p>\n<p>Asimetriski izvietotajos protektora blokos bl\u012bvi iestr\u0101di vair\u0101ki t\u016bksto\u0161i s\u012bku iegriezumu jeb lame\u013cu. T\u0101s, sttr\u0101d\u0101jot l\u012bdz\u012bgi radz\u0113m, ar as\u0101m kant\u0113m iec\u0113rtas led\u016b un sabliet\u0113t\u0101 snieg\u0101, ar slidenaj\u0101m virsm\u0101m veidojot cie\u0161u sa\u0137eri.<o:p><\/o:p><\/p>\n<p>Riepu gumijas sast\u0101vam pievienota virkne vado\u0161o Continental tehnolo\u0123isko risin\u0101jumu. Gumijai pievienotie Continental \u0137\u012bmiskie savienojumi \u013cauj riepai saglab\u0101t elast\u012bbu \u013coti zem\u0101s gaisa temperat\u016br\u0101s, k\u0101 ar\u012b sl\u0101p\u0113 ska\u0146u un palielina nodilumiztur\u012bbu. K\u0101 zin\u0101ms, elast\u012bga riepa daudz lab\u0101k veido sa\u0137eri ar ce\u013cu, k\u0101 ar\u012b dilst vienm\u0113r\u012bg\u0101k.<o:p><\/o:p><\/p>\n","protected":false},"excerpt":{"rendered":"<p><strong>Continental ContiVikingContact 6\u00a0<\/strong>ir augst\u0101k\u0101s kvalit\u0101tes jeb Premium klases Skandin\u0101vijas tipa ziemas riepu modelis. Izce\u013cas ar izciliem sa\u0137eres, manevr\u0113tsp\u0113jas un komforta r\u0101d\u012bt\u0101jiem pat skarb\u0101kajos ziemas brauk\u0161anas apst\u0101k\u013cos. Modelis pieejams pla\u0161\u0101 izm\u0113ru kl\u0101st\u0101 no R13 l\u012bdz R22 un paredz\u0113ts gan kompaktklases vieglaj\u0101m, gan apvidus automa\u0161\u012bn\u0101m jeb SUV.<o:p><\/o:p><\/p>\n","protected":false},"featured_media":104324,"template":"","meta":{"_acf_changed":false,"ngg_post_thumbnail":0},"product_brand":[],"product_cat":[47,45],"product_tag":[],"class_list":{"0":"post-682249","1":"product","2":"type-product","3":"status-publish","4":"has-post-thumbnail","6":"product_cat-vissezonas-riepas","7":"product_cat-ziemas-riepas","9":"first","10":"instock","11":"taxable","12":"shipping-taxable","13":"product-type-simple"},"acf":[],"yoast_head":"<!-- This site is optimized with the Yoast SEO Premium plugin v22.6 (Yoast SEO v27.3) - https:\/\/yoast.com\/product\/yoast-seo-premium-wordpress\/ -->\n<title>195\/55R20 Continental ContiVikingContact 6 95T XL DOT &#8226; MMK Riepas<\/title>\n<meta name=\"robots\" content=\"index, follow, max-snippet:-1, max-image-preview:large, max-video-preview:-1\" \/>\n<link rel=\"canonical\" href=\"https:\/\/mmkriepas.lv\/en\/p\/195-55r20-continental-contivikingcontact-6-95t-xl-dot\/\" \/>\n<meta property=\"og:locale\" content=\"en_US\" \/>\n<meta property=\"og:type\" content=\"article\" \/>\n<meta property=\"og:title\" content=\"195\/55R20 Continental ContiVikingContact 6 95T XL DOT\" \/>\n<meta property=\"og:description\" content=\"Continental ContiVikingContact 6\u00a0ir augst\u0101k\u0101s kvalit\u0101tes jeb Premium klases Skandin\u0101vijas tipa ziemas riepu modelis. Izce\u013cas ar izciliem sa\u0137eres, manevr\u0113tsp\u0113jas un komforta r\u0101d\u012bt\u0101jiem pat skarb\u0101kajos ziemas brauk\u0161anas apst\u0101k\u013cos. Modelis pieejams pla\u0161\u0101 izm\u0113ru kl\u0101st\u0101 no R13 l\u012bdz R22 un paredz\u0113ts gan kompaktklases vieglaj\u0101m, gan apvidus automa\u0161\u012bn\u0101m jeb SUV.\" \/>\n<meta property=\"og:url\" content=\"https:\/\/mmkriepas.lv\/en\/p\/195-55r20-continental-contivikingcontact-6-95t-xl-dot\/\" \/>\n<meta property=\"og:site_name\" content=\"MMK Riepas\" \/>\n<meta property=\"article:publisher\" content=\"https:\/\/www.facebook.com\/mmkserviss\/\" \/>\n<meta property=\"article:modified_time\" content=\"2024-03-11T20:30:12+00:00\" \/>\n<meta property=\"og:image\" content=\"https:\/\/mmkriepas.lv\/wp-content\/uploads\/2018\/10\/19555r16-continental-conti-viking-contact-6-91t-xl-ziemas-riepas.jpeg\" \/>\n\t<meta property=\"og:image:width\" content=\"1600\" \/>\n\t<meta property=\"og:image:height\" content=\"1200\" \/>\n\t<meta property=\"og:image:type\" content=\"image\/jpeg\" \/>\n<meta name=\"twitter:card\" content=\"summary_large_image\" \/>\n<meta name=\"twitter:label1\" content=\"Price\" \/>\n\t<meta name=\"twitter:data1\" content=\"&euro;87.00\" \/>\n\t<meta name=\"twitter:label2\" content=\"Availability\" \/>\n\t<meta name=\"twitter:data2\" content=\"In stock\" \/>\n<script type=\"application\/ld+json\" class=\"yoast-schema-graph\">{\"@context\":\"https:\\\/\\\/schema.org\",\"@graph\":[{\"@type\":\"WebPage\",\"@id\":\"https:\\\/\\\/mmkriepas.lv\\\/en\\\/p\\\/195-55r20-continental-contivikingcontact-6-95t-xl-dot\\\/\",\"url\":\"https:\\\/\\\/mmkriepas.lv\\\/en\\\/p\\\/195-55r20-continental-contivikingcontact-6-95t-xl-dot\\\/\",\"name\":\"195\\\/55R20 Continental ContiVikingContact 6 95T XL DOT &#8226; MMK Riepas\",\"isPartOf\":{\"@id\":\"https:\\\/\\\/mmkriepas.lv\\\/en\\\/#website\"},\"primaryImageOfPage\":{\"@id\":\"https:\\\/\\\/mmkriepas.lv\\\/en\\\/p\\\/195-55r20-continental-contivikingcontact-6-95t-xl-dot\\\/#primaryimage\"},\"image\":{\"@id\":\"https:\\\/\\\/mmkriepas.lv\\\/en\\\/p\\\/195-55r20-continental-contivikingcontact-6-95t-xl-dot\\\/#primaryimage\"},\"thumbnailUrl\":\"https:\\\/\\\/mmkriepas.lv\\\/wp-content\\\/uploads\\\/2018\\\/10\\\/19555r16-continental-conti-viking-contact-6-91t-xl-ziemas-riepas.jpeg\",\"datePublished\":\"2023-03-24T12:57:15+00:00\",\"dateModified\":\"2024-03-11T20:30:12+00:00\",\"breadcrumb\":{\"@id\":\"https:\\\/\\\/mmkriepas.lv\\\/en\\\/p\\\/195-55r20-continental-contivikingcontact-6-95t-xl-dot\\\/#breadcrumb\"},\"inLanguage\":\"en-US\",\"potentialAction\":[{\"@type\":\"ReadAction\",\"target\":[\"https:\\\/\\\/mmkriepas.lv\\\/en\\\/p\\\/195-55r20-continental-contivikingcontact-6-95t-xl-dot\\\/\"]}]},{\"@type\":\"ImageObject\",\"inLanguage\":\"en-US\",\"@id\":\"https:\\\/\\\/mmkriepas.lv\\\/en\\\/p\\\/195-55r20-continental-contivikingcontact-6-95t-xl-dot\\\/#primaryimage\",\"url\":\"https:\\\/\\\/mmkriepas.lv\\\/wp-content\\\/uploads\\\/2018\\\/10\\\/19555r16-continental-conti-viking-contact-6-91t-xl-ziemas-riepas.jpeg\",\"contentUrl\":\"https:\\\/\\\/mmkriepas.lv\\\/wp-content\\\/uploads\\\/2018\\\/10\\\/19555r16-continental-conti-viking-contact-6-91t-xl-ziemas-riepas.jpeg\",\"width\":1600,\"height\":1200,\"caption\":\"195\\\/55R16 Continental Conti Viking Contact 6 91T XL - Vissezonas riepas \\\/ Ziemas riepas\"},{\"@type\":\"BreadcrumbList\",\"@id\":\"https:\\\/\\\/mmkriepas.lv\\\/en\\\/p\\\/195-55r20-continental-contivikingcontact-6-95t-xl-dot\\\/#breadcrumb\",\"itemListElement\":[{\"@type\":\"ListItem\",\"position\":1,\"name\":\"S\u0101kums\",\"item\":\"https:\\\/\\\/mmkriepas.lv\\\/en\\\/\"},{\"@type\":\"ListItem\",\"position\":2,\"name\":\"195\\\/55R20 Continental ContiVikingContact 6 95T XL DOT\"}]},{\"@type\":\"WebSite\",\"@id\":\"https:\\\/\\\/mmkriepas.lv\\\/en\\\/#website\",\"url\":\"https:\\\/\\\/mmkriepas.lv\\\/en\\\/\",\"name\":\"MMK Riepas\",\"description\":\"MMK Riepas\",\"alternateName\":\"MMK Riepu Serviss\",\"potentialAction\":[{\"@type\":\"SearchAction\",\"target\":{\"@type\":\"EntryPoint\",\"urlTemplate\":\"https:\\\/\\\/mmkriepas.lv\\\/en\\\/?s={search_term_string}\"},\"query-input\":{\"@type\":\"PropertyValueSpecification\",\"valueRequired\":true,\"valueName\":\"search_term_string\"}}],\"inLanguage\":\"en-US\"},{\"@type\":\"ImageObject\",\"inLanguage\":\"en-US\",\"@id\":\"https:\\\/\\\/mmkriepas.lv\\\/en\\\/p\\\/195-55r20-continental-contivikingcontact-6-95t-xl-dot\\\/#local-main-organization-logo\",\"url\":\"\",\"contentUrl\":\"\",\"caption\":\"MMK Riepas\"}]}<\/script>\n<meta property=\"product:brand\" content=\"Continental ContiVikingContact 6\" \/>\n<meta property=\"product:price:amount\" content=\"87.00\" \/>\n<meta property=\"product:price:currency\" content=\"EUR\" \/>\n<meta property=\"og:availability\" content=\"instock\" \/>\n<meta property=\"product:availability\" content=\"instock\" \/>\n<meta property=\"product:retailer_item_id\" content=\"TW1955520CONTI-L24725\" \/>\n<meta property=\"product:condition\" content=\"new\" \/>\n<!-- \/ Yoast SEO Premium plugin. -->","yoast_head_json":{"title":"195\/55R20 Continental ContiVikingContact 6 95T XL DOT &#8226; MMK Riepas","robots":{"index":"index","follow":"follow","max-snippet":"max-snippet:-1","max-image-preview":"max-image-preview:large","max-video-preview":"max-video-preview:-1"},"canonical":"https:\/\/mmkriepas.lv\/en\/p\/195-55r20-continental-contivikingcontact-6-95t-xl-dot\/","og_locale":"en_US","og_type":"article","og_title":"195\/55R20 Continental ContiVikingContact 6 95T XL DOT","og_description":"Continental ContiVikingContact 6\u00a0ir augst\u0101k\u0101s kvalit\u0101tes jeb Premium klases Skandin\u0101vijas tipa ziemas riepu modelis. Izce\u013cas ar izciliem sa\u0137eres, manevr\u0113tsp\u0113jas un komforta r\u0101d\u012bt\u0101jiem pat skarb\u0101kajos ziemas brauk\u0161anas apst\u0101k\u013cos. Modelis pieejams pla\u0161\u0101 izm\u0113ru kl\u0101st\u0101 no R13 l\u012bdz R22 un paredz\u0113ts gan kompaktklases vieglaj\u0101m, gan apvidus automa\u0161\u012bn\u0101m jeb SUV.","og_url":"https:\/\/mmkriepas.lv\/en\/p\/195-55r20-continental-contivikingcontact-6-95t-xl-dot\/","og_site_name":"MMK Riepas","article_publisher":"https:\/\/www.facebook.com\/mmkserviss\/","article_modified_time":"2024-03-11T20:30:12+00:00","og_image":[{"width":1600,"height":1200,"url":"https:\/\/mmkriepas.lv\/wp-content\/uploads\/2018\/10\/19555r16-continental-conti-viking-contact-6-91t-xl-ziemas-riepas.jpeg","type":"image\/jpeg"}],"twitter_card":"summary_large_image","twitter_misc":{"Price":"&euro;87.00","Availability":"In stock"},"schema":{"@context":"https:\/\/schema.org","@graph":[{"@type":"WebPage","@id":"https:\/\/mmkriepas.lv\/en\/p\/195-55r20-continental-contivikingcontact-6-95t-xl-dot\/","url":"https:\/\/mmkriepas.lv\/en\/p\/195-55r20-continental-contivikingcontact-6-95t-xl-dot\/","name":"195\/55R20 Continental ContiVikingContact 6 95T XL DOT &#8226; MMK Riepas","isPartOf":{"@id":"https:\/\/mmkriepas.lv\/en\/#website"},"primaryImageOfPage":{"@id":"https:\/\/mmkriepas.lv\/en\/p\/195-55r20-continental-contivikingcontact-6-95t-xl-dot\/#primaryimage"},"image":{"@id":"https:\/\/mmkriepas.lv\/en\/p\/195-55r20-continental-contivikingcontact-6-95t-xl-dot\/#primaryimage"},"thumbnailUrl":"https:\/\/mmkriepas.lv\/wp-content\/uploads\/2018\/10\/19555r16-continental-conti-viking-contact-6-91t-xl-ziemas-riepas.jpeg","datePublished":"2023-03-24T12:57:15+00:00","dateModified":"2024-03-11T20:30:12+00:00","breadcrumb":{"@id":"https:\/\/mmkriepas.lv\/en\/p\/195-55r20-continental-contivikingcontact-6-95t-xl-dot\/#breadcrumb"},"inLanguage":"en-US","potentialAction":[{"@type":"ReadAction","target":["https:\/\/mmkriepas.lv\/en\/p\/195-55r20-continental-contivikingcontact-6-95t-xl-dot\/"]}]},{"@type":"ImageObject","inLanguage":"en-US","@id":"https:\/\/mmkriepas.lv\/en\/p\/195-55r20-continental-contivikingcontact-6-95t-xl-dot\/#primaryimage","url":"https:\/\/mmkriepas.lv\/wp-content\/uploads\/2018\/10\/19555r16-continental-conti-viking-contact-6-91t-xl-ziemas-riepas.jpeg","contentUrl":"https:\/\/mmkriepas.lv\/wp-content\/uploads\/2018\/10\/19555r16-continental-conti-viking-contact-6-91t-xl-ziemas-riepas.jpeg","width":1600,"height":1200,"caption":"195\/55R16 Continental Conti Viking Contact 6 91T XL - Vissezonas riepas \/ Ziemas riepas"},{"@type":"BreadcrumbList","@id":"https:\/\/mmkriepas.lv\/en\/p\/195-55r20-continental-contivikingcontact-6-95t-xl-dot\/#breadcrumb","itemListElement":[{"@type":"ListItem","position":1,"name":"S\u0101kums","item":"https:\/\/mmkriepas.lv\/en\/"},{"@type":"ListItem","position":2,"name":"195\/55R20 Continental ContiVikingContact 6 95T XL DOT"}]},{"@type":"WebSite","@id":"https:\/\/mmkriepas.lv\/en\/#website","url":"https:\/\/mmkriepas.lv\/en\/","name":"MMK Riepas","description":"MMK Riepas","alternateName":"MMK Riepu Serviss","potentialAction":[{"@type":"SearchAction","target":{"@type":"EntryPoint","urlTemplate":"https:\/\/mmkriepas.lv\/en\/?s={search_term_string}"},"query-input":{"@type":"PropertyValueSpecification","valueRequired":true,"valueName":"search_term_string"}}],"inLanguage":"en-US"},{"@type":"ImageObject","inLanguage":"en-US","@id":"https:\/\/mmkriepas.lv\/en\/p\/195-55r20-continental-contivikingcontact-6-95t-xl-dot\/#local-main-organization-logo","url":"","contentUrl":"","caption":"MMK Riepas"}]},"product_brand":"Continental ContiVikingContact 6","product_price_amount":"87.00","product_price_currency":"EUR","og_availability":"instock","product_availability":"instock","product_retailer_item_id":"TW1955520CONTI-L24725","product_condition":"new"},"_links":{"self":[{"href":"https:\/\/mmkriepas.lv\/en\/wp-json\/wp\/v2\/product\/682249","targetHints":{"allow":["GET"]}}],"collection":[{"href":"https:\/\/mmkriepas.lv\/en\/wp-json\/wp\/v2\/product"}],"about":[{"href":"https:\/\/mmkriepas.lv\/en\/wp-json\/wp\/v2\/types\/product"}],"wp:featuredmedia":[{"embeddable":true,"href":"https:\/\/mmkriepas.lv\/en\/wp-json\/wp\/v2\/media\/104324"}],"wp:attachment":[{"href":"https:\/\/mmkriepas.lv\/en\/wp-json\/wp\/v2\/media?parent=682249"}],"wp:term":[{"taxonomy":"product_brand","embeddable":true,"href":"https:\/\/mmkriepas.lv\/en\/wp-json\/wp\/v2\/product_brand?post=682249"},{"taxonomy":"product_cat","embeddable":true,"href":"https:\/\/mmkriepas.lv\/en\/wp-json\/wp\/v2\/product_cat?post=682249"},{"taxonomy":"product_tag","embeddable":true,"href":"https:\/\/mmkriepas.lv\/en\/wp-json\/wp\/v2\/product_tag?post=682249"}],"curies":[{"name":"wp","href":"https:\/\/api.w.org\/{rel}","templated":true}]}}