{"id":682240,"date":"2023-03-24T14:56:42","date_gmt":"2023-03-24T12:56:42","guid":{"rendered":"https:\/\/mmkserviss.lv\/?post_type=product&#038;p=682240"},"modified":"2024-03-11T22:30:08","modified_gmt":"2024-03-11T20:30:08","slug":"175-70r13-firestone-winterhawk-3-82t-dot","status":"publish","type":"product","link":"https:\/\/mmkriepas.lv\/en\/p\/175-70r13-firestone-winterhawk-3-82t-dot\/","title":{"rendered":"175\/70R13 Firestone Winterhawk 3 82T DOT"},"content":{"rendered":"<p><b>Firestone Winterhawk 3<\/b><span style=\"font-weight: 400;\"> ir ziemas riepu modelis, kas piem\u0113rots gan vieglajiem auto, gan ar\u012b komerctransportam- mikroautobusiem un vieglajiem kravas auto. \u0160is modelis izce\u013cas ar lieliskiem veiktsp\u0113jas r\u0101d\u012bt\u0101jiem snieg\u0101 un uz slapja asfalta.<\/span><\/p>\n<h3><b>Firestone Winterhawk 3 galven\u0101s iez\u012bmes<\/b><\/h3>\n<p><span style=\"font-weight: 400;\">+ Riepas piem\u0113rotas gan vieglajiem auto, gan komerctransportam!<\/span> <span style=\"font-weight: 400;\">+ Lieliska veiktsp\u0113ja snieg\u0101 un uz ledus!<\/span> <span style=\"font-weight: 400;\">+ Uzlabots riepas gumijas sast\u0101vs!<\/span> <span style=\"font-weight: 400;\">+ Protektor\u0101 iestr\u0101d\u0101tas lameles, kuras uzlabo sa\u0137eri ar ledus virsmu!<\/span><\/p>\n<h3><b>Winterhawk 3 apr\u012bkojums<\/b><\/h3>\n<p><span style=\"font-weight: 400;\">\u0160is ziemas riepu modelis apr\u012bkots ar virz\u012bta veida protektora rakstu, kur\u0101 iestr\u0101d\u0101ti vair\u0101ki t\u016bksto\u0161i bl\u012bvi izvietotu lame\u013cu. \u0160\u0101ds \u012bpa\u0161\u012bbu salikums uzlabo gan veiktsp\u0113ju snieg\u0101, gan ar\u012b uz ledus.<\/span> <span style=\"font-weight: 400;\">Starp protektora blokiem atrodas augsti att\u012bst\u012bta dren\u0101\u017eas kan\u0101lu sist\u0113ma, kas, tand\u0113m\u0101 ar lamel\u0113m, novada \u016bdeni un sniegu no kontakta virsmas, to sausinot. Sausa sa\u0137eres virsma noz\u012bm\u0113 daudz lab\u0101ku sa\u0137eri ar ce\u013cu.<\/span><\/p>\n<p><b>Firestone Winterhawk 3 <\/b><span style=\"font-weight: 400;\">mode\u013ca lieto\u0161anas dro\u0161\u012bbu ziemas laika apst\u0101k\u013cos un t\u0101 atbilst\u012bbu valst\u012bm ar oblig\u0101tu sezon\u0101lo riepu mai\u0146u apstiprina mar\u0137\u0113jums sniegp\u0101rslas form\u0101 uz kalna fona ar trim virsotn\u0113m (3PMSF).<\/span><\/p>\n<p><span style=\"font-weight: 400;\"><\/span><b>Firestone Winterhawk 3-<\/b><span style=\"font-weight: 400;\"> ziemas riepas, kas rad\u012btas skarbiem ziemas apst\u0101k\u013ciem. Pieejama abos MMK Riepu Centros par vislab\u0101kaj\u0101m cen\u0101m.<\/span><\/p>\n","protected":false},"excerpt":{"rendered":"<p>Firestone Winterhawk 3 ir ziemas riepu modelis, kas piem\u0113rots gan vieglajiem auto, gan ar\u012b komerctransportam- mikroautobusiem un vieglajiem kravas auto. \u0160is modelis izce\u013cas ar lieliskiem veiktsp\u0113jas r\u0101d\u012bt\u0101jiem snieg\u0101 un uz<\/p>\n","protected":false},"featured_media":108971,"template":"","meta":{"_acf_changed":false,"ngg_post_thumbnail":0},"product_brand":[],"product_cat":[47,45],"product_tag":[],"class_list":{"0":"post-682240","1":"product","2":"type-product","3":"status-publish","4":"has-post-thumbnail","6":"product_cat-vissezonas-riepas","7":"product_cat-ziemas-riepas","9":"first","10":"instock","11":"taxable","12":"shipping-taxable","13":"product-type-simple"},"acf":[],"yoast_head":"<!-- This site is optimized with the Yoast SEO Premium plugin v22.6 (Yoast SEO v27.3) - https:\/\/yoast.com\/product\/yoast-seo-premium-wordpress\/ -->\n<title>175\/70R13 Firestone Winterhawk 3 82T DOT &#8226; MMK Riepas<\/title>\n<meta name=\"robots\" content=\"index, follow, max-snippet:-1, max-image-preview:large, max-video-preview:-1\" \/>\n<link rel=\"canonical\" href=\"https:\/\/mmkriepas.lv\/en\/p\/175-70r13-firestone-winterhawk-3-82t-dot\/\" \/>\n<meta property=\"og:locale\" content=\"en_US\" \/>\n<meta property=\"og:type\" content=\"article\" \/>\n<meta property=\"og:title\" content=\"175\/70R13 Firestone Winterhawk 3 82T DOT\" \/>\n<meta property=\"og:description\" content=\"Firestone Winterhawk 3 ir ziemas riepu modelis, kas piem\u0113rots gan vieglajiem auto, gan ar\u012b komerctransportam- mikroautobusiem un vieglajiem kravas auto. \u0160is modelis izce\u013cas ar lieliskiem veiktsp\u0113jas r\u0101d\u012bt\u0101jiem snieg\u0101 un uz\" \/>\n<meta property=\"og:url\" content=\"https:\/\/mmkriepas.lv\/en\/p\/175-70r13-firestone-winterhawk-3-82t-dot\/\" \/>\n<meta property=\"og:site_name\" content=\"MMK Riepas\" \/>\n<meta property=\"article:publisher\" content=\"https:\/\/www.facebook.com\/mmkserviss\/\" \/>\n<meta property=\"article:modified_time\" content=\"2024-03-11T20:30:08+00:00\" \/>\n<meta property=\"og:image\" content=\"https:\/\/mmkriepas.lv\/wp-content\/uploads\/2018\/05\/18560r14-firestone-winterhawk-3-82t-ziemas-riepas.jpg\" \/>\n\t<meta property=\"og:image:width\" content=\"1920\" \/>\n\t<meta property=\"og:image:height\" content=\"1280\" \/>\n\t<meta property=\"og:image:type\" content=\"image\/jpeg\" \/>\n<meta name=\"twitter:card\" content=\"summary_large_image\" \/>\n<meta name=\"twitter:label1\" content=\"Price\" \/>\n\t<meta name=\"twitter:data1\" content=\"&euro;37.00\" \/>\n\t<meta name=\"twitter:label2\" content=\"Availability\" \/>\n\t<meta name=\"twitter:data2\" content=\"In stock\" \/>\n<script type=\"application\/ld+json\" class=\"yoast-schema-graph\">{\"@context\":\"https:\\\/\\\/schema.org\",\"@graph\":[{\"@type\":\"WebPage\",\"@id\":\"https:\\\/\\\/mmkriepas.lv\\\/en\\\/p\\\/175-70r13-firestone-winterhawk-3-82t-dot\\\/\",\"url\":\"https:\\\/\\\/mmkriepas.lv\\\/en\\\/p\\\/175-70r13-firestone-winterhawk-3-82t-dot\\\/\",\"name\":\"175\\\/70R13 Firestone Winterhawk 3 82T DOT &#8226; MMK Riepas\",\"isPartOf\":{\"@id\":\"https:\\\/\\\/mmkriepas.lv\\\/en\\\/#website\"},\"primaryImageOfPage\":{\"@id\":\"https:\\\/\\\/mmkriepas.lv\\\/en\\\/p\\\/175-70r13-firestone-winterhawk-3-82t-dot\\\/#primaryimage\"},\"image\":{\"@id\":\"https:\\\/\\\/mmkriepas.lv\\\/en\\\/p\\\/175-70r13-firestone-winterhawk-3-82t-dot\\\/#primaryimage\"},\"thumbnailUrl\":\"https:\\\/\\\/mmkriepas.lv\\\/wp-content\\\/uploads\\\/2018\\\/05\\\/18560r14-firestone-winterhawk-3-82t-ziemas-riepas.jpg\",\"datePublished\":\"2023-03-24T12:56:42+00:00\",\"dateModified\":\"2024-03-11T20:30:08+00:00\",\"breadcrumb\":{\"@id\":\"https:\\\/\\\/mmkriepas.lv\\\/en\\\/p\\\/175-70r13-firestone-winterhawk-3-82t-dot\\\/#breadcrumb\"},\"inLanguage\":\"en-US\",\"potentialAction\":[{\"@type\":\"ReadAction\",\"target\":[\"https:\\\/\\\/mmkriepas.lv\\\/en\\\/p\\\/175-70r13-firestone-winterhawk-3-82t-dot\\\/\"]}]},{\"@type\":\"ImageObject\",\"inLanguage\":\"en-US\",\"@id\":\"https:\\\/\\\/mmkriepas.lv\\\/en\\\/p\\\/175-70r13-firestone-winterhawk-3-82t-dot\\\/#primaryimage\",\"url\":\"https:\\\/\\\/mmkriepas.lv\\\/wp-content\\\/uploads\\\/2018\\\/05\\\/18560r14-firestone-winterhawk-3-82t-ziemas-riepas.jpg\",\"contentUrl\":\"https:\\\/\\\/mmkriepas.lv\\\/wp-content\\\/uploads\\\/2018\\\/05\\\/18560r14-firestone-winterhawk-3-82t-ziemas-riepas.jpg\",\"width\":1920,\"height\":1280,\"caption\":\"185\\\/60R14 Firestone Winterhawk 3 82T - Vissezonas riepas \\\/ Ziemas riepas\"},{\"@type\":\"BreadcrumbList\",\"@id\":\"https:\\\/\\\/mmkriepas.lv\\\/en\\\/p\\\/175-70r13-firestone-winterhawk-3-82t-dot\\\/#breadcrumb\",\"itemListElement\":[{\"@type\":\"ListItem\",\"position\":1,\"name\":\"S\u0101kums\",\"item\":\"https:\\\/\\\/mmkriepas.lv\\\/en\\\/\"},{\"@type\":\"ListItem\",\"position\":2,\"name\":\"175\\\/70R13 Firestone Winterhawk 3 82T DOT\"}]},{\"@type\":\"WebSite\",\"@id\":\"https:\\\/\\\/mmkriepas.lv\\\/en\\\/#website\",\"url\":\"https:\\\/\\\/mmkriepas.lv\\\/en\\\/\",\"name\":\"MMK Riepas\",\"description\":\"MMK Riepas\",\"alternateName\":\"MMK Riepu Serviss\",\"potentialAction\":[{\"@type\":\"SearchAction\",\"target\":{\"@type\":\"EntryPoint\",\"urlTemplate\":\"https:\\\/\\\/mmkriepas.lv\\\/en\\\/?s={search_term_string}\"},\"query-input\":{\"@type\":\"PropertyValueSpecification\",\"valueRequired\":true,\"valueName\":\"search_term_string\"}}],\"inLanguage\":\"en-US\"},{\"@type\":\"ImageObject\",\"inLanguage\":\"en-US\",\"@id\":\"https:\\\/\\\/mmkriepas.lv\\\/en\\\/p\\\/175-70r13-firestone-winterhawk-3-82t-dot\\\/#local-main-organization-logo\",\"url\":\"\",\"contentUrl\":\"\",\"caption\":\"MMK Riepas\"}]}<\/script>\n<meta property=\"product:brand\" content=\"Firestone Winterhawk 3\" \/>\n<meta property=\"product:price:amount\" content=\"37.00\" \/>\n<meta property=\"product:price:currency\" content=\"EUR\" \/>\n<meta property=\"og:availability\" content=\"instock\" \/>\n<meta property=\"product:availability\" content=\"instock\" \/>\n<meta property=\"product:retailer_item_id\" content=\"TW1757013Fires-L24722\" \/>\n<meta property=\"product:condition\" content=\"new\" \/>\n<!-- \/ Yoast SEO Premium plugin. -->","yoast_head_json":{"title":"175\/70R13 Firestone Winterhawk 3 82T DOT &#8226; MMK Riepas","robots":{"index":"index","follow":"follow","max-snippet":"max-snippet:-1","max-image-preview":"max-image-preview:large","max-video-preview":"max-video-preview:-1"},"canonical":"https:\/\/mmkriepas.lv\/en\/p\/175-70r13-firestone-winterhawk-3-82t-dot\/","og_locale":"en_US","og_type":"article","og_title":"175\/70R13 Firestone Winterhawk 3 82T DOT","og_description":"Firestone Winterhawk 3 ir ziemas riepu modelis, kas piem\u0113rots gan vieglajiem auto, gan ar\u012b komerctransportam- mikroautobusiem un vieglajiem kravas auto. \u0160is modelis izce\u013cas ar lieliskiem veiktsp\u0113jas r\u0101d\u012bt\u0101jiem snieg\u0101 un uz","og_url":"https:\/\/mmkriepas.lv\/en\/p\/175-70r13-firestone-winterhawk-3-82t-dot\/","og_site_name":"MMK Riepas","article_publisher":"https:\/\/www.facebook.com\/mmkserviss\/","article_modified_time":"2024-03-11T20:30:08+00:00","og_image":[{"width":1920,"height":1280,"url":"https:\/\/mmkriepas.lv\/wp-content\/uploads\/2018\/05\/18560r14-firestone-winterhawk-3-82t-ziemas-riepas.jpg","type":"image\/jpeg"}],"twitter_card":"summary_large_image","twitter_misc":{"Price":"&euro;37.00","Availability":"In stock"},"schema":{"@context":"https:\/\/schema.org","@graph":[{"@type":"WebPage","@id":"https:\/\/mmkriepas.lv\/en\/p\/175-70r13-firestone-winterhawk-3-82t-dot\/","url":"https:\/\/mmkriepas.lv\/en\/p\/175-70r13-firestone-winterhawk-3-82t-dot\/","name":"175\/70R13 Firestone Winterhawk 3 82T DOT &#8226; MMK Riepas","isPartOf":{"@id":"https:\/\/mmkriepas.lv\/en\/#website"},"primaryImageOfPage":{"@id":"https:\/\/mmkriepas.lv\/en\/p\/175-70r13-firestone-winterhawk-3-82t-dot\/#primaryimage"},"image":{"@id":"https:\/\/mmkriepas.lv\/en\/p\/175-70r13-firestone-winterhawk-3-82t-dot\/#primaryimage"},"thumbnailUrl":"https:\/\/mmkriepas.lv\/wp-content\/uploads\/2018\/05\/18560r14-firestone-winterhawk-3-82t-ziemas-riepas.jpg","datePublished":"2023-03-24T12:56:42+00:00","dateModified":"2024-03-11T20:30:08+00:00","breadcrumb":{"@id":"https:\/\/mmkriepas.lv\/en\/p\/175-70r13-firestone-winterhawk-3-82t-dot\/#breadcrumb"},"inLanguage":"en-US","potentialAction":[{"@type":"ReadAction","target":["https:\/\/mmkriepas.lv\/en\/p\/175-70r13-firestone-winterhawk-3-82t-dot\/"]}]},{"@type":"ImageObject","inLanguage":"en-US","@id":"https:\/\/mmkriepas.lv\/en\/p\/175-70r13-firestone-winterhawk-3-82t-dot\/#primaryimage","url":"https:\/\/mmkriepas.lv\/wp-content\/uploads\/2018\/05\/18560r14-firestone-winterhawk-3-82t-ziemas-riepas.jpg","contentUrl":"https:\/\/mmkriepas.lv\/wp-content\/uploads\/2018\/05\/18560r14-firestone-winterhawk-3-82t-ziemas-riepas.jpg","width":1920,"height":1280,"caption":"185\/60R14 Firestone Winterhawk 3 82T - Vissezonas riepas \/ Ziemas riepas"},{"@type":"BreadcrumbList","@id":"https:\/\/mmkriepas.lv\/en\/p\/175-70r13-firestone-winterhawk-3-82t-dot\/#breadcrumb","itemListElement":[{"@type":"ListItem","position":1,"name":"S\u0101kums","item":"https:\/\/mmkriepas.lv\/en\/"},{"@type":"ListItem","position":2,"name":"175\/70R13 Firestone Winterhawk 3 82T DOT"}]},{"@type":"WebSite","@id":"https:\/\/mmkriepas.lv\/en\/#website","url":"https:\/\/mmkriepas.lv\/en\/","name":"MMK Riepas","description":"MMK Riepas","alternateName":"MMK Riepu Serviss","potentialAction":[{"@type":"SearchAction","target":{"@type":"EntryPoint","urlTemplate":"https:\/\/mmkriepas.lv\/en\/?s={search_term_string}"},"query-input":{"@type":"PropertyValueSpecification","valueRequired":true,"valueName":"search_term_string"}}],"inLanguage":"en-US"},{"@type":"ImageObject","inLanguage":"en-US","@id":"https:\/\/mmkriepas.lv\/en\/p\/175-70r13-firestone-winterhawk-3-82t-dot\/#local-main-organization-logo","url":"","contentUrl":"","caption":"MMK Riepas"}]},"product_brand":"Firestone Winterhawk 3","product_price_amount":"37.00","product_price_currency":"EUR","og_availability":"instock","product_availability":"instock","product_retailer_item_id":"TW1757013Fires-L24722","product_condition":"new"},"_links":{"self":[{"href":"https:\/\/mmkriepas.lv\/en\/wp-json\/wp\/v2\/product\/682240","targetHints":{"allow":["GET"]}}],"collection":[{"href":"https:\/\/mmkriepas.lv\/en\/wp-json\/wp\/v2\/product"}],"about":[{"href":"https:\/\/mmkriepas.lv\/en\/wp-json\/wp\/v2\/types\/product"}],"wp:featuredmedia":[{"embeddable":true,"href":"https:\/\/mmkriepas.lv\/en\/wp-json\/wp\/v2\/media\/108971"}],"wp:attachment":[{"href":"https:\/\/mmkriepas.lv\/en\/wp-json\/wp\/v2\/media?parent=682240"}],"wp:term":[{"taxonomy":"product_brand","embeddable":true,"href":"https:\/\/mmkriepas.lv\/en\/wp-json\/wp\/v2\/product_brand?post=682240"},{"taxonomy":"product_cat","embeddable":true,"href":"https:\/\/mmkriepas.lv\/en\/wp-json\/wp\/v2\/product_cat?post=682240"},{"taxonomy":"product_tag","embeddable":true,"href":"https:\/\/mmkriepas.lv\/en\/wp-json\/wp\/v2\/product_tag?post=682240"}],"curies":[{"name":"wp","href":"https:\/\/api.w.org\/{rel}","templated":true}]}}