{"id":681365,"date":"2023-03-22T13:30:09","date_gmt":"2023-03-22T11:30:09","guid":{"rendered":"https:\/\/mmkserviss.lv\/?post_type=product&#038;p=681365"},"modified":"2026-03-27T23:29:08","modified_gmt":"2026-03-27T21:29:08","slug":"245-45r17-sunfull-sf-888-99w-xl","status":"publish","type":"product","link":"https:\/\/mmkriepas.lv\/en\/p\/245-45r17-sunfull-sf-888-99w-xl\/","title":{"rendered":"245\/45R17 Sunfull SF-888 99W XL"},"content":{"rendered":"<p><b><span style=\"font-family: 'Arial',sans-serif;\">Sunfull SF-888<\/span><\/b><span style=\"font-family: 'Arial',sans-serif;\"> ir vasaras riepa, piel\u0101gota vid\u0113ja un liela izm\u0113ra vieglaj\u0101m automa\u0161\u012bn\u0101m, \u012bpa\u0161i tend\u0113joties uz jaud\u012bgiem auto. \u0160o riepu modeli raksturo augsta stabilit\u0101te liel\u0101 \u0101trum\u0101, samazin\u0101ts akvaplan\u0113\u0161anas risks, komfortabla un gluda gaita, k\u0101 ar\u012b zems trok\u0161\u0146a l\u012bmenis.<o:p><\/o:p><\/span><\/p>\n<h3><span style=\"font-family: 'Arial',sans-serif;\">SF-888 galven\u0101s iez\u012bmes:<o:p><\/o:p><\/span><\/h3>\n<p><span tabindex=\"0\"><span style=\"font-family: 'Arial',sans-serif;\">+ Stabilit\u0101te liel\u0101 \u0101trum\u0101 platu plecu bloku d\u0113\u013c!<\/span><o:p><\/o:p><\/span><\/p>\n<p><span tabindex=\"0\"><span style=\"font-family: 'Arial',sans-serif;\">+ Samazin\u0101tu akvaplan\u0113\u0161anas riksu nodro\u0161ina palielin\u0101tas garenisk\u0101s izvadrievas un daudzo \u0161\u0137\u0113rsenisko spraugu izm\u0113ri!<\/span><o:p><\/o:p><\/span><\/p>\n<p><span tabindex=\"0\"><span style=\"font-family: 'Arial',sans-serif;\">+ Riepas uzb\u016bves strukt\u016bra veidota t\u0101, lai vad\u012bt\u0101jam dotu sportiskas brauk\u0161anas izj\u016btas!<\/span><o:p><\/o:p><\/span><\/p>\n<p><span style=\"font-family: 'Arial',sans-serif;\">+ Augsta triecieniztur\u012bba\u00a0pasarg\u0101s riepu no p\u0101rsi\u0161anas bedr\u0113s!<o:p><\/o:p><\/span><\/p>\n<h3><span style=\"font-family: 'Arial',sans-serif;\">SF-888 apr\u012bkojums<o:p><\/o:p><\/span><\/h3>\n<p><span style=\"font-family: 'Arial',sans-serif;\">Protektora z\u012bm\u0113jums ir izgatavots asimetrisk\u0101 dizain\u0101. Plecu bloki ir palielin\u0101ti, kuru d\u0113\u013c tiem ir rakstur\u012bga zema deform\u0101cijas tendence. Tas dod riepai augstu stabilit\u0101ti un lielisku vad\u0101m\u012bbas izj\u016btu manevr\u0113jot. Garenisk\u0101s dren\u0101\u017eas rievas to liel\u0101 izm\u0113ra d\u0113\u013c iev\u0113rojami samazina akvaplan\u0113\u0161anas risku. Pateicoties riepas protektora dizainam, kur\u0101 izmantotas bez\u0161uvju tehnolo\u0123ijas, Sunfull SF888 nebaid\u0101s no lieliem \u0101trumiem un paaugstin\u0101tas slodzes.<o:p><\/o:p><\/span><\/p>\n<p><strong><span style=\"font-family: 'Arial',sans-serif; color: red;\">Uzman\u012bbu:<\/span><\/strong><span style=\"font-family: 'Arial',sans-serif;\"> Uz vasaras riepu s\u0101nu bortiem var b\u016bt apz\u012bm\u0113jums M+S. \u0160is apz\u012bm\u0113jums nenoz\u012bm\u0113, ka t\u0101s ir M+S riepas un nav paredz\u0113ts ekspluat\u0113t Latvijas ziemas apst\u0101k\u013cos, bet gan tikai vasaras sezon\u0101! S\u012bk\u0101k par \u0161o un citiem apz\u012bm\u0113jumu dro\u0161i jaut\u0101jiet MMK Riepu Serviss speci\u0101listiem.<\/span><\/p>\n","protected":false},"excerpt":{"rendered":"<p><b><span style=\"font-family: 'Arial',sans-serif;\">Sunfull SF-888<\/span><\/b><span style=\"font-family: 'Arial',sans-serif;\"> ir vasaras riepa, piel\u0101gota vid\u0113ja un liela izm\u0113ra vieglaj\u0101m automa\u0161\u012bn\u0101m, \u012bpa\u0161i tend\u0113joties uz jaud\u012bgiem auto. \u0160o riepu modeli raksturo augsta stabilit\u0101te liel\u0101 \u0101trum\u0101, samazin\u0101ts akvaplan\u0113\u0161anas risks, komfortabla un gluda gaita, k\u0101 ar\u012b zems trok\u0161\u0146a l\u012bmenis.<\/span><\/p>\n","protected":false},"featured_media":862677,"template":"","meta":{"_acf_changed":false,"ngg_post_thumbnail":0},"product_brand":[],"product_cat":[46],"product_tag":[],"class_list":{"0":"post-681365","1":"product","2":"type-product","3":"status-publish","4":"has-post-thumbnail","6":"product_cat-vasaras-riepas","8":"first","9":"instock","10":"sale","11":"taxable","12":"shipping-taxable","13":"purchasable","14":"product-type-simple"},"acf":[],"yoast_head":"<!-- This site is optimized with the Yoast SEO Premium plugin v22.6 (Yoast SEO v27.3) - https:\/\/yoast.com\/product\/yoast-seo-premium-wordpress\/ -->\n<title>245\/45R17 Sunfull SF-888 99W XL &#8226; MMK Riepas<\/title>\n<meta name=\"robots\" content=\"index, follow, max-snippet:-1, max-image-preview:large, max-video-preview:-1\" \/>\n<link rel=\"canonical\" href=\"https:\/\/mmkriepas.lv\/en\/p\/245-45r17-sunfull-sf-888-99w-xl\/\" \/>\n<meta property=\"og:locale\" content=\"en_US\" \/>\n<meta property=\"og:type\" content=\"article\" \/>\n<meta property=\"og:title\" content=\"245\/45R17 Sunfull SF-888 99W XL\" \/>\n<meta property=\"og:description\" content=\"Sunfull SF-888 ir vasaras riepa, piel\u0101gota vid\u0113ja un liela izm\u0113ra vieglaj\u0101m automa\u0161\u012bn\u0101m, \u012bpa\u0161i tend\u0113joties uz jaud\u012bgiem auto. \u0160o riepu modeli raksturo augsta stabilit\u0101te liel\u0101 \u0101trum\u0101, samazin\u0101ts akvaplan\u0113\u0161anas risks, komfortabla un gluda gaita, k\u0101 ar\u012b zems trok\u0161\u0146a l\u012bmenis.\" \/>\n<meta property=\"og:url\" content=\"https:\/\/mmkriepas.lv\/en\/p\/245-45r17-sunfull-sf-888-99w-xl\/\" \/>\n<meta property=\"og:site_name\" content=\"MMK Riepas\" \/>\n<meta property=\"article:publisher\" content=\"https:\/\/www.facebook.com\/mmkserviss\/\" \/>\n<meta property=\"article:modified_time\" content=\"2026-03-27T21:29:08+00:00\" \/>\n<meta property=\"og:image\" content=\"https:\/\/mmkriepas.lv\/wp-content\/uploads\/2024\/02\/20550r17-sunfull-sf-888-93w-xl-dot19-vasaras-riepas.jpeg\" \/>\n\t<meta property=\"og:image:width\" content=\"1920\" \/>\n\t<meta property=\"og:image:height\" content=\"1440\" \/>\n\t<meta property=\"og:image:type\" content=\"image\/jpeg\" \/>\n<meta name=\"twitter:card\" content=\"summary_large_image\" \/>\n<meta name=\"twitter:label1\" content=\"Price\" \/>\n\t<meta name=\"twitter:data1\" content=\"&euro;62.00\" \/>\n\t<meta name=\"twitter:label2\" content=\"Availability\" \/>\n\t<meta name=\"twitter:data2\" content=\"In stock\" \/>\n<script type=\"application\/ld+json\" class=\"yoast-schema-graph\">{\"@context\":\"https:\\\/\\\/schema.org\",\"@graph\":[{\"@type\":\"WebPage\",\"@id\":\"https:\\\/\\\/mmkriepas.lv\\\/en\\\/p\\\/245-45r17-sunfull-sf-888-99w-xl\\\/\",\"url\":\"https:\\\/\\\/mmkriepas.lv\\\/en\\\/p\\\/245-45r17-sunfull-sf-888-99w-xl\\\/\",\"name\":\"245\\\/45R17 Sunfull SF-888 99W XL &#8226; MMK Riepas\",\"isPartOf\":{\"@id\":\"https:\\\/\\\/mmkriepas.lv\\\/en\\\/#website\"},\"primaryImageOfPage\":{\"@id\":\"https:\\\/\\\/mmkriepas.lv\\\/en\\\/p\\\/245-45r17-sunfull-sf-888-99w-xl\\\/#primaryimage\"},\"image\":{\"@id\":\"https:\\\/\\\/mmkriepas.lv\\\/en\\\/p\\\/245-45r17-sunfull-sf-888-99w-xl\\\/#primaryimage\"},\"thumbnailUrl\":\"https:\\\/\\\/mmkriepas.lv\\\/wp-content\\\/uploads\\\/2024\\\/02\\\/20550r17-sunfull-sf-888-93w-xl-dot19-vasaras-riepas.jpeg\",\"datePublished\":\"2023-03-22T11:30:09+00:00\",\"dateModified\":\"2026-03-27T21:29:08+00:00\",\"breadcrumb\":{\"@id\":\"https:\\\/\\\/mmkriepas.lv\\\/en\\\/p\\\/245-45r17-sunfull-sf-888-99w-xl\\\/#breadcrumb\"},\"inLanguage\":\"en-US\",\"potentialAction\":[{\"@type\":\"ReadAction\",\"target\":[\"https:\\\/\\\/mmkriepas.lv\\\/en\\\/p\\\/245-45r17-sunfull-sf-888-99w-xl\\\/\"]}]},{\"@type\":\"ImageObject\",\"inLanguage\":\"en-US\",\"@id\":\"https:\\\/\\\/mmkriepas.lv\\\/en\\\/p\\\/245-45r17-sunfull-sf-888-99w-xl\\\/#primaryimage\",\"url\":\"https:\\\/\\\/mmkriepas.lv\\\/wp-content\\\/uploads\\\/2024\\\/02\\\/20550r17-sunfull-sf-888-93w-xl-dot19-vasaras-riepas.jpeg\",\"contentUrl\":\"https:\\\/\\\/mmkriepas.lv\\\/wp-content\\\/uploads\\\/2024\\\/02\\\/20550r17-sunfull-sf-888-93w-xl-dot19-vasaras-riepas.jpeg\",\"width\":1920,\"height\":1440,\"caption\":\"Sunfull vasaras riepas SF-888 MMK Riepu Serviss\"},{\"@type\":\"BreadcrumbList\",\"@id\":\"https:\\\/\\\/mmkriepas.lv\\\/en\\\/p\\\/245-45r17-sunfull-sf-888-99w-xl\\\/#breadcrumb\",\"itemListElement\":[{\"@type\":\"ListItem\",\"position\":1,\"name\":\"S\u0101kums\",\"item\":\"https:\\\/\\\/mmkriepas.lv\\\/en\\\/\"},{\"@type\":\"ListItem\",\"position\":2,\"name\":\"245\\\/45R17 Sunfull SF-888 99W XL\"}]},{\"@type\":\"WebSite\",\"@id\":\"https:\\\/\\\/mmkriepas.lv\\\/en\\\/#website\",\"url\":\"https:\\\/\\\/mmkriepas.lv\\\/en\\\/\",\"name\":\"MMK Riepas\",\"description\":\"MMK Riepas\",\"alternateName\":\"MMK Riepu Serviss\",\"potentialAction\":[{\"@type\":\"SearchAction\",\"target\":{\"@type\":\"EntryPoint\",\"urlTemplate\":\"https:\\\/\\\/mmkriepas.lv\\\/en\\\/?s={search_term_string}\"},\"query-input\":{\"@type\":\"PropertyValueSpecification\",\"valueRequired\":true,\"valueName\":\"search_term_string\"}}],\"inLanguage\":\"en-US\"},{\"@type\":\"ImageObject\",\"inLanguage\":\"en-US\",\"@id\":\"https:\\\/\\\/mmkriepas.lv\\\/en\\\/p\\\/245-45r17-sunfull-sf-888-99w-xl\\\/#local-main-organization-logo\",\"url\":\"\",\"contentUrl\":\"\",\"caption\":\"MMK Riepas\"}]}<\/script>\n<meta property=\"product:brand\" content=\"Sunfull SF-888\" \/>\n<meta property=\"product:price:amount\" content=\"62.00\" \/>\n<meta property=\"product:price:currency\" content=\"EUR\" \/>\n<meta property=\"og:availability\" content=\"instock\" \/>\n<meta property=\"product:availability\" content=\"instock\" \/>\n<meta property=\"product:retailer_item_id\" content=\"TS2454517SUNFU-24486\" \/>\n<meta property=\"product:condition\" content=\"new\" \/>\n<!-- \/ Yoast SEO Premium plugin. -->","yoast_head_json":{"title":"245\/45R17 Sunfull SF-888 99W XL &#8226; MMK Riepas","robots":{"index":"index","follow":"follow","max-snippet":"max-snippet:-1","max-image-preview":"max-image-preview:large","max-video-preview":"max-video-preview:-1"},"canonical":"https:\/\/mmkriepas.lv\/en\/p\/245-45r17-sunfull-sf-888-99w-xl\/","og_locale":"en_US","og_type":"article","og_title":"245\/45R17 Sunfull SF-888 99W XL","og_description":"Sunfull SF-888 ir vasaras riepa, piel\u0101gota vid\u0113ja un liela izm\u0113ra vieglaj\u0101m automa\u0161\u012bn\u0101m, \u012bpa\u0161i tend\u0113joties uz jaud\u012bgiem auto. \u0160o riepu modeli raksturo augsta stabilit\u0101te liel\u0101 \u0101trum\u0101, samazin\u0101ts akvaplan\u0113\u0161anas risks, komfortabla un gluda gaita, k\u0101 ar\u012b zems trok\u0161\u0146a l\u012bmenis.","og_url":"https:\/\/mmkriepas.lv\/en\/p\/245-45r17-sunfull-sf-888-99w-xl\/","og_site_name":"MMK Riepas","article_publisher":"https:\/\/www.facebook.com\/mmkserviss\/","article_modified_time":"2026-03-27T21:29:08+00:00","og_image":[{"width":1920,"height":1440,"url":"https:\/\/mmkriepas.lv\/wp-content\/uploads\/2024\/02\/20550r17-sunfull-sf-888-93w-xl-dot19-vasaras-riepas.jpeg","type":"image\/jpeg"}],"twitter_card":"summary_large_image","twitter_misc":{"Price":"&euro;62.00","Availability":"In stock"},"schema":{"@context":"https:\/\/schema.org","@graph":[{"@type":"WebPage","@id":"https:\/\/mmkriepas.lv\/en\/p\/245-45r17-sunfull-sf-888-99w-xl\/","url":"https:\/\/mmkriepas.lv\/en\/p\/245-45r17-sunfull-sf-888-99w-xl\/","name":"245\/45R17 Sunfull SF-888 99W XL &#8226; MMK Riepas","isPartOf":{"@id":"https:\/\/mmkriepas.lv\/en\/#website"},"primaryImageOfPage":{"@id":"https:\/\/mmkriepas.lv\/en\/p\/245-45r17-sunfull-sf-888-99w-xl\/#primaryimage"},"image":{"@id":"https:\/\/mmkriepas.lv\/en\/p\/245-45r17-sunfull-sf-888-99w-xl\/#primaryimage"},"thumbnailUrl":"https:\/\/mmkriepas.lv\/wp-content\/uploads\/2024\/02\/20550r17-sunfull-sf-888-93w-xl-dot19-vasaras-riepas.jpeg","datePublished":"2023-03-22T11:30:09+00:00","dateModified":"2026-03-27T21:29:08+00:00","breadcrumb":{"@id":"https:\/\/mmkriepas.lv\/en\/p\/245-45r17-sunfull-sf-888-99w-xl\/#breadcrumb"},"inLanguage":"en-US","potentialAction":[{"@type":"ReadAction","target":["https:\/\/mmkriepas.lv\/en\/p\/245-45r17-sunfull-sf-888-99w-xl\/"]}]},{"@type":"ImageObject","inLanguage":"en-US","@id":"https:\/\/mmkriepas.lv\/en\/p\/245-45r17-sunfull-sf-888-99w-xl\/#primaryimage","url":"https:\/\/mmkriepas.lv\/wp-content\/uploads\/2024\/02\/20550r17-sunfull-sf-888-93w-xl-dot19-vasaras-riepas.jpeg","contentUrl":"https:\/\/mmkriepas.lv\/wp-content\/uploads\/2024\/02\/20550r17-sunfull-sf-888-93w-xl-dot19-vasaras-riepas.jpeg","width":1920,"height":1440,"caption":"Sunfull vasaras riepas SF-888 MMK Riepu Serviss"},{"@type":"BreadcrumbList","@id":"https:\/\/mmkriepas.lv\/en\/p\/245-45r17-sunfull-sf-888-99w-xl\/#breadcrumb","itemListElement":[{"@type":"ListItem","position":1,"name":"S\u0101kums","item":"https:\/\/mmkriepas.lv\/en\/"},{"@type":"ListItem","position":2,"name":"245\/45R17 Sunfull SF-888 99W XL"}]},{"@type":"WebSite","@id":"https:\/\/mmkriepas.lv\/en\/#website","url":"https:\/\/mmkriepas.lv\/en\/","name":"MMK Riepas","description":"MMK Riepas","alternateName":"MMK Riepu Serviss","potentialAction":[{"@type":"SearchAction","target":{"@type":"EntryPoint","urlTemplate":"https:\/\/mmkriepas.lv\/en\/?s={search_term_string}"},"query-input":{"@type":"PropertyValueSpecification","valueRequired":true,"valueName":"search_term_string"}}],"inLanguage":"en-US"},{"@type":"ImageObject","inLanguage":"en-US","@id":"https:\/\/mmkriepas.lv\/en\/p\/245-45r17-sunfull-sf-888-99w-xl\/#local-main-organization-logo","url":"","contentUrl":"","caption":"MMK Riepas"}]},"product_brand":"Sunfull SF-888","product_price_amount":"62.00","product_price_currency":"EUR","og_availability":"instock","product_availability":"instock","product_retailer_item_id":"TS2454517SUNFU-24486","product_condition":"new"},"_links":{"self":[{"href":"https:\/\/mmkriepas.lv\/en\/wp-json\/wp\/v2\/product\/681365","targetHints":{"allow":["GET"]}}],"collection":[{"href":"https:\/\/mmkriepas.lv\/en\/wp-json\/wp\/v2\/product"}],"about":[{"href":"https:\/\/mmkriepas.lv\/en\/wp-json\/wp\/v2\/types\/product"}],"wp:featuredmedia":[{"embeddable":true,"href":"https:\/\/mmkriepas.lv\/en\/wp-json\/wp\/v2\/media\/862677"}],"wp:attachment":[{"href":"https:\/\/mmkriepas.lv\/en\/wp-json\/wp\/v2\/media?parent=681365"}],"wp:term":[{"taxonomy":"product_brand","embeddable":true,"href":"https:\/\/mmkriepas.lv\/en\/wp-json\/wp\/v2\/product_brand?post=681365"},{"taxonomy":"product_cat","embeddable":true,"href":"https:\/\/mmkriepas.lv\/en\/wp-json\/wp\/v2\/product_cat?post=681365"},{"taxonomy":"product_tag","embeddable":true,"href":"https:\/\/mmkriepas.lv\/en\/wp-json\/wp\/v2\/product_tag?post=681365"}],"curies":[{"name":"wp","href":"https:\/\/api.w.org\/{rel}","templated":true}]}}