{"id":6813,"date":"2017-02-13T11:19:27","date_gmt":"2017-02-13T09:19:27","guid":{"rendered":"https:\/\/mmkserviss.lv\/katalogs\/vasaras-riepas\/casaras-riepas-20560r16-rotalla-rh01-92h\/"},"modified":"2025-02-13T02:22:14","modified_gmt":"2025-02-13T00:22:14","slug":"casaras-riepas-20560r16-rotalla-rh01-92h","status":"publish","type":"product","link":"https:\/\/mmkriepas.lv\/en\/p\/casaras-riepas-20560r16-rotalla-rh01-92h\/","title":{"rendered":"205\/60R16 Rotalla Setula E-Race RH01 92V"},"content":{"rendered":"<h2>Vasaras riepas\u00a0Rotalla Setula E-pace RH01<\/h2>\n<p>\u00a0 Riepu ra\u017eot\u0101js:<strong>\u00a0Rotalla<\/strong> Riepu modelis: <b>RH01 Setula E-Pace<\/b> Pieejami visi izm\u0113ri! <strong>MMK Serviss nov\u0113rt\u0113jums:<\/strong>\u00a0<em>\u201dLabas un ekonomiskas vasaras riepas par \u013coti labu cenu. Kvalit\u0101te augst\u0101ka par samaks\u0101to naudu\u201d.<\/em> MMK Serviss pied\u0101v\u0101 vienas no lab\u0101kaj\u0101m bud\u017eeta klases riep\u0101m Rotalla. Z\u012bmols Latvij\u0101 paz\u012bstams jau vair\u0101k k\u0101 10 gadus. Rotalla ir uzticams riepu ra\u017eot\u0101js, sevi ir pier\u0101d\u012bjis ar augstu kvalit\u0101ti par \u013coti labu cenu. Top 5 bud\u017eeta klas\u0113. \u013boti laba kvalit\u0101tes un cenas attiec\u012bba. \u013boti laba izv\u0113le par sapr\u0101t\u012bgu cenu. <strong>Rotalla RH01 Setula E-Pace <\/strong>\u012bpa\u0161\u012bbas: + \u013coti laba cena + degvielas ekonomija, pateicoties jaun\u0101kaj\u0101m tehnolo\u0123ij\u0101m pan\u0101kta zem\u0101ka rites pretest\u012bba + \u013coti klusas riepas + vieglas riepas + paaugstin\u0101ta triecieniztur\u012bba\u00a0pasarg\u0101s riepu no p\u0101rsi\u0161anas bedr\u0113s + riepas izce\u013c\u0101s ar zemiem dilst\u012bbas r\u0101d\u012bt\u0101jiem, kas noz\u012bm\u0113 daudzu t\u016bksto\u0161u kilometru nobraukumu + izteikta disku izsargmala + dro\u0161a vad\u0101m\u012bb\u0101 gan uz sausa, gan mitra seguma + sal\u012bdzino\u0161i augsta notur\u012bba pret akvaplan\u0113\u0161anu + stabilit\u0101te praucot pa nel\u012bdzenu ce\u013ca segumu + garantija <strong>Rekomend\u0113jam \u0161o modeli! Piem\u0113rotas riepas ikdienas brauk\u0161anai un par \u013coti labu cenu!\u00a0<\/strong><\/p>\n","protected":false},"excerpt":{"rendered":"<h2>Vasaras riepas\u00a0Rotalla Setula E-pace RH01<\/h2>\n<p>\u00a0 Riepu ra\u017eot\u0101js:<strong>\u00a0Rotalla<\/strong> Riepu modelis: <b>RH01 Setula E-Pace<\/b> Pieejami visi izm\u0113ri! <strong>MMK Serviss nov\u0113rt\u0113jums:<\/strong>\u00a0<em>\u201dLabas un ekonomiskas vasaras riepas par \u013coti labu cenu. Kvalit\u0101te augst\u0101ka par samaks\u0101to naudu\u201d.<\/em> MMK Serviss pied\u0101v\u0101 vienas no lab\u0101kaj\u0101m bud\u017eeta klases riep\u0101m Rotalla. Z\u012bmols Latvij\u0101 paz\u012bstams jau vair\u0101k k\u0101 10 gadus. Rotalla ir uzticams riepu ra\u017eot\u0101js, sevi ir pier\u0101d\u012bjis ar augstu kvalit\u0101ti par \u013coti labu cenu.<\/p>\n","protected":false},"featured_media":174455,"template":"","meta":{"_acf_changed":false,"ngg_post_thumbnail":0},"product_brand":[],"product_cat":[46],"product_tag":[],"class_list":{"0":"post-6813","1":"product","2":"type-product","3":"status-publish","4":"has-post-thumbnail","6":"product_cat-vasaras-riepas","8":"first","9":"outofstock","10":"sale","11":"taxable","12":"shipping-taxable","13":"product-type-simple"},"acf":[],"yoast_head":"<!-- This site is optimized with the Yoast SEO Premium plugin v22.6 (Yoast SEO v27.3) - https:\/\/yoast.com\/product\/yoast-seo-premium-wordpress\/ -->\n<title>205\/60R16 Rotalla Setula E-Race RH01 92V &#8226; MMK Riepas<\/title>\n<meta name=\"robots\" content=\"index, follow, max-snippet:-1, max-image-preview:large, max-video-preview:-1\" \/>\n<link rel=\"canonical\" href=\"https:\/\/mmkriepas.lv\/en\/p\/casaras-riepas-20560r16-rotalla-rh01-92h\/\" \/>\n<meta property=\"og:locale\" content=\"en_US\" \/>\n<meta property=\"og:type\" content=\"article\" \/>\n<meta property=\"og:title\" content=\"205\/60R16 Rotalla Setula E-Race RH01 92V\" \/>\n<meta property=\"og:description\" content=\"Vasaras riepas\u00a0Rotalla Setula E-pace RH01\u00a0 Riepu ra\u017eot\u0101js:\u00a0Rotalla Riepu modelis: RH01 Setula E-Pace Pieejami visi izm\u0113ri! MMK Serviss nov\u0113rt\u0113jums:\u00a0\u201dLabas un ekonomiskas vasaras riepas par \u013coti labu cenu. Kvalit\u0101te augst\u0101ka par samaks\u0101to naudu\u201d. MMK Serviss pied\u0101v\u0101 vienas no lab\u0101kaj\u0101m bud\u017eeta klases riep\u0101m Rotalla. Z\u012bmols Latvij\u0101 paz\u012bstams jau vair\u0101k k\u0101 10 gadus. Rotalla ir uzticams riepu ra\u017eot\u0101js, sevi ir pier\u0101d\u012bjis ar augstu kvalit\u0101ti par \u013coti labu cenu.\" \/>\n<meta property=\"og:url\" content=\"https:\/\/mmkriepas.lv\/en\/p\/casaras-riepas-20560r16-rotalla-rh01-92h\/\" \/>\n<meta property=\"og:site_name\" content=\"MMK Riepas\" \/>\n<meta property=\"article:publisher\" content=\"https:\/\/www.facebook.com\/mmkserviss\/\" \/>\n<meta property=\"article:modified_time\" content=\"2025-02-13T00:22:14+00:00\" \/>\n<meta property=\"og:image\" content=\"https:\/\/mmkriepas.lv\/wp-content\/uploads\/2021\/03\/20575r15-rotalla-rh01-97t-vasaras-riepas-3.jpeg\" \/>\n\t<meta property=\"og:image:width\" content=\"1600\" \/>\n\t<meta property=\"og:image:height\" content=\"1030\" \/>\n\t<meta property=\"og:image:type\" content=\"image\/jpeg\" \/>\n<meta name=\"twitter:card\" content=\"summary_large_image\" \/>\n<meta name=\"twitter:label1\" content=\"Price\" \/>\n\t<meta name=\"twitter:data1\" content=\"&euro;41.00\" \/>\n\t<meta name=\"twitter:label2\" content=\"Availability\" \/>\n\t<meta name=\"twitter:data2\" content=\"Out of stock\" \/>\n<script type=\"application\/ld+json\" class=\"yoast-schema-graph\">{\"@context\":\"https:\\\/\\\/schema.org\",\"@graph\":[{\"@type\":\"WebPage\",\"@id\":\"https:\\\/\\\/mmkriepas.lv\\\/en\\\/p\\\/casaras-riepas-20560r16-rotalla-rh01-92h\\\/\",\"url\":\"https:\\\/\\\/mmkriepas.lv\\\/en\\\/p\\\/casaras-riepas-20560r16-rotalla-rh01-92h\\\/\",\"name\":\"205\\\/60R16 Rotalla Setula E-Race RH01 92V &#8226; MMK Riepas\",\"isPartOf\":{\"@id\":\"https:\\\/\\\/mmkriepas.lv\\\/en\\\/#website\"},\"primaryImageOfPage\":{\"@id\":\"https:\\\/\\\/mmkriepas.lv\\\/en\\\/p\\\/casaras-riepas-20560r16-rotalla-rh01-92h\\\/#primaryimage\"},\"image\":{\"@id\":\"https:\\\/\\\/mmkriepas.lv\\\/en\\\/p\\\/casaras-riepas-20560r16-rotalla-rh01-92h\\\/#primaryimage\"},\"thumbnailUrl\":\"https:\\\/\\\/mmkriepas.lv\\\/wp-content\\\/uploads\\\/2021\\\/03\\\/20575r15-rotalla-rh01-97t-vasaras-riepas-3.jpeg\",\"datePublished\":\"2017-02-13T09:19:27+00:00\",\"dateModified\":\"2025-02-13T00:22:14+00:00\",\"breadcrumb\":{\"@id\":\"https:\\\/\\\/mmkriepas.lv\\\/en\\\/p\\\/casaras-riepas-20560r16-rotalla-rh01-92h\\\/#breadcrumb\"},\"inLanguage\":\"en-US\",\"potentialAction\":[{\"@type\":\"ReadAction\",\"target\":[\"https:\\\/\\\/mmkriepas.lv\\\/en\\\/p\\\/casaras-riepas-20560r16-rotalla-rh01-92h\\\/\"]}]},{\"@type\":\"ImageObject\",\"inLanguage\":\"en-US\",\"@id\":\"https:\\\/\\\/mmkriepas.lv\\\/en\\\/p\\\/casaras-riepas-20560r16-rotalla-rh01-92h\\\/#primaryimage\",\"url\":\"https:\\\/\\\/mmkriepas.lv\\\/wp-content\\\/uploads\\\/2021\\\/03\\\/20575r15-rotalla-rh01-97t-vasaras-riepas-3.jpeg\",\"contentUrl\":\"https:\\\/\\\/mmkriepas.lv\\\/wp-content\\\/uploads\\\/2021\\\/03\\\/20575r15-rotalla-rh01-97t-vasaras-riepas-3.jpeg\",\"width\":1600,\"height\":1030,\"caption\":\"205\\\/75R15 Rotalla RH01 97T - Vasaras riepas\"},{\"@type\":\"BreadcrumbList\",\"@id\":\"https:\\\/\\\/mmkriepas.lv\\\/en\\\/p\\\/casaras-riepas-20560r16-rotalla-rh01-92h\\\/#breadcrumb\",\"itemListElement\":[{\"@type\":\"ListItem\",\"position\":1,\"name\":\"S\u0101kums\",\"item\":\"https:\\\/\\\/mmkriepas.lv\\\/en\\\/\"},{\"@type\":\"ListItem\",\"position\":2,\"name\":\"205\\\/60R16 Rotalla Setula E-Race RH01 92V\"}]},{\"@type\":\"WebSite\",\"@id\":\"https:\\\/\\\/mmkriepas.lv\\\/en\\\/#website\",\"url\":\"https:\\\/\\\/mmkriepas.lv\\\/en\\\/\",\"name\":\"MMK Riepas\",\"description\":\"MMK Riepas\",\"alternateName\":\"MMK Riepu Serviss\",\"potentialAction\":[{\"@type\":\"SearchAction\",\"target\":{\"@type\":\"EntryPoint\",\"urlTemplate\":\"https:\\\/\\\/mmkriepas.lv\\\/en\\\/?s={search_term_string}\"},\"query-input\":{\"@type\":\"PropertyValueSpecification\",\"valueRequired\":true,\"valueName\":\"search_term_string\"}}],\"inLanguage\":\"en-US\"},{\"@type\":\"ImageObject\",\"inLanguage\":\"en-US\",\"@id\":\"https:\\\/\\\/mmkriepas.lv\\\/en\\\/p\\\/casaras-riepas-20560r16-rotalla-rh01-92h\\\/#local-main-organization-logo\",\"url\":\"\",\"contentUrl\":\"\",\"caption\":\"MMK Riepas\"}]}<\/script>\n<meta property=\"product:brand\" content=\"Rotalla Setula E-Race RH01\" \/>\n<meta property=\"product:price:amount\" content=\"41.00\" \/>\n<meta property=\"product:price:currency\" content=\"EUR\" \/>\n<meta property=\"og:availability\" content=\"out of stock\" \/>\n<meta property=\"product:availability\" content=\"out of stock\" \/>\n<meta property=\"product:retailer_item_id\" content=\"TS2056016ROTAL-32474\" \/>\n<meta property=\"product:condition\" content=\"new\" \/>\n<!-- \/ Yoast SEO Premium plugin. -->","yoast_head_json":{"title":"205\/60R16 Rotalla Setula E-Race RH01 92V &#8226; MMK Riepas","robots":{"index":"index","follow":"follow","max-snippet":"max-snippet:-1","max-image-preview":"max-image-preview:large","max-video-preview":"max-video-preview:-1"},"canonical":"https:\/\/mmkriepas.lv\/en\/p\/casaras-riepas-20560r16-rotalla-rh01-92h\/","og_locale":"en_US","og_type":"article","og_title":"205\/60R16 Rotalla Setula E-Race RH01 92V","og_description":"Vasaras riepas\u00a0Rotalla Setula E-pace RH01\u00a0 Riepu ra\u017eot\u0101js:\u00a0Rotalla Riepu modelis: RH01 Setula E-Pace Pieejami visi izm\u0113ri! MMK Serviss nov\u0113rt\u0113jums:\u00a0\u201dLabas un ekonomiskas vasaras riepas par \u013coti labu cenu. Kvalit\u0101te augst\u0101ka par samaks\u0101to naudu\u201d. MMK Serviss pied\u0101v\u0101 vienas no lab\u0101kaj\u0101m bud\u017eeta klases riep\u0101m Rotalla. Z\u012bmols Latvij\u0101 paz\u012bstams jau vair\u0101k k\u0101 10 gadus. Rotalla ir uzticams riepu ra\u017eot\u0101js, sevi ir pier\u0101d\u012bjis ar augstu kvalit\u0101ti par \u013coti labu cenu.","og_url":"https:\/\/mmkriepas.lv\/en\/p\/casaras-riepas-20560r16-rotalla-rh01-92h\/","og_site_name":"MMK Riepas","article_publisher":"https:\/\/www.facebook.com\/mmkserviss\/","article_modified_time":"2025-02-13T00:22:14+00:00","og_image":[{"width":1600,"height":1030,"url":"https:\/\/mmkriepas.lv\/wp-content\/uploads\/2021\/03\/20575r15-rotalla-rh01-97t-vasaras-riepas-3.jpeg","type":"image\/jpeg"}],"twitter_card":"summary_large_image","twitter_misc":{"Price":"&euro;41.00","Availability":"Out of stock"},"schema":{"@context":"https:\/\/schema.org","@graph":[{"@type":"WebPage","@id":"https:\/\/mmkriepas.lv\/en\/p\/casaras-riepas-20560r16-rotalla-rh01-92h\/","url":"https:\/\/mmkriepas.lv\/en\/p\/casaras-riepas-20560r16-rotalla-rh01-92h\/","name":"205\/60R16 Rotalla Setula E-Race RH01 92V &#8226; MMK Riepas","isPartOf":{"@id":"https:\/\/mmkriepas.lv\/en\/#website"},"primaryImageOfPage":{"@id":"https:\/\/mmkriepas.lv\/en\/p\/casaras-riepas-20560r16-rotalla-rh01-92h\/#primaryimage"},"image":{"@id":"https:\/\/mmkriepas.lv\/en\/p\/casaras-riepas-20560r16-rotalla-rh01-92h\/#primaryimage"},"thumbnailUrl":"https:\/\/mmkriepas.lv\/wp-content\/uploads\/2021\/03\/20575r15-rotalla-rh01-97t-vasaras-riepas-3.jpeg","datePublished":"2017-02-13T09:19:27+00:00","dateModified":"2025-02-13T00:22:14+00:00","breadcrumb":{"@id":"https:\/\/mmkriepas.lv\/en\/p\/casaras-riepas-20560r16-rotalla-rh01-92h\/#breadcrumb"},"inLanguage":"en-US","potentialAction":[{"@type":"ReadAction","target":["https:\/\/mmkriepas.lv\/en\/p\/casaras-riepas-20560r16-rotalla-rh01-92h\/"]}]},{"@type":"ImageObject","inLanguage":"en-US","@id":"https:\/\/mmkriepas.lv\/en\/p\/casaras-riepas-20560r16-rotalla-rh01-92h\/#primaryimage","url":"https:\/\/mmkriepas.lv\/wp-content\/uploads\/2021\/03\/20575r15-rotalla-rh01-97t-vasaras-riepas-3.jpeg","contentUrl":"https:\/\/mmkriepas.lv\/wp-content\/uploads\/2021\/03\/20575r15-rotalla-rh01-97t-vasaras-riepas-3.jpeg","width":1600,"height":1030,"caption":"205\/75R15 Rotalla RH01 97T - Vasaras riepas"},{"@type":"BreadcrumbList","@id":"https:\/\/mmkriepas.lv\/en\/p\/casaras-riepas-20560r16-rotalla-rh01-92h\/#breadcrumb","itemListElement":[{"@type":"ListItem","position":1,"name":"S\u0101kums","item":"https:\/\/mmkriepas.lv\/en\/"},{"@type":"ListItem","position":2,"name":"205\/60R16 Rotalla Setula E-Race RH01 92V"}]},{"@type":"WebSite","@id":"https:\/\/mmkriepas.lv\/en\/#website","url":"https:\/\/mmkriepas.lv\/en\/","name":"MMK Riepas","description":"MMK Riepas","alternateName":"MMK Riepu Serviss","potentialAction":[{"@type":"SearchAction","target":{"@type":"EntryPoint","urlTemplate":"https:\/\/mmkriepas.lv\/en\/?s={search_term_string}"},"query-input":{"@type":"PropertyValueSpecification","valueRequired":true,"valueName":"search_term_string"}}],"inLanguage":"en-US"},{"@type":"ImageObject","inLanguage":"en-US","@id":"https:\/\/mmkriepas.lv\/en\/p\/casaras-riepas-20560r16-rotalla-rh01-92h\/#local-main-organization-logo","url":"","contentUrl":"","caption":"MMK Riepas"}]},"product_brand":"Rotalla Setula E-Race RH01","product_price_amount":"41.00","product_price_currency":"EUR","og_availability":"out of stock","product_availability":"out of stock","product_retailer_item_id":"TS2056016ROTAL-32474","product_condition":"new"},"_links":{"self":[{"href":"https:\/\/mmkriepas.lv\/en\/wp-json\/wp\/v2\/product\/6813","targetHints":{"allow":["GET"]}}],"collection":[{"href":"https:\/\/mmkriepas.lv\/en\/wp-json\/wp\/v2\/product"}],"about":[{"href":"https:\/\/mmkriepas.lv\/en\/wp-json\/wp\/v2\/types\/product"}],"wp:featuredmedia":[{"embeddable":true,"href":"https:\/\/mmkriepas.lv\/en\/wp-json\/wp\/v2\/media\/174455"}],"wp:attachment":[{"href":"https:\/\/mmkriepas.lv\/en\/wp-json\/wp\/v2\/media?parent=6813"}],"wp:term":[{"taxonomy":"product_brand","embeddable":true,"href":"https:\/\/mmkriepas.lv\/en\/wp-json\/wp\/v2\/product_brand?post=6813"},{"taxonomy":"product_cat","embeddable":true,"href":"https:\/\/mmkriepas.lv\/en\/wp-json\/wp\/v2\/product_cat?post=6813"},{"taxonomy":"product_tag","embeddable":true,"href":"https:\/\/mmkriepas.lv\/en\/wp-json\/wp\/v2\/product_tag?post=6813"}],"curies":[{"name":"wp","href":"https:\/\/api.w.org\/{rel}","templated":true}]}}