{"id":681225,"date":"2023-03-22T12:47:10","date_gmt":"2023-03-22T10:47:10","guid":{"rendered":"https:\/\/mmkserviss.lv\/?post_type=product&#038;p=681225"},"modified":"2026-03-27T13:25:07","modified_gmt":"2026-03-27T11:25:07","slug":"265-50r19-nokian-hakkapeliitta-9-suv-110t-xl-runflat-dot-ar-radzem","status":"publish","type":"product","link":"https:\/\/mmkriepas.lv\/en\/p\/265-50r19-nokian-hakkapeliitta-9-suv-110t-xl-runflat-dot-ar-radzem\/","title":{"rendered":"265\/50R19 Nokian Hakkapeliitta 9 SUV 110T XL RunFlat DOT ar radz\u0113m"},"content":{"rendered":"<p><span>Premium klases riepas. <a href=\"https:\/\/mmkriepas.lv\/riepas\/nokian\/ziemas\/\">Nokian riepas<\/a> &#8211; <strong>izcila kvalit\u0101te par labu cenu!<\/strong><\/span> Nokian riepas Latvij\u0101 \u013coti veiksm\u012bgi darbojas jau tre\u0161o dek\u0101di. Tas ir vien\u012bgais riepu ra\u017eot\u0101js pasaul\u0113, kas <strong>specializ\u0113jas uz ziemas riepu izstr\u0101di skarbajiem Zieme\u013cvalstu ziemas apst\u0101k\u013ciem<\/strong>. Latvijas ziemas\u00a0 nereti ir \u013coti tuvu skandin\u0101vijas laikapst\u0101k\u013cu tipam, kas, visticam\u0101k, ar\u012b ir kalpojis par iemeslu veiksm\u012bgai z\u012bmola darb\u012bbai Baltijas valst\u012bs. Galvenais uz\u0146\u0113mums, kas atrodas Nokia pils\u0113t\u0101, gad\u0101 sara\u017eo 4 000 000 riepu. Otr\u0101 r\u016bpn\u012bca Vsevolo\u017esk\u0101 (Krievija) gad\u0101 sara\u017eo 8 miljonus riepu. Net\u0101lu no Sanktp\u0113terburgas ir pl\u0101nots atv\u0113rt v\u0113l vienu r\u016bpn\u012bcu, t\u0101dej\u0101di nostiprinot poz\u012bcijas Zieme\u013ceiropas un biju\u0161\u0101s PSRS teritorij\u0101. <a href=\"https:\/\/mmkriepas.lv\/riepas\/nokian\/\">Nokian<\/a> \u0161obr\u012bd ir liel\u0101kais riepu ra\u017eot\u0101js Zieme\u013ceirop\u0101. <strong>Nokian Hakkapeliitta 9<\/strong> ir premium klases ziemas riepa, kas paredz\u0113ta krosoveriem un apvidus auto, brauk\u0161anai pa skarbiem ziemas apst\u0101k\u013ciem. Riepa b\u016bv\u0113ta uz nu jau le\u0123end\u0101r\u0101s Hakapeliitta 7 b\u0101zes, to pilveidojot ar jaun\u0101kaj\u0101m Nokian tehnolo\u0123ij\u0101m.<\/p>\n<h3>Nokian Hakkapeliitta 9 SUV hibr\u012bdsistem\u0101tisk\u0101 rad\u017eo\u0161ana<\/h3>\n<p>Nokian in\u017eenieriem ir izdevies savienot vair\u0101kus rad\u017eu tipus vien\u0101 &#8211; <strong>Nokian Hakkapeliitta 9 SUV<\/strong> riep\u0101. Viena da\u013ca rad\u017eu izvietotas riepas centr\u0101laj\u0101 da\u013c\u0101, bet otra- riepas plecu blokos. Katrs no rad\u017eu tipiem ir veiktsp\u0113j\u012bg\u0101ks da\u017e\u0101dos laikapst\u0101k\u013cos un \u0161\u012b rad\u017eu hibr\u012bdsist\u0113ma at\u013cauj riepai piel\u0101goties pat visekstrem\u0101kajaiem apst\u0101k\u013ciem.<\/p>\n<h3>Nokian Hakkapeliitta 9 SUV galven\u0101s iez\u012bmes<\/h3>\n<p>+Inovat\u012bv\u0101 rad\u017eo\u0161anas sist\u0113ma at\u013cauj riepai piel\u0101goties pat visekstrem\u0101l\u0101kajiem apst\u0101k\u013ciem! +B\u016btiski uzlabota sa\u0137ere! +Efekt\u012bva \u016bdens un sniega novade! +Uzlabots riepas sast\u0101vs, kur\u0161 ir piel\u0101gots zem\u0101m gaisa temperat\u016br\u0101m! +Riepa veidota uz Hakkapeliitta 7 b\u0101zes, no t\u0101s pa\u0146emot lab\u0101ko un pievienojot jaun\u0101k\u0101s inov\u0101cijas. +Uzlabota dren\u0101\u017eas rievu sist\u0113ma.<\/p>\n<h3>Nokian Hakkapeliitta 9 SUV Eco Stud 9 radzes<\/h3>\n<p>Lai samazin\u0101tu rad\u017eu ietekmi uz riepas uzb\u016bvi, riepas izstr\u0101d\u0113 izmantota <strong>Eco Stud 9<\/strong> tehnolo\u0123ija. \u0160\u012bs tehnolo\u0123ijas pamat\u0101, zem katras no 190 <strong>Nokian Hakkapeliitta 9<\/strong> <strong>SUV <\/strong>radz\u0113m ir izvietots neliels gaisa spilvens, t\u0101d\u0113j\u0101di radzes kalpos krietni ilg\u0101k, b\u016btiski palielinot riepas kalpo\u0161anas ilgumu.<\/p>\n<h3>Nokian Hakkapeliitta 9 Green Elasto Proof<\/h3>\n<p>Somu in\u017eenieri riepas sast\u0101va izgatavo\u0161an\u0101 izmantoju\u0161i ne tikai silik\u0101tus, dab\u012bgu kau\u010duku un rap\u0161u e\u013c\u013cu, bet ar\u012b <strong>Green Elasto Proof<\/strong> tehnolo\u0123iju. \u0160\u012b tehnolo\u0123ija sp\u0113j piel\u0101got <strong>Nokian Hakkapeliitta 9 SUV<\/strong> riepas elast\u012bbu da\u017e\u0101d\u0101m gaisa temperat\u016br\u0101m, nodro\u0161inot sa\u0137eri.<\/p>\n<h3>Nokian Hakkapeliitta 9 SUV piem\u0113rot\u012bba Latvijas apst\u0101k\u013ciem<\/h3>\n<p><strong>Nokian Hakkapeliita 9 SUV<\/strong> ir premium kvalit\u0101tes ziemas riepa, kas, pateicoties virknei jaun\u0101ko tehnolo\u0123iju, uzr\u0101da vislab\u0101kos r\u0101d\u012bt\u0101jos ekstr\u0113m\u0101s ziemas situ\u0101cij\u0101s. \u0160\u012b riepa b\u016bs izcils c\u012b\u0146asbiedrs, ja n\u0101ksies saskarties ar apledoju\u0161iem, net\u012br\u012btiem un sniegainiem ce\u013ciem. <b>Nokian Hakkapeliitta 9 SUV <\/b>mode\u013ca lieto\u0161anas dro\u0161\u012bbu ziemas laika apst\u0101k\u013cos un t\u0101 atbilst\u012bbu valst\u012bm ar oblig\u0101tu sezon\u0101lo riepu mai\u0146u apstiprina mar\u0137\u0113jums sniegp\u0101rslas form\u0101 uz kalna fona ar trim virsotn\u0113m (3PMSF).<\/p>\n","protected":false},"excerpt":{"rendered":"<p>Premium klases riepas. Nokian riepas &#8211; izcila kvalit\u0101te par labu cenu! Nokian riepas Latvij\u0101 \u013coti veiksm\u012bgi darbojas jau tre\u0161o dek\u0101di. Tas ir vien\u012bgais riepu ra\u017eot\u0101js pasaul\u0113, kas specializ\u0113jas uz ziemas<\/p>\n","protected":false},"featured_media":0,"template":"","meta":{"_acf_changed":false,"ngg_post_thumbnail":0},"product_brand":[],"product_cat":[45,48],"product_tag":[],"class_list":{"0":"post-681225","1":"product","2":"type-product","3":"status-publish","5":"product_cat-ziemas-riepas","6":"product_cat-ziemas-ar-radzem","8":"first","9":"instock","10":"sale","11":"taxable","12":"shipping-taxable","13":"purchasable","14":"product-type-simple"},"acf":[],"yoast_head":"<!-- This site is optimized with the Yoast SEO Premium plugin v22.6 (Yoast SEO v27.3) - https:\/\/yoast.com\/product\/yoast-seo-premium-wordpress\/ -->\n<title>265\/50R19 Nokian Hakkapeliitta 9 SUV 110T XL RunFlat DOT ar radz\u0113m &#8226; MMK Riepas<\/title>\n<meta name=\"robots\" content=\"index, follow, max-snippet:-1, max-image-preview:large, max-video-preview:-1\" \/>\n<link rel=\"canonical\" href=\"https:\/\/mmkriepas.lv\/en\/p\/265-50r19-nokian-hakkapeliitta-9-suv-110t-xl-runflat-dot-ar-radzem\/\" \/>\n<meta property=\"og:locale\" content=\"en_US\" \/>\n<meta property=\"og:type\" content=\"article\" \/>\n<meta property=\"og:title\" content=\"265\/50R19 Nokian Hakkapeliitta 9 SUV 110T XL RunFlat DOT ar radz\u0113m\" \/>\n<meta property=\"og:description\" content=\"Premium klases riepas. Nokian riepas &#8211; izcila kvalit\u0101te par labu cenu! Nokian riepas Latvij\u0101 \u013coti veiksm\u012bgi darbojas jau tre\u0161o dek\u0101di. Tas ir vien\u012bgais riepu ra\u017eot\u0101js pasaul\u0113, kas specializ\u0113jas uz ziemas\" \/>\n<meta property=\"og:url\" content=\"https:\/\/mmkriepas.lv\/en\/p\/265-50r19-nokian-hakkapeliitta-9-suv-110t-xl-runflat-dot-ar-radzem\/\" \/>\n<meta property=\"og:site_name\" content=\"MMK Riepas\" \/>\n<meta property=\"article:publisher\" content=\"https:\/\/www.facebook.com\/mmkserviss\/\" \/>\n<meta property=\"article:modified_time\" content=\"2026-03-27T11:25:07+00:00\" \/>\n<meta name=\"twitter:card\" content=\"summary_large_image\" \/>\n<meta name=\"twitter:label1\" content=\"Price\" \/>\n\t<meta name=\"twitter:data1\" content=\"&euro;140.00\" \/>\n\t<meta name=\"twitter:label2\" content=\"Availability\" \/>\n\t<meta name=\"twitter:data2\" content=\"In stock\" \/>\n<script type=\"application\/ld+json\" class=\"yoast-schema-graph\">{\"@context\":\"https:\\\/\\\/schema.org\",\"@graph\":[{\"@type\":\"WebPage\",\"@id\":\"https:\\\/\\\/mmkriepas.lv\\\/en\\\/p\\\/265-50r19-nokian-hakkapeliitta-9-suv-110t-xl-runflat-dot-ar-radzem\\\/\",\"url\":\"https:\\\/\\\/mmkriepas.lv\\\/en\\\/p\\\/265-50r19-nokian-hakkapeliitta-9-suv-110t-xl-runflat-dot-ar-radzem\\\/\",\"name\":\"265\\\/50R19 Nokian Hakkapeliitta 9 SUV 110T XL RunFlat DOT ar radz\u0113m &#8226; MMK Riepas\",\"isPartOf\":{\"@id\":\"https:\\\/\\\/mmkriepas.lv\\\/en\\\/#website\"},\"datePublished\":\"2023-03-22T10:47:10+00:00\",\"dateModified\":\"2026-03-27T11:25:07+00:00\",\"breadcrumb\":{\"@id\":\"https:\\\/\\\/mmkriepas.lv\\\/en\\\/p\\\/265-50r19-nokian-hakkapeliitta-9-suv-110t-xl-runflat-dot-ar-radzem\\\/#breadcrumb\"},\"inLanguage\":\"en-US\",\"potentialAction\":[{\"@type\":\"ReadAction\",\"target\":[\"https:\\\/\\\/mmkriepas.lv\\\/en\\\/p\\\/265-50r19-nokian-hakkapeliitta-9-suv-110t-xl-runflat-dot-ar-radzem\\\/\"]}]},{\"@type\":\"BreadcrumbList\",\"@id\":\"https:\\\/\\\/mmkriepas.lv\\\/en\\\/p\\\/265-50r19-nokian-hakkapeliitta-9-suv-110t-xl-runflat-dot-ar-radzem\\\/#breadcrumb\",\"itemListElement\":[{\"@type\":\"ListItem\",\"position\":1,\"name\":\"S\u0101kums\",\"item\":\"https:\\\/\\\/mmkriepas.lv\\\/en\\\/\"},{\"@type\":\"ListItem\",\"position\":2,\"name\":\"265\\\/50R19 Nokian Hakkapeliitta 9 SUV 110T XL RunFlat DOT ar radz\u0113m\"}]},{\"@type\":\"WebSite\",\"@id\":\"https:\\\/\\\/mmkriepas.lv\\\/en\\\/#website\",\"url\":\"https:\\\/\\\/mmkriepas.lv\\\/en\\\/\",\"name\":\"MMK Riepas\",\"description\":\"MMK Riepas\",\"alternateName\":\"MMK Riepu Serviss\",\"potentialAction\":[{\"@type\":\"SearchAction\",\"target\":{\"@type\":\"EntryPoint\",\"urlTemplate\":\"https:\\\/\\\/mmkriepas.lv\\\/en\\\/?s={search_term_string}\"},\"query-input\":{\"@type\":\"PropertyValueSpecification\",\"valueRequired\":true,\"valueName\":\"search_term_string\"}}],\"inLanguage\":\"en-US\"},{\"@type\":\"ImageObject\",\"inLanguage\":\"en-US\",\"@id\":\"https:\\\/\\\/mmkriepas.lv\\\/en\\\/p\\\/265-50r19-nokian-hakkapeliitta-9-suv-110t-xl-runflat-dot-ar-radzem\\\/#local-main-organization-logo\",\"url\":\"\",\"contentUrl\":\"\",\"caption\":\"MMK Riepas\"}]}<\/script>\n<meta property=\"product:price:amount\" content=\"140.00\" \/>\n<meta property=\"product:price:currency\" content=\"EUR\" \/>\n<meta property=\"og:availability\" content=\"instock\" \/>\n<meta property=\"product:availability\" content=\"instock\" \/>\n<meta property=\"product:retailer_item_id\" content=\"TR2655019NOKIA-L24629\" \/>\n<meta property=\"product:condition\" content=\"new\" \/>\n<!-- \/ Yoast SEO Premium plugin. -->","yoast_head_json":{"title":"265\/50R19 Nokian Hakkapeliitta 9 SUV 110T XL RunFlat DOT ar radz\u0113m &#8226; MMK Riepas","robots":{"index":"index","follow":"follow","max-snippet":"max-snippet:-1","max-image-preview":"max-image-preview:large","max-video-preview":"max-video-preview:-1"},"canonical":"https:\/\/mmkriepas.lv\/en\/p\/265-50r19-nokian-hakkapeliitta-9-suv-110t-xl-runflat-dot-ar-radzem\/","og_locale":"en_US","og_type":"article","og_title":"265\/50R19 Nokian Hakkapeliitta 9 SUV 110T XL RunFlat DOT ar radz\u0113m","og_description":"Premium klases riepas. Nokian riepas &#8211; izcila kvalit\u0101te par labu cenu! Nokian riepas Latvij\u0101 \u013coti veiksm\u012bgi darbojas jau tre\u0161o dek\u0101di. Tas ir vien\u012bgais riepu ra\u017eot\u0101js pasaul\u0113, kas specializ\u0113jas uz ziemas","og_url":"https:\/\/mmkriepas.lv\/en\/p\/265-50r19-nokian-hakkapeliitta-9-suv-110t-xl-runflat-dot-ar-radzem\/","og_site_name":"MMK Riepas","article_publisher":"https:\/\/www.facebook.com\/mmkserviss\/","article_modified_time":"2026-03-27T11:25:07+00:00","twitter_card":"summary_large_image","twitter_misc":{"Price":"&euro;140.00","Availability":"In stock"},"schema":{"@context":"https:\/\/schema.org","@graph":[{"@type":"WebPage","@id":"https:\/\/mmkriepas.lv\/en\/p\/265-50r19-nokian-hakkapeliitta-9-suv-110t-xl-runflat-dot-ar-radzem\/","url":"https:\/\/mmkriepas.lv\/en\/p\/265-50r19-nokian-hakkapeliitta-9-suv-110t-xl-runflat-dot-ar-radzem\/","name":"265\/50R19 Nokian Hakkapeliitta 9 SUV 110T XL RunFlat DOT ar radz\u0113m &#8226; MMK Riepas","isPartOf":{"@id":"https:\/\/mmkriepas.lv\/en\/#website"},"datePublished":"2023-03-22T10:47:10+00:00","dateModified":"2026-03-27T11:25:07+00:00","breadcrumb":{"@id":"https:\/\/mmkriepas.lv\/en\/p\/265-50r19-nokian-hakkapeliitta-9-suv-110t-xl-runflat-dot-ar-radzem\/#breadcrumb"},"inLanguage":"en-US","potentialAction":[{"@type":"ReadAction","target":["https:\/\/mmkriepas.lv\/en\/p\/265-50r19-nokian-hakkapeliitta-9-suv-110t-xl-runflat-dot-ar-radzem\/"]}]},{"@type":"BreadcrumbList","@id":"https:\/\/mmkriepas.lv\/en\/p\/265-50r19-nokian-hakkapeliitta-9-suv-110t-xl-runflat-dot-ar-radzem\/#breadcrumb","itemListElement":[{"@type":"ListItem","position":1,"name":"S\u0101kums","item":"https:\/\/mmkriepas.lv\/en\/"},{"@type":"ListItem","position":2,"name":"265\/50R19 Nokian Hakkapeliitta 9 SUV 110T XL RunFlat DOT ar radz\u0113m"}]},{"@type":"WebSite","@id":"https:\/\/mmkriepas.lv\/en\/#website","url":"https:\/\/mmkriepas.lv\/en\/","name":"MMK Riepas","description":"MMK Riepas","alternateName":"MMK Riepu Serviss","potentialAction":[{"@type":"SearchAction","target":{"@type":"EntryPoint","urlTemplate":"https:\/\/mmkriepas.lv\/en\/?s={search_term_string}"},"query-input":{"@type":"PropertyValueSpecification","valueRequired":true,"valueName":"search_term_string"}}],"inLanguage":"en-US"},{"@type":"ImageObject","inLanguage":"en-US","@id":"https:\/\/mmkriepas.lv\/en\/p\/265-50r19-nokian-hakkapeliitta-9-suv-110t-xl-runflat-dot-ar-radzem\/#local-main-organization-logo","url":"","contentUrl":"","caption":"MMK Riepas"}]},"product_price_amount":"140.00","product_price_currency":"EUR","og_availability":"instock","product_availability":"instock","product_retailer_item_id":"TR2655019NOKIA-L24629","product_condition":"new"},"_links":{"self":[{"href":"https:\/\/mmkriepas.lv\/en\/wp-json\/wp\/v2\/product\/681225","targetHints":{"allow":["GET"]}}],"collection":[{"href":"https:\/\/mmkriepas.lv\/en\/wp-json\/wp\/v2\/product"}],"about":[{"href":"https:\/\/mmkriepas.lv\/en\/wp-json\/wp\/v2\/types\/product"}],"wp:attachment":[{"href":"https:\/\/mmkriepas.lv\/en\/wp-json\/wp\/v2\/media?parent=681225"}],"wp:term":[{"taxonomy":"product_brand","embeddable":true,"href":"https:\/\/mmkriepas.lv\/en\/wp-json\/wp\/v2\/product_brand?post=681225"},{"taxonomy":"product_cat","embeddable":true,"href":"https:\/\/mmkriepas.lv\/en\/wp-json\/wp\/v2\/product_cat?post=681225"},{"taxonomy":"product_tag","embeddable":true,"href":"https:\/\/mmkriepas.lv\/en\/wp-json\/wp\/v2\/product_tag?post=681225"}],"curies":[{"name":"wp","href":"https:\/\/api.w.org\/{rel}","templated":true}]}}