{"id":679865,"date":"2023-03-19T19:01:51","date_gmt":"2023-03-19T17:01:51","guid":{"rendered":"https:\/\/mmkserviss.lv\/?post_type=product&#038;p=679865"},"modified":"2024-06-04T19:15:32","modified_gmt":"2024-06-04T16:15:32","slug":"245-40r18-superia-star-97w-xl-dot20-2","status":"publish","type":"product","link":"https:\/\/mmkriepas.lv\/en\/p\/245-40r18-superia-star-97w-xl-dot20-2\/","title":{"rendered":"245\/40R18 Superia Star+ 97W XL DOT20"},"content":{"rendered":"<p><strong>Superia Star+ <\/strong><strong>&#8211;<\/strong> galven\u0101s iez\u012bmes ir <strong>efekt\u012bva bremz\u0113\u0161ana<\/strong> uz sausa un mitra ce\u013ca seguma, brauk\u0161anas un akustiskais <strong>komforts<\/strong>, k\u0101 ar\u012b degvielas <strong>ekonomijas<\/strong> efektivit\u0101te (zemas rites pretest\u012bbas rezult\u0101ts). Star+ riepu optimiz\u0113tais protektora z\u012bm\u0113jums garant\u0113 komfortu un gludu brauk\u0161anu. Kombin\u0101cij\u0101 ar silikona gumijas mais\u012bjumu nodro\u0161ina dro\u0161u sa\u0137eri uz slapjiem ce\u013ciem un samazina rites pretest\u012bbu.<\/p>\n<p><strong>Star+<\/strong>\u00a0\u012bpa\u0161\u012bbas:<\/p>\n<p>+ \u012ass bremz\u0113\u0161anas ce\u013c\u0161.<\/p>\n<p>+ Uzlabota riepu strukt\u016bra garant\u0113 komfortu un vienm\u0113r\u012bgu brauk\u0161anu<\/p>\n<p>+ Dro\u0161a vad\u0101m\u012bb\u0101 gan uz sausa, gan mitra seguma<\/p>\n<p>+ Augsta notur\u012bba pret akvaplan\u0113\u0161anu<\/p>\n<p>+ Degvielas ekonomija, zema rites pretest\u012bba<\/p>\n<p>+ Klusas riepas.<\/p>\n<p>+ Augsta triecieniztur\u012bba\u00a0pasarg\u0101s riepu no p\u0101rsi\u0161anas bedr\u0113s<\/p>\n<p>+ Disku aizsargmala (liel\u0101kaj\u0101 da\u013c\u0101 izm\u0113ru)<\/p>\n<p><strong>Superia Star+<\/strong> \u2013 augst\u0101k\u0101s klases riepas vasaras apst\u0101k\u013ciem, kas iek\u013cautas \u0136\u012bnas ZC Rubber Eiropas sortiment\u0101 2019. gad\u0101. To galven\u0101s iez\u012bmes ir efekt\u012bva bremz\u0113\u0161ana uz sausa un mitra ce\u013ca seguma, brauk\u0161anas un akustiskais komforts, k\u0101 ar\u012b degvielas efektivit\u0101te k\u0101 zemas rites pretest\u012bbas rezult\u0101ts.<\/p>\n<h5>*Uzman\u012bbu: Vasaras riepas, kas ir ra\u017eotas \u0136\u012bn\u0101, var b\u016bt apz\u012bm\u0113tas ar apz\u012bm\u0113jumu M+S. J\u0101\u0146em ver\u0101, ka \u0136\u012bnas teritorija sniedzas da\u017e\u0101d\u0101s klimatiskaj\u0101s zon\u0101s, kur da\u017eviet metereolo\u0123isk\u0101 ziema t\u0101 ar\u012b neiest\u0101jas. L\u012bdz ar to, tur \u0161\u012bs riepas var izmantot visu gadu, kam\u0113r Latvij\u0101 tas nestr\u0101d\u0101!\u00a0<\/h5>\n","protected":false},"excerpt":{"rendered":"<p><strong><span style=\"font-family: 'Arial',sans-serif;\">Superia Star+ <\/span><\/strong><strong><span style=\"font-family: 'Arial',sans-serif; font-weight: normal;\">&#8211;<\/span><\/strong><span style=\"font-family: 'Arial',sans-serif;\"> galven\u0101s iez\u012bmes ir <strong>efekt\u012bva bremz\u0113\u0161ana<\/strong> uz sausa un mitra ce\u013ca seguma, brauk\u0161anas un akustiskais <strong>komforts<\/strong>, k\u0101 ar\u012b degvielas <strong>ekonomijas<\/strong> efektivit\u0101te (zemas rites pretest\u012bbas rezult\u0101ts). Star+ riepu optimiz\u0113tais protektora z\u012bm\u0113jums garant\u0113 komfortu un gludu brauk\u0161anu. Kombin\u0101cij\u0101 ar silikona gumijas mais\u012bjumu nodro\u0161ina dro\u0161u sa\u0137eri uz slapjiem ce\u013ciem un samazina rites pretest\u012bbu.<\/span><\/p>\n","protected":false},"featured_media":670629,"template":"","meta":{"_acf_changed":false,"ngg_post_thumbnail":0},"product_brand":[],"product_cat":[46],"product_tag":[],"class_list":{"0":"post-679865","1":"product","2":"type-product","3":"status-publish","4":"has-post-thumbnail","6":"product_cat-vasaras-riepas","8":"first","9":"instock","10":"sale","11":"taxable","12":"shipping-taxable","13":"product-type-simple"},"acf":[],"yoast_head":"<!-- This site is optimized with the Yoast SEO Premium plugin v22.6 (Yoast SEO v27.3) - https:\/\/yoast.com\/product\/yoast-seo-premium-wordpress\/ -->\n<title>245\/40R18 Superia Star+ 97W XL DOT20 &#8226; MMK Riepas<\/title>\n<meta name=\"robots\" content=\"index, follow, max-snippet:-1, max-image-preview:large, max-video-preview:-1\" \/>\n<link rel=\"canonical\" href=\"https:\/\/mmkriepas.lv\/en\/p\/245-40r18-superia-star-97w-xl-dot20-2\/\" \/>\n<meta property=\"og:locale\" content=\"en_US\" \/>\n<meta property=\"og:type\" content=\"article\" \/>\n<meta property=\"og:title\" content=\"245\/40R18 Superia Star+ 97W XL DOT20\" \/>\n<meta property=\"og:description\" content=\"Superia Star+ - galven\u0101s iez\u012bmes ir efekt\u012bva bremz\u0113\u0161ana uz sausa un mitra ce\u013ca seguma, brauk\u0161anas un akustiskais komforts, k\u0101 ar\u012b degvielas ekonomijas efektivit\u0101te (zemas rites pretest\u012bbas rezult\u0101ts). Star+ riepu optimiz\u0113tais protektora z\u012bm\u0113jums garant\u0113 komfortu un gludu brauk\u0161anu. Kombin\u0101cij\u0101 ar silikona gumijas mais\u012bjumu nodro\u0161ina dro\u0161u sa\u0137eri uz slapjiem ce\u013ciem un samazina rites pretest\u012bbu.\" \/>\n<meta property=\"og:url\" content=\"https:\/\/mmkriepas.lv\/en\/p\/245-40r18-superia-star-97w-xl-dot20-2\/\" \/>\n<meta property=\"og:site_name\" content=\"MMK Riepas\" \/>\n<meta property=\"article:publisher\" content=\"https:\/\/www.facebook.com\/mmkserviss\/\" \/>\n<meta property=\"article:modified_time\" content=\"2024-06-04T16:15:32+00:00\" \/>\n<meta property=\"og:image\" content=\"https:\/\/mmkriepas.lv\/wp-content\/uploads\/2023\/03\/24540r18-superia-star-97w-xl-vasaras-riepas.jpeg\" \/>\n\t<meta property=\"og:image:width\" content=\"1920\" \/>\n\t<meta property=\"og:image:height\" content=\"1440\" \/>\n\t<meta property=\"og:image:type\" content=\"image\/jpeg\" \/>\n<meta name=\"twitter:card\" content=\"summary_large_image\" \/>\n<meta name=\"twitter:label1\" content=\"Price\" \/>\n\t<meta name=\"twitter:data1\" content=\"&euro;63.00\" \/>\n\t<meta name=\"twitter:label2\" content=\"Availability\" \/>\n\t<meta name=\"twitter:data2\" content=\"In stock\" \/>\n<script type=\"application\/ld+json\" class=\"yoast-schema-graph\">{\"@context\":\"https:\\\/\\\/schema.org\",\"@graph\":[{\"@type\":\"WebPage\",\"@id\":\"https:\\\/\\\/mmkriepas.lv\\\/en\\\/p\\\/245-40r18-superia-star-97w-xl-dot20-2\\\/\",\"url\":\"https:\\\/\\\/mmkriepas.lv\\\/en\\\/p\\\/245-40r18-superia-star-97w-xl-dot20-2\\\/\",\"name\":\"245\\\/40R18 Superia Star+ 97W XL DOT20 &#8226; MMK Riepas\",\"isPartOf\":{\"@id\":\"https:\\\/\\\/mmkriepas.lv\\\/en\\\/#website\"},\"primaryImageOfPage\":{\"@id\":\"https:\\\/\\\/mmkriepas.lv\\\/en\\\/p\\\/245-40r18-superia-star-97w-xl-dot20-2\\\/#primaryimage\"},\"image\":{\"@id\":\"https:\\\/\\\/mmkriepas.lv\\\/en\\\/p\\\/245-40r18-superia-star-97w-xl-dot20-2\\\/#primaryimage\"},\"thumbnailUrl\":\"https:\\\/\\\/mmkriepas.lv\\\/wp-content\\\/uploads\\\/2023\\\/03\\\/24540r18-superia-star-97w-xl-vasaras-riepas.jpeg\",\"datePublished\":\"2023-03-19T17:01:51+00:00\",\"dateModified\":\"2024-06-04T16:15:32+00:00\",\"breadcrumb\":{\"@id\":\"https:\\\/\\\/mmkriepas.lv\\\/en\\\/p\\\/245-40r18-superia-star-97w-xl-dot20-2\\\/#breadcrumb\"},\"inLanguage\":\"en-US\",\"potentialAction\":[{\"@type\":\"ReadAction\",\"target\":[\"https:\\\/\\\/mmkriepas.lv\\\/en\\\/p\\\/245-40r18-superia-star-97w-xl-dot20-2\\\/\"]}]},{\"@type\":\"ImageObject\",\"inLanguage\":\"en-US\",\"@id\":\"https:\\\/\\\/mmkriepas.lv\\\/en\\\/p\\\/245-40r18-superia-star-97w-xl-dot20-2\\\/#primaryimage\",\"url\":\"https:\\\/\\\/mmkriepas.lv\\\/wp-content\\\/uploads\\\/2023\\\/03\\\/24540r18-superia-star-97w-xl-vasaras-riepas.jpeg\",\"contentUrl\":\"https:\\\/\\\/mmkriepas.lv\\\/wp-content\\\/uploads\\\/2023\\\/03\\\/24540r18-superia-star-97w-xl-vasaras-riepas.jpeg\",\"width\":1920,\"height\":1440,\"caption\":\"245\\\/40R18 Superia Star+ 97W XL - Vasaras riepas\"},{\"@type\":\"BreadcrumbList\",\"@id\":\"https:\\\/\\\/mmkriepas.lv\\\/en\\\/p\\\/245-40r18-superia-star-97w-xl-dot20-2\\\/#breadcrumb\",\"itemListElement\":[{\"@type\":\"ListItem\",\"position\":1,\"name\":\"S\u0101kums\",\"item\":\"https:\\\/\\\/mmkriepas.lv\\\/en\\\/\"},{\"@type\":\"ListItem\",\"position\":2,\"name\":\"245\\\/40R18 Superia Star+ 97W XL DOT20\"}]},{\"@type\":\"WebSite\",\"@id\":\"https:\\\/\\\/mmkriepas.lv\\\/en\\\/#website\",\"url\":\"https:\\\/\\\/mmkriepas.lv\\\/en\\\/\",\"name\":\"MMK Riepas\",\"description\":\"MMK Riepas\",\"alternateName\":\"MMK Riepu Serviss\",\"potentialAction\":[{\"@type\":\"SearchAction\",\"target\":{\"@type\":\"EntryPoint\",\"urlTemplate\":\"https:\\\/\\\/mmkriepas.lv\\\/en\\\/?s={search_term_string}\"},\"query-input\":{\"@type\":\"PropertyValueSpecification\",\"valueRequired\":true,\"valueName\":\"search_term_string\"}}],\"inLanguage\":\"en-US\"},{\"@type\":\"ImageObject\",\"inLanguage\":\"en-US\",\"@id\":\"https:\\\/\\\/mmkriepas.lv\\\/en\\\/p\\\/245-40r18-superia-star-97w-xl-dot20-2\\\/#local-main-organization-logo\",\"url\":\"\",\"contentUrl\":\"\",\"caption\":\"MMK Riepas\"}]}<\/script>\n<meta property=\"product:brand\" content=\"Superia Star+\" \/>\n<meta property=\"product:price:amount\" content=\"63.00\" \/>\n<meta property=\"product:price:currency\" content=\"EUR\" \/>\n<meta property=\"og:availability\" content=\"instock\" \/>\n<meta property=\"product:availability\" content=\"instock\" \/>\n<meta property=\"product:retailer_item_id\" content=\"TS2454018Super-E24279\" \/>\n<meta property=\"product:condition\" content=\"new\" \/>\n<!-- \/ Yoast SEO Premium plugin. -->","yoast_head_json":{"title":"245\/40R18 Superia Star+ 97W XL DOT20 &#8226; MMK Riepas","robots":{"index":"index","follow":"follow","max-snippet":"max-snippet:-1","max-image-preview":"max-image-preview:large","max-video-preview":"max-video-preview:-1"},"canonical":"https:\/\/mmkriepas.lv\/en\/p\/245-40r18-superia-star-97w-xl-dot20-2\/","og_locale":"en_US","og_type":"article","og_title":"245\/40R18 Superia Star+ 97W XL DOT20","og_description":"Superia Star+ - galven\u0101s iez\u012bmes ir efekt\u012bva bremz\u0113\u0161ana uz sausa un mitra ce\u013ca seguma, brauk\u0161anas un akustiskais komforts, k\u0101 ar\u012b degvielas ekonomijas efektivit\u0101te (zemas rites pretest\u012bbas rezult\u0101ts). Star+ riepu optimiz\u0113tais protektora z\u012bm\u0113jums garant\u0113 komfortu un gludu brauk\u0161anu. Kombin\u0101cij\u0101 ar silikona gumijas mais\u012bjumu nodro\u0161ina dro\u0161u sa\u0137eri uz slapjiem ce\u013ciem un samazina rites pretest\u012bbu.","og_url":"https:\/\/mmkriepas.lv\/en\/p\/245-40r18-superia-star-97w-xl-dot20-2\/","og_site_name":"MMK Riepas","article_publisher":"https:\/\/www.facebook.com\/mmkserviss\/","article_modified_time":"2024-06-04T16:15:32+00:00","og_image":[{"width":1920,"height":1440,"url":"https:\/\/mmkriepas.lv\/wp-content\/uploads\/2023\/03\/24540r18-superia-star-97w-xl-vasaras-riepas.jpeg","type":"image\/jpeg"}],"twitter_card":"summary_large_image","twitter_misc":{"Price":"&euro;63.00","Availability":"In stock"},"schema":{"@context":"https:\/\/schema.org","@graph":[{"@type":"WebPage","@id":"https:\/\/mmkriepas.lv\/en\/p\/245-40r18-superia-star-97w-xl-dot20-2\/","url":"https:\/\/mmkriepas.lv\/en\/p\/245-40r18-superia-star-97w-xl-dot20-2\/","name":"245\/40R18 Superia Star+ 97W XL DOT20 &#8226; MMK Riepas","isPartOf":{"@id":"https:\/\/mmkriepas.lv\/en\/#website"},"primaryImageOfPage":{"@id":"https:\/\/mmkriepas.lv\/en\/p\/245-40r18-superia-star-97w-xl-dot20-2\/#primaryimage"},"image":{"@id":"https:\/\/mmkriepas.lv\/en\/p\/245-40r18-superia-star-97w-xl-dot20-2\/#primaryimage"},"thumbnailUrl":"https:\/\/mmkriepas.lv\/wp-content\/uploads\/2023\/03\/24540r18-superia-star-97w-xl-vasaras-riepas.jpeg","datePublished":"2023-03-19T17:01:51+00:00","dateModified":"2024-06-04T16:15:32+00:00","breadcrumb":{"@id":"https:\/\/mmkriepas.lv\/en\/p\/245-40r18-superia-star-97w-xl-dot20-2\/#breadcrumb"},"inLanguage":"en-US","potentialAction":[{"@type":"ReadAction","target":["https:\/\/mmkriepas.lv\/en\/p\/245-40r18-superia-star-97w-xl-dot20-2\/"]}]},{"@type":"ImageObject","inLanguage":"en-US","@id":"https:\/\/mmkriepas.lv\/en\/p\/245-40r18-superia-star-97w-xl-dot20-2\/#primaryimage","url":"https:\/\/mmkriepas.lv\/wp-content\/uploads\/2023\/03\/24540r18-superia-star-97w-xl-vasaras-riepas.jpeg","contentUrl":"https:\/\/mmkriepas.lv\/wp-content\/uploads\/2023\/03\/24540r18-superia-star-97w-xl-vasaras-riepas.jpeg","width":1920,"height":1440,"caption":"245\/40R18 Superia Star+ 97W XL - Vasaras riepas"},{"@type":"BreadcrumbList","@id":"https:\/\/mmkriepas.lv\/en\/p\/245-40r18-superia-star-97w-xl-dot20-2\/#breadcrumb","itemListElement":[{"@type":"ListItem","position":1,"name":"S\u0101kums","item":"https:\/\/mmkriepas.lv\/en\/"},{"@type":"ListItem","position":2,"name":"245\/40R18 Superia Star+ 97W XL DOT20"}]},{"@type":"WebSite","@id":"https:\/\/mmkriepas.lv\/en\/#website","url":"https:\/\/mmkriepas.lv\/en\/","name":"MMK Riepas","description":"MMK Riepas","alternateName":"MMK Riepu Serviss","potentialAction":[{"@type":"SearchAction","target":{"@type":"EntryPoint","urlTemplate":"https:\/\/mmkriepas.lv\/en\/?s={search_term_string}"},"query-input":{"@type":"PropertyValueSpecification","valueRequired":true,"valueName":"search_term_string"}}],"inLanguage":"en-US"},{"@type":"ImageObject","inLanguage":"en-US","@id":"https:\/\/mmkriepas.lv\/en\/p\/245-40r18-superia-star-97w-xl-dot20-2\/#local-main-organization-logo","url":"","contentUrl":"","caption":"MMK Riepas"}]},"product_brand":"Superia Star+","product_price_amount":"63.00","product_price_currency":"EUR","og_availability":"instock","product_availability":"instock","product_retailer_item_id":"TS2454018Super-E24279","product_condition":"new"},"_links":{"self":[{"href":"https:\/\/mmkriepas.lv\/en\/wp-json\/wp\/v2\/product\/679865","targetHints":{"allow":["GET"]}}],"collection":[{"href":"https:\/\/mmkriepas.lv\/en\/wp-json\/wp\/v2\/product"}],"about":[{"href":"https:\/\/mmkriepas.lv\/en\/wp-json\/wp\/v2\/types\/product"}],"wp:featuredmedia":[{"embeddable":true,"href":"https:\/\/mmkriepas.lv\/en\/wp-json\/wp\/v2\/media\/670629"}],"wp:attachment":[{"href":"https:\/\/mmkriepas.lv\/en\/wp-json\/wp\/v2\/media?parent=679865"}],"wp:term":[{"taxonomy":"product_brand","embeddable":true,"href":"https:\/\/mmkriepas.lv\/en\/wp-json\/wp\/v2\/product_brand?post=679865"},{"taxonomy":"product_cat","embeddable":true,"href":"https:\/\/mmkriepas.lv\/en\/wp-json\/wp\/v2\/product_cat?post=679865"},{"taxonomy":"product_tag","embeddable":true,"href":"https:\/\/mmkriepas.lv\/en\/wp-json\/wp\/v2\/product_tag?post=679865"}],"curies":[{"name":"wp","href":"https:\/\/api.w.org\/{rel}","templated":true}]}}