{"id":679766,"date":"2023-03-19T18:56:54","date_gmt":"2023-03-19T16:56:54","guid":{"rendered":"https:\/\/mmkserviss.lv\/?post_type=product&#038;p=679766"},"modified":"2024-06-04T19:14:09","modified_gmt":"2024-06-04T16:14:09","slug":"225-60r18-sunny-sn3830-snowmaster-104v-xl-dot","status":"publish","type":"product","link":"https:\/\/mmkriepas.lv\/en\/p\/225-60r18-sunny-sn3830-snowmaster-104v-xl-dot\/","title":{"rendered":"225\/60R18 Sunny SnowMaster SN3830 104V XL DOT"},"content":{"rendered":"<p><strong>Sunny SnowMaster SN3830 <\/strong>ir labs vissezonas\/ziemas riepu modelis. Tas izce\u013cas ar labiem brauk\u0161anas komforta un sa\u0137eres r\u0101d\u012bt\u0101jiem gan uz sausa un slapja asfalta, gan sieg\u0101.<\/p>\n<p><strong>SnowMaster SN3830 galven\u0101s iez\u012bmes:<\/strong><\/p>\n<p>+ Laba sa\u0137ere gan uz sausa un slapja asfalta, gan snieg\u0101.<\/p>\n<p>+ Zems akvaplan\u0113\u0161anas risks.<\/p>\n<p>+ Palielin\u0101ta nodilumiztur\u012bba.<\/p>\n<p>+ Labs akustiskais un brauk\u0161anas gaitas komforts.<\/p>\n<p><strong>+ Kvalit\u0101te atbilst cenai!<\/strong><\/p>\n<h3><strong>Snowmaster SN3830 protektors:<\/strong><\/h3>\n<p><strong>Sunny Snowmaster SN3830 <\/strong>vissezonas jeb m+s riepu modelis apr\u012bkots ar virzienveida protektora rakstu. \u0160\u0101ds protektora dizains izv\u0113l\u0113ts paaugstin\u0101tai veiktsp\u0113jai, c\u012b\u0146\u0101 ar sniegu, k\u0101 ar\u012b lab\u0101kai \u016bdens izvadei no sa\u0137eres punkta ar ce\u013cu.<\/p>\n<p>\u0160is riepu modelis izgatavots no vid\u0113ji cieta gumijas sakaus\u0113juma. Tam pievienotie elastrom\u0113ri at\u013cauj saglab\u0101t elast\u012bbu pat zem\u0101s gaisa temperat\u016br\u0101s. V\u0113rts min\u0113t, ka elast\u012bga riepa daudz lab\u0101k veido sa\u0137eri ar ce\u013cu, turkl\u0101t, t\u0101 dilst vienm\u0113r\u012bg\u0101k, paildzinot riepas m\u016b\u017eu.<\/p>\n","protected":false},"excerpt":{"rendered":"<p><strong>Sunny SnowMaster SN3830 <\/strong>ir labs vissezonas\/ziemas riepu modelis. Tas izce\u013cas ar labiem brauk\u0161anas komforta un sa\u0137eres r\u0101d\u012bt\u0101jiem gan uz sausa un slapja asfalta, gan sieg\u0101.<\/p>\n","protected":false},"featured_media":324276,"template":"","meta":{"_acf_changed":false,"ngg_post_thumbnail":0},"product_brand":[],"product_cat":[47,45],"product_tag":[],"class_list":{"0":"post-679766","1":"product","2":"type-product","3":"status-publish","4":"has-post-thumbnail","6":"product_cat-vissezonas-riepas","7":"product_cat-ziemas-riepas","9":"first","10":"instock","11":"taxable","12":"shipping-taxable","13":"product-type-simple"},"acf":[],"yoast_head":"<!-- This site is optimized with the Yoast SEO Premium plugin v22.6 (Yoast SEO v27.3) - https:\/\/yoast.com\/product\/yoast-seo-premium-wordpress\/ -->\n<title>225\/60R18 Sunny SnowMaster SN3830 104V XL DOT &#8226; MMK Riepas<\/title>\n<meta name=\"robots\" content=\"index, follow, max-snippet:-1, max-image-preview:large, max-video-preview:-1\" \/>\n<link rel=\"canonical\" href=\"https:\/\/mmkriepas.lv\/en\/p\/225-60r18-sunny-sn3830-snowmaster-104v-xl-dot\/\" \/>\n<meta property=\"og:locale\" content=\"en_US\" \/>\n<meta property=\"og:type\" content=\"article\" \/>\n<meta property=\"og:title\" content=\"225\/60R18 Sunny SnowMaster SN3830 104V XL DOT\" \/>\n<meta property=\"og:description\" content=\"Sunny SnowMaster SN3830 ir labs vissezonas\/ziemas riepu modelis. Tas izce\u013cas ar labiem brauk\u0161anas komforta un sa\u0137eres r\u0101d\u012bt\u0101jiem gan uz sausa un slapja asfalta, gan sieg\u0101.\" \/>\n<meta property=\"og:url\" content=\"https:\/\/mmkriepas.lv\/en\/p\/225-60r18-sunny-sn3830-snowmaster-104v-xl-dot\/\" \/>\n<meta property=\"og:site_name\" content=\"MMK Riepas\" \/>\n<meta property=\"article:publisher\" content=\"https:\/\/www.facebook.com\/mmkserviss\/\" \/>\n<meta property=\"article:modified_time\" content=\"2024-06-04T16:14:09+00:00\" \/>\n<meta property=\"og:image\" content=\"https:\/\/mmkriepas.lv\/wp-content\/uploads\/2022\/09\/23545r18-sunny-snowmaster-sn3830-98v-xl-ziemas-riepas-scaled.jpg\" \/>\n\t<meta property=\"og:image:width\" content=\"1920\" \/>\n\t<meta property=\"og:image:height\" content=\"1278\" \/>\n\t<meta property=\"og:image:type\" content=\"image\/jpeg\" \/>\n<meta name=\"twitter:card\" content=\"summary_large_image\" \/>\n<meta name=\"twitter:label1\" content=\"Price\" \/>\n\t<meta name=\"twitter:data1\" content=\"&euro;65.00\" \/>\n\t<meta name=\"twitter:label2\" content=\"Availability\" \/>\n\t<meta name=\"twitter:data2\" content=\"In stock\" \/>\n<script type=\"application\/ld+json\" class=\"yoast-schema-graph\">{\"@context\":\"https:\\\/\\\/schema.org\",\"@graph\":[{\"@type\":\"WebPage\",\"@id\":\"https:\\\/\\\/mmkriepas.lv\\\/en\\\/p\\\/225-60r18-sunny-sn3830-snowmaster-104v-xl-dot\\\/\",\"url\":\"https:\\\/\\\/mmkriepas.lv\\\/en\\\/p\\\/225-60r18-sunny-sn3830-snowmaster-104v-xl-dot\\\/\",\"name\":\"225\\\/60R18 Sunny SnowMaster SN3830 104V XL DOT &#8226; MMK Riepas\",\"isPartOf\":{\"@id\":\"https:\\\/\\\/mmkriepas.lv\\\/en\\\/#website\"},\"primaryImageOfPage\":{\"@id\":\"https:\\\/\\\/mmkriepas.lv\\\/en\\\/p\\\/225-60r18-sunny-sn3830-snowmaster-104v-xl-dot\\\/#primaryimage\"},\"image\":{\"@id\":\"https:\\\/\\\/mmkriepas.lv\\\/en\\\/p\\\/225-60r18-sunny-sn3830-snowmaster-104v-xl-dot\\\/#primaryimage\"},\"thumbnailUrl\":\"https:\\\/\\\/mmkriepas.lv\\\/wp-content\\\/uploads\\\/2022\\\/09\\\/23545r18-sunny-snowmaster-sn3830-98v-xl-ziemas-riepas-scaled.jpg\",\"datePublished\":\"2023-03-19T16:56:54+00:00\",\"dateModified\":\"2024-06-04T16:14:09+00:00\",\"breadcrumb\":{\"@id\":\"https:\\\/\\\/mmkriepas.lv\\\/en\\\/p\\\/225-60r18-sunny-sn3830-snowmaster-104v-xl-dot\\\/#breadcrumb\"},\"inLanguage\":\"en-US\",\"potentialAction\":[{\"@type\":\"ReadAction\",\"target\":[\"https:\\\/\\\/mmkriepas.lv\\\/en\\\/p\\\/225-60r18-sunny-sn3830-snowmaster-104v-xl-dot\\\/\"]}]},{\"@type\":\"ImageObject\",\"inLanguage\":\"en-US\",\"@id\":\"https:\\\/\\\/mmkriepas.lv\\\/en\\\/p\\\/225-60r18-sunny-sn3830-snowmaster-104v-xl-dot\\\/#primaryimage\",\"url\":\"https:\\\/\\\/mmkriepas.lv\\\/wp-content\\\/uploads\\\/2022\\\/09\\\/23545r18-sunny-snowmaster-sn3830-98v-xl-ziemas-riepas-scaled.jpg\",\"contentUrl\":\"https:\\\/\\\/mmkriepas.lv\\\/wp-content\\\/uploads\\\/2022\\\/09\\\/23545r18-sunny-snowmaster-sn3830-98v-xl-ziemas-riepas-scaled.jpg\",\"width\":1920,\"height\":1278,\"caption\":\"235\\\/45R18 Sunny SnowMaster SN3830 98V XL - Ziemas riepas\"},{\"@type\":\"BreadcrumbList\",\"@id\":\"https:\\\/\\\/mmkriepas.lv\\\/en\\\/p\\\/225-60r18-sunny-sn3830-snowmaster-104v-xl-dot\\\/#breadcrumb\",\"itemListElement\":[{\"@type\":\"ListItem\",\"position\":1,\"name\":\"S\u0101kums\",\"item\":\"https:\\\/\\\/mmkriepas.lv\\\/en\\\/\"},{\"@type\":\"ListItem\",\"position\":2,\"name\":\"225\\\/60R18 Sunny SnowMaster SN3830 104V XL DOT\"}]},{\"@type\":\"WebSite\",\"@id\":\"https:\\\/\\\/mmkriepas.lv\\\/en\\\/#website\",\"url\":\"https:\\\/\\\/mmkriepas.lv\\\/en\\\/\",\"name\":\"MMK Riepas\",\"description\":\"MMK Riepas\",\"alternateName\":\"MMK Riepu Serviss\",\"potentialAction\":[{\"@type\":\"SearchAction\",\"target\":{\"@type\":\"EntryPoint\",\"urlTemplate\":\"https:\\\/\\\/mmkriepas.lv\\\/en\\\/?s={search_term_string}\"},\"query-input\":{\"@type\":\"PropertyValueSpecification\",\"valueRequired\":true,\"valueName\":\"search_term_string\"}}],\"inLanguage\":\"en-US\"},{\"@type\":\"ImageObject\",\"inLanguage\":\"en-US\",\"@id\":\"https:\\\/\\\/mmkriepas.lv\\\/en\\\/p\\\/225-60r18-sunny-sn3830-snowmaster-104v-xl-dot\\\/#local-main-organization-logo\",\"url\":\"\",\"contentUrl\":\"\",\"caption\":\"MMK Riepas\"}]}<\/script>\n<meta property=\"product:brand\" content=\"Sunny Snowmaster SN3830\" \/>\n<meta property=\"product:price:amount\" content=\"65.00\" \/>\n<meta property=\"product:price:currency\" content=\"EUR\" \/>\n<meta property=\"og:availability\" content=\"instock\" \/>\n<meta property=\"product:availability\" content=\"instock\" \/>\n<meta property=\"product:retailer_item_id\" content=\"TW2256018Sunny-E24246\" \/>\n<meta property=\"product:condition\" content=\"new\" \/>\n<!-- \/ Yoast SEO Premium plugin. -->","yoast_head_json":{"title":"225\/60R18 Sunny SnowMaster SN3830 104V XL DOT &#8226; MMK Riepas","robots":{"index":"index","follow":"follow","max-snippet":"max-snippet:-1","max-image-preview":"max-image-preview:large","max-video-preview":"max-video-preview:-1"},"canonical":"https:\/\/mmkriepas.lv\/en\/p\/225-60r18-sunny-sn3830-snowmaster-104v-xl-dot\/","og_locale":"en_US","og_type":"article","og_title":"225\/60R18 Sunny SnowMaster SN3830 104V XL DOT","og_description":"Sunny SnowMaster SN3830 ir labs vissezonas\/ziemas riepu modelis. Tas izce\u013cas ar labiem brauk\u0161anas komforta un sa\u0137eres r\u0101d\u012bt\u0101jiem gan uz sausa un slapja asfalta, gan sieg\u0101.","og_url":"https:\/\/mmkriepas.lv\/en\/p\/225-60r18-sunny-sn3830-snowmaster-104v-xl-dot\/","og_site_name":"MMK Riepas","article_publisher":"https:\/\/www.facebook.com\/mmkserviss\/","article_modified_time":"2024-06-04T16:14:09+00:00","og_image":[{"width":1920,"height":1278,"url":"https:\/\/mmkriepas.lv\/wp-content\/uploads\/2022\/09\/23545r18-sunny-snowmaster-sn3830-98v-xl-ziemas-riepas-scaled.jpg","type":"image\/jpeg"}],"twitter_card":"summary_large_image","twitter_misc":{"Price":"&euro;65.00","Availability":"In stock"},"schema":{"@context":"https:\/\/schema.org","@graph":[{"@type":"WebPage","@id":"https:\/\/mmkriepas.lv\/en\/p\/225-60r18-sunny-sn3830-snowmaster-104v-xl-dot\/","url":"https:\/\/mmkriepas.lv\/en\/p\/225-60r18-sunny-sn3830-snowmaster-104v-xl-dot\/","name":"225\/60R18 Sunny SnowMaster SN3830 104V XL DOT &#8226; MMK Riepas","isPartOf":{"@id":"https:\/\/mmkriepas.lv\/en\/#website"},"primaryImageOfPage":{"@id":"https:\/\/mmkriepas.lv\/en\/p\/225-60r18-sunny-sn3830-snowmaster-104v-xl-dot\/#primaryimage"},"image":{"@id":"https:\/\/mmkriepas.lv\/en\/p\/225-60r18-sunny-sn3830-snowmaster-104v-xl-dot\/#primaryimage"},"thumbnailUrl":"https:\/\/mmkriepas.lv\/wp-content\/uploads\/2022\/09\/23545r18-sunny-snowmaster-sn3830-98v-xl-ziemas-riepas-scaled.jpg","datePublished":"2023-03-19T16:56:54+00:00","dateModified":"2024-06-04T16:14:09+00:00","breadcrumb":{"@id":"https:\/\/mmkriepas.lv\/en\/p\/225-60r18-sunny-sn3830-snowmaster-104v-xl-dot\/#breadcrumb"},"inLanguage":"en-US","potentialAction":[{"@type":"ReadAction","target":["https:\/\/mmkriepas.lv\/en\/p\/225-60r18-sunny-sn3830-snowmaster-104v-xl-dot\/"]}]},{"@type":"ImageObject","inLanguage":"en-US","@id":"https:\/\/mmkriepas.lv\/en\/p\/225-60r18-sunny-sn3830-snowmaster-104v-xl-dot\/#primaryimage","url":"https:\/\/mmkriepas.lv\/wp-content\/uploads\/2022\/09\/23545r18-sunny-snowmaster-sn3830-98v-xl-ziemas-riepas-scaled.jpg","contentUrl":"https:\/\/mmkriepas.lv\/wp-content\/uploads\/2022\/09\/23545r18-sunny-snowmaster-sn3830-98v-xl-ziemas-riepas-scaled.jpg","width":1920,"height":1278,"caption":"235\/45R18 Sunny SnowMaster SN3830 98V XL - Ziemas riepas"},{"@type":"BreadcrumbList","@id":"https:\/\/mmkriepas.lv\/en\/p\/225-60r18-sunny-sn3830-snowmaster-104v-xl-dot\/#breadcrumb","itemListElement":[{"@type":"ListItem","position":1,"name":"S\u0101kums","item":"https:\/\/mmkriepas.lv\/en\/"},{"@type":"ListItem","position":2,"name":"225\/60R18 Sunny SnowMaster SN3830 104V XL DOT"}]},{"@type":"WebSite","@id":"https:\/\/mmkriepas.lv\/en\/#website","url":"https:\/\/mmkriepas.lv\/en\/","name":"MMK Riepas","description":"MMK Riepas","alternateName":"MMK Riepu Serviss","potentialAction":[{"@type":"SearchAction","target":{"@type":"EntryPoint","urlTemplate":"https:\/\/mmkriepas.lv\/en\/?s={search_term_string}"},"query-input":{"@type":"PropertyValueSpecification","valueRequired":true,"valueName":"search_term_string"}}],"inLanguage":"en-US"},{"@type":"ImageObject","inLanguage":"en-US","@id":"https:\/\/mmkriepas.lv\/en\/p\/225-60r18-sunny-sn3830-snowmaster-104v-xl-dot\/#local-main-organization-logo","url":"","contentUrl":"","caption":"MMK Riepas"}]},"product_brand":"Sunny Snowmaster SN3830","product_price_amount":"65.00","product_price_currency":"EUR","og_availability":"instock","product_availability":"instock","product_retailer_item_id":"TW2256018Sunny-E24246","product_condition":"new"},"_links":{"self":[{"href":"https:\/\/mmkriepas.lv\/en\/wp-json\/wp\/v2\/product\/679766","targetHints":{"allow":["GET"]}}],"collection":[{"href":"https:\/\/mmkriepas.lv\/en\/wp-json\/wp\/v2\/product"}],"about":[{"href":"https:\/\/mmkriepas.lv\/en\/wp-json\/wp\/v2\/types\/product"}],"wp:featuredmedia":[{"embeddable":true,"href":"https:\/\/mmkriepas.lv\/en\/wp-json\/wp\/v2\/media\/324276"}],"wp:attachment":[{"href":"https:\/\/mmkriepas.lv\/en\/wp-json\/wp\/v2\/media?parent=679766"}],"wp:term":[{"taxonomy":"product_brand","embeddable":true,"href":"https:\/\/mmkriepas.lv\/en\/wp-json\/wp\/v2\/product_brand?post=679766"},{"taxonomy":"product_cat","embeddable":true,"href":"https:\/\/mmkriepas.lv\/en\/wp-json\/wp\/v2\/product_cat?post=679766"},{"taxonomy":"product_tag","embeddable":true,"href":"https:\/\/mmkriepas.lv\/en\/wp-json\/wp\/v2\/product_tag?post=679766"}],"curies":[{"name":"wp","href":"https:\/\/api.w.org\/{rel}","templated":true}]}}