{"id":679409,"date":"2023-03-19T18:39:27","date_gmt":"2023-03-19T16:39:27","guid":{"rendered":"https:\/\/mmkserviss.lv\/?post_type=product&#038;p=679409"},"modified":"2024-06-04T19:08:53","modified_gmt":"2024-06-04T16:08:53","slug":"185-80r14c-powertrac-snowmarch-102-100r-2","status":"publish","type":"product","link":"https:\/\/mmkriepas.lv\/en\/p\/185-80r14c-powertrac-snowmarch-102-100r-2\/","title":{"rendered":"185\/80R14C Powertrac Snowmarch 102\/100R"},"content":{"rendered":"<p><strong><span style=\"font-family: 'Arial',sans-serif;\">Powertrac Snowmarch <\/span><\/strong><span style=\"font-family: 'Arial',sans-serif;\">ir labs bud\u017eeta klases Skandin\u0101vijas tipa jeb m\u012bkst\u0101 sast\u0101va ziemas riepu modelis. Izce\u013cas ar lab\u0101m sa\u0137eres, manevr\u0113tsp\u0113jas un brauk\u0161anas komforta \u012bpa\u0161\u012bb\u0101m. Modelis pieejams pla\u0161\u0101 izm\u0113ru kl\u0101st\u0101 no R13 l\u012bdz R17 un paredz\u0113ts vieglaj\u0101m automa\u0161\u012bn\u0101m.<o:p><\/o:p><\/span><\/p>\n<h3><strong><span style=\"font-family: 'Arial',sans-serif;\">Snowmarch galven\u0101s iez\u012bmes<\/span><\/strong><span style=\"font-family: 'Arial',sans-serif;\"><o:p><\/o:p><\/span><\/h3>\n<p><span style=\"font-family: 'Arial',sans-serif;\">+ Labas sa\u0137eres un manevr\u0113tsp\u0113jas \u012bpa\u0161\u012bbas uz asfalta un pat snieg\u0101.<o:p><\/o:p><\/span><\/p>\n<p><span style=\"font-family: 'Arial',sans-serif;\">+ Zems akvaplan\u0113\u0161anas risks.<o:p><\/o:p><\/span><\/p>\n<p><span style=\"font-family: 'Arial',sans-serif;\">+ Palielin\u0101ta nodilumiztur\u012bba.<o:p><\/o:p><\/span><\/p>\n<p><span style=\"font-family: 'Arial',sans-serif;\">+ Palielin\u0101ts lame\u013cu skaits protektora blokos uzlabo sa\u0137eres \u012bpa\u0161\u012bbas uz apledoju\u0161\u0101m ce\u013ca virsm\u0101m.<o:p><\/o:p><\/span><\/p>\n<p><span style=\"font-family: 'Arial',sans-serif;\">+ Cena atbilst riepu kvalit\u0101tei.<o:p><\/o:p><\/span><\/p>\n<h3><strong><span style=\"font-family: 'Arial',sans-serif;\">Snowmarch apr\u012bkojums<\/span><\/strong><span style=\"font-family: 'Arial',sans-serif;\"><o:p><\/o:p><\/span><\/h3>\n<p><strong><span style=\"font-family: 'Arial',sans-serif;\">Powertrac Snowmarch\u00a0<\/span><\/strong><span style=\"font-family: 'Arial',sans-serif;\">Skandin\u0101vijas tipa jeb m\u012bkst\u0101 sast\u0101va ziemas riepas apr\u012bkotas ar asimetrisko protektora rakstu. Tam palielin\u0101ts protektora bloku izm\u0113rs, kas attiec\u012bgi palielina ar\u012b kontakta virsmu ar ce\u013cu, uzlabojot sa\u0137eres \u012bpa\u0161\u012bbas un palielinot nodilumiztur\u012bbu.<o:p><\/o:p><\/span><\/p>\n<p><span style=\"font-family: 'Arial',sans-serif;\">Mas\u012bvajos, asimetriski izvietotajos protektora blokos bl\u012bvi iestr\u0101d\u0101tas lameles. T\u0101s, l\u012bdz\u012bgi radz\u0113m, led\u016b un sabliet\u0113t\u0101 snieg\u0101 iec\u0113rtas ar as\u0101m kant\u0113m, uzlabojot sa\u0137eri. Turkl\u0101t, \u0161im riepu modelim ir asas s\u0101nu kantes, kas b\u016btiski uzlabo manevr\u0113tsp\u0113ju snieg\u0101 un uz asfalta.<o:p><\/o:p><\/span><\/p>\n<p><span style=\"font-family: 'Arial',sans-serif;\">Riepas darin\u0101tas no m\u012bksta gumijas sakaus\u0113juma, kam pievienots liels elastrom\u0113ru koncentr\u0101ts. Tas riep\u0101m pal\u012bdz saglab\u0101t elast\u012bbu pat zem\u0101s gaisa temperat\u016br\u0101s. V\u0113rts min\u0113t, ka elast\u012bga riepa daudz lab\u0101k veido sa\u0137eri ar ce\u013cu, k\u0101 ar\u012b dilst vienm\u0113r\u012bg\u0101k.<\/span><\/p>\n","protected":false},"excerpt":{"rendered":"<p><strong><span style=\"font-family: 'Arial',sans-serif;\">Powertrac Snowmarch <\/span><\/strong><span style=\"font-family: 'Arial',sans-serif;\">ir labs bud\u017eeta klases Skandin\u0101vijas tipa jeb m\u012bkst\u0101 sast\u0101va ziemas riepu modelis. Izce\u013cas ar lab\u0101m sa\u0137eres, manevr\u0113tsp\u0113jas un brauk\u0161anas komforta \u012bpa\u0161\u012bb\u0101m. Modelis pieejams pla\u0161\u0101 izm\u0113ru kl\u0101st\u0101 no R13 l\u012bdz R17 un paredz\u0113ts vieglaj\u0101m automa\u0161\u012bn\u0101m.<\/span><\/p>\n","protected":false},"featured_media":850974,"template":"","meta":{"_acf_changed":false,"ngg_post_thumbnail":0},"product_brand":[],"product_cat":[47,45],"product_tag":[],"class_list":{"0":"post-679409","1":"product","2":"type-product","3":"status-publish","4":"has-post-thumbnail","6":"product_cat-vissezonas-riepas","7":"product_cat-ziemas-riepas","9":"first","10":"instock","11":"taxable","12":"shipping-taxable","13":"product-type-simple"},"acf":[],"yoast_head":"<!-- This site is optimized with the Yoast SEO Premium plugin v22.6 (Yoast SEO v27.3) - https:\/\/yoast.com\/product\/yoast-seo-premium-wordpress\/ -->\n<title>185\/80R14C Powertrac Snowmarch 102\/100R &#8226; MMK Riepas<\/title>\n<meta name=\"robots\" content=\"index, follow, max-snippet:-1, max-image-preview:large, max-video-preview:-1\" \/>\n<link rel=\"canonical\" href=\"https:\/\/mmkriepas.lv\/en\/p\/185-80r14c-powertrac-snowmarch-102-100r-2\/\" \/>\n<meta property=\"og:locale\" content=\"en_US\" \/>\n<meta property=\"og:type\" content=\"article\" \/>\n<meta property=\"og:title\" content=\"185\/80R14C Powertrac Snowmarch 102\/100R\" \/>\n<meta property=\"og:description\" content=\"Powertrac Snowmarch ir labs bud\u017eeta klases Skandin\u0101vijas tipa jeb m\u012bkst\u0101 sast\u0101va ziemas riepu modelis. Izce\u013cas ar lab\u0101m sa\u0137eres, manevr\u0113tsp\u0113jas un brauk\u0161anas komforta \u012bpa\u0161\u012bb\u0101m. Modelis pieejams pla\u0161\u0101 izm\u0113ru kl\u0101st\u0101 no R13 l\u012bdz R17 un paredz\u0113ts vieglaj\u0101m automa\u0161\u012bn\u0101m.\" \/>\n<meta property=\"og:url\" content=\"https:\/\/mmkriepas.lv\/en\/p\/185-80r14c-powertrac-snowmarch-102-100r-2\/\" \/>\n<meta property=\"og:site_name\" content=\"MMK Riepas\" \/>\n<meta property=\"article:publisher\" content=\"https:\/\/www.facebook.com\/mmkserviss\/\" \/>\n<meta property=\"article:modified_time\" content=\"2024-06-04T16:08:53+00:00\" \/>\n<meta property=\"og:image\" content=\"https:\/\/mmkriepas.lv\/wp-content\/uploads\/2024\/01\/25555r20-powertrac-snowmarch-110h-xl-ziemas-riepas.jpg\" \/>\n\t<meta property=\"og:image:width\" content=\"1920\" \/>\n\t<meta property=\"og:image:height\" content=\"1440\" \/>\n\t<meta property=\"og:image:type\" content=\"image\/jpeg\" \/>\n<meta name=\"twitter:card\" content=\"summary_large_image\" \/>\n<meta name=\"twitter:label1\" content=\"Price\" \/>\n\t<meta name=\"twitter:data1\" content=\"&euro;64.00\" \/>\n\t<meta name=\"twitter:label2\" content=\"Availability\" \/>\n\t<meta name=\"twitter:data2\" content=\"In stock\" \/>\n<script type=\"application\/ld+json\" class=\"yoast-schema-graph\">{\"@context\":\"https:\\\/\\\/schema.org\",\"@graph\":[{\"@type\":\"WebPage\",\"@id\":\"https:\\\/\\\/mmkriepas.lv\\\/en\\\/p\\\/185-80r14c-powertrac-snowmarch-102-100r-2\\\/\",\"url\":\"https:\\\/\\\/mmkriepas.lv\\\/en\\\/p\\\/185-80r14c-powertrac-snowmarch-102-100r-2\\\/\",\"name\":\"185\\\/80R14C Powertrac Snowmarch 102\\\/100R &#8226; MMK Riepas\",\"isPartOf\":{\"@id\":\"https:\\\/\\\/mmkriepas.lv\\\/en\\\/#website\"},\"primaryImageOfPage\":{\"@id\":\"https:\\\/\\\/mmkriepas.lv\\\/en\\\/p\\\/185-80r14c-powertrac-snowmarch-102-100r-2\\\/#primaryimage\"},\"image\":{\"@id\":\"https:\\\/\\\/mmkriepas.lv\\\/en\\\/p\\\/185-80r14c-powertrac-snowmarch-102-100r-2\\\/#primaryimage\"},\"thumbnailUrl\":\"https:\\\/\\\/mmkriepas.lv\\\/wp-content\\\/uploads\\\/2024\\\/01\\\/25555r20-powertrac-snowmarch-110h-xl-ziemas-riepas.jpg\",\"datePublished\":\"2023-03-19T16:39:27+00:00\",\"dateModified\":\"2024-06-04T16:08:53+00:00\",\"breadcrumb\":{\"@id\":\"https:\\\/\\\/mmkriepas.lv\\\/en\\\/p\\\/185-80r14c-powertrac-snowmarch-102-100r-2\\\/#breadcrumb\"},\"inLanguage\":\"en-US\",\"potentialAction\":[{\"@type\":\"ReadAction\",\"target\":[\"https:\\\/\\\/mmkriepas.lv\\\/en\\\/p\\\/185-80r14c-powertrac-snowmarch-102-100r-2\\\/\"]}]},{\"@type\":\"ImageObject\",\"inLanguage\":\"en-US\",\"@id\":\"https:\\\/\\\/mmkriepas.lv\\\/en\\\/p\\\/185-80r14c-powertrac-snowmarch-102-100r-2\\\/#primaryimage\",\"url\":\"https:\\\/\\\/mmkriepas.lv\\\/wp-content\\\/uploads\\\/2024\\\/01\\\/25555r20-powertrac-snowmarch-110h-xl-ziemas-riepas.jpg\",\"contentUrl\":\"https:\\\/\\\/mmkriepas.lv\\\/wp-content\\\/uploads\\\/2024\\\/01\\\/25555r20-powertrac-snowmarch-110h-xl-ziemas-riepas.jpg\",\"width\":1920,\"height\":1440,\"caption\":\"255\\\/55R20 Powertrac Snowmarch 110H XL - Vissezonas riepas \\\/ Ziemas riepas\"},{\"@type\":\"BreadcrumbList\",\"@id\":\"https:\\\/\\\/mmkriepas.lv\\\/en\\\/p\\\/185-80r14c-powertrac-snowmarch-102-100r-2\\\/#breadcrumb\",\"itemListElement\":[{\"@type\":\"ListItem\",\"position\":1,\"name\":\"S\u0101kums\",\"item\":\"https:\\\/\\\/mmkriepas.lv\\\/en\\\/\"},{\"@type\":\"ListItem\",\"position\":2,\"name\":\"185\\\/80R14C Powertrac Snowmarch 102\\\/100R\"}]},{\"@type\":\"WebSite\",\"@id\":\"https:\\\/\\\/mmkriepas.lv\\\/en\\\/#website\",\"url\":\"https:\\\/\\\/mmkriepas.lv\\\/en\\\/\",\"name\":\"MMK Riepas\",\"description\":\"MMK Riepas\",\"alternateName\":\"MMK Riepu Serviss\",\"potentialAction\":[{\"@type\":\"SearchAction\",\"target\":{\"@type\":\"EntryPoint\",\"urlTemplate\":\"https:\\\/\\\/mmkriepas.lv\\\/en\\\/?s={search_term_string}\"},\"query-input\":{\"@type\":\"PropertyValueSpecification\",\"valueRequired\":true,\"valueName\":\"search_term_string\"}}],\"inLanguage\":\"en-US\"},{\"@type\":\"ImageObject\",\"inLanguage\":\"en-US\",\"@id\":\"https:\\\/\\\/mmkriepas.lv\\\/en\\\/p\\\/185-80r14c-powertrac-snowmarch-102-100r-2\\\/#local-main-organization-logo\",\"url\":\"\",\"contentUrl\":\"\",\"caption\":\"MMK Riepas\"}]}<\/script>\n<meta property=\"product:brand\" content=\"Powertrac Snowmarch\" \/>\n<meta property=\"product:price:amount\" content=\"64.00\" \/>\n<meta property=\"product:price:currency\" content=\"EUR\" \/>\n<meta property=\"og:availability\" content=\"instock\" \/>\n<meta property=\"product:availability\" content=\"instock\" \/>\n<meta property=\"product:retailer_item_id\" content=\"TW1858014CPower-E24127\" \/>\n<meta property=\"product:condition\" content=\"new\" \/>\n<!-- \/ Yoast SEO Premium plugin. -->","yoast_head_json":{"title":"185\/80R14C Powertrac Snowmarch 102\/100R &#8226; MMK Riepas","robots":{"index":"index","follow":"follow","max-snippet":"max-snippet:-1","max-image-preview":"max-image-preview:large","max-video-preview":"max-video-preview:-1"},"canonical":"https:\/\/mmkriepas.lv\/en\/p\/185-80r14c-powertrac-snowmarch-102-100r-2\/","og_locale":"en_US","og_type":"article","og_title":"185\/80R14C Powertrac Snowmarch 102\/100R","og_description":"Powertrac Snowmarch ir labs bud\u017eeta klases Skandin\u0101vijas tipa jeb m\u012bkst\u0101 sast\u0101va ziemas riepu modelis. Izce\u013cas ar lab\u0101m sa\u0137eres, manevr\u0113tsp\u0113jas un brauk\u0161anas komforta \u012bpa\u0161\u012bb\u0101m. Modelis pieejams pla\u0161\u0101 izm\u0113ru kl\u0101st\u0101 no R13 l\u012bdz R17 un paredz\u0113ts vieglaj\u0101m automa\u0161\u012bn\u0101m.","og_url":"https:\/\/mmkriepas.lv\/en\/p\/185-80r14c-powertrac-snowmarch-102-100r-2\/","og_site_name":"MMK Riepas","article_publisher":"https:\/\/www.facebook.com\/mmkserviss\/","article_modified_time":"2024-06-04T16:08:53+00:00","og_image":[{"width":1920,"height":1440,"url":"https:\/\/mmkriepas.lv\/wp-content\/uploads\/2024\/01\/25555r20-powertrac-snowmarch-110h-xl-ziemas-riepas.jpg","type":"image\/jpeg"}],"twitter_card":"summary_large_image","twitter_misc":{"Price":"&euro;64.00","Availability":"In stock"},"schema":{"@context":"https:\/\/schema.org","@graph":[{"@type":"WebPage","@id":"https:\/\/mmkriepas.lv\/en\/p\/185-80r14c-powertrac-snowmarch-102-100r-2\/","url":"https:\/\/mmkriepas.lv\/en\/p\/185-80r14c-powertrac-snowmarch-102-100r-2\/","name":"185\/80R14C Powertrac Snowmarch 102\/100R &#8226; MMK Riepas","isPartOf":{"@id":"https:\/\/mmkriepas.lv\/en\/#website"},"primaryImageOfPage":{"@id":"https:\/\/mmkriepas.lv\/en\/p\/185-80r14c-powertrac-snowmarch-102-100r-2\/#primaryimage"},"image":{"@id":"https:\/\/mmkriepas.lv\/en\/p\/185-80r14c-powertrac-snowmarch-102-100r-2\/#primaryimage"},"thumbnailUrl":"https:\/\/mmkriepas.lv\/wp-content\/uploads\/2024\/01\/25555r20-powertrac-snowmarch-110h-xl-ziemas-riepas.jpg","datePublished":"2023-03-19T16:39:27+00:00","dateModified":"2024-06-04T16:08:53+00:00","breadcrumb":{"@id":"https:\/\/mmkriepas.lv\/en\/p\/185-80r14c-powertrac-snowmarch-102-100r-2\/#breadcrumb"},"inLanguage":"en-US","potentialAction":[{"@type":"ReadAction","target":["https:\/\/mmkriepas.lv\/en\/p\/185-80r14c-powertrac-snowmarch-102-100r-2\/"]}]},{"@type":"ImageObject","inLanguage":"en-US","@id":"https:\/\/mmkriepas.lv\/en\/p\/185-80r14c-powertrac-snowmarch-102-100r-2\/#primaryimage","url":"https:\/\/mmkriepas.lv\/wp-content\/uploads\/2024\/01\/25555r20-powertrac-snowmarch-110h-xl-ziemas-riepas.jpg","contentUrl":"https:\/\/mmkriepas.lv\/wp-content\/uploads\/2024\/01\/25555r20-powertrac-snowmarch-110h-xl-ziemas-riepas.jpg","width":1920,"height":1440,"caption":"255\/55R20 Powertrac Snowmarch 110H XL - Vissezonas riepas \/ Ziemas riepas"},{"@type":"BreadcrumbList","@id":"https:\/\/mmkriepas.lv\/en\/p\/185-80r14c-powertrac-snowmarch-102-100r-2\/#breadcrumb","itemListElement":[{"@type":"ListItem","position":1,"name":"S\u0101kums","item":"https:\/\/mmkriepas.lv\/en\/"},{"@type":"ListItem","position":2,"name":"185\/80R14C Powertrac Snowmarch 102\/100R"}]},{"@type":"WebSite","@id":"https:\/\/mmkriepas.lv\/en\/#website","url":"https:\/\/mmkriepas.lv\/en\/","name":"MMK Riepas","description":"MMK Riepas","alternateName":"MMK Riepu Serviss","potentialAction":[{"@type":"SearchAction","target":{"@type":"EntryPoint","urlTemplate":"https:\/\/mmkriepas.lv\/en\/?s={search_term_string}"},"query-input":{"@type":"PropertyValueSpecification","valueRequired":true,"valueName":"search_term_string"}}],"inLanguage":"en-US"},{"@type":"ImageObject","inLanguage":"en-US","@id":"https:\/\/mmkriepas.lv\/en\/p\/185-80r14c-powertrac-snowmarch-102-100r-2\/#local-main-organization-logo","url":"","contentUrl":"","caption":"MMK Riepas"}]},"product_brand":"Powertrac Snowmarch","product_price_amount":"64.00","product_price_currency":"EUR","og_availability":"instock","product_availability":"instock","product_retailer_item_id":"TW1858014CPower-E24127","product_condition":"new"},"_links":{"self":[{"href":"https:\/\/mmkriepas.lv\/en\/wp-json\/wp\/v2\/product\/679409","targetHints":{"allow":["GET"]}}],"collection":[{"href":"https:\/\/mmkriepas.lv\/en\/wp-json\/wp\/v2\/product"}],"about":[{"href":"https:\/\/mmkriepas.lv\/en\/wp-json\/wp\/v2\/types\/product"}],"wp:featuredmedia":[{"embeddable":true,"href":"https:\/\/mmkriepas.lv\/en\/wp-json\/wp\/v2\/media\/850974"}],"wp:attachment":[{"href":"https:\/\/mmkriepas.lv\/en\/wp-json\/wp\/v2\/media?parent=679409"}],"wp:term":[{"taxonomy":"product_brand","embeddable":true,"href":"https:\/\/mmkriepas.lv\/en\/wp-json\/wp\/v2\/product_brand?post=679409"},{"taxonomy":"product_cat","embeddable":true,"href":"https:\/\/mmkriepas.lv\/en\/wp-json\/wp\/v2\/product_cat?post=679409"},{"taxonomy":"product_tag","embeddable":true,"href":"https:\/\/mmkriepas.lv\/en\/wp-json\/wp\/v2\/product_tag?post=679409"}],"curies":[{"name":"wp","href":"https:\/\/api.w.org\/{rel}","templated":true}]}}