{"id":679272,"date":"2023-03-19T18:32:41","date_gmt":"2023-03-19T16:32:41","guid":{"rendered":"https:\/\/mmkserviss.lv\/?post_type=product&#038;p=679272"},"modified":"2024-06-04T19:06:40","modified_gmt":"2024-06-04T16:06:40","slug":"235-65r17-pirelli-ice-zero-108t-xl-ar-radzem","status":"publish","type":"product","link":"https:\/\/mmkriepas.lv\/en\/p\/235-65r17-pirelli-ice-zero-108t-xl-ar-radzem\/","title":{"rendered":"235\/65R17 Pirelli Ice zero 108T XL ar radz\u0113m"},"content":{"rendered":"<p><strong>Pirelli Ice Zero<\/strong> ir augstas kvalit\u0101tes, premium klases ziemas riepu modelis ar radz\u0113m. Paredz\u0113ts jaud\u012bg\u0101m luksus klases vieglaj\u0101m automa\u0161\u012bn\u0101m, k\u0101 ar\u012b krosoveriem un apvidus auto. \u0160is rad\u017eu riepu modelis izce\u013cas ar teicamu sa\u0137eri un manevr\u0113tsp\u0113ju pat skarbos ziemas brauk\u0161anas apst\u0101k\u013cos.<\/p>\n<p><strong>Ice Zero galven\u0101s iez\u012bmes:<\/strong><\/p>\n<p>+ Izcila sa\u0137ere snieg\u0101 un uz ledus, pateicoties DualStud tehnolo\u0123ijai.<\/p>\n<p>+ Teicams akustiskais un brauk\u0161anas komforts, \u0146emot v\u0113r\u0101, ka \u0161is ir rad\u017eu riepu modelis.<\/p>\n<p>+ Palielin\u0101ta nodilumiztur\u012bba.<\/p>\n<p>+ Asas s\u0101nu kantes, kas b\u016btiski uzlabo manevr\u0113tsp\u0113ju pat liel\u0101 brauk\u0161anas \u0101trum\u0101.<\/p>\n<p><strong>Ice Zero apr\u012bkojums<\/strong><\/p>\n<p><strong>Pirelli Ice Zero <\/strong>ziemas riepas apr\u012bkotas ar agres\u012bvu virzienveida protektoru. \u0160\u0101ds protektora tips izv\u0113l\u0113ts, lai uzlabotu sa\u0137eres \u012bpa\u0161\u012bbas dzi\u013c\u0101 snieg\u0101.<\/p>\n<p>Mas\u012bvajos V-formas protektora blokos iestr\u0101d\u0101ts palielin\u0101ts skaits DualStud tehnolo\u0123ijas rad\u017eu. \u0160is rad\u017eu tips izce\u013cas ar t\u0101 \u012bpa\u0161o formu un pagarin\u0101tu centr\u0101lo radzes da\u013cu, kas \u013cauj saglab\u0101t teicamu sa\u0137eri pat c\u012b\u0146\u0101 ar apledoju\u0161iem ce\u013ca posmiem.<\/p>\n<p><strong>Pirelli Ice Zero <\/strong>pamat\u0101 izmantots \u012bpa\u0161i iztur\u012bgs, bet viegls karkass. Tas iet\u0113rpts nodilumiztur\u012bg\u0101, bet elast\u012bg\u0101 gumijas sakaus\u0113jum\u0101. Ripeu gumijas sast\u0101vam pievienota virkne elastrom\u0113ru un citu \u012bpa\u0161u \u0137\u012bmisko sakaus\u0113jumu. Tie vielaikus pal\u012bdz riepai saglab\u0101t elast\u012bbu zem\u0101s gaisa temperat\u016br\u0101s, sl\u0101p\u0113 ska\u0146u, absorb\u0113 \u016bdeni un uzlabo nodilumiztur\u012bbu.<\/p>\n","protected":false},"excerpt":{"rendered":"<p><strong>Pirelli Ice Zero<\/strong> ir augstas kvalit\u0101tes, premium klases ziemas riepu modelis ar radz\u0113m. Paredz\u0113ts jaud\u012bg\u0101m luksus klases vieglaj\u0101m automa\u0161\u012bn\u0101m, k\u0101 ar\u012b krosoveriem un apvidus auto. \u0160is rad\u017eu riepu modelis izce\u013cas ar teicamu sa\u0137eri un manevr\u0113tsp\u0113ju pat skarbos ziemas brauk\u0161anas apst\u0101k\u013cos.<\/p>\n","protected":false},"featured_media":679271,"template":"","meta":{"_acf_changed":false,"ngg_post_thumbnail":0},"product_brand":[],"product_cat":[45,48],"product_tag":[],"class_list":{"0":"post-679272","1":"product","2":"type-product","3":"status-publish","4":"has-post-thumbnail","6":"product_cat-ziemas-riepas","7":"product_cat-ziemas-ar-radzem","9":"first","10":"instock","11":"taxable","12":"shipping-taxable","13":"product-type-simple"},"acf":[],"yoast_head":"<!-- This site is optimized with the Yoast SEO Premium plugin v22.6 (Yoast SEO v27.3) - https:\/\/yoast.com\/product\/yoast-seo-premium-wordpress\/ -->\n<title>235\/65R17 Pirelli Ice zero 108T XL ar radz\u0113m &#8226; MMK Riepas<\/title>\n<meta name=\"robots\" content=\"index, follow, max-snippet:-1, max-image-preview:large, max-video-preview:-1\" \/>\n<link rel=\"canonical\" href=\"https:\/\/mmkriepas.lv\/en\/p\/235-65r17-pirelli-ice-zero-108t-xl-ar-radzem\/\" \/>\n<meta property=\"og:locale\" content=\"en_US\" \/>\n<meta property=\"og:type\" content=\"article\" \/>\n<meta property=\"og:title\" content=\"235\/65R17 Pirelli Ice zero 108T XL ar radz\u0113m\" \/>\n<meta property=\"og:description\" content=\"Pirelli Ice Zero ir augstas kvalit\u0101tes, premium klases ziemas riepu modelis ar radz\u0113m. Paredz\u0113ts jaud\u012bg\u0101m luksus klases vieglaj\u0101m automa\u0161\u012bn\u0101m, k\u0101 ar\u012b krosoveriem un apvidus auto. \u0160is rad\u017eu riepu modelis izce\u013cas ar teicamu sa\u0137eri un manevr\u0113tsp\u0113ju pat skarbos ziemas brauk\u0161anas apst\u0101k\u013cos.\" \/>\n<meta property=\"og:url\" content=\"https:\/\/mmkriepas.lv\/en\/p\/235-65r17-pirelli-ice-zero-108t-xl-ar-radzem\/\" \/>\n<meta property=\"og:site_name\" content=\"MMK Riepas\" \/>\n<meta property=\"article:publisher\" content=\"https:\/\/www.facebook.com\/mmkserviss\/\" \/>\n<meta property=\"article:modified_time\" content=\"2024-06-04T16:06:40+00:00\" \/>\n<meta property=\"og:image\" content=\"https:\/\/mmkriepas.lv\/wp-content\/uploads\/2023\/03\/23565r17-pirelli-ice-zero-108t-xl-ar-radzem-ziemas-ar-radzem-riepas.jpg\" \/>\n\t<meta property=\"og:image:width\" content=\"188\" \/>\n\t<meta property=\"og:image:height\" content=\"257\" \/>\n\t<meta property=\"og:image:type\" content=\"image\/jpeg\" \/>\n<meta name=\"twitter:card\" content=\"summary_large_image\" \/>\n<meta name=\"twitter:label1\" content=\"Price\" \/>\n\t<meta name=\"twitter:data1\" content=\"&euro;141.00\" \/>\n\t<meta name=\"twitter:label2\" content=\"Availability\" \/>\n\t<meta name=\"twitter:data2\" content=\"In stock\" \/>\n<script type=\"application\/ld+json\" class=\"yoast-schema-graph\">{\"@context\":\"https:\\\/\\\/schema.org\",\"@graph\":[{\"@type\":\"WebPage\",\"@id\":\"https:\\\/\\\/mmkriepas.lv\\\/en\\\/p\\\/235-65r17-pirelli-ice-zero-108t-xl-ar-radzem\\\/\",\"url\":\"https:\\\/\\\/mmkriepas.lv\\\/en\\\/p\\\/235-65r17-pirelli-ice-zero-108t-xl-ar-radzem\\\/\",\"name\":\"235\\\/65R17 Pirelli Ice zero 108T XL ar radz\u0113m &#8226; MMK Riepas\",\"isPartOf\":{\"@id\":\"https:\\\/\\\/mmkriepas.lv\\\/en\\\/#website\"},\"primaryImageOfPage\":{\"@id\":\"https:\\\/\\\/mmkriepas.lv\\\/en\\\/p\\\/235-65r17-pirelli-ice-zero-108t-xl-ar-radzem\\\/#primaryimage\"},\"image\":{\"@id\":\"https:\\\/\\\/mmkriepas.lv\\\/en\\\/p\\\/235-65r17-pirelli-ice-zero-108t-xl-ar-radzem\\\/#primaryimage\"},\"thumbnailUrl\":\"https:\\\/\\\/mmkriepas.lv\\\/wp-content\\\/uploads\\\/2023\\\/03\\\/23565r17-pirelli-ice-zero-108t-xl-ar-radzem-ziemas-ar-radzem-riepas.jpg\",\"datePublished\":\"2023-03-19T16:32:41+00:00\",\"dateModified\":\"2024-06-04T16:06:40+00:00\",\"breadcrumb\":{\"@id\":\"https:\\\/\\\/mmkriepas.lv\\\/en\\\/p\\\/235-65r17-pirelli-ice-zero-108t-xl-ar-radzem\\\/#breadcrumb\"},\"inLanguage\":\"en-US\",\"potentialAction\":[{\"@type\":\"ReadAction\",\"target\":[\"https:\\\/\\\/mmkriepas.lv\\\/en\\\/p\\\/235-65r17-pirelli-ice-zero-108t-xl-ar-radzem\\\/\"]}]},{\"@type\":\"ImageObject\",\"inLanguage\":\"en-US\",\"@id\":\"https:\\\/\\\/mmkriepas.lv\\\/en\\\/p\\\/235-65r17-pirelli-ice-zero-108t-xl-ar-radzem\\\/#primaryimage\",\"url\":\"https:\\\/\\\/mmkriepas.lv\\\/wp-content\\\/uploads\\\/2023\\\/03\\\/23565r17-pirelli-ice-zero-108t-xl-ar-radzem-ziemas-ar-radzem-riepas.jpg\",\"contentUrl\":\"https:\\\/\\\/mmkriepas.lv\\\/wp-content\\\/uploads\\\/2023\\\/03\\\/23565r17-pirelli-ice-zero-108t-xl-ar-radzem-ziemas-ar-radzem-riepas.jpg\",\"width\":188,\"height\":257,\"caption\":\"235\\\/65R17 Pirelli Ice zero 108T XL ar radz\u0113m - Ziemas ar radz\u0113m riepas\"},{\"@type\":\"BreadcrumbList\",\"@id\":\"https:\\\/\\\/mmkriepas.lv\\\/en\\\/p\\\/235-65r17-pirelli-ice-zero-108t-xl-ar-radzem\\\/#breadcrumb\",\"itemListElement\":[{\"@type\":\"ListItem\",\"position\":1,\"name\":\"S\u0101kums\",\"item\":\"https:\\\/\\\/mmkriepas.lv\\\/en\\\/\"},{\"@type\":\"ListItem\",\"position\":2,\"name\":\"235\\\/65R17 Pirelli Ice zero 108T XL ar radz\u0113m\"}]},{\"@type\":\"WebSite\",\"@id\":\"https:\\\/\\\/mmkriepas.lv\\\/en\\\/#website\",\"url\":\"https:\\\/\\\/mmkriepas.lv\\\/en\\\/\",\"name\":\"MMK Riepas\",\"description\":\"MMK Riepas\",\"alternateName\":\"MMK Riepu Serviss\",\"potentialAction\":[{\"@type\":\"SearchAction\",\"target\":{\"@type\":\"EntryPoint\",\"urlTemplate\":\"https:\\\/\\\/mmkriepas.lv\\\/en\\\/?s={search_term_string}\"},\"query-input\":{\"@type\":\"PropertyValueSpecification\",\"valueRequired\":true,\"valueName\":\"search_term_string\"}}],\"inLanguage\":\"en-US\"},{\"@type\":\"ImageObject\",\"inLanguage\":\"en-US\",\"@id\":\"https:\\\/\\\/mmkriepas.lv\\\/en\\\/p\\\/235-65r17-pirelli-ice-zero-108t-xl-ar-radzem\\\/#local-main-organization-logo\",\"url\":\"\",\"contentUrl\":\"\",\"caption\":\"MMK Riepas\"}]}<\/script>\n<meta property=\"product:brand\" content=\"Pirelli Winter Ice Zero\" \/>\n<meta property=\"product:price:amount\" content=\"141.00\" \/>\n<meta property=\"product:price:currency\" content=\"EUR\" \/>\n<meta property=\"og:availability\" content=\"instock\" \/>\n<meta property=\"product:availability\" content=\"instock\" \/>\n<meta property=\"product:retailer_item_id\" content=\"TR2356517Pirel-E24081\" \/>\n<meta property=\"product:condition\" content=\"new\" \/>\n<!-- \/ Yoast SEO Premium plugin. -->","yoast_head_json":{"title":"235\/65R17 Pirelli Ice zero 108T XL ar radz\u0113m &#8226; MMK Riepas","robots":{"index":"index","follow":"follow","max-snippet":"max-snippet:-1","max-image-preview":"max-image-preview:large","max-video-preview":"max-video-preview:-1"},"canonical":"https:\/\/mmkriepas.lv\/en\/p\/235-65r17-pirelli-ice-zero-108t-xl-ar-radzem\/","og_locale":"en_US","og_type":"article","og_title":"235\/65R17 Pirelli Ice zero 108T XL ar radz\u0113m","og_description":"Pirelli Ice Zero ir augstas kvalit\u0101tes, premium klases ziemas riepu modelis ar radz\u0113m. Paredz\u0113ts jaud\u012bg\u0101m luksus klases vieglaj\u0101m automa\u0161\u012bn\u0101m, k\u0101 ar\u012b krosoveriem un apvidus auto. \u0160is rad\u017eu riepu modelis izce\u013cas ar teicamu sa\u0137eri un manevr\u0113tsp\u0113ju pat skarbos ziemas brauk\u0161anas apst\u0101k\u013cos.","og_url":"https:\/\/mmkriepas.lv\/en\/p\/235-65r17-pirelli-ice-zero-108t-xl-ar-radzem\/","og_site_name":"MMK Riepas","article_publisher":"https:\/\/www.facebook.com\/mmkserviss\/","article_modified_time":"2024-06-04T16:06:40+00:00","og_image":[{"width":188,"height":257,"url":"https:\/\/mmkriepas.lv\/wp-content\/uploads\/2023\/03\/23565r17-pirelli-ice-zero-108t-xl-ar-radzem-ziemas-ar-radzem-riepas.jpg","type":"image\/jpeg"}],"twitter_card":"summary_large_image","twitter_misc":{"Price":"&euro;141.00","Availability":"In stock"},"schema":{"@context":"https:\/\/schema.org","@graph":[{"@type":"WebPage","@id":"https:\/\/mmkriepas.lv\/en\/p\/235-65r17-pirelli-ice-zero-108t-xl-ar-radzem\/","url":"https:\/\/mmkriepas.lv\/en\/p\/235-65r17-pirelli-ice-zero-108t-xl-ar-radzem\/","name":"235\/65R17 Pirelli Ice zero 108T XL ar radz\u0113m &#8226; MMK Riepas","isPartOf":{"@id":"https:\/\/mmkriepas.lv\/en\/#website"},"primaryImageOfPage":{"@id":"https:\/\/mmkriepas.lv\/en\/p\/235-65r17-pirelli-ice-zero-108t-xl-ar-radzem\/#primaryimage"},"image":{"@id":"https:\/\/mmkriepas.lv\/en\/p\/235-65r17-pirelli-ice-zero-108t-xl-ar-radzem\/#primaryimage"},"thumbnailUrl":"https:\/\/mmkriepas.lv\/wp-content\/uploads\/2023\/03\/23565r17-pirelli-ice-zero-108t-xl-ar-radzem-ziemas-ar-radzem-riepas.jpg","datePublished":"2023-03-19T16:32:41+00:00","dateModified":"2024-06-04T16:06:40+00:00","breadcrumb":{"@id":"https:\/\/mmkriepas.lv\/en\/p\/235-65r17-pirelli-ice-zero-108t-xl-ar-radzem\/#breadcrumb"},"inLanguage":"en-US","potentialAction":[{"@type":"ReadAction","target":["https:\/\/mmkriepas.lv\/en\/p\/235-65r17-pirelli-ice-zero-108t-xl-ar-radzem\/"]}]},{"@type":"ImageObject","inLanguage":"en-US","@id":"https:\/\/mmkriepas.lv\/en\/p\/235-65r17-pirelli-ice-zero-108t-xl-ar-radzem\/#primaryimage","url":"https:\/\/mmkriepas.lv\/wp-content\/uploads\/2023\/03\/23565r17-pirelli-ice-zero-108t-xl-ar-radzem-ziemas-ar-radzem-riepas.jpg","contentUrl":"https:\/\/mmkriepas.lv\/wp-content\/uploads\/2023\/03\/23565r17-pirelli-ice-zero-108t-xl-ar-radzem-ziemas-ar-radzem-riepas.jpg","width":188,"height":257,"caption":"235\/65R17 Pirelli Ice zero 108T XL ar radz\u0113m - Ziemas ar radz\u0113m riepas"},{"@type":"BreadcrumbList","@id":"https:\/\/mmkriepas.lv\/en\/p\/235-65r17-pirelli-ice-zero-108t-xl-ar-radzem\/#breadcrumb","itemListElement":[{"@type":"ListItem","position":1,"name":"S\u0101kums","item":"https:\/\/mmkriepas.lv\/en\/"},{"@type":"ListItem","position":2,"name":"235\/65R17 Pirelli Ice zero 108T XL ar radz\u0113m"}]},{"@type":"WebSite","@id":"https:\/\/mmkriepas.lv\/en\/#website","url":"https:\/\/mmkriepas.lv\/en\/","name":"MMK Riepas","description":"MMK Riepas","alternateName":"MMK Riepu Serviss","potentialAction":[{"@type":"SearchAction","target":{"@type":"EntryPoint","urlTemplate":"https:\/\/mmkriepas.lv\/en\/?s={search_term_string}"},"query-input":{"@type":"PropertyValueSpecification","valueRequired":true,"valueName":"search_term_string"}}],"inLanguage":"en-US"},{"@type":"ImageObject","inLanguage":"en-US","@id":"https:\/\/mmkriepas.lv\/en\/p\/235-65r17-pirelli-ice-zero-108t-xl-ar-radzem\/#local-main-organization-logo","url":"","contentUrl":"","caption":"MMK Riepas"}]},"product_brand":"Pirelli Winter Ice Zero","product_price_amount":"141.00","product_price_currency":"EUR","og_availability":"instock","product_availability":"instock","product_retailer_item_id":"TR2356517Pirel-E24081","product_condition":"new"},"_links":{"self":[{"href":"https:\/\/mmkriepas.lv\/en\/wp-json\/wp\/v2\/product\/679272","targetHints":{"allow":["GET"]}}],"collection":[{"href":"https:\/\/mmkriepas.lv\/en\/wp-json\/wp\/v2\/product"}],"about":[{"href":"https:\/\/mmkriepas.lv\/en\/wp-json\/wp\/v2\/types\/product"}],"wp:featuredmedia":[{"embeddable":true,"href":"https:\/\/mmkriepas.lv\/en\/wp-json\/wp\/v2\/media\/679271"}],"wp:attachment":[{"href":"https:\/\/mmkriepas.lv\/en\/wp-json\/wp\/v2\/media?parent=679272"}],"wp:term":[{"taxonomy":"product_brand","embeddable":true,"href":"https:\/\/mmkriepas.lv\/en\/wp-json\/wp\/v2\/product_brand?post=679272"},{"taxonomy":"product_cat","embeddable":true,"href":"https:\/\/mmkriepas.lv\/en\/wp-json\/wp\/v2\/product_cat?post=679272"},{"taxonomy":"product_tag","embeddable":true,"href":"https:\/\/mmkriepas.lv\/en\/wp-json\/wp\/v2\/product_tag?post=679272"}],"curies":[{"name":"wp","href":"https:\/\/api.w.org\/{rel}","templated":true}]}}