{"id":678062,"date":"2023-03-19T17:33:23","date_gmt":"2023-03-19T15:33:23","guid":{"rendered":"https:\/\/mmkserviss.lv\/?post_type=product&#038;p=678062"},"modified":"2024-06-04T14:43:51","modified_gmt":"2024-06-04T11:43:51","slug":"255-45r20-maxtrek-fortis-t5-105w-xl","status":"publish","type":"product","link":"https:\/\/mmkriepas.lv\/en\/p\/255-45r20-maxtrek-fortis-t5-105w-xl\/","title":{"rendered":"255\/45R20 Maxtrek Fortis T5 105W XL"},"content":{"rendered":"<p><strong>Maxtrek Fortis T5<\/strong> ir vasaras riepu modelis, kas paredz\u0113ts uzst\u0101d\u012bt krosoveriem un pilna izm\u0113ra SUV automa\u0161\u012bn\u0101m. Izce\u013cas ar uzticam\u012bbu, p\u0101rliec\u012bbu un brauk\u0161anas dro\u0161\u012bbu, k\u0101 ar\u012b vad\u012bt\u0101ja komfortu.<\/p>\n<h3>Fortis T5 galven\u0101s iez\u012bmes<\/h3>\n<p>+ Lieliska vad\u012bba gan uz asfalta, gan citiem ciet\u0101 ce\u013ca segumiem;<\/p>\n<p>+ Augsta iztur\u012bba pret akvaplan\u0113\u0161anu;<\/p>\n<p>+ \u012ass bremz\u0113\u0161anas ce\u013c\u0161 neatkar\u012bgi no laika apst\u0101k\u013ciem un ce\u013ca seguma;<\/p>\n<p>+ Lieliska sa\u0137ere ar ce\u013ca segumu.<\/p>\n<h3>Fortis T5 apr\u012bkojums<\/h3>\n<p><strong>Maxtrek Fortis T5<\/strong> protektoram ir izteikti gareniskie kan\u0101li, kuru d\u0113\u013c automa\u0161\u012bna ieg\u016bst lielisku dinamiku braucot gan uz sausa, gan uz slapja ce\u013ca seguma. Protektora vid\u0113jai da\u013cai ir sekli griezumi, kuri nodro\u0161ina p\u0101rliecino\u0161us caurejam\u012bbas un bremz\u0113\u0161anas r\u0101d\u012bt\u0101jus. Dzi\u013cie kan\u0101li un maz\u0101s rievas plecu zon\u0101s \u013cauj \u0101tri un efekt\u012bvi novad\u012bt mitrumu no kontakta vietas. T\u0101p\u0113c sa\u0137ere ar asfaltu saglab\u0101jas lieliska pat sp\u0113c\u012bga lietus laik\u0101. Riepas protektora da\u013ca ir izteikti stingra, t\u0101d\u0113j\u0101di braucot ar lielu \u0101trumu taisnvirziena kust\u012bb\u0101 vai veicot pagriezienus, automa\u0161\u012bna turas uz ce\u013ca stabili.<\/p>\n<p><span style=\"color: #ff0000;\"><strong>*Uzman\u012bbu<\/strong>: vasaras riepas, kas ir ra\u017eotas \u0136\u012bn\u0101, var b\u016bt apz\u012bm\u0113tas ar apz\u012bm\u0113jumu M + S. J\u0101\u0146em ver\u0101, ka \u0136\u012bnas teritorija sniedzas da\u017e\u0101d\u0101s klimatiskaj\u0101s zon\u0101s, kur da\u017eviet metereolo\u0123isk\u0101 ziema t\u0101 ar\u012b neiest\u0101jas. L\u012bdz ar to, tur \u0161\u012bs riepas var izmantot visu gadu, kam\u0113r <strong>Latvij\u0101 tas nestr\u0101d\u0101<\/strong>!<\/span><\/p>\n","protected":false},"excerpt":{"rendered":"<p><b><span style=\"font-size: 11.0pt; font-family: 'Arial',sans-serif;\">Maxtrek Fortis T5<\/span><\/b><span style=\"font-size: 11.0pt; font-family: 'Arial',sans-serif; color: black;\"> ir vasaras riepu modelis, kas paredz\u0113ts uzst\u0101d\u012bt krosoveriem un pilna izm\u0113ra SUV automa\u0161\u012bn\u0101m. Izce\u013cas ar uzticam\u012bbu, p\u0101rliec\u012bbu un brauk\u0161anas dro\u0161\u012bbu, k\u0101 ar\u012b vad\u012bt\u0101ja komfortu.<\/span><\/p>\n","protected":false},"featured_media":681739,"template":"","meta":{"_acf_changed":false,"ngg_post_thumbnail":0},"product_brand":[],"product_cat":[46],"product_tag":[],"class_list":{"0":"post-678062","1":"product","2":"type-product","3":"status-publish","4":"has-post-thumbnail","6":"product_cat-vasaras-riepas","8":"first","9":"instock","10":"taxable","11":"shipping-taxable","12":"product-type-simple"},"acf":[],"yoast_head":"<!-- This site is optimized with the Yoast SEO Premium plugin v22.6 (Yoast SEO v27.3) - https:\/\/yoast.com\/product\/yoast-seo-premium-wordpress\/ -->\n<title>255\/45R20 Maxtrek Fortis T5 105W XL &#8226; MMK Riepas<\/title>\n<meta name=\"robots\" content=\"index, follow, max-snippet:-1, max-image-preview:large, max-video-preview:-1\" \/>\n<link rel=\"canonical\" href=\"https:\/\/mmkriepas.lv\/en\/p\/255-45r20-maxtrek-fortis-t5-105w-xl\/\" \/>\n<meta property=\"og:locale\" content=\"en_US\" \/>\n<meta property=\"og:type\" content=\"article\" \/>\n<meta property=\"og:title\" content=\"255\/45R20 Maxtrek Fortis T5 105W XL\" \/>\n<meta property=\"og:description\" content=\"Maxtrek Fortis T5 ir vasaras riepu modelis, kas paredz\u0113ts uzst\u0101d\u012bt krosoveriem un pilna izm\u0113ra SUV automa\u0161\u012bn\u0101m. Izce\u013cas ar uzticam\u012bbu, p\u0101rliec\u012bbu un brauk\u0161anas dro\u0161\u012bbu, k\u0101 ar\u012b vad\u012bt\u0101ja komfortu.\" \/>\n<meta property=\"og:url\" content=\"https:\/\/mmkriepas.lv\/en\/p\/255-45r20-maxtrek-fortis-t5-105w-xl\/\" \/>\n<meta property=\"og:site_name\" content=\"MMK Riepas\" \/>\n<meta property=\"article:publisher\" content=\"https:\/\/www.facebook.com\/mmkserviss\/\" \/>\n<meta property=\"article:modified_time\" content=\"2024-06-04T11:43:51+00:00\" \/>\n<meta property=\"og:image\" content=\"https:\/\/mmkriepas.lv\/wp-content\/uploads\/2023\/03\/31535r20-maxtrek-fortis-t5-110w-xl-vasaras-riepas.jpg\" \/>\n\t<meta property=\"og:image:width\" content=\"1920\" \/>\n\t<meta property=\"og:image:height\" content=\"1416\" \/>\n\t<meta property=\"og:image:type\" content=\"image\/jpeg\" \/>\n<meta name=\"twitter:card\" content=\"summary_large_image\" \/>\n<meta name=\"twitter:label1\" content=\"Price\" \/>\n\t<meta name=\"twitter:data1\" content=\"&euro;80.00\" \/>\n\t<meta name=\"twitter:label2\" content=\"Availability\" \/>\n\t<meta name=\"twitter:data2\" content=\"In stock\" \/>\n<script type=\"application\/ld+json\" class=\"yoast-schema-graph\">{\"@context\":\"https:\\\/\\\/schema.org\",\"@graph\":[{\"@type\":\"WebPage\",\"@id\":\"https:\\\/\\\/mmkriepas.lv\\\/en\\\/p\\\/255-45r20-maxtrek-fortis-t5-105w-xl\\\/\",\"url\":\"https:\\\/\\\/mmkriepas.lv\\\/en\\\/p\\\/255-45r20-maxtrek-fortis-t5-105w-xl\\\/\",\"name\":\"255\\\/45R20 Maxtrek Fortis T5 105W XL &#8226; MMK Riepas\",\"isPartOf\":{\"@id\":\"https:\\\/\\\/mmkriepas.lv\\\/en\\\/#website\"},\"primaryImageOfPage\":{\"@id\":\"https:\\\/\\\/mmkriepas.lv\\\/en\\\/p\\\/255-45r20-maxtrek-fortis-t5-105w-xl\\\/#primaryimage\"},\"image\":{\"@id\":\"https:\\\/\\\/mmkriepas.lv\\\/en\\\/p\\\/255-45r20-maxtrek-fortis-t5-105w-xl\\\/#primaryimage\"},\"thumbnailUrl\":\"https:\\\/\\\/mmkriepas.lv\\\/wp-content\\\/uploads\\\/2023\\\/03\\\/31535r20-maxtrek-fortis-t5-110w-xl-vasaras-riepas.jpg\",\"datePublished\":\"2023-03-19T15:33:23+00:00\",\"dateModified\":\"2024-06-04T11:43:51+00:00\",\"breadcrumb\":{\"@id\":\"https:\\\/\\\/mmkriepas.lv\\\/en\\\/p\\\/255-45r20-maxtrek-fortis-t5-105w-xl\\\/#breadcrumb\"},\"inLanguage\":\"en-US\",\"potentialAction\":[{\"@type\":\"ReadAction\",\"target\":[\"https:\\\/\\\/mmkriepas.lv\\\/en\\\/p\\\/255-45r20-maxtrek-fortis-t5-105w-xl\\\/\"]}]},{\"@type\":\"ImageObject\",\"inLanguage\":\"en-US\",\"@id\":\"https:\\\/\\\/mmkriepas.lv\\\/en\\\/p\\\/255-45r20-maxtrek-fortis-t5-105w-xl\\\/#primaryimage\",\"url\":\"https:\\\/\\\/mmkriepas.lv\\\/wp-content\\\/uploads\\\/2023\\\/03\\\/31535r20-maxtrek-fortis-t5-110w-xl-vasaras-riepas.jpg\",\"contentUrl\":\"https:\\\/\\\/mmkriepas.lv\\\/wp-content\\\/uploads\\\/2023\\\/03\\\/31535r20-maxtrek-fortis-t5-110w-xl-vasaras-riepas.jpg\",\"width\":1920,\"height\":1416,\"caption\":\"315\\\/35R20 Maxtrek Fortis T5 110W XL - Vasaras riepas\"},{\"@type\":\"BreadcrumbList\",\"@id\":\"https:\\\/\\\/mmkriepas.lv\\\/en\\\/p\\\/255-45r20-maxtrek-fortis-t5-105w-xl\\\/#breadcrumb\",\"itemListElement\":[{\"@type\":\"ListItem\",\"position\":1,\"name\":\"S\u0101kums\",\"item\":\"https:\\\/\\\/mmkriepas.lv\\\/en\\\/\"},{\"@type\":\"ListItem\",\"position\":2,\"name\":\"255\\\/45R20 Maxtrek Fortis T5 105W XL\"}]},{\"@type\":\"WebSite\",\"@id\":\"https:\\\/\\\/mmkriepas.lv\\\/en\\\/#website\",\"url\":\"https:\\\/\\\/mmkriepas.lv\\\/en\\\/\",\"name\":\"MMK Riepas\",\"description\":\"MMK Riepas\",\"alternateName\":\"MMK Riepu Serviss\",\"potentialAction\":[{\"@type\":\"SearchAction\",\"target\":{\"@type\":\"EntryPoint\",\"urlTemplate\":\"https:\\\/\\\/mmkriepas.lv\\\/en\\\/?s={search_term_string}\"},\"query-input\":{\"@type\":\"PropertyValueSpecification\",\"valueRequired\":true,\"valueName\":\"search_term_string\"}}],\"inLanguage\":\"en-US\"},{\"@type\":\"ImageObject\",\"inLanguage\":\"en-US\",\"@id\":\"https:\\\/\\\/mmkriepas.lv\\\/en\\\/p\\\/255-45r20-maxtrek-fortis-t5-105w-xl\\\/#local-main-organization-logo\",\"url\":\"\",\"contentUrl\":\"\",\"caption\":\"MMK Riepas\"}]}<\/script>\n<meta property=\"product:brand\" content=\"Maxtrek Fortis T5\" \/>\n<meta property=\"product:price:amount\" content=\"80.00\" \/>\n<meta property=\"product:price:currency\" content=\"EUR\" \/>\n<meta property=\"og:availability\" content=\"instock\" \/>\n<meta property=\"product:availability\" content=\"instock\" \/>\n<meta property=\"product:retailer_item_id\" content=\"TS2554520Maxtr-E23690\" \/>\n<meta property=\"product:condition\" content=\"new\" \/>\n<!-- \/ Yoast SEO Premium plugin. -->","yoast_head_json":{"title":"255\/45R20 Maxtrek Fortis T5 105W XL &#8226; MMK Riepas","robots":{"index":"index","follow":"follow","max-snippet":"max-snippet:-1","max-image-preview":"max-image-preview:large","max-video-preview":"max-video-preview:-1"},"canonical":"https:\/\/mmkriepas.lv\/en\/p\/255-45r20-maxtrek-fortis-t5-105w-xl\/","og_locale":"en_US","og_type":"article","og_title":"255\/45R20 Maxtrek Fortis T5 105W XL","og_description":"Maxtrek Fortis T5 ir vasaras riepu modelis, kas paredz\u0113ts uzst\u0101d\u012bt krosoveriem un pilna izm\u0113ra SUV automa\u0161\u012bn\u0101m. Izce\u013cas ar uzticam\u012bbu, p\u0101rliec\u012bbu un brauk\u0161anas dro\u0161\u012bbu, k\u0101 ar\u012b vad\u012bt\u0101ja komfortu.","og_url":"https:\/\/mmkriepas.lv\/en\/p\/255-45r20-maxtrek-fortis-t5-105w-xl\/","og_site_name":"MMK Riepas","article_publisher":"https:\/\/www.facebook.com\/mmkserviss\/","article_modified_time":"2024-06-04T11:43:51+00:00","og_image":[{"width":1920,"height":1416,"url":"https:\/\/mmkriepas.lv\/wp-content\/uploads\/2023\/03\/31535r20-maxtrek-fortis-t5-110w-xl-vasaras-riepas.jpg","type":"image\/jpeg"}],"twitter_card":"summary_large_image","twitter_misc":{"Price":"&euro;80.00","Availability":"In stock"},"schema":{"@context":"https:\/\/schema.org","@graph":[{"@type":"WebPage","@id":"https:\/\/mmkriepas.lv\/en\/p\/255-45r20-maxtrek-fortis-t5-105w-xl\/","url":"https:\/\/mmkriepas.lv\/en\/p\/255-45r20-maxtrek-fortis-t5-105w-xl\/","name":"255\/45R20 Maxtrek Fortis T5 105W XL &#8226; MMK Riepas","isPartOf":{"@id":"https:\/\/mmkriepas.lv\/en\/#website"},"primaryImageOfPage":{"@id":"https:\/\/mmkriepas.lv\/en\/p\/255-45r20-maxtrek-fortis-t5-105w-xl\/#primaryimage"},"image":{"@id":"https:\/\/mmkriepas.lv\/en\/p\/255-45r20-maxtrek-fortis-t5-105w-xl\/#primaryimage"},"thumbnailUrl":"https:\/\/mmkriepas.lv\/wp-content\/uploads\/2023\/03\/31535r20-maxtrek-fortis-t5-110w-xl-vasaras-riepas.jpg","datePublished":"2023-03-19T15:33:23+00:00","dateModified":"2024-06-04T11:43:51+00:00","breadcrumb":{"@id":"https:\/\/mmkriepas.lv\/en\/p\/255-45r20-maxtrek-fortis-t5-105w-xl\/#breadcrumb"},"inLanguage":"en-US","potentialAction":[{"@type":"ReadAction","target":["https:\/\/mmkriepas.lv\/en\/p\/255-45r20-maxtrek-fortis-t5-105w-xl\/"]}]},{"@type":"ImageObject","inLanguage":"en-US","@id":"https:\/\/mmkriepas.lv\/en\/p\/255-45r20-maxtrek-fortis-t5-105w-xl\/#primaryimage","url":"https:\/\/mmkriepas.lv\/wp-content\/uploads\/2023\/03\/31535r20-maxtrek-fortis-t5-110w-xl-vasaras-riepas.jpg","contentUrl":"https:\/\/mmkriepas.lv\/wp-content\/uploads\/2023\/03\/31535r20-maxtrek-fortis-t5-110w-xl-vasaras-riepas.jpg","width":1920,"height":1416,"caption":"315\/35R20 Maxtrek Fortis T5 110W XL - Vasaras riepas"},{"@type":"BreadcrumbList","@id":"https:\/\/mmkriepas.lv\/en\/p\/255-45r20-maxtrek-fortis-t5-105w-xl\/#breadcrumb","itemListElement":[{"@type":"ListItem","position":1,"name":"S\u0101kums","item":"https:\/\/mmkriepas.lv\/en\/"},{"@type":"ListItem","position":2,"name":"255\/45R20 Maxtrek Fortis T5 105W XL"}]},{"@type":"WebSite","@id":"https:\/\/mmkriepas.lv\/en\/#website","url":"https:\/\/mmkriepas.lv\/en\/","name":"MMK Riepas","description":"MMK Riepas","alternateName":"MMK Riepu Serviss","potentialAction":[{"@type":"SearchAction","target":{"@type":"EntryPoint","urlTemplate":"https:\/\/mmkriepas.lv\/en\/?s={search_term_string}"},"query-input":{"@type":"PropertyValueSpecification","valueRequired":true,"valueName":"search_term_string"}}],"inLanguage":"en-US"},{"@type":"ImageObject","inLanguage":"en-US","@id":"https:\/\/mmkriepas.lv\/en\/p\/255-45r20-maxtrek-fortis-t5-105w-xl\/#local-main-organization-logo","url":"","contentUrl":"","caption":"MMK Riepas"}]},"product_brand":"Maxtrek Fortis T5","product_price_amount":"80.00","product_price_currency":"EUR","og_availability":"instock","product_availability":"instock","product_retailer_item_id":"TS2554520Maxtr-E23690","product_condition":"new"},"_links":{"self":[{"href":"https:\/\/mmkriepas.lv\/en\/wp-json\/wp\/v2\/product\/678062","targetHints":{"allow":["GET"]}}],"collection":[{"href":"https:\/\/mmkriepas.lv\/en\/wp-json\/wp\/v2\/product"}],"about":[{"href":"https:\/\/mmkriepas.lv\/en\/wp-json\/wp\/v2\/types\/product"}],"wp:featuredmedia":[{"embeddable":true,"href":"https:\/\/mmkriepas.lv\/en\/wp-json\/wp\/v2\/media\/681739"}],"wp:attachment":[{"href":"https:\/\/mmkriepas.lv\/en\/wp-json\/wp\/v2\/media?parent=678062"}],"wp:term":[{"taxonomy":"product_brand","embeddable":true,"href":"https:\/\/mmkriepas.lv\/en\/wp-json\/wp\/v2\/product_brand?post=678062"},{"taxonomy":"product_cat","embeddable":true,"href":"https:\/\/mmkriepas.lv\/en\/wp-json\/wp\/v2\/product_cat?post=678062"},{"taxonomy":"product_tag","embeddable":true,"href":"https:\/\/mmkriepas.lv\/en\/wp-json\/wp\/v2\/product_tag?post=678062"}],"curies":[{"name":"wp","href":"https:\/\/api.w.org\/{rel}","templated":true}]}}