{"id":677225,"date":"2023-03-19T16:53:48","date_gmt":"2023-03-19T14:53:48","guid":{"rendered":"https:\/\/mmkserviss.lv\/?post_type=product&#038;p=677225"},"modified":"2024-06-04T14:32:55","modified_gmt":"2024-06-04T11:32:55","slug":"225-45r18-kormoran-snowpro-b2-95v-xl-dot17","status":"publish","type":"product","link":"https:\/\/mmkriepas.lv\/en\/p\/225-45r18-kormoran-snowpro-b2-95v-xl-dot17\/","title":{"rendered":"225\/45R18 Kormoran Snowpro B2 95V XL DOT17 (Michelin)"},"content":{"rendered":"<h2>\u00a0Jaunas (m+s\/ziemas) riepas 245\/45R18 Kormoran SnowPro B2<\/h2>\n<p><span>MMK Serviss pied\u0101v\u0101 Michelin grupas riepas Kormoran. \u013bot laba alternat\u012bva l\u0113t\u0101m bud\u017eeta klases riep\u0101m. Nedaudz d\u0101rg\u0101k k\u0101 \u0136\u012bnas riepas, bet kvalit\u0101te garant\u0113ta. Rekomend\u0113jam. Made by Michelin. 2017.gads.\u00a0<\/span> <span>Mums ir visi izm\u0113ri.\u00a0<\/span> <span><\/span><\/p>\n<ul>\n<li><span>\u00a0mont\u0101\u017eas darbi uz vietas (30 min\u016b\u0161u laik\u0101)<\/span> <span><\/span><\/li>\n<li><span>\u00a0pieg\u0101de R\u012bg\u0101 bezmaksas. Vis\u0101 Latvij\u0101 12eiro par 4gb komplektu (1 dienas laik\u0101)<\/span> <span><\/span><\/li>\n<li><span>\u00a0\u0113rta uzgaid\u0101m\u0101 zona, wi fi + gar\u0161\u012bga kafija pie mums par br\u012bvu \ud83d\ude42<\/span> <span><\/span><\/li>\n<li><span>\u00a0atrodamies tikai 10 min no centra (\u0113rti atbraukt pie mums ar Waze, adreses viet\u0101 rakstam &#8221;MMK Serviss&#8221;)<\/span> <span><\/span><\/li>\n<li><span>\u00a0otru riepu komplektu iepakosim jaunos, skaistos maisos bez maksas<\/span> <span><\/span><\/li>\n<li><span>\u00a0pieejama riepu glab\u0101\u0161ana<\/span> <span><\/span><\/li>\n<li><span>\u00a0\u0113rta piebrauk\u0161ana un liela st\u0101vvieta<\/span> <span><\/span><\/li>\n<li>\u00a0Jaunums: Disku taisno\u0161ana, metin\u0101\u0161ana, kr\u0101so\u0161ana.<\/li>\n<\/ul>\n<p><span>Detaliz\u0113t\u0101ka inform\u0101cija:<\/span> <span>Riepu modelis: Kormoran Snowpro B2 (M+S\/ ziema) \u00a0<\/span> <span>Ra\u017eo\u0161anas gads: 2017.<\/span><\/p>\n<h4><span>MMK Serviss vissezonu riepu Kormoran Snowpro B2 nov\u0113rt\u0113jums:<\/span><\/h4>\n<ul>\n<li><span>Michelin riepu ra\u017eo\u0161anas pieredze un tehnolo\u0123ijas,<\/span> <span><\/span><\/li>\n<li><span>piem\u0113rotas Latvijas m\u0113renajam klimatam,<\/span> <span><\/span><\/li>\n<li><span>augsta gumijas un riepu uzb\u016bves kvalit\u0101te,<\/span> <span><\/span><\/li>\n<li><span>sal\u012bdzino\u0161i augsta nodilumiztur\u012bba, kas noz\u012bm\u0113 ilg\u0101ku kalpo\u0161anas laiku,\u00a0<\/span> <span><\/span><\/li>\n<li><span>sal\u012bdzino\u0161i augsta triecieniztur\u012bba,\u00a0<\/span> <span><\/span><\/li>\n<li><span>optim\u0101las veiktsp\u0113jas \u012bpa\u0161\u012bbas gan ziem\u0101, gan vasar\u0101. Labas vad\u0101m\u012bbas \u012bpa\u0161\u012bbas da\u017e\u0101dos laika apst\u0101k\u013cos,\u00a0<\/span> <span><\/span><\/li>\n<li><span>\u013coti klusas riepas, labi r\u0101d\u012bt\u0101ji,\u00a0<\/span> <span><\/span><\/li>\n<li><span>garantija\u00a0<\/span><span>\u012asum\u0101: Labas bud\u017eeta klases Michelin grupas Eiropas tipa vissezonu M+S riepas, optim\u0101li veiktsp\u0113jas r\u0101d\u012bt\u0101ji. Piem\u0113rotas brauk\u0161anai gan Latvij\u0101, gan Eirop\u0101. Izteikti ziem\u012bgiem laikapst\u0101k\u013ciem (ledus) rekomend\u0113jam braukt uzman\u012bg\u0101k vai izv\u0113l\u0113ties k\u0101du no ziem\u012bg\u0101kiem riepu mode\u013ciem. Mums ir liela izv\u0113le. Ieteiksim piem\u0113rot\u0101k\u0101s riepas tie\u0161i jums.\u00a0<\/span><\/li>\n<\/ul>\n<p><span>PS<\/span> <span>Par riepu piem\u0113rot\u012bbu dro\u0161i zvaniet m\u016bsu speci\u0101listiem. Pal\u012bdz\u0113sim ar padomu un pied\u0101v\u0101sim lab\u0101ko risin\u0101jumu.<\/span><ins class=\"copy_element\"> <\/ins> <em><\/em><\/p>\n","protected":false},"excerpt":{"rendered":"<h2>\u00a0 Kormoran SnowPro B2<\/h2>\n<p><span>MMK Serviss pied\u0101v\u0101 Michelin grupas riepas Kormoran. \u013bot laba alternat\u012bva l\u0113t\u0101m bud\u017eeta klases riep\u0101m. Nedaudz d\u0101rg\u0101k k\u0101 \u0136\u012bnas riepas, bet kvalit\u0101te garant\u0113ta. Rekomend\u0113jam. Made by Michelin. 2017.gads.\u00a0<\/span> <span>Mums ir visi izm\u0113ri.\u00a0<\/span><\/p>\n","protected":false},"featured_media":170166,"template":"","meta":{"_acf_changed":false,"ngg_post_thumbnail":0},"product_brand":[],"product_cat":[47,45],"product_tag":[],"class_list":{"0":"post-677225","1":"product","2":"type-product","3":"status-publish","4":"has-post-thumbnail","6":"product_cat-vissezonas-riepas","7":"product_cat-ziemas-riepas","9":"first","10":"instock","11":"taxable","12":"shipping-taxable","13":"product-type-simple"},"acf":[],"yoast_head":"<!-- This site is optimized with the Yoast SEO Premium plugin v22.6 (Yoast SEO v27.3) - https:\/\/yoast.com\/product\/yoast-seo-premium-wordpress\/ -->\n<title>225\/45R18 Kormoran Snowpro B2 95V XL DOT17 (Michelin) &#8226; MMK Riepas<\/title>\n<meta name=\"robots\" content=\"index, follow, max-snippet:-1, max-image-preview:large, max-video-preview:-1\" \/>\n<link rel=\"canonical\" href=\"https:\/\/mmkriepas.lv\/en\/p\/225-45r18-kormoran-snowpro-b2-95v-xl-dot17\/\" \/>\n<meta property=\"og:locale\" content=\"en_US\" \/>\n<meta property=\"og:type\" content=\"article\" \/>\n<meta property=\"og:title\" content=\"225\/45R18 Kormoran Snowpro B2 95V XL DOT17 (Michelin)\" \/>\n<meta property=\"og:description\" content=\"\u00a0 Kormoran SnowPro B2MMK Serviss pied\u0101v\u0101 Michelin grupas riepas Kormoran. \u013bot laba alternat\u012bva l\u0113t\u0101m bud\u017eeta klases riep\u0101m. Nedaudz d\u0101rg\u0101k k\u0101 \u0136\u012bnas riepas, bet kvalit\u0101te garant\u0113ta. Rekomend\u0113jam. Made by Michelin. 2017.gads.\u00a0 Mums ir visi izm\u0113ri.\u00a0\" \/>\n<meta property=\"og:url\" content=\"https:\/\/mmkriepas.lv\/en\/p\/225-45r18-kormoran-snowpro-b2-95v-xl-dot17\/\" \/>\n<meta property=\"og:site_name\" content=\"MMK Riepas\" \/>\n<meta property=\"article:publisher\" content=\"https:\/\/www.facebook.com\/mmkserviss\/\" \/>\n<meta property=\"article:modified_time\" content=\"2024-06-04T11:32:55+00:00\" \/>\n<meta property=\"og:image\" content=\"https:\/\/mmkriepas.lv\/wp-content\/uploads\/2017\/09\/20555r16-kormoran-snowpro-b2-91h-ziemas-riepas.jpg\" \/>\n\t<meta property=\"og:image:width\" content=\"1920\" \/>\n\t<meta property=\"og:image:height\" content=\"1440\" \/>\n\t<meta property=\"og:image:type\" content=\"image\/jpeg\" \/>\n<meta name=\"twitter:card\" content=\"summary_large_image\" \/>\n<meta name=\"twitter:label1\" content=\"Price\" \/>\n\t<meta name=\"twitter:data1\" content=\"&euro;59.00\" \/>\n\t<meta name=\"twitter:label2\" content=\"Availability\" \/>\n\t<meta name=\"twitter:data2\" content=\"In stock\" \/>\n<script type=\"application\/ld+json\" class=\"yoast-schema-graph\">{\"@context\":\"https:\\\/\\\/schema.org\",\"@graph\":[{\"@type\":\"WebPage\",\"@id\":\"https:\\\/\\\/mmkriepas.lv\\\/en\\\/p\\\/225-45r18-kormoran-snowpro-b2-95v-xl-dot17\\\/\",\"url\":\"https:\\\/\\\/mmkriepas.lv\\\/en\\\/p\\\/225-45r18-kormoran-snowpro-b2-95v-xl-dot17\\\/\",\"name\":\"225\\\/45R18 Kormoran Snowpro B2 95V XL DOT17 (Michelin) &#8226; MMK Riepas\",\"isPartOf\":{\"@id\":\"https:\\\/\\\/mmkriepas.lv\\\/en\\\/#website\"},\"primaryImageOfPage\":{\"@id\":\"https:\\\/\\\/mmkriepas.lv\\\/en\\\/p\\\/225-45r18-kormoran-snowpro-b2-95v-xl-dot17\\\/#primaryimage\"},\"image\":{\"@id\":\"https:\\\/\\\/mmkriepas.lv\\\/en\\\/p\\\/225-45r18-kormoran-snowpro-b2-95v-xl-dot17\\\/#primaryimage\"},\"thumbnailUrl\":\"https:\\\/\\\/mmkriepas.lv\\\/wp-content\\\/uploads\\\/2017\\\/09\\\/20555r16-kormoran-snowpro-b2-91h-ziemas-riepas.jpg\",\"datePublished\":\"2023-03-19T14:53:48+00:00\",\"dateModified\":\"2024-06-04T11:32:55+00:00\",\"breadcrumb\":{\"@id\":\"https:\\\/\\\/mmkriepas.lv\\\/en\\\/p\\\/225-45r18-kormoran-snowpro-b2-95v-xl-dot17\\\/#breadcrumb\"},\"inLanguage\":\"en-US\",\"potentialAction\":[{\"@type\":\"ReadAction\",\"target\":[\"https:\\\/\\\/mmkriepas.lv\\\/en\\\/p\\\/225-45r18-kormoran-snowpro-b2-95v-xl-dot17\\\/\"]}]},{\"@type\":\"ImageObject\",\"inLanguage\":\"en-US\",\"@id\":\"https:\\\/\\\/mmkriepas.lv\\\/en\\\/p\\\/225-45r18-kormoran-snowpro-b2-95v-xl-dot17\\\/#primaryimage\",\"url\":\"https:\\\/\\\/mmkriepas.lv\\\/wp-content\\\/uploads\\\/2017\\\/09\\\/20555r16-kormoran-snowpro-b2-91h-ziemas-riepas.jpg\",\"contentUrl\":\"https:\\\/\\\/mmkriepas.lv\\\/wp-content\\\/uploads\\\/2017\\\/09\\\/20555r16-kormoran-snowpro-b2-91h-ziemas-riepas.jpg\",\"width\":1920,\"height\":1440,\"caption\":\"205\\\/55R16 Kormoran SnowPro B2 91H - Vissezonas riepas \\\/ Ziemas riepas\"},{\"@type\":\"BreadcrumbList\",\"@id\":\"https:\\\/\\\/mmkriepas.lv\\\/en\\\/p\\\/225-45r18-kormoran-snowpro-b2-95v-xl-dot17\\\/#breadcrumb\",\"itemListElement\":[{\"@type\":\"ListItem\",\"position\":1,\"name\":\"S\u0101kums\",\"item\":\"https:\\\/\\\/mmkriepas.lv\\\/en\\\/\"},{\"@type\":\"ListItem\",\"position\":2,\"name\":\"225\\\/45R18 Kormoran Snowpro B2 95V XL DOT17 (Michelin)\"}]},{\"@type\":\"WebSite\",\"@id\":\"https:\\\/\\\/mmkriepas.lv\\\/en\\\/#website\",\"url\":\"https:\\\/\\\/mmkriepas.lv\\\/en\\\/\",\"name\":\"MMK Riepas\",\"description\":\"MMK Riepas\",\"alternateName\":\"MMK Riepu Serviss\",\"potentialAction\":[{\"@type\":\"SearchAction\",\"target\":{\"@type\":\"EntryPoint\",\"urlTemplate\":\"https:\\\/\\\/mmkriepas.lv\\\/en\\\/?s={search_term_string}\"},\"query-input\":{\"@type\":\"PropertyValueSpecification\",\"valueRequired\":true,\"valueName\":\"search_term_string\"}}],\"inLanguage\":\"en-US\"},{\"@type\":\"ImageObject\",\"inLanguage\":\"en-US\",\"@id\":\"https:\\\/\\\/mmkriepas.lv\\\/en\\\/p\\\/225-45r18-kormoran-snowpro-b2-95v-xl-dot17\\\/#local-main-organization-logo\",\"url\":\"\",\"contentUrl\":\"\",\"caption\":\"MMK Riepas\"}]}<\/script>\n<meta property=\"product:brand\" content=\"Kormoran SNOW PRO B2\" \/>\n<meta property=\"product:price:amount\" content=\"59.00\" \/>\n<meta property=\"product:price:currency\" content=\"EUR\" \/>\n<meta property=\"og:availability\" content=\"instock\" \/>\n<meta property=\"product:availability\" content=\"instock\" \/>\n<meta property=\"product:retailer_item_id\" content=\"TW2254518Kormo-E23420\" \/>\n<meta property=\"product:condition\" content=\"new\" \/>\n<!-- \/ Yoast SEO Premium plugin. -->","yoast_head_json":{"title":"225\/45R18 Kormoran Snowpro B2 95V XL DOT17 (Michelin) &#8226; MMK Riepas","robots":{"index":"index","follow":"follow","max-snippet":"max-snippet:-1","max-image-preview":"max-image-preview:large","max-video-preview":"max-video-preview:-1"},"canonical":"https:\/\/mmkriepas.lv\/en\/p\/225-45r18-kormoran-snowpro-b2-95v-xl-dot17\/","og_locale":"en_US","og_type":"article","og_title":"225\/45R18 Kormoran Snowpro B2 95V XL DOT17 (Michelin)","og_description":"\u00a0 Kormoran SnowPro B2MMK Serviss pied\u0101v\u0101 Michelin grupas riepas Kormoran. \u013bot laba alternat\u012bva l\u0113t\u0101m bud\u017eeta klases riep\u0101m. Nedaudz d\u0101rg\u0101k k\u0101 \u0136\u012bnas riepas, bet kvalit\u0101te garant\u0113ta. Rekomend\u0113jam. Made by Michelin. 2017.gads.\u00a0 Mums ir visi izm\u0113ri.\u00a0","og_url":"https:\/\/mmkriepas.lv\/en\/p\/225-45r18-kormoran-snowpro-b2-95v-xl-dot17\/","og_site_name":"MMK Riepas","article_publisher":"https:\/\/www.facebook.com\/mmkserviss\/","article_modified_time":"2024-06-04T11:32:55+00:00","og_image":[{"width":1920,"height":1440,"url":"https:\/\/mmkriepas.lv\/wp-content\/uploads\/2017\/09\/20555r16-kormoran-snowpro-b2-91h-ziemas-riepas.jpg","type":"image\/jpeg"}],"twitter_card":"summary_large_image","twitter_misc":{"Price":"&euro;59.00","Availability":"In stock"},"schema":{"@context":"https:\/\/schema.org","@graph":[{"@type":"WebPage","@id":"https:\/\/mmkriepas.lv\/en\/p\/225-45r18-kormoran-snowpro-b2-95v-xl-dot17\/","url":"https:\/\/mmkriepas.lv\/en\/p\/225-45r18-kormoran-snowpro-b2-95v-xl-dot17\/","name":"225\/45R18 Kormoran Snowpro B2 95V XL DOT17 (Michelin) &#8226; MMK Riepas","isPartOf":{"@id":"https:\/\/mmkriepas.lv\/en\/#website"},"primaryImageOfPage":{"@id":"https:\/\/mmkriepas.lv\/en\/p\/225-45r18-kormoran-snowpro-b2-95v-xl-dot17\/#primaryimage"},"image":{"@id":"https:\/\/mmkriepas.lv\/en\/p\/225-45r18-kormoran-snowpro-b2-95v-xl-dot17\/#primaryimage"},"thumbnailUrl":"https:\/\/mmkriepas.lv\/wp-content\/uploads\/2017\/09\/20555r16-kormoran-snowpro-b2-91h-ziemas-riepas.jpg","datePublished":"2023-03-19T14:53:48+00:00","dateModified":"2024-06-04T11:32:55+00:00","breadcrumb":{"@id":"https:\/\/mmkriepas.lv\/en\/p\/225-45r18-kormoran-snowpro-b2-95v-xl-dot17\/#breadcrumb"},"inLanguage":"en-US","potentialAction":[{"@type":"ReadAction","target":["https:\/\/mmkriepas.lv\/en\/p\/225-45r18-kormoran-snowpro-b2-95v-xl-dot17\/"]}]},{"@type":"ImageObject","inLanguage":"en-US","@id":"https:\/\/mmkriepas.lv\/en\/p\/225-45r18-kormoran-snowpro-b2-95v-xl-dot17\/#primaryimage","url":"https:\/\/mmkriepas.lv\/wp-content\/uploads\/2017\/09\/20555r16-kormoran-snowpro-b2-91h-ziemas-riepas.jpg","contentUrl":"https:\/\/mmkriepas.lv\/wp-content\/uploads\/2017\/09\/20555r16-kormoran-snowpro-b2-91h-ziemas-riepas.jpg","width":1920,"height":1440,"caption":"205\/55R16 Kormoran SnowPro B2 91H - Vissezonas riepas \/ Ziemas riepas"},{"@type":"BreadcrumbList","@id":"https:\/\/mmkriepas.lv\/en\/p\/225-45r18-kormoran-snowpro-b2-95v-xl-dot17\/#breadcrumb","itemListElement":[{"@type":"ListItem","position":1,"name":"S\u0101kums","item":"https:\/\/mmkriepas.lv\/en\/"},{"@type":"ListItem","position":2,"name":"225\/45R18 Kormoran Snowpro B2 95V XL DOT17 (Michelin)"}]},{"@type":"WebSite","@id":"https:\/\/mmkriepas.lv\/en\/#website","url":"https:\/\/mmkriepas.lv\/en\/","name":"MMK Riepas","description":"MMK Riepas","alternateName":"MMK Riepu Serviss","potentialAction":[{"@type":"SearchAction","target":{"@type":"EntryPoint","urlTemplate":"https:\/\/mmkriepas.lv\/en\/?s={search_term_string}"},"query-input":{"@type":"PropertyValueSpecification","valueRequired":true,"valueName":"search_term_string"}}],"inLanguage":"en-US"},{"@type":"ImageObject","inLanguage":"en-US","@id":"https:\/\/mmkriepas.lv\/en\/p\/225-45r18-kormoran-snowpro-b2-95v-xl-dot17\/#local-main-organization-logo","url":"","contentUrl":"","caption":"MMK Riepas"}]},"product_brand":"Kormoran SNOW PRO B2","product_price_amount":"59.00","product_price_currency":"EUR","og_availability":"instock","product_availability":"instock","product_retailer_item_id":"TW2254518Kormo-E23420","product_condition":"new"},"_links":{"self":[{"href":"https:\/\/mmkriepas.lv\/en\/wp-json\/wp\/v2\/product\/677225","targetHints":{"allow":["GET"]}}],"collection":[{"href":"https:\/\/mmkriepas.lv\/en\/wp-json\/wp\/v2\/product"}],"about":[{"href":"https:\/\/mmkriepas.lv\/en\/wp-json\/wp\/v2\/types\/product"}],"wp:featuredmedia":[{"embeddable":true,"href":"https:\/\/mmkriepas.lv\/en\/wp-json\/wp\/v2\/media\/170166"}],"wp:attachment":[{"href":"https:\/\/mmkriepas.lv\/en\/wp-json\/wp\/v2\/media?parent=677225"}],"wp:term":[{"taxonomy":"product_brand","embeddable":true,"href":"https:\/\/mmkriepas.lv\/en\/wp-json\/wp\/v2\/product_brand?post=677225"},{"taxonomy":"product_cat","embeddable":true,"href":"https:\/\/mmkriepas.lv\/en\/wp-json\/wp\/v2\/product_cat?post=677225"},{"taxonomy":"product_tag","embeddable":true,"href":"https:\/\/mmkriepas.lv\/en\/wp-json\/wp\/v2\/product_tag?post=677225"}],"curies":[{"name":"wp","href":"https:\/\/api.w.org\/{rel}","templated":true}]}}