{"id":677079,"date":"2023-03-19T16:46:48","date_gmt":"2023-03-19T14:46:48","guid":{"rendered":"https:\/\/mmkserviss.lv\/?post_type=product&#038;p=677079"},"modified":"2026-04-05T20:59:16","modified_gmt":"2026-04-05T17:59:16","slug":"205-65r15c-imperial-snowdragon-2-102-100t","status":"publish","type":"product","link":"https:\/\/mmkriepas.lv\/en\/p\/205-65r15c-imperial-snowdragon-2-102-100t\/","title":{"rendered":"205\/65R15C Imperial SnowDragon 2 102\/100T"},"content":{"rendered":"<p><strong>Imperial Snowdragon 2 ICE-PLUS S110<\/strong> ir kvalitat\u012bvs vissezonas\/ziemas komerctransporta jeb mikroautobusu un vieglo kravas auto riepu modelis, kas izce\u013cas ar paaugstin\u0101tu veiktsp\u0113ju pat skarbos brauk\u0161anas apst\u0101k\u013cos.<\/p>\n<p><strong>Snowdragon 2 ICE-PLUS S110 galven\u0101s iez\u012bmes:<\/strong><\/p>\n<p>+ Uzlabots riepu gumijas sast\u0101vs,<\/p>\n<p>+ Paaugstin\u0101ta triecieniztur\u012bba, pateicoties papildus kordu jeb brekera sl\u0101\u0146iem,<\/p>\n<p>+ Palielin\u0101ta nodilumiztur\u012bba,<\/p>\n<p>+ Riepu modelis piem\u0113rots eksplaut\u0101cijai paaugstin\u0101tas slodzes apst\u0101k\u013cos gan uz asfalta, gan grants ce\u013ciem.<\/p>\n<p>+ Samazin\u0101ts akvaplan\u0113\u0161anas risks.<\/p>\n<p><strong>Snowdragon 2 S110 \u00a0apr\u012bkojums:<\/strong><\/p>\n<p><strong>Imperial Snowdragon 2 ICE-PLUS S110 <\/strong>pamat\u0101 ir augstas iztur\u012bbas konstrukcija, kas iet\u0113rpta elastrom\u0113riem bag\u0101t\u0101 gumijas sakaus\u0113jum\u0101, kas papildin\u0101ts ar dab\u012bgo kau\u010duku. Dab\u012bgais kau\u010duks p\u0101rsvar\u0101 tiek izmantots premium riepu gumijas sast\u0101vos, padarot t\u0101s nodilumiztur\u012bg\u0101kas un uzlabojot sa\u0137eres \u012bpa\u0161\u012bbas zem\u0101s gaisa temperat\u016br\u0101s.<\/p>\n<p>Riepu mode\u013ca protektora dizains izstr\u0101d\u0101ts ar 3D model\u0113\u0161anas tehniku, veidojot optim\u0101lu protektora bloku un iegriezumu jeb lame\u013cu attiec\u012bbu. Pateicoties tam, \u0161is komerctransporta riepu modelis uzr\u0101da teicamas veiktsp\u0113jas \u012bpa\u0161\u012bbas gan vasaras svelm\u0113, gan ar\u012b kaulus stindzino\u0161\u0101 sal\u0101.<\/p>\n","protected":false},"excerpt":{"rendered":"<p><strong>Imperial Snowdragon 2 ICE-PLUS S110<\/strong> ir kvalitat\u012bvs vissezonas\/ziemas komerctransporta jeb mikroautobusu un vieglo kravas auto riepu modelis, kas izce\u013cas ar paaugstin\u0101tu veiktsp\u0113ju pat skarbos brauk\u0161anas apst\u0101k\u013cos.<\/p>\n","protected":false},"featured_media":485425,"template":"","meta":{"_acf_changed":false,"ngg_post_thumbnail":0},"product_brand":[],"product_cat":[47,45],"product_tag":[],"class_list":{"0":"post-677079","1":"product","2":"type-product","3":"status-publish","4":"has-post-thumbnail","6":"product_cat-vissezonas-riepas","7":"product_cat-ziemas-riepas","9":"first","10":"instock","11":"sale","12":"taxable","13":"shipping-taxable","14":"purchasable","15":"product-type-simple"},"acf":[],"yoast_head":"<!-- This site is optimized with the Yoast SEO Premium plugin v22.6 (Yoast SEO v27.3) - https:\/\/yoast.com\/product\/yoast-seo-premium-wordpress\/ -->\n<title>205\/65R15C Imperial SnowDragon 2 102\/100T &#8226; MMK Riepas<\/title>\n<meta name=\"robots\" content=\"index, follow, max-snippet:-1, max-image-preview:large, max-video-preview:-1\" \/>\n<link rel=\"canonical\" href=\"https:\/\/mmkriepas.lv\/en\/p\/205-65r15c-imperial-snowdragon-2-102-100t\/\" \/>\n<meta property=\"og:locale\" content=\"en_US\" \/>\n<meta property=\"og:type\" content=\"article\" \/>\n<meta property=\"og:title\" content=\"205\/65R15C Imperial SnowDragon 2 102\/100T\" \/>\n<meta property=\"og:description\" content=\"Imperial Snowdragon 2 ICE-PLUS S110 ir kvalitat\u012bvs vissezonas\/ziemas komerctransporta jeb mikroautobusu un vieglo kravas auto riepu modelis, kas izce\u013cas ar paaugstin\u0101tu veiktsp\u0113ju pat skarbos brauk\u0161anas apst\u0101k\u013cos.\" \/>\n<meta property=\"og:url\" content=\"https:\/\/mmkriepas.lv\/en\/p\/205-65r15c-imperial-snowdragon-2-102-100t\/\" \/>\n<meta property=\"og:site_name\" content=\"MMK Riepas\" \/>\n<meta property=\"article:publisher\" content=\"https:\/\/www.facebook.com\/mmkserviss\/\" \/>\n<meta property=\"article:modified_time\" content=\"2026-04-05T17:59:16+00:00\" \/>\n<meta property=\"og:image\" content=\"https:\/\/mmkriepas.lv\/wp-content\/uploads\/2023\/01\/22570r15c-imperial-snowdragon-2-ice-plus-s110-112110r-ziemas-riepas.jpeg\" \/>\n\t<meta property=\"og:image:width\" content=\"1920\" \/>\n\t<meta property=\"og:image:height\" content=\"1440\" \/>\n\t<meta property=\"og:image:type\" content=\"image\/jpeg\" \/>\n<meta name=\"twitter:card\" content=\"summary_large_image\" \/>\n<meta name=\"twitter:label1\" content=\"Price\" \/>\n\t<meta name=\"twitter:data1\" content=\"&euro;76.00\" \/>\n\t<meta name=\"twitter:label2\" content=\"Availability\" \/>\n\t<meta name=\"twitter:data2\" content=\"In stock\" \/>\n<script type=\"application\/ld+json\" class=\"yoast-schema-graph\">{\"@context\":\"https:\\\/\\\/schema.org\",\"@graph\":[{\"@type\":\"WebPage\",\"@id\":\"https:\\\/\\\/mmkriepas.lv\\\/en\\\/p\\\/205-65r15c-imperial-snowdragon-2-102-100t\\\/\",\"url\":\"https:\\\/\\\/mmkriepas.lv\\\/en\\\/p\\\/205-65r15c-imperial-snowdragon-2-102-100t\\\/\",\"name\":\"205\\\/65R15C Imperial SnowDragon 2 102\\\/100T &#8226; MMK Riepas\",\"isPartOf\":{\"@id\":\"https:\\\/\\\/mmkriepas.lv\\\/en\\\/#website\"},\"primaryImageOfPage\":{\"@id\":\"https:\\\/\\\/mmkriepas.lv\\\/en\\\/p\\\/205-65r15c-imperial-snowdragon-2-102-100t\\\/#primaryimage\"},\"image\":{\"@id\":\"https:\\\/\\\/mmkriepas.lv\\\/en\\\/p\\\/205-65r15c-imperial-snowdragon-2-102-100t\\\/#primaryimage\"},\"thumbnailUrl\":\"https:\\\/\\\/mmkriepas.lv\\\/wp-content\\\/uploads\\\/2023\\\/01\\\/22570r15c-imperial-snowdragon-2-ice-plus-s110-112110r-ziemas-riepas.jpeg\",\"datePublished\":\"2023-03-19T14:46:48+00:00\",\"dateModified\":\"2026-04-05T17:59:16+00:00\",\"breadcrumb\":{\"@id\":\"https:\\\/\\\/mmkriepas.lv\\\/en\\\/p\\\/205-65r15c-imperial-snowdragon-2-102-100t\\\/#breadcrumb\"},\"inLanguage\":\"en-US\",\"potentialAction\":[{\"@type\":\"ReadAction\",\"target\":[\"https:\\\/\\\/mmkriepas.lv\\\/en\\\/p\\\/205-65r15c-imperial-snowdragon-2-102-100t\\\/\"]}]},{\"@type\":\"ImageObject\",\"inLanguage\":\"en-US\",\"@id\":\"https:\\\/\\\/mmkriepas.lv\\\/en\\\/p\\\/205-65r15c-imperial-snowdragon-2-102-100t\\\/#primaryimage\",\"url\":\"https:\\\/\\\/mmkriepas.lv\\\/wp-content\\\/uploads\\\/2023\\\/01\\\/22570r15c-imperial-snowdragon-2-ice-plus-s110-112110r-ziemas-riepas.jpeg\",\"contentUrl\":\"https:\\\/\\\/mmkriepas.lv\\\/wp-content\\\/uploads\\\/2023\\\/01\\\/22570r15c-imperial-snowdragon-2-ice-plus-s110-112110r-ziemas-riepas.jpeg\",\"width\":1920,\"height\":1440,\"caption\":\"225\\\/70R15C Imperial Snowdragon 2 ICE-PLUS S110 112\\\/110R - Vissezonas riepas \\\/ Ziemas riepas\"},{\"@type\":\"BreadcrumbList\",\"@id\":\"https:\\\/\\\/mmkriepas.lv\\\/en\\\/p\\\/205-65r15c-imperial-snowdragon-2-102-100t\\\/#breadcrumb\",\"itemListElement\":[{\"@type\":\"ListItem\",\"position\":1,\"name\":\"S\u0101kums\",\"item\":\"https:\\\/\\\/mmkriepas.lv\\\/en\\\/\"},{\"@type\":\"ListItem\",\"position\":2,\"name\":\"205\\\/65R15C Imperial SnowDragon 2 102\\\/100T\"}]},{\"@type\":\"WebSite\",\"@id\":\"https:\\\/\\\/mmkriepas.lv\\\/en\\\/#website\",\"url\":\"https:\\\/\\\/mmkriepas.lv\\\/en\\\/\",\"name\":\"MMK Riepas\",\"description\":\"MMK Riepas\",\"alternateName\":\"MMK Riepu Serviss\",\"potentialAction\":[{\"@type\":\"SearchAction\",\"target\":{\"@type\":\"EntryPoint\",\"urlTemplate\":\"https:\\\/\\\/mmkriepas.lv\\\/en\\\/?s={search_term_string}\"},\"query-input\":{\"@type\":\"PropertyValueSpecification\",\"valueRequired\":true,\"valueName\":\"search_term_string\"}}],\"inLanguage\":\"en-US\"},{\"@type\":\"ImageObject\",\"inLanguage\":\"en-US\",\"@id\":\"https:\\\/\\\/mmkriepas.lv\\\/en\\\/p\\\/205-65r15c-imperial-snowdragon-2-102-100t\\\/#local-main-organization-logo\",\"url\":\"\",\"contentUrl\":\"\",\"caption\":\"MMK Riepas\"}]}<\/script>\n<meta property=\"product:brand\" content=\"Imperial Snowdragon 2 ICE-PLUS S110\" \/>\n<meta property=\"product:price:amount\" content=\"76.00\" \/>\n<meta property=\"product:price:currency\" content=\"EUR\" \/>\n<meta property=\"og:availability\" content=\"instock\" \/>\n<meta property=\"product:availability\" content=\"instock\" \/>\n<meta property=\"product:retailer_item_id\" content=\"TW2056515CImper-E23373\" \/>\n<meta property=\"product:condition\" content=\"new\" \/>\n<!-- \/ Yoast SEO Premium plugin. -->","yoast_head_json":{"title":"205\/65R15C Imperial SnowDragon 2 102\/100T &#8226; MMK Riepas","robots":{"index":"index","follow":"follow","max-snippet":"max-snippet:-1","max-image-preview":"max-image-preview:large","max-video-preview":"max-video-preview:-1"},"canonical":"https:\/\/mmkriepas.lv\/en\/p\/205-65r15c-imperial-snowdragon-2-102-100t\/","og_locale":"en_US","og_type":"article","og_title":"205\/65R15C Imperial SnowDragon 2 102\/100T","og_description":"Imperial Snowdragon 2 ICE-PLUS S110 ir kvalitat\u012bvs vissezonas\/ziemas komerctransporta jeb mikroautobusu un vieglo kravas auto riepu modelis, kas izce\u013cas ar paaugstin\u0101tu veiktsp\u0113ju pat skarbos brauk\u0161anas apst\u0101k\u013cos.","og_url":"https:\/\/mmkriepas.lv\/en\/p\/205-65r15c-imperial-snowdragon-2-102-100t\/","og_site_name":"MMK Riepas","article_publisher":"https:\/\/www.facebook.com\/mmkserviss\/","article_modified_time":"2026-04-05T17:59:16+00:00","og_image":[{"width":1920,"height":1440,"url":"https:\/\/mmkriepas.lv\/wp-content\/uploads\/2023\/01\/22570r15c-imperial-snowdragon-2-ice-plus-s110-112110r-ziemas-riepas.jpeg","type":"image\/jpeg"}],"twitter_card":"summary_large_image","twitter_misc":{"Price":"&euro;76.00","Availability":"In stock"},"schema":{"@context":"https:\/\/schema.org","@graph":[{"@type":"WebPage","@id":"https:\/\/mmkriepas.lv\/en\/p\/205-65r15c-imperial-snowdragon-2-102-100t\/","url":"https:\/\/mmkriepas.lv\/en\/p\/205-65r15c-imperial-snowdragon-2-102-100t\/","name":"205\/65R15C Imperial SnowDragon 2 102\/100T &#8226; MMK Riepas","isPartOf":{"@id":"https:\/\/mmkriepas.lv\/en\/#website"},"primaryImageOfPage":{"@id":"https:\/\/mmkriepas.lv\/en\/p\/205-65r15c-imperial-snowdragon-2-102-100t\/#primaryimage"},"image":{"@id":"https:\/\/mmkriepas.lv\/en\/p\/205-65r15c-imperial-snowdragon-2-102-100t\/#primaryimage"},"thumbnailUrl":"https:\/\/mmkriepas.lv\/wp-content\/uploads\/2023\/01\/22570r15c-imperial-snowdragon-2-ice-plus-s110-112110r-ziemas-riepas.jpeg","datePublished":"2023-03-19T14:46:48+00:00","dateModified":"2026-04-05T17:59:16+00:00","breadcrumb":{"@id":"https:\/\/mmkriepas.lv\/en\/p\/205-65r15c-imperial-snowdragon-2-102-100t\/#breadcrumb"},"inLanguage":"en-US","potentialAction":[{"@type":"ReadAction","target":["https:\/\/mmkriepas.lv\/en\/p\/205-65r15c-imperial-snowdragon-2-102-100t\/"]}]},{"@type":"ImageObject","inLanguage":"en-US","@id":"https:\/\/mmkriepas.lv\/en\/p\/205-65r15c-imperial-snowdragon-2-102-100t\/#primaryimage","url":"https:\/\/mmkriepas.lv\/wp-content\/uploads\/2023\/01\/22570r15c-imperial-snowdragon-2-ice-plus-s110-112110r-ziemas-riepas.jpeg","contentUrl":"https:\/\/mmkriepas.lv\/wp-content\/uploads\/2023\/01\/22570r15c-imperial-snowdragon-2-ice-plus-s110-112110r-ziemas-riepas.jpeg","width":1920,"height":1440,"caption":"225\/70R15C Imperial Snowdragon 2 ICE-PLUS S110 112\/110R - Vissezonas riepas \/ Ziemas riepas"},{"@type":"BreadcrumbList","@id":"https:\/\/mmkriepas.lv\/en\/p\/205-65r15c-imperial-snowdragon-2-102-100t\/#breadcrumb","itemListElement":[{"@type":"ListItem","position":1,"name":"S\u0101kums","item":"https:\/\/mmkriepas.lv\/en\/"},{"@type":"ListItem","position":2,"name":"205\/65R15C Imperial SnowDragon 2 102\/100T"}]},{"@type":"WebSite","@id":"https:\/\/mmkriepas.lv\/en\/#website","url":"https:\/\/mmkriepas.lv\/en\/","name":"MMK Riepas","description":"MMK Riepas","alternateName":"MMK Riepu Serviss","potentialAction":[{"@type":"SearchAction","target":{"@type":"EntryPoint","urlTemplate":"https:\/\/mmkriepas.lv\/en\/?s={search_term_string}"},"query-input":{"@type":"PropertyValueSpecification","valueRequired":true,"valueName":"search_term_string"}}],"inLanguage":"en-US"},{"@type":"ImageObject","inLanguage":"en-US","@id":"https:\/\/mmkriepas.lv\/en\/p\/205-65r15c-imperial-snowdragon-2-102-100t\/#local-main-organization-logo","url":"","contentUrl":"","caption":"MMK Riepas"}]},"product_brand":"Imperial Snowdragon 2 ICE-PLUS S110","product_price_amount":"76.00","product_price_currency":"EUR","og_availability":"instock","product_availability":"instock","product_retailer_item_id":"TW2056515CImper-E23373","product_condition":"new"},"_links":{"self":[{"href":"https:\/\/mmkriepas.lv\/en\/wp-json\/wp\/v2\/product\/677079","targetHints":{"allow":["GET"]}}],"collection":[{"href":"https:\/\/mmkriepas.lv\/en\/wp-json\/wp\/v2\/product"}],"about":[{"href":"https:\/\/mmkriepas.lv\/en\/wp-json\/wp\/v2\/types\/product"}],"wp:featuredmedia":[{"embeddable":true,"href":"https:\/\/mmkriepas.lv\/en\/wp-json\/wp\/v2\/media\/485425"}],"wp:attachment":[{"href":"https:\/\/mmkriepas.lv\/en\/wp-json\/wp\/v2\/media?parent=677079"}],"wp:term":[{"taxonomy":"product_brand","embeddable":true,"href":"https:\/\/mmkriepas.lv\/en\/wp-json\/wp\/v2\/product_brand?post=677079"},{"taxonomy":"product_cat","embeddable":true,"href":"https:\/\/mmkriepas.lv\/en\/wp-json\/wp\/v2\/product_cat?post=677079"},{"taxonomy":"product_tag","embeddable":true,"href":"https:\/\/mmkriepas.lv\/en\/wp-json\/wp\/v2\/product_tag?post=677079"}],"curies":[{"name":"wp","href":"https:\/\/api.w.org\/{rel}","templated":true}]}}