{"id":677001,"date":"2023-03-19T16:43:01","date_gmt":"2023-03-19T14:43:01","guid":{"rendered":"https:\/\/mmkserviss.lv\/?post_type=product&#038;p=677001"},"modified":"2024-06-04T14:29:55","modified_gmt":"2024-06-04T11:29:55","slug":"275-65r18-hifly-at606-116t-dot","status":"publish","type":"product","link":"https:\/\/mmkriepas.lv\/en\/p\/275-65r18-hifly-at606-116t-dot\/","title":{"rendered":"275\/65R18 Hifly Vigorous AT606 116T DOT"},"content":{"rendered":"<p><b>HiFly Vigorous AT606<\/b><span style=\"font-weight: 400;\"> ir All Terrain riepu modelis, kas paredz\u0113ts efekt\u012bvai brauk\u0161anai bezce\u013cos, vienlaikus nezaud\u0113jot ar\u012b veiktsp\u0113ju, p\u0101rvietojoties pa asfaltu. \u0160is riepu modelis ir piem\u0113rots mak\u0161\u0137erniekiem, medniekiem, me\u017estr\u0101dniekiem vai vienk\u0101r\u0161i akt\u012bva dz\u012bvesstila baud\u012bt\u0101jiem, kas v\u0113las b\u016bt sp\u0113j\u012bgi savu apvidus sp\u0113kratu uzvest k\u0101d\u0101 kaln\u0101 un tikpat dro\u0161i ar to nobraukt ar\u012b lej\u0101.\u00a0<\/span><\/p>\n<h3><b>HiFly Vigorous AT606 galven\u0101s iez\u012bmes<\/b><\/h3>\n<p><span style=\"font-weight: 400;\">+ Lieliska veiktsp\u0113ja gan bezce\u013cos, gan ar\u012b uz asfalta;<\/span><\/p>\n<p><span style=\"font-weight: 400;\">+ Sal\u012bdzinot ar dub\u013cu riep\u0101m, zems trok\u0161\u0146u l\u012bmenis;<\/span><\/p>\n<p><span style=\"font-weight: 400;\">+ Lieliska cenas un veiktsp\u0113jas attiec\u012bba;<\/span><\/p>\n<p><span style=\"font-weight: 400;\">+ Augsti att\u012bst\u012bta dren\u0101\u017eas kan\u0101lu sist\u0113ma, kas no riepas kontakta virsmas ar ce\u013cu lieliski izvada ne tikai \u016bdeni, bet ar\u012b smiltis un \u0161\u0137embas;<\/span><\/p>\n<p><span style=\"font-weight: 400;\">+ Agres\u012bvs protektora raksts;<\/span><\/p>\n<p><span style=\"font-weight: 400;\">+ Riepas, kas piem\u0113rotas mak\u0161\u0137erniekiem, medniekiem, me\u017estr\u0101dniekiem vai pat bezce\u013cu entuziastiem.<\/span><\/p>\n<h3><b>AT606 galven\u0101s iez\u012bmes<\/b><\/h3>\n<p><b>HiFly Vigorous AT606 <\/b><span style=\"font-weight: 400;\">protektora raksts izstr\u0101d\u0101ts, iedvesmojoties no pasaul\u0113 popul\u0101r\u0101kajiem bezce\u013cu riepu mode\u013ciem. Dizains veidots agres\u012bvs, lai var\u0113tu st\u0101ties pret\u012b skarbiem bezce\u013cu apst\u0101k\u013ciem.<\/span> <span style=\"font-weight: 400;\">Mas\u012bvie riepas protektora bloki darin\u0101ti no uzlabota gumijas sast\u0101va, kas saglab\u0101 elast\u012bbu pla\u0161\u0101 temperat\u016bru diapazon\u0101 un sl\u0101p\u0113 ska\u0146u, braucot pa asfaltu. Nodilumiztur\u012bg\u0101 gumij\u0101 iet\u0113rpts pastiprin\u0101ts riepas karkass, kas sp\u0113j iztur\u0113t pat sp\u0113c\u012bgus triecienus.\u00a0<\/span><\/p>\n<p><b>*<\/b><span style=\"font-weight: 400;\">Uzman\u012bbu:<\/span><span style=\"font-weight: 400;\"> vasaras riepas, kas ir ra\u017eotas \u0136\u012bn\u0101, var b\u016bt apz\u012bm\u0113tas ar apz\u012bm\u0113jumu M + S. J\u0101\u0146em ver\u0101, ka \u0136\u012bnas teritorija sniedzas da\u017e\u0101d\u0101s klimatiskaj\u0101s zon\u0101s, kur da\u017eviet metereolo\u0123isk\u0101 ziema t\u0101 ar\u012b neiest\u0101jas. L\u012bdz ar to, tur \u0161\u012bs riepas var izmantot visu gadu, kam\u0113r Latvij\u0101 tas nestr\u0101d\u0101!<\/span><\/p>\n<p><span style=\"font-weight: 400;\"><\/span><b>HiFly Vigorous AT606 &#8211; lieliska veiktsp\u0113ja bezce\u013cos par bud\u017eeta cenu!<\/b><span style=\"font-weight: 400;\"> Pieejamas abos MMK Riepu Centros par vislab\u0101kaj\u0101m cen\u0101m!<\/span><\/p>\n","protected":false},"excerpt":{"rendered":"<p><b>HiFly Vigorous AT606<\/b><span style=\"font-weight: 400;\"> ir All Terrain riepu modelis, kas paredz\u0113ts efekt\u012bvai brauk\u0161anai bezce\u013cos, vienlaikus nezaud\u0113jot ar\u012b veiktsp\u0113ju, p\u0101rvietojoties pa asfaltu. \u0160is riepu modelis ir piem\u0113rots mak\u0161\u0137erniekiem, medniekiem, me\u017estr\u0101dniekiem vai vienk\u0101r\u0161i akt\u012bva dz\u012bvesstila baud\u012bt\u0101jiem, kas v\u0113las b\u016bt sp\u0113j\u012bgi savu apvidus sp\u0113kratu uzvest k\u0101d\u0101 kaln\u0101 un tikpat dro\u0161i ar to nobraukt ar\u012b lej\u0101.\u00a0<\/span><\/p>\n","protected":false},"featured_media":174126,"template":"","meta":{"_acf_changed":false,"ngg_post_thumbnail":0},"product_brand":[],"product_cat":[46],"product_tag":[],"class_list":{"0":"post-677001","1":"product","2":"type-product","3":"status-publish","4":"has-post-thumbnail","6":"product_cat-vasaras-riepas","8":"first","9":"instock","10":"taxable","11":"shipping-taxable","12":"product-type-simple"},"acf":[],"yoast_head":"<!-- This site is optimized with the Yoast SEO Premium plugin v22.6 (Yoast SEO v27.3) - https:\/\/yoast.com\/product\/yoast-seo-premium-wordpress\/ -->\n<title>275\/65R18 Hifly Vigorous AT606 116T DOT &#8226; MMK Riepas<\/title>\n<meta name=\"robots\" content=\"index, follow, max-snippet:-1, max-image-preview:large, max-video-preview:-1\" \/>\n<link rel=\"canonical\" href=\"https:\/\/mmkriepas.lv\/en\/p\/275-65r18-hifly-at606-116t-dot\/\" \/>\n<meta property=\"og:locale\" content=\"en_US\" \/>\n<meta property=\"og:type\" content=\"article\" \/>\n<meta property=\"og:title\" content=\"275\/65R18 Hifly Vigorous AT606 116T DOT\" \/>\n<meta property=\"og:description\" content=\"HiFly Vigorous AT606 ir All Terrain riepu modelis, kas paredz\u0113ts efekt\u012bvai brauk\u0161anai bezce\u013cos, vienlaikus nezaud\u0113jot ar\u012b veiktsp\u0113ju, p\u0101rvietojoties pa asfaltu. \u0160is riepu modelis ir piem\u0113rots mak\u0161\u0137erniekiem, medniekiem, me\u017estr\u0101dniekiem vai vienk\u0101r\u0161i akt\u012bva dz\u012bvesstila baud\u012bt\u0101jiem, kas v\u0113las b\u016bt sp\u0113j\u012bgi savu apvidus sp\u0113kratu uzvest k\u0101d\u0101 kaln\u0101 un tikpat dro\u0161i ar to nobraukt ar\u012b lej\u0101.\u00a0\" \/>\n<meta property=\"og:url\" content=\"https:\/\/mmkriepas.lv\/en\/p\/275-65r18-hifly-at606-116t-dot\/\" \/>\n<meta property=\"og:site_name\" content=\"MMK Riepas\" \/>\n<meta property=\"article:publisher\" content=\"https:\/\/www.facebook.com\/mmkserviss\/\" \/>\n<meta property=\"article:modified_time\" content=\"2024-06-04T11:29:55+00:00\" \/>\n<meta property=\"og:image\" content=\"https:\/\/mmkriepas.lv\/wp-content\/uploads\/2021\/03\/27565r18-hifly-at606-116t-dot20-ziemas-riepas.jpeg\" \/>\n\t<meta property=\"og:image:width\" content=\"1600\" \/>\n\t<meta property=\"og:image:height\" content=\"1064\" \/>\n\t<meta property=\"og:image:type\" content=\"image\/jpeg\" \/>\n<meta name=\"twitter:card\" content=\"summary_large_image\" \/>\n<meta name=\"twitter:label1\" content=\"Price\" \/>\n\t<meta name=\"twitter:data1\" content=\"&euro;102.00\" \/>\n\t<meta name=\"twitter:label2\" content=\"Availability\" \/>\n\t<meta name=\"twitter:data2\" content=\"In stock\" \/>\n<script type=\"application\/ld+json\" class=\"yoast-schema-graph\">{\"@context\":\"https:\\\/\\\/schema.org\",\"@graph\":[{\"@type\":\"WebPage\",\"@id\":\"https:\\\/\\\/mmkriepas.lv\\\/en\\\/p\\\/275-65r18-hifly-at606-116t-dot\\\/\",\"url\":\"https:\\\/\\\/mmkriepas.lv\\\/en\\\/p\\\/275-65r18-hifly-at606-116t-dot\\\/\",\"name\":\"275\\\/65R18 Hifly Vigorous AT606 116T DOT &#8226; MMK Riepas\",\"isPartOf\":{\"@id\":\"https:\\\/\\\/mmkriepas.lv\\\/en\\\/#website\"},\"primaryImageOfPage\":{\"@id\":\"https:\\\/\\\/mmkriepas.lv\\\/en\\\/p\\\/275-65r18-hifly-at606-116t-dot\\\/#primaryimage\"},\"image\":{\"@id\":\"https:\\\/\\\/mmkriepas.lv\\\/en\\\/p\\\/275-65r18-hifly-at606-116t-dot\\\/#primaryimage\"},\"thumbnailUrl\":\"https:\\\/\\\/mmkriepas.lv\\\/wp-content\\\/uploads\\\/2021\\\/03\\\/27565r18-hifly-at606-116t-dot20-ziemas-riepas.jpeg\",\"datePublished\":\"2023-03-19T14:43:01+00:00\",\"dateModified\":\"2024-06-04T11:29:55+00:00\",\"breadcrumb\":{\"@id\":\"https:\\\/\\\/mmkriepas.lv\\\/en\\\/p\\\/275-65r18-hifly-at606-116t-dot\\\/#breadcrumb\"},\"inLanguage\":\"en-US\",\"potentialAction\":[{\"@type\":\"ReadAction\",\"target\":[\"https:\\\/\\\/mmkriepas.lv\\\/en\\\/p\\\/275-65r18-hifly-at606-116t-dot\\\/\"]}]},{\"@type\":\"ImageObject\",\"inLanguage\":\"en-US\",\"@id\":\"https:\\\/\\\/mmkriepas.lv\\\/en\\\/p\\\/275-65r18-hifly-at606-116t-dot\\\/#primaryimage\",\"url\":\"https:\\\/\\\/mmkriepas.lv\\\/wp-content\\\/uploads\\\/2021\\\/03\\\/27565r18-hifly-at606-116t-dot20-ziemas-riepas.jpeg\",\"contentUrl\":\"https:\\\/\\\/mmkriepas.lv\\\/wp-content\\\/uploads\\\/2021\\\/03\\\/27565r18-hifly-at606-116t-dot20-ziemas-riepas.jpeg\",\"width\":1600,\"height\":1064,\"caption\":\"275\\\/65R18 Hifly AT606 116T dot20 - Ziemas riepas\"},{\"@type\":\"BreadcrumbList\",\"@id\":\"https:\\\/\\\/mmkriepas.lv\\\/en\\\/p\\\/275-65r18-hifly-at606-116t-dot\\\/#breadcrumb\",\"itemListElement\":[{\"@type\":\"ListItem\",\"position\":1,\"name\":\"S\u0101kums\",\"item\":\"https:\\\/\\\/mmkriepas.lv\\\/en\\\/\"},{\"@type\":\"ListItem\",\"position\":2,\"name\":\"275\\\/65R18 Hifly Vigorous AT606 116T DOT\"}]},{\"@type\":\"WebSite\",\"@id\":\"https:\\\/\\\/mmkriepas.lv\\\/en\\\/#website\",\"url\":\"https:\\\/\\\/mmkriepas.lv\\\/en\\\/\",\"name\":\"MMK Riepas\",\"description\":\"MMK Riepas\",\"alternateName\":\"MMK Riepu Serviss\",\"potentialAction\":[{\"@type\":\"SearchAction\",\"target\":{\"@type\":\"EntryPoint\",\"urlTemplate\":\"https:\\\/\\\/mmkriepas.lv\\\/en\\\/?s={search_term_string}\"},\"query-input\":{\"@type\":\"PropertyValueSpecification\",\"valueRequired\":true,\"valueName\":\"search_term_string\"}}],\"inLanguage\":\"en-US\"},{\"@type\":\"ImageObject\",\"inLanguage\":\"en-US\",\"@id\":\"https:\\\/\\\/mmkriepas.lv\\\/en\\\/p\\\/275-65r18-hifly-at606-116t-dot\\\/#local-main-organization-logo\",\"url\":\"\",\"contentUrl\":\"\",\"caption\":\"MMK Riepas\"}]}<\/script>\n<meta property=\"product:brand\" content=\"Hifly Vigorous AT606\" \/>\n<meta property=\"product:price:amount\" content=\"102.00\" \/>\n<meta property=\"product:price:currency\" content=\"EUR\" \/>\n<meta property=\"og:availability\" content=\"instock\" \/>\n<meta property=\"product:availability\" content=\"instock\" \/>\n<meta property=\"product:retailer_item_id\" content=\"TW2756518Hifly-E23348\" \/>\n<meta property=\"product:condition\" content=\"new\" \/>\n<!-- \/ Yoast SEO Premium plugin. -->","yoast_head_json":{"title":"275\/65R18 Hifly Vigorous AT606 116T DOT &#8226; MMK Riepas","robots":{"index":"index","follow":"follow","max-snippet":"max-snippet:-1","max-image-preview":"max-image-preview:large","max-video-preview":"max-video-preview:-1"},"canonical":"https:\/\/mmkriepas.lv\/en\/p\/275-65r18-hifly-at606-116t-dot\/","og_locale":"en_US","og_type":"article","og_title":"275\/65R18 Hifly Vigorous AT606 116T DOT","og_description":"HiFly Vigorous AT606 ir All Terrain riepu modelis, kas paredz\u0113ts efekt\u012bvai brauk\u0161anai bezce\u013cos, vienlaikus nezaud\u0113jot ar\u012b veiktsp\u0113ju, p\u0101rvietojoties pa asfaltu. \u0160is riepu modelis ir piem\u0113rots mak\u0161\u0137erniekiem, medniekiem, me\u017estr\u0101dniekiem vai vienk\u0101r\u0161i akt\u012bva dz\u012bvesstila baud\u012bt\u0101jiem, kas v\u0113las b\u016bt sp\u0113j\u012bgi savu apvidus sp\u0113kratu uzvest k\u0101d\u0101 kaln\u0101 un tikpat dro\u0161i ar to nobraukt ar\u012b lej\u0101.\u00a0","og_url":"https:\/\/mmkriepas.lv\/en\/p\/275-65r18-hifly-at606-116t-dot\/","og_site_name":"MMK Riepas","article_publisher":"https:\/\/www.facebook.com\/mmkserviss\/","article_modified_time":"2024-06-04T11:29:55+00:00","og_image":[{"width":1600,"height":1064,"url":"https:\/\/mmkriepas.lv\/wp-content\/uploads\/2021\/03\/27565r18-hifly-at606-116t-dot20-ziemas-riepas.jpeg","type":"image\/jpeg"}],"twitter_card":"summary_large_image","twitter_misc":{"Price":"&euro;102.00","Availability":"In stock"},"schema":{"@context":"https:\/\/schema.org","@graph":[{"@type":"WebPage","@id":"https:\/\/mmkriepas.lv\/en\/p\/275-65r18-hifly-at606-116t-dot\/","url":"https:\/\/mmkriepas.lv\/en\/p\/275-65r18-hifly-at606-116t-dot\/","name":"275\/65R18 Hifly Vigorous AT606 116T DOT &#8226; MMK Riepas","isPartOf":{"@id":"https:\/\/mmkriepas.lv\/en\/#website"},"primaryImageOfPage":{"@id":"https:\/\/mmkriepas.lv\/en\/p\/275-65r18-hifly-at606-116t-dot\/#primaryimage"},"image":{"@id":"https:\/\/mmkriepas.lv\/en\/p\/275-65r18-hifly-at606-116t-dot\/#primaryimage"},"thumbnailUrl":"https:\/\/mmkriepas.lv\/wp-content\/uploads\/2021\/03\/27565r18-hifly-at606-116t-dot20-ziemas-riepas.jpeg","datePublished":"2023-03-19T14:43:01+00:00","dateModified":"2024-06-04T11:29:55+00:00","breadcrumb":{"@id":"https:\/\/mmkriepas.lv\/en\/p\/275-65r18-hifly-at606-116t-dot\/#breadcrumb"},"inLanguage":"en-US","potentialAction":[{"@type":"ReadAction","target":["https:\/\/mmkriepas.lv\/en\/p\/275-65r18-hifly-at606-116t-dot\/"]}]},{"@type":"ImageObject","inLanguage":"en-US","@id":"https:\/\/mmkriepas.lv\/en\/p\/275-65r18-hifly-at606-116t-dot\/#primaryimage","url":"https:\/\/mmkriepas.lv\/wp-content\/uploads\/2021\/03\/27565r18-hifly-at606-116t-dot20-ziemas-riepas.jpeg","contentUrl":"https:\/\/mmkriepas.lv\/wp-content\/uploads\/2021\/03\/27565r18-hifly-at606-116t-dot20-ziemas-riepas.jpeg","width":1600,"height":1064,"caption":"275\/65R18 Hifly AT606 116T dot20 - Ziemas riepas"},{"@type":"BreadcrumbList","@id":"https:\/\/mmkriepas.lv\/en\/p\/275-65r18-hifly-at606-116t-dot\/#breadcrumb","itemListElement":[{"@type":"ListItem","position":1,"name":"S\u0101kums","item":"https:\/\/mmkriepas.lv\/en\/"},{"@type":"ListItem","position":2,"name":"275\/65R18 Hifly Vigorous AT606 116T DOT"}]},{"@type":"WebSite","@id":"https:\/\/mmkriepas.lv\/en\/#website","url":"https:\/\/mmkriepas.lv\/en\/","name":"MMK Riepas","description":"MMK Riepas","alternateName":"MMK Riepu Serviss","potentialAction":[{"@type":"SearchAction","target":{"@type":"EntryPoint","urlTemplate":"https:\/\/mmkriepas.lv\/en\/?s={search_term_string}"},"query-input":{"@type":"PropertyValueSpecification","valueRequired":true,"valueName":"search_term_string"}}],"inLanguage":"en-US"},{"@type":"ImageObject","inLanguage":"en-US","@id":"https:\/\/mmkriepas.lv\/en\/p\/275-65r18-hifly-at606-116t-dot\/#local-main-organization-logo","url":"","contentUrl":"","caption":"MMK Riepas"}]},"product_brand":"Hifly Vigorous AT606","product_price_amount":"102.00","product_price_currency":"EUR","og_availability":"instock","product_availability":"instock","product_retailer_item_id":"TW2756518Hifly-E23348","product_condition":"new"},"_links":{"self":[{"href":"https:\/\/mmkriepas.lv\/en\/wp-json\/wp\/v2\/product\/677001","targetHints":{"allow":["GET"]}}],"collection":[{"href":"https:\/\/mmkriepas.lv\/en\/wp-json\/wp\/v2\/product"}],"about":[{"href":"https:\/\/mmkriepas.lv\/en\/wp-json\/wp\/v2\/types\/product"}],"wp:featuredmedia":[{"embeddable":true,"href":"https:\/\/mmkriepas.lv\/en\/wp-json\/wp\/v2\/media\/174126"}],"wp:attachment":[{"href":"https:\/\/mmkriepas.lv\/en\/wp-json\/wp\/v2\/media?parent=677001"}],"wp:term":[{"taxonomy":"product_brand","embeddable":true,"href":"https:\/\/mmkriepas.lv\/en\/wp-json\/wp\/v2\/product_brand?post=677001"},{"taxonomy":"product_cat","embeddable":true,"href":"https:\/\/mmkriepas.lv\/en\/wp-json\/wp\/v2\/product_cat?post=677001"},{"taxonomy":"product_tag","embeddable":true,"href":"https:\/\/mmkriepas.lv\/en\/wp-json\/wp\/v2\/product_tag?post=677001"}],"curies":[{"name":"wp","href":"https:\/\/api.w.org\/{rel}","templated":true}]}}