{"id":675289,"date":"2023-03-19T15:19:18","date_gmt":"2023-03-19T13:19:18","guid":{"rendered":"https:\/\/mmkserviss.lv\/?post_type=product&#038;p=675289"},"modified":"2026-03-22T11:15:06","modified_gmt":"2026-03-22T09:15:06","slug":"165-70r14-austone-sp-901-85t-xl","status":"publish","type":"product","link":"https:\/\/mmkriepas.lv\/en\/p\/165-70r14-austone-sp-901-85t-xl\/","title":{"rendered":"165\/70R14 Austone SKADI SP-901 85T XL"},"content":{"rendered":"<p><strong>Austone SKADI SP-901<\/strong> ir ziemas riepu modelis, kas paredz\u0113ts vieglajiem auto un izce\u013cas ar sp\u0113ju adapt\u0113ties skarbiem brauk\u0161anas apst\u0101k\u013ciem.<\/p>\n<p><strong>SKADI SP-901 galven\u0101s iez\u012bmes<\/strong><\/p>\n<p>+ Asimetriskais protektora raksts gaitu padara klusu, gludu un komfortablu!<\/p>\n<p>+ Riepa, kas darin\u0101ta no augstas kvalit\u0101tes izejmateri\u0101liem!<\/p>\n<p>+ Zems degvielas pat\u0113ri\u0146\u0161!<\/p>\n<p>+ Samazin\u0101ts akvaplan\u0113\u0161anas risks!<\/p>\n<h3><strong>SKADI SP-901 galven\u0101s iez\u012bmes<\/strong><\/h3>\n<p>\u0160is ziemas riepu modelis apr\u012bkots ar asimetrisko protektora rakstu, kas sev\u012b apvieno lab\u0101k\u0101s virz\u012bt\u0101 un klasisk\u0101 stilu \u012bpa\u0161\u012bbas. Brauciens ar Austone SP-901 b\u016bs gluds, kluss un komfortabls.<\/p>\n<p>Asimetriski izvietotajos protektora blokos bl\u012bvi iestr\u0101d\u0101ti vair\u0101ki t\u016bksto\u0161i lamelu, kuras ar as\u0101m kant\u0113m iec\u0113rtas led\u016b, ar slideno virsmu veidojot cie\u0161u sa\u0137eri.\u00a0<\/p>\n","protected":false},"excerpt":{"rendered":"<p><strong>Austone SKADI SP-901<\/strong> ir ziemas riepu modelis, kas paredz\u0113ts vieglajiem auto un izce\u013cas ar sp\u0113ju adapt\u0113ties skarbiem brauk\u0161anas apst\u0101k\u013ciem.<\/p>\n","protected":false},"featured_media":1113021,"template":"","meta":{"_acf_changed":false,"ngg_post_thumbnail":0},"product_brand":[],"product_cat":[47,45],"product_tag":[],"class_list":{"0":"post-675289","1":"product","2":"type-product","3":"status-publish","4":"has-post-thumbnail","6":"product_cat-vissezonas-riepas","7":"product_cat-ziemas-riepas","9":"first","10":"instock","11":"sale","12":"taxable","13":"shipping-taxable","14":"purchasable","15":"product-type-simple"},"acf":[],"yoast_head":"<!-- This site is optimized with the Yoast SEO Premium plugin v22.6 (Yoast SEO v27.3) - https:\/\/yoast.com\/product\/yoast-seo-premium-wordpress\/ -->\n<title>165\/70R14 Austone SKADI SP-901 85T XL &#8226; MMK Riepas<\/title>\n<meta name=\"robots\" content=\"index, follow, max-snippet:-1, max-image-preview:large, max-video-preview:-1\" \/>\n<link rel=\"canonical\" href=\"https:\/\/mmkriepas.lv\/en\/p\/165-70r14-austone-sp-901-85t-xl\/\" \/>\n<meta property=\"og:locale\" content=\"en_US\" \/>\n<meta property=\"og:type\" content=\"article\" \/>\n<meta property=\"og:title\" content=\"165\/70R14 Austone SKADI SP-901 85T XL\" \/>\n<meta property=\"og:description\" content=\"Austone SKADI SP-901 ir ziemas riepu modelis, kas paredz\u0113ts vieglajiem auto un izce\u013cas ar sp\u0113ju adapt\u0113ties skarbiem brauk\u0161anas apst\u0101k\u013ciem.\" \/>\n<meta property=\"og:url\" content=\"https:\/\/mmkriepas.lv\/en\/p\/165-70r14-austone-sp-901-85t-xl\/\" \/>\n<meta property=\"og:site_name\" content=\"MMK Riepas\" \/>\n<meta property=\"article:publisher\" content=\"https:\/\/www.facebook.com\/mmkserviss\/\" \/>\n<meta property=\"article:modified_time\" content=\"2026-03-22T09:15:06+00:00\" \/>\n<meta property=\"og:image\" content=\"https:\/\/mmkriepas.lv\/wp-content\/uploads\/2024\/10\/AUSTONE-SKADI-SP-901.jpg\" \/>\n\t<meta property=\"og:image:width\" content=\"900\" \/>\n\t<meta property=\"og:image:height\" content=\"720\" \/>\n\t<meta property=\"og:image:type\" content=\"image\/jpeg\" \/>\n<meta name=\"twitter:card\" content=\"summary_large_image\" \/>\n<meta name=\"twitter:label1\" content=\"Price\" \/>\n\t<meta name=\"twitter:data1\" content=\"&euro;41.00\" \/>\n\t<meta name=\"twitter:label2\" content=\"Availability\" \/>\n\t<meta name=\"twitter:data2\" content=\"In stock\" \/>\n<script type=\"application\/ld+json\" class=\"yoast-schema-graph\">{\"@context\":\"https:\\\/\\\/schema.org\",\"@graph\":[{\"@type\":\"WebPage\",\"@id\":\"https:\\\/\\\/mmkriepas.lv\\\/en\\\/p\\\/165-70r14-austone-sp-901-85t-xl\\\/\",\"url\":\"https:\\\/\\\/mmkriepas.lv\\\/en\\\/p\\\/165-70r14-austone-sp-901-85t-xl\\\/\",\"name\":\"165\\\/70R14 Austone SKADI SP-901 85T XL &#8226; MMK Riepas\",\"isPartOf\":{\"@id\":\"https:\\\/\\\/mmkriepas.lv\\\/en\\\/#website\"},\"primaryImageOfPage\":{\"@id\":\"https:\\\/\\\/mmkriepas.lv\\\/en\\\/p\\\/165-70r14-austone-sp-901-85t-xl\\\/#primaryimage\"},\"image\":{\"@id\":\"https:\\\/\\\/mmkriepas.lv\\\/en\\\/p\\\/165-70r14-austone-sp-901-85t-xl\\\/#primaryimage\"},\"thumbnailUrl\":\"https:\\\/\\\/mmkriepas.lv\\\/wp-content\\\/uploads\\\/2024\\\/10\\\/AUSTONE-SKADI-SP-901.jpg\",\"datePublished\":\"2023-03-19T13:19:18+00:00\",\"dateModified\":\"2026-03-22T09:15:06+00:00\",\"breadcrumb\":{\"@id\":\"https:\\\/\\\/mmkriepas.lv\\\/en\\\/p\\\/165-70r14-austone-sp-901-85t-xl\\\/#breadcrumb\"},\"inLanguage\":\"en-US\",\"potentialAction\":[{\"@type\":\"ReadAction\",\"target\":[\"https:\\\/\\\/mmkriepas.lv\\\/en\\\/p\\\/165-70r14-austone-sp-901-85t-xl\\\/\"]}]},{\"@type\":\"ImageObject\",\"inLanguage\":\"en-US\",\"@id\":\"https:\\\/\\\/mmkriepas.lv\\\/en\\\/p\\\/165-70r14-austone-sp-901-85t-xl\\\/#primaryimage\",\"url\":\"https:\\\/\\\/mmkriepas.lv\\\/wp-content\\\/uploads\\\/2024\\\/10\\\/AUSTONE-SKADI-SP-901.jpg\",\"contentUrl\":\"https:\\\/\\\/mmkriepas.lv\\\/wp-content\\\/uploads\\\/2024\\\/10\\\/AUSTONE-SKADI-SP-901.jpg\",\"width\":900,\"height\":720,\"caption\":\"MAIN\"},{\"@type\":\"BreadcrumbList\",\"@id\":\"https:\\\/\\\/mmkriepas.lv\\\/en\\\/p\\\/165-70r14-austone-sp-901-85t-xl\\\/#breadcrumb\",\"itemListElement\":[{\"@type\":\"ListItem\",\"position\":1,\"name\":\"S\u0101kums\",\"item\":\"https:\\\/\\\/mmkriepas.lv\\\/en\\\/\"},{\"@type\":\"ListItem\",\"position\":2,\"name\":\"165\\\/70R14 Austone SKADI SP-901 85T XL\"}]},{\"@type\":\"WebSite\",\"@id\":\"https:\\\/\\\/mmkriepas.lv\\\/en\\\/#website\",\"url\":\"https:\\\/\\\/mmkriepas.lv\\\/en\\\/\",\"name\":\"MMK Riepas\",\"description\":\"MMK Riepas\",\"alternateName\":\"MMK Riepu Serviss\",\"potentialAction\":[{\"@type\":\"SearchAction\",\"target\":{\"@type\":\"EntryPoint\",\"urlTemplate\":\"https:\\\/\\\/mmkriepas.lv\\\/en\\\/?s={search_term_string}\"},\"query-input\":{\"@type\":\"PropertyValueSpecification\",\"valueRequired\":true,\"valueName\":\"search_term_string\"}}],\"inLanguage\":\"en-US\"},{\"@type\":\"ImageObject\",\"inLanguage\":\"en-US\",\"@id\":\"https:\\\/\\\/mmkriepas.lv\\\/en\\\/p\\\/165-70r14-austone-sp-901-85t-xl\\\/#local-main-organization-logo\",\"url\":\"\",\"contentUrl\":\"\",\"caption\":\"MMK Riepas\"}]}<\/script>\n<meta property=\"product:brand\" content=\"Austone SKADI SP-901\" \/>\n<meta property=\"product:price:amount\" content=\"41.00\" \/>\n<meta property=\"product:price:currency\" content=\"EUR\" \/>\n<meta property=\"og:availability\" content=\"instock\" \/>\n<meta property=\"product:availability\" content=\"instock\" \/>\n<meta property=\"product:retailer_item_id\" content=\"TW1657014Austo-E22786\" \/>\n<meta property=\"product:condition\" content=\"new\" \/>\n<!-- \/ Yoast SEO Premium plugin. -->","yoast_head_json":{"title":"165\/70R14 Austone SKADI SP-901 85T XL &#8226; MMK Riepas","robots":{"index":"index","follow":"follow","max-snippet":"max-snippet:-1","max-image-preview":"max-image-preview:large","max-video-preview":"max-video-preview:-1"},"canonical":"https:\/\/mmkriepas.lv\/en\/p\/165-70r14-austone-sp-901-85t-xl\/","og_locale":"en_US","og_type":"article","og_title":"165\/70R14 Austone SKADI SP-901 85T XL","og_description":"Austone SKADI SP-901 ir ziemas riepu modelis, kas paredz\u0113ts vieglajiem auto un izce\u013cas ar sp\u0113ju adapt\u0113ties skarbiem brauk\u0161anas apst\u0101k\u013ciem.","og_url":"https:\/\/mmkriepas.lv\/en\/p\/165-70r14-austone-sp-901-85t-xl\/","og_site_name":"MMK Riepas","article_publisher":"https:\/\/www.facebook.com\/mmkserviss\/","article_modified_time":"2026-03-22T09:15:06+00:00","og_image":[{"width":900,"height":720,"url":"https:\/\/mmkriepas.lv\/wp-content\/uploads\/2024\/10\/AUSTONE-SKADI-SP-901.jpg","type":"image\/jpeg"}],"twitter_card":"summary_large_image","twitter_misc":{"Price":"&euro;41.00","Availability":"In stock"},"schema":{"@context":"https:\/\/schema.org","@graph":[{"@type":"WebPage","@id":"https:\/\/mmkriepas.lv\/en\/p\/165-70r14-austone-sp-901-85t-xl\/","url":"https:\/\/mmkriepas.lv\/en\/p\/165-70r14-austone-sp-901-85t-xl\/","name":"165\/70R14 Austone SKADI SP-901 85T XL &#8226; MMK Riepas","isPartOf":{"@id":"https:\/\/mmkriepas.lv\/en\/#website"},"primaryImageOfPage":{"@id":"https:\/\/mmkriepas.lv\/en\/p\/165-70r14-austone-sp-901-85t-xl\/#primaryimage"},"image":{"@id":"https:\/\/mmkriepas.lv\/en\/p\/165-70r14-austone-sp-901-85t-xl\/#primaryimage"},"thumbnailUrl":"https:\/\/mmkriepas.lv\/wp-content\/uploads\/2024\/10\/AUSTONE-SKADI-SP-901.jpg","datePublished":"2023-03-19T13:19:18+00:00","dateModified":"2026-03-22T09:15:06+00:00","breadcrumb":{"@id":"https:\/\/mmkriepas.lv\/en\/p\/165-70r14-austone-sp-901-85t-xl\/#breadcrumb"},"inLanguage":"en-US","potentialAction":[{"@type":"ReadAction","target":["https:\/\/mmkriepas.lv\/en\/p\/165-70r14-austone-sp-901-85t-xl\/"]}]},{"@type":"ImageObject","inLanguage":"en-US","@id":"https:\/\/mmkriepas.lv\/en\/p\/165-70r14-austone-sp-901-85t-xl\/#primaryimage","url":"https:\/\/mmkriepas.lv\/wp-content\/uploads\/2024\/10\/AUSTONE-SKADI-SP-901.jpg","contentUrl":"https:\/\/mmkriepas.lv\/wp-content\/uploads\/2024\/10\/AUSTONE-SKADI-SP-901.jpg","width":900,"height":720,"caption":"MAIN"},{"@type":"BreadcrumbList","@id":"https:\/\/mmkriepas.lv\/en\/p\/165-70r14-austone-sp-901-85t-xl\/#breadcrumb","itemListElement":[{"@type":"ListItem","position":1,"name":"S\u0101kums","item":"https:\/\/mmkriepas.lv\/en\/"},{"@type":"ListItem","position":2,"name":"165\/70R14 Austone SKADI SP-901 85T XL"}]},{"@type":"WebSite","@id":"https:\/\/mmkriepas.lv\/en\/#website","url":"https:\/\/mmkriepas.lv\/en\/","name":"MMK Riepas","description":"MMK Riepas","alternateName":"MMK Riepu Serviss","potentialAction":[{"@type":"SearchAction","target":{"@type":"EntryPoint","urlTemplate":"https:\/\/mmkriepas.lv\/en\/?s={search_term_string}"},"query-input":{"@type":"PropertyValueSpecification","valueRequired":true,"valueName":"search_term_string"}}],"inLanguage":"en-US"},{"@type":"ImageObject","inLanguage":"en-US","@id":"https:\/\/mmkriepas.lv\/en\/p\/165-70r14-austone-sp-901-85t-xl\/#local-main-organization-logo","url":"","contentUrl":"","caption":"MMK Riepas"}]},"product_brand":"Austone SKADI SP-901","product_price_amount":"41.00","product_price_currency":"EUR","og_availability":"instock","product_availability":"instock","product_retailer_item_id":"TW1657014Austo-E22786","product_condition":"new"},"_links":{"self":[{"href":"https:\/\/mmkriepas.lv\/en\/wp-json\/wp\/v2\/product\/675289","targetHints":{"allow":["GET"]}}],"collection":[{"href":"https:\/\/mmkriepas.lv\/en\/wp-json\/wp\/v2\/product"}],"about":[{"href":"https:\/\/mmkriepas.lv\/en\/wp-json\/wp\/v2\/types\/product"}],"wp:featuredmedia":[{"embeddable":true,"href":"https:\/\/mmkriepas.lv\/en\/wp-json\/wp\/v2\/media\/1113021"}],"wp:attachment":[{"href":"https:\/\/mmkriepas.lv\/en\/wp-json\/wp\/v2\/media?parent=675289"}],"wp:term":[{"taxonomy":"product_brand","embeddable":true,"href":"https:\/\/mmkriepas.lv\/en\/wp-json\/wp\/v2\/product_brand?post=675289"},{"taxonomy":"product_cat","embeddable":true,"href":"https:\/\/mmkriepas.lv\/en\/wp-json\/wp\/v2\/product_cat?post=675289"},{"taxonomy":"product_tag","embeddable":true,"href":"https:\/\/mmkriepas.lv\/en\/wp-json\/wp\/v2\/product_tag?post=675289"}],"curies":[{"name":"wp","href":"https:\/\/api.w.org\/{rel}","templated":true}]}}