{"id":673091,"date":"2023-03-17T17:24:09","date_gmt":"2023-03-17T15:24:09","guid":{"rendered":"https:\/\/mmkserviss.lv\/?post_type=product&#038;p=673091"},"modified":"2025-02-13T00:06:36","modified_gmt":"2025-02-12T22:06:36","slug":"235-65r18-doublestar-ds01-110h-3","status":"publish","type":"product","link":"https:\/\/mmkriepas.lv\/en\/p\/235-65r18-doublestar-ds01-110h-3\/","title":{"rendered":"235\/65R18 Doublestar DS01 110H"},"content":{"rendered":"<p style=\"margin: 12.0pt 0cm 12.0pt 0cm;\"><b><span style=\"font-size: 11.0pt; font-family: 'Arial',sans-serif; color: black;\">Doublestar DS01 <\/span><\/b><span style=\"white-space: pre-wrap;\"><span style=\"font-size: 11.0pt; font-family: 'Arial',sans-serif; color: black;\">&#8211; vasaras riepas, kas izce\u013cas ar teicamu sa\u0137eri uz sausa un slapja asfalta, k\u0101 ar\u012b uz grants ce\u013ciem. Riepu modelis paredz\u0113ts krosoveriem un apvidus jeb SUV automa\u0161\u012bn\u0101m.<\/span><\/span><o:p><\/o:p><\/p>\n<h3 style=\"margin: 14.0pt 0cm 4.0pt 0cm;\"><span style=\"white-space: pre-wrap;\"><span style=\"font-size: 13.0pt; font-family: 'Arial',sans-serif; color: black;\">Doublestar DS01 galven\u0101s \u012bpa\u0161\u012bbas<\/span><\/span><o:p><\/o:p><\/h3>\n<p style=\"margin: 12.0pt 0cm 12.0pt 0cm;\"><span style=\"white-space: pre-wrap;\"><span style=\"font-size: 11.0pt; font-family: 'Arial',sans-serif; color: black;\">+ Augstas sa\u0137eres \u012bpa\u0161\u012bbas gan uz sausa, gan slapja asfalta, k\u0101 ar\u012b uz grants ce\u013ciem.<\/span><\/span><o:p><\/o:p><\/p>\n<p style=\"margin: 12.0pt 0cm 12.0pt 0cm;\"><span style=\"white-space: pre-wrap;\"><span style=\"font-size: 11.0pt; font-family: 'Arial',sans-serif; color: black;\">+ Degvielas ekonomija.<\/span><\/span><o:p><\/o:p><\/p>\n<p style=\"margin: 12.0pt 0cm 12.0pt 0cm;\"><span style=\"white-space: pre-wrap;\"><span style=\"font-size: 11.0pt; font-family: 'Arial',sans-serif; color: black;\">+ Palielin\u0101ta nodilumiztur\u012bba.<\/span><\/span><o:p><\/o:p><\/p>\n<p style=\"margin: 12.0pt 0cm 12.0pt 0cm;\"><span style=\"white-space: pre-wrap;\"><span style=\"font-size: 11.0pt; font-family: 'Arial',sans-serif; color: black;\">+ Samazin\u0101ts akvaplan\u0113\u0161anas risks.<\/span><\/span><o:p><\/o:p><\/p>\n<p style=\"margin: 12.0pt 0cm 12.0pt 0cm;\"><span style=\"white-space: pre-wrap;\"><span style=\"font-size: 11.0pt; font-family: 'Arial',sans-serif; color: black;\">+ Riepas paredz\u0113tas tie\u0161i apvidus jeb SUV automa\u0161\u012bn\u0101m.<\/span><\/span><o:p><\/o:p><\/p>\n<h3 style=\"margin: 14.0pt 0cm 4.0pt 0cm;\"><span style=\"white-space: pre-wrap;\"><span style=\"font-size: 13.0pt; font-family: 'Arial',sans-serif; color: black;\">DS01 apr\u012bkojums<\/span><\/span><o:p><\/o:p><\/h3>\n<p style=\"margin: 12.0pt 0cm 12.0pt 0cm;\"><span style=\"white-space: pre-wrap;\"><b><span style=\"font-size: 11.0pt; font-family: 'Arial',sans-serif; color: black;\">Doublestar DS01 <\/span><\/b><\/span><span style=\"white-space: pre-wrap;\"><span style=\"font-size: 11.0pt; font-family: 'Arial',sans-serif; color: black;\">apr\u012bkotas ar vasaras riep\u0101m rakstur\u012bgu asimetrisko protektora rakstu, kas papildin\u0101ts ar palielin\u0101tu dren\u0101\u017eas kan\u0101lu skaitu. T\u0101 gareniskaj\u0101s protektora josl\u0101s iestr\u0101d\u0101tie iegriezumi ne tikai samazina akvaplan\u0113\u0161as risku, bet ar\u012b uzlabo sa\u0137eri, braucot pa grants ce\u013ciem.<\/span><\/span><o:p><\/o:p><\/p>\n<p style=\"margin: 12.0pt 0cm 12.0pt 0cm;\"><span style=\"white-space: pre-wrap;\"><span style=\"font-size: 11.0pt; font-family: 'Arial',sans-serif; color: black;\">Riepas izgatavotas no nodilumiztur\u012bga gumijas sakaus\u0113juma. T\u0101 sast\u0101vam pievienotie elastrom\u0113ri ne tikai pal\u012bdz veidot sa\u0137eri ar asfaltu, bet ar\u012b sl\u0101p\u0113 ska\u0146u un padara riepas nodilumiztur\u012bg\u0101kas.<\/span><\/span><\/p>\n","protected":false},"excerpt":{"rendered":"<p><b><span style=\"font-size: 11.0pt; font-family: 'Arial',sans-serif; color: black;\">Doublestar DS01 <\/span><\/b><span style=\"white-space: pre-wrap;\"><span style=\"font-size: 11.0pt; font-family: 'Arial',sans-serif; color: black;\">&#8211; vasaras riepas, kas izce\u013cas ar teicamu sa\u0137eri uz sausa un slapja asfalta, k\u0101 ar\u012b uz grants ce\u013ciem. Riepu modelis paredz\u0113ts krosoveriem un apvidus jeb SUV automa\u0161\u012bn\u0101m.<\/span><\/span><\/p>\n","protected":false},"featured_media":666523,"template":"","meta":{"_acf_changed":false,"ngg_post_thumbnail":0},"product_brand":[],"product_cat":[46],"product_tag":[],"class_list":{"0":"post-673091","1":"product","2":"type-product","3":"status-publish","4":"has-post-thumbnail","6":"product_cat-vasaras-riepas","8":"first","9":"outofstock","10":"sale","11":"taxable","12":"shipping-taxable","13":"product-type-simple"},"acf":[],"yoast_head":"<!-- This site is optimized with the Yoast SEO Premium plugin v22.6 (Yoast SEO v27.3) - https:\/\/yoast.com\/product\/yoast-seo-premium-wordpress\/ -->\n<title>235\/65R18 Doublestar DS01 110H &#8226; MMK Riepas<\/title>\n<meta name=\"robots\" content=\"index, follow, max-snippet:-1, max-image-preview:large, max-video-preview:-1\" \/>\n<link rel=\"canonical\" href=\"https:\/\/mmkriepas.lv\/en\/p\/235-65r18-doublestar-ds01-110h-3\/\" \/>\n<meta property=\"og:locale\" content=\"en_US\" \/>\n<meta property=\"og:type\" content=\"article\" \/>\n<meta property=\"og:title\" content=\"235\/65R18 Doublestar DS01 110H\" \/>\n<meta property=\"og:description\" content=\"Doublestar DS01 - vasaras riepas, kas izce\u013cas ar teicamu sa\u0137eri uz sausa un slapja asfalta, k\u0101 ar\u012b uz grants ce\u013ciem. Riepu modelis paredz\u0113ts krosoveriem un apvidus jeb SUV automa\u0161\u012bn\u0101m.\" \/>\n<meta property=\"og:url\" content=\"https:\/\/mmkriepas.lv\/en\/p\/235-65r18-doublestar-ds01-110h-3\/\" \/>\n<meta property=\"og:site_name\" content=\"MMK Riepas\" \/>\n<meta property=\"article:publisher\" content=\"https:\/\/www.facebook.com\/mmkserviss\/\" \/>\n<meta property=\"article:modified_time\" content=\"2025-02-12T22:06:36+00:00\" \/>\n<meta property=\"og:image\" content=\"https:\/\/mmkriepas.lv\/wp-content\/uploads\/2023\/03\/22560r17-doublestar-ds01-99h-vasaras-riepas-ziemas-riepas.jpeg\" \/>\n\t<meta property=\"og:image:width\" content=\"1600\" \/>\n\t<meta property=\"og:image:height\" content=\"1200\" \/>\n\t<meta property=\"og:image:type\" content=\"image\/jpeg\" \/>\n<meta name=\"twitter:card\" content=\"summary_large_image\" \/>\n<meta name=\"twitter:label1\" content=\"Price\" \/>\n\t<meta name=\"twitter:data1\" content=\"&euro;74.00\" \/>\n\t<meta name=\"twitter:label2\" content=\"Availability\" \/>\n\t<meta name=\"twitter:data2\" content=\"Out of stock\" \/>\n<script type=\"application\/ld+json\" class=\"yoast-schema-graph\">{\"@context\":\"https:\\\/\\\/schema.org\",\"@graph\":[{\"@type\":\"WebPage\",\"@id\":\"https:\\\/\\\/mmkriepas.lv\\\/en\\\/p\\\/235-65r18-doublestar-ds01-110h-3\\\/\",\"url\":\"https:\\\/\\\/mmkriepas.lv\\\/en\\\/p\\\/235-65r18-doublestar-ds01-110h-3\\\/\",\"name\":\"235\\\/65R18 Doublestar DS01 110H &#8226; MMK Riepas\",\"isPartOf\":{\"@id\":\"https:\\\/\\\/mmkriepas.lv\\\/en\\\/#website\"},\"primaryImageOfPage\":{\"@id\":\"https:\\\/\\\/mmkriepas.lv\\\/en\\\/p\\\/235-65r18-doublestar-ds01-110h-3\\\/#primaryimage\"},\"image\":{\"@id\":\"https:\\\/\\\/mmkriepas.lv\\\/en\\\/p\\\/235-65r18-doublestar-ds01-110h-3\\\/#primaryimage\"},\"thumbnailUrl\":\"https:\\\/\\\/mmkriepas.lv\\\/wp-content\\\/uploads\\\/2023\\\/03\\\/22560r17-doublestar-ds01-99h-vasaras-riepas-ziemas-riepas.jpeg\",\"datePublished\":\"2023-03-17T15:24:09+00:00\",\"dateModified\":\"2025-02-12T22:06:36+00:00\",\"breadcrumb\":{\"@id\":\"https:\\\/\\\/mmkriepas.lv\\\/en\\\/p\\\/235-65r18-doublestar-ds01-110h-3\\\/#breadcrumb\"},\"inLanguage\":\"en-US\",\"potentialAction\":[{\"@type\":\"ReadAction\",\"target\":[\"https:\\\/\\\/mmkriepas.lv\\\/en\\\/p\\\/235-65r18-doublestar-ds01-110h-3\\\/\"]}]},{\"@type\":\"ImageObject\",\"inLanguage\":\"en-US\",\"@id\":\"https:\\\/\\\/mmkriepas.lv\\\/en\\\/p\\\/235-65r18-doublestar-ds01-110h-3\\\/#primaryimage\",\"url\":\"https:\\\/\\\/mmkriepas.lv\\\/wp-content\\\/uploads\\\/2023\\\/03\\\/22560r17-doublestar-ds01-99h-vasaras-riepas-ziemas-riepas.jpeg\",\"contentUrl\":\"https:\\\/\\\/mmkriepas.lv\\\/wp-content\\\/uploads\\\/2023\\\/03\\\/22560r17-doublestar-ds01-99h-vasaras-riepas-ziemas-riepas.jpeg\",\"width\":1600,\"height\":1200,\"caption\":\"225\\\/60R17 Doublestar DS01 99H - Vasaras riepas \\\/ Vissezonas riepas \\\/ Ziemas riepas\"},{\"@type\":\"BreadcrumbList\",\"@id\":\"https:\\\/\\\/mmkriepas.lv\\\/en\\\/p\\\/235-65r18-doublestar-ds01-110h-3\\\/#breadcrumb\",\"itemListElement\":[{\"@type\":\"ListItem\",\"position\":1,\"name\":\"S\u0101kums\",\"item\":\"https:\\\/\\\/mmkriepas.lv\\\/en\\\/\"},{\"@type\":\"ListItem\",\"position\":2,\"name\":\"235\\\/65R18 Doublestar DS01 110H\"}]},{\"@type\":\"WebSite\",\"@id\":\"https:\\\/\\\/mmkriepas.lv\\\/en\\\/#website\",\"url\":\"https:\\\/\\\/mmkriepas.lv\\\/en\\\/\",\"name\":\"MMK Riepas\",\"description\":\"MMK Riepas\",\"alternateName\":\"MMK Riepu Serviss\",\"potentialAction\":[{\"@type\":\"SearchAction\",\"target\":{\"@type\":\"EntryPoint\",\"urlTemplate\":\"https:\\\/\\\/mmkriepas.lv\\\/en\\\/?s={search_term_string}\"},\"query-input\":{\"@type\":\"PropertyValueSpecification\",\"valueRequired\":true,\"valueName\":\"search_term_string\"}}],\"inLanguage\":\"en-US\"},{\"@type\":\"ImageObject\",\"inLanguage\":\"en-US\",\"@id\":\"https:\\\/\\\/mmkriepas.lv\\\/en\\\/p\\\/235-65r18-doublestar-ds01-110h-3\\\/#local-main-organization-logo\",\"url\":\"\",\"contentUrl\":\"\",\"caption\":\"MMK Riepas\"}]}<\/script>\n<meta property=\"product:brand\" content=\"Doublestar DS01\" \/>\n<meta property=\"product:price:amount\" content=\"74.00\" \/>\n<meta property=\"product:price:currency\" content=\"EUR\" \/>\n<meta property=\"og:availability\" content=\"out of stock\" \/>\n<meta property=\"product:availability\" content=\"out of stock\" \/>\n<meta property=\"product:retailer_item_id\" content=\"TS2356518DOUBL-22319\" \/>\n<meta property=\"product:condition\" content=\"new\" \/>\n<!-- \/ Yoast SEO Premium plugin. -->","yoast_head_json":{"title":"235\/65R18 Doublestar DS01 110H &#8226; MMK Riepas","robots":{"index":"index","follow":"follow","max-snippet":"max-snippet:-1","max-image-preview":"max-image-preview:large","max-video-preview":"max-video-preview:-1"},"canonical":"https:\/\/mmkriepas.lv\/en\/p\/235-65r18-doublestar-ds01-110h-3\/","og_locale":"en_US","og_type":"article","og_title":"235\/65R18 Doublestar DS01 110H","og_description":"Doublestar DS01 - vasaras riepas, kas izce\u013cas ar teicamu sa\u0137eri uz sausa un slapja asfalta, k\u0101 ar\u012b uz grants ce\u013ciem. Riepu modelis paredz\u0113ts krosoveriem un apvidus jeb SUV automa\u0161\u012bn\u0101m.","og_url":"https:\/\/mmkriepas.lv\/en\/p\/235-65r18-doublestar-ds01-110h-3\/","og_site_name":"MMK Riepas","article_publisher":"https:\/\/www.facebook.com\/mmkserviss\/","article_modified_time":"2025-02-12T22:06:36+00:00","og_image":[{"width":1600,"height":1200,"url":"https:\/\/mmkriepas.lv\/wp-content\/uploads\/2023\/03\/22560r17-doublestar-ds01-99h-vasaras-riepas-ziemas-riepas.jpeg","type":"image\/jpeg"}],"twitter_card":"summary_large_image","twitter_misc":{"Price":"&euro;74.00","Availability":"Out of stock"},"schema":{"@context":"https:\/\/schema.org","@graph":[{"@type":"WebPage","@id":"https:\/\/mmkriepas.lv\/en\/p\/235-65r18-doublestar-ds01-110h-3\/","url":"https:\/\/mmkriepas.lv\/en\/p\/235-65r18-doublestar-ds01-110h-3\/","name":"235\/65R18 Doublestar DS01 110H &#8226; MMK Riepas","isPartOf":{"@id":"https:\/\/mmkriepas.lv\/en\/#website"},"primaryImageOfPage":{"@id":"https:\/\/mmkriepas.lv\/en\/p\/235-65r18-doublestar-ds01-110h-3\/#primaryimage"},"image":{"@id":"https:\/\/mmkriepas.lv\/en\/p\/235-65r18-doublestar-ds01-110h-3\/#primaryimage"},"thumbnailUrl":"https:\/\/mmkriepas.lv\/wp-content\/uploads\/2023\/03\/22560r17-doublestar-ds01-99h-vasaras-riepas-ziemas-riepas.jpeg","datePublished":"2023-03-17T15:24:09+00:00","dateModified":"2025-02-12T22:06:36+00:00","breadcrumb":{"@id":"https:\/\/mmkriepas.lv\/en\/p\/235-65r18-doublestar-ds01-110h-3\/#breadcrumb"},"inLanguage":"en-US","potentialAction":[{"@type":"ReadAction","target":["https:\/\/mmkriepas.lv\/en\/p\/235-65r18-doublestar-ds01-110h-3\/"]}]},{"@type":"ImageObject","inLanguage":"en-US","@id":"https:\/\/mmkriepas.lv\/en\/p\/235-65r18-doublestar-ds01-110h-3\/#primaryimage","url":"https:\/\/mmkriepas.lv\/wp-content\/uploads\/2023\/03\/22560r17-doublestar-ds01-99h-vasaras-riepas-ziemas-riepas.jpeg","contentUrl":"https:\/\/mmkriepas.lv\/wp-content\/uploads\/2023\/03\/22560r17-doublestar-ds01-99h-vasaras-riepas-ziemas-riepas.jpeg","width":1600,"height":1200,"caption":"225\/60R17 Doublestar DS01 99H - Vasaras riepas \/ Vissezonas riepas \/ Ziemas riepas"},{"@type":"BreadcrumbList","@id":"https:\/\/mmkriepas.lv\/en\/p\/235-65r18-doublestar-ds01-110h-3\/#breadcrumb","itemListElement":[{"@type":"ListItem","position":1,"name":"S\u0101kums","item":"https:\/\/mmkriepas.lv\/en\/"},{"@type":"ListItem","position":2,"name":"235\/65R18 Doublestar DS01 110H"}]},{"@type":"WebSite","@id":"https:\/\/mmkriepas.lv\/en\/#website","url":"https:\/\/mmkriepas.lv\/en\/","name":"MMK Riepas","description":"MMK Riepas","alternateName":"MMK Riepu Serviss","potentialAction":[{"@type":"SearchAction","target":{"@type":"EntryPoint","urlTemplate":"https:\/\/mmkriepas.lv\/en\/?s={search_term_string}"},"query-input":{"@type":"PropertyValueSpecification","valueRequired":true,"valueName":"search_term_string"}}],"inLanguage":"en-US"},{"@type":"ImageObject","inLanguage":"en-US","@id":"https:\/\/mmkriepas.lv\/en\/p\/235-65r18-doublestar-ds01-110h-3\/#local-main-organization-logo","url":"","contentUrl":"","caption":"MMK Riepas"}]},"product_brand":"Doublestar DS01","product_price_amount":"74.00","product_price_currency":"EUR","og_availability":"out of stock","product_availability":"out of stock","product_retailer_item_id":"TS2356518DOUBL-22319","product_condition":"new"},"_links":{"self":[{"href":"https:\/\/mmkriepas.lv\/en\/wp-json\/wp\/v2\/product\/673091","targetHints":{"allow":["GET"]}}],"collection":[{"href":"https:\/\/mmkriepas.lv\/en\/wp-json\/wp\/v2\/product"}],"about":[{"href":"https:\/\/mmkriepas.lv\/en\/wp-json\/wp\/v2\/types\/product"}],"wp:featuredmedia":[{"embeddable":true,"href":"https:\/\/mmkriepas.lv\/en\/wp-json\/wp\/v2\/media\/666523"}],"wp:attachment":[{"href":"https:\/\/mmkriepas.lv\/en\/wp-json\/wp\/v2\/media?parent=673091"}],"wp:term":[{"taxonomy":"product_brand","embeddable":true,"href":"https:\/\/mmkriepas.lv\/en\/wp-json\/wp\/v2\/product_brand?post=673091"},{"taxonomy":"product_cat","embeddable":true,"href":"https:\/\/mmkriepas.lv\/en\/wp-json\/wp\/v2\/product_cat?post=673091"},{"taxonomy":"product_tag","embeddable":true,"href":"https:\/\/mmkriepas.lv\/en\/wp-json\/wp\/v2\/product_tag?post=673091"}],"curies":[{"name":"wp","href":"https:\/\/api.w.org\/{rel}","templated":true}]}}