{"id":672000,"date":"2023-03-15T16:33:39","date_gmt":"2023-03-15T14:33:39","guid":{"rendered":"https:\/\/mmkserviss.lv\/?post_type=product&#038;p=672000"},"modified":"2025-05-07T12:49:01","modified_gmt":"2025-05-07T09:49:01","slug":"215-65r16c-goodyear-efficientgrip-cargo-109-107t","status":"publish","type":"product","link":"https:\/\/mmkriepas.lv\/en\/p\/215-65r16c-goodyear-efficientgrip-cargo-109-107t\/","title":{"rendered":"215\/65R16C Goodyear EfficientGrip Cargo 109\/107T"},"content":{"rendered":"<p style=\"margin: 12.0pt 0cm 12.0pt 0cm;\"><b><span style=\"font-size: 11.0pt; font-family: 'Arial',sans-serif; color: black;\">Goodyear EfficientGrip Cargo <\/span><\/b><span style=\"white-space: pre-wrap;\"><span style=\"font-size: 11.0pt; font-family: 'Arial',sans-serif; color: black;\">ir premium klases vasaras komerctransporta jeb busu riepas. Izce\u013cas ar palielin\u0101tiem kravnes\u012bbas, nodilumiztur\u012bbas, ekonomijas un brauk\u0161anas komforta r\u0101d\u012bt\u0101jiem.<\/span><\/span><u1:p><\/u1:p><o:p><\/o:p><\/p>\n<h3 style=\"margin: 14.0pt 0cm 4.0pt 0cm;\"><span style=\"white-space: pre-wrap;\"><span style=\"font-size: 13.0pt; font-family: 'Arial',sans-serif; color: black;\">EfficientGrip Cargo galven\u0101s iez\u012bmes<\/span><\/span><u1:p><\/u1:p><o:p><\/o:p><\/h3>\n<p style=\"margin: 12.0pt 0cm 12.0pt 0cm;\"><span style=\"white-space: pre-wrap;\"><span style=\"font-size: 11.0pt; font-family: 'Arial',sans-serif; color: black;\">+ <\/span><span style=\"font-size: 11.0pt; font-family: 'Arial',sans-serif; color: #212529; background: white;\">Jauna gumijas mais\u012bjuma tehnolo\u0123ija, kas palielina nodilumiztur\u012bbu un nobraukumu un uzlabo bremz\u0113\u0161anas efektivit\u0101ti.<\/span><o:p><\/o:p><\/span><\/p>\n<p style=\"margin: 12.0pt 0cm 12.0pt 0cm;\"><span style=\"white-space: pre-wrap;\"><span style=\"font-size: 11.0pt; font-family: 'Arial',sans-serif; color: black;\">+ Lieli kravnes\u012bbas indeksi, kas at\u013cauj smagas kravas p\u0101rvad\u0101t pat intens\u012bvas ekspluat\u0101cijas apst\u0101k\u013cos.<\/span><\/span><u1:p><\/u1:p><o:p><\/o:p><\/p>\n<p style=\"margin: 12.0pt 0cm 12.0pt 0cm;\"><span style=\"white-space: pre-wrap;\"><span style=\"font-size: 11.0pt; font-family: 'Arial',sans-serif; color: black;\">+ Degvielas ekonomija!<\/span><\/span><u1:p><\/u1:p><o:p><\/o:p><\/p>\n<p style=\"margin: 12.0pt 0cm 12.0pt 0cm;\"><span style=\"white-space: pre-wrap;\"><span style=\"font-size: 11.0pt; font-family: 'Arial',sans-serif; color: black;\">+ \u013boti labs akustiskais un brauk\u0161anas gaitas komforts.<\/span><\/span><u1:p><\/u1:p><o:p><\/o:p><\/p>\n<p style=\"margin: 12.0pt 0cm 12.0pt 0cm;\"><span style=\"white-space: pre-wrap;\"><span style=\"font-size: 11.0pt; font-family: 'Arial',sans-serif; color: black;\">+ Labas sa\u0137eres \u012bpa\u0161\u012bbas gan uz sausa, gan slapja asfalta.<\/span><\/span><u1:p><\/u1:p><o:p><\/o:p><\/p>\n<p style=\"margin: 12.0pt 0cm 12.0pt 0cm;\"><span style=\"white-space: pre-wrap;\"><span style=\"font-size: 11.0pt; font-family: 'Arial',sans-serif; color: black;\">+ Zems akvaplan\u0113\u0161anas risks.<\/span><\/span><u1:p><\/u1:p><o:p><\/o:p><\/p>\n<h3 style=\"margin: 14.0pt 0cm 4.0pt 0cm;\"><span style=\"white-space: pre-wrap;\"><span style=\"font-size: 13.0pt; font-family: 'Arial',sans-serif; color: black;\">EfficientGrip Cargo apr\u012bkojums<\/span><\/span><u1:p><\/u1:p><o:p><\/o:p><\/h3>\n<p style=\"margin: 12.0pt 0cm 12.0pt 0cm;\"><span style=\"white-space: pre-wrap;\"><b><span style=\"font-size: 11.0pt; font-family: 'Arial',sans-serif; color: black;\">Goodyear EfficientGrip Cargo <\/span><\/b><\/span><span style=\"white-space: pre-wrap;\"><span style=\"font-size: 11.0pt; font-family: 'Arial',sans-serif; color: black;\">vasaras c indeksa jeb busu riepas apr\u012bkotas ar unik\u0101lu simetrisku protektora dizainu. \u0160\u0101ds protektora raksts izv\u0113l\u0113ts, lai, saglab\u0101jot kravnes\u012bbas \u012bpa\u0161\u012bbas, maksim\u0101li pietuvin\u0101tu \u0161o riepu modeli vasaras riepu ekonomijai un dro\u0161\u012bbas l\u012bmenim.<\/span><\/span><u1:p><\/u1:p><o:p><\/o:p><\/p>\n<p style=\"background: white; margin: 0cm 0cm 11.25pt 0cm;\"><span style=\"white-space: pre-wrap;\"><span style=\"font-size: 11.0pt; font-family: 'Arial',sans-serif; color: black;\">Starp simetriskaj\u0101m protektora virkn\u0113m izvietoti 3 gareniskie izvadkan\u0101li. Tie \u0101tri un efekt\u012bvi atbr\u012bvo riepu kontakta virsmu ar ce\u013cu no \u016bdens, samazinot akvaplan\u0113\u0161anas risku. <\/span><span style=\"font-size: 11.0pt; font-family: 'Arial',sans-serif; color: #212529;\">Liel\u0101ks saskares laukums un \u0161auras radi\u0101l\u0101s rievas nodro\u0161ina lab\u0101ku sa\u0137eri uz slapjas ce\u013ca virsmas un nodro\u0161ina maz\u0101ku troksni.<\/span><span style=\"font-family: 'Arial',sans-serif; color: #212529;\"><o:p><\/o:p><\/span><\/span><\/p>\n<p style=\"background: white; margin: 0cm 0cm 11.25pt 0cm;\"><span style=\"font-size: 11.0pt; font-family: 'Arial',sans-serif; color: black;\">K\u0101 min\u0113ts, p\u0113c ra\u017eot\u0101ja datiem, \u0161is riepu modelis sp\u0113j nokalpot pat l\u012bdz pat 10\u00a0000km ilg\u0101k. Tas pan\u0101kts, riepu gumijas sast\u0101vam pievinojot jaun\u0101kos \u0137\u012bmiski tehnolo\u0123iskos elementus. Papildus <\/span><span style=\"font-size: 11.0pt; font-family: 'Arial',sans-serif; color: #212529;\">dzes\u0113jo\u0161s amortiz\u0101cijas sl\u0101nis un optimiz\u0113ta konstrukcija nodro\u0161ina maz\u0101ka siltuma rad\u012b\u0161anu un maz\u0101ku rites pretest\u012bbu.<o:p><\/o:p><\/span><\/p>\n<p style=\"margin: 12.0pt 0cm 12.0pt 0cm;\"><span style=\"font-size: 11.0pt; font-family: 'Arial',sans-serif; color: black;\">K\u0101 v\u0113lviens no \u0161\u012b riepu mode\u013ca ilgtsp\u0113j\u012bbas st\u016brakme\u0146iem ir to karkass. Tas pastiprin\u0101ts ar papildus kordu jeb brekera sl\u0101\u0146iem, vienlaikus uzlabojot kravnes\u012bbu un pasarg\u0101jot riepu no triecieniem.<\/span><o:p><\/o:p><\/p>\n","protected":false},"excerpt":{"rendered":"<p style=\"margin: 12.0pt 0cm 12.0pt 0cm;\"><b><span style=\"font-size: 11.0pt; font-family: 'Arial',sans-serif; color: black;\">Goodyear EfficientGrip Cargo <\/span><\/b><span style=\"white-space: pre-wrap;\"><span style=\"font-size: 11.0pt; font-family: 'Arial',sans-serif; color: black;\">ir premium klases vasaras komerctransporta jeb busu riepas. Izce\u013cas ar palielin\u0101tiem kravnes\u012bbas, nodilumiztur\u012bbas, ekonomijas un brauk\u0161anas komforta r\u0101d\u012bt\u0101jiem.<\/span><\/span><u1:p><\/u1:p><o:p><\/o:p><\/p><\/p>\n","protected":false},"featured_media":1227969,"template":"","meta":{"_acf_changed":false,"ngg_post_thumbnail":0},"product_brand":[],"product_cat":[46],"product_tag":[],"class_list":{"0":"post-672000","1":"product","2":"type-product","3":"status-publish","4":"has-post-thumbnail","6":"product_cat-vasaras-riepas","8":"first","9":"outofstock","10":"sale","11":"taxable","12":"shipping-taxable","13":"product-type-simple"},"acf":[],"yoast_head":"<!-- This site is optimized with the Yoast SEO Premium plugin v22.6 (Yoast SEO v27.3) - https:\/\/yoast.com\/product\/yoast-seo-premium-wordpress\/ -->\n<title>215\/65R16C Goodyear EfficientGrip Cargo 109\/107T &#8226; MMK Riepas<\/title>\n<meta name=\"robots\" content=\"index, follow, max-snippet:-1, max-image-preview:large, max-video-preview:-1\" \/>\n<link rel=\"canonical\" href=\"https:\/\/mmkriepas.lv\/en\/p\/215-65r16c-goodyear-efficientgrip-cargo-109-107t\/\" \/>\n<meta property=\"og:locale\" content=\"en_US\" \/>\n<meta property=\"og:type\" content=\"article\" \/>\n<meta property=\"og:title\" content=\"215\/65R16C Goodyear EfficientGrip Cargo 109\/107T\" \/>\n<meta property=\"og:description\" content=\"Goodyear EfficientGrip Cargo ir premium klases vasaras komerctransporta jeb busu riepas. Izce\u013cas ar palielin\u0101tiem kravnes\u012bbas, nodilumiztur\u012bbas, ekonomijas un brauk\u0161anas komforta r\u0101d\u012bt\u0101jiem.\" \/>\n<meta property=\"og:url\" content=\"https:\/\/mmkriepas.lv\/en\/p\/215-65r16c-goodyear-efficientgrip-cargo-109-107t\/\" \/>\n<meta property=\"og:site_name\" content=\"MMK Riepas\" \/>\n<meta property=\"article:publisher\" content=\"https:\/\/www.facebook.com\/mmkserviss\/\" \/>\n<meta property=\"article:modified_time\" content=\"2025-05-07T09:49:01+00:00\" \/>\n<meta property=\"og:image\" content=\"https:\/\/mmkriepas.lv\/wp-content\/uploads\/2025\/05\/20570r15c-goodyear-efficientgrip-cargo-106104s-dot-vasaras-riepas.jpg\" \/>\n\t<meta property=\"og:image:width\" content=\"900\" \/>\n\t<meta property=\"og:image:height\" content=\"720\" \/>\n\t<meta property=\"og:image:type\" content=\"image\/jpeg\" \/>\n<meta name=\"twitter:card\" content=\"summary_large_image\" \/>\n<meta name=\"twitter:label1\" content=\"Price\" \/>\n\t<meta name=\"twitter:data1\" content=\"&euro;99.00\" \/>\n\t<meta name=\"twitter:label2\" content=\"Availability\" \/>\n\t<meta name=\"twitter:data2\" content=\"Out of stock\" \/>\n<script type=\"application\/ld+json\" class=\"yoast-schema-graph\">{\"@context\":\"https:\\\/\\\/schema.org\",\"@graph\":[{\"@type\":\"WebPage\",\"@id\":\"https:\\\/\\\/mmkriepas.lv\\\/en\\\/p\\\/215-65r16c-goodyear-efficientgrip-cargo-109-107t\\\/\",\"url\":\"https:\\\/\\\/mmkriepas.lv\\\/en\\\/p\\\/215-65r16c-goodyear-efficientgrip-cargo-109-107t\\\/\",\"name\":\"215\\\/65R16C Goodyear EfficientGrip Cargo 109\\\/107T &#8226; MMK Riepas\",\"isPartOf\":{\"@id\":\"https:\\\/\\\/mmkriepas.lv\\\/en\\\/#website\"},\"primaryImageOfPage\":{\"@id\":\"https:\\\/\\\/mmkriepas.lv\\\/en\\\/p\\\/215-65r16c-goodyear-efficientgrip-cargo-109-107t\\\/#primaryimage\"},\"image\":{\"@id\":\"https:\\\/\\\/mmkriepas.lv\\\/en\\\/p\\\/215-65r16c-goodyear-efficientgrip-cargo-109-107t\\\/#primaryimage\"},\"thumbnailUrl\":\"https:\\\/\\\/mmkriepas.lv\\\/wp-content\\\/uploads\\\/2025\\\/05\\\/20570r15c-goodyear-efficientgrip-cargo-106104s-dot-vasaras-riepas.jpg\",\"datePublished\":\"2023-03-15T14:33:39+00:00\",\"dateModified\":\"2025-05-07T09:49:01+00:00\",\"breadcrumb\":{\"@id\":\"https:\\\/\\\/mmkriepas.lv\\\/en\\\/p\\\/215-65r16c-goodyear-efficientgrip-cargo-109-107t\\\/#breadcrumb\"},\"inLanguage\":\"en-US\",\"potentialAction\":[{\"@type\":\"ReadAction\",\"target\":[\"https:\\\/\\\/mmkriepas.lv\\\/en\\\/p\\\/215-65r16c-goodyear-efficientgrip-cargo-109-107t\\\/\"]}]},{\"@type\":\"ImageObject\",\"inLanguage\":\"en-US\",\"@id\":\"https:\\\/\\\/mmkriepas.lv\\\/en\\\/p\\\/215-65r16c-goodyear-efficientgrip-cargo-109-107t\\\/#primaryimage\",\"url\":\"https:\\\/\\\/mmkriepas.lv\\\/wp-content\\\/uploads\\\/2025\\\/05\\\/20570r15c-goodyear-efficientgrip-cargo-106104s-dot-vasaras-riepas.jpg\",\"contentUrl\":\"https:\\\/\\\/mmkriepas.lv\\\/wp-content\\\/uploads\\\/2025\\\/05\\\/20570r15c-goodyear-efficientgrip-cargo-106104s-dot-vasaras-riepas.jpg\",\"width\":900,\"height\":720,\"caption\":\"MAIN\"},{\"@type\":\"BreadcrumbList\",\"@id\":\"https:\\\/\\\/mmkriepas.lv\\\/en\\\/p\\\/215-65r16c-goodyear-efficientgrip-cargo-109-107t\\\/#breadcrumb\",\"itemListElement\":[{\"@type\":\"ListItem\",\"position\":1,\"name\":\"S\u0101kums\",\"item\":\"https:\\\/\\\/mmkriepas.lv\\\/en\\\/\"},{\"@type\":\"ListItem\",\"position\":2,\"name\":\"215\\\/65R16C Goodyear EfficientGrip Cargo 109\\\/107T\"}]},{\"@type\":\"WebSite\",\"@id\":\"https:\\\/\\\/mmkriepas.lv\\\/en\\\/#website\",\"url\":\"https:\\\/\\\/mmkriepas.lv\\\/en\\\/\",\"name\":\"MMK Riepas\",\"description\":\"MMK Riepas\",\"alternateName\":\"MMK Riepu Serviss\",\"potentialAction\":[{\"@type\":\"SearchAction\",\"target\":{\"@type\":\"EntryPoint\",\"urlTemplate\":\"https:\\\/\\\/mmkriepas.lv\\\/en\\\/?s={search_term_string}\"},\"query-input\":{\"@type\":\"PropertyValueSpecification\",\"valueRequired\":true,\"valueName\":\"search_term_string\"}}],\"inLanguage\":\"en-US\"},{\"@type\":\"ImageObject\",\"inLanguage\":\"en-US\",\"@id\":\"https:\\\/\\\/mmkriepas.lv\\\/en\\\/p\\\/215-65r16c-goodyear-efficientgrip-cargo-109-107t\\\/#local-main-organization-logo\",\"url\":\"\",\"contentUrl\":\"\",\"caption\":\"MMK Riepas\"}]}<\/script>\n<meta property=\"product:brand\" content=\"Goodyear EfficientGrip Cargo\" \/>\n<meta property=\"product:price:amount\" content=\"99.00\" \/>\n<meta property=\"product:price:currency\" content=\"EUR\" \/>\n<meta property=\"og:availability\" content=\"out of stock\" \/>\n<meta property=\"product:availability\" content=\"out of stock\" \/>\n<meta property=\"product:retailer_item_id\" content=\"TS2156516CGOODY-22222\" \/>\n<meta property=\"product:condition\" content=\"new\" \/>\n<!-- \/ Yoast SEO Premium plugin. -->","yoast_head_json":{"title":"215\/65R16C Goodyear EfficientGrip Cargo 109\/107T &#8226; MMK Riepas","robots":{"index":"index","follow":"follow","max-snippet":"max-snippet:-1","max-image-preview":"max-image-preview:large","max-video-preview":"max-video-preview:-1"},"canonical":"https:\/\/mmkriepas.lv\/en\/p\/215-65r16c-goodyear-efficientgrip-cargo-109-107t\/","og_locale":"en_US","og_type":"article","og_title":"215\/65R16C Goodyear EfficientGrip Cargo 109\/107T","og_description":"Goodyear EfficientGrip Cargo ir premium klases vasaras komerctransporta jeb busu riepas. Izce\u013cas ar palielin\u0101tiem kravnes\u012bbas, nodilumiztur\u012bbas, ekonomijas un brauk\u0161anas komforta r\u0101d\u012bt\u0101jiem.","og_url":"https:\/\/mmkriepas.lv\/en\/p\/215-65r16c-goodyear-efficientgrip-cargo-109-107t\/","og_site_name":"MMK Riepas","article_publisher":"https:\/\/www.facebook.com\/mmkserviss\/","article_modified_time":"2025-05-07T09:49:01+00:00","og_image":[{"width":900,"height":720,"url":"https:\/\/mmkriepas.lv\/wp-content\/uploads\/2025\/05\/20570r15c-goodyear-efficientgrip-cargo-106104s-dot-vasaras-riepas.jpg","type":"image\/jpeg"}],"twitter_card":"summary_large_image","twitter_misc":{"Price":"&euro;99.00","Availability":"Out of stock"},"schema":{"@context":"https:\/\/schema.org","@graph":[{"@type":"WebPage","@id":"https:\/\/mmkriepas.lv\/en\/p\/215-65r16c-goodyear-efficientgrip-cargo-109-107t\/","url":"https:\/\/mmkriepas.lv\/en\/p\/215-65r16c-goodyear-efficientgrip-cargo-109-107t\/","name":"215\/65R16C Goodyear EfficientGrip Cargo 109\/107T &#8226; MMK Riepas","isPartOf":{"@id":"https:\/\/mmkriepas.lv\/en\/#website"},"primaryImageOfPage":{"@id":"https:\/\/mmkriepas.lv\/en\/p\/215-65r16c-goodyear-efficientgrip-cargo-109-107t\/#primaryimage"},"image":{"@id":"https:\/\/mmkriepas.lv\/en\/p\/215-65r16c-goodyear-efficientgrip-cargo-109-107t\/#primaryimage"},"thumbnailUrl":"https:\/\/mmkriepas.lv\/wp-content\/uploads\/2025\/05\/20570r15c-goodyear-efficientgrip-cargo-106104s-dot-vasaras-riepas.jpg","datePublished":"2023-03-15T14:33:39+00:00","dateModified":"2025-05-07T09:49:01+00:00","breadcrumb":{"@id":"https:\/\/mmkriepas.lv\/en\/p\/215-65r16c-goodyear-efficientgrip-cargo-109-107t\/#breadcrumb"},"inLanguage":"en-US","potentialAction":[{"@type":"ReadAction","target":["https:\/\/mmkriepas.lv\/en\/p\/215-65r16c-goodyear-efficientgrip-cargo-109-107t\/"]}]},{"@type":"ImageObject","inLanguage":"en-US","@id":"https:\/\/mmkriepas.lv\/en\/p\/215-65r16c-goodyear-efficientgrip-cargo-109-107t\/#primaryimage","url":"https:\/\/mmkriepas.lv\/wp-content\/uploads\/2025\/05\/20570r15c-goodyear-efficientgrip-cargo-106104s-dot-vasaras-riepas.jpg","contentUrl":"https:\/\/mmkriepas.lv\/wp-content\/uploads\/2025\/05\/20570r15c-goodyear-efficientgrip-cargo-106104s-dot-vasaras-riepas.jpg","width":900,"height":720,"caption":"MAIN"},{"@type":"BreadcrumbList","@id":"https:\/\/mmkriepas.lv\/en\/p\/215-65r16c-goodyear-efficientgrip-cargo-109-107t\/#breadcrumb","itemListElement":[{"@type":"ListItem","position":1,"name":"S\u0101kums","item":"https:\/\/mmkriepas.lv\/en\/"},{"@type":"ListItem","position":2,"name":"215\/65R16C Goodyear EfficientGrip Cargo 109\/107T"}]},{"@type":"WebSite","@id":"https:\/\/mmkriepas.lv\/en\/#website","url":"https:\/\/mmkriepas.lv\/en\/","name":"MMK Riepas","description":"MMK Riepas","alternateName":"MMK Riepu Serviss","potentialAction":[{"@type":"SearchAction","target":{"@type":"EntryPoint","urlTemplate":"https:\/\/mmkriepas.lv\/en\/?s={search_term_string}"},"query-input":{"@type":"PropertyValueSpecification","valueRequired":true,"valueName":"search_term_string"}}],"inLanguage":"en-US"},{"@type":"ImageObject","inLanguage":"en-US","@id":"https:\/\/mmkriepas.lv\/en\/p\/215-65r16c-goodyear-efficientgrip-cargo-109-107t\/#local-main-organization-logo","url":"","contentUrl":"","caption":"MMK Riepas"}]},"product_brand":"Goodyear EfficientGrip Cargo","product_price_amount":"99.00","product_price_currency":"EUR","og_availability":"out of stock","product_availability":"out of stock","product_retailer_item_id":"TS2156516CGOODY-22222","product_condition":"new"},"_links":{"self":[{"href":"https:\/\/mmkriepas.lv\/en\/wp-json\/wp\/v2\/product\/672000","targetHints":{"allow":["GET"]}}],"collection":[{"href":"https:\/\/mmkriepas.lv\/en\/wp-json\/wp\/v2\/product"}],"about":[{"href":"https:\/\/mmkriepas.lv\/en\/wp-json\/wp\/v2\/types\/product"}],"wp:featuredmedia":[{"embeddable":true,"href":"https:\/\/mmkriepas.lv\/en\/wp-json\/wp\/v2\/media\/1227969"}],"wp:attachment":[{"href":"https:\/\/mmkriepas.lv\/en\/wp-json\/wp\/v2\/media?parent=672000"}],"wp:term":[{"taxonomy":"product_brand","embeddable":true,"href":"https:\/\/mmkriepas.lv\/en\/wp-json\/wp\/v2\/product_brand?post=672000"},{"taxonomy":"product_cat","embeddable":true,"href":"https:\/\/mmkriepas.lv\/en\/wp-json\/wp\/v2\/product_cat?post=672000"},{"taxonomy":"product_tag","embeddable":true,"href":"https:\/\/mmkriepas.lv\/en\/wp-json\/wp\/v2\/product_tag?post=672000"}],"curies":[{"name":"wp","href":"https:\/\/api.w.org\/{rel}","templated":true}]}}