{"id":671976,"date":"2023-03-15T16:32:47","date_gmt":"2023-03-15T14:32:47","guid":{"rendered":"https:\/\/mmkserviss.lv\/?post_type=product&#038;p=671976"},"modified":"2025-02-13T00:04:24","modified_gmt":"2025-02-12T22:04:24","slug":"195-55r16-infinity-ecozen-91h-xl","status":"publish","type":"product","link":"https:\/\/mmkriepas.lv\/en\/p\/195-55r16-infinity-ecozen-91h-xl\/","title":{"rendered":"195\/55R16 Infinity Ecozen 91H XL"},"content":{"rendered":"<p><strong>Infinity Ecozen<\/strong> ir \u013coti labas kvalit\u0101tes, vid\u0113j\u0101s klases vissezonas\/ziemas riepu modelis. Tas izce\u013cas ar teicamiem veiktsp\u0113jas r\u0101d\u012bt\u0101jiem gan uz slapja un sausa asfalta, gan ar\u012b snieg\u0101. \u0160is riepu modelis piem\u0113rots gan vieglaj\u0101m automa\u0161\u012bn\u0101m, gan krosoveriem.<\/p>\n<p><strong>Ecozen galven\u0101s iez\u012bmes:<\/strong><\/p>\n<p>+ Teicamas sa\u0137eres \u012bpa\u0161\u012bbas gan vasaras, gan m\u0113renas ziemas brauk\u0161anas apst\u0101k\u013cos.<\/p>\n<p>+ Zems akvaplan\u0113\u0161anas risks, pateicoties augsti att\u012bst\u012btai dren\u0101\u017eas jeb \u016bdens novadkan\u0101lu sist\u0113mai.<\/p>\n<p>+ Degvielas ekonomija.<\/p>\n<p>+ Labs akustiskais komforts.<\/p>\n<p><strong>Ecozen apr\u012bkojums:<\/strong><\/p>\n<p><strong>Infinity Ecozen<\/strong> &#8211; apr\u012bkotas ar uzlabotu virzienveida protektora dizainu. Starp t\u0101 V-veida protektora blokiem atrodama augsti att\u012bst\u012bta dren\u0101\u017eas kan\u0101lu sist\u0113ma, kas vienlaikus samazina akvaplan\u0113\u0161anas risku un uzlabo veiktsp\u0113ju snieg\u0101.Tam izmantoti iztur\u012bgi, bet viegli sint\u0113tiskie materi\u0101li. \u0160\u0101da izv\u0113le veikta, lai samazin\u0101tu rites pretest\u012bbu, un l\u012bdz ar to &#8211; degvielas pat\u0113ri\u0146u, k\u0101 ar\u012b lab\u0101k pasarg\u0101tu riepu pret negaid\u012btiem triecieniem.<\/p>\n<p>Atvieglotais karkass iet\u0113rpts elast\u012bg\u0101 gumijas sakaus\u0113jum\u0101, kas savu elast\u012bbu nezaud\u0113 ar\u012b \u013coti zem\u0101s gaisa temperat\u016br\u0101s. Elast\u012bga riepa, it \u012bpa\u0161i ziem\u0101, daudz lab\u0101k veido sa\u0137eri ar ce\u013cu. Turkl\u0101t protektora blokos iestr\u0101d\u0101t\u0101s lameles, da\u013c\u0113ji aizvietojot radzes, ar as\u0101m kant\u0113m iec\u0113rtas led\u016b un sabliet\u0113t\u0101 snieg\u0101, veidojot sa\u0137eri ar slidenaj\u0101m virsm\u0101m.<\/p>\n","protected":false},"excerpt":{"rendered":"<p><strong>Infinity Ecozen<\/strong> ir \u013coti labas kvalit\u0101tes, vid\u0113j\u0101s klases vissezonas\/ziemas riepu modelis. Tas izce\u013cas ar teicamiem veiktsp\u0113jas r\u0101d\u012bt\u0101jiem gan uz slapja un sausa asfalta, gan ar\u012b snieg\u0101. \u0160is riepu modelis piem\u0113rots gan vieglaj\u0101m automa\u0161\u012bn\u0101m, gan krosoveriem.<\/p>\n","protected":false},"featured_media":433955,"template":"","meta":{"_acf_changed":false,"ngg_post_thumbnail":0},"product_brand":[],"product_cat":[47,45],"product_tag":[],"class_list":{"0":"post-671976","1":"product","2":"type-product","3":"status-publish","4":"has-post-thumbnail","6":"product_cat-vissezonas-riepas","7":"product_cat-ziemas-riepas","9":"first","10":"outofstock","11":"sale","12":"taxable","13":"shipping-taxable","14":"product-type-simple"},"acf":[],"yoast_head":"<!-- This site is optimized with the Yoast SEO Premium plugin v22.6 (Yoast SEO v27.3) - https:\/\/yoast.com\/product\/yoast-seo-premium-wordpress\/ -->\n<title>195\/55R16 Infinity Ecozen 91H XL &#8226; MMK Riepas<\/title>\n<meta name=\"robots\" content=\"index, follow, max-snippet:-1, max-image-preview:large, max-video-preview:-1\" \/>\n<link rel=\"canonical\" href=\"https:\/\/mmkriepas.lv\/en\/p\/195-55r16-infinity-ecozen-91h-xl\/\" \/>\n<meta property=\"og:locale\" content=\"en_US\" \/>\n<meta property=\"og:type\" content=\"article\" \/>\n<meta property=\"og:title\" content=\"195\/55R16 Infinity Ecozen 91H XL\" \/>\n<meta property=\"og:description\" content=\"Infinity Ecozen ir \u013coti labas kvalit\u0101tes, vid\u0113j\u0101s klases vissezonas\/ziemas riepu modelis. Tas izce\u013cas ar teicamiem veiktsp\u0113jas r\u0101d\u012bt\u0101jiem gan uz slapja un sausa asfalta, gan ar\u012b snieg\u0101. \u0160is riepu modelis piem\u0113rots gan vieglaj\u0101m automa\u0161\u012bn\u0101m, gan krosoveriem.\" \/>\n<meta property=\"og:url\" content=\"https:\/\/mmkriepas.lv\/en\/p\/195-55r16-infinity-ecozen-91h-xl\/\" \/>\n<meta property=\"og:site_name\" content=\"MMK Riepas\" \/>\n<meta property=\"article:publisher\" content=\"https:\/\/www.facebook.com\/mmkserviss\/\" \/>\n<meta property=\"article:modified_time\" content=\"2025-02-12T22:04:24+00:00\" \/>\n<meta property=\"og:image\" content=\"https:\/\/mmkriepas.lv\/wp-content\/uploads\/2022\/12\/23555r17-infinity-ecozen-plus-103v-xl-ziemas-riepas-3.jpeg\" \/>\n\t<meta property=\"og:image:width\" content=\"1024\" \/>\n\t<meta property=\"og:image:height\" content=\"768\" \/>\n\t<meta property=\"og:image:type\" content=\"image\/jpeg\" \/>\n<meta name=\"twitter:card\" content=\"summary_large_image\" \/>\n<meta name=\"twitter:label1\" content=\"Price\" \/>\n\t<meta name=\"twitter:data1\" content=\"&euro;44.00\" \/>\n\t<meta name=\"twitter:label2\" content=\"Availability\" \/>\n\t<meta name=\"twitter:data2\" content=\"Out of stock\" \/>\n<script type=\"application\/ld+json\" class=\"yoast-schema-graph\">{\"@context\":\"https:\\\/\\\/schema.org\",\"@graph\":[{\"@type\":\"WebPage\",\"@id\":\"https:\\\/\\\/mmkriepas.lv\\\/en\\\/p\\\/195-55r16-infinity-ecozen-91h-xl\\\/\",\"url\":\"https:\\\/\\\/mmkriepas.lv\\\/en\\\/p\\\/195-55r16-infinity-ecozen-91h-xl\\\/\",\"name\":\"195\\\/55R16 Infinity Ecozen 91H XL &#8226; MMK Riepas\",\"isPartOf\":{\"@id\":\"https:\\\/\\\/mmkriepas.lv\\\/en\\\/#website\"},\"primaryImageOfPage\":{\"@id\":\"https:\\\/\\\/mmkriepas.lv\\\/en\\\/p\\\/195-55r16-infinity-ecozen-91h-xl\\\/#primaryimage\"},\"image\":{\"@id\":\"https:\\\/\\\/mmkriepas.lv\\\/en\\\/p\\\/195-55r16-infinity-ecozen-91h-xl\\\/#primaryimage\"},\"thumbnailUrl\":\"https:\\\/\\\/mmkriepas.lv\\\/wp-content\\\/uploads\\\/2022\\\/12\\\/23555r17-infinity-ecozen-plus-103v-xl-ziemas-riepas-3.jpeg\",\"datePublished\":\"2023-03-15T14:32:47+00:00\",\"dateModified\":\"2025-02-12T22:04:24+00:00\",\"breadcrumb\":{\"@id\":\"https:\\\/\\\/mmkriepas.lv\\\/en\\\/p\\\/195-55r16-infinity-ecozen-91h-xl\\\/#breadcrumb\"},\"inLanguage\":\"en-US\",\"potentialAction\":[{\"@type\":\"ReadAction\",\"target\":[\"https:\\\/\\\/mmkriepas.lv\\\/en\\\/p\\\/195-55r16-infinity-ecozen-91h-xl\\\/\"]}]},{\"@type\":\"ImageObject\",\"inLanguage\":\"en-US\",\"@id\":\"https:\\\/\\\/mmkriepas.lv\\\/en\\\/p\\\/195-55r16-infinity-ecozen-91h-xl\\\/#primaryimage\",\"url\":\"https:\\\/\\\/mmkriepas.lv\\\/wp-content\\\/uploads\\\/2022\\\/12\\\/23555r17-infinity-ecozen-plus-103v-xl-ziemas-riepas-3.jpeg\",\"contentUrl\":\"https:\\\/\\\/mmkriepas.lv\\\/wp-content\\\/uploads\\\/2022\\\/12\\\/23555r17-infinity-ecozen-plus-103v-xl-ziemas-riepas-3.jpeg\",\"width\":1024,\"height\":768,\"caption\":\"235\\\/55R17 Infinity Ecozen Plus 103V XL - Vissezonas riepas \\\/ Ziemas riepas\"},{\"@type\":\"BreadcrumbList\",\"@id\":\"https:\\\/\\\/mmkriepas.lv\\\/en\\\/p\\\/195-55r16-infinity-ecozen-91h-xl\\\/#breadcrumb\",\"itemListElement\":[{\"@type\":\"ListItem\",\"position\":1,\"name\":\"S\u0101kums\",\"item\":\"https:\\\/\\\/mmkriepas.lv\\\/en\\\/\"},{\"@type\":\"ListItem\",\"position\":2,\"name\":\"195\\\/55R16 Infinity Ecozen 91H XL\"}]},{\"@type\":\"WebSite\",\"@id\":\"https:\\\/\\\/mmkriepas.lv\\\/en\\\/#website\",\"url\":\"https:\\\/\\\/mmkriepas.lv\\\/en\\\/\",\"name\":\"MMK Riepas\",\"description\":\"MMK Riepas\",\"alternateName\":\"MMK Riepu Serviss\",\"potentialAction\":[{\"@type\":\"SearchAction\",\"target\":{\"@type\":\"EntryPoint\",\"urlTemplate\":\"https:\\\/\\\/mmkriepas.lv\\\/en\\\/?s={search_term_string}\"},\"query-input\":{\"@type\":\"PropertyValueSpecification\",\"valueRequired\":true,\"valueName\":\"search_term_string\"}}],\"inLanguage\":\"en-US\"},{\"@type\":\"ImageObject\",\"inLanguage\":\"en-US\",\"@id\":\"https:\\\/\\\/mmkriepas.lv\\\/en\\\/p\\\/195-55r16-infinity-ecozen-91h-xl\\\/#local-main-organization-logo\",\"url\":\"\",\"contentUrl\":\"\",\"caption\":\"MMK Riepas\"}]}<\/script>\n<meta property=\"product:brand\" content=\"Infinity Ecozen\" \/>\n<meta property=\"product:price:amount\" content=\"44.00\" \/>\n<meta property=\"product:price:currency\" content=\"EUR\" \/>\n<meta property=\"og:availability\" content=\"out of stock\" \/>\n<meta property=\"product:availability\" content=\"out of stock\" \/>\n<meta property=\"product:retailer_item_id\" content=\"TW1955516INFIN-22210\" \/>\n<meta property=\"product:condition\" content=\"new\" \/>\n<!-- \/ Yoast SEO Premium plugin. -->","yoast_head_json":{"title":"195\/55R16 Infinity Ecozen 91H XL &#8226; MMK Riepas","robots":{"index":"index","follow":"follow","max-snippet":"max-snippet:-1","max-image-preview":"max-image-preview:large","max-video-preview":"max-video-preview:-1"},"canonical":"https:\/\/mmkriepas.lv\/en\/p\/195-55r16-infinity-ecozen-91h-xl\/","og_locale":"en_US","og_type":"article","og_title":"195\/55R16 Infinity Ecozen 91H XL","og_description":"Infinity Ecozen ir \u013coti labas kvalit\u0101tes, vid\u0113j\u0101s klases vissezonas\/ziemas riepu modelis. Tas izce\u013cas ar teicamiem veiktsp\u0113jas r\u0101d\u012bt\u0101jiem gan uz slapja un sausa asfalta, gan ar\u012b snieg\u0101. \u0160is riepu modelis piem\u0113rots gan vieglaj\u0101m automa\u0161\u012bn\u0101m, gan krosoveriem.","og_url":"https:\/\/mmkriepas.lv\/en\/p\/195-55r16-infinity-ecozen-91h-xl\/","og_site_name":"MMK Riepas","article_publisher":"https:\/\/www.facebook.com\/mmkserviss\/","article_modified_time":"2025-02-12T22:04:24+00:00","og_image":[{"width":1024,"height":768,"url":"https:\/\/mmkriepas.lv\/wp-content\/uploads\/2022\/12\/23555r17-infinity-ecozen-plus-103v-xl-ziemas-riepas-3.jpeg","type":"image\/jpeg"}],"twitter_card":"summary_large_image","twitter_misc":{"Price":"&euro;44.00","Availability":"Out of stock"},"schema":{"@context":"https:\/\/schema.org","@graph":[{"@type":"WebPage","@id":"https:\/\/mmkriepas.lv\/en\/p\/195-55r16-infinity-ecozen-91h-xl\/","url":"https:\/\/mmkriepas.lv\/en\/p\/195-55r16-infinity-ecozen-91h-xl\/","name":"195\/55R16 Infinity Ecozen 91H XL &#8226; MMK Riepas","isPartOf":{"@id":"https:\/\/mmkriepas.lv\/en\/#website"},"primaryImageOfPage":{"@id":"https:\/\/mmkriepas.lv\/en\/p\/195-55r16-infinity-ecozen-91h-xl\/#primaryimage"},"image":{"@id":"https:\/\/mmkriepas.lv\/en\/p\/195-55r16-infinity-ecozen-91h-xl\/#primaryimage"},"thumbnailUrl":"https:\/\/mmkriepas.lv\/wp-content\/uploads\/2022\/12\/23555r17-infinity-ecozen-plus-103v-xl-ziemas-riepas-3.jpeg","datePublished":"2023-03-15T14:32:47+00:00","dateModified":"2025-02-12T22:04:24+00:00","breadcrumb":{"@id":"https:\/\/mmkriepas.lv\/en\/p\/195-55r16-infinity-ecozen-91h-xl\/#breadcrumb"},"inLanguage":"en-US","potentialAction":[{"@type":"ReadAction","target":["https:\/\/mmkriepas.lv\/en\/p\/195-55r16-infinity-ecozen-91h-xl\/"]}]},{"@type":"ImageObject","inLanguage":"en-US","@id":"https:\/\/mmkriepas.lv\/en\/p\/195-55r16-infinity-ecozen-91h-xl\/#primaryimage","url":"https:\/\/mmkriepas.lv\/wp-content\/uploads\/2022\/12\/23555r17-infinity-ecozen-plus-103v-xl-ziemas-riepas-3.jpeg","contentUrl":"https:\/\/mmkriepas.lv\/wp-content\/uploads\/2022\/12\/23555r17-infinity-ecozen-plus-103v-xl-ziemas-riepas-3.jpeg","width":1024,"height":768,"caption":"235\/55R17 Infinity Ecozen Plus 103V XL - Vissezonas riepas \/ Ziemas riepas"},{"@type":"BreadcrumbList","@id":"https:\/\/mmkriepas.lv\/en\/p\/195-55r16-infinity-ecozen-91h-xl\/#breadcrumb","itemListElement":[{"@type":"ListItem","position":1,"name":"S\u0101kums","item":"https:\/\/mmkriepas.lv\/en\/"},{"@type":"ListItem","position":2,"name":"195\/55R16 Infinity Ecozen 91H XL"}]},{"@type":"WebSite","@id":"https:\/\/mmkriepas.lv\/en\/#website","url":"https:\/\/mmkriepas.lv\/en\/","name":"MMK Riepas","description":"MMK Riepas","alternateName":"MMK Riepu Serviss","potentialAction":[{"@type":"SearchAction","target":{"@type":"EntryPoint","urlTemplate":"https:\/\/mmkriepas.lv\/en\/?s={search_term_string}"},"query-input":{"@type":"PropertyValueSpecification","valueRequired":true,"valueName":"search_term_string"}}],"inLanguage":"en-US"},{"@type":"ImageObject","inLanguage":"en-US","@id":"https:\/\/mmkriepas.lv\/en\/p\/195-55r16-infinity-ecozen-91h-xl\/#local-main-organization-logo","url":"","contentUrl":"","caption":"MMK Riepas"}]},"product_brand":"Infinity Ecozen","product_price_amount":"44.00","product_price_currency":"EUR","og_availability":"out of stock","product_availability":"out of stock","product_retailer_item_id":"TW1955516INFIN-22210","product_condition":"new"},"_links":{"self":[{"href":"https:\/\/mmkriepas.lv\/en\/wp-json\/wp\/v2\/product\/671976","targetHints":{"allow":["GET"]}}],"collection":[{"href":"https:\/\/mmkriepas.lv\/en\/wp-json\/wp\/v2\/product"}],"about":[{"href":"https:\/\/mmkriepas.lv\/en\/wp-json\/wp\/v2\/types\/product"}],"wp:featuredmedia":[{"embeddable":true,"href":"https:\/\/mmkriepas.lv\/en\/wp-json\/wp\/v2\/media\/433955"}],"wp:attachment":[{"href":"https:\/\/mmkriepas.lv\/en\/wp-json\/wp\/v2\/media?parent=671976"}],"wp:term":[{"taxonomy":"product_brand","embeddable":true,"href":"https:\/\/mmkriepas.lv\/en\/wp-json\/wp\/v2\/product_brand?post=671976"},{"taxonomy":"product_cat","embeddable":true,"href":"https:\/\/mmkriepas.lv\/en\/wp-json\/wp\/v2\/product_cat?post=671976"},{"taxonomy":"product_tag","embeddable":true,"href":"https:\/\/mmkriepas.lv\/en\/wp-json\/wp\/v2\/product_tag?post=671976"}],"curies":[{"name":"wp","href":"https:\/\/api.w.org\/{rel}","templated":true}]}}