{"id":671693,"date":"2023-03-15T10:38:34","date_gmt":"2023-03-15T08:38:34","guid":{"rendered":"https:\/\/mmkserviss.lv\/?post_type=product&#038;p=671693"},"modified":"2025-02-13T00:03:46","modified_gmt":"2025-02-12T22:03:46","slug":"245-45r18-luxxan-aspirer-s3-100w-xl","status":"publish","type":"product","link":"https:\/\/mmkriepas.lv\/en\/p\/245-45r18-luxxan-aspirer-s3-100w-xl\/","title":{"rendered":"245\/45R18 Luxxan Aspirer S3 100W XL"},"content":{"rendered":"<p><span style=\"font-family: arial, helvetica, sans-serif;\"><strong>Luxxan Aspirer S3<\/strong> \u2013 ir vasaras riepas, kas ir ide\u0101la meistar\u012bbas un veiktsp\u0113jas kombin\u0101cija, ta\u010du par lielisku cenu. Modelim ir asimetrisks protektora raksts, kas nodro\u0161ina dro\u0161u brauk\u0161anas pieredzi neatkar\u012bgi no apst\u0101k\u013ciem. Tai ir ar\u012b augsta nodilumiztur\u012bba, t\u0101p\u0113c \u0161\u012b riepa kalpo ilgu laiku.<\/span><\/p>\n<p><span style=\"font-family: arial, helvetica, sans-serif;\"><strong>Aspirer S3 \u012bpa\u0161\u012bbas:<\/strong><\/span><\/p>\n<p><span style=\"font-family: arial, helvetica, sans-serif;\">+ \u013boti labi sa\u0137eres un trok\u0161\u0146u l\u012bme\u0146a r\u0101d\u012bt\u0101ji,\u00a0dro\u0161a vad\u0101m\u012bb\u0101 gan uz sausa, gan mitra seguma.<\/span><\/p>\n<p><span style=\"font-family: arial, helvetica, sans-serif;\">+ Augsta notur\u012bba pret akvaplan\u0113\u0161anu.<\/span><\/p>\n<p><span style=\"font-family: arial, helvetica, sans-serif;\">+ Riepas izce\u013c\u0101s ar\u00a0zemiem dilst\u012bbas r\u0101d\u012bt\u0101jiem, kas noz\u012bm\u0113 daudzu t\u016bksto\u0161u kilometru nobraukumu.<\/span><\/p>\n<p><span style=\"font-family: arial, helvetica, sans-serif;\">+ Paaugstin\u0101ta triecieniztur\u012bba pasarg\u0101s riepu no p\u0101rsi\u0161anas bedr\u0113s.<\/span><\/p>\n<p><span style=\"font-family: arial, helvetica, sans-serif;\">+ Liels \u0101truma indekss.<\/span><\/p>\n<p><span style=\"font-family: arial, helvetica, sans-serif;\"><strong>Aspirer S3 iez\u012bmes:<\/strong><\/span><\/p>\n<p><span style=\"font-family: arial, helvetica, sans-serif;\"><strong>Luxxan Aspirer S3<\/strong> asimetriski izstr\u0101d\u0101tais protektora raksts\u00a0par\u016bp\u0113jas par vad\u012btsp\u0113ju visos apst\u0101k\u013cos. Pie lieliem \u0101trumiem, kas \u0161im modelim nav \u0161\u0137\u0113rslis, pal\u012bdz\u0113s platie, sl\u012bpi novietotie riepas plecu bloki, kas sevi\u00a0vislab\u0101k pier\u0101da l\u012bkumos. Liekais \u016bdens tiek \u0101tri no\u0146emts no protektora, kas padara riepu stabil\u0101ku un notur\u012bg\u0101ku pret akvaplan\u0113\u0161anu, d\u0113\u013c izteikti\u00a0plataj\u0101m gareniskaj\u0101m riev\u0101m, kas uzlabo veiktsp\u0113ju mitros apst\u0101k\u013cos. P\u0101rejas br\u012b\u017eos no sausa uz slapju sagumu padzi\u013cin\u0101tie iegriezumi protektor\u0101 uzlabo dro\u0161\u012bbu.<\/span><\/p>\n","protected":false},"excerpt":{"rendered":"<p><span style=\"font-family: arial, helvetica, sans-serif;\"><strong>Luxxan Aspirer S3<\/strong> \u2013 ir vasaras riepas, kas ir ide\u0101la meistar\u012bbas un veiktsp\u0113jas kombin\u0101cija, ta\u010du par lielisku cenu. Modelim ir asimetrisks protektora raksts, kas nodro\u0161ina dro\u0161u brauk\u0161anas pieredzi neatkar\u012bgi no apst\u0101k\u013ciem. Tai ir ar\u012b augsta nodilumiztur\u012bba, t\u0101p\u0113c \u0161\u012b riepa kalpo ilgu laiku<\/span><\/p>\n","protected":false},"featured_media":673505,"template":"","meta":{"_acf_changed":false,"ngg_post_thumbnail":0},"product_brand":[],"product_cat":[46],"product_tag":[],"class_list":{"0":"post-671693","1":"product","2":"type-product","3":"status-publish","4":"has-post-thumbnail","6":"product_cat-vasaras-riepas","8":"first","9":"outofstock","10":"sale","11":"taxable","12":"shipping-taxable","13":"product-type-simple"},"acf":[],"yoast_head":"<!-- This site is optimized with the Yoast SEO Premium plugin v22.6 (Yoast SEO v27.3) - https:\/\/yoast.com\/product\/yoast-seo-premium-wordpress\/ -->\n<title>245\/45R18 Luxxan Aspirer S3 100W XL &#8226; MMK Riepas<\/title>\n<meta name=\"robots\" content=\"index, follow, max-snippet:-1, max-image-preview:large, max-video-preview:-1\" \/>\n<link rel=\"canonical\" href=\"https:\/\/mmkriepas.lv\/en\/p\/245-45r18-luxxan-aspirer-s3-100w-xl\/\" \/>\n<meta property=\"og:locale\" content=\"en_US\" \/>\n<meta property=\"og:type\" content=\"article\" \/>\n<meta property=\"og:title\" content=\"245\/45R18 Luxxan Aspirer S3 100W XL\" \/>\n<meta property=\"og:description\" content=\"Luxxan Aspirer S3 \u2013 ir vasaras riepas, kas ir ide\u0101la meistar\u012bbas un veiktsp\u0113jas kombin\u0101cija, ta\u010du par lielisku cenu. Modelim ir asimetrisks protektora raksts, kas nodro\u0161ina dro\u0161u brauk\u0161anas pieredzi neatkar\u012bgi no apst\u0101k\u013ciem. Tai ir ar\u012b augsta nodilumiztur\u012bba, t\u0101p\u0113c \u0161\u012b riepa kalpo ilgu laiku\" \/>\n<meta property=\"og:url\" content=\"https:\/\/mmkriepas.lv\/en\/p\/245-45r18-luxxan-aspirer-s3-100w-xl\/\" \/>\n<meta property=\"og:site_name\" content=\"MMK Riepas\" \/>\n<meta property=\"article:publisher\" content=\"https:\/\/www.facebook.com\/mmkserviss\/\" \/>\n<meta property=\"article:modified_time\" content=\"2025-02-12T22:03:46+00:00\" \/>\n<meta property=\"og:image\" content=\"https:\/\/mmkriepas.lv\/wp-content\/uploads\/2023\/03\/24545r18-luxxan-aspirer-s3-100w-xl-vasaras-riepas.jpg\" \/>\n\t<meta property=\"og:image:width\" content=\"1920\" \/>\n\t<meta property=\"og:image:height\" content=\"1440\" \/>\n\t<meta property=\"og:image:type\" content=\"image\/jpeg\" \/>\n<meta name=\"twitter:card\" content=\"summary_large_image\" \/>\n<meta name=\"twitter:label1\" content=\"Price\" \/>\n\t<meta name=\"twitter:data1\" content=\"&euro;62.00\" \/>\n\t<meta name=\"twitter:label2\" content=\"Availability\" \/>\n\t<meta name=\"twitter:data2\" content=\"Out of stock\" \/>\n<script type=\"application\/ld+json\" class=\"yoast-schema-graph\">{\"@context\":\"https:\\\/\\\/schema.org\",\"@graph\":[{\"@type\":\"WebPage\",\"@id\":\"https:\\\/\\\/mmkriepas.lv\\\/en\\\/p\\\/245-45r18-luxxan-aspirer-s3-100w-xl\\\/\",\"url\":\"https:\\\/\\\/mmkriepas.lv\\\/en\\\/p\\\/245-45r18-luxxan-aspirer-s3-100w-xl\\\/\",\"name\":\"245\\\/45R18 Luxxan Aspirer S3 100W XL &#8226; MMK Riepas\",\"isPartOf\":{\"@id\":\"https:\\\/\\\/mmkriepas.lv\\\/en\\\/#website\"},\"primaryImageOfPage\":{\"@id\":\"https:\\\/\\\/mmkriepas.lv\\\/en\\\/p\\\/245-45r18-luxxan-aspirer-s3-100w-xl\\\/#primaryimage\"},\"image\":{\"@id\":\"https:\\\/\\\/mmkriepas.lv\\\/en\\\/p\\\/245-45r18-luxxan-aspirer-s3-100w-xl\\\/#primaryimage\"},\"thumbnailUrl\":\"https:\\\/\\\/mmkriepas.lv\\\/wp-content\\\/uploads\\\/2023\\\/03\\\/24545r18-luxxan-aspirer-s3-100w-xl-vasaras-riepas.jpg\",\"datePublished\":\"2023-03-15T08:38:34+00:00\",\"dateModified\":\"2025-02-12T22:03:46+00:00\",\"breadcrumb\":{\"@id\":\"https:\\\/\\\/mmkriepas.lv\\\/en\\\/p\\\/245-45r18-luxxan-aspirer-s3-100w-xl\\\/#breadcrumb\"},\"inLanguage\":\"en-US\",\"potentialAction\":[{\"@type\":\"ReadAction\",\"target\":[\"https:\\\/\\\/mmkriepas.lv\\\/en\\\/p\\\/245-45r18-luxxan-aspirer-s3-100w-xl\\\/\"]}]},{\"@type\":\"ImageObject\",\"inLanguage\":\"en-US\",\"@id\":\"https:\\\/\\\/mmkriepas.lv\\\/en\\\/p\\\/245-45r18-luxxan-aspirer-s3-100w-xl\\\/#primaryimage\",\"url\":\"https:\\\/\\\/mmkriepas.lv\\\/wp-content\\\/uploads\\\/2023\\\/03\\\/24545r18-luxxan-aspirer-s3-100w-xl-vasaras-riepas.jpg\",\"contentUrl\":\"https:\\\/\\\/mmkriepas.lv\\\/wp-content\\\/uploads\\\/2023\\\/03\\\/24545r18-luxxan-aspirer-s3-100w-xl-vasaras-riepas.jpg\",\"width\":1920,\"height\":1440,\"caption\":\"245\\\/45R18 Luxxan Aspirer S3 100W XL - Vasaras riepas\"},{\"@type\":\"BreadcrumbList\",\"@id\":\"https:\\\/\\\/mmkriepas.lv\\\/en\\\/p\\\/245-45r18-luxxan-aspirer-s3-100w-xl\\\/#breadcrumb\",\"itemListElement\":[{\"@type\":\"ListItem\",\"position\":1,\"name\":\"S\u0101kums\",\"item\":\"https:\\\/\\\/mmkriepas.lv\\\/en\\\/\"},{\"@type\":\"ListItem\",\"position\":2,\"name\":\"245\\\/45R18 Luxxan Aspirer S3 100W XL\"}]},{\"@type\":\"WebSite\",\"@id\":\"https:\\\/\\\/mmkriepas.lv\\\/en\\\/#website\",\"url\":\"https:\\\/\\\/mmkriepas.lv\\\/en\\\/\",\"name\":\"MMK Riepas\",\"description\":\"MMK Riepas\",\"alternateName\":\"MMK Riepu Serviss\",\"potentialAction\":[{\"@type\":\"SearchAction\",\"target\":{\"@type\":\"EntryPoint\",\"urlTemplate\":\"https:\\\/\\\/mmkriepas.lv\\\/en\\\/?s={search_term_string}\"},\"query-input\":{\"@type\":\"PropertyValueSpecification\",\"valueRequired\":true,\"valueName\":\"search_term_string\"}}],\"inLanguage\":\"en-US\"},{\"@type\":\"ImageObject\",\"inLanguage\":\"en-US\",\"@id\":\"https:\\\/\\\/mmkriepas.lv\\\/en\\\/p\\\/245-45r18-luxxan-aspirer-s3-100w-xl\\\/#local-main-organization-logo\",\"url\":\"\",\"contentUrl\":\"\",\"caption\":\"MMK Riepas\"}]}<\/script>\n<meta property=\"product:brand\" content=\"Luxxan Aspirer S3\" \/>\n<meta property=\"product:price:amount\" content=\"62.00\" \/>\n<meta property=\"product:price:currency\" content=\"EUR\" \/>\n<meta property=\"og:availability\" content=\"out of stock\" \/>\n<meta property=\"product:availability\" content=\"out of stock\" \/>\n<meta property=\"product:retailer_item_id\" content=\"TS2454518LUXXA-22185\" \/>\n<meta property=\"product:condition\" content=\"new\" \/>\n<!-- \/ Yoast SEO Premium plugin. -->","yoast_head_json":{"title":"245\/45R18 Luxxan Aspirer S3 100W XL &#8226; MMK Riepas","robots":{"index":"index","follow":"follow","max-snippet":"max-snippet:-1","max-image-preview":"max-image-preview:large","max-video-preview":"max-video-preview:-1"},"canonical":"https:\/\/mmkriepas.lv\/en\/p\/245-45r18-luxxan-aspirer-s3-100w-xl\/","og_locale":"en_US","og_type":"article","og_title":"245\/45R18 Luxxan Aspirer S3 100W XL","og_description":"Luxxan Aspirer S3 \u2013 ir vasaras riepas, kas ir ide\u0101la meistar\u012bbas un veiktsp\u0113jas kombin\u0101cija, ta\u010du par lielisku cenu. Modelim ir asimetrisks protektora raksts, kas nodro\u0161ina dro\u0161u brauk\u0161anas pieredzi neatkar\u012bgi no apst\u0101k\u013ciem. Tai ir ar\u012b augsta nodilumiztur\u012bba, t\u0101p\u0113c \u0161\u012b riepa kalpo ilgu laiku","og_url":"https:\/\/mmkriepas.lv\/en\/p\/245-45r18-luxxan-aspirer-s3-100w-xl\/","og_site_name":"MMK Riepas","article_publisher":"https:\/\/www.facebook.com\/mmkserviss\/","article_modified_time":"2025-02-12T22:03:46+00:00","og_image":[{"width":1920,"height":1440,"url":"https:\/\/mmkriepas.lv\/wp-content\/uploads\/2023\/03\/24545r18-luxxan-aspirer-s3-100w-xl-vasaras-riepas.jpg","type":"image\/jpeg"}],"twitter_card":"summary_large_image","twitter_misc":{"Price":"&euro;62.00","Availability":"Out of stock"},"schema":{"@context":"https:\/\/schema.org","@graph":[{"@type":"WebPage","@id":"https:\/\/mmkriepas.lv\/en\/p\/245-45r18-luxxan-aspirer-s3-100w-xl\/","url":"https:\/\/mmkriepas.lv\/en\/p\/245-45r18-luxxan-aspirer-s3-100w-xl\/","name":"245\/45R18 Luxxan Aspirer S3 100W XL &#8226; MMK Riepas","isPartOf":{"@id":"https:\/\/mmkriepas.lv\/en\/#website"},"primaryImageOfPage":{"@id":"https:\/\/mmkriepas.lv\/en\/p\/245-45r18-luxxan-aspirer-s3-100w-xl\/#primaryimage"},"image":{"@id":"https:\/\/mmkriepas.lv\/en\/p\/245-45r18-luxxan-aspirer-s3-100w-xl\/#primaryimage"},"thumbnailUrl":"https:\/\/mmkriepas.lv\/wp-content\/uploads\/2023\/03\/24545r18-luxxan-aspirer-s3-100w-xl-vasaras-riepas.jpg","datePublished":"2023-03-15T08:38:34+00:00","dateModified":"2025-02-12T22:03:46+00:00","breadcrumb":{"@id":"https:\/\/mmkriepas.lv\/en\/p\/245-45r18-luxxan-aspirer-s3-100w-xl\/#breadcrumb"},"inLanguage":"en-US","potentialAction":[{"@type":"ReadAction","target":["https:\/\/mmkriepas.lv\/en\/p\/245-45r18-luxxan-aspirer-s3-100w-xl\/"]}]},{"@type":"ImageObject","inLanguage":"en-US","@id":"https:\/\/mmkriepas.lv\/en\/p\/245-45r18-luxxan-aspirer-s3-100w-xl\/#primaryimage","url":"https:\/\/mmkriepas.lv\/wp-content\/uploads\/2023\/03\/24545r18-luxxan-aspirer-s3-100w-xl-vasaras-riepas.jpg","contentUrl":"https:\/\/mmkriepas.lv\/wp-content\/uploads\/2023\/03\/24545r18-luxxan-aspirer-s3-100w-xl-vasaras-riepas.jpg","width":1920,"height":1440,"caption":"245\/45R18 Luxxan Aspirer S3 100W XL - Vasaras riepas"},{"@type":"BreadcrumbList","@id":"https:\/\/mmkriepas.lv\/en\/p\/245-45r18-luxxan-aspirer-s3-100w-xl\/#breadcrumb","itemListElement":[{"@type":"ListItem","position":1,"name":"S\u0101kums","item":"https:\/\/mmkriepas.lv\/en\/"},{"@type":"ListItem","position":2,"name":"245\/45R18 Luxxan Aspirer S3 100W XL"}]},{"@type":"WebSite","@id":"https:\/\/mmkriepas.lv\/en\/#website","url":"https:\/\/mmkriepas.lv\/en\/","name":"MMK Riepas","description":"MMK Riepas","alternateName":"MMK Riepu Serviss","potentialAction":[{"@type":"SearchAction","target":{"@type":"EntryPoint","urlTemplate":"https:\/\/mmkriepas.lv\/en\/?s={search_term_string}"},"query-input":{"@type":"PropertyValueSpecification","valueRequired":true,"valueName":"search_term_string"}}],"inLanguage":"en-US"},{"@type":"ImageObject","inLanguage":"en-US","@id":"https:\/\/mmkriepas.lv\/en\/p\/245-45r18-luxxan-aspirer-s3-100w-xl\/#local-main-organization-logo","url":"","contentUrl":"","caption":"MMK Riepas"}]},"product_brand":"Luxxan Aspirer S3","product_price_amount":"62.00","product_price_currency":"EUR","og_availability":"out of stock","product_availability":"out of stock","product_retailer_item_id":"TS2454518LUXXA-22185","product_condition":"new"},"_links":{"self":[{"href":"https:\/\/mmkriepas.lv\/en\/wp-json\/wp\/v2\/product\/671693","targetHints":{"allow":["GET"]}}],"collection":[{"href":"https:\/\/mmkriepas.lv\/en\/wp-json\/wp\/v2\/product"}],"about":[{"href":"https:\/\/mmkriepas.lv\/en\/wp-json\/wp\/v2\/types\/product"}],"wp:featuredmedia":[{"embeddable":true,"href":"https:\/\/mmkriepas.lv\/en\/wp-json\/wp\/v2\/media\/673505"}],"wp:attachment":[{"href":"https:\/\/mmkriepas.lv\/en\/wp-json\/wp\/v2\/media?parent=671693"}],"wp:term":[{"taxonomy":"product_brand","embeddable":true,"href":"https:\/\/mmkriepas.lv\/en\/wp-json\/wp\/v2\/product_brand?post=671693"},{"taxonomy":"product_cat","embeddable":true,"href":"https:\/\/mmkriepas.lv\/en\/wp-json\/wp\/v2\/product_cat?post=671693"},{"taxonomy":"product_tag","embeddable":true,"href":"https:\/\/mmkriepas.lv\/en\/wp-json\/wp\/v2\/product_tag?post=671693"}],"curies":[{"name":"wp","href":"https:\/\/api.w.org\/{rel}","templated":true}]}}