{"id":671669,"date":"2023-03-15T10:37:43","date_gmt":"2023-03-15T08:37:43","guid":{"rendered":"https:\/\/mmkserviss.lv\/?post_type=product&#038;p=671669"},"modified":"2026-03-27T23:23:10","modified_gmt":"2026-03-27T21:23:10","slug":"235-55r17-compasal-smacher-103w-xl","status":"publish","type":"product","link":"https:\/\/mmkriepas.lv\/en\/p\/235-55r17-compasal-smacher-103w-xl\/","title":{"rendered":"235\/55R17 Compasal Smacher 103W XL"},"content":{"rendered":"<p><strong>Compasal Smacher<\/strong> ir vasaras riepu modelis, kas izce\u013cas gan ar teicamu veiktsp\u0113ju uz asfalta un grants ce\u013ca virsm\u0101m, gan ar zemu degvielas pat\u0113ri\u0146u un uzlabotu nodilumiztur\u012bbu.<\/p>\n<p><strong>Compasal Smacher galven\u0101s iez\u012bmes<\/strong><\/p>\n<p>+ Teicama sa\u0137ere ar asfalt\u0113t\u0101m ce\u013ca virsm\u0101m un grants ce\u013ciem,<\/p>\n<p>+ Zems degvielas pat\u0113ri\u0146\u0161!<\/p>\n<p>+ Augsts gaitas un akustiskais komforts,<\/p>\n<p>+ Zems akvaplan\u0113\u0161anas risks,<\/p>\n<p>+ Augsta nodilumiztur\u012bba,<\/p>\n<p>+ Augsta cenas un veiktsp\u0113jas attiec\u012bba.<\/p>\n<p><strong>Smacher apr\u012bkojums<\/strong> <strong>Compasal Smacher <\/strong>vasaras riepas apr\u012bkotas ar vasaras riep\u0101m rakstur\u012bgo, simetrisko protektora rakstu. Riepas garenisko protektora joslu blokos iestr\u0101d\u0101ts liels papildus iegriezumu skaits. Tie vienlaikus kalpo gan sa\u0137eres uzlabo\u0161anai ar grants vai me\u017ea ce\u013ciem, gan ar\u012b k\u0101 papildus \u016bdens novadkan\u0101li. Tie, tand\u0113m\u0101 ar riepas 4 galvenajiem \u016bdens novadkan\u0101liem, atbr\u012bvo sa\u0137eres laukumu ar ce\u013cu, samazinot akvaplan\u0113\u0161anas risku.<\/p>\n<p><strong>Smacher <\/strong>riepu modelis darin\u0101ts no nodilumiztur\u012bga gumijas sakaus\u0113juma, nodro\u0161inot ilgtsp\u0113j\u012bbu pat intens\u012bvas ekspluat\u0101cijas apst\u0101k\u013cos.<\/p>\n<p><strong>*Uzman\u012bbu: Vasaras riepas, kas ir ra\u017eotas \u0136\u012bn\u0101, var b\u016bt apz\u012bm\u0113tas ar apz\u012bm\u0113jumu M+S. J\u0101\u0146em ver\u0101, ka \u0136\u012bnas teritorija sniedzas da\u017e\u0101d\u0101s klimatiskaj\u0101s zon\u0101s, kur da\u017eviet metereolo\u0123isk\u0101 ziema t\u0101 ar\u012b neiest\u0101jas. L\u012bdz ar to, tur \u0161\u012bs riepas var izmantot visu gadu, kam\u0113r Latvij\u0101 tas nestr\u0101d\u0101!<\/strong> <span>\u00a0<\/span><\/p>\n","protected":false},"excerpt":{"rendered":"<p><strong>Compasal Smacher<\/strong> ir vasaras riepu modelis, kas izce\u013cas gan ar teicamu veiktsp\u0113ju uz asfalta un grants ce\u013ca virsm\u0101m, gan ar zemu degvielas pat\u0113ri\u0146u un uzlabotu nodilumiztur\u012bbu.<\/p>\n","protected":false},"featured_media":275822,"template":"","meta":{"_acf_changed":false,"ngg_post_thumbnail":0},"product_brand":[],"product_cat":[46],"product_tag":[],"class_list":{"0":"post-671669","1":"product","2":"type-product","3":"status-publish","4":"has-post-thumbnail","6":"product_cat-vasaras-riepas","8":"first","9":"instock","10":"sale","11":"taxable","12":"shipping-taxable","13":"purchasable","14":"product-type-simple"},"acf":[],"yoast_head":"<!-- This site is optimized with the Yoast SEO Premium plugin v22.6 (Yoast SEO v27.3) - https:\/\/yoast.com\/product\/yoast-seo-premium-wordpress\/ -->\n<title>235\/55R17 Compasal Smacher 103W XL &#8226; MMK Riepas<\/title>\n<meta name=\"description\" content=\"Compasal Smacher ir vasaras riepu modelis, kas izce\u013cas gan ar teicamu veiktsp\u0113ju uz asfalta un grants ce\u013ca virsm\u0101m.\" \/>\n<meta name=\"robots\" content=\"index, follow, max-snippet:-1, max-image-preview:large, max-video-preview:-1\" \/>\n<link rel=\"canonical\" href=\"https:\/\/mmkriepas.lv\/en\/p\/235-55r17-compasal-smacher-103w-xl\/\" \/>\n<meta property=\"og:locale\" content=\"en_US\" \/>\n<meta property=\"og:type\" content=\"article\" \/>\n<meta property=\"og:title\" content=\"235\/55R17 Compasal Smacher 103W XL\" \/>\n<meta property=\"og:description\" content=\"Compasal Smacher ir vasaras riepu modelis, kas izce\u013cas gan ar teicamu veiktsp\u0113ju uz asfalta un grants ce\u013ca virsm\u0101m.\" \/>\n<meta property=\"og:url\" content=\"https:\/\/mmkriepas.lv\/en\/p\/235-55r17-compasal-smacher-103w-xl\/\" \/>\n<meta property=\"og:site_name\" content=\"MMK Riepas\" \/>\n<meta property=\"article:publisher\" content=\"https:\/\/www.facebook.com\/mmkserviss\/\" \/>\n<meta property=\"article:modified_time\" content=\"2026-03-27T21:23:10+00:00\" \/>\n<meta property=\"og:image\" content=\"https:\/\/mmkriepas.lv\/wp-content\/uploads\/2022\/08\/25550r19-compasal-smacher-107v-xl-vasaras-riepas.jpg\" \/>\n\t<meta property=\"og:image:width\" content=\"1920\" \/>\n\t<meta property=\"og:image:height\" content=\"1278\" \/>\n\t<meta property=\"og:image:type\" content=\"image\/jpeg\" \/>\n<meta name=\"twitter:card\" content=\"summary_large_image\" \/>\n<meta name=\"twitter:label1\" content=\"Price\" \/>\n\t<meta name=\"twitter:data1\" content=\"&euro;39.00\" \/>\n\t<meta name=\"twitter:label2\" content=\"Availability\" \/>\n\t<meta name=\"twitter:data2\" content=\"In stock\" \/>\n<script type=\"application\/ld+json\" class=\"yoast-schema-graph\">{\"@context\":\"https:\\\/\\\/schema.org\",\"@graph\":[{\"@type\":\"WebPage\",\"@id\":\"https:\\\/\\\/mmkriepas.lv\\\/en\\\/p\\\/235-55r17-compasal-smacher-103w-xl\\\/\",\"url\":\"https:\\\/\\\/mmkriepas.lv\\\/en\\\/p\\\/235-55r17-compasal-smacher-103w-xl\\\/\",\"name\":\"235\\\/55R17 Compasal Smacher 103W XL &#8226; MMK Riepas\",\"isPartOf\":{\"@id\":\"https:\\\/\\\/mmkriepas.lv\\\/en\\\/#website\"},\"primaryImageOfPage\":{\"@id\":\"https:\\\/\\\/mmkriepas.lv\\\/en\\\/p\\\/235-55r17-compasal-smacher-103w-xl\\\/#primaryimage\"},\"image\":{\"@id\":\"https:\\\/\\\/mmkriepas.lv\\\/en\\\/p\\\/235-55r17-compasal-smacher-103w-xl\\\/#primaryimage\"},\"thumbnailUrl\":\"https:\\\/\\\/mmkriepas.lv\\\/wp-content\\\/uploads\\\/2022\\\/08\\\/25550r19-compasal-smacher-107v-xl-vasaras-riepas.jpg\",\"datePublished\":\"2023-03-15T08:37:43+00:00\",\"dateModified\":\"2026-03-27T21:23:10+00:00\",\"description\":\"Compasal Smacher ir vasaras riepu modelis, kas izce\u013cas gan ar teicamu veiktsp\u0113ju uz asfalta un grants ce\u013ca virsm\u0101m.\",\"breadcrumb\":{\"@id\":\"https:\\\/\\\/mmkriepas.lv\\\/en\\\/p\\\/235-55r17-compasal-smacher-103w-xl\\\/#breadcrumb\"},\"inLanguage\":\"en-US\",\"potentialAction\":[{\"@type\":\"ReadAction\",\"target\":[\"https:\\\/\\\/mmkriepas.lv\\\/en\\\/p\\\/235-55r17-compasal-smacher-103w-xl\\\/\"]}]},{\"@type\":\"ImageObject\",\"inLanguage\":\"en-US\",\"@id\":\"https:\\\/\\\/mmkriepas.lv\\\/en\\\/p\\\/235-55r17-compasal-smacher-103w-xl\\\/#primaryimage\",\"url\":\"https:\\\/\\\/mmkriepas.lv\\\/wp-content\\\/uploads\\\/2022\\\/08\\\/25550r19-compasal-smacher-107v-xl-vasaras-riepas.jpg\",\"contentUrl\":\"https:\\\/\\\/mmkriepas.lv\\\/wp-content\\\/uploads\\\/2022\\\/08\\\/25550r19-compasal-smacher-107v-xl-vasaras-riepas.jpg\",\"width\":1920,\"height\":1278,\"caption\":\"255\\\/50R19 Compasal Smacher 107V XL - Vasaras riepas\"},{\"@type\":\"BreadcrumbList\",\"@id\":\"https:\\\/\\\/mmkriepas.lv\\\/en\\\/p\\\/235-55r17-compasal-smacher-103w-xl\\\/#breadcrumb\",\"itemListElement\":[{\"@type\":\"ListItem\",\"position\":1,\"name\":\"S\u0101kums\",\"item\":\"https:\\\/\\\/mmkriepas.lv\\\/en\\\/\"},{\"@type\":\"ListItem\",\"position\":2,\"name\":\"235\\\/55R17 Compasal Smacher 103W XL\"}]},{\"@type\":\"WebSite\",\"@id\":\"https:\\\/\\\/mmkriepas.lv\\\/en\\\/#website\",\"url\":\"https:\\\/\\\/mmkriepas.lv\\\/en\\\/\",\"name\":\"MMK Riepas\",\"description\":\"MMK Riepas\",\"alternateName\":\"MMK Riepu Serviss\",\"potentialAction\":[{\"@type\":\"SearchAction\",\"target\":{\"@type\":\"EntryPoint\",\"urlTemplate\":\"https:\\\/\\\/mmkriepas.lv\\\/en\\\/?s={search_term_string}\"},\"query-input\":{\"@type\":\"PropertyValueSpecification\",\"valueRequired\":true,\"valueName\":\"search_term_string\"}}],\"inLanguage\":\"en-US\"},{\"@type\":\"ImageObject\",\"inLanguage\":\"en-US\",\"@id\":\"https:\\\/\\\/mmkriepas.lv\\\/en\\\/p\\\/235-55r17-compasal-smacher-103w-xl\\\/#local-main-organization-logo\",\"url\":\"\",\"contentUrl\":\"\",\"caption\":\"MMK Riepas\"}]}<\/script>\n<meta property=\"product:brand\" content=\"Compasal Smacher\" \/>\n<meta property=\"product:price:amount\" content=\"39.00\" \/>\n<meta property=\"product:price:currency\" content=\"EUR\" \/>\n<meta property=\"og:availability\" content=\"instock\" \/>\n<meta property=\"product:availability\" content=\"instock\" \/>\n<meta property=\"product:retailer_item_id\" content=\"TS2355517COMPA-22173\" \/>\n<meta property=\"product:condition\" content=\"new\" \/>\n<!-- \/ Yoast SEO Premium plugin. -->","yoast_head_json":{"title":"235\/55R17 Compasal Smacher 103W XL &#8226; MMK Riepas","description":"Compasal Smacher ir vasaras riepu modelis, kas izce\u013cas gan ar teicamu veiktsp\u0113ju uz asfalta un grants ce\u013ca virsm\u0101m.","robots":{"index":"index","follow":"follow","max-snippet":"max-snippet:-1","max-image-preview":"max-image-preview:large","max-video-preview":"max-video-preview:-1"},"canonical":"https:\/\/mmkriepas.lv\/en\/p\/235-55r17-compasal-smacher-103w-xl\/","og_locale":"en_US","og_type":"article","og_title":"235\/55R17 Compasal Smacher 103W XL","og_description":"Compasal Smacher ir vasaras riepu modelis, kas izce\u013cas gan ar teicamu veiktsp\u0113ju uz asfalta un grants ce\u013ca virsm\u0101m.","og_url":"https:\/\/mmkriepas.lv\/en\/p\/235-55r17-compasal-smacher-103w-xl\/","og_site_name":"MMK Riepas","article_publisher":"https:\/\/www.facebook.com\/mmkserviss\/","article_modified_time":"2026-03-27T21:23:10+00:00","og_image":[{"width":1920,"height":1278,"url":"https:\/\/mmkriepas.lv\/wp-content\/uploads\/2022\/08\/25550r19-compasal-smacher-107v-xl-vasaras-riepas.jpg","type":"image\/jpeg"}],"twitter_card":"summary_large_image","twitter_misc":{"Price":"&euro;39.00","Availability":"In stock"},"schema":{"@context":"https:\/\/schema.org","@graph":[{"@type":"WebPage","@id":"https:\/\/mmkriepas.lv\/en\/p\/235-55r17-compasal-smacher-103w-xl\/","url":"https:\/\/mmkriepas.lv\/en\/p\/235-55r17-compasal-smacher-103w-xl\/","name":"235\/55R17 Compasal Smacher 103W XL &#8226; MMK Riepas","isPartOf":{"@id":"https:\/\/mmkriepas.lv\/en\/#website"},"primaryImageOfPage":{"@id":"https:\/\/mmkriepas.lv\/en\/p\/235-55r17-compasal-smacher-103w-xl\/#primaryimage"},"image":{"@id":"https:\/\/mmkriepas.lv\/en\/p\/235-55r17-compasal-smacher-103w-xl\/#primaryimage"},"thumbnailUrl":"https:\/\/mmkriepas.lv\/wp-content\/uploads\/2022\/08\/25550r19-compasal-smacher-107v-xl-vasaras-riepas.jpg","datePublished":"2023-03-15T08:37:43+00:00","dateModified":"2026-03-27T21:23:10+00:00","description":"Compasal Smacher ir vasaras riepu modelis, kas izce\u013cas gan ar teicamu veiktsp\u0113ju uz asfalta un grants ce\u013ca virsm\u0101m.","breadcrumb":{"@id":"https:\/\/mmkriepas.lv\/en\/p\/235-55r17-compasal-smacher-103w-xl\/#breadcrumb"},"inLanguage":"en-US","potentialAction":[{"@type":"ReadAction","target":["https:\/\/mmkriepas.lv\/en\/p\/235-55r17-compasal-smacher-103w-xl\/"]}]},{"@type":"ImageObject","inLanguage":"en-US","@id":"https:\/\/mmkriepas.lv\/en\/p\/235-55r17-compasal-smacher-103w-xl\/#primaryimage","url":"https:\/\/mmkriepas.lv\/wp-content\/uploads\/2022\/08\/25550r19-compasal-smacher-107v-xl-vasaras-riepas.jpg","contentUrl":"https:\/\/mmkriepas.lv\/wp-content\/uploads\/2022\/08\/25550r19-compasal-smacher-107v-xl-vasaras-riepas.jpg","width":1920,"height":1278,"caption":"255\/50R19 Compasal Smacher 107V XL - Vasaras riepas"},{"@type":"BreadcrumbList","@id":"https:\/\/mmkriepas.lv\/en\/p\/235-55r17-compasal-smacher-103w-xl\/#breadcrumb","itemListElement":[{"@type":"ListItem","position":1,"name":"S\u0101kums","item":"https:\/\/mmkriepas.lv\/en\/"},{"@type":"ListItem","position":2,"name":"235\/55R17 Compasal Smacher 103W XL"}]},{"@type":"WebSite","@id":"https:\/\/mmkriepas.lv\/en\/#website","url":"https:\/\/mmkriepas.lv\/en\/","name":"MMK Riepas","description":"MMK Riepas","alternateName":"MMK Riepu Serviss","potentialAction":[{"@type":"SearchAction","target":{"@type":"EntryPoint","urlTemplate":"https:\/\/mmkriepas.lv\/en\/?s={search_term_string}"},"query-input":{"@type":"PropertyValueSpecification","valueRequired":true,"valueName":"search_term_string"}}],"inLanguage":"en-US"},{"@type":"ImageObject","inLanguage":"en-US","@id":"https:\/\/mmkriepas.lv\/en\/p\/235-55r17-compasal-smacher-103w-xl\/#local-main-organization-logo","url":"","contentUrl":"","caption":"MMK Riepas"}]},"product_brand":"Compasal Smacher","product_price_amount":"39.00","product_price_currency":"EUR","og_availability":"instock","product_availability":"instock","product_retailer_item_id":"TS2355517COMPA-22173","product_condition":"new"},"_links":{"self":[{"href":"https:\/\/mmkriepas.lv\/en\/wp-json\/wp\/v2\/product\/671669","targetHints":{"allow":["GET"]}}],"collection":[{"href":"https:\/\/mmkriepas.lv\/en\/wp-json\/wp\/v2\/product"}],"about":[{"href":"https:\/\/mmkriepas.lv\/en\/wp-json\/wp\/v2\/types\/product"}],"wp:featuredmedia":[{"embeddable":true,"href":"https:\/\/mmkriepas.lv\/en\/wp-json\/wp\/v2\/media\/275822"}],"wp:attachment":[{"href":"https:\/\/mmkriepas.lv\/en\/wp-json\/wp\/v2\/media?parent=671669"}],"wp:term":[{"taxonomy":"product_brand","embeddable":true,"href":"https:\/\/mmkriepas.lv\/en\/wp-json\/wp\/v2\/product_brand?post=671669"},{"taxonomy":"product_cat","embeddable":true,"href":"https:\/\/mmkriepas.lv\/en\/wp-json\/wp\/v2\/product_cat?post=671669"},{"taxonomy":"product_tag","embeddable":true,"href":"https:\/\/mmkriepas.lv\/en\/wp-json\/wp\/v2\/product_tag?post=671669"}],"curies":[{"name":"wp","href":"https:\/\/api.w.org\/{rel}","templated":true}]}}