{"id":671659,"date":"2023-03-15T10:37:21","date_gmt":"2023-03-15T08:37:21","guid":{"rendered":"https:\/\/mmkserviss.lv\/?post_type=product&#038;p=671659"},"modified":"2026-03-27T22:55:06","modified_gmt":"2026-03-27T20:55:06","slug":"185-60r15-zmax-icepioneer-868-84h","status":"publish","type":"product","link":"https:\/\/mmkriepas.lv\/en\/p\/185-60r15-zmax-icepioneer-868-84h\/","title":{"rendered":"185\/60R15 Zmax Icepioneer 868 84H"},"content":{"rendered":"<p><strong>Zmax Icepioneer 868<\/strong> ir laba bud\u017eeta klases ziemas riepa, kas paredz\u0113ta vieglajiem auto. M\u016bsdien\u012bgas tehnolo\u0123ijas un virkne atjaut\u012bgu risin\u0101jumu, kas pielietoti \u0161\u012bs riepas izgatavo\u0161an\u0101, ir pal\u012bdz\u0113ju\u0161i izveidot uzticamu ziemas riepu modeli, kas uzr\u0101da p\u0101rliecino\u0161u veiktsp\u0113ju jebk\u0101dos ziemas apst\u0101k\u013cos.<\/p>\n<p><strong>Icepioneer 868 galven\u0101s iez\u012bmes<\/strong><\/p>\n<p>+Laba veiktsp\u0113ja snieg\u0101 un uz ledus!<\/p>\n<p>+Degvielas ekonomija!<\/p>\n<p>+Ilglaic\u012bga kalpotsp\u0113ja!<\/p>\n<p>+Komfortabla un klusa gaita!<\/p>\n<p>+Stabilit\u0101te, laba manevr\u0113tsp\u0113ja un atsauc\u012bba lielos brauk\u0161anas \u0101trumos!<\/p>\n<p><strong>+Labs cenas un veiktsp\u0113jas koeficents!<\/strong><\/p>\n<p><strong>Icepioneer 868 apr\u012bkojums<\/strong><\/p>\n<p>Riepas protektors veidots asimetrisk\u0101 stil\u0101, padarot gaitu klus\u0101ku un komfortabl\u0101ku. Dizain\u0101 man\u0101mas nelielas virz\u012bta stila iez\u012bmes, kas pal\u012bdz riepai b\u016bt veiktsp\u0113j\u012bg\u0101kai snieg\u0101. Asimetriski izvietotajos protektora blokos bl\u012bvi iestr\u0101d\u0101ti vair\u0101ki t\u016bksto\u0161i lame\u013cu, kas ar as\u0101m kant\u0113m burtiski iec\u0113rtas ledus slidenaj\u0101 virsm\u0101, ar to veidojot sa\u0137eri.<\/p>\n<p>Grenlander Winter GL868 gumijas mais\u012bjumam pievienota virkne elastrom\u0113ru, kas riepai liek saglab\u0101t elast\u012bbu un, l\u012bdz ar to, augstus sa\u0137eres r\u0101d\u012bt\u0101jus pla\u0161\u0101 temperat\u016bru diapazon\u0101! Riepas saskares virsmu ar ce\u013cu sausina pla\u0161as dren\u0101\u017eas rievas, kas, tand\u0113m\u0101 ar lamel\u0113m, novada \u016bdeni un sniegu.<\/p>\n","protected":false},"excerpt":{"rendered":"<p><strong>Zmax Icepioneer 868<\/strong> ir laba bud\u017eeta klases ziemas riepa, kas paredz\u0113ta vieglajiem auto. M\u016bsdien\u012bgas tehnolo\u0123ijas un virkne atjaut\u012bgu risin\u0101jumu, kas pielietoti \u0161\u012bs riepas izgatavo\u0161an\u0101, ir pal\u012bdz\u0113ju\u0161i izveidot uzticamu ziemas riepu modeli, kas uzr\u0101da p\u0101rliecino\u0161u veiktsp\u0113ju jebk\u0101dos ziemas apst\u0101k\u013cos.<\/p>\n","protected":false},"featured_media":1213494,"template":"","meta":{"_acf_changed":false,"ngg_post_thumbnail":0},"product_brand":[],"product_cat":[47,45],"product_tag":[],"class_list":{"0":"post-671659","1":"product","2":"type-product","3":"status-publish","4":"has-post-thumbnail","6":"product_cat-vissezonas-riepas","7":"product_cat-ziemas-riepas","9":"first","10":"outofstock","11":"sale","12":"taxable","13":"shipping-taxable","14":"product-type-simple"},"acf":[],"yoast_head":"<!-- This site is optimized with the Yoast SEO Premium plugin v22.6 (Yoast SEO v27.3) - https:\/\/yoast.com\/product\/yoast-seo-premium-wordpress\/ -->\n<title>185\/60R15 Zmax Icepioneer 868 84H &#8226; MMK Riepas<\/title>\n<meta name=\"robots\" content=\"index, follow, max-snippet:-1, max-image-preview:large, max-video-preview:-1\" \/>\n<link rel=\"canonical\" href=\"https:\/\/mmkriepas.lv\/en\/p\/185-60r15-zmax-icepioneer-868-84h\/\" \/>\n<meta property=\"og:locale\" content=\"en_US\" \/>\n<meta property=\"og:type\" content=\"article\" \/>\n<meta property=\"og:title\" content=\"185\/60R15 Zmax Icepioneer 868 84H\" \/>\n<meta property=\"og:description\" content=\"Zmax Icepioneer 868 ir laba bud\u017eeta klases ziemas riepa, kas paredz\u0113ta vieglajiem auto. M\u016bsdien\u012bgas tehnolo\u0123ijas un virkne atjaut\u012bgu risin\u0101jumu, kas pielietoti \u0161\u012bs riepas izgatavo\u0161an\u0101, ir pal\u012bdz\u0113ju\u0161i izveidot uzticamu ziemas riepu modeli, kas uzr\u0101da p\u0101rliecino\u0161u veiktsp\u0113ju jebk\u0101dos ziemas apst\u0101k\u013cos.\" \/>\n<meta property=\"og:url\" content=\"https:\/\/mmkriepas.lv\/en\/p\/185-60r15-zmax-icepioneer-868-84h\/\" \/>\n<meta property=\"og:site_name\" content=\"MMK Riepas\" \/>\n<meta property=\"article:publisher\" content=\"https:\/\/www.facebook.com\/mmkserviss\/\" \/>\n<meta property=\"article:modified_time\" content=\"2026-03-27T20:55:06+00:00\" \/>\n<meta property=\"og:image\" content=\"https:\/\/mmkriepas.lv\/wp-content\/uploads\/2025\/04\/19565r15-zmax-icepioneer-868-95t-xl-ziemas-riepas.jpg\" \/>\n\t<meta property=\"og:image:width\" content=\"900\" \/>\n\t<meta property=\"og:image:height\" content=\"720\" \/>\n\t<meta property=\"og:image:type\" content=\"image\/jpeg\" \/>\n<meta name=\"twitter:card\" content=\"summary_large_image\" \/>\n<meta name=\"twitter:label1\" content=\"Price\" \/>\n\t<meta name=\"twitter:data1\" content=\"&euro;35.00\" \/>\n\t<meta name=\"twitter:label2\" content=\"Availability\" \/>\n\t<meta name=\"twitter:data2\" content=\"Out of stock\" \/>\n<script type=\"application\/ld+json\" class=\"yoast-schema-graph\">{\"@context\":\"https:\\\/\\\/schema.org\",\"@graph\":[{\"@type\":\"WebPage\",\"@id\":\"https:\\\/\\\/mmkriepas.lv\\\/en\\\/p\\\/185-60r15-zmax-icepioneer-868-84h\\\/\",\"url\":\"https:\\\/\\\/mmkriepas.lv\\\/en\\\/p\\\/185-60r15-zmax-icepioneer-868-84h\\\/\",\"name\":\"185\\\/60R15 Zmax Icepioneer 868 84H &#8226; MMK Riepas\",\"isPartOf\":{\"@id\":\"https:\\\/\\\/mmkriepas.lv\\\/en\\\/#website\"},\"primaryImageOfPage\":{\"@id\":\"https:\\\/\\\/mmkriepas.lv\\\/en\\\/p\\\/185-60r15-zmax-icepioneer-868-84h\\\/#primaryimage\"},\"image\":{\"@id\":\"https:\\\/\\\/mmkriepas.lv\\\/en\\\/p\\\/185-60r15-zmax-icepioneer-868-84h\\\/#primaryimage\"},\"thumbnailUrl\":\"https:\\\/\\\/mmkriepas.lv\\\/wp-content\\\/uploads\\\/2025\\\/04\\\/19565r15-zmax-icepioneer-868-95t-xl-ziemas-riepas.jpg\",\"datePublished\":\"2023-03-15T08:37:21+00:00\",\"dateModified\":\"2026-03-27T20:55:06+00:00\",\"breadcrumb\":{\"@id\":\"https:\\\/\\\/mmkriepas.lv\\\/en\\\/p\\\/185-60r15-zmax-icepioneer-868-84h\\\/#breadcrumb\"},\"inLanguage\":\"en-US\",\"potentialAction\":[{\"@type\":\"ReadAction\",\"target\":[\"https:\\\/\\\/mmkriepas.lv\\\/en\\\/p\\\/185-60r15-zmax-icepioneer-868-84h\\\/\"]}]},{\"@type\":\"ImageObject\",\"inLanguage\":\"en-US\",\"@id\":\"https:\\\/\\\/mmkriepas.lv\\\/en\\\/p\\\/185-60r15-zmax-icepioneer-868-84h\\\/#primaryimage\",\"url\":\"https:\\\/\\\/mmkriepas.lv\\\/wp-content\\\/uploads\\\/2025\\\/04\\\/19565r15-zmax-icepioneer-868-95t-xl-ziemas-riepas.jpg\",\"contentUrl\":\"https:\\\/\\\/mmkriepas.lv\\\/wp-content\\\/uploads\\\/2025\\\/04\\\/19565r15-zmax-icepioneer-868-95t-xl-ziemas-riepas.jpg\",\"width\":900,\"height\":720,\"caption\":\"MAIN\"},{\"@type\":\"BreadcrumbList\",\"@id\":\"https:\\\/\\\/mmkriepas.lv\\\/en\\\/p\\\/185-60r15-zmax-icepioneer-868-84h\\\/#breadcrumb\",\"itemListElement\":[{\"@type\":\"ListItem\",\"position\":1,\"name\":\"S\u0101kums\",\"item\":\"https:\\\/\\\/mmkriepas.lv\\\/en\\\/\"},{\"@type\":\"ListItem\",\"position\":2,\"name\":\"185\\\/60R15 Zmax Icepioneer 868 84H\"}]},{\"@type\":\"WebSite\",\"@id\":\"https:\\\/\\\/mmkriepas.lv\\\/en\\\/#website\",\"url\":\"https:\\\/\\\/mmkriepas.lv\\\/en\\\/\",\"name\":\"MMK Riepas\",\"description\":\"MMK Riepas\",\"alternateName\":\"MMK Riepu Serviss\",\"potentialAction\":[{\"@type\":\"SearchAction\",\"target\":{\"@type\":\"EntryPoint\",\"urlTemplate\":\"https:\\\/\\\/mmkriepas.lv\\\/en\\\/?s={search_term_string}\"},\"query-input\":{\"@type\":\"PropertyValueSpecification\",\"valueRequired\":true,\"valueName\":\"search_term_string\"}}],\"inLanguage\":\"en-US\"},{\"@type\":\"ImageObject\",\"inLanguage\":\"en-US\",\"@id\":\"https:\\\/\\\/mmkriepas.lv\\\/en\\\/p\\\/185-60r15-zmax-icepioneer-868-84h\\\/#local-main-organization-logo\",\"url\":\"\",\"contentUrl\":\"\",\"caption\":\"MMK Riepas\"}]}<\/script>\n<meta property=\"product:brand\" content=\"Zmax Icepioneer 868\" \/>\n<meta property=\"product:price:amount\" content=\"35.00\" \/>\n<meta property=\"product:price:currency\" content=\"EUR\" \/>\n<meta property=\"og:availability\" content=\"out of stock\" \/>\n<meta property=\"product:availability\" content=\"out of stock\" \/>\n<meta property=\"product:retailer_item_id\" content=\"TW1856015ZMAX-22168\" \/>\n<meta property=\"product:condition\" content=\"new\" \/>\n<!-- \/ Yoast SEO Premium plugin. -->","yoast_head_json":{"title":"185\/60R15 Zmax Icepioneer 868 84H &#8226; MMK Riepas","robots":{"index":"index","follow":"follow","max-snippet":"max-snippet:-1","max-image-preview":"max-image-preview:large","max-video-preview":"max-video-preview:-1"},"canonical":"https:\/\/mmkriepas.lv\/en\/p\/185-60r15-zmax-icepioneer-868-84h\/","og_locale":"en_US","og_type":"article","og_title":"185\/60R15 Zmax Icepioneer 868 84H","og_description":"Zmax Icepioneer 868 ir laba bud\u017eeta klases ziemas riepa, kas paredz\u0113ta vieglajiem auto. M\u016bsdien\u012bgas tehnolo\u0123ijas un virkne atjaut\u012bgu risin\u0101jumu, kas pielietoti \u0161\u012bs riepas izgatavo\u0161an\u0101, ir pal\u012bdz\u0113ju\u0161i izveidot uzticamu ziemas riepu modeli, kas uzr\u0101da p\u0101rliecino\u0161u veiktsp\u0113ju jebk\u0101dos ziemas apst\u0101k\u013cos.","og_url":"https:\/\/mmkriepas.lv\/en\/p\/185-60r15-zmax-icepioneer-868-84h\/","og_site_name":"MMK Riepas","article_publisher":"https:\/\/www.facebook.com\/mmkserviss\/","article_modified_time":"2026-03-27T20:55:06+00:00","og_image":[{"width":900,"height":720,"url":"https:\/\/mmkriepas.lv\/wp-content\/uploads\/2025\/04\/19565r15-zmax-icepioneer-868-95t-xl-ziemas-riepas.jpg","type":"image\/jpeg"}],"twitter_card":"summary_large_image","twitter_misc":{"Price":"&euro;35.00","Availability":"Out of stock"},"schema":{"@context":"https:\/\/schema.org","@graph":[{"@type":"WebPage","@id":"https:\/\/mmkriepas.lv\/en\/p\/185-60r15-zmax-icepioneer-868-84h\/","url":"https:\/\/mmkriepas.lv\/en\/p\/185-60r15-zmax-icepioneer-868-84h\/","name":"185\/60R15 Zmax Icepioneer 868 84H &#8226; MMK Riepas","isPartOf":{"@id":"https:\/\/mmkriepas.lv\/en\/#website"},"primaryImageOfPage":{"@id":"https:\/\/mmkriepas.lv\/en\/p\/185-60r15-zmax-icepioneer-868-84h\/#primaryimage"},"image":{"@id":"https:\/\/mmkriepas.lv\/en\/p\/185-60r15-zmax-icepioneer-868-84h\/#primaryimage"},"thumbnailUrl":"https:\/\/mmkriepas.lv\/wp-content\/uploads\/2025\/04\/19565r15-zmax-icepioneer-868-95t-xl-ziemas-riepas.jpg","datePublished":"2023-03-15T08:37:21+00:00","dateModified":"2026-03-27T20:55:06+00:00","breadcrumb":{"@id":"https:\/\/mmkriepas.lv\/en\/p\/185-60r15-zmax-icepioneer-868-84h\/#breadcrumb"},"inLanguage":"en-US","potentialAction":[{"@type":"ReadAction","target":["https:\/\/mmkriepas.lv\/en\/p\/185-60r15-zmax-icepioneer-868-84h\/"]}]},{"@type":"ImageObject","inLanguage":"en-US","@id":"https:\/\/mmkriepas.lv\/en\/p\/185-60r15-zmax-icepioneer-868-84h\/#primaryimage","url":"https:\/\/mmkriepas.lv\/wp-content\/uploads\/2025\/04\/19565r15-zmax-icepioneer-868-95t-xl-ziemas-riepas.jpg","contentUrl":"https:\/\/mmkriepas.lv\/wp-content\/uploads\/2025\/04\/19565r15-zmax-icepioneer-868-95t-xl-ziemas-riepas.jpg","width":900,"height":720,"caption":"MAIN"},{"@type":"BreadcrumbList","@id":"https:\/\/mmkriepas.lv\/en\/p\/185-60r15-zmax-icepioneer-868-84h\/#breadcrumb","itemListElement":[{"@type":"ListItem","position":1,"name":"S\u0101kums","item":"https:\/\/mmkriepas.lv\/en\/"},{"@type":"ListItem","position":2,"name":"185\/60R15 Zmax Icepioneer 868 84H"}]},{"@type":"WebSite","@id":"https:\/\/mmkriepas.lv\/en\/#website","url":"https:\/\/mmkriepas.lv\/en\/","name":"MMK Riepas","description":"MMK Riepas","alternateName":"MMK Riepu Serviss","potentialAction":[{"@type":"SearchAction","target":{"@type":"EntryPoint","urlTemplate":"https:\/\/mmkriepas.lv\/en\/?s={search_term_string}"},"query-input":{"@type":"PropertyValueSpecification","valueRequired":true,"valueName":"search_term_string"}}],"inLanguage":"en-US"},{"@type":"ImageObject","inLanguage":"en-US","@id":"https:\/\/mmkriepas.lv\/en\/p\/185-60r15-zmax-icepioneer-868-84h\/#local-main-organization-logo","url":"","contentUrl":"","caption":"MMK Riepas"}]},"product_brand":"Zmax Icepioneer 868","product_price_amount":"35.00","product_price_currency":"EUR","og_availability":"out of stock","product_availability":"out of stock","product_retailer_item_id":"TW1856015ZMAX-22168","product_condition":"new"},"_links":{"self":[{"href":"https:\/\/mmkriepas.lv\/en\/wp-json\/wp\/v2\/product\/671659","targetHints":{"allow":["GET"]}}],"collection":[{"href":"https:\/\/mmkriepas.lv\/en\/wp-json\/wp\/v2\/product"}],"about":[{"href":"https:\/\/mmkriepas.lv\/en\/wp-json\/wp\/v2\/types\/product"}],"wp:featuredmedia":[{"embeddable":true,"href":"https:\/\/mmkriepas.lv\/en\/wp-json\/wp\/v2\/media\/1213494"}],"wp:attachment":[{"href":"https:\/\/mmkriepas.lv\/en\/wp-json\/wp\/v2\/media?parent=671659"}],"wp:term":[{"taxonomy":"product_brand","embeddable":true,"href":"https:\/\/mmkriepas.lv\/en\/wp-json\/wp\/v2\/product_brand?post=671659"},{"taxonomy":"product_cat","embeddable":true,"href":"https:\/\/mmkriepas.lv\/en\/wp-json\/wp\/v2\/product_cat?post=671659"},{"taxonomy":"product_tag","embeddable":true,"href":"https:\/\/mmkriepas.lv\/en\/wp-json\/wp\/v2\/product_tag?post=671659"}],"curies":[{"name":"wp","href":"https:\/\/api.w.org\/{rel}","templated":true}]}}