{"id":671571,"date":"2023-03-15T10:34:12","date_gmt":"2023-03-15T08:34:12","guid":{"rendered":"https:\/\/mmkserviss.lv\/?post_type=product&#038;p=671571"},"modified":"2025-02-13T00:02:03","modified_gmt":"2025-02-12T22:02:03","slug":"255-40r19-u-xcent-el601-100w-xl","status":"publish","type":"product","link":"https:\/\/mmkriepas.lv\/en\/p\/255-40r19-u-xcent-el601-100w-xl\/","title":{"rendered":"255\/40R19 U-Xcent EL601 100W XL"},"content":{"rendered":"<p><span style=\"font-family: Arial, sans-serif;\"><span style=\"color: #000000;\"><span style=\"font-size: small;\"><b>U-Xcent<\/b><\/span><\/span><span style=\"color: #000000;\"><span style=\"font-size: small;\"><b> <\/b><\/span><\/span><span style=\"color: #000000;\"><span style=\"font-size: small;\"><b>EL<\/b><\/span><\/span><span style=\"color: #000000;\"><span style=\"font-size: small;\"><b>601<\/b><\/span><\/span><span style=\"color: #000000;\"><span style=\"font-size: small;\"> &#8211; sportiska tipa vasaras riepas, kas izce\u013cas ar l\u012bdzsvaru starp dro\u0161\u012bbu uz sausa un slapja asfalta, augstu veiktsp\u0113ju un brauk\u0161anas komfortu. \u0160im riepu modelim rakstur\u012bga lieliska manevr\u0113tsp\u0113ja, stabila vad\u0101m\u012bba un efekt\u012bvas bremz\u0113\u0161anas \u012bpa\u0161\u012bbas. <\/span><\/span><\/span><\/p>\n<p><span style=\"font-family: Arial, sans-serif;\"><b><span style=\"color: #000000;\"><span style=\"font-size: medium;\">EL601<\/span><\/span><span style=\"color: #000000;\"><span style=\"font-size: medium;\"> galven\u0101s \u012bpa\u0161\u012bbas<\/span><\/span><\/b><\/span><\/p>\n<p><span style=\"font-family: Arial, sans-serif;\">+ Augsts cenas un veiktsp\u0113jas koeficents.<\/span><\/p>\n<p><span style=\"font-family: Arial, sans-serif;\">+ Sa\u012bsin\u0101ts bremz\u0113\u0161anas ce\u013c\u0161 gan uz sauca, gan slapja asfalta.<\/span><\/p>\n<p><span style=\"font-family: Arial, sans-serif;\">+ Degvielas ekonomija.<\/span><\/p>\n<p><span style=\"font-family: Arial, sans-serif;\">+ Akustiskais komforts.<\/span><\/p>\n<p><span style=\"font-family: Arial, sans-serif;\">+ Att\u012bst\u012bta dren\u0101\u017eas jeb \u016bdens novadkan\u0101lu sist\u0113ma, kas b\u016btiski samazina akvaplan\u0113\u0161anas risku pat lielos brauk\u0161anas \u0101trumos.<\/span><\/p>\n<p><span style=\"font-family: Arial, sans-serif;\"><b><span style=\"color: #000000;\"><span style=\"font-size: medium;\">EL601<\/span><\/span><span style=\"color: #000000;\"><span style=\"font-size: medium;\"> apr\u012bkojums<\/span><\/span><\/b><\/span><\/p>\n<p><span style=\"font-family: Arial, sans-serif;\"><span style=\"color: #000000;\"><span style=\"font-size: small;\"><b>U-Xcent<\/b><\/span><\/span><span style=\"color: #000000;\"><span style=\"font-size: small;\"><b> <\/b><\/span><\/span><span style=\"color: #000000;\"><span style=\"font-size: small;\"><b>EL<\/b><\/span><\/span><span style=\"color: #000000;\"><span style=\"font-size: small;\"><b>601 <\/b><\/span><\/span><span style=\"color: #000000;\"><span style=\"font-size: small;\">vasaras riepas apr\u012bkotas ar unik\u0101la dizaina asimetrisku protektora rakstu. Starp gareniskaj\u0101m protektora virkn\u0113m izvietotas \u016bdens novadrievas, kas b\u016btiski uzlabo dro\u0161\u012bbu uz slapja asfalta.<\/span><\/span> <span style=\"color: #000000;\"><span style=\"font-size: small;\">Protektors veidots no ausgtas kvalit\u0101tes materi\u0101liem, kam pievienota virkne elementu, kuri vienlaikus uzlabo nodilumiztur\u012bbu, sa\u0137eres \u012bpa\u0161\u012bbas un ar\u012b sl\u0101p\u0113 ska\u0146u.<\/span><\/span><\/span><\/p>\n","protected":false},"excerpt":{"rendered":"<p><span style=\"font-family: Arial, sans-serif;\"><span style=\"color: #000000;\"><span style=\"font-size: small;\"><b>U-Xcent<\/b><\/span><\/span><span style=\"color: #000000;\"><span style=\"font-size: small;\"><b> <\/b><\/span><\/span><span style=\"color: #000000;\"><span style=\"font-size: small;\"><b>EL<\/b><\/span><\/span><span style=\"color: #000000;\"><span style=\"font-size: small;\"><b>601<\/b><\/span><\/span><span style=\"color: #000000;\"><span style=\"font-size: small;\"> &#8211; sportiska tipa vasaras riepas, kas izce\u013cas ar l\u012bdzsvaru starp dro\u0161\u012bbu uz sausa un slapja asfalta, augstu veiktsp\u0113ju un brauk\u0161anas komfortu. \u0160im riepu modelim rakstur\u012bga lieliska manevr\u0113tsp\u0113ja, stabila vad\u0101m\u012bba un efekt\u012bvas bremz\u0113\u0161anas \u012bpa\u0161\u012bbas. <\/span><\/span><\/span><\/p>\n","protected":false},"featured_media":894378,"template":"","meta":{"_acf_changed":false,"ngg_post_thumbnail":0},"product_brand":[],"product_cat":[46],"product_tag":[],"class_list":{"0":"post-671571","1":"product","2":"type-product","3":"status-publish","4":"has-post-thumbnail","6":"product_cat-vasaras-riepas","8":"first","9":"outofstock","10":"sale","11":"taxable","12":"shipping-taxable","13":"product-type-simple"},"acf":[],"yoast_head":"<!-- This site is optimized with the Yoast SEO Premium plugin v22.6 (Yoast SEO v27.3) - https:\/\/yoast.com\/product\/yoast-seo-premium-wordpress\/ -->\n<title>255\/40R19 U-Xcent EL601 100W XL &#8226; MMK Riepas<\/title>\n<meta name=\"robots\" content=\"index, follow, max-snippet:-1, max-image-preview:large, max-video-preview:-1\" \/>\n<link rel=\"canonical\" href=\"https:\/\/mmkriepas.lv\/en\/p\/255-40r19-u-xcent-el601-100w-xl\/\" \/>\n<meta property=\"og:locale\" content=\"en_US\" \/>\n<meta property=\"og:type\" content=\"article\" \/>\n<meta property=\"og:title\" content=\"255\/40R19 U-Xcent EL601 100W XL\" \/>\n<meta property=\"og:description\" content=\"U-Xcent EL601 - sportiska tipa vasaras riepas, kas izce\u013cas ar l\u012bdzsvaru starp dro\u0161\u012bbu uz sausa un slapja asfalta, augstu veiktsp\u0113ju un brauk\u0161anas komfortu. \u0160im riepu modelim rakstur\u012bga lieliska manevr\u0113tsp\u0113ja, stabila vad\u0101m\u012bba un efekt\u012bvas bremz\u0113\u0161anas \u012bpa\u0161\u012bbas.\" \/>\n<meta property=\"og:url\" content=\"https:\/\/mmkriepas.lv\/en\/p\/255-40r19-u-xcent-el601-100w-xl\/\" \/>\n<meta property=\"og:site_name\" content=\"MMK Riepas\" \/>\n<meta property=\"article:publisher\" content=\"https:\/\/www.facebook.com\/mmkserviss\/\" \/>\n<meta property=\"article:modified_time\" content=\"2025-02-12T22:02:03+00:00\" \/>\n<meta property=\"og:image\" content=\"https:\/\/mmkriepas.lv\/wp-content\/uploads\/2024\/04\/27535r20-u-xcent-el601-102w-xl-vasaras-riepas.jpg\" \/>\n\t<meta property=\"og:image:width\" content=\"1000\" \/>\n\t<meta property=\"og:image:height\" content=\"848\" \/>\n\t<meta property=\"og:image:type\" content=\"image\/jpeg\" \/>\n<meta name=\"twitter:card\" content=\"summary_large_image\" \/>\n<meta name=\"twitter:label1\" content=\"Price\" \/>\n\t<meta name=\"twitter:data1\" content=\"&euro;59.00\" \/>\n\t<meta name=\"twitter:label2\" content=\"Availability\" \/>\n\t<meta name=\"twitter:data2\" content=\"Out of stock\" \/>\n<script type=\"application\/ld+json\" class=\"yoast-schema-graph\">{\"@context\":\"https:\\\/\\\/schema.org\",\"@graph\":[{\"@type\":\"WebPage\",\"@id\":\"https:\\\/\\\/mmkriepas.lv\\\/en\\\/p\\\/255-40r19-u-xcent-el601-100w-xl\\\/\",\"url\":\"https:\\\/\\\/mmkriepas.lv\\\/en\\\/p\\\/255-40r19-u-xcent-el601-100w-xl\\\/\",\"name\":\"255\\\/40R19 U-Xcent EL601 100W XL &#8226; MMK Riepas\",\"isPartOf\":{\"@id\":\"https:\\\/\\\/mmkriepas.lv\\\/en\\\/#website\"},\"primaryImageOfPage\":{\"@id\":\"https:\\\/\\\/mmkriepas.lv\\\/en\\\/p\\\/255-40r19-u-xcent-el601-100w-xl\\\/#primaryimage\"},\"image\":{\"@id\":\"https:\\\/\\\/mmkriepas.lv\\\/en\\\/p\\\/255-40r19-u-xcent-el601-100w-xl\\\/#primaryimage\"},\"thumbnailUrl\":\"https:\\\/\\\/mmkriepas.lv\\\/wp-content\\\/uploads\\\/2024\\\/04\\\/27535r20-u-xcent-el601-102w-xl-vasaras-riepas.jpg\",\"datePublished\":\"2023-03-15T08:34:12+00:00\",\"dateModified\":\"2025-02-12T22:02:03+00:00\",\"breadcrumb\":{\"@id\":\"https:\\\/\\\/mmkriepas.lv\\\/en\\\/p\\\/255-40r19-u-xcent-el601-100w-xl\\\/#breadcrumb\"},\"inLanguage\":\"en-US\",\"potentialAction\":[{\"@type\":\"ReadAction\",\"target\":[\"https:\\\/\\\/mmkriepas.lv\\\/en\\\/p\\\/255-40r19-u-xcent-el601-100w-xl\\\/\"]}]},{\"@type\":\"ImageObject\",\"inLanguage\":\"en-US\",\"@id\":\"https:\\\/\\\/mmkriepas.lv\\\/en\\\/p\\\/255-40r19-u-xcent-el601-100w-xl\\\/#primaryimage\",\"url\":\"https:\\\/\\\/mmkriepas.lv\\\/wp-content\\\/uploads\\\/2024\\\/04\\\/27535r20-u-xcent-el601-102w-xl-vasaras-riepas.jpg\",\"contentUrl\":\"https:\\\/\\\/mmkriepas.lv\\\/wp-content\\\/uploads\\\/2024\\\/04\\\/27535r20-u-xcent-el601-102w-xl-vasaras-riepas.jpg\",\"width\":1000,\"height\":848,\"caption\":\"MAIN\"},{\"@type\":\"BreadcrumbList\",\"@id\":\"https:\\\/\\\/mmkriepas.lv\\\/en\\\/p\\\/255-40r19-u-xcent-el601-100w-xl\\\/#breadcrumb\",\"itemListElement\":[{\"@type\":\"ListItem\",\"position\":1,\"name\":\"S\u0101kums\",\"item\":\"https:\\\/\\\/mmkriepas.lv\\\/en\\\/\"},{\"@type\":\"ListItem\",\"position\":2,\"name\":\"255\\\/40R19 U-Xcent EL601 100W XL\"}]},{\"@type\":\"WebSite\",\"@id\":\"https:\\\/\\\/mmkriepas.lv\\\/en\\\/#website\",\"url\":\"https:\\\/\\\/mmkriepas.lv\\\/en\\\/\",\"name\":\"MMK Riepas\",\"description\":\"MMK Riepas\",\"alternateName\":\"MMK Riepu Serviss\",\"potentialAction\":[{\"@type\":\"SearchAction\",\"target\":{\"@type\":\"EntryPoint\",\"urlTemplate\":\"https:\\\/\\\/mmkriepas.lv\\\/en\\\/?s={search_term_string}\"},\"query-input\":{\"@type\":\"PropertyValueSpecification\",\"valueRequired\":true,\"valueName\":\"search_term_string\"}}],\"inLanguage\":\"en-US\"},{\"@type\":\"ImageObject\",\"inLanguage\":\"en-US\",\"@id\":\"https:\\\/\\\/mmkriepas.lv\\\/en\\\/p\\\/255-40r19-u-xcent-el601-100w-xl\\\/#local-main-organization-logo\",\"url\":\"\",\"contentUrl\":\"\",\"caption\":\"MMK Riepas\"}]}<\/script>\n<meta property=\"product:brand\" content=\"U-Xcent EL601\" \/>\n<meta property=\"product:price:amount\" content=\"59.00\" \/>\n<meta property=\"product:price:currency\" content=\"EUR\" \/>\n<meta property=\"og:availability\" content=\"out of stock\" \/>\n<meta property=\"product:availability\" content=\"out of stock\" \/>\n<meta property=\"product:retailer_item_id\" content=\"TS2554019UXCEN-22126\" \/>\n<meta property=\"product:condition\" content=\"new\" \/>\n<!-- \/ Yoast SEO Premium plugin. -->","yoast_head_json":{"title":"255\/40R19 U-Xcent EL601 100W XL &#8226; MMK Riepas","robots":{"index":"index","follow":"follow","max-snippet":"max-snippet:-1","max-image-preview":"max-image-preview:large","max-video-preview":"max-video-preview:-1"},"canonical":"https:\/\/mmkriepas.lv\/en\/p\/255-40r19-u-xcent-el601-100w-xl\/","og_locale":"en_US","og_type":"article","og_title":"255\/40R19 U-Xcent EL601 100W XL","og_description":"U-Xcent EL601 - sportiska tipa vasaras riepas, kas izce\u013cas ar l\u012bdzsvaru starp dro\u0161\u012bbu uz sausa un slapja asfalta, augstu veiktsp\u0113ju un brauk\u0161anas komfortu. \u0160im riepu modelim rakstur\u012bga lieliska manevr\u0113tsp\u0113ja, stabila vad\u0101m\u012bba un efekt\u012bvas bremz\u0113\u0161anas \u012bpa\u0161\u012bbas.","og_url":"https:\/\/mmkriepas.lv\/en\/p\/255-40r19-u-xcent-el601-100w-xl\/","og_site_name":"MMK Riepas","article_publisher":"https:\/\/www.facebook.com\/mmkserviss\/","article_modified_time":"2025-02-12T22:02:03+00:00","og_image":[{"width":1000,"height":848,"url":"https:\/\/mmkriepas.lv\/wp-content\/uploads\/2024\/04\/27535r20-u-xcent-el601-102w-xl-vasaras-riepas.jpg","type":"image\/jpeg"}],"twitter_card":"summary_large_image","twitter_misc":{"Price":"&euro;59.00","Availability":"Out of stock"},"schema":{"@context":"https:\/\/schema.org","@graph":[{"@type":"WebPage","@id":"https:\/\/mmkriepas.lv\/en\/p\/255-40r19-u-xcent-el601-100w-xl\/","url":"https:\/\/mmkriepas.lv\/en\/p\/255-40r19-u-xcent-el601-100w-xl\/","name":"255\/40R19 U-Xcent EL601 100W XL &#8226; MMK Riepas","isPartOf":{"@id":"https:\/\/mmkriepas.lv\/en\/#website"},"primaryImageOfPage":{"@id":"https:\/\/mmkriepas.lv\/en\/p\/255-40r19-u-xcent-el601-100w-xl\/#primaryimage"},"image":{"@id":"https:\/\/mmkriepas.lv\/en\/p\/255-40r19-u-xcent-el601-100w-xl\/#primaryimage"},"thumbnailUrl":"https:\/\/mmkriepas.lv\/wp-content\/uploads\/2024\/04\/27535r20-u-xcent-el601-102w-xl-vasaras-riepas.jpg","datePublished":"2023-03-15T08:34:12+00:00","dateModified":"2025-02-12T22:02:03+00:00","breadcrumb":{"@id":"https:\/\/mmkriepas.lv\/en\/p\/255-40r19-u-xcent-el601-100w-xl\/#breadcrumb"},"inLanguage":"en-US","potentialAction":[{"@type":"ReadAction","target":["https:\/\/mmkriepas.lv\/en\/p\/255-40r19-u-xcent-el601-100w-xl\/"]}]},{"@type":"ImageObject","inLanguage":"en-US","@id":"https:\/\/mmkriepas.lv\/en\/p\/255-40r19-u-xcent-el601-100w-xl\/#primaryimage","url":"https:\/\/mmkriepas.lv\/wp-content\/uploads\/2024\/04\/27535r20-u-xcent-el601-102w-xl-vasaras-riepas.jpg","contentUrl":"https:\/\/mmkriepas.lv\/wp-content\/uploads\/2024\/04\/27535r20-u-xcent-el601-102w-xl-vasaras-riepas.jpg","width":1000,"height":848,"caption":"MAIN"},{"@type":"BreadcrumbList","@id":"https:\/\/mmkriepas.lv\/en\/p\/255-40r19-u-xcent-el601-100w-xl\/#breadcrumb","itemListElement":[{"@type":"ListItem","position":1,"name":"S\u0101kums","item":"https:\/\/mmkriepas.lv\/en\/"},{"@type":"ListItem","position":2,"name":"255\/40R19 U-Xcent EL601 100W XL"}]},{"@type":"WebSite","@id":"https:\/\/mmkriepas.lv\/en\/#website","url":"https:\/\/mmkriepas.lv\/en\/","name":"MMK Riepas","description":"MMK Riepas","alternateName":"MMK Riepu Serviss","potentialAction":[{"@type":"SearchAction","target":{"@type":"EntryPoint","urlTemplate":"https:\/\/mmkriepas.lv\/en\/?s={search_term_string}"},"query-input":{"@type":"PropertyValueSpecification","valueRequired":true,"valueName":"search_term_string"}}],"inLanguage":"en-US"},{"@type":"ImageObject","inLanguage":"en-US","@id":"https:\/\/mmkriepas.lv\/en\/p\/255-40r19-u-xcent-el601-100w-xl\/#local-main-organization-logo","url":"","contentUrl":"","caption":"MMK Riepas"}]},"product_brand":"U-Xcent EL601","product_price_amount":"59.00","product_price_currency":"EUR","og_availability":"out of stock","product_availability":"out of stock","product_retailer_item_id":"TS2554019UXCEN-22126","product_condition":"new"},"_links":{"self":[{"href":"https:\/\/mmkriepas.lv\/en\/wp-json\/wp\/v2\/product\/671571","targetHints":{"allow":["GET"]}}],"collection":[{"href":"https:\/\/mmkriepas.lv\/en\/wp-json\/wp\/v2\/product"}],"about":[{"href":"https:\/\/mmkriepas.lv\/en\/wp-json\/wp\/v2\/types\/product"}],"wp:featuredmedia":[{"embeddable":true,"href":"https:\/\/mmkriepas.lv\/en\/wp-json\/wp\/v2\/media\/894378"}],"wp:attachment":[{"href":"https:\/\/mmkriepas.lv\/en\/wp-json\/wp\/v2\/media?parent=671571"}],"wp:term":[{"taxonomy":"product_brand","embeddable":true,"href":"https:\/\/mmkriepas.lv\/en\/wp-json\/wp\/v2\/product_brand?post=671571"},{"taxonomy":"product_cat","embeddable":true,"href":"https:\/\/mmkriepas.lv\/en\/wp-json\/wp\/v2\/product_cat?post=671571"},{"taxonomy":"product_tag","embeddable":true,"href":"https:\/\/mmkriepas.lv\/en\/wp-json\/wp\/v2\/product_tag?post=671571"}],"curies":[{"name":"wp","href":"https:\/\/api.w.org\/{rel}","templated":true}]}}