{"id":6715,"date":"2017-02-11T09:42:53","date_gmt":"2017-02-11T07:42:53","guid":{"rendered":"https:\/\/mmkserviss.lv\/katalogs\/vasaras-riepas\/vasaras-riepas-21555r17-lassa-impetus-revo-2-94w\/"},"modified":"2023-07-28T13:22:53","modified_gmt":"2023-07-28T10:22:53","slug":"vasaras-riepas-21555r17-lassa-impetus-revo-2-94w","status":"publish","type":"product","link":"https:\/\/mmkriepas.lv\/en\/p\/vasaras-riepas-21555r17-lassa-impetus-revo-2-94w\/","title":{"rendered":"215\/55R17 Lassa Impetus Revo 2+ 94W (Bridgestone)"},"content":{"rendered":"<h2>Vasaras riepas\u00a0Lassa Impetus Revo 2+<\/h2>\n<p>&nbsp;<\/p>\n<p>Riepu ra\u017eot\u0101js:<strong> Lassa <\/strong>(pieder Bridgestone (pasaul\u0113 liel\u0101kais riepu ra\u017eot\u0101js (Jap\u0101na)) un Brisa\u00a0Sabanci korpor\u0101cijai)<\/p>\n<p>Riepu modelis:<strong> Impetus Revo 2+ <\/strong>(iepriek\u0161 zin\u0101ms k\u0101 Bridgestone Turanza ER300 modelis)<\/p>\n<p>Jap\u0101\u0146u tehnolo\u0123ijas!<\/p>\n<p><strong>MMK Serviss nov\u0113rt\u0113jums:<\/strong>\u00a0<em>\u201dAugst\u0101k\u0101s kvalit\u0101tes vasaras riepas par \u013coti labu cenu. Kvalit\u0101te daudz augst\u0101ka par samaks\u0101to naudu\u201d.<\/em><\/p>\n<p>MMK Serviss pied\u0101v\u0101 augstas klases vasaras riepas Lassa. Lassa ir Bridgestone grupas riepu ra\u017eot\u0101js ar vair\u0101k k\u0101 50 gadu ra\u017eo\u0161anas pieredzi. Teicamu kvalit\u0101ti nodro\u0161ina jaun\u0101k\u0101s Bridgestone ra\u017eo\u0161anas tehnolo\u0123ijs.\u00a0K\u0101 ra\u017eot\u0101js klasific\u0113j\u0101s vid\u0113j\u0101 klas\u0113 kop\u0101 ar Hankook, Falken, Kumho, Yokohama u. c. ta\u010du faktiski kvalit\u0101tes zi\u0146\u0101 neatpaliek no Premium klases Bridgestone, Michelin, Continental utt. Augstas kvalit\u0101tes riepas par vid\u0113j\u0101s klases riepu cenu.<ins class=\"copy_element\"><\/ins><\/p>\n<p><strong>Lassa Impetus Revo 2+<\/strong> \u012bpa\u0161\u012bbas.<\/p>\n<p>(sp\u0113c\u012bg\u0101k\u0101 \u0161\u012b mode\u013ca \u012bpa\u0161\u012bba\u00a0&#8211; veiksp\u0113ja un augsta nodilum iztur\u012bba)<\/p>\n<p>+ jaun\u0101k\u0101s Bridgestone tehnolo\u0123ijas (uzlabots Bridgestone Turanza ER 300)<br \/>\n+ degvielas <strong>ekonomija<\/strong>, \u013coti zema rites pretest\u012bba<br \/>\n+ \u013coti labi testu rezult\u0101ti<br \/>\n<ins class=\"copy_element\"><\/ins>+ \u012bpa\u0161a tehnolo\u0123ija, kas ne\u013cauj riepai uzsilt, l\u012bdz ar to samazin\u0101s dilst\u012bba un paildzin\u0101s riepas m\u016b\u017es<br \/>\n+ dinamiska un dro\u0161a vad\u0101m\u012bb\u0101 gan uz sausa, gan mitra seguma<br \/>\n+ \u012bss bremz\u0113\u0161anas ce\u013c\u0161 ar\u012b uz slapja ce\u013ca seguma<br \/>\n+ augsta notur\u012bba pret akvaplan\u0113\u0161anu<br \/>\n+ iztur\u012bgi borti<br \/>\n+ disku aizsargamlas<br \/>\n+ prec\u012bza reakcija uz st\u016bres kust\u012bb\u0101m<br \/>\n+ stabilit\u0101te pagriezienos un braucot pa nel\u012bzenu ce\u013ca segumu<br \/>\n+ \u013coti klusas riepas<br \/>\n+ garantija<\/p>\n<p>&nbsp;<\/p>\n<p><strong>MMK Serviss \u012bpa\u0161i rekomend\u0113 \u0161o ra\u017eot\u0101ju un modeli!<\/strong><em> Premium kvalit\u0101te par vid\u0113j\u0101s klases cenu!<\/em><\/p>\n","protected":false},"excerpt":{"rendered":"<p>Vasaras riepas\u00a0Lassa Impetus Revo 2+ &nbsp; Riepu ra\u017eot\u0101js: Lassa (pieder Bridgestone (pasaul\u0113 liel\u0101kais riepu ra\u017eot\u0101js (Jap\u0101na)) un Brisa\u00a0Sabanci korpor\u0101cijai) Riepu modelis: Impetus Revo 2+ (iepriek\u0161 zin\u0101ms k\u0101 Bridgestone Turanza ER300<\/p>\n","protected":false},"featured_media":6693,"template":"","meta":{"_acf_changed":false,"ngg_post_thumbnail":0},"product_brand":[],"product_cat":[46],"product_tag":[],"class_list":{"0":"post-6715","1":"product","2":"type-product","3":"status-publish","4":"has-post-thumbnail","6":"product_cat-vasaras-riepas","8":"first","9":"instock","10":"sale","11":"taxable","12":"shipping-taxable","13":"product-type-simple"},"acf":[],"yoast_head":"<!-- This site is optimized with the Yoast SEO Premium plugin v22.6 (Yoast SEO v27.3) - https:\/\/yoast.com\/product\/yoast-seo-premium-wordpress\/ -->\n<title>215\/55R17 Lassa Impetus Revo 2+ 94W (Bridgestone) &#8226; MMK Riepas<\/title>\n<meta name=\"robots\" content=\"index, follow, max-snippet:-1, max-image-preview:large, max-video-preview:-1\" \/>\n<link rel=\"canonical\" href=\"https:\/\/mmkriepas.lv\/en\/p\/vasaras-riepas-21555r17-lassa-impetus-revo-2-94w\/\" \/>\n<meta property=\"og:locale\" content=\"en_US\" \/>\n<meta property=\"og:type\" content=\"article\" \/>\n<meta property=\"og:title\" content=\"215\/55R17 Lassa Impetus Revo 2+ 94W (Bridgestone)\" \/>\n<meta property=\"og:description\" content=\"Vasaras riepas\u00a0Lassa Impetus Revo 2+ &nbsp; Riepu ra\u017eot\u0101js: Lassa (pieder Bridgestone (pasaul\u0113 liel\u0101kais riepu ra\u017eot\u0101js (Jap\u0101na)) un Brisa\u00a0Sabanci korpor\u0101cijai) Riepu modelis: Impetus Revo 2+ (iepriek\u0161 zin\u0101ms k\u0101 Bridgestone Turanza ER300\" \/>\n<meta property=\"og:url\" content=\"https:\/\/mmkriepas.lv\/en\/p\/vasaras-riepas-21555r17-lassa-impetus-revo-2-94w\/\" \/>\n<meta property=\"og:site_name\" content=\"MMK Riepas\" \/>\n<meta property=\"article:publisher\" content=\"https:\/\/www.facebook.com\/mmkserviss\/\" \/>\n<meta property=\"article:modified_time\" content=\"2023-07-28T10:22:53+00:00\" \/>\n<meta property=\"og:image\" content=\"https:\/\/mmkriepas.lv\/wp-content\/uploads\/2017\/01\/22560r16-lassa-impetus-revo-2-98v-vasaras-riepas.jpg\" \/>\n\t<meta property=\"og:image:width\" content=\"1920\" \/>\n\t<meta property=\"og:image:height\" content=\"1268\" \/>\n\t<meta property=\"og:image:type\" content=\"image\/jpeg\" \/>\n<meta name=\"twitter:card\" content=\"summary_large_image\" \/>\n<meta name=\"twitter:label1\" content=\"Price\" \/>\n\t<meta name=\"twitter:data1\" content=\"&euro;70.00\" \/>\n\t<meta name=\"twitter:label2\" content=\"Availability\" \/>\n\t<meta name=\"twitter:data2\" content=\"In stock\" \/>\n<script type=\"application\/ld+json\" class=\"yoast-schema-graph\">{\"@context\":\"https:\\\/\\\/schema.org\",\"@graph\":[{\"@type\":\"WebPage\",\"@id\":\"https:\\\/\\\/mmkriepas.lv\\\/en\\\/p\\\/vasaras-riepas-21555r17-lassa-impetus-revo-2-94w\\\/\",\"url\":\"https:\\\/\\\/mmkriepas.lv\\\/en\\\/p\\\/vasaras-riepas-21555r17-lassa-impetus-revo-2-94w\\\/\",\"name\":\"215\\\/55R17 Lassa Impetus Revo 2+ 94W (Bridgestone) &#8226; MMK Riepas\",\"isPartOf\":{\"@id\":\"https:\\\/\\\/mmkriepas.lv\\\/en\\\/#website\"},\"primaryImageOfPage\":{\"@id\":\"https:\\\/\\\/mmkriepas.lv\\\/en\\\/p\\\/vasaras-riepas-21555r17-lassa-impetus-revo-2-94w\\\/#primaryimage\"},\"image\":{\"@id\":\"https:\\\/\\\/mmkriepas.lv\\\/en\\\/p\\\/vasaras-riepas-21555r17-lassa-impetus-revo-2-94w\\\/#primaryimage\"},\"thumbnailUrl\":\"https:\\\/\\\/mmkriepas.lv\\\/wp-content\\\/uploads\\\/2017\\\/01\\\/22560r16-lassa-impetus-revo-2-98v-vasaras-riepas.jpg\",\"datePublished\":\"2017-02-11T07:42:53+00:00\",\"dateModified\":\"2023-07-28T10:22:53+00:00\",\"breadcrumb\":{\"@id\":\"https:\\\/\\\/mmkriepas.lv\\\/en\\\/p\\\/vasaras-riepas-21555r17-lassa-impetus-revo-2-94w\\\/#breadcrumb\"},\"inLanguage\":\"en-US\",\"potentialAction\":[{\"@type\":\"ReadAction\",\"target\":[\"https:\\\/\\\/mmkriepas.lv\\\/en\\\/p\\\/vasaras-riepas-21555r17-lassa-impetus-revo-2-94w\\\/\"]}]},{\"@type\":\"ImageObject\",\"inLanguage\":\"en-US\",\"@id\":\"https:\\\/\\\/mmkriepas.lv\\\/en\\\/p\\\/vasaras-riepas-21555r17-lassa-impetus-revo-2-94w\\\/#primaryimage\",\"url\":\"https:\\\/\\\/mmkriepas.lv\\\/wp-content\\\/uploads\\\/2017\\\/01\\\/22560r16-lassa-impetus-revo-2-98v-vasaras-riepas.jpg\",\"contentUrl\":\"https:\\\/\\\/mmkriepas.lv\\\/wp-content\\\/uploads\\\/2017\\\/01\\\/22560r16-lassa-impetus-revo-2-98v-vasaras-riepas.jpg\",\"width\":1920,\"height\":1268,\"caption\":\"225\\\/60R16 Lassa Impetus Revo 2+ 98V - Vasaras riepas\"},{\"@type\":\"BreadcrumbList\",\"@id\":\"https:\\\/\\\/mmkriepas.lv\\\/en\\\/p\\\/vasaras-riepas-21555r17-lassa-impetus-revo-2-94w\\\/#breadcrumb\",\"itemListElement\":[{\"@type\":\"ListItem\",\"position\":1,\"name\":\"S\u0101kums\",\"item\":\"https:\\\/\\\/mmkriepas.lv\\\/en\\\/\"},{\"@type\":\"ListItem\",\"position\":2,\"name\":\"215\\\/55R17 Lassa Impetus Revo 2+ 94W (Bridgestone)\"}]},{\"@type\":\"WebSite\",\"@id\":\"https:\\\/\\\/mmkriepas.lv\\\/en\\\/#website\",\"url\":\"https:\\\/\\\/mmkriepas.lv\\\/en\\\/\",\"name\":\"MMK Riepas\",\"description\":\"MMK Riepas\",\"alternateName\":\"MMK Riepu Serviss\",\"potentialAction\":[{\"@type\":\"SearchAction\",\"target\":{\"@type\":\"EntryPoint\",\"urlTemplate\":\"https:\\\/\\\/mmkriepas.lv\\\/en\\\/?s={search_term_string}\"},\"query-input\":{\"@type\":\"PropertyValueSpecification\",\"valueRequired\":true,\"valueName\":\"search_term_string\"}}],\"inLanguage\":\"en-US\"},{\"@type\":\"ImageObject\",\"inLanguage\":\"en-US\",\"@id\":\"https:\\\/\\\/mmkriepas.lv\\\/en\\\/p\\\/vasaras-riepas-21555r17-lassa-impetus-revo-2-94w\\\/#local-main-organization-logo\",\"url\":\"\",\"contentUrl\":\"\",\"caption\":\"MMK Riepas\"}]}<\/script>\n<meta property=\"product:brand\" content=\"Lassa Impetus Revo2+\" \/>\n<meta property=\"product:price:amount\" content=\"70.00\" \/>\n<meta property=\"product:price:currency\" content=\"EUR\" \/>\n<meta property=\"og:availability\" content=\"instock\" \/>\n<meta property=\"product:availability\" content=\"instock\" \/>\n<meta property=\"product:condition\" content=\"new\" \/>\n<!-- \/ Yoast SEO Premium plugin. -->","yoast_head_json":{"title":"215\/55R17 Lassa Impetus Revo 2+ 94W (Bridgestone) &#8226; MMK Riepas","robots":{"index":"index","follow":"follow","max-snippet":"max-snippet:-1","max-image-preview":"max-image-preview:large","max-video-preview":"max-video-preview:-1"},"canonical":"https:\/\/mmkriepas.lv\/en\/p\/vasaras-riepas-21555r17-lassa-impetus-revo-2-94w\/","og_locale":"en_US","og_type":"article","og_title":"215\/55R17 Lassa Impetus Revo 2+ 94W (Bridgestone)","og_description":"Vasaras riepas\u00a0Lassa Impetus Revo 2+ &nbsp; Riepu ra\u017eot\u0101js: Lassa (pieder Bridgestone (pasaul\u0113 liel\u0101kais riepu ra\u017eot\u0101js (Jap\u0101na)) un Brisa\u00a0Sabanci korpor\u0101cijai) Riepu modelis: Impetus Revo 2+ (iepriek\u0161 zin\u0101ms k\u0101 Bridgestone Turanza ER300","og_url":"https:\/\/mmkriepas.lv\/en\/p\/vasaras-riepas-21555r17-lassa-impetus-revo-2-94w\/","og_site_name":"MMK Riepas","article_publisher":"https:\/\/www.facebook.com\/mmkserviss\/","article_modified_time":"2023-07-28T10:22:53+00:00","og_image":[{"width":1920,"height":1268,"url":"https:\/\/mmkriepas.lv\/wp-content\/uploads\/2017\/01\/22560r16-lassa-impetus-revo-2-98v-vasaras-riepas.jpg","type":"image\/jpeg"}],"twitter_card":"summary_large_image","twitter_misc":{"Price":"&euro;70.00","Availability":"In stock"},"schema":{"@context":"https:\/\/schema.org","@graph":[{"@type":"WebPage","@id":"https:\/\/mmkriepas.lv\/en\/p\/vasaras-riepas-21555r17-lassa-impetus-revo-2-94w\/","url":"https:\/\/mmkriepas.lv\/en\/p\/vasaras-riepas-21555r17-lassa-impetus-revo-2-94w\/","name":"215\/55R17 Lassa Impetus Revo 2+ 94W (Bridgestone) &#8226; MMK Riepas","isPartOf":{"@id":"https:\/\/mmkriepas.lv\/en\/#website"},"primaryImageOfPage":{"@id":"https:\/\/mmkriepas.lv\/en\/p\/vasaras-riepas-21555r17-lassa-impetus-revo-2-94w\/#primaryimage"},"image":{"@id":"https:\/\/mmkriepas.lv\/en\/p\/vasaras-riepas-21555r17-lassa-impetus-revo-2-94w\/#primaryimage"},"thumbnailUrl":"https:\/\/mmkriepas.lv\/wp-content\/uploads\/2017\/01\/22560r16-lassa-impetus-revo-2-98v-vasaras-riepas.jpg","datePublished":"2017-02-11T07:42:53+00:00","dateModified":"2023-07-28T10:22:53+00:00","breadcrumb":{"@id":"https:\/\/mmkriepas.lv\/en\/p\/vasaras-riepas-21555r17-lassa-impetus-revo-2-94w\/#breadcrumb"},"inLanguage":"en-US","potentialAction":[{"@type":"ReadAction","target":["https:\/\/mmkriepas.lv\/en\/p\/vasaras-riepas-21555r17-lassa-impetus-revo-2-94w\/"]}]},{"@type":"ImageObject","inLanguage":"en-US","@id":"https:\/\/mmkriepas.lv\/en\/p\/vasaras-riepas-21555r17-lassa-impetus-revo-2-94w\/#primaryimage","url":"https:\/\/mmkriepas.lv\/wp-content\/uploads\/2017\/01\/22560r16-lassa-impetus-revo-2-98v-vasaras-riepas.jpg","contentUrl":"https:\/\/mmkriepas.lv\/wp-content\/uploads\/2017\/01\/22560r16-lassa-impetus-revo-2-98v-vasaras-riepas.jpg","width":1920,"height":1268,"caption":"225\/60R16 Lassa Impetus Revo 2+ 98V - Vasaras riepas"},{"@type":"BreadcrumbList","@id":"https:\/\/mmkriepas.lv\/en\/p\/vasaras-riepas-21555r17-lassa-impetus-revo-2-94w\/#breadcrumb","itemListElement":[{"@type":"ListItem","position":1,"name":"S\u0101kums","item":"https:\/\/mmkriepas.lv\/en\/"},{"@type":"ListItem","position":2,"name":"215\/55R17 Lassa Impetus Revo 2+ 94W (Bridgestone)"}]},{"@type":"WebSite","@id":"https:\/\/mmkriepas.lv\/en\/#website","url":"https:\/\/mmkriepas.lv\/en\/","name":"MMK Riepas","description":"MMK Riepas","alternateName":"MMK Riepu Serviss","potentialAction":[{"@type":"SearchAction","target":{"@type":"EntryPoint","urlTemplate":"https:\/\/mmkriepas.lv\/en\/?s={search_term_string}"},"query-input":{"@type":"PropertyValueSpecification","valueRequired":true,"valueName":"search_term_string"}}],"inLanguage":"en-US"},{"@type":"ImageObject","inLanguage":"en-US","@id":"https:\/\/mmkriepas.lv\/en\/p\/vasaras-riepas-21555r17-lassa-impetus-revo-2-94w\/#local-main-organization-logo","url":"","contentUrl":"","caption":"MMK Riepas"}]},"product_brand":"Lassa Impetus Revo2+","product_price_amount":"70.00","product_price_currency":"EUR","og_availability":"instock","product_availability":"instock","product_condition":"new"},"_links":{"self":[{"href":"https:\/\/mmkriepas.lv\/en\/wp-json\/wp\/v2\/product\/6715","targetHints":{"allow":["GET"]}}],"collection":[{"href":"https:\/\/mmkriepas.lv\/en\/wp-json\/wp\/v2\/product"}],"about":[{"href":"https:\/\/mmkriepas.lv\/en\/wp-json\/wp\/v2\/types\/product"}],"wp:featuredmedia":[{"embeddable":true,"href":"https:\/\/mmkriepas.lv\/en\/wp-json\/wp\/v2\/media\/6693"}],"wp:attachment":[{"href":"https:\/\/mmkriepas.lv\/en\/wp-json\/wp\/v2\/media?parent=6715"}],"wp:term":[{"taxonomy":"product_brand","embeddable":true,"href":"https:\/\/mmkriepas.lv\/en\/wp-json\/wp\/v2\/product_brand?post=6715"},{"taxonomy":"product_cat","embeddable":true,"href":"https:\/\/mmkriepas.lv\/en\/wp-json\/wp\/v2\/product_cat?post=6715"},{"taxonomy":"product_tag","embeddable":true,"href":"https:\/\/mmkriepas.lv\/en\/wp-json\/wp\/v2\/product_tag?post=6715"}],"curies":[{"name":"wp","href":"https:\/\/api.w.org\/{rel}","templated":true}]}}